{"id":97,"date":"2024-07-26T10:05:48","date_gmt":"2024-07-26T14:05:48","guid":{"rendered":"https:\/\/purecosmetics-shop.com\/accueil\/?post_type=product&#038;p=97"},"modified":"2026-04-20T04:58:10","modified_gmt":"2026-04-20T08:58:10","slug":"round-lab-1025-dokdo-cleansing-oil","status":"publish","type":"product","link":"https:\/\/purecosmetics-shop.com\/accueil\/produit\/round-lab-1025-dokdo-cleansing-oil\/","title":{"rendered":"1025 Dokdo Cleansing Oil"},"content":{"rendered":"<p>L&rsquo;huile nettoyante l\u00e9g\u00e8re est sp\u00e9cialement formul\u00e9e pour offrir un nettoyage en profondeur tout en maintenant une hydratation optimale de la peau. Que ce soit pour \u00e9liminer le maquillage r\u00e9sistant, le s\u00e9bum accumul\u00e9 ou les points noirs tenaces, cette huile est une solution efficace.<\/p>\n<h2>\u00c9limination du Maquillage et des Impuret\u00e9s<\/h2>\n<p>Gr\u00e2ce \u00e0 sa texture l\u00e9g\u00e8re, cette huile nettoyante p\u00e9n\u00e8tre facilement dans les pores pour d\u00e9loger le maquillage et la poussi\u00e8re fine. Elle agit en profondeur pour dissoudre et \u00e9liminer les impuret\u00e9s, laissant la peau propre et revitalis\u00e9e.<\/p>\n<h2>Hydratation et Soin de la Peau<\/h2>\n<p>En plus de nettoyer, cette huile apporte une hydratation essentielle. Contrairement aux produits nettoyants agressifs, elle conserve l&rsquo;\u00e9quilibre naturel de la peau, \u00e9vitant ainsi la s\u00e9cheresse et les irritations. C&rsquo;est l&rsquo;alli\u00e9e id\u00e9ale pour une peau douce et \u00e9clatante.<\/p>\n","protected":false},"excerpt":{"rendered":"<p>Une huile nettoyante l\u00e9g\u00e8re pour aider \u00e0 \u00e9liminer le maquillage, le s\u00e9bum, les points noirs, la poussi\u00e8re fine et la crasse pour un nettoyage et une hydratation en profondeur.<\/p>\n","protected":false},"featured_media":6009,"comment_status":"open","ping_status":"closed","template":"","meta":[],"product_brand":[178],"product_cat":[108,109,112,18,115,116,117],"product_tag":[],"class_list":{"0":"post-97","1":"product","2":"type-product","3":"status-publish","4":"has-post-thumbnail","6":"product_brand-round-lab","7":"product_cat-anti-imperfections-et-pores","8":"product_cat-anti-rougeurs-et-irritations","9":"product_cat-hydratation","10":"product_cat-nettoyant-visage","11":"product_cat-peau-grasse","12":"product_cat-peau-mixte","13":"product_cat-peau-normale","15":"first","16":"instock","17":"shipping-taxable","18":"purchasable","19":"product-type-simple"},"yoast_head":"<!-- This site is optimized with the Yoast SEO plugin v27.4 - https:\/\/yoast.com\/product\/yoast-seo-wordpress\/ -->\n<title>1025 Dokdo Cleansing Oil - Pure Cosmetics<\/title>\n<meta name=\"description\" content=\"Une huile nettoyante l\u00e9g\u00e8re pour aider \u00e0 \u00e9liminer le maquillage, le s\u00e9bum, les points noirs, la poussi\u00e8re fine et la crasse pour un nettoyage et une hydratation en profondeur.\" \/>\n<meta name=\"robots\" content=\"index, follow, max-snippet:-1, max-image-preview:large, max-video-preview:-1\" \/>\n<link rel=\"canonical\" href=\"https:\/\/purecosmetics-shop.com\/accueil\/produit\/round-lab-1025-dokdo-cleansing-oil\/\" \/>\n<meta property=\"og:locale\" content=\"fr_FR\" \/>\n<meta property=\"og:type\" content=\"article\" \/>\n<meta property=\"og:title\" content=\"1025 Dokdo Cleansing Oil - Pure Cosmetics\" \/>\n<meta property=\"og:description\" content=\"Une huile nettoyante l\u00e9g\u00e8re pour aider \u00e0 \u00e9liminer le maquillage, le s\u00e9bum, les points noirs, la poussi\u00e8re fine et la crasse pour un nettoyage et une hydratation en profondeur.\" \/>\n<meta property=\"og:url\" content=\"https:\/\/purecosmetics-shop.com\/accueil\/produit\/round-lab-1025-dokdo-cleansing-oil\/\" \/>\n<meta property=\"og:site_name\" content=\"Pure Cosmetics\" \/>\n<meta property=\"article:modified_time\" content=\"2026-04-20T08:58:10+00:00\" \/>\n<meta property=\"og:image\" content=\"https:\/\/purecosmetics-shop.com\/wp-content\/uploads\/2024\/07\/ROUNDLAB_1025_Dokdo_Cleansing_oil_.webp\" \/>\n\t<meta property=\"og:image:width\" content=\"990\" \/>\n\t<meta property=\"og:image:height\" content=\"990\" \/>\n\t<meta property=\"og:image:type\" content=\"image\/webp\" \/>\n<meta name=\"twitter:card\" content=\"summary_large_image\" \/>\n<meta name=\"twitter:label1\" content=\"Dur\u00e9e de lecture estim\u00e9e\" \/>\n\t<meta name=\"twitter:data1\" content=\"1 minute\" \/>\n<script type=\"application\/ld+json\" class=\"yoast-schema-graph\">{\"@context\":\"https:\\\/\\\/schema.org\",\"@graph\":[{\"@type\":\"WebPage\",\"@id\":\"https:\\\/\\\/purecosmetics-shop.com\\\/accueil\\\/produit\\\/round-lab-1025-dokdo-cleansing-oil\\\/\",\"url\":\"https:\\\/\\\/purecosmetics-shop.com\\\/accueil\\\/produit\\\/round-lab-1025-dokdo-cleansing-oil\\\/\",\"name\":\"1025 Dokdo Cleansing Oil - Pure Cosmetics\",\"isPartOf\":{\"@id\":\"https:\\\/\\\/purecosmetics-shop.com\\\/accueil\\\/#website\"},\"primaryImageOfPage\":{\"@id\":\"https:\\\/\\\/purecosmetics-shop.com\\\/accueil\\\/produit\\\/round-lab-1025-dokdo-cleansing-oil\\\/#primaryimage\"},\"image\":{\"@id\":\"https:\\\/\\\/purecosmetics-shop.com\\\/accueil\\\/produit\\\/round-lab-1025-dokdo-cleansing-oil\\\/#primaryimage\"},\"thumbnailUrl\":\"https:\\\/\\\/purecosmetics-shop.com\\\/wp-content\\\/uploads\\\/2024\\\/07\\\/ROUNDLAB_1025_Dokdo_Cleansing_oil_.webp\",\"datePublished\":\"2024-07-26T14:05:48+00:00\",\"dateModified\":\"2026-04-20T08:58:10+00:00\",\"description\":\"Une huile nettoyante l\u00e9g\u00e8re pour aider \u00e0 \u00e9liminer le maquillage, le s\u00e9bum, les points noirs, la poussi\u00e8re fine et la crasse pour un nettoyage et une hydratation en profondeur.\",\"breadcrumb\":{\"@id\":\"https:\\\/\\\/purecosmetics-shop.com\\\/accueil\\\/produit\\\/round-lab-1025-dokdo-cleansing-oil\\\/#breadcrumb\"},\"inLanguage\":\"fr-FR\",\"potentialAction\":[{\"@type\":\"ReadAction\",\"target\":[\"https:\\\/\\\/purecosmetics-shop.com\\\/accueil\\\/produit\\\/round-lab-1025-dokdo-cleansing-oil\\\/\"]}]},{\"@type\":\"ImageObject\",\"inLanguage\":\"fr-FR\",\"@id\":\"https:\\\/\\\/purecosmetics-shop.com\\\/accueil\\\/produit\\\/round-lab-1025-dokdo-cleansing-oil\\\/#primaryimage\",\"url\":\"https:\\\/\\\/purecosmetics-shop.com\\\/wp-content\\\/uploads\\\/2024\\\/07\\\/ROUNDLAB_1025_Dokdo_Cleansing_oil_.webp\",\"contentUrl\":\"https:\\\/\\\/purecosmetics-shop.com\\\/wp-content\\\/uploads\\\/2024\\\/07\\\/ROUNDLAB_1025_Dokdo_Cleansing_oil_.webp\",\"width\":990,\"height\":990},{\"@type\":\"BreadcrumbList\",\"@id\":\"https:\\\/\\\/purecosmetics-shop.com\\\/accueil\\\/produit\\\/round-lab-1025-dokdo-cleansing-oil\\\/#breadcrumb\",\"itemListElement\":[{\"@type\":\"ListItem\",\"position\":1,\"name\":\"Accueil\",\"item\":\"https:\\\/\\\/purecosmetics-shop.com\\\/accueil\\\/\"},{\"@type\":\"ListItem\",\"position\":2,\"name\":\"NOUVEAUT\u00c9S\",\"item\":\"https:\\\/\\\/purecosmetics-shop.com\\\/accueil\\\/nouveautes\\\/\"},{\"@type\":\"ListItem\",\"position\":3,\"name\":\"1025 Dokdo Cleansing Oil\"}]},{\"@type\":\"WebSite\",\"@id\":\"https:\\\/\\\/purecosmetics-shop.com\\\/accueil\\\/#website\",\"url\":\"https:\\\/\\\/purecosmetics-shop.com\\\/accueil\\\/\",\"name\":\"Pure Cosmetics\",\"description\":\"Skincare cor\u00e9enne et japonais\",\"publisher\":{\"@id\":\"https:\\\/\\\/purecosmetics-shop.com\\\/accueil\\\/#organization\"},\"potentialAction\":[{\"@type\":\"SearchAction\",\"target\":{\"@type\":\"EntryPoint\",\"urlTemplate\":\"https:\\\/\\\/purecosmetics-shop.com\\\/accueil\\\/?s={search_term_string}\"},\"query-input\":{\"@type\":\"PropertyValueSpecification\",\"valueRequired\":true,\"valueName\":\"search_term_string\"}}],\"inLanguage\":\"fr-FR\"},{\"@type\":\"Organization\",\"@id\":\"https:\\\/\\\/purecosmetics-shop.com\\\/accueil\\\/#organization\",\"name\":\"Pure Cosmetics\",\"url\":\"https:\\\/\\\/purecosmetics-shop.com\\\/accueil\\\/\",\"logo\":{\"@type\":\"ImageObject\",\"inLanguage\":\"fr-FR\",\"@id\":\"https:\\\/\\\/purecosmetics-shop.com\\\/accueil\\\/#\\\/schema\\\/logo\\\/image\\\/\",\"url\":\"https:\\\/\\\/purecosmetics-shop.com\\\/wp-content\\\/uploads\\\/2025\\\/04\\\/cropped-Pure-Cosmetics-black-2.png\",\"contentUrl\":\"https:\\\/\\\/purecosmetics-shop.com\\\/wp-content\\\/uploads\\\/2025\\\/04\\\/cropped-Pure-Cosmetics-black-2.png\",\"width\":2362,\"height\":2324,\"caption\":\"Pure Cosmetics\"},\"image\":{\"@id\":\"https:\\\/\\\/purecosmetics-shop.com\\\/accueil\\\/#\\\/schema\\\/logo\\\/image\\\/\"}}]}<\/script>\n<!-- \/ Yoast SEO plugin. -->","yoast_head_json":{"title":"1025 Dokdo Cleansing Oil - Pure Cosmetics","description":"Une huile nettoyante l\u00e9g\u00e8re pour aider \u00e0 \u00e9liminer le maquillage, le s\u00e9bum, les points noirs, la poussi\u00e8re fine et la crasse pour un nettoyage et une hydratation en profondeur.","robots":{"index":"index","follow":"follow","max-snippet":"max-snippet:-1","max-image-preview":"max-image-preview:large","max-video-preview":"max-video-preview:-1"},"canonical":"https:\/\/purecosmetics-shop.com\/accueil\/produit\/round-lab-1025-dokdo-cleansing-oil\/","og_locale":"fr_FR","og_type":"article","og_title":"1025 Dokdo Cleansing Oil - Pure Cosmetics","og_description":"Une huile nettoyante l\u00e9g\u00e8re pour aider \u00e0 \u00e9liminer le maquillage, le s\u00e9bum, les points noirs, la poussi\u00e8re fine et la crasse pour un nettoyage et une hydratation en profondeur.","og_url":"https:\/\/purecosmetics-shop.com\/accueil\/produit\/round-lab-1025-dokdo-cleansing-oil\/","og_site_name":"Pure Cosmetics","article_modified_time":"2026-04-20T08:58:10+00:00","og_image":[{"width":990,"height":990,"url":"https:\/\/purecosmetics-shop.com\/wp-content\/uploads\/2024\/07\/ROUNDLAB_1025_Dokdo_Cleansing_oil_.webp","type":"image\/webp"}],"twitter_card":"summary_large_image","twitter_misc":{"Dur\u00e9e de lecture estim\u00e9e":"1 minute"},"schema":{"@context":"https:\/\/schema.org","@graph":[{"@type":"WebPage","@id":"https:\/\/purecosmetics-shop.com\/accueil\/produit\/round-lab-1025-dokdo-cleansing-oil\/","url":"https:\/\/purecosmetics-shop.com\/accueil\/produit\/round-lab-1025-dokdo-cleansing-oil\/","name":"1025 Dokdo Cleansing Oil - Pure Cosmetics","isPartOf":{"@id":"https:\/\/purecosmetics-shop.com\/accueil\/#website"},"primaryImageOfPage":{"@id":"https:\/\/purecosmetics-shop.com\/accueil\/produit\/round-lab-1025-dokdo-cleansing-oil\/#primaryimage"},"image":{"@id":"https:\/\/purecosmetics-shop.com\/accueil\/produit\/round-lab-1025-dokdo-cleansing-oil\/#primaryimage"},"thumbnailUrl":"https:\/\/purecosmetics-shop.com\/wp-content\/uploads\/2024\/07\/ROUNDLAB_1025_Dokdo_Cleansing_oil_.webp","datePublished":"2024-07-26T14:05:48+00:00","dateModified":"2026-04-20T08:58:10+00:00","description":"Une huile nettoyante l\u00e9g\u00e8re pour aider \u00e0 \u00e9liminer le maquillage, le s\u00e9bum, les points noirs, la poussi\u00e8re fine et la crasse pour un nettoyage et une hydratation en profondeur.","breadcrumb":{"@id":"https:\/\/purecosmetics-shop.com\/accueil\/produit\/round-lab-1025-dokdo-cleansing-oil\/#breadcrumb"},"inLanguage":"fr-FR","potentialAction":[{"@type":"ReadAction","target":["https:\/\/purecosmetics-shop.com\/accueil\/produit\/round-lab-1025-dokdo-cleansing-oil\/"]}]},{"@type":"ImageObject","inLanguage":"fr-FR","@id":"https:\/\/purecosmetics-shop.com\/accueil\/produit\/round-lab-1025-dokdo-cleansing-oil\/#primaryimage","url":"https:\/\/purecosmetics-shop.com\/wp-content\/uploads\/2024\/07\/ROUNDLAB_1025_Dokdo_Cleansing_oil_.webp","contentUrl":"https:\/\/purecosmetics-shop.com\/wp-content\/uploads\/2024\/07\/ROUNDLAB_1025_Dokdo_Cleansing_oil_.webp","width":990,"height":990},{"@type":"BreadcrumbList","@id":"https:\/\/purecosmetics-shop.com\/accueil\/produit\/round-lab-1025-dokdo-cleansing-oil\/#breadcrumb","itemListElement":[{"@type":"ListItem","position":1,"name":"Accueil","item":"https:\/\/purecosmetics-shop.com\/accueil\/"},{"@type":"ListItem","position":2,"name":"NOUVEAUT\u00c9S","item":"https:\/\/purecosmetics-shop.com\/accueil\/nouveautes\/"},{"@type":"ListItem","position":3,"name":"1025 Dokdo Cleansing Oil"}]},{"@type":"WebSite","@id":"https:\/\/purecosmetics-shop.com\/accueil\/#website","url":"https:\/\/purecosmetics-shop.com\/accueil\/","name":"Pure Cosmetics","description":"Skincare cor\u00e9enne et japonais","publisher":{"@id":"https:\/\/purecosmetics-shop.com\/accueil\/#organization"},"potentialAction":[{"@type":"SearchAction","target":{"@type":"EntryPoint","urlTemplate":"https:\/\/purecosmetics-shop.com\/accueil\/?s={search_term_string}"},"query-input":{"@type":"PropertyValueSpecification","valueRequired":true,"valueName":"search_term_string"}}],"inLanguage":"fr-FR"},{"@type":"Organization","@id":"https:\/\/purecosmetics-shop.com\/accueil\/#organization","name":"Pure Cosmetics","url":"https:\/\/purecosmetics-shop.com\/accueil\/","logo":{"@type":"ImageObject","inLanguage":"fr-FR","@id":"https:\/\/purecosmetics-shop.com\/accueil\/#\/schema\/logo\/image\/","url":"https:\/\/purecosmetics-shop.com\/wp-content\/uploads\/2025\/04\/cropped-Pure-Cosmetics-black-2.png","contentUrl":"https:\/\/purecosmetics-shop.com\/wp-content\/uploads\/2025\/04\/cropped-Pure-Cosmetics-black-2.png","width":2362,"height":2324,"caption":"Pure Cosmetics"},"image":{"@id":"https:\/\/purecosmetics-shop.com\/accueil\/#\/schema\/logo\/image\/"}}]}},"jetpack_sharing_enabled":true,"_links":{"self":[{"href":"https:\/\/purecosmetics-shop.com\/accueil\/wp-json\/wp\/v2\/product\/97","targetHints":{"allow":["GET"]}}],"collection":[{"href":"https:\/\/purecosmetics-shop.com\/accueil\/wp-json\/wp\/v2\/product"}],"about":[{"href":"https:\/\/purecosmetics-shop.com\/accueil\/wp-json\/wp\/v2\/types\/product"}],"replies":[{"embeddable":true,"href":"https:\/\/purecosmetics-shop.com\/accueil\/wp-json\/wp\/v2\/comments?post=97"}],"version-history":[{"count":2,"href":"https:\/\/purecosmetics-shop.com\/accueil\/wp-json\/wp\/v2\/product\/97\/revisions"}],"predecessor-version":[{"id":2694,"href":"https:\/\/purecosmetics-shop.com\/accueil\/wp-json\/wp\/v2\/product\/97\/revisions\/2694"}],"wp:featuredmedia":[{"embeddable":true,"href":"https:\/\/purecosmetics-shop.com\/accueil\/wp-json\/wp\/v2\/media\/6009"}],"wp:attachment":[{"href":"https:\/\/purecosmetics-shop.com\/accueil\/wp-json\/wp\/v2\/media?parent=97"}],"wp:term":[{"taxonomy":"product_brand","embeddable":true,"href":"https:\/\/purecosmetics-shop.com\/accueil\/wp-json\/wp\/v2\/product_brand?post=97"},{"taxonomy":"product_cat","embeddable":true,"href":"https:\/\/purecosmetics-shop.com\/accueil\/wp-json\/wp\/v2\/product_cat?post=97"},{"taxonomy":"product_tag","embeddable":true,"href":"https:\/\/purecosmetics-shop.com\/accueil\/wp-json\/wp\/v2\/product_tag?post=97"}],"curies":[{"name":"wp","href":"https:\/\/api.w.org\/{rel}","templated":true}]}}