{"id":6818,"date":"2026-04-23T11:56:54","date_gmt":"2026-04-23T15:56:54","guid":{"rendered":"https:\/\/purecosmetics-shop.com\/accueil\/?post_type=product&#038;p=6818"},"modified":"2026-04-24T07:50:46","modified_gmt":"2026-04-24T11:50:46","slug":"ji-woo-gae-one-step-body-brightening-pad","status":"publish","type":"product","link":"https:\/\/purecosmetics-shop.com\/accueil\/produit\/ji-woo-gae-one-step-body-brightening-pad\/","title":{"rendered":"Ji Woo Gae One Step Body Brightening Pad"},"content":{"rendered":"<p>Mode d&#8217;emploi :<\/p>\n<ol>\n<li>Nettoyez d\u00e9licatement vos aisselles, genoux et coudes avec le pad.<\/li>\n<li>Tapotez doucement pour assurer une absorption compl\u00e8te des principes actifs et favoriser un effet \u00e9clatant.<\/li>\n<\/ol>\n<p>Certains types de peau peuvent \u00eatre allergiques ou sensibles \u00e0 certains ingr\u00e9dients\u00a0; veuillez donc consulter la liste compl\u00e8te des ingr\u00e9dients avant tout achat.<\/p>\n<hr \/>\n<p>Ingr\u00e9dients : Water, Butylene Glycol, Dipropylene Glycol, Glycerin, Niacinamide, 1,2-Hexanediol, Polyglyceryl-10 Laurate, Chlorphenesin, Polyglyceryl-10 Myristate, Panthenol, Citrus Aurantium Dulcis (Orange) Oil, Gluconolactone, Arginine, Disodium EDTA, Sodium Hyaluronate, Citrus Aurantium Bergamia (Bergamot) Fruit Oil, Pinus Sylvestris Leaf Oil, Tuber Magnatum Extract, Polygonum Cuspidatum Root Extract, Thuja Orientalis Leaf Extract, Camellia Sinensis Leaf Extract, Mentha Arvensis Leaf Extract, Resveratrol, Ethylhexylglycerin, Glutathione, Limonene, Linalool<\/p>\n","protected":false},"excerpt":{"rendered":"<p>Un pad tonique exfoliant pour le corps qui \u00e9limine l&rsquo;exc\u00e8s de s\u00e9bum, les impuret\u00e9s et les r\u00e9sidus accumul\u00e9s sur les zones intimes n\u00e9cessitant une attention particuli\u00e8re, comme les aisselles, les genoux et les coudes, tout en \u00e9claircissant la peau.<\/p>\n<p>&nbsp;<\/p>\n","protected":false},"featured_media":6826,"comment_status":"open","ping_status":"closed","template":"","meta":[],"product_brand":[161],"product_cat":[110,137,191,24],"product_tag":[],"class_list":{"0":"post-6818","1":"product","2":"type-product","3":"status-publish","4":"has-post-thumbnail","6":"product_brand-celimax","7":"product_cat-anti-tache-et-hyperpigmentation","8":"product_cat-bodycare","9":"product_cat-exfoliant","10":"product_cat-pad","12":"first","13":"instock","14":"shipping-taxable","15":"purchasable","16":"product-type-simple"},"yoast_head":"<!-- This site is optimized with the Yoast SEO plugin v27.4 - https:\/\/yoast.com\/product\/yoast-seo-wordpress\/ -->\n<title>Ji Woo Gae One Step Body Brightening Pad - Pure Cosmetics<\/title>\n<meta name=\"robots\" content=\"index, follow, max-snippet:-1, max-image-preview:large, max-video-preview:-1\" \/>\n<link rel=\"canonical\" href=\"https:\/\/purecosmetics-shop.com\/accueil\/produit\/ji-woo-gae-one-step-body-brightening-pad\/\" \/>\n<meta property=\"og:locale\" content=\"fr_FR\" \/>\n<meta property=\"og:type\" content=\"article\" \/>\n<meta property=\"og:title\" content=\"Ji Woo Gae One Step Body Brightening Pad - Pure Cosmetics\" \/>\n<meta property=\"og:description\" content=\"Un pad tonique exfoliant pour le corps qui \u00e9limine l&#039;exc\u00e8s de s\u00e9bum, les impuret\u00e9s et les r\u00e9sidus accumul\u00e9s sur les zones intimes n\u00e9cessitant une attention particuli\u00e8re, comme les aisselles, les genoux et les coudes, tout en \u00e9claircissant la peau.  &nbsp;\" \/>\n<meta property=\"og:url\" content=\"https:\/\/purecosmetics-shop.com\/accueil\/produit\/ji-woo-gae-one-step-body-brightening-pad\/\" \/>\n<meta property=\"og:site_name\" content=\"Pure Cosmetics\" \/>\n<meta property=\"article:modified_time\" content=\"2026-04-24T11:50:46+00:00\" \/>\n<meta property=\"og:image\" content=\"https:\/\/purecosmetics-shop.com\/wp-content\/uploads\/2026\/04\/Celimax_Ji_Woo_Gae_One_Step_Body_Brightening_Pad.jpg\" \/>\n\t<meta property=\"og:image:width\" content=\"1500\" \/>\n\t<meta property=\"og:image:height\" content=\"1500\" \/>\n\t<meta property=\"og:image:type\" content=\"image\/jpeg\" \/>\n<meta name=\"twitter:card\" content=\"summary_large_image\" \/>\n<meta name=\"twitter:label1\" content=\"Dur\u00e9e de lecture estim\u00e9e\" \/>\n\t<meta name=\"twitter:data1\" content=\"1 minute\" \/>\n<script type=\"application\/ld+json\" class=\"yoast-schema-graph\">{\"@context\":\"https:\\\/\\\/schema.org\",\"@graph\":[{\"@type\":\"WebPage\",\"@id\":\"https:\\\/\\\/purecosmetics-shop.com\\\/accueil\\\/produit\\\/ji-woo-gae-one-step-body-brightening-pad\\\/\",\"url\":\"https:\\\/\\\/purecosmetics-shop.com\\\/accueil\\\/produit\\\/ji-woo-gae-one-step-body-brightening-pad\\\/\",\"name\":\"Ji Woo Gae One Step Body Brightening Pad - Pure Cosmetics\",\"isPartOf\":{\"@id\":\"https:\\\/\\\/purecosmetics-shop.com\\\/accueil\\\/#website\"},\"primaryImageOfPage\":{\"@id\":\"https:\\\/\\\/purecosmetics-shop.com\\\/accueil\\\/produit\\\/ji-woo-gae-one-step-body-brightening-pad\\\/#primaryimage\"},\"image\":{\"@id\":\"https:\\\/\\\/purecosmetics-shop.com\\\/accueil\\\/produit\\\/ji-woo-gae-one-step-body-brightening-pad\\\/#primaryimage\"},\"thumbnailUrl\":\"https:\\\/\\\/purecosmetics-shop.com\\\/wp-content\\\/uploads\\\/2026\\\/04\\\/Celimax_Ji_Woo_Gae_One_Step_Body_Brightening_Pad.jpg\",\"datePublished\":\"2026-04-23T15:56:54+00:00\",\"dateModified\":\"2026-04-24T11:50:46+00:00\",\"breadcrumb\":{\"@id\":\"https:\\\/\\\/purecosmetics-shop.com\\\/accueil\\\/produit\\\/ji-woo-gae-one-step-body-brightening-pad\\\/#breadcrumb\"},\"inLanguage\":\"fr-FR\",\"potentialAction\":[{\"@type\":\"ReadAction\",\"target\":[\"https:\\\/\\\/purecosmetics-shop.com\\\/accueil\\\/produit\\\/ji-woo-gae-one-step-body-brightening-pad\\\/\"]}]},{\"@type\":\"ImageObject\",\"inLanguage\":\"fr-FR\",\"@id\":\"https:\\\/\\\/purecosmetics-shop.com\\\/accueil\\\/produit\\\/ji-woo-gae-one-step-body-brightening-pad\\\/#primaryimage\",\"url\":\"https:\\\/\\\/purecosmetics-shop.com\\\/wp-content\\\/uploads\\\/2026\\\/04\\\/Celimax_Ji_Woo_Gae_One_Step_Body_Brightening_Pad.jpg\",\"contentUrl\":\"https:\\\/\\\/purecosmetics-shop.com\\\/wp-content\\\/uploads\\\/2026\\\/04\\\/Celimax_Ji_Woo_Gae_One_Step_Body_Brightening_Pad.jpg\",\"width\":1500,\"height\":1500},{\"@type\":\"BreadcrumbList\",\"@id\":\"https:\\\/\\\/purecosmetics-shop.com\\\/accueil\\\/produit\\\/ji-woo-gae-one-step-body-brightening-pad\\\/#breadcrumb\",\"itemListElement\":[{\"@type\":\"ListItem\",\"position\":1,\"name\":\"Accueil\",\"item\":\"https:\\\/\\\/purecosmetics-shop.com\\\/accueil\\\/\"},{\"@type\":\"ListItem\",\"position\":2,\"name\":\"NOUVEAUT\u00c9S\",\"item\":\"https:\\\/\\\/purecosmetics-shop.com\\\/accueil\\\/nouveautes\\\/\"},{\"@type\":\"ListItem\",\"position\":3,\"name\":\"Ji Woo Gae One Step Body Brightening Pad\"}]},{\"@type\":\"WebSite\",\"@id\":\"https:\\\/\\\/purecosmetics-shop.com\\\/accueil\\\/#website\",\"url\":\"https:\\\/\\\/purecosmetics-shop.com\\\/accueil\\\/\",\"name\":\"Pure Cosmetics\",\"description\":\"Skincare cor\u00e9enne et japonais\",\"publisher\":{\"@id\":\"https:\\\/\\\/purecosmetics-shop.com\\\/accueil\\\/#organization\"},\"potentialAction\":[{\"@type\":\"SearchAction\",\"target\":{\"@type\":\"EntryPoint\",\"urlTemplate\":\"https:\\\/\\\/purecosmetics-shop.com\\\/accueil\\\/?s={search_term_string}\"},\"query-input\":{\"@type\":\"PropertyValueSpecification\",\"valueRequired\":true,\"valueName\":\"search_term_string\"}}],\"inLanguage\":\"fr-FR\"},{\"@type\":\"Organization\",\"@id\":\"https:\\\/\\\/purecosmetics-shop.com\\\/accueil\\\/#organization\",\"name\":\"Pure Cosmetics\",\"url\":\"https:\\\/\\\/purecosmetics-shop.com\\\/accueil\\\/\",\"logo\":{\"@type\":\"ImageObject\",\"inLanguage\":\"fr-FR\",\"@id\":\"https:\\\/\\\/purecosmetics-shop.com\\\/accueil\\\/#\\\/schema\\\/logo\\\/image\\\/\",\"url\":\"https:\\\/\\\/purecosmetics-shop.com\\\/wp-content\\\/uploads\\\/2025\\\/04\\\/cropped-Pure-Cosmetics-black-2.png\",\"contentUrl\":\"https:\\\/\\\/purecosmetics-shop.com\\\/wp-content\\\/uploads\\\/2025\\\/04\\\/cropped-Pure-Cosmetics-black-2.png\",\"width\":2362,\"height\":2324,\"caption\":\"Pure Cosmetics\"},\"image\":{\"@id\":\"https:\\\/\\\/purecosmetics-shop.com\\\/accueil\\\/#\\\/schema\\\/logo\\\/image\\\/\"}}]}<\/script>\n<!-- \/ Yoast SEO plugin. -->","yoast_head_json":{"title":"Ji Woo Gae One Step Body Brightening Pad - Pure Cosmetics","robots":{"index":"index","follow":"follow","max-snippet":"max-snippet:-1","max-image-preview":"max-image-preview:large","max-video-preview":"max-video-preview:-1"},"canonical":"https:\/\/purecosmetics-shop.com\/accueil\/produit\/ji-woo-gae-one-step-body-brightening-pad\/","og_locale":"fr_FR","og_type":"article","og_title":"Ji Woo Gae One Step Body Brightening Pad - Pure Cosmetics","og_description":"Un pad tonique exfoliant pour le corps qui \u00e9limine l'exc\u00e8s de s\u00e9bum, les impuret\u00e9s et les r\u00e9sidus accumul\u00e9s sur les zones intimes n\u00e9cessitant une attention particuli\u00e8re, comme les aisselles, les genoux et les coudes, tout en \u00e9claircissant la peau.  &nbsp;","og_url":"https:\/\/purecosmetics-shop.com\/accueil\/produit\/ji-woo-gae-one-step-body-brightening-pad\/","og_site_name":"Pure Cosmetics","article_modified_time":"2026-04-24T11:50:46+00:00","og_image":[{"width":1500,"height":1500,"url":"https:\/\/purecosmetics-shop.com\/wp-content\/uploads\/2026\/04\/Celimax_Ji_Woo_Gae_One_Step_Body_Brightening_Pad.jpg","type":"image\/jpeg"}],"twitter_card":"summary_large_image","twitter_misc":{"Dur\u00e9e de lecture estim\u00e9e":"1 minute"},"schema":{"@context":"https:\/\/schema.org","@graph":[{"@type":"WebPage","@id":"https:\/\/purecosmetics-shop.com\/accueil\/produit\/ji-woo-gae-one-step-body-brightening-pad\/","url":"https:\/\/purecosmetics-shop.com\/accueil\/produit\/ji-woo-gae-one-step-body-brightening-pad\/","name":"Ji Woo Gae One Step Body Brightening Pad - Pure Cosmetics","isPartOf":{"@id":"https:\/\/purecosmetics-shop.com\/accueil\/#website"},"primaryImageOfPage":{"@id":"https:\/\/purecosmetics-shop.com\/accueil\/produit\/ji-woo-gae-one-step-body-brightening-pad\/#primaryimage"},"image":{"@id":"https:\/\/purecosmetics-shop.com\/accueil\/produit\/ji-woo-gae-one-step-body-brightening-pad\/#primaryimage"},"thumbnailUrl":"https:\/\/purecosmetics-shop.com\/wp-content\/uploads\/2026\/04\/Celimax_Ji_Woo_Gae_One_Step_Body_Brightening_Pad.jpg","datePublished":"2026-04-23T15:56:54+00:00","dateModified":"2026-04-24T11:50:46+00:00","breadcrumb":{"@id":"https:\/\/purecosmetics-shop.com\/accueil\/produit\/ji-woo-gae-one-step-body-brightening-pad\/#breadcrumb"},"inLanguage":"fr-FR","potentialAction":[{"@type":"ReadAction","target":["https:\/\/purecosmetics-shop.com\/accueil\/produit\/ji-woo-gae-one-step-body-brightening-pad\/"]}]},{"@type":"ImageObject","inLanguage":"fr-FR","@id":"https:\/\/purecosmetics-shop.com\/accueil\/produit\/ji-woo-gae-one-step-body-brightening-pad\/#primaryimage","url":"https:\/\/purecosmetics-shop.com\/wp-content\/uploads\/2026\/04\/Celimax_Ji_Woo_Gae_One_Step_Body_Brightening_Pad.jpg","contentUrl":"https:\/\/purecosmetics-shop.com\/wp-content\/uploads\/2026\/04\/Celimax_Ji_Woo_Gae_One_Step_Body_Brightening_Pad.jpg","width":1500,"height":1500},{"@type":"BreadcrumbList","@id":"https:\/\/purecosmetics-shop.com\/accueil\/produit\/ji-woo-gae-one-step-body-brightening-pad\/#breadcrumb","itemListElement":[{"@type":"ListItem","position":1,"name":"Accueil","item":"https:\/\/purecosmetics-shop.com\/accueil\/"},{"@type":"ListItem","position":2,"name":"NOUVEAUT\u00c9S","item":"https:\/\/purecosmetics-shop.com\/accueil\/nouveautes\/"},{"@type":"ListItem","position":3,"name":"Ji Woo Gae One Step Body Brightening Pad"}]},{"@type":"WebSite","@id":"https:\/\/purecosmetics-shop.com\/accueil\/#website","url":"https:\/\/purecosmetics-shop.com\/accueil\/","name":"Pure Cosmetics","description":"Skincare cor\u00e9enne et japonais","publisher":{"@id":"https:\/\/purecosmetics-shop.com\/accueil\/#organization"},"potentialAction":[{"@type":"SearchAction","target":{"@type":"EntryPoint","urlTemplate":"https:\/\/purecosmetics-shop.com\/accueil\/?s={search_term_string}"},"query-input":{"@type":"PropertyValueSpecification","valueRequired":true,"valueName":"search_term_string"}}],"inLanguage":"fr-FR"},{"@type":"Organization","@id":"https:\/\/purecosmetics-shop.com\/accueil\/#organization","name":"Pure Cosmetics","url":"https:\/\/purecosmetics-shop.com\/accueil\/","logo":{"@type":"ImageObject","inLanguage":"fr-FR","@id":"https:\/\/purecosmetics-shop.com\/accueil\/#\/schema\/logo\/image\/","url":"https:\/\/purecosmetics-shop.com\/wp-content\/uploads\/2025\/04\/cropped-Pure-Cosmetics-black-2.png","contentUrl":"https:\/\/purecosmetics-shop.com\/wp-content\/uploads\/2025\/04\/cropped-Pure-Cosmetics-black-2.png","width":2362,"height":2324,"caption":"Pure Cosmetics"},"image":{"@id":"https:\/\/purecosmetics-shop.com\/accueil\/#\/schema\/logo\/image\/"}}]}},"jetpack_sharing_enabled":true,"_links":{"self":[{"href":"https:\/\/purecosmetics-shop.com\/accueil\/wp-json\/wp\/v2\/product\/6818","targetHints":{"allow":["GET"]}}],"collection":[{"href":"https:\/\/purecosmetics-shop.com\/accueil\/wp-json\/wp\/v2\/product"}],"about":[{"href":"https:\/\/purecosmetics-shop.com\/accueil\/wp-json\/wp\/v2\/types\/product"}],"replies":[{"embeddable":true,"href":"https:\/\/purecosmetics-shop.com\/accueil\/wp-json\/wp\/v2\/comments?post=6818"}],"version-history":[{"count":1,"href":"https:\/\/purecosmetics-shop.com\/accueil\/wp-json\/wp\/v2\/product\/6818\/revisions"}],"predecessor-version":[{"id":6827,"href":"https:\/\/purecosmetics-shop.com\/accueil\/wp-json\/wp\/v2\/product\/6818\/revisions\/6827"}],"wp:featuredmedia":[{"embeddable":true,"href":"https:\/\/purecosmetics-shop.com\/accueil\/wp-json\/wp\/v2\/media\/6826"}],"wp:attachment":[{"href":"https:\/\/purecosmetics-shop.com\/accueil\/wp-json\/wp\/v2\/media?parent=6818"}],"wp:term":[{"taxonomy":"product_brand","embeddable":true,"href":"https:\/\/purecosmetics-shop.com\/accueil\/wp-json\/wp\/v2\/product_brand?post=6818"},{"taxonomy":"product_cat","embeddable":true,"href":"https:\/\/purecosmetics-shop.com\/accueil\/wp-json\/wp\/v2\/product_cat?post=6818"},{"taxonomy":"product_tag","embeddable":true,"href":"https:\/\/purecosmetics-shop.com\/accueil\/wp-json\/wp\/v2\/product_tag?post=6818"}],"curies":[{"name":"wp","href":"https:\/\/api.w.org\/{rel}","templated":true}]}}