{"id":6226,"date":"2026-04-08T14:09:43","date_gmt":"2026-04-08T18:09:43","guid":{"rendered":"https:\/\/purecosmetics-shop.com\/accueil\/?post_type=product&#038;p=6226"},"modified":"2026-04-08T16:04:45","modified_gmt":"2026-04-08T20:04:45","slug":"spicule-collagen-pdrn-cream","status":"publish","type":"product","link":"https:\/\/purecosmetics-shop.com\/accueil\/produit\/spicule-collagen-pdrn-cream\/","title":{"rendered":"Spicule Collagen PDRN Cream"},"content":{"rendered":"<ul>\n<li>Contient 1 000 ppm de spicules microscopiques naturels d&rsquo;origine marine (80 \u00e0 300 \u00b5m), plus petits que les pores, qui am\u00e9liorent intens\u00e9ment les rides, les pores et le grain de peau (15 g contiennent environ 90 000 \u00e0 100 000 spicules).<\/li>\n<li>Enrichi en collag\u00e8ne marin fran\u00e7ais de qualit\u00e9 sup\u00e9rieure, ce soin complet am\u00e9liore le volume de la peau, renforce sa barri\u00e8re protectrice et am\u00e9liore son \u00e9lasticit\u00e9.<\/li>\n<li>Contient du CICA PDRN qui cible les cellules endommag\u00e9es pour favoriser la r\u00e9paration et la r\u00e9g\u00e9n\u00e9ration cutan\u00e9es, renforcer la barri\u00e8re de collag\u00e8ne et apaiser la peau tout en stimulant sa cicatrisation.<\/li>\n<li>Avec 2 % de panth\u00e9nol (vitamine B5), du c\u00e9ramide NP, de l&rsquo;acide hyaluronique et de l&rsquo;allanto\u00efne, la formule Safe 4X est suffisamment douce pour les peaux sensibles.<\/li>\n<\/ul>\n<hr \/>\n<p>Efficacit\u00e9 cliniquement prouv\u00e9e : * Repulpement de la peau : 119,21 % * Barri\u00e8re cutan\u00e9e : 111,72 % * \u00c9lasticit\u00e9 de la peau (2 mm) : 104,35 % * \u00c9lasticit\u00e9 de la peau (8 mm) : 103,65 %<\/p>\n<hr \/>\n<p>Ingr\u00e9dients : Aqua(Water), Methylpropanediol, Glycerin, 1,2-Hexanediol, Panthenol, Niacinamide, Caprylic\/Capric Triglyceride, Polypropylsilsesquioxane, C14-22 Alcohols, Ammonium Acryloyldimethyltaurate\/VP Copolymer, Glyceryl Stearate, Hydrolyzed Collagen, Cetyl Ethylhexanoate, Vinyl Dimethicone, Macadamia Ternifolia Seed Oil, Acrylates\/C10-30 Alkyl Acrylate Crosspolymer, C12-20 Alkyl Glucoside, Arginine, Sodium Acrylate\/Sodium Acryloyldimethyl Taurate Copolymer, Brassica Campestris (Rapeseed) Sterols, Polyglyceryl-10 Laurate, Polyisobutene, Dextrin, Tocopherol, Allantoin, Ethylhexylglycerin, Phytosteryl\/Behenyl\/Octyldodecyl Lauroyl Glutamate, Cholesterol, Hydrolyzed Sponge, Gardenia Florida Fruit Extract, Xanthan Gum, Butyrospermum Parkii (Shea) Butter, Adenosine, Lauryl Glucoside, Hydrogenated Lecithin, Sodium Hyaluronate, Polyglyceryl- 6 Laurate, Disodium EDTA, Caprylyl\/Capryl Glucoside, Sorbitan Oleate, Polyglutamic Acid, Myristyl Glucoside, Ceramide NP, Glyceryl Acrylate\/Acrylic Acid Copolymer, Stearic Acid, PVM\/MA Copolymer, Oleic Acid, Sodium Guaiazulene Sulfonate, Sodium DNA<\/p>\n","protected":false},"excerpt":{"rendered":"<p>Formul\u00e9e \u00e0 base de micro-spicules d&rsquo;origine marine naturelle, 40 fois plus petites que les pores, et de collag\u00e8ne marin haute performance, cette cr\u00e8me offre un soin intensif pour le volume, la barri\u00e8re cutan\u00e9e et l&rsquo;\u00e9lasticit\u00e9 de la peau. Enrichie en CICA PDRN, elle apaise les peaux sensibles tout en favorisant leur r\u00e9g\u00e9n\u00e9ration.<\/p>\n","protected":false},"featured_media":6228,"comment_status":"open","ping_status":"closed","template":"","meta":[],"product_brand":[203],"product_cat":[107,25,192],"product_tag":[],"class_list":{"0":"post-6226","1":"product","2":"type-product","3":"status-publish","4":"has-post-thumbnail","6":"product_brand-marymay","7":"product_cat-anti-age-et-elasticite","8":"product_cat-creme-visage","9":"product_cat-traitement-localise","11":"first","12":"instock","13":"shipping-taxable","14":"purchasable","15":"product-type-simple"},"yoast_head":"<!-- This site is optimized with the Yoast SEO plugin v27.3 - https:\/\/yoast.com\/product\/yoast-seo-wordpress\/ -->\n<title>Spicule Collagen PDRN Cream - Pure Cosmetics<\/title>\n<meta name=\"robots\" content=\"index, follow, max-snippet:-1, max-image-preview:large, max-video-preview:-1\" \/>\n<link rel=\"canonical\" href=\"https:\/\/purecosmetics-shop.com\/accueil\/produit\/spicule-collagen-pdrn-cream\/\" \/>\n<meta property=\"og:locale\" content=\"fr_FR\" \/>\n<meta property=\"og:type\" content=\"article\" \/>\n<meta property=\"og:title\" content=\"Spicule Collagen PDRN Cream - Pure Cosmetics\" \/>\n<meta property=\"og:description\" content=\"Formul\u00e9e \u00e0 base de micro-spicules d&#039;origine marine naturelle, 40 fois plus petites que les pores, et de collag\u00e8ne marin haute performance, cette cr\u00e8me offre un soin intensif pour le volume, la barri\u00e8re cutan\u00e9e et l&#039;\u00e9lasticit\u00e9 de la peau. Enrichie en CICA PDRN, elle apaise les peaux sensibles tout en favorisant leur r\u00e9g\u00e9n\u00e9ration.\" \/>\n<meta property=\"og:url\" content=\"https:\/\/purecosmetics-shop.com\/accueil\/produit\/spicule-collagen-pdrn-cream\/\" \/>\n<meta property=\"og:site_name\" content=\"Pure Cosmetics\" \/>\n<meta property=\"article:modified_time\" content=\"2026-04-08T20:04:45+00:00\" \/>\n<meta property=\"og:image\" content=\"https:\/\/purecosmetics-shop.com\/wp-content\/uploads\/2026\/04\/MARYMAY_Spicule_Collagen_PDRN_Cream_.png\" \/>\n\t<meta property=\"og:image:width\" content=\"836\" \/>\n\t<meta property=\"og:image:height\" content=\"836\" \/>\n\t<meta property=\"og:image:type\" content=\"image\/png\" \/>\n<meta name=\"twitter:card\" content=\"summary_large_image\" \/>\n<meta name=\"twitter:label1\" content=\"Dur\u00e9e de lecture estim\u00e9e\" \/>\n\t<meta name=\"twitter:data1\" content=\"2 minutes\" \/>\n<script type=\"application\/ld+json\" class=\"yoast-schema-graph\">{\"@context\":\"https:\\\/\\\/schema.org\",\"@graph\":[{\"@type\":\"WebPage\",\"@id\":\"https:\\\/\\\/purecosmetics-shop.com\\\/accueil\\\/produit\\\/spicule-collagen-pdrn-cream\\\/\",\"url\":\"https:\\\/\\\/purecosmetics-shop.com\\\/accueil\\\/produit\\\/spicule-collagen-pdrn-cream\\\/\",\"name\":\"Spicule Collagen PDRN Cream - Pure Cosmetics\",\"isPartOf\":{\"@id\":\"https:\\\/\\\/purecosmetics-shop.com\\\/accueil\\\/#website\"},\"primaryImageOfPage\":{\"@id\":\"https:\\\/\\\/purecosmetics-shop.com\\\/accueil\\\/produit\\\/spicule-collagen-pdrn-cream\\\/#primaryimage\"},\"image\":{\"@id\":\"https:\\\/\\\/purecosmetics-shop.com\\\/accueil\\\/produit\\\/spicule-collagen-pdrn-cream\\\/#primaryimage\"},\"thumbnailUrl\":\"https:\\\/\\\/purecosmetics-shop.com\\\/wp-content\\\/uploads\\\/2026\\\/04\\\/MARYMAY_Spicule_Collagen_PDRN_Cream_.png\",\"datePublished\":\"2026-04-08T18:09:43+00:00\",\"dateModified\":\"2026-04-08T20:04:45+00:00\",\"breadcrumb\":{\"@id\":\"https:\\\/\\\/purecosmetics-shop.com\\\/accueil\\\/produit\\\/spicule-collagen-pdrn-cream\\\/#breadcrumb\"},\"inLanguage\":\"fr-FR\",\"potentialAction\":[{\"@type\":\"ReadAction\",\"target\":[\"https:\\\/\\\/purecosmetics-shop.com\\\/accueil\\\/produit\\\/spicule-collagen-pdrn-cream\\\/\"]}]},{\"@type\":\"ImageObject\",\"inLanguage\":\"fr-FR\",\"@id\":\"https:\\\/\\\/purecosmetics-shop.com\\\/accueil\\\/produit\\\/spicule-collagen-pdrn-cream\\\/#primaryimage\",\"url\":\"https:\\\/\\\/purecosmetics-shop.com\\\/wp-content\\\/uploads\\\/2026\\\/04\\\/MARYMAY_Spicule_Collagen_PDRN_Cream_.png\",\"contentUrl\":\"https:\\\/\\\/purecosmetics-shop.com\\\/wp-content\\\/uploads\\\/2026\\\/04\\\/MARYMAY_Spicule_Collagen_PDRN_Cream_.png\",\"width\":836,\"height\":836},{\"@type\":\"BreadcrumbList\",\"@id\":\"https:\\\/\\\/purecosmetics-shop.com\\\/accueil\\\/produit\\\/spicule-collagen-pdrn-cream\\\/#breadcrumb\",\"itemListElement\":[{\"@type\":\"ListItem\",\"position\":1,\"name\":\"Accueil\",\"item\":\"https:\\\/\\\/purecosmetics-shop.com\\\/accueil\\\/\"},{\"@type\":\"ListItem\",\"position\":2,\"name\":\"Boutique\",\"item\":\"https:\\\/\\\/purecosmetics-shop.com\\\/accueil\\\/boutique\\\/\"},{\"@type\":\"ListItem\",\"position\":3,\"name\":\"Spicule Collagen PDRN Cream\"}]},{\"@type\":\"WebSite\",\"@id\":\"https:\\\/\\\/purecosmetics-shop.com\\\/accueil\\\/#website\",\"url\":\"https:\\\/\\\/purecosmetics-shop.com\\\/accueil\\\/\",\"name\":\"Pure Cosmetics\",\"description\":\"Skincare cor\u00e9enne et japonais\",\"publisher\":{\"@id\":\"https:\\\/\\\/purecosmetics-shop.com\\\/accueil\\\/#organization\"},\"potentialAction\":[{\"@type\":\"SearchAction\",\"target\":{\"@type\":\"EntryPoint\",\"urlTemplate\":\"https:\\\/\\\/purecosmetics-shop.com\\\/accueil\\\/?s={search_term_string}\"},\"query-input\":{\"@type\":\"PropertyValueSpecification\",\"valueRequired\":true,\"valueName\":\"search_term_string\"}}],\"inLanguage\":\"fr-FR\"},{\"@type\":\"Organization\",\"@id\":\"https:\\\/\\\/purecosmetics-shop.com\\\/accueil\\\/#organization\",\"name\":\"Pure Cosmetics\",\"url\":\"https:\\\/\\\/purecosmetics-shop.com\\\/accueil\\\/\",\"logo\":{\"@type\":\"ImageObject\",\"inLanguage\":\"fr-FR\",\"@id\":\"https:\\\/\\\/purecosmetics-shop.com\\\/accueil\\\/#\\\/schema\\\/logo\\\/image\\\/\",\"url\":\"https:\\\/\\\/purecosmetics-shop.com\\\/wp-content\\\/uploads\\\/2025\\\/04\\\/cropped-Pure-Cosmetics-black-2.png\",\"contentUrl\":\"https:\\\/\\\/purecosmetics-shop.com\\\/wp-content\\\/uploads\\\/2025\\\/04\\\/cropped-Pure-Cosmetics-black-2.png\",\"width\":2362,\"height\":2324,\"caption\":\"Pure Cosmetics\"},\"image\":{\"@id\":\"https:\\\/\\\/purecosmetics-shop.com\\\/accueil\\\/#\\\/schema\\\/logo\\\/image\\\/\"}}]}<\/script>\n<!-- \/ Yoast SEO plugin. -->","yoast_head_json":{"title":"Spicule Collagen PDRN Cream - Pure Cosmetics","robots":{"index":"index","follow":"follow","max-snippet":"max-snippet:-1","max-image-preview":"max-image-preview:large","max-video-preview":"max-video-preview:-1"},"canonical":"https:\/\/purecosmetics-shop.com\/accueil\/produit\/spicule-collagen-pdrn-cream\/","og_locale":"fr_FR","og_type":"article","og_title":"Spicule Collagen PDRN Cream - Pure Cosmetics","og_description":"Formul\u00e9e \u00e0 base de micro-spicules d'origine marine naturelle, 40 fois plus petites que les pores, et de collag\u00e8ne marin haute performance, cette cr\u00e8me offre un soin intensif pour le volume, la barri\u00e8re cutan\u00e9e et l'\u00e9lasticit\u00e9 de la peau. Enrichie en CICA PDRN, elle apaise les peaux sensibles tout en favorisant leur r\u00e9g\u00e9n\u00e9ration.","og_url":"https:\/\/purecosmetics-shop.com\/accueil\/produit\/spicule-collagen-pdrn-cream\/","og_site_name":"Pure Cosmetics","article_modified_time":"2026-04-08T20:04:45+00:00","og_image":[{"width":836,"height":836,"url":"https:\/\/purecosmetics-shop.com\/wp-content\/uploads\/2026\/04\/MARYMAY_Spicule_Collagen_PDRN_Cream_.png","type":"image\/png"}],"twitter_card":"summary_large_image","twitter_misc":{"Dur\u00e9e de lecture estim\u00e9e":"2 minutes"},"schema":{"@context":"https:\/\/schema.org","@graph":[{"@type":"WebPage","@id":"https:\/\/purecosmetics-shop.com\/accueil\/produit\/spicule-collagen-pdrn-cream\/","url":"https:\/\/purecosmetics-shop.com\/accueil\/produit\/spicule-collagen-pdrn-cream\/","name":"Spicule Collagen PDRN Cream - Pure Cosmetics","isPartOf":{"@id":"https:\/\/purecosmetics-shop.com\/accueil\/#website"},"primaryImageOfPage":{"@id":"https:\/\/purecosmetics-shop.com\/accueil\/produit\/spicule-collagen-pdrn-cream\/#primaryimage"},"image":{"@id":"https:\/\/purecosmetics-shop.com\/accueil\/produit\/spicule-collagen-pdrn-cream\/#primaryimage"},"thumbnailUrl":"https:\/\/purecosmetics-shop.com\/wp-content\/uploads\/2026\/04\/MARYMAY_Spicule_Collagen_PDRN_Cream_.png","datePublished":"2026-04-08T18:09:43+00:00","dateModified":"2026-04-08T20:04:45+00:00","breadcrumb":{"@id":"https:\/\/purecosmetics-shop.com\/accueil\/produit\/spicule-collagen-pdrn-cream\/#breadcrumb"},"inLanguage":"fr-FR","potentialAction":[{"@type":"ReadAction","target":["https:\/\/purecosmetics-shop.com\/accueil\/produit\/spicule-collagen-pdrn-cream\/"]}]},{"@type":"ImageObject","inLanguage":"fr-FR","@id":"https:\/\/purecosmetics-shop.com\/accueil\/produit\/spicule-collagen-pdrn-cream\/#primaryimage","url":"https:\/\/purecosmetics-shop.com\/wp-content\/uploads\/2026\/04\/MARYMAY_Spicule_Collagen_PDRN_Cream_.png","contentUrl":"https:\/\/purecosmetics-shop.com\/wp-content\/uploads\/2026\/04\/MARYMAY_Spicule_Collagen_PDRN_Cream_.png","width":836,"height":836},{"@type":"BreadcrumbList","@id":"https:\/\/purecosmetics-shop.com\/accueil\/produit\/spicule-collagen-pdrn-cream\/#breadcrumb","itemListElement":[{"@type":"ListItem","position":1,"name":"Accueil","item":"https:\/\/purecosmetics-shop.com\/accueil\/"},{"@type":"ListItem","position":2,"name":"Boutique","item":"https:\/\/purecosmetics-shop.com\/accueil\/boutique\/"},{"@type":"ListItem","position":3,"name":"Spicule Collagen PDRN Cream"}]},{"@type":"WebSite","@id":"https:\/\/purecosmetics-shop.com\/accueil\/#website","url":"https:\/\/purecosmetics-shop.com\/accueil\/","name":"Pure Cosmetics","description":"Skincare cor\u00e9enne et japonais","publisher":{"@id":"https:\/\/purecosmetics-shop.com\/accueil\/#organization"},"potentialAction":[{"@type":"SearchAction","target":{"@type":"EntryPoint","urlTemplate":"https:\/\/purecosmetics-shop.com\/accueil\/?s={search_term_string}"},"query-input":{"@type":"PropertyValueSpecification","valueRequired":true,"valueName":"search_term_string"}}],"inLanguage":"fr-FR"},{"@type":"Organization","@id":"https:\/\/purecosmetics-shop.com\/accueil\/#organization","name":"Pure Cosmetics","url":"https:\/\/purecosmetics-shop.com\/accueil\/","logo":{"@type":"ImageObject","inLanguage":"fr-FR","@id":"https:\/\/purecosmetics-shop.com\/accueil\/#\/schema\/logo\/image\/","url":"https:\/\/purecosmetics-shop.com\/wp-content\/uploads\/2025\/04\/cropped-Pure-Cosmetics-black-2.png","contentUrl":"https:\/\/purecosmetics-shop.com\/wp-content\/uploads\/2025\/04\/cropped-Pure-Cosmetics-black-2.png","width":2362,"height":2324,"caption":"Pure Cosmetics"},"image":{"@id":"https:\/\/purecosmetics-shop.com\/accueil\/#\/schema\/logo\/image\/"}}]}},"jetpack_sharing_enabled":true,"_links":{"self":[{"href":"https:\/\/purecosmetics-shop.com\/accueil\/wp-json\/wp\/v2\/product\/6226","targetHints":{"allow":["GET"]}}],"collection":[{"href":"https:\/\/purecosmetics-shop.com\/accueil\/wp-json\/wp\/v2\/product"}],"about":[{"href":"https:\/\/purecosmetics-shop.com\/accueil\/wp-json\/wp\/v2\/types\/product"}],"replies":[{"embeddable":true,"href":"https:\/\/purecosmetics-shop.com\/accueil\/wp-json\/wp\/v2\/comments?post=6226"}],"version-history":[{"count":1,"href":"https:\/\/purecosmetics-shop.com\/accueil\/wp-json\/wp\/v2\/product\/6226\/revisions"}],"predecessor-version":[{"id":6233,"href":"https:\/\/purecosmetics-shop.com\/accueil\/wp-json\/wp\/v2\/product\/6226\/revisions\/6233"}],"wp:featuredmedia":[{"embeddable":true,"href":"https:\/\/purecosmetics-shop.com\/accueil\/wp-json\/wp\/v2\/media\/6228"}],"wp:attachment":[{"href":"https:\/\/purecosmetics-shop.com\/accueil\/wp-json\/wp\/v2\/media?parent=6226"}],"wp:term":[{"taxonomy":"product_brand","embeddable":true,"href":"https:\/\/purecosmetics-shop.com\/accueil\/wp-json\/wp\/v2\/product_brand?post=6226"},{"taxonomy":"product_cat","embeddable":true,"href":"https:\/\/purecosmetics-shop.com\/accueil\/wp-json\/wp\/v2\/product_cat?post=6226"},{"taxonomy":"product_tag","embeddable":true,"href":"https:\/\/purecosmetics-shop.com\/accueil\/wp-json\/wp\/v2\/product_tag?post=6226"}],"curies":[{"name":"wp","href":"https:\/\/api.w.org\/{rel}","templated":true}]}}