{"id":6219,"date":"2026-04-07T11:17:35","date_gmt":"2026-04-07T15:17:35","guid":{"rendered":"https:\/\/purecosmetics-shop.com\/accueil\/?post_type=product&#038;p=6219"},"modified":"2026-04-07T16:34:04","modified_gmt":"2026-04-07T20:34:04","slug":"spicule-retinol-pdrn-cream","status":"publish","type":"product","link":"https:\/\/purecosmetics-shop.com\/accueil\/produit\/spicule-retinol-pdrn-cream\/","title":{"rendered":"Spicule Retinol PDRN Cream"},"content":{"rendered":"<ul>\n<li>Contient 2\u00a0000 ppm de spicules microscopiques naturels d&rsquo;origine marine (80-300 \u00b5m), plus petits que les pores, qui am\u00e9liorent intens\u00e9ment les rides, les pores et le grain de peau (15 g contiennent environ 180\u00a0000 \u00e0 200\u00a0000 spicules).<\/li>\n<li>Contient une forte concentration de r\u00e9tinol nano-liposomal (1 000 ppm) qui r\u00e9duit les irritations cutan\u00e9es et am\u00e9liore la stabilit\u00e9 et l&rsquo;absorption.<\/li>\n<li>Contient du CICA PDRN qui cible les cellules endommag\u00e9es pour favoriser la r\u00e9paration et la r\u00e9g\u00e9n\u00e9ration de la peau, renforcer la barri\u00e8re de collag\u00e8ne et apaiser la peau tout en stimulant sa r\u00e9paration.<\/li>\n<li>Avec 2 % de panth\u00e9nol (vitamine B5), du c\u00e9ramide NP, de l&rsquo;acide hyaluronique et de l&rsquo;allanto\u00efne, la formule Safe 4X est suffisamment douce pour les peaux sensibles.<\/li>\n<\/ul>\n<hr \/>\n<p>Efficacit\u00e9 cliniquement prouv\u00e9e : triple am\u00e9lioration des pores (profondeur, surface, densit\u00e9) &#8211; Profondeur des pores : 115,79 %. Surface des pores : 121,61 % &#8211; Densit\u00e9 des pores : 117,19 % * R\u00e9duction des rides &#8211; Rides du contour des yeux : 112,24 % &#8211; Rides du sourire : 110,20 % * Am\u00e9lioration du grain de peau : 114,42 % * Am\u00e9lioration de la fermet\u00e9 de la peau : 103,75 %<\/p>\n<hr \/>\n<p>Ingr\u00e9dients : Aqua(Water), Methylpropanediol, Glycerin, 1,2-Hexanediol, Niacinamide, Panthenol, Caprylic\/Capric Triglyceride, Polypropylsilsesquioxane, C14-22 Alcohols, Ammonium Acryloyldimethyltaurate\/VP Copolymer, Glyceryl Stearate, Cetyl Ethylhexanoate, Vinyl Dimethicone, Macadamia Ternifolia Seed Oil, Brassica Campestris (Rapeseed) Sterols, Polyglyceryl-10 Laurate, Acrylates\/C10-30 Alkyl Acrylate Crosspolymer, C12- 20 Alkyl Glucoside, Arginine, Phytosteryl\/Behenyl\/Octyldodecyl Lauroyl Glutamate, Cholesterol, Sodium Acrylate\/Sodium Acryloyldimethyl Taurate Copolymer, Hydrolyzed Sponge, Polyisobutene, Gardenia Florida Fruit Extract, Tocopherol, Allantoin, Ethylhexylglycerin, Butyrospermum Parkii (Shea) Butter, Retinol, Xanthan Gum, Hydrogenated Lecithin, Sodium Hyaluronate, Pentaerythrityl Tetra-di-t-butyl Hydroxyhydrocinnamate, Adenosine, Dextrin, Helianthus Annuus (Sunflower) Seed Oil, Lauryl Glucoside, Polyglutamic Acid, Polyglyceryl-6 Laurate, Disodium EDTA, Ceramide NP, Caprylyl\/Capryl Glucoside, Sorbitan Oleate, Myristyl Glucoside, Stearic Acid, Benzotriazolyl Dodecyl p-Cresol, Glyceryl Acrylate\/Acrylic Acid Copolymer, Oleic Acid, PVM\/MA Copolymer, Beta-Carotene, Sodium DNA<\/p>\n","protected":false},"excerpt":{"rendered":"<p>Une cr\u00e8me contenant des micro-spicules d&rsquo;origine marine naturelle, 40 fois plus petites que les pores, du r\u00e9tinol nano-liposomal et du panth\u00e9nol apaisant qui am\u00e9liore l&rsquo;apparence des rides, des pores et du grain de peau.<\/p>\n<p>Enrichie en CICA PDRN, elle apaise et favorise la r\u00e9g\u00e9n\u00e9ration cutan\u00e9e.<\/p>\n","protected":false},"featured_media":6221,"comment_status":"open","ping_status":"closed","template":"","meta":[],"product_brand":[203],"product_cat":[107,108,110,25,192],"product_tag":[],"class_list":{"0":"post-6219","1":"product","2":"type-product","3":"status-publish","4":"has-post-thumbnail","6":"product_brand-marymay","7":"product_cat-anti-age-et-elasticite","8":"product_cat-anti-imperfections-et-pores","9":"product_cat-anti-tache-et-hyperpigmentation","10":"product_cat-creme-visage","11":"product_cat-traitement-localise","13":"first","14":"instock","15":"shipping-taxable","16":"purchasable","17":"product-type-simple"},"yoast_head":"<!-- This site is optimized with the Yoast SEO plugin v27.3 - https:\/\/yoast.com\/product\/yoast-seo-wordpress\/ -->\n<title>Spicule Retinol PDRN Cream - Pure Cosmetics<\/title>\n<meta name=\"robots\" content=\"index, follow, max-snippet:-1, max-image-preview:large, max-video-preview:-1\" \/>\n<link rel=\"canonical\" href=\"https:\/\/purecosmetics-shop.com\/accueil\/produit\/spicule-retinol-pdrn-cream\/\" \/>\n<meta property=\"og:locale\" content=\"fr_FR\" \/>\n<meta property=\"og:type\" content=\"article\" \/>\n<meta property=\"og:title\" content=\"Spicule Retinol PDRN Cream - Pure Cosmetics\" \/>\n<meta property=\"og:description\" content=\"Une cr\u00e8me contenant des micro-spicules d&#039;origine marine naturelle, 40 fois plus petites que les pores, du r\u00e9tinol nano-liposomal et du panth\u00e9nol apaisant qui am\u00e9liore l&#039;apparence des rides, des pores et du grain de peau.  Enrichie en CICA PDRN, elle apaise et favorise la r\u00e9g\u00e9n\u00e9ration cutan\u00e9e.\" \/>\n<meta property=\"og:url\" content=\"https:\/\/purecosmetics-shop.com\/accueil\/produit\/spicule-retinol-pdrn-cream\/\" \/>\n<meta property=\"og:site_name\" content=\"Pure Cosmetics\" \/>\n<meta property=\"article:modified_time\" content=\"2026-04-07T20:34:04+00:00\" \/>\n<meta property=\"og:image\" content=\"https:\/\/purecosmetics-shop.com\/wp-content\/uploads\/2026\/04\/MARYMAY_Spicule_Retinol_PDRN_Cream.png\" \/>\n\t<meta property=\"og:image:width\" content=\"808\" \/>\n\t<meta property=\"og:image:height\" content=\"846\" \/>\n\t<meta property=\"og:image:type\" content=\"image\/png\" \/>\n<meta name=\"twitter:card\" content=\"summary_large_image\" \/>\n<meta name=\"twitter:label1\" content=\"Dur\u00e9e de lecture estim\u00e9e\" \/>\n\t<meta name=\"twitter:data1\" content=\"2 minutes\" \/>\n<script type=\"application\/ld+json\" class=\"yoast-schema-graph\">{\"@context\":\"https:\\\/\\\/schema.org\",\"@graph\":[{\"@type\":\"WebPage\",\"@id\":\"https:\\\/\\\/purecosmetics-shop.com\\\/accueil\\\/produit\\\/spicule-retinol-pdrn-cream\\\/\",\"url\":\"https:\\\/\\\/purecosmetics-shop.com\\\/accueil\\\/produit\\\/spicule-retinol-pdrn-cream\\\/\",\"name\":\"Spicule Retinol PDRN Cream - Pure Cosmetics\",\"isPartOf\":{\"@id\":\"https:\\\/\\\/purecosmetics-shop.com\\\/accueil\\\/#website\"},\"primaryImageOfPage\":{\"@id\":\"https:\\\/\\\/purecosmetics-shop.com\\\/accueil\\\/produit\\\/spicule-retinol-pdrn-cream\\\/#primaryimage\"},\"image\":{\"@id\":\"https:\\\/\\\/purecosmetics-shop.com\\\/accueil\\\/produit\\\/spicule-retinol-pdrn-cream\\\/#primaryimage\"},\"thumbnailUrl\":\"https:\\\/\\\/purecosmetics-shop.com\\\/wp-content\\\/uploads\\\/2026\\\/04\\\/MARYMAY_Spicule_Retinol_PDRN_Cream.png\",\"datePublished\":\"2026-04-07T15:17:35+00:00\",\"dateModified\":\"2026-04-07T20:34:04+00:00\",\"breadcrumb\":{\"@id\":\"https:\\\/\\\/purecosmetics-shop.com\\\/accueil\\\/produit\\\/spicule-retinol-pdrn-cream\\\/#breadcrumb\"},\"inLanguage\":\"fr-FR\",\"potentialAction\":[{\"@type\":\"ReadAction\",\"target\":[\"https:\\\/\\\/purecosmetics-shop.com\\\/accueil\\\/produit\\\/spicule-retinol-pdrn-cream\\\/\"]}]},{\"@type\":\"ImageObject\",\"inLanguage\":\"fr-FR\",\"@id\":\"https:\\\/\\\/purecosmetics-shop.com\\\/accueil\\\/produit\\\/spicule-retinol-pdrn-cream\\\/#primaryimage\",\"url\":\"https:\\\/\\\/purecosmetics-shop.com\\\/wp-content\\\/uploads\\\/2026\\\/04\\\/MARYMAY_Spicule_Retinol_PDRN_Cream.png\",\"contentUrl\":\"https:\\\/\\\/purecosmetics-shop.com\\\/wp-content\\\/uploads\\\/2026\\\/04\\\/MARYMAY_Spicule_Retinol_PDRN_Cream.png\",\"width\":808,\"height\":846},{\"@type\":\"BreadcrumbList\",\"@id\":\"https:\\\/\\\/purecosmetics-shop.com\\\/accueil\\\/produit\\\/spicule-retinol-pdrn-cream\\\/#breadcrumb\",\"itemListElement\":[{\"@type\":\"ListItem\",\"position\":1,\"name\":\"Accueil\",\"item\":\"https:\\\/\\\/purecosmetics-shop.com\\\/accueil\\\/\"},{\"@type\":\"ListItem\",\"position\":2,\"name\":\"Boutique\",\"item\":\"https:\\\/\\\/purecosmetics-shop.com\\\/accueil\\\/boutique\\\/\"},{\"@type\":\"ListItem\",\"position\":3,\"name\":\"Spicule Retinol PDRN Cream\"}]},{\"@type\":\"WebSite\",\"@id\":\"https:\\\/\\\/purecosmetics-shop.com\\\/accueil\\\/#website\",\"url\":\"https:\\\/\\\/purecosmetics-shop.com\\\/accueil\\\/\",\"name\":\"Pure Cosmetics\",\"description\":\"Skincare cor\u00e9enne et japonais\",\"publisher\":{\"@id\":\"https:\\\/\\\/purecosmetics-shop.com\\\/accueil\\\/#organization\"},\"potentialAction\":[{\"@type\":\"SearchAction\",\"target\":{\"@type\":\"EntryPoint\",\"urlTemplate\":\"https:\\\/\\\/purecosmetics-shop.com\\\/accueil\\\/?s={search_term_string}\"},\"query-input\":{\"@type\":\"PropertyValueSpecification\",\"valueRequired\":true,\"valueName\":\"search_term_string\"}}],\"inLanguage\":\"fr-FR\"},{\"@type\":\"Organization\",\"@id\":\"https:\\\/\\\/purecosmetics-shop.com\\\/accueil\\\/#organization\",\"name\":\"Pure Cosmetics\",\"url\":\"https:\\\/\\\/purecosmetics-shop.com\\\/accueil\\\/\",\"logo\":{\"@type\":\"ImageObject\",\"inLanguage\":\"fr-FR\",\"@id\":\"https:\\\/\\\/purecosmetics-shop.com\\\/accueil\\\/#\\\/schema\\\/logo\\\/image\\\/\",\"url\":\"https:\\\/\\\/purecosmetics-shop.com\\\/wp-content\\\/uploads\\\/2025\\\/04\\\/cropped-Pure-Cosmetics-black-2.png\",\"contentUrl\":\"https:\\\/\\\/purecosmetics-shop.com\\\/wp-content\\\/uploads\\\/2025\\\/04\\\/cropped-Pure-Cosmetics-black-2.png\",\"width\":2362,\"height\":2324,\"caption\":\"Pure Cosmetics\"},\"image\":{\"@id\":\"https:\\\/\\\/purecosmetics-shop.com\\\/accueil\\\/#\\\/schema\\\/logo\\\/image\\\/\"}}]}<\/script>\n<!-- \/ Yoast SEO plugin. -->","yoast_head_json":{"title":"Spicule Retinol PDRN Cream - Pure Cosmetics","robots":{"index":"index","follow":"follow","max-snippet":"max-snippet:-1","max-image-preview":"max-image-preview:large","max-video-preview":"max-video-preview:-1"},"canonical":"https:\/\/purecosmetics-shop.com\/accueil\/produit\/spicule-retinol-pdrn-cream\/","og_locale":"fr_FR","og_type":"article","og_title":"Spicule Retinol PDRN Cream - Pure Cosmetics","og_description":"Une cr\u00e8me contenant des micro-spicules d'origine marine naturelle, 40 fois plus petites que les pores, du r\u00e9tinol nano-liposomal et du panth\u00e9nol apaisant qui am\u00e9liore l'apparence des rides, des pores et du grain de peau.  Enrichie en CICA PDRN, elle apaise et favorise la r\u00e9g\u00e9n\u00e9ration cutan\u00e9e.","og_url":"https:\/\/purecosmetics-shop.com\/accueil\/produit\/spicule-retinol-pdrn-cream\/","og_site_name":"Pure Cosmetics","article_modified_time":"2026-04-07T20:34:04+00:00","og_image":[{"width":808,"height":846,"url":"https:\/\/purecosmetics-shop.com\/wp-content\/uploads\/2026\/04\/MARYMAY_Spicule_Retinol_PDRN_Cream.png","type":"image\/png"}],"twitter_card":"summary_large_image","twitter_misc":{"Dur\u00e9e de lecture estim\u00e9e":"2 minutes"},"schema":{"@context":"https:\/\/schema.org","@graph":[{"@type":"WebPage","@id":"https:\/\/purecosmetics-shop.com\/accueil\/produit\/spicule-retinol-pdrn-cream\/","url":"https:\/\/purecosmetics-shop.com\/accueil\/produit\/spicule-retinol-pdrn-cream\/","name":"Spicule Retinol PDRN Cream - Pure Cosmetics","isPartOf":{"@id":"https:\/\/purecosmetics-shop.com\/accueil\/#website"},"primaryImageOfPage":{"@id":"https:\/\/purecosmetics-shop.com\/accueil\/produit\/spicule-retinol-pdrn-cream\/#primaryimage"},"image":{"@id":"https:\/\/purecosmetics-shop.com\/accueil\/produit\/spicule-retinol-pdrn-cream\/#primaryimage"},"thumbnailUrl":"https:\/\/purecosmetics-shop.com\/wp-content\/uploads\/2026\/04\/MARYMAY_Spicule_Retinol_PDRN_Cream.png","datePublished":"2026-04-07T15:17:35+00:00","dateModified":"2026-04-07T20:34:04+00:00","breadcrumb":{"@id":"https:\/\/purecosmetics-shop.com\/accueil\/produit\/spicule-retinol-pdrn-cream\/#breadcrumb"},"inLanguage":"fr-FR","potentialAction":[{"@type":"ReadAction","target":["https:\/\/purecosmetics-shop.com\/accueil\/produit\/spicule-retinol-pdrn-cream\/"]}]},{"@type":"ImageObject","inLanguage":"fr-FR","@id":"https:\/\/purecosmetics-shop.com\/accueil\/produit\/spicule-retinol-pdrn-cream\/#primaryimage","url":"https:\/\/purecosmetics-shop.com\/wp-content\/uploads\/2026\/04\/MARYMAY_Spicule_Retinol_PDRN_Cream.png","contentUrl":"https:\/\/purecosmetics-shop.com\/wp-content\/uploads\/2026\/04\/MARYMAY_Spicule_Retinol_PDRN_Cream.png","width":808,"height":846},{"@type":"BreadcrumbList","@id":"https:\/\/purecosmetics-shop.com\/accueil\/produit\/spicule-retinol-pdrn-cream\/#breadcrumb","itemListElement":[{"@type":"ListItem","position":1,"name":"Accueil","item":"https:\/\/purecosmetics-shop.com\/accueil\/"},{"@type":"ListItem","position":2,"name":"Boutique","item":"https:\/\/purecosmetics-shop.com\/accueil\/boutique\/"},{"@type":"ListItem","position":3,"name":"Spicule Retinol PDRN Cream"}]},{"@type":"WebSite","@id":"https:\/\/purecosmetics-shop.com\/accueil\/#website","url":"https:\/\/purecosmetics-shop.com\/accueil\/","name":"Pure Cosmetics","description":"Skincare cor\u00e9enne et japonais","publisher":{"@id":"https:\/\/purecosmetics-shop.com\/accueil\/#organization"},"potentialAction":[{"@type":"SearchAction","target":{"@type":"EntryPoint","urlTemplate":"https:\/\/purecosmetics-shop.com\/accueil\/?s={search_term_string}"},"query-input":{"@type":"PropertyValueSpecification","valueRequired":true,"valueName":"search_term_string"}}],"inLanguage":"fr-FR"},{"@type":"Organization","@id":"https:\/\/purecosmetics-shop.com\/accueil\/#organization","name":"Pure Cosmetics","url":"https:\/\/purecosmetics-shop.com\/accueil\/","logo":{"@type":"ImageObject","inLanguage":"fr-FR","@id":"https:\/\/purecosmetics-shop.com\/accueil\/#\/schema\/logo\/image\/","url":"https:\/\/purecosmetics-shop.com\/wp-content\/uploads\/2025\/04\/cropped-Pure-Cosmetics-black-2.png","contentUrl":"https:\/\/purecosmetics-shop.com\/wp-content\/uploads\/2025\/04\/cropped-Pure-Cosmetics-black-2.png","width":2362,"height":2324,"caption":"Pure Cosmetics"},"image":{"@id":"https:\/\/purecosmetics-shop.com\/accueil\/#\/schema\/logo\/image\/"}}]}},"jetpack_sharing_enabled":true,"_links":{"self":[{"href":"https:\/\/purecosmetics-shop.com\/accueil\/wp-json\/wp\/v2\/product\/6219","targetHints":{"allow":["GET"]}}],"collection":[{"href":"https:\/\/purecosmetics-shop.com\/accueil\/wp-json\/wp\/v2\/product"}],"about":[{"href":"https:\/\/purecosmetics-shop.com\/accueil\/wp-json\/wp\/v2\/types\/product"}],"replies":[{"embeddable":true,"href":"https:\/\/purecosmetics-shop.com\/accueil\/wp-json\/wp\/v2\/comments?post=6219"}],"version-history":[{"count":1,"href":"https:\/\/purecosmetics-shop.com\/accueil\/wp-json\/wp\/v2\/product\/6219\/revisions"}],"predecessor-version":[{"id":6225,"href":"https:\/\/purecosmetics-shop.com\/accueil\/wp-json\/wp\/v2\/product\/6219\/revisions\/6225"}],"wp:featuredmedia":[{"embeddable":true,"href":"https:\/\/purecosmetics-shop.com\/accueil\/wp-json\/wp\/v2\/media\/6221"}],"wp:attachment":[{"href":"https:\/\/purecosmetics-shop.com\/accueil\/wp-json\/wp\/v2\/media?parent=6219"}],"wp:term":[{"taxonomy":"product_brand","embeddable":true,"href":"https:\/\/purecosmetics-shop.com\/accueil\/wp-json\/wp\/v2\/product_brand?post=6219"},{"taxonomy":"product_cat","embeddable":true,"href":"https:\/\/purecosmetics-shop.com\/accueil\/wp-json\/wp\/v2\/product_cat?post=6219"},{"taxonomy":"product_tag","embeddable":true,"href":"https:\/\/purecosmetics-shop.com\/accueil\/wp-json\/wp\/v2\/product_tag?post=6219"}],"curies":[{"name":"wp","href":"https:\/\/api.w.org\/{rel}","templated":true}]}}