{"id":5483,"date":"2026-02-19T09:50:50","date_gmt":"2026-02-19T13:50:50","guid":{"rendered":"https:\/\/purecosmetics-shop.com\/accueil\/?post_type=product&#038;p=5483"},"modified":"2026-03-14T12:34:35","modified_gmt":"2026-03-14T16:34:35","slug":"scalp-spioxyl-react-shot-400","status":"publish","type":"product","link":"https:\/\/purecosmetics-shop.com\/accueil\/produit\/scalp-spioxyl-react-shot-400\/","title":{"rendered":"Scalp Spioxyl React Shot 400"},"content":{"rendered":"<p>Contenance : 15 mL<\/p>\n<hr \/>\n<p>Sa pompe de pr\u00e9cision permet une application hygi\u00e9nique et cibl\u00e9e sur le cuir chevelu.<\/p>\n<p>Contient 99,9 % de Spioxyl\u2122 ultra-pur, conforme aux normes internationales des ingr\u00e9dients cosm\u00e9tiques.<\/p>\n","protected":false},"excerpt":{"rendered":"<p>Un soin quotidien pour le cuir chevelu, enrichi de 220\u00a0000 micro-aiguilles Spioxyl\u2122 ultrafines, pour une p\u00e9n\u00e9tration optimale des actifs dans les 8 couches du cuir chevelu. Contribue \u00e0 r\u00e9duire la chute des cheveux et \u00e0 stimuler la croissance capillaire.<\/p>\n<p>Con\u00e7u pour un soin quotidien cibl\u00e9 des zones clairsem\u00e9es comme le vertex et la ligne frontale.<\/p>\n<p>Cliniquement prouv\u00e9 : r\u00e9duit la chute des cheveux de 62,8 % apr\u00e8s 4 semaines d&rsquo;utilisation.<\/p>\n<p>Diffuse des nutriments actifs en profondeur dans le cuir chevelu gr\u00e2ce aux micro-aiguilles Spioxyl\u2122.<\/p>\n<p>Stimule l&rsquo;activit\u00e9 du cuir chevelu en augmentant la production de VEGF de 187 %.<\/p>\n<p>Formul\u00e9 avec le complexe exclusif BP7\u2122 de VIVELAB (Biotine active + 7 peptides).<\/p>\n","protected":false},"featured_media":5496,"comment_status":"open","ping_status":"closed","template":"","meta":[],"product_brand":[231],"product_cat":[135],"product_tag":[],"class_list":{"0":"post-5483","1":"product","2":"type-product","3":"status-publish","4":"has-post-thumbnail","6":"product_brand-vivelab","7":"product_cat-haircare","9":"first","10":"outofstock","11":"shipping-taxable","12":"purchasable","13":"product-type-simple"},"yoast_head":"<!-- This site is optimized with the Yoast SEO plugin v27.4 - https:\/\/yoast.com\/product\/yoast-seo-wordpress\/ -->\n<title>Scalp Spioxyl React Shot 400 - Pure Cosmetics<\/title>\n<meta name=\"robots\" content=\"index, follow, max-snippet:-1, max-image-preview:large, max-video-preview:-1\" \/>\n<link rel=\"canonical\" href=\"https:\/\/purecosmetics-shop.com\/accueil\/produit\/scalp-spioxyl-react-shot-400\/\" \/>\n<meta property=\"og:locale\" content=\"fr_FR\" \/>\n<meta property=\"og:type\" content=\"article\" \/>\n<meta property=\"og:title\" content=\"Scalp Spioxyl React Shot 400 - Pure Cosmetics\" \/>\n<meta property=\"og:description\" content=\"Un soin quotidien pour le cuir chevelu, enrichi de 220\u00a0000 micro-aiguilles Spioxyl\u2122 ultrafines, pour une p\u00e9n\u00e9tration optimale des actifs dans les 8 couches du cuir chevelu. Contribue \u00e0 r\u00e9duire la chute des cheveux et \u00e0 stimuler la croissance capillaire.  Con\u00e7u pour un soin quotidien cibl\u00e9 des zones clairsem\u00e9es comme le vertex et la ligne frontale.  Cliniquement prouv\u00e9 : r\u00e9duit la chute des cheveux de 62,8 % apr\u00e8s 4 semaines d&#039;utilisation.  Diffuse des nutriments actifs en profondeur dans le cuir chevelu gr\u00e2ce aux micro-aiguilles Spioxyl\u2122.  Stimule l&#039;activit\u00e9 du cuir chevelu en augmentant la production de VEGF de 187 %.  Formul\u00e9 avec le complexe exclusif BP7\u2122 de VIVELAB (Biotine active + 7 peptides).\" \/>\n<meta property=\"og:url\" content=\"https:\/\/purecosmetics-shop.com\/accueil\/produit\/scalp-spioxyl-react-shot-400\/\" \/>\n<meta property=\"og:site_name\" content=\"Pure Cosmetics\" \/>\n<meta property=\"article:modified_time\" content=\"2026-03-14T16:34:35+00:00\" \/>\n<meta property=\"og:image\" content=\"https:\/\/purecosmetics-shop.com\/wp-content\/uploads\/2026\/02\/VIVELAB_Scalp_Spioxyl_React_Shot_400.webp\" \/>\n\t<meta property=\"og:image:width\" content=\"1000\" \/>\n\t<meta property=\"og:image:height\" content=\"1000\" \/>\n\t<meta property=\"og:image:type\" content=\"image\/webp\" \/>\n<meta name=\"twitter:card\" content=\"summary_large_image\" \/>\n<meta name=\"twitter:label1\" content=\"Dur\u00e9e de lecture estim\u00e9e\" \/>\n\t<meta name=\"twitter:data1\" content=\"1 minute\" \/>\n<script type=\"application\/ld+json\" class=\"yoast-schema-graph\">{\"@context\":\"https:\\\/\\\/schema.org\",\"@graph\":[{\"@type\":\"WebPage\",\"@id\":\"https:\\\/\\\/purecosmetics-shop.com\\\/accueil\\\/produit\\\/scalp-spioxyl-react-shot-400\\\/\",\"url\":\"https:\\\/\\\/purecosmetics-shop.com\\\/accueil\\\/produit\\\/scalp-spioxyl-react-shot-400\\\/\",\"name\":\"Scalp Spioxyl React Shot 400 - Pure Cosmetics\",\"isPartOf\":{\"@id\":\"https:\\\/\\\/purecosmetics-shop.com\\\/accueil\\\/#website\"},\"primaryImageOfPage\":{\"@id\":\"https:\\\/\\\/purecosmetics-shop.com\\\/accueil\\\/produit\\\/scalp-spioxyl-react-shot-400\\\/#primaryimage\"},\"image\":{\"@id\":\"https:\\\/\\\/purecosmetics-shop.com\\\/accueil\\\/produit\\\/scalp-spioxyl-react-shot-400\\\/#primaryimage\"},\"thumbnailUrl\":\"https:\\\/\\\/purecosmetics-shop.com\\\/wp-content\\\/uploads\\\/2026\\\/02\\\/VIVELAB_Scalp_Spioxyl_React_Shot_400.webp\",\"datePublished\":\"2026-02-19T13:50:50+00:00\",\"dateModified\":\"2026-03-14T16:34:35+00:00\",\"breadcrumb\":{\"@id\":\"https:\\\/\\\/purecosmetics-shop.com\\\/accueil\\\/produit\\\/scalp-spioxyl-react-shot-400\\\/#breadcrumb\"},\"inLanguage\":\"fr-FR\",\"potentialAction\":[{\"@type\":\"ReadAction\",\"target\":[\"https:\\\/\\\/purecosmetics-shop.com\\\/accueil\\\/produit\\\/scalp-spioxyl-react-shot-400\\\/\"]}]},{\"@type\":\"ImageObject\",\"inLanguage\":\"fr-FR\",\"@id\":\"https:\\\/\\\/purecosmetics-shop.com\\\/accueil\\\/produit\\\/scalp-spioxyl-react-shot-400\\\/#primaryimage\",\"url\":\"https:\\\/\\\/purecosmetics-shop.com\\\/wp-content\\\/uploads\\\/2026\\\/02\\\/VIVELAB_Scalp_Spioxyl_React_Shot_400.webp\",\"contentUrl\":\"https:\\\/\\\/purecosmetics-shop.com\\\/wp-content\\\/uploads\\\/2026\\\/02\\\/VIVELAB_Scalp_Spioxyl_React_Shot_400.webp\",\"width\":1000,\"height\":1000,\"caption\":\"VIVELAB Scalp Spioxyl React Shot 400\"},{\"@type\":\"BreadcrumbList\",\"@id\":\"https:\\\/\\\/purecosmetics-shop.com\\\/accueil\\\/produit\\\/scalp-spioxyl-react-shot-400\\\/#breadcrumb\",\"itemListElement\":[{\"@type\":\"ListItem\",\"position\":1,\"name\":\"Accueil\",\"item\":\"https:\\\/\\\/purecosmetics-shop.com\\\/accueil\\\/\"},{\"@type\":\"ListItem\",\"position\":2,\"name\":\"NOUVEAUT\u00c9S\",\"item\":\"https:\\\/\\\/purecosmetics-shop.com\\\/accueil\\\/nouveautes\\\/\"},{\"@type\":\"ListItem\",\"position\":3,\"name\":\"Scalp Spioxyl React Shot 400\"}]},{\"@type\":\"WebSite\",\"@id\":\"https:\\\/\\\/purecosmetics-shop.com\\\/accueil\\\/#website\",\"url\":\"https:\\\/\\\/purecosmetics-shop.com\\\/accueil\\\/\",\"name\":\"Pure Cosmetics\",\"description\":\"Skincare cor\u00e9enne et japonais\",\"publisher\":{\"@id\":\"https:\\\/\\\/purecosmetics-shop.com\\\/accueil\\\/#organization\"},\"potentialAction\":[{\"@type\":\"SearchAction\",\"target\":{\"@type\":\"EntryPoint\",\"urlTemplate\":\"https:\\\/\\\/purecosmetics-shop.com\\\/accueil\\\/?s={search_term_string}\"},\"query-input\":{\"@type\":\"PropertyValueSpecification\",\"valueRequired\":true,\"valueName\":\"search_term_string\"}}],\"inLanguage\":\"fr-FR\"},{\"@type\":\"Organization\",\"@id\":\"https:\\\/\\\/purecosmetics-shop.com\\\/accueil\\\/#organization\",\"name\":\"Pure Cosmetics\",\"url\":\"https:\\\/\\\/purecosmetics-shop.com\\\/accueil\\\/\",\"logo\":{\"@type\":\"ImageObject\",\"inLanguage\":\"fr-FR\",\"@id\":\"https:\\\/\\\/purecosmetics-shop.com\\\/accueil\\\/#\\\/schema\\\/logo\\\/image\\\/\",\"url\":\"https:\\\/\\\/purecosmetics-shop.com\\\/wp-content\\\/uploads\\\/2025\\\/04\\\/cropped-Pure-Cosmetics-black-2.png\",\"contentUrl\":\"https:\\\/\\\/purecosmetics-shop.com\\\/wp-content\\\/uploads\\\/2025\\\/04\\\/cropped-Pure-Cosmetics-black-2.png\",\"width\":2362,\"height\":2324,\"caption\":\"Pure Cosmetics\"},\"image\":{\"@id\":\"https:\\\/\\\/purecosmetics-shop.com\\\/accueil\\\/#\\\/schema\\\/logo\\\/image\\\/\"}}]}<\/script>\n<!-- \/ Yoast SEO plugin. -->","yoast_head_json":{"title":"Scalp Spioxyl React Shot 400 - Pure Cosmetics","robots":{"index":"index","follow":"follow","max-snippet":"max-snippet:-1","max-image-preview":"max-image-preview:large","max-video-preview":"max-video-preview:-1"},"canonical":"https:\/\/purecosmetics-shop.com\/accueil\/produit\/scalp-spioxyl-react-shot-400\/","og_locale":"fr_FR","og_type":"article","og_title":"Scalp Spioxyl React Shot 400 - Pure Cosmetics","og_description":"Un soin quotidien pour le cuir chevelu, enrichi de 220\u00a0000 micro-aiguilles Spioxyl\u2122 ultrafines, pour une p\u00e9n\u00e9tration optimale des actifs dans les 8 couches du cuir chevelu. Contribue \u00e0 r\u00e9duire la chute des cheveux et \u00e0 stimuler la croissance capillaire.  Con\u00e7u pour un soin quotidien cibl\u00e9 des zones clairsem\u00e9es comme le vertex et la ligne frontale.  Cliniquement prouv\u00e9 : r\u00e9duit la chute des cheveux de 62,8 % apr\u00e8s 4 semaines d'utilisation.  Diffuse des nutriments actifs en profondeur dans le cuir chevelu gr\u00e2ce aux micro-aiguilles Spioxyl\u2122.  Stimule l'activit\u00e9 du cuir chevelu en augmentant la production de VEGF de 187 %.  Formul\u00e9 avec le complexe exclusif BP7\u2122 de VIVELAB (Biotine active + 7 peptides).","og_url":"https:\/\/purecosmetics-shop.com\/accueil\/produit\/scalp-spioxyl-react-shot-400\/","og_site_name":"Pure Cosmetics","article_modified_time":"2026-03-14T16:34:35+00:00","og_image":[{"width":1000,"height":1000,"url":"https:\/\/purecosmetics-shop.com\/wp-content\/uploads\/2026\/02\/VIVELAB_Scalp_Spioxyl_React_Shot_400.webp","type":"image\/webp"}],"twitter_card":"summary_large_image","twitter_misc":{"Dur\u00e9e de lecture estim\u00e9e":"1 minute"},"schema":{"@context":"https:\/\/schema.org","@graph":[{"@type":"WebPage","@id":"https:\/\/purecosmetics-shop.com\/accueil\/produit\/scalp-spioxyl-react-shot-400\/","url":"https:\/\/purecosmetics-shop.com\/accueil\/produit\/scalp-spioxyl-react-shot-400\/","name":"Scalp Spioxyl React Shot 400 - Pure Cosmetics","isPartOf":{"@id":"https:\/\/purecosmetics-shop.com\/accueil\/#website"},"primaryImageOfPage":{"@id":"https:\/\/purecosmetics-shop.com\/accueil\/produit\/scalp-spioxyl-react-shot-400\/#primaryimage"},"image":{"@id":"https:\/\/purecosmetics-shop.com\/accueil\/produit\/scalp-spioxyl-react-shot-400\/#primaryimage"},"thumbnailUrl":"https:\/\/purecosmetics-shop.com\/wp-content\/uploads\/2026\/02\/VIVELAB_Scalp_Spioxyl_React_Shot_400.webp","datePublished":"2026-02-19T13:50:50+00:00","dateModified":"2026-03-14T16:34:35+00:00","breadcrumb":{"@id":"https:\/\/purecosmetics-shop.com\/accueil\/produit\/scalp-spioxyl-react-shot-400\/#breadcrumb"},"inLanguage":"fr-FR","potentialAction":[{"@type":"ReadAction","target":["https:\/\/purecosmetics-shop.com\/accueil\/produit\/scalp-spioxyl-react-shot-400\/"]}]},{"@type":"ImageObject","inLanguage":"fr-FR","@id":"https:\/\/purecosmetics-shop.com\/accueil\/produit\/scalp-spioxyl-react-shot-400\/#primaryimage","url":"https:\/\/purecosmetics-shop.com\/wp-content\/uploads\/2026\/02\/VIVELAB_Scalp_Spioxyl_React_Shot_400.webp","contentUrl":"https:\/\/purecosmetics-shop.com\/wp-content\/uploads\/2026\/02\/VIVELAB_Scalp_Spioxyl_React_Shot_400.webp","width":1000,"height":1000,"caption":"VIVELAB Scalp Spioxyl React Shot 400"},{"@type":"BreadcrumbList","@id":"https:\/\/purecosmetics-shop.com\/accueil\/produit\/scalp-spioxyl-react-shot-400\/#breadcrumb","itemListElement":[{"@type":"ListItem","position":1,"name":"Accueil","item":"https:\/\/purecosmetics-shop.com\/accueil\/"},{"@type":"ListItem","position":2,"name":"NOUVEAUT\u00c9S","item":"https:\/\/purecosmetics-shop.com\/accueil\/nouveautes\/"},{"@type":"ListItem","position":3,"name":"Scalp Spioxyl React Shot 400"}]},{"@type":"WebSite","@id":"https:\/\/purecosmetics-shop.com\/accueil\/#website","url":"https:\/\/purecosmetics-shop.com\/accueil\/","name":"Pure Cosmetics","description":"Skincare cor\u00e9enne et japonais","publisher":{"@id":"https:\/\/purecosmetics-shop.com\/accueil\/#organization"},"potentialAction":[{"@type":"SearchAction","target":{"@type":"EntryPoint","urlTemplate":"https:\/\/purecosmetics-shop.com\/accueil\/?s={search_term_string}"},"query-input":{"@type":"PropertyValueSpecification","valueRequired":true,"valueName":"search_term_string"}}],"inLanguage":"fr-FR"},{"@type":"Organization","@id":"https:\/\/purecosmetics-shop.com\/accueil\/#organization","name":"Pure Cosmetics","url":"https:\/\/purecosmetics-shop.com\/accueil\/","logo":{"@type":"ImageObject","inLanguage":"fr-FR","@id":"https:\/\/purecosmetics-shop.com\/accueil\/#\/schema\/logo\/image\/","url":"https:\/\/purecosmetics-shop.com\/wp-content\/uploads\/2025\/04\/cropped-Pure-Cosmetics-black-2.png","contentUrl":"https:\/\/purecosmetics-shop.com\/wp-content\/uploads\/2025\/04\/cropped-Pure-Cosmetics-black-2.png","width":2362,"height":2324,"caption":"Pure Cosmetics"},"image":{"@id":"https:\/\/purecosmetics-shop.com\/accueil\/#\/schema\/logo\/image\/"}}]}},"jetpack_sharing_enabled":true,"_links":{"self":[{"href":"https:\/\/purecosmetics-shop.com\/accueil\/wp-json\/wp\/v2\/product\/5483","targetHints":{"allow":["GET"]}}],"collection":[{"href":"https:\/\/purecosmetics-shop.com\/accueil\/wp-json\/wp\/v2\/product"}],"about":[{"href":"https:\/\/purecosmetics-shop.com\/accueil\/wp-json\/wp\/v2\/types\/product"}],"replies":[{"embeddable":true,"href":"https:\/\/purecosmetics-shop.com\/accueil\/wp-json\/wp\/v2\/comments?post=5483"}],"version-history":[{"count":2,"href":"https:\/\/purecosmetics-shop.com\/accueil\/wp-json\/wp\/v2\/product\/5483\/revisions"}],"predecessor-version":[{"id":5511,"href":"https:\/\/purecosmetics-shop.com\/accueil\/wp-json\/wp\/v2\/product\/5483\/revisions\/5511"}],"wp:featuredmedia":[{"embeddable":true,"href":"https:\/\/purecosmetics-shop.com\/accueil\/wp-json\/wp\/v2\/media\/5496"}],"wp:attachment":[{"href":"https:\/\/purecosmetics-shop.com\/accueil\/wp-json\/wp\/v2\/media?parent=5483"}],"wp:term":[{"taxonomy":"product_brand","embeddable":true,"href":"https:\/\/purecosmetics-shop.com\/accueil\/wp-json\/wp\/v2\/product_brand?post=5483"},{"taxonomy":"product_cat","embeddable":true,"href":"https:\/\/purecosmetics-shop.com\/accueil\/wp-json\/wp\/v2\/product_cat?post=5483"},{"taxonomy":"product_tag","embeddable":true,"href":"https:\/\/purecosmetics-shop.com\/accueil\/wp-json\/wp\/v2\/product_tag?post=5483"}],"curies":[{"name":"wp","href":"https:\/\/api.w.org\/{rel}","templated":true}]}}