{"id":5473,"date":"2026-02-16T13:32:19","date_gmt":"2026-02-16T17:32:19","guid":{"rendered":"https:\/\/purecosmetics-shop.com\/accueil\/?post_type=product&#038;p=5473"},"modified":"2026-04-05T10:45:50","modified_gmt":"2026-04-05T14:45:50","slug":"revive-therapy-hair-scalp-brow-ampoule","status":"publish","type":"product","link":"https:\/\/purecosmetics-shop.com\/accueil\/produit\/revive-therapy-hair-scalp-brow-ampoule\/","title":{"rendered":"Revive Therapy  Hair Scalp &#038; Brow Ampoule"},"content":{"rendered":"<p>Contenance : 15 mL<\/p>\n","protected":false},"excerpt":{"rendered":"<p>Une ampoule de soin quotidien pour le cuir chevelu, con\u00e7ue pour apporter des nutriments intensifs aux zones cibl\u00e9es d&rsquo;un cuir chevelu affaibli et de cheveux clairsem\u00e9s pendant 4 semaines.<\/p>\n<p>Ce produit s&rsquo;applique en petite quantit\u00e9 sur le cuir chevelu, la lisi\u00e8re des cheveux et les sourcils, ou sur des zones plus \u00e9tendues. Il est adapt\u00e9 aux soins contre la chute des cheveux.<\/p>\n<p>Il apporte des nutriments hautement concentr\u00e9s aux zones n\u00e9cessitant une exfoliation, un apaisement et une action anti-\u00e2ge sur le cuir chevelu. Sa formule unique contient un m\u00e9lange de nutriments hautement concentr\u00e9s, dont 10 ingr\u00e9dients brevet\u00e9s, 3 types de peptides hautement concentr\u00e9s et 3 composants anti-chute.<\/p>\n<p>Son applicateur roll-on masse d\u00e9licatement les zones concern\u00e9es par la chute des cheveux et le cuir chevelu, optimisant ainsi l&rsquo;absorption des actifs.<\/p>\n<p>Test\u00e9 cliniquement pour la sant\u00e9 du cuir chevelu. Pour des r\u00e9sultats optimaux, une utilisation r\u00e9guli\u00e8re pendant 2 \u00e0 4 semaines est recommand\u00e9e.<\/p>\n","protected":false},"featured_media":5481,"comment_status":"open","ping_status":"closed","template":"","meta":[],"product_brand":[231],"product_cat":[190,135],"product_tag":[],"class_list":{"0":"post-5473","1":"product","2":"type-product","3":"status-publish","4":"has-post-thumbnail","6":"product_brand-vivelab","7":"product_cat-ampoule","8":"product_cat-haircare","10":"first","11":"instock","12":"shipping-taxable","13":"purchasable","14":"product-type-simple"},"yoast_head":"<!-- This site is optimized with the Yoast SEO plugin v27.3 - https:\/\/yoast.com\/product\/yoast-seo-wordpress\/ -->\n<title>Revive Therapy Hair Scalp &amp; Brow Ampoule - Pure Cosmetics<\/title>\n<meta name=\"robots\" content=\"index, follow, max-snippet:-1, max-image-preview:large, max-video-preview:-1\" \/>\n<link rel=\"canonical\" href=\"https:\/\/purecosmetics-shop.com\/accueil\/produit\/revive-therapy-hair-scalp-brow-ampoule\/\" \/>\n<meta property=\"og:locale\" content=\"fr_FR\" \/>\n<meta property=\"og:type\" content=\"article\" \/>\n<meta property=\"og:title\" content=\"Revive Therapy Hair Scalp &amp; Brow Ampoule - Pure Cosmetics\" \/>\n<meta property=\"og:description\" content=\"Une ampoule de soin quotidien pour le cuir chevelu, con\u00e7ue pour apporter des nutriments intensifs aux zones cibl\u00e9es d&#039;un cuir chevelu affaibli et de cheveux clairsem\u00e9s pendant 4 semaines.  Ce produit s&#039;applique en petite quantit\u00e9 sur le cuir chevelu, la lisi\u00e8re des cheveux et les sourcils, ou sur des zones plus \u00e9tendues. Il est adapt\u00e9 aux soins contre la chute des cheveux.  Il apporte des nutriments hautement concentr\u00e9s aux zones n\u00e9cessitant une exfoliation, un apaisement et une action anti-\u00e2ge sur le cuir chevelu. Sa formule unique contient un m\u00e9lange de nutriments hautement concentr\u00e9s, dont 10 ingr\u00e9dients brevet\u00e9s, 3 types de peptides hautement concentr\u00e9s et 3 composants anti-chute.  Son applicateur roll-on masse d\u00e9licatement les zones concern\u00e9es par la chute des cheveux et le cuir chevelu, optimisant ainsi l&#039;absorption des actifs.  Test\u00e9 cliniquement pour la sant\u00e9 du cuir chevelu. Pour des r\u00e9sultats optimaux, une utilisation r\u00e9guli\u00e8re pendant 2 \u00e0 4 semaines est recommand\u00e9e.\" \/>\n<meta property=\"og:url\" content=\"https:\/\/purecosmetics-shop.com\/accueil\/produit\/revive-therapy-hair-scalp-brow-ampoule\/\" \/>\n<meta property=\"og:site_name\" content=\"Pure Cosmetics\" \/>\n<meta property=\"article:modified_time\" content=\"2026-04-05T14:45:50+00:00\" \/>\n<meta property=\"og:image\" content=\"https:\/\/purecosmetics-shop.com\/wp-content\/uploads\/2026\/02\/vivelab_Revive_Therapy_Hair_Scalp__Brow_Ampoule.jpg\" \/>\n\t<meta property=\"og:image:width\" content=\"780\" \/>\n\t<meta property=\"og:image:height\" content=\"780\" \/>\n\t<meta property=\"og:image:type\" content=\"image\/jpeg\" \/>\n<meta name=\"twitter:card\" content=\"summary_large_image\" \/>\n<meta name=\"twitter:label1\" content=\"Dur\u00e9e de lecture estim\u00e9e\" \/>\n\t<meta name=\"twitter:data1\" content=\"1 minute\" \/>\n<script type=\"application\/ld+json\" class=\"yoast-schema-graph\">{\"@context\":\"https:\\\/\\\/schema.org\",\"@graph\":[{\"@type\":\"WebPage\",\"@id\":\"https:\\\/\\\/purecosmetics-shop.com\\\/accueil\\\/produit\\\/revive-therapy-hair-scalp-brow-ampoule\\\/\",\"url\":\"https:\\\/\\\/purecosmetics-shop.com\\\/accueil\\\/produit\\\/revive-therapy-hair-scalp-brow-ampoule\\\/\",\"name\":\"Revive Therapy Hair Scalp & Brow Ampoule - Pure Cosmetics\",\"isPartOf\":{\"@id\":\"https:\\\/\\\/purecosmetics-shop.com\\\/accueil\\\/#website\"},\"primaryImageOfPage\":{\"@id\":\"https:\\\/\\\/purecosmetics-shop.com\\\/accueil\\\/produit\\\/revive-therapy-hair-scalp-brow-ampoule\\\/#primaryimage\"},\"image\":{\"@id\":\"https:\\\/\\\/purecosmetics-shop.com\\\/accueil\\\/produit\\\/revive-therapy-hair-scalp-brow-ampoule\\\/#primaryimage\"},\"thumbnailUrl\":\"https:\\\/\\\/purecosmetics-shop.com\\\/wp-content\\\/uploads\\\/2026\\\/02\\\/vivelab_Revive_Therapy_Hair_Scalp__Brow_Ampoule.jpg\",\"datePublished\":\"2026-02-16T17:32:19+00:00\",\"dateModified\":\"2026-04-05T14:45:50+00:00\",\"breadcrumb\":{\"@id\":\"https:\\\/\\\/purecosmetics-shop.com\\\/accueil\\\/produit\\\/revive-therapy-hair-scalp-brow-ampoule\\\/#breadcrumb\"},\"inLanguage\":\"fr-FR\",\"potentialAction\":[{\"@type\":\"ReadAction\",\"target\":[\"https:\\\/\\\/purecosmetics-shop.com\\\/accueil\\\/produit\\\/revive-therapy-hair-scalp-brow-ampoule\\\/\"]}]},{\"@type\":\"ImageObject\",\"inLanguage\":\"fr-FR\",\"@id\":\"https:\\\/\\\/purecosmetics-shop.com\\\/accueil\\\/produit\\\/revive-therapy-hair-scalp-brow-ampoule\\\/#primaryimage\",\"url\":\"https:\\\/\\\/purecosmetics-shop.com\\\/wp-content\\\/uploads\\\/2026\\\/02\\\/vivelab_Revive_Therapy_Hair_Scalp__Brow_Ampoule.jpg\",\"contentUrl\":\"https:\\\/\\\/purecosmetics-shop.com\\\/wp-content\\\/uploads\\\/2026\\\/02\\\/vivelab_Revive_Therapy_Hair_Scalp__Brow_Ampoule.jpg\",\"width\":780,\"height\":780,\"caption\":\"vivelab Revive Therapy Hair Scalp & Brow Ampoule\"},{\"@type\":\"BreadcrumbList\",\"@id\":\"https:\\\/\\\/purecosmetics-shop.com\\\/accueil\\\/produit\\\/revive-therapy-hair-scalp-brow-ampoule\\\/#breadcrumb\",\"itemListElement\":[{\"@type\":\"ListItem\",\"position\":1,\"name\":\"Accueil\",\"item\":\"https:\\\/\\\/purecosmetics-shop.com\\\/accueil\\\/\"},{\"@type\":\"ListItem\",\"position\":2,\"name\":\"Boutique\",\"item\":\"https:\\\/\\\/purecosmetics-shop.com\\\/accueil\\\/boutique\\\/\"},{\"@type\":\"ListItem\",\"position\":3,\"name\":\"Revive Therapy Hair Scalp &#038; Brow Ampoule\"}]},{\"@type\":\"WebSite\",\"@id\":\"https:\\\/\\\/purecosmetics-shop.com\\\/accueil\\\/#website\",\"url\":\"https:\\\/\\\/purecosmetics-shop.com\\\/accueil\\\/\",\"name\":\"Pure Cosmetics\",\"description\":\"Skincare cor\u00e9enne et japonais\",\"publisher\":{\"@id\":\"https:\\\/\\\/purecosmetics-shop.com\\\/accueil\\\/#organization\"},\"potentialAction\":[{\"@type\":\"SearchAction\",\"target\":{\"@type\":\"EntryPoint\",\"urlTemplate\":\"https:\\\/\\\/purecosmetics-shop.com\\\/accueil\\\/?s={search_term_string}\"},\"query-input\":{\"@type\":\"PropertyValueSpecification\",\"valueRequired\":true,\"valueName\":\"search_term_string\"}}],\"inLanguage\":\"fr-FR\"},{\"@type\":\"Organization\",\"@id\":\"https:\\\/\\\/purecosmetics-shop.com\\\/accueil\\\/#organization\",\"name\":\"Pure Cosmetics\",\"url\":\"https:\\\/\\\/purecosmetics-shop.com\\\/accueil\\\/\",\"logo\":{\"@type\":\"ImageObject\",\"inLanguage\":\"fr-FR\",\"@id\":\"https:\\\/\\\/purecosmetics-shop.com\\\/accueil\\\/#\\\/schema\\\/logo\\\/image\\\/\",\"url\":\"https:\\\/\\\/purecosmetics-shop.com\\\/wp-content\\\/uploads\\\/2025\\\/04\\\/cropped-Pure-Cosmetics-black-2.png\",\"contentUrl\":\"https:\\\/\\\/purecosmetics-shop.com\\\/wp-content\\\/uploads\\\/2025\\\/04\\\/cropped-Pure-Cosmetics-black-2.png\",\"width\":2362,\"height\":2324,\"caption\":\"Pure Cosmetics\"},\"image\":{\"@id\":\"https:\\\/\\\/purecosmetics-shop.com\\\/accueil\\\/#\\\/schema\\\/logo\\\/image\\\/\"}}]}<\/script>\n<!-- \/ Yoast SEO plugin. -->","yoast_head_json":{"title":"Revive Therapy Hair Scalp & Brow Ampoule - Pure Cosmetics","robots":{"index":"index","follow":"follow","max-snippet":"max-snippet:-1","max-image-preview":"max-image-preview:large","max-video-preview":"max-video-preview:-1"},"canonical":"https:\/\/purecosmetics-shop.com\/accueil\/produit\/revive-therapy-hair-scalp-brow-ampoule\/","og_locale":"fr_FR","og_type":"article","og_title":"Revive Therapy Hair Scalp & Brow Ampoule - Pure Cosmetics","og_description":"Une ampoule de soin quotidien pour le cuir chevelu, con\u00e7ue pour apporter des nutriments intensifs aux zones cibl\u00e9es d'un cuir chevelu affaibli et de cheveux clairsem\u00e9s pendant 4 semaines.  Ce produit s'applique en petite quantit\u00e9 sur le cuir chevelu, la lisi\u00e8re des cheveux et les sourcils, ou sur des zones plus \u00e9tendues. Il est adapt\u00e9 aux soins contre la chute des cheveux.  Il apporte des nutriments hautement concentr\u00e9s aux zones n\u00e9cessitant une exfoliation, un apaisement et une action anti-\u00e2ge sur le cuir chevelu. Sa formule unique contient un m\u00e9lange de nutriments hautement concentr\u00e9s, dont 10 ingr\u00e9dients brevet\u00e9s, 3 types de peptides hautement concentr\u00e9s et 3 composants anti-chute.  Son applicateur roll-on masse d\u00e9licatement les zones concern\u00e9es par la chute des cheveux et le cuir chevelu, optimisant ainsi l'absorption des actifs.  Test\u00e9 cliniquement pour la sant\u00e9 du cuir chevelu. Pour des r\u00e9sultats optimaux, une utilisation r\u00e9guli\u00e8re pendant 2 \u00e0 4 semaines est recommand\u00e9e.","og_url":"https:\/\/purecosmetics-shop.com\/accueil\/produit\/revive-therapy-hair-scalp-brow-ampoule\/","og_site_name":"Pure Cosmetics","article_modified_time":"2026-04-05T14:45:50+00:00","og_image":[{"width":780,"height":780,"url":"https:\/\/purecosmetics-shop.com\/wp-content\/uploads\/2026\/02\/vivelab_Revive_Therapy_Hair_Scalp__Brow_Ampoule.jpg","type":"image\/jpeg"}],"twitter_card":"summary_large_image","twitter_misc":{"Dur\u00e9e de lecture estim\u00e9e":"1 minute"},"schema":{"@context":"https:\/\/schema.org","@graph":[{"@type":"WebPage","@id":"https:\/\/purecosmetics-shop.com\/accueil\/produit\/revive-therapy-hair-scalp-brow-ampoule\/","url":"https:\/\/purecosmetics-shop.com\/accueil\/produit\/revive-therapy-hair-scalp-brow-ampoule\/","name":"Revive Therapy Hair Scalp & Brow Ampoule - Pure Cosmetics","isPartOf":{"@id":"https:\/\/purecosmetics-shop.com\/accueil\/#website"},"primaryImageOfPage":{"@id":"https:\/\/purecosmetics-shop.com\/accueil\/produit\/revive-therapy-hair-scalp-brow-ampoule\/#primaryimage"},"image":{"@id":"https:\/\/purecosmetics-shop.com\/accueil\/produit\/revive-therapy-hair-scalp-brow-ampoule\/#primaryimage"},"thumbnailUrl":"https:\/\/purecosmetics-shop.com\/wp-content\/uploads\/2026\/02\/vivelab_Revive_Therapy_Hair_Scalp__Brow_Ampoule.jpg","datePublished":"2026-02-16T17:32:19+00:00","dateModified":"2026-04-05T14:45:50+00:00","breadcrumb":{"@id":"https:\/\/purecosmetics-shop.com\/accueil\/produit\/revive-therapy-hair-scalp-brow-ampoule\/#breadcrumb"},"inLanguage":"fr-FR","potentialAction":[{"@type":"ReadAction","target":["https:\/\/purecosmetics-shop.com\/accueil\/produit\/revive-therapy-hair-scalp-brow-ampoule\/"]}]},{"@type":"ImageObject","inLanguage":"fr-FR","@id":"https:\/\/purecosmetics-shop.com\/accueil\/produit\/revive-therapy-hair-scalp-brow-ampoule\/#primaryimage","url":"https:\/\/purecosmetics-shop.com\/wp-content\/uploads\/2026\/02\/vivelab_Revive_Therapy_Hair_Scalp__Brow_Ampoule.jpg","contentUrl":"https:\/\/purecosmetics-shop.com\/wp-content\/uploads\/2026\/02\/vivelab_Revive_Therapy_Hair_Scalp__Brow_Ampoule.jpg","width":780,"height":780,"caption":"vivelab Revive Therapy Hair Scalp & Brow Ampoule"},{"@type":"BreadcrumbList","@id":"https:\/\/purecosmetics-shop.com\/accueil\/produit\/revive-therapy-hair-scalp-brow-ampoule\/#breadcrumb","itemListElement":[{"@type":"ListItem","position":1,"name":"Accueil","item":"https:\/\/purecosmetics-shop.com\/accueil\/"},{"@type":"ListItem","position":2,"name":"Boutique","item":"https:\/\/purecosmetics-shop.com\/accueil\/boutique\/"},{"@type":"ListItem","position":3,"name":"Revive Therapy Hair Scalp &#038; Brow Ampoule"}]},{"@type":"WebSite","@id":"https:\/\/purecosmetics-shop.com\/accueil\/#website","url":"https:\/\/purecosmetics-shop.com\/accueil\/","name":"Pure Cosmetics","description":"Skincare cor\u00e9enne et japonais","publisher":{"@id":"https:\/\/purecosmetics-shop.com\/accueil\/#organization"},"potentialAction":[{"@type":"SearchAction","target":{"@type":"EntryPoint","urlTemplate":"https:\/\/purecosmetics-shop.com\/accueil\/?s={search_term_string}"},"query-input":{"@type":"PropertyValueSpecification","valueRequired":true,"valueName":"search_term_string"}}],"inLanguage":"fr-FR"},{"@type":"Organization","@id":"https:\/\/purecosmetics-shop.com\/accueil\/#organization","name":"Pure Cosmetics","url":"https:\/\/purecosmetics-shop.com\/accueil\/","logo":{"@type":"ImageObject","inLanguage":"fr-FR","@id":"https:\/\/purecosmetics-shop.com\/accueil\/#\/schema\/logo\/image\/","url":"https:\/\/purecosmetics-shop.com\/wp-content\/uploads\/2025\/04\/cropped-Pure-Cosmetics-black-2.png","contentUrl":"https:\/\/purecosmetics-shop.com\/wp-content\/uploads\/2025\/04\/cropped-Pure-Cosmetics-black-2.png","width":2362,"height":2324,"caption":"Pure Cosmetics"},"image":{"@id":"https:\/\/purecosmetics-shop.com\/accueil\/#\/schema\/logo\/image\/"}}]}},"jetpack_sharing_enabled":true,"_links":{"self":[{"href":"https:\/\/purecosmetics-shop.com\/accueil\/wp-json\/wp\/v2\/product\/5473","targetHints":{"allow":["GET"]}}],"collection":[{"href":"https:\/\/purecosmetics-shop.com\/accueil\/wp-json\/wp\/v2\/product"}],"about":[{"href":"https:\/\/purecosmetics-shop.com\/accueil\/wp-json\/wp\/v2\/types\/product"}],"replies":[{"embeddable":true,"href":"https:\/\/purecosmetics-shop.com\/accueil\/wp-json\/wp\/v2\/comments?post=5473"}],"version-history":[{"count":3,"href":"https:\/\/purecosmetics-shop.com\/accueil\/wp-json\/wp\/v2\/product\/5473\/revisions"}],"predecessor-version":[{"id":5486,"href":"https:\/\/purecosmetics-shop.com\/accueil\/wp-json\/wp\/v2\/product\/5473\/revisions\/5486"}],"wp:featuredmedia":[{"embeddable":true,"href":"https:\/\/purecosmetics-shop.com\/accueil\/wp-json\/wp\/v2\/media\/5481"}],"wp:attachment":[{"href":"https:\/\/purecosmetics-shop.com\/accueil\/wp-json\/wp\/v2\/media?parent=5473"}],"wp:term":[{"taxonomy":"product_brand","embeddable":true,"href":"https:\/\/purecosmetics-shop.com\/accueil\/wp-json\/wp\/v2\/product_brand?post=5473"},{"taxonomy":"product_cat","embeddable":true,"href":"https:\/\/purecosmetics-shop.com\/accueil\/wp-json\/wp\/v2\/product_cat?post=5473"},{"taxonomy":"product_tag","embeddable":true,"href":"https:\/\/purecosmetics-shop.com\/accueil\/wp-json\/wp\/v2\/product_tag?post=5473"}],"curies":[{"name":"wp","href":"https:\/\/api.w.org\/{rel}","templated":true}]}}