{"id":5458,"date":"2026-02-16T13:02:37","date_gmt":"2026-02-16T17:02:37","guid":{"rendered":"https:\/\/purecosmetics-shop.com\/accueil\/?post_type=product&#038;p=5458"},"modified":"2026-04-15T18:16:44","modified_gmt":"2026-04-15T22:16:44","slug":"high-lifting-chi-ki-da-mask","status":"publish","type":"product","link":"https:\/\/purecosmetics-shop.com\/accueil\/produit\/high-lifting-chi-ki-da-mask\/","title":{"rendered":"High Lifting Chi-Ki-Da Mask"},"content":{"rendered":"<p>Mode d&#8217;emploi:<\/p>\n<ol>\n<li>Apr\u00e8s le nettoyage, s\u00e9chez d\u00e9licatement votre visage en le tapotant.<\/li>\n<li>Retirez le masque et enlevez le film transparent.<\/li>\n<li>\u00c9tirez le masque si n\u00e9cessaire et appliquez-le uniform\u00e9ment pour une bonne adh\u00e9rence \u00e0 votre peau.<\/li>\n<li>Apr\u00e8s 30 minutes, retirez d\u00e9licatement le masque.<\/li>\n<\/ol>\n","protected":false},"excerpt":{"rendered":"<p>Ce masque offre un effet liftant efficace, prouv\u00e9 par des essais cliniques, et poss\u00e8de des propri\u00e9t\u00e9s anti-rides, \u00e9claircissantes, liftantes, hydratantes et rafra\u00eechissantes. Son application et son retrait procurent un effet liftant imm\u00e9diat.<\/p>\n<p>Con\u00e7u en tissu extensible, il adh\u00e8re parfaitement aux contours du visage et \u00e9pouse ses formes. Sa forme en ailettes assure un effet liftant optimal.<\/p>\n<p>Gr\u00e2ce \u00e0 une technique de rev\u00eatement sp\u00e9ciale, il offre une excellente adh\u00e9rence, \u00e9pouse la texture de la peau et lifte en douceur.<\/p>\n","protected":false},"featured_media":5470,"comment_status":"open","ping_status":"closed","template":"","meta":[],"product_brand":[230],"product_cat":[107,112,23],"product_tag":[],"class_list":{"0":"post-5458","1":"product","2":"type-product","3":"status-publish","4":"has-post-thumbnail","6":"product_brand-seohaesol","7":"product_cat-anti-age-et-elasticite","8":"product_cat-hydratation","9":"product_cat-masque","11":"first","12":"instock","13":"shipping-taxable","14":"purchasable","15":"product-type-simple"},"yoast_head":"<!-- This site is optimized with the Yoast SEO plugin v27.4 - https:\/\/yoast.com\/product\/yoast-seo-wordpress\/ -->\n<title>High Lifting Chi-Ki-Da Mask - Pure Cosmetics<\/title>\n<meta name=\"robots\" content=\"index, follow, max-snippet:-1, max-image-preview:large, max-video-preview:-1\" \/>\n<link rel=\"canonical\" href=\"https:\/\/purecosmetics-shop.com\/accueil\/produit\/high-lifting-chi-ki-da-mask\/\" \/>\n<meta property=\"og:locale\" content=\"fr_FR\" \/>\n<meta property=\"og:type\" content=\"article\" \/>\n<meta property=\"og:title\" content=\"High Lifting Chi-Ki-Da Mask - Pure Cosmetics\" \/>\n<meta property=\"og:description\" content=\"Ce masque offre un effet liftant efficace, prouv\u00e9 par des essais cliniques, et poss\u00e8de des propri\u00e9t\u00e9s anti-rides, \u00e9claircissantes, liftantes, hydratantes et rafra\u00eechissantes. Son application et son retrait procurent un effet liftant imm\u00e9diat.  Con\u00e7u en tissu extensible, il adh\u00e8re parfaitement aux contours du visage et \u00e9pouse ses formes. Sa forme en ailettes assure un effet liftant optimal.  Gr\u00e2ce \u00e0 une technique de rev\u00eatement sp\u00e9ciale, il offre une excellente adh\u00e9rence, \u00e9pouse la texture de la peau et lifte en douceur.\" \/>\n<meta property=\"og:url\" content=\"https:\/\/purecosmetics-shop.com\/accueil\/produit\/high-lifting-chi-ki-da-mask\/\" \/>\n<meta property=\"og:site_name\" content=\"Pure Cosmetics\" \/>\n<meta property=\"article:modified_time\" content=\"2026-04-15T22:16:44+00:00\" \/>\n<meta property=\"og:image\" content=\"https:\/\/purecosmetics-shop.com\/wp-content\/uploads\/2026\/02\/SeohaeSol_High_lifting_Chi-Ki-Da_Mask.webp\" \/>\n\t<meta property=\"og:image:width\" content=\"1500\" \/>\n\t<meta property=\"og:image:height\" content=\"1500\" \/>\n\t<meta property=\"og:image:type\" content=\"image\/webp\" \/>\n<meta name=\"twitter:card\" content=\"summary_large_image\" \/>\n<meta name=\"twitter:label1\" content=\"Dur\u00e9e de lecture estim\u00e9e\" \/>\n\t<meta name=\"twitter:data1\" content=\"1 minute\" \/>\n<script type=\"application\/ld+json\" class=\"yoast-schema-graph\">{\"@context\":\"https:\\\/\\\/schema.org\",\"@graph\":[{\"@type\":\"WebPage\",\"@id\":\"https:\\\/\\\/purecosmetics-shop.com\\\/accueil\\\/produit\\\/high-lifting-chi-ki-da-mask\\\/\",\"url\":\"https:\\\/\\\/purecosmetics-shop.com\\\/accueil\\\/produit\\\/high-lifting-chi-ki-da-mask\\\/\",\"name\":\"High Lifting Chi-Ki-Da Mask - Pure Cosmetics\",\"isPartOf\":{\"@id\":\"https:\\\/\\\/purecosmetics-shop.com\\\/accueil\\\/#website\"},\"primaryImageOfPage\":{\"@id\":\"https:\\\/\\\/purecosmetics-shop.com\\\/accueil\\\/produit\\\/high-lifting-chi-ki-da-mask\\\/#primaryimage\"},\"image\":{\"@id\":\"https:\\\/\\\/purecosmetics-shop.com\\\/accueil\\\/produit\\\/high-lifting-chi-ki-da-mask\\\/#primaryimage\"},\"thumbnailUrl\":\"https:\\\/\\\/purecosmetics-shop.com\\\/wp-content\\\/uploads\\\/2026\\\/02\\\/SeohaeSol_High_lifting_Chi-Ki-Da_Mask.webp\",\"datePublished\":\"2026-02-16T17:02:37+00:00\",\"dateModified\":\"2026-04-15T22:16:44+00:00\",\"breadcrumb\":{\"@id\":\"https:\\\/\\\/purecosmetics-shop.com\\\/accueil\\\/produit\\\/high-lifting-chi-ki-da-mask\\\/#breadcrumb\"},\"inLanguage\":\"fr-FR\",\"potentialAction\":[{\"@type\":\"ReadAction\",\"target\":[\"https:\\\/\\\/purecosmetics-shop.com\\\/accueil\\\/produit\\\/high-lifting-chi-ki-da-mask\\\/\"]}]},{\"@type\":\"ImageObject\",\"inLanguage\":\"fr-FR\",\"@id\":\"https:\\\/\\\/purecosmetics-shop.com\\\/accueil\\\/produit\\\/high-lifting-chi-ki-da-mask\\\/#primaryimage\",\"url\":\"https:\\\/\\\/purecosmetics-shop.com\\\/wp-content\\\/uploads\\\/2026\\\/02\\\/SeohaeSol_High_lifting_Chi-Ki-Da_Mask.webp\",\"contentUrl\":\"https:\\\/\\\/purecosmetics-shop.com\\\/wp-content\\\/uploads\\\/2026\\\/02\\\/SeohaeSol_High_lifting_Chi-Ki-Da_Mask.webp\",\"width\":1500,\"height\":1500,\"caption\":\"SeohaeSol High Lifting Chi-Ki-Da Mask\"},{\"@type\":\"BreadcrumbList\",\"@id\":\"https:\\\/\\\/purecosmetics-shop.com\\\/accueil\\\/produit\\\/high-lifting-chi-ki-da-mask\\\/#breadcrumb\",\"itemListElement\":[{\"@type\":\"ListItem\",\"position\":1,\"name\":\"Accueil\",\"item\":\"https:\\\/\\\/purecosmetics-shop.com\\\/accueil\\\/\"},{\"@type\":\"ListItem\",\"position\":2,\"name\":\"NOUVEAUT\u00c9S\",\"item\":\"https:\\\/\\\/purecosmetics-shop.com\\\/accueil\\\/nouveautes\\\/\"},{\"@type\":\"ListItem\",\"position\":3,\"name\":\"High Lifting Chi-Ki-Da Mask\"}]},{\"@type\":\"WebSite\",\"@id\":\"https:\\\/\\\/purecosmetics-shop.com\\\/accueil\\\/#website\",\"url\":\"https:\\\/\\\/purecosmetics-shop.com\\\/accueil\\\/\",\"name\":\"Pure Cosmetics\",\"description\":\"Skincare cor\u00e9enne et japonais\",\"publisher\":{\"@id\":\"https:\\\/\\\/purecosmetics-shop.com\\\/accueil\\\/#organization\"},\"potentialAction\":[{\"@type\":\"SearchAction\",\"target\":{\"@type\":\"EntryPoint\",\"urlTemplate\":\"https:\\\/\\\/purecosmetics-shop.com\\\/accueil\\\/?s={search_term_string}\"},\"query-input\":{\"@type\":\"PropertyValueSpecification\",\"valueRequired\":true,\"valueName\":\"search_term_string\"}}],\"inLanguage\":\"fr-FR\"},{\"@type\":\"Organization\",\"@id\":\"https:\\\/\\\/purecosmetics-shop.com\\\/accueil\\\/#organization\",\"name\":\"Pure Cosmetics\",\"url\":\"https:\\\/\\\/purecosmetics-shop.com\\\/accueil\\\/\",\"logo\":{\"@type\":\"ImageObject\",\"inLanguage\":\"fr-FR\",\"@id\":\"https:\\\/\\\/purecosmetics-shop.com\\\/accueil\\\/#\\\/schema\\\/logo\\\/image\\\/\",\"url\":\"https:\\\/\\\/purecosmetics-shop.com\\\/wp-content\\\/uploads\\\/2025\\\/04\\\/cropped-Pure-Cosmetics-black-2.png\",\"contentUrl\":\"https:\\\/\\\/purecosmetics-shop.com\\\/wp-content\\\/uploads\\\/2025\\\/04\\\/cropped-Pure-Cosmetics-black-2.png\",\"width\":2362,\"height\":2324,\"caption\":\"Pure Cosmetics\"},\"image\":{\"@id\":\"https:\\\/\\\/purecosmetics-shop.com\\\/accueil\\\/#\\\/schema\\\/logo\\\/image\\\/\"}}]}<\/script>\n<!-- \/ Yoast SEO plugin. -->","yoast_head_json":{"title":"High Lifting Chi-Ki-Da Mask - Pure Cosmetics","robots":{"index":"index","follow":"follow","max-snippet":"max-snippet:-1","max-image-preview":"max-image-preview:large","max-video-preview":"max-video-preview:-1"},"canonical":"https:\/\/purecosmetics-shop.com\/accueil\/produit\/high-lifting-chi-ki-da-mask\/","og_locale":"fr_FR","og_type":"article","og_title":"High Lifting Chi-Ki-Da Mask - Pure Cosmetics","og_description":"Ce masque offre un effet liftant efficace, prouv\u00e9 par des essais cliniques, et poss\u00e8de des propri\u00e9t\u00e9s anti-rides, \u00e9claircissantes, liftantes, hydratantes et rafra\u00eechissantes. Son application et son retrait procurent un effet liftant imm\u00e9diat.  Con\u00e7u en tissu extensible, il adh\u00e8re parfaitement aux contours du visage et \u00e9pouse ses formes. Sa forme en ailettes assure un effet liftant optimal.  Gr\u00e2ce \u00e0 une technique de rev\u00eatement sp\u00e9ciale, il offre une excellente adh\u00e9rence, \u00e9pouse la texture de la peau et lifte en douceur.","og_url":"https:\/\/purecosmetics-shop.com\/accueil\/produit\/high-lifting-chi-ki-da-mask\/","og_site_name":"Pure Cosmetics","article_modified_time":"2026-04-15T22:16:44+00:00","og_image":[{"width":1500,"height":1500,"url":"https:\/\/purecosmetics-shop.com\/wp-content\/uploads\/2026\/02\/SeohaeSol_High_lifting_Chi-Ki-Da_Mask.webp","type":"image\/webp"}],"twitter_card":"summary_large_image","twitter_misc":{"Dur\u00e9e de lecture estim\u00e9e":"1 minute"},"schema":{"@context":"https:\/\/schema.org","@graph":[{"@type":"WebPage","@id":"https:\/\/purecosmetics-shop.com\/accueil\/produit\/high-lifting-chi-ki-da-mask\/","url":"https:\/\/purecosmetics-shop.com\/accueil\/produit\/high-lifting-chi-ki-da-mask\/","name":"High Lifting Chi-Ki-Da Mask - Pure Cosmetics","isPartOf":{"@id":"https:\/\/purecosmetics-shop.com\/accueil\/#website"},"primaryImageOfPage":{"@id":"https:\/\/purecosmetics-shop.com\/accueil\/produit\/high-lifting-chi-ki-da-mask\/#primaryimage"},"image":{"@id":"https:\/\/purecosmetics-shop.com\/accueil\/produit\/high-lifting-chi-ki-da-mask\/#primaryimage"},"thumbnailUrl":"https:\/\/purecosmetics-shop.com\/wp-content\/uploads\/2026\/02\/SeohaeSol_High_lifting_Chi-Ki-Da_Mask.webp","datePublished":"2026-02-16T17:02:37+00:00","dateModified":"2026-04-15T22:16:44+00:00","breadcrumb":{"@id":"https:\/\/purecosmetics-shop.com\/accueil\/produit\/high-lifting-chi-ki-da-mask\/#breadcrumb"},"inLanguage":"fr-FR","potentialAction":[{"@type":"ReadAction","target":["https:\/\/purecosmetics-shop.com\/accueil\/produit\/high-lifting-chi-ki-da-mask\/"]}]},{"@type":"ImageObject","inLanguage":"fr-FR","@id":"https:\/\/purecosmetics-shop.com\/accueil\/produit\/high-lifting-chi-ki-da-mask\/#primaryimage","url":"https:\/\/purecosmetics-shop.com\/wp-content\/uploads\/2026\/02\/SeohaeSol_High_lifting_Chi-Ki-Da_Mask.webp","contentUrl":"https:\/\/purecosmetics-shop.com\/wp-content\/uploads\/2026\/02\/SeohaeSol_High_lifting_Chi-Ki-Da_Mask.webp","width":1500,"height":1500,"caption":"SeohaeSol High Lifting Chi-Ki-Da Mask"},{"@type":"BreadcrumbList","@id":"https:\/\/purecosmetics-shop.com\/accueil\/produit\/high-lifting-chi-ki-da-mask\/#breadcrumb","itemListElement":[{"@type":"ListItem","position":1,"name":"Accueil","item":"https:\/\/purecosmetics-shop.com\/accueil\/"},{"@type":"ListItem","position":2,"name":"NOUVEAUT\u00c9S","item":"https:\/\/purecosmetics-shop.com\/accueil\/nouveautes\/"},{"@type":"ListItem","position":3,"name":"High Lifting Chi-Ki-Da Mask"}]},{"@type":"WebSite","@id":"https:\/\/purecosmetics-shop.com\/accueil\/#website","url":"https:\/\/purecosmetics-shop.com\/accueil\/","name":"Pure Cosmetics","description":"Skincare cor\u00e9enne et japonais","publisher":{"@id":"https:\/\/purecosmetics-shop.com\/accueil\/#organization"},"potentialAction":[{"@type":"SearchAction","target":{"@type":"EntryPoint","urlTemplate":"https:\/\/purecosmetics-shop.com\/accueil\/?s={search_term_string}"},"query-input":{"@type":"PropertyValueSpecification","valueRequired":true,"valueName":"search_term_string"}}],"inLanguage":"fr-FR"},{"@type":"Organization","@id":"https:\/\/purecosmetics-shop.com\/accueil\/#organization","name":"Pure Cosmetics","url":"https:\/\/purecosmetics-shop.com\/accueil\/","logo":{"@type":"ImageObject","inLanguage":"fr-FR","@id":"https:\/\/purecosmetics-shop.com\/accueil\/#\/schema\/logo\/image\/","url":"https:\/\/purecosmetics-shop.com\/wp-content\/uploads\/2025\/04\/cropped-Pure-Cosmetics-black-2.png","contentUrl":"https:\/\/purecosmetics-shop.com\/wp-content\/uploads\/2025\/04\/cropped-Pure-Cosmetics-black-2.png","width":2362,"height":2324,"caption":"Pure Cosmetics"},"image":{"@id":"https:\/\/purecosmetics-shop.com\/accueil\/#\/schema\/logo\/image\/"}}]}},"jetpack_sharing_enabled":true,"_links":{"self":[{"href":"https:\/\/purecosmetics-shop.com\/accueil\/wp-json\/wp\/v2\/product\/5458","targetHints":{"allow":["GET"]}}],"collection":[{"href":"https:\/\/purecosmetics-shop.com\/accueil\/wp-json\/wp\/v2\/product"}],"about":[{"href":"https:\/\/purecosmetics-shop.com\/accueil\/wp-json\/wp\/v2\/types\/product"}],"replies":[{"embeddable":true,"href":"https:\/\/purecosmetics-shop.com\/accueil\/wp-json\/wp\/v2\/comments?post=5458"}],"version-history":[{"count":2,"href":"https:\/\/purecosmetics-shop.com\/accueil\/wp-json\/wp\/v2\/product\/5458\/revisions"}],"predecessor-version":[{"id":5472,"href":"https:\/\/purecosmetics-shop.com\/accueil\/wp-json\/wp\/v2\/product\/5458\/revisions\/5472"}],"wp:featuredmedia":[{"embeddable":true,"href":"https:\/\/purecosmetics-shop.com\/accueil\/wp-json\/wp\/v2\/media\/5470"}],"wp:attachment":[{"href":"https:\/\/purecosmetics-shop.com\/accueil\/wp-json\/wp\/v2\/media?parent=5458"}],"wp:term":[{"taxonomy":"product_brand","embeddable":true,"href":"https:\/\/purecosmetics-shop.com\/accueil\/wp-json\/wp\/v2\/product_brand?post=5458"},{"taxonomy":"product_cat","embeddable":true,"href":"https:\/\/purecosmetics-shop.com\/accueil\/wp-json\/wp\/v2\/product_cat?post=5458"},{"taxonomy":"product_tag","embeddable":true,"href":"https:\/\/purecosmetics-shop.com\/accueil\/wp-json\/wp\/v2\/product_tag?post=5458"}],"curies":[{"name":"wp","href":"https:\/\/api.w.org\/{rel}","templated":true}]}}