{"id":5413,"date":"2026-02-16T10:57:49","date_gmt":"2026-02-16T14:57:49","guid":{"rendered":"https:\/\/purecosmetics-shop.com\/accueil\/?post_type=product&#038;p=5413"},"modified":"2026-04-15T21:43:29","modified_gmt":"2026-04-16T01:43:29","slug":"root-biome-caffeine-scalp-ampoule","status":"publish","type":"product","link":"https:\/\/purecosmetics-shop.com\/accueil\/produit\/root-biome-caffeine-scalp-ampoule\/","title":{"rendered":"Root-Biome Caffeine Scalp Ampoule"},"content":{"rendered":"<p>Mode d&#8217;emploi:<\/p>\n<ol>\n<li>Appliquez directement sur le cuir chevelu \u00e0 l&rsquo;aide de l&rsquo;applicateur \u00e0 bille en acier.<\/li>\n<li>Faites glisser le produit sur les zones souhait\u00e9es et massez d\u00e9licatement.<\/li>\n<\/ol>\n<p>Pour un r\u00e9sultat optimal, utilisez quotidiennement, sur cuir chevelu humide ou sec.<\/p>\n","protected":false},"excerpt":{"rendered":"<p>Une ampoule capillaire l\u00e9g\u00e8re \u00e0 absorption rapide, con\u00e7ue pour rafra\u00eechir, apaiser et revitaliser les racines.<\/p>\n<p>Gr\u00e2ce \u00e0 la technologie RootBiome\u2122, elle r\u00e9tablit l&rsquo;\u00e9quilibre du cuir chevelu tandis que la caf\u00e9ine et le menthol stimulent la microcirculation et procurent une sensation de fra\u00eecheur imm\u00e9diate.<\/p>\n<p>Id\u00e9ale pour les cuirs chevelus fatigu\u00e9s, gras ou agress\u00e9s par la chaleur.<\/p>\n","protected":false},"featured_media":5420,"comment_status":"open","ping_status":"closed","template":"","meta":[],"product_brand":[197],"product_cat":[190,135],"product_tag":[],"class_list":{"0":"post-5413","1":"product","2":"type-product","3":"status-publish","4":"has-post-thumbnail","6":"product_brand-nine-less","7":"product_cat-ampoule","8":"product_cat-haircare","10":"first","11":"instock","12":"shipping-taxable","13":"purchasable","14":"product-type-simple"},"yoast_head":"<!-- This site is optimized with the Yoast SEO plugin v27.4 - https:\/\/yoast.com\/product\/yoast-seo-wordpress\/ -->\n<title>Root-Biome Caffeine Scalp Ampoule - Pure Cosmetics<\/title>\n<meta name=\"robots\" content=\"index, follow, max-snippet:-1, max-image-preview:large, max-video-preview:-1\" \/>\n<link rel=\"canonical\" href=\"https:\/\/purecosmetics-shop.com\/accueil\/produit\/root-biome-caffeine-scalp-ampoule\/\" \/>\n<meta property=\"og:locale\" content=\"fr_FR\" \/>\n<meta property=\"og:type\" content=\"article\" \/>\n<meta property=\"og:title\" content=\"Root-Biome Caffeine Scalp Ampoule - Pure Cosmetics\" \/>\n<meta property=\"og:description\" content=\"Une ampoule capillaire l\u00e9g\u00e8re \u00e0 absorption rapide, con\u00e7ue pour rafra\u00eechir, apaiser et revitaliser les racines.  Gr\u00e2ce \u00e0 la technologie RootBiome\u2122, elle r\u00e9tablit l&#039;\u00e9quilibre du cuir chevelu tandis que la caf\u00e9ine et le menthol stimulent la microcirculation et procurent une sensation de fra\u00eecheur imm\u00e9diate.  Id\u00e9ale pour les cuirs chevelus fatigu\u00e9s, gras ou agress\u00e9s par la chaleur.\" \/>\n<meta property=\"og:url\" content=\"https:\/\/purecosmetics-shop.com\/accueil\/produit\/root-biome-caffeine-scalp-ampoule\/\" \/>\n<meta property=\"og:site_name\" content=\"Pure Cosmetics\" \/>\n<meta property=\"article:modified_time\" content=\"2026-04-16T01:43:29+00:00\" \/>\n<meta property=\"og:image\" content=\"https:\/\/purecosmetics-shop.com\/wp-content\/uploads\/2026\/02\/NINELESS_Root-Biome_Caffeine_Scalp_Ampoule.jpg\" \/>\n\t<meta property=\"og:image:width\" content=\"1240\" \/>\n\t<meta property=\"og:image:height\" content=\"1400\" \/>\n\t<meta property=\"og:image:type\" content=\"image\/jpeg\" \/>\n<meta name=\"twitter:card\" content=\"summary_large_image\" \/>\n<meta name=\"twitter:label1\" content=\"Dur\u00e9e de lecture estim\u00e9e\" \/>\n\t<meta name=\"twitter:data1\" content=\"1 minute\" \/>\n<script type=\"application\/ld+json\" class=\"yoast-schema-graph\">{\"@context\":\"https:\\\/\\\/schema.org\",\"@graph\":[{\"@type\":\"WebPage\",\"@id\":\"https:\\\/\\\/purecosmetics-shop.com\\\/accueil\\\/produit\\\/root-biome-caffeine-scalp-ampoule\\\/\",\"url\":\"https:\\\/\\\/purecosmetics-shop.com\\\/accueil\\\/produit\\\/root-biome-caffeine-scalp-ampoule\\\/\",\"name\":\"Root-Biome Caffeine Scalp Ampoule - Pure Cosmetics\",\"isPartOf\":{\"@id\":\"https:\\\/\\\/purecosmetics-shop.com\\\/accueil\\\/#website\"},\"primaryImageOfPage\":{\"@id\":\"https:\\\/\\\/purecosmetics-shop.com\\\/accueil\\\/produit\\\/root-biome-caffeine-scalp-ampoule\\\/#primaryimage\"},\"image\":{\"@id\":\"https:\\\/\\\/purecosmetics-shop.com\\\/accueil\\\/produit\\\/root-biome-caffeine-scalp-ampoule\\\/#primaryimage\"},\"thumbnailUrl\":\"https:\\\/\\\/purecosmetics-shop.com\\\/wp-content\\\/uploads\\\/2026\\\/02\\\/NINELESS_Root-Biome_Caffeine_Scalp_Ampoule.jpg\",\"datePublished\":\"2026-02-16T14:57:49+00:00\",\"dateModified\":\"2026-04-16T01:43:29+00:00\",\"breadcrumb\":{\"@id\":\"https:\\\/\\\/purecosmetics-shop.com\\\/accueil\\\/produit\\\/root-biome-caffeine-scalp-ampoule\\\/#breadcrumb\"},\"inLanguage\":\"fr-FR\",\"potentialAction\":[{\"@type\":\"ReadAction\",\"target\":[\"https:\\\/\\\/purecosmetics-shop.com\\\/accueil\\\/produit\\\/root-biome-caffeine-scalp-ampoule\\\/\"]}]},{\"@type\":\"ImageObject\",\"inLanguage\":\"fr-FR\",\"@id\":\"https:\\\/\\\/purecosmetics-shop.com\\\/accueil\\\/produit\\\/root-biome-caffeine-scalp-ampoule\\\/#primaryimage\",\"url\":\"https:\\\/\\\/purecosmetics-shop.com\\\/wp-content\\\/uploads\\\/2026\\\/02\\\/NINELESS_Root-Biome_Caffeine_Scalp_Ampoule.jpg\",\"contentUrl\":\"https:\\\/\\\/purecosmetics-shop.com\\\/wp-content\\\/uploads\\\/2026\\\/02\\\/NINELESS_Root-Biome_Caffeine_Scalp_Ampoule.jpg\",\"width\":1240,\"height\":1400,\"caption\":\"NINELESS Root-Biome Caffeine Scalp Ampoule\"},{\"@type\":\"BreadcrumbList\",\"@id\":\"https:\\\/\\\/purecosmetics-shop.com\\\/accueil\\\/produit\\\/root-biome-caffeine-scalp-ampoule\\\/#breadcrumb\",\"itemListElement\":[{\"@type\":\"ListItem\",\"position\":1,\"name\":\"Accueil\",\"item\":\"https:\\\/\\\/purecosmetics-shop.com\\\/accueil\\\/\"},{\"@type\":\"ListItem\",\"position\":2,\"name\":\"NOUVEAUT\u00c9S\",\"item\":\"https:\\\/\\\/purecosmetics-shop.com\\\/accueil\\\/nouveautes\\\/\"},{\"@type\":\"ListItem\",\"position\":3,\"name\":\"Root-Biome Caffeine Scalp Ampoule\"}]},{\"@type\":\"WebSite\",\"@id\":\"https:\\\/\\\/purecosmetics-shop.com\\\/accueil\\\/#website\",\"url\":\"https:\\\/\\\/purecosmetics-shop.com\\\/accueil\\\/\",\"name\":\"Pure Cosmetics\",\"description\":\"Skincare cor\u00e9enne et japonais\",\"publisher\":{\"@id\":\"https:\\\/\\\/purecosmetics-shop.com\\\/accueil\\\/#organization\"},\"potentialAction\":[{\"@type\":\"SearchAction\",\"target\":{\"@type\":\"EntryPoint\",\"urlTemplate\":\"https:\\\/\\\/purecosmetics-shop.com\\\/accueil\\\/?s={search_term_string}\"},\"query-input\":{\"@type\":\"PropertyValueSpecification\",\"valueRequired\":true,\"valueName\":\"search_term_string\"}}],\"inLanguage\":\"fr-FR\"},{\"@type\":\"Organization\",\"@id\":\"https:\\\/\\\/purecosmetics-shop.com\\\/accueil\\\/#organization\",\"name\":\"Pure Cosmetics\",\"url\":\"https:\\\/\\\/purecosmetics-shop.com\\\/accueil\\\/\",\"logo\":{\"@type\":\"ImageObject\",\"inLanguage\":\"fr-FR\",\"@id\":\"https:\\\/\\\/purecosmetics-shop.com\\\/accueil\\\/#\\\/schema\\\/logo\\\/image\\\/\",\"url\":\"https:\\\/\\\/purecosmetics-shop.com\\\/wp-content\\\/uploads\\\/2025\\\/04\\\/cropped-Pure-Cosmetics-black-2.png\",\"contentUrl\":\"https:\\\/\\\/purecosmetics-shop.com\\\/wp-content\\\/uploads\\\/2025\\\/04\\\/cropped-Pure-Cosmetics-black-2.png\",\"width\":2362,\"height\":2324,\"caption\":\"Pure Cosmetics\"},\"image\":{\"@id\":\"https:\\\/\\\/purecosmetics-shop.com\\\/accueil\\\/#\\\/schema\\\/logo\\\/image\\\/\"}}]}<\/script>\n<!-- \/ Yoast SEO plugin. -->","yoast_head_json":{"title":"Root-Biome Caffeine Scalp Ampoule - Pure Cosmetics","robots":{"index":"index","follow":"follow","max-snippet":"max-snippet:-1","max-image-preview":"max-image-preview:large","max-video-preview":"max-video-preview:-1"},"canonical":"https:\/\/purecosmetics-shop.com\/accueil\/produit\/root-biome-caffeine-scalp-ampoule\/","og_locale":"fr_FR","og_type":"article","og_title":"Root-Biome Caffeine Scalp Ampoule - Pure Cosmetics","og_description":"Une ampoule capillaire l\u00e9g\u00e8re \u00e0 absorption rapide, con\u00e7ue pour rafra\u00eechir, apaiser et revitaliser les racines.  Gr\u00e2ce \u00e0 la technologie RootBiome\u2122, elle r\u00e9tablit l'\u00e9quilibre du cuir chevelu tandis que la caf\u00e9ine et le menthol stimulent la microcirculation et procurent une sensation de fra\u00eecheur imm\u00e9diate.  Id\u00e9ale pour les cuirs chevelus fatigu\u00e9s, gras ou agress\u00e9s par la chaleur.","og_url":"https:\/\/purecosmetics-shop.com\/accueil\/produit\/root-biome-caffeine-scalp-ampoule\/","og_site_name":"Pure Cosmetics","article_modified_time":"2026-04-16T01:43:29+00:00","og_image":[{"width":1240,"height":1400,"url":"https:\/\/purecosmetics-shop.com\/wp-content\/uploads\/2026\/02\/NINELESS_Root-Biome_Caffeine_Scalp_Ampoule.jpg","type":"image\/jpeg"}],"twitter_card":"summary_large_image","twitter_misc":{"Dur\u00e9e de lecture estim\u00e9e":"1 minute"},"schema":{"@context":"https:\/\/schema.org","@graph":[{"@type":"WebPage","@id":"https:\/\/purecosmetics-shop.com\/accueil\/produit\/root-biome-caffeine-scalp-ampoule\/","url":"https:\/\/purecosmetics-shop.com\/accueil\/produit\/root-biome-caffeine-scalp-ampoule\/","name":"Root-Biome Caffeine Scalp Ampoule - Pure Cosmetics","isPartOf":{"@id":"https:\/\/purecosmetics-shop.com\/accueil\/#website"},"primaryImageOfPage":{"@id":"https:\/\/purecosmetics-shop.com\/accueil\/produit\/root-biome-caffeine-scalp-ampoule\/#primaryimage"},"image":{"@id":"https:\/\/purecosmetics-shop.com\/accueil\/produit\/root-biome-caffeine-scalp-ampoule\/#primaryimage"},"thumbnailUrl":"https:\/\/purecosmetics-shop.com\/wp-content\/uploads\/2026\/02\/NINELESS_Root-Biome_Caffeine_Scalp_Ampoule.jpg","datePublished":"2026-02-16T14:57:49+00:00","dateModified":"2026-04-16T01:43:29+00:00","breadcrumb":{"@id":"https:\/\/purecosmetics-shop.com\/accueil\/produit\/root-biome-caffeine-scalp-ampoule\/#breadcrumb"},"inLanguage":"fr-FR","potentialAction":[{"@type":"ReadAction","target":["https:\/\/purecosmetics-shop.com\/accueil\/produit\/root-biome-caffeine-scalp-ampoule\/"]}]},{"@type":"ImageObject","inLanguage":"fr-FR","@id":"https:\/\/purecosmetics-shop.com\/accueil\/produit\/root-biome-caffeine-scalp-ampoule\/#primaryimage","url":"https:\/\/purecosmetics-shop.com\/wp-content\/uploads\/2026\/02\/NINELESS_Root-Biome_Caffeine_Scalp_Ampoule.jpg","contentUrl":"https:\/\/purecosmetics-shop.com\/wp-content\/uploads\/2026\/02\/NINELESS_Root-Biome_Caffeine_Scalp_Ampoule.jpg","width":1240,"height":1400,"caption":"NINELESS Root-Biome Caffeine Scalp Ampoule"},{"@type":"BreadcrumbList","@id":"https:\/\/purecosmetics-shop.com\/accueil\/produit\/root-biome-caffeine-scalp-ampoule\/#breadcrumb","itemListElement":[{"@type":"ListItem","position":1,"name":"Accueil","item":"https:\/\/purecosmetics-shop.com\/accueil\/"},{"@type":"ListItem","position":2,"name":"NOUVEAUT\u00c9S","item":"https:\/\/purecosmetics-shop.com\/accueil\/nouveautes\/"},{"@type":"ListItem","position":3,"name":"Root-Biome Caffeine Scalp Ampoule"}]},{"@type":"WebSite","@id":"https:\/\/purecosmetics-shop.com\/accueil\/#website","url":"https:\/\/purecosmetics-shop.com\/accueil\/","name":"Pure Cosmetics","description":"Skincare cor\u00e9enne et japonais","publisher":{"@id":"https:\/\/purecosmetics-shop.com\/accueil\/#organization"},"potentialAction":[{"@type":"SearchAction","target":{"@type":"EntryPoint","urlTemplate":"https:\/\/purecosmetics-shop.com\/accueil\/?s={search_term_string}"},"query-input":{"@type":"PropertyValueSpecification","valueRequired":true,"valueName":"search_term_string"}}],"inLanguage":"fr-FR"},{"@type":"Organization","@id":"https:\/\/purecosmetics-shop.com\/accueil\/#organization","name":"Pure Cosmetics","url":"https:\/\/purecosmetics-shop.com\/accueil\/","logo":{"@type":"ImageObject","inLanguage":"fr-FR","@id":"https:\/\/purecosmetics-shop.com\/accueil\/#\/schema\/logo\/image\/","url":"https:\/\/purecosmetics-shop.com\/wp-content\/uploads\/2025\/04\/cropped-Pure-Cosmetics-black-2.png","contentUrl":"https:\/\/purecosmetics-shop.com\/wp-content\/uploads\/2025\/04\/cropped-Pure-Cosmetics-black-2.png","width":2362,"height":2324,"caption":"Pure Cosmetics"},"image":{"@id":"https:\/\/purecosmetics-shop.com\/accueil\/#\/schema\/logo\/image\/"}}]}},"jetpack_sharing_enabled":true,"_links":{"self":[{"href":"https:\/\/purecosmetics-shop.com\/accueil\/wp-json\/wp\/v2\/product\/5413","targetHints":{"allow":["GET"]}}],"collection":[{"href":"https:\/\/purecosmetics-shop.com\/accueil\/wp-json\/wp\/v2\/product"}],"about":[{"href":"https:\/\/purecosmetics-shop.com\/accueil\/wp-json\/wp\/v2\/types\/product"}],"replies":[{"embeddable":true,"href":"https:\/\/purecosmetics-shop.com\/accueil\/wp-json\/wp\/v2\/comments?post=5413"}],"version-history":[{"count":1,"href":"https:\/\/purecosmetics-shop.com\/accueil\/wp-json\/wp\/v2\/product\/5413\/revisions"}],"predecessor-version":[{"id":5422,"href":"https:\/\/purecosmetics-shop.com\/accueil\/wp-json\/wp\/v2\/product\/5413\/revisions\/5422"}],"wp:featuredmedia":[{"embeddable":true,"href":"https:\/\/purecosmetics-shop.com\/accueil\/wp-json\/wp\/v2\/media\/5420"}],"wp:attachment":[{"href":"https:\/\/purecosmetics-shop.com\/accueil\/wp-json\/wp\/v2\/media?parent=5413"}],"wp:term":[{"taxonomy":"product_brand","embeddable":true,"href":"https:\/\/purecosmetics-shop.com\/accueil\/wp-json\/wp\/v2\/product_brand?post=5413"},{"taxonomy":"product_cat","embeddable":true,"href":"https:\/\/purecosmetics-shop.com\/accueil\/wp-json\/wp\/v2\/product_cat?post=5413"},{"taxonomy":"product_tag","embeddable":true,"href":"https:\/\/purecosmetics-shop.com\/accueil\/wp-json\/wp\/v2\/product_tag?post=5413"}],"curies":[{"name":"wp","href":"https:\/\/api.w.org\/{rel}","templated":true}]}}