{"id":5380,"date":"2026-02-19T09:50:58","date_gmt":"2026-02-19T13:50:58","guid":{"rendered":"https:\/\/purecosmetics-shop.com\/accueil\/?post_type=product&#038;p=5380"},"modified":"2026-04-15T23:16:05","modified_gmt":"2026-04-16T03:16:05","slug":"kojic-acid-turmeric-niacinamide-serum","status":"publish","type":"product","link":"https:\/\/purecosmetics-shop.com\/accueil\/produit\/kojic-acid-turmeric-niacinamide-serum\/","title":{"rendered":"KOJIC  ACID TURMERIC NIACINAMIDE SERUM"},"content":{"rendered":"<p>Mode d&#8217;emploi:<\/p>\n<ol>\n<li>Appliquez quelques gouttes apr\u00e8s le nettoyage.<\/li>\n<li>Tapotez uniform\u00e9ment sur la peau jusqu&rsquo;\u00e0 absorption compl\u00e8te.<\/li>\n<\/ol>\n","protected":false},"excerpt":{"rendered":"<p>S\u00e9rum riches en antioxydants puissants \u2013 acide kojique et curcuma, et capsules \u00e9clat pour une barri\u00e8re cutan\u00e9e renforc\u00e9e.<\/p>\n<p>Naturellement riche au curcuma, ce produit contribue \u00e0 att\u00e9nuer l&rsquo;hyperpigmentation. Il apaise les irritations et calme les peaux stress\u00e9es et irr\u00e9guli\u00e8res.<\/p>\n<p>Ces microcapsules, semblables \u00e0 des flocons de neige, lib\u00e8rent leurs actifs au contact de la peau pour un soin profond et efficace.<\/p>\n<p>&nbsp;<\/p>\n","protected":false},"featured_media":5382,"comment_status":"open","ping_status":"closed","template":"","meta":[],"product_brand":[170],"product_cat":[108,110,113,115,116,117,118,21],"product_tag":[],"class_list":{"0":"post-5380","1":"product","2":"type-product","3":"status-publish","4":"has-post-thumbnail","6":"product_brand-medicube","7":"product_cat-anti-imperfections-et-pores","8":"product_cat-anti-tache-et-hyperpigmentation","9":"product_cat-peau-a-tendance-acneique","10":"product_cat-peau-grasse","11":"product_cat-peau-mixte","12":"product_cat-peau-normale","13":"product_cat-peau-seche","14":"product_cat-serum","16":"first","17":"instock","18":"shipping-taxable","19":"purchasable","20":"product-type-simple"},"yoast_head":"<!-- This site is optimized with the Yoast SEO plugin v27.4 - https:\/\/yoast.com\/product\/yoast-seo-wordpress\/ -->\n<title>KOJIC ACID TURMERIC NIACINAMIDE SERUM - Pure Cosmetics<\/title>\n<meta name=\"robots\" content=\"index, follow, max-snippet:-1, max-image-preview:large, max-video-preview:-1\" \/>\n<link rel=\"canonical\" href=\"https:\/\/purecosmetics-shop.com\/accueil\/produit\/kojic-acid-turmeric-niacinamide-serum\/\" \/>\n<meta property=\"og:locale\" content=\"fr_FR\" \/>\n<meta property=\"og:type\" content=\"article\" \/>\n<meta property=\"og:title\" content=\"KOJIC ACID TURMERIC NIACINAMIDE SERUM - Pure Cosmetics\" \/>\n<meta property=\"og:description\" content=\"S\u00e9rum riches en antioxydants puissants \u2013 acide kojique et curcuma, et capsules \u00e9clat pour une barri\u00e8re cutan\u00e9e renforc\u00e9e.  Naturellement riche au curcuma, ce produit contribue \u00e0 att\u00e9nuer l&#039;hyperpigmentation. Il apaise les irritations et calme les peaux stress\u00e9es et irr\u00e9guli\u00e8res.  Ces microcapsules, semblables \u00e0 des flocons de neige, lib\u00e8rent leurs actifs au contact de la peau pour un soin profond et efficace.  &nbsp;\" \/>\n<meta property=\"og:url\" content=\"https:\/\/purecosmetics-shop.com\/accueil\/produit\/kojic-acid-turmeric-niacinamide-serum\/\" \/>\n<meta property=\"og:site_name\" content=\"Pure Cosmetics\" \/>\n<meta property=\"article:modified_time\" content=\"2026-04-16T03:16:05+00:00\" \/>\n<meta property=\"og:image\" content=\"https:\/\/purecosmetics-shop.com\/wp-content\/uploads\/2026\/02\/MEDICUBE_KOJIC-_ACID_TURMERIC_NIACINAMIDE_SERUM.png\" \/>\n\t<meta property=\"og:image:width\" content=\"1136\" \/>\n\t<meta property=\"og:image:height\" content=\"1138\" \/>\n\t<meta property=\"og:image:type\" content=\"image\/png\" \/>\n<meta name=\"twitter:card\" content=\"summary_large_image\" \/>\n<meta name=\"twitter:label1\" content=\"Dur\u00e9e de lecture estim\u00e9e\" \/>\n\t<meta name=\"twitter:data1\" content=\"1 minute\" \/>\n<script type=\"application\/ld+json\" class=\"yoast-schema-graph\">{\"@context\":\"https:\\\/\\\/schema.org\",\"@graph\":[{\"@type\":\"WebPage\",\"@id\":\"https:\\\/\\\/purecosmetics-shop.com\\\/accueil\\\/produit\\\/kojic-acid-turmeric-niacinamide-serum\\\/\",\"url\":\"https:\\\/\\\/purecosmetics-shop.com\\\/accueil\\\/produit\\\/kojic-acid-turmeric-niacinamide-serum\\\/\",\"name\":\"KOJIC ACID TURMERIC NIACINAMIDE SERUM - Pure Cosmetics\",\"isPartOf\":{\"@id\":\"https:\\\/\\\/purecosmetics-shop.com\\\/accueil\\\/#website\"},\"primaryImageOfPage\":{\"@id\":\"https:\\\/\\\/purecosmetics-shop.com\\\/accueil\\\/produit\\\/kojic-acid-turmeric-niacinamide-serum\\\/#primaryimage\"},\"image\":{\"@id\":\"https:\\\/\\\/purecosmetics-shop.com\\\/accueil\\\/produit\\\/kojic-acid-turmeric-niacinamide-serum\\\/#primaryimage\"},\"thumbnailUrl\":\"https:\\\/\\\/purecosmetics-shop.com\\\/wp-content\\\/uploads\\\/2026\\\/02\\\/MEDICUBE_KOJIC-_ACID_TURMERIC_NIACINAMIDE_SERUM.png\",\"datePublished\":\"2026-02-19T13:50:58+00:00\",\"dateModified\":\"2026-04-16T03:16:05+00:00\",\"breadcrumb\":{\"@id\":\"https:\\\/\\\/purecosmetics-shop.com\\\/accueil\\\/produit\\\/kojic-acid-turmeric-niacinamide-serum\\\/#breadcrumb\"},\"inLanguage\":\"fr-FR\",\"potentialAction\":[{\"@type\":\"ReadAction\",\"target\":[\"https:\\\/\\\/purecosmetics-shop.com\\\/accueil\\\/produit\\\/kojic-acid-turmeric-niacinamide-serum\\\/\"]}]},{\"@type\":\"ImageObject\",\"inLanguage\":\"fr-FR\",\"@id\":\"https:\\\/\\\/purecosmetics-shop.com\\\/accueil\\\/produit\\\/kojic-acid-turmeric-niacinamide-serum\\\/#primaryimage\",\"url\":\"https:\\\/\\\/purecosmetics-shop.com\\\/wp-content\\\/uploads\\\/2026\\\/02\\\/MEDICUBE_KOJIC-_ACID_TURMERIC_NIACINAMIDE_SERUM.png\",\"contentUrl\":\"https:\\\/\\\/purecosmetics-shop.com\\\/wp-content\\\/uploads\\\/2026\\\/02\\\/MEDICUBE_KOJIC-_ACID_TURMERIC_NIACINAMIDE_SERUM.png\",\"width\":1136,\"height\":1138,\"caption\":\"MEDICUBE KOJIC ACID TURMERIC NIACINAMIDE SERUM\"},{\"@type\":\"BreadcrumbList\",\"@id\":\"https:\\\/\\\/purecosmetics-shop.com\\\/accueil\\\/produit\\\/kojic-acid-turmeric-niacinamide-serum\\\/#breadcrumb\",\"itemListElement\":[{\"@type\":\"ListItem\",\"position\":1,\"name\":\"Accueil\",\"item\":\"https:\\\/\\\/purecosmetics-shop.com\\\/accueil\\\/\"},{\"@type\":\"ListItem\",\"position\":2,\"name\":\"NOUVEAUT\u00c9S\",\"item\":\"https:\\\/\\\/purecosmetics-shop.com\\\/accueil\\\/nouveautes\\\/\"},{\"@type\":\"ListItem\",\"position\":3,\"name\":\"KOJIC ACID TURMERIC NIACINAMIDE SERUM\"}]},{\"@type\":\"WebSite\",\"@id\":\"https:\\\/\\\/purecosmetics-shop.com\\\/accueil\\\/#website\",\"url\":\"https:\\\/\\\/purecosmetics-shop.com\\\/accueil\\\/\",\"name\":\"Pure Cosmetics\",\"description\":\"Skincare cor\u00e9enne et japonais\",\"publisher\":{\"@id\":\"https:\\\/\\\/purecosmetics-shop.com\\\/accueil\\\/#organization\"},\"potentialAction\":[{\"@type\":\"SearchAction\",\"target\":{\"@type\":\"EntryPoint\",\"urlTemplate\":\"https:\\\/\\\/purecosmetics-shop.com\\\/accueil\\\/?s={search_term_string}\"},\"query-input\":{\"@type\":\"PropertyValueSpecification\",\"valueRequired\":true,\"valueName\":\"search_term_string\"}}],\"inLanguage\":\"fr-FR\"},{\"@type\":\"Organization\",\"@id\":\"https:\\\/\\\/purecosmetics-shop.com\\\/accueil\\\/#organization\",\"name\":\"Pure Cosmetics\",\"url\":\"https:\\\/\\\/purecosmetics-shop.com\\\/accueil\\\/\",\"logo\":{\"@type\":\"ImageObject\",\"inLanguage\":\"fr-FR\",\"@id\":\"https:\\\/\\\/purecosmetics-shop.com\\\/accueil\\\/#\\\/schema\\\/logo\\\/image\\\/\",\"url\":\"https:\\\/\\\/purecosmetics-shop.com\\\/wp-content\\\/uploads\\\/2025\\\/04\\\/cropped-Pure-Cosmetics-black-2.png\",\"contentUrl\":\"https:\\\/\\\/purecosmetics-shop.com\\\/wp-content\\\/uploads\\\/2025\\\/04\\\/cropped-Pure-Cosmetics-black-2.png\",\"width\":2362,\"height\":2324,\"caption\":\"Pure Cosmetics\"},\"image\":{\"@id\":\"https:\\\/\\\/purecosmetics-shop.com\\\/accueil\\\/#\\\/schema\\\/logo\\\/image\\\/\"}}]}<\/script>\n<!-- \/ Yoast SEO plugin. -->","yoast_head_json":{"title":"KOJIC ACID TURMERIC NIACINAMIDE SERUM - Pure Cosmetics","robots":{"index":"index","follow":"follow","max-snippet":"max-snippet:-1","max-image-preview":"max-image-preview:large","max-video-preview":"max-video-preview:-1"},"canonical":"https:\/\/purecosmetics-shop.com\/accueil\/produit\/kojic-acid-turmeric-niacinamide-serum\/","og_locale":"fr_FR","og_type":"article","og_title":"KOJIC ACID TURMERIC NIACINAMIDE SERUM - Pure Cosmetics","og_description":"S\u00e9rum riches en antioxydants puissants \u2013 acide kojique et curcuma, et capsules \u00e9clat pour une barri\u00e8re cutan\u00e9e renforc\u00e9e.  Naturellement riche au curcuma, ce produit contribue \u00e0 att\u00e9nuer l'hyperpigmentation. Il apaise les irritations et calme les peaux stress\u00e9es et irr\u00e9guli\u00e8res.  Ces microcapsules, semblables \u00e0 des flocons de neige, lib\u00e8rent leurs actifs au contact de la peau pour un soin profond et efficace.  &nbsp;","og_url":"https:\/\/purecosmetics-shop.com\/accueil\/produit\/kojic-acid-turmeric-niacinamide-serum\/","og_site_name":"Pure Cosmetics","article_modified_time":"2026-04-16T03:16:05+00:00","og_image":[{"width":1136,"height":1138,"url":"https:\/\/purecosmetics-shop.com\/wp-content\/uploads\/2026\/02\/MEDICUBE_KOJIC-_ACID_TURMERIC_NIACINAMIDE_SERUM.png","type":"image\/png"}],"twitter_card":"summary_large_image","twitter_misc":{"Dur\u00e9e de lecture estim\u00e9e":"1 minute"},"schema":{"@context":"https:\/\/schema.org","@graph":[{"@type":"WebPage","@id":"https:\/\/purecosmetics-shop.com\/accueil\/produit\/kojic-acid-turmeric-niacinamide-serum\/","url":"https:\/\/purecosmetics-shop.com\/accueil\/produit\/kojic-acid-turmeric-niacinamide-serum\/","name":"KOJIC ACID TURMERIC NIACINAMIDE SERUM - Pure Cosmetics","isPartOf":{"@id":"https:\/\/purecosmetics-shop.com\/accueil\/#website"},"primaryImageOfPage":{"@id":"https:\/\/purecosmetics-shop.com\/accueil\/produit\/kojic-acid-turmeric-niacinamide-serum\/#primaryimage"},"image":{"@id":"https:\/\/purecosmetics-shop.com\/accueil\/produit\/kojic-acid-turmeric-niacinamide-serum\/#primaryimage"},"thumbnailUrl":"https:\/\/purecosmetics-shop.com\/wp-content\/uploads\/2026\/02\/MEDICUBE_KOJIC-_ACID_TURMERIC_NIACINAMIDE_SERUM.png","datePublished":"2026-02-19T13:50:58+00:00","dateModified":"2026-04-16T03:16:05+00:00","breadcrumb":{"@id":"https:\/\/purecosmetics-shop.com\/accueil\/produit\/kojic-acid-turmeric-niacinamide-serum\/#breadcrumb"},"inLanguage":"fr-FR","potentialAction":[{"@type":"ReadAction","target":["https:\/\/purecosmetics-shop.com\/accueil\/produit\/kojic-acid-turmeric-niacinamide-serum\/"]}]},{"@type":"ImageObject","inLanguage":"fr-FR","@id":"https:\/\/purecosmetics-shop.com\/accueil\/produit\/kojic-acid-turmeric-niacinamide-serum\/#primaryimage","url":"https:\/\/purecosmetics-shop.com\/wp-content\/uploads\/2026\/02\/MEDICUBE_KOJIC-_ACID_TURMERIC_NIACINAMIDE_SERUM.png","contentUrl":"https:\/\/purecosmetics-shop.com\/wp-content\/uploads\/2026\/02\/MEDICUBE_KOJIC-_ACID_TURMERIC_NIACINAMIDE_SERUM.png","width":1136,"height":1138,"caption":"MEDICUBE KOJIC ACID TURMERIC NIACINAMIDE SERUM"},{"@type":"BreadcrumbList","@id":"https:\/\/purecosmetics-shop.com\/accueil\/produit\/kojic-acid-turmeric-niacinamide-serum\/#breadcrumb","itemListElement":[{"@type":"ListItem","position":1,"name":"Accueil","item":"https:\/\/purecosmetics-shop.com\/accueil\/"},{"@type":"ListItem","position":2,"name":"NOUVEAUT\u00c9S","item":"https:\/\/purecosmetics-shop.com\/accueil\/nouveautes\/"},{"@type":"ListItem","position":3,"name":"KOJIC ACID TURMERIC NIACINAMIDE SERUM"}]},{"@type":"WebSite","@id":"https:\/\/purecosmetics-shop.com\/accueil\/#website","url":"https:\/\/purecosmetics-shop.com\/accueil\/","name":"Pure Cosmetics","description":"Skincare cor\u00e9enne et japonais","publisher":{"@id":"https:\/\/purecosmetics-shop.com\/accueil\/#organization"},"potentialAction":[{"@type":"SearchAction","target":{"@type":"EntryPoint","urlTemplate":"https:\/\/purecosmetics-shop.com\/accueil\/?s={search_term_string}"},"query-input":{"@type":"PropertyValueSpecification","valueRequired":true,"valueName":"search_term_string"}}],"inLanguage":"fr-FR"},{"@type":"Organization","@id":"https:\/\/purecosmetics-shop.com\/accueil\/#organization","name":"Pure Cosmetics","url":"https:\/\/purecosmetics-shop.com\/accueil\/","logo":{"@type":"ImageObject","inLanguage":"fr-FR","@id":"https:\/\/purecosmetics-shop.com\/accueil\/#\/schema\/logo\/image\/","url":"https:\/\/purecosmetics-shop.com\/wp-content\/uploads\/2025\/04\/cropped-Pure-Cosmetics-black-2.png","contentUrl":"https:\/\/purecosmetics-shop.com\/wp-content\/uploads\/2025\/04\/cropped-Pure-Cosmetics-black-2.png","width":2362,"height":2324,"caption":"Pure Cosmetics"},"image":{"@id":"https:\/\/purecosmetics-shop.com\/accueil\/#\/schema\/logo\/image\/"}}]}},"jetpack_sharing_enabled":true,"_links":{"self":[{"href":"https:\/\/purecosmetics-shop.com\/accueil\/wp-json\/wp\/v2\/product\/5380","targetHints":{"allow":["GET"]}}],"collection":[{"href":"https:\/\/purecosmetics-shop.com\/accueil\/wp-json\/wp\/v2\/product"}],"about":[{"href":"https:\/\/purecosmetics-shop.com\/accueil\/wp-json\/wp\/v2\/types\/product"}],"replies":[{"embeddable":true,"href":"https:\/\/purecosmetics-shop.com\/accueil\/wp-json\/wp\/v2\/comments?post=5380"}],"version-history":[{"count":1,"href":"https:\/\/purecosmetics-shop.com\/accueil\/wp-json\/wp\/v2\/product\/5380\/revisions"}],"predecessor-version":[{"id":5389,"href":"https:\/\/purecosmetics-shop.com\/accueil\/wp-json\/wp\/v2\/product\/5380\/revisions\/5389"}],"wp:featuredmedia":[{"embeddable":true,"href":"https:\/\/purecosmetics-shop.com\/accueil\/wp-json\/wp\/v2\/media\/5382"}],"wp:attachment":[{"href":"https:\/\/purecosmetics-shop.com\/accueil\/wp-json\/wp\/v2\/media?parent=5380"}],"wp:term":[{"taxonomy":"product_brand","embeddable":true,"href":"https:\/\/purecosmetics-shop.com\/accueil\/wp-json\/wp\/v2\/product_brand?post=5380"},{"taxonomy":"product_cat","embeddable":true,"href":"https:\/\/purecosmetics-shop.com\/accueil\/wp-json\/wp\/v2\/product_cat?post=5380"},{"taxonomy":"product_tag","embeddable":true,"href":"https:\/\/purecosmetics-shop.com\/accueil\/wp-json\/wp\/v2\/product_tag?post=5380"}],"curies":[{"name":"wp","href":"https:\/\/api.w.org\/{rel}","templated":true}]}}