{"id":5368,"date":"2026-02-13T16:24:24","date_gmt":"2026-02-13T20:24:24","guid":{"rendered":"https:\/\/purecosmetics-shop.com\/accueil\/?post_type=product&#038;p=5368"},"modified":"2026-04-15T23:16:48","modified_gmt":"2026-04-16T03:16:48","slug":"kojic-acid-turmeric-night-wrapping-mask","status":"publish","type":"product","link":"https:\/\/purecosmetics-shop.com\/accueil\/produit\/kojic-acid-turmeric-night-wrapping-mask\/","title":{"rendered":"KOJIC ACID TURMERIC NIGHT WRAPPING MASK"},"content":{"rendered":"<p>Mode d&#8217;emploi:<\/p>\n<ol>\n<li>Apr\u00e8s le nettoyage, appliquez g\u00e9n\u00e9reusement la lotion tonique sur votre visage propre.<\/li>\n<li>Terminez votre routine de soin en appliquant une couche uniforme de masque enveloppant sur votre visage. Utilisez un pinceau ou une spatule pour une application lisse, en veillant \u00e0 \u00e9viter les sourcils, la racine des cheveux, les yeux et les l\u00e8vres.<\/li>\n<li>Laissez s\u00e9cher pendant environ 15 minutes, puis allez vous coucher.<\/li>\n<li>Le lendemain matin, retirez d\u00e9licatement le masque en le d\u00e9collant par les bords ou rincez-le abondamment \u00e0 l&rsquo;eau ti\u00e8de pour r\u00e9v\u00e9ler une peau fra\u00eeche et \u00e9clatante.<\/li>\n<\/ol>\n","protected":false},"excerpt":{"rendered":"<p>Prot\u00e9gez et sublimez le grain de votre peau gr\u00e2ce au masque en film \u00e0 l&rsquo;acide kojique et au curcuma de Medicube, qui offre 8 heures de soin intensif pendant votre sommeil.<\/p>\n<p>Au r\u00e9veil, votre peau est visiblement plus lumineuse, plus lisse, plus uniforme et \u00e9clatante.<\/p>\n<p>Ce masque enveloppant doux agit pendant la nuit pour nourrir la peau et lui apporter un \u00e9clat radieux au matin. Facile \u00e0 retirer et respectueux de votre peau, il garantit un fini frais et lumineux.<\/p>\n<p>Enrichi en curcuma et en acide kojique, il contribue \u00e0 affiner le grain de peau et \u00e0 att\u00e9nuer l&rsquo;hyperpigmentation.<\/p>\n","protected":false},"featured_media":5377,"comment_status":"open","ping_status":"closed","template":"","meta":[],"product_brand":[170],"product_cat":[110,112,23,115,116,117,118,119],"product_tag":[],"class_list":{"0":"post-5368","1":"product","2":"type-product","3":"status-publish","4":"has-post-thumbnail","6":"product_brand-medicube","7":"product_cat-anti-tache-et-hyperpigmentation","8":"product_cat-hydratation","9":"product_cat-masque","10":"product_cat-peau-grasse","11":"product_cat-peau-mixte","12":"product_cat-peau-normale","13":"product_cat-peau-seche","14":"product_cat-peau-sensible","16":"first","17":"instock","18":"shipping-taxable","19":"purchasable","20":"product-type-simple"},"yoast_head":"<!-- This site is optimized with the Yoast SEO plugin v27.4 - https:\/\/yoast.com\/product\/yoast-seo-wordpress\/ -->\n<title>KOJIC ACID TURMERIC NIGHT WRAPPING MASK - Pure Cosmetics<\/title>\n<meta name=\"robots\" content=\"index, follow, max-snippet:-1, max-image-preview:large, max-video-preview:-1\" \/>\n<link rel=\"canonical\" href=\"https:\/\/purecosmetics-shop.com\/accueil\/produit\/kojic-acid-turmeric-night-wrapping-mask\/\" \/>\n<meta property=\"og:locale\" content=\"fr_FR\" \/>\n<meta property=\"og:type\" content=\"article\" \/>\n<meta property=\"og:title\" content=\"KOJIC ACID TURMERIC NIGHT WRAPPING MASK - Pure Cosmetics\" \/>\n<meta property=\"og:description\" content=\"Prot\u00e9gez et sublimez le grain de votre peau gr\u00e2ce au masque en film \u00e0 l&#039;acide kojique et au curcuma de Medicube, qui offre 8 heures de soin intensif pendant votre sommeil.  Au r\u00e9veil, votre peau est visiblement plus lumineuse, plus lisse, plus uniforme et \u00e9clatante.  Ce masque enveloppant doux agit pendant la nuit pour nourrir la peau et lui apporter un \u00e9clat radieux au matin. Facile \u00e0 retirer et respectueux de votre peau, il garantit un fini frais et lumineux.  Enrichi en curcuma et en acide kojique, il contribue \u00e0 affiner le grain de peau et \u00e0 att\u00e9nuer l&#039;hyperpigmentation.\" \/>\n<meta property=\"og:url\" content=\"https:\/\/purecosmetics-shop.com\/accueil\/produit\/kojic-acid-turmeric-night-wrapping-mask\/\" \/>\n<meta property=\"og:site_name\" content=\"Pure Cosmetics\" \/>\n<meta property=\"article:modified_time\" content=\"2026-04-16T03:16:48+00:00\" \/>\n<meta property=\"og:image\" content=\"https:\/\/purecosmetics-shop.com\/wp-content\/uploads\/2026\/02\/MEDICUBE_KOJIC_ACID_TURMERIC_NIGHT_WRAPPING_MASK.jpg\" \/>\n\t<meta property=\"og:image:width\" content=\"2000\" \/>\n\t<meta property=\"og:image:height\" content=\"2000\" \/>\n\t<meta property=\"og:image:type\" content=\"image\/jpeg\" \/>\n<meta name=\"twitter:card\" content=\"summary_large_image\" \/>\n<meta name=\"twitter:label1\" content=\"Dur\u00e9e de lecture estim\u00e9e\" \/>\n\t<meta name=\"twitter:data1\" content=\"1 minute\" \/>\n<script type=\"application\/ld+json\" class=\"yoast-schema-graph\">{\"@context\":\"https:\\\/\\\/schema.org\",\"@graph\":[{\"@type\":\"WebPage\",\"@id\":\"https:\\\/\\\/purecosmetics-shop.com\\\/accueil\\\/produit\\\/kojic-acid-turmeric-night-wrapping-mask\\\/\",\"url\":\"https:\\\/\\\/purecosmetics-shop.com\\\/accueil\\\/produit\\\/kojic-acid-turmeric-night-wrapping-mask\\\/\",\"name\":\"KOJIC ACID TURMERIC NIGHT WRAPPING MASK - Pure Cosmetics\",\"isPartOf\":{\"@id\":\"https:\\\/\\\/purecosmetics-shop.com\\\/accueil\\\/#website\"},\"primaryImageOfPage\":{\"@id\":\"https:\\\/\\\/purecosmetics-shop.com\\\/accueil\\\/produit\\\/kojic-acid-turmeric-night-wrapping-mask\\\/#primaryimage\"},\"image\":{\"@id\":\"https:\\\/\\\/purecosmetics-shop.com\\\/accueil\\\/produit\\\/kojic-acid-turmeric-night-wrapping-mask\\\/#primaryimage\"},\"thumbnailUrl\":\"https:\\\/\\\/purecosmetics-shop.com\\\/wp-content\\\/uploads\\\/2026\\\/02\\\/MEDICUBE_KOJIC_ACID_TURMERIC_NIGHT_WRAPPING_MASK.jpg\",\"datePublished\":\"2026-02-13T20:24:24+00:00\",\"dateModified\":\"2026-04-16T03:16:48+00:00\",\"breadcrumb\":{\"@id\":\"https:\\\/\\\/purecosmetics-shop.com\\\/accueil\\\/produit\\\/kojic-acid-turmeric-night-wrapping-mask\\\/#breadcrumb\"},\"inLanguage\":\"fr-FR\",\"potentialAction\":[{\"@type\":\"ReadAction\",\"target\":[\"https:\\\/\\\/purecosmetics-shop.com\\\/accueil\\\/produit\\\/kojic-acid-turmeric-night-wrapping-mask\\\/\"]}]},{\"@type\":\"ImageObject\",\"inLanguage\":\"fr-FR\",\"@id\":\"https:\\\/\\\/purecosmetics-shop.com\\\/accueil\\\/produit\\\/kojic-acid-turmeric-night-wrapping-mask\\\/#primaryimage\",\"url\":\"https:\\\/\\\/purecosmetics-shop.com\\\/wp-content\\\/uploads\\\/2026\\\/02\\\/MEDICUBE_KOJIC_ACID_TURMERIC_NIGHT_WRAPPING_MASK.jpg\",\"contentUrl\":\"https:\\\/\\\/purecosmetics-shop.com\\\/wp-content\\\/uploads\\\/2026\\\/02\\\/MEDICUBE_KOJIC_ACID_TURMERIC_NIGHT_WRAPPING_MASK.jpg\",\"width\":2000,\"height\":2000,\"caption\":\"medicube KOJIC ACID TURMERIC NIGHT WRAPPING MASK\"},{\"@type\":\"BreadcrumbList\",\"@id\":\"https:\\\/\\\/purecosmetics-shop.com\\\/accueil\\\/produit\\\/kojic-acid-turmeric-night-wrapping-mask\\\/#breadcrumb\",\"itemListElement\":[{\"@type\":\"ListItem\",\"position\":1,\"name\":\"Accueil\",\"item\":\"https:\\\/\\\/purecosmetics-shop.com\\\/accueil\\\/\"},{\"@type\":\"ListItem\",\"position\":2,\"name\":\"NOUVEAUT\u00c9S\",\"item\":\"https:\\\/\\\/purecosmetics-shop.com\\\/accueil\\\/nouveautes\\\/\"},{\"@type\":\"ListItem\",\"position\":3,\"name\":\"KOJIC ACID TURMERIC NIGHT WRAPPING MASK\"}]},{\"@type\":\"WebSite\",\"@id\":\"https:\\\/\\\/purecosmetics-shop.com\\\/accueil\\\/#website\",\"url\":\"https:\\\/\\\/purecosmetics-shop.com\\\/accueil\\\/\",\"name\":\"Pure Cosmetics\",\"description\":\"Skincare cor\u00e9enne et japonais\",\"publisher\":{\"@id\":\"https:\\\/\\\/purecosmetics-shop.com\\\/accueil\\\/#organization\"},\"potentialAction\":[{\"@type\":\"SearchAction\",\"target\":{\"@type\":\"EntryPoint\",\"urlTemplate\":\"https:\\\/\\\/purecosmetics-shop.com\\\/accueil\\\/?s={search_term_string}\"},\"query-input\":{\"@type\":\"PropertyValueSpecification\",\"valueRequired\":true,\"valueName\":\"search_term_string\"}}],\"inLanguage\":\"fr-FR\"},{\"@type\":\"Organization\",\"@id\":\"https:\\\/\\\/purecosmetics-shop.com\\\/accueil\\\/#organization\",\"name\":\"Pure Cosmetics\",\"url\":\"https:\\\/\\\/purecosmetics-shop.com\\\/accueil\\\/\",\"logo\":{\"@type\":\"ImageObject\",\"inLanguage\":\"fr-FR\",\"@id\":\"https:\\\/\\\/purecosmetics-shop.com\\\/accueil\\\/#\\\/schema\\\/logo\\\/image\\\/\",\"url\":\"https:\\\/\\\/purecosmetics-shop.com\\\/wp-content\\\/uploads\\\/2025\\\/04\\\/cropped-Pure-Cosmetics-black-2.png\",\"contentUrl\":\"https:\\\/\\\/purecosmetics-shop.com\\\/wp-content\\\/uploads\\\/2025\\\/04\\\/cropped-Pure-Cosmetics-black-2.png\",\"width\":2362,\"height\":2324,\"caption\":\"Pure Cosmetics\"},\"image\":{\"@id\":\"https:\\\/\\\/purecosmetics-shop.com\\\/accueil\\\/#\\\/schema\\\/logo\\\/image\\\/\"}}]}<\/script>\n<!-- \/ Yoast SEO plugin. -->","yoast_head_json":{"title":"KOJIC ACID TURMERIC NIGHT WRAPPING MASK - Pure Cosmetics","robots":{"index":"index","follow":"follow","max-snippet":"max-snippet:-1","max-image-preview":"max-image-preview:large","max-video-preview":"max-video-preview:-1"},"canonical":"https:\/\/purecosmetics-shop.com\/accueil\/produit\/kojic-acid-turmeric-night-wrapping-mask\/","og_locale":"fr_FR","og_type":"article","og_title":"KOJIC ACID TURMERIC NIGHT WRAPPING MASK - Pure Cosmetics","og_description":"Prot\u00e9gez et sublimez le grain de votre peau gr\u00e2ce au masque en film \u00e0 l'acide kojique et au curcuma de Medicube, qui offre 8 heures de soin intensif pendant votre sommeil.  Au r\u00e9veil, votre peau est visiblement plus lumineuse, plus lisse, plus uniforme et \u00e9clatante.  Ce masque enveloppant doux agit pendant la nuit pour nourrir la peau et lui apporter un \u00e9clat radieux au matin. Facile \u00e0 retirer et respectueux de votre peau, il garantit un fini frais et lumineux.  Enrichi en curcuma et en acide kojique, il contribue \u00e0 affiner le grain de peau et \u00e0 att\u00e9nuer l'hyperpigmentation.","og_url":"https:\/\/purecosmetics-shop.com\/accueil\/produit\/kojic-acid-turmeric-night-wrapping-mask\/","og_site_name":"Pure Cosmetics","article_modified_time":"2026-04-16T03:16:48+00:00","og_image":[{"width":2000,"height":2000,"url":"https:\/\/purecosmetics-shop.com\/wp-content\/uploads\/2026\/02\/MEDICUBE_KOJIC_ACID_TURMERIC_NIGHT_WRAPPING_MASK.jpg","type":"image\/jpeg"}],"twitter_card":"summary_large_image","twitter_misc":{"Dur\u00e9e de lecture estim\u00e9e":"1 minute"},"schema":{"@context":"https:\/\/schema.org","@graph":[{"@type":"WebPage","@id":"https:\/\/purecosmetics-shop.com\/accueil\/produit\/kojic-acid-turmeric-night-wrapping-mask\/","url":"https:\/\/purecosmetics-shop.com\/accueil\/produit\/kojic-acid-turmeric-night-wrapping-mask\/","name":"KOJIC ACID TURMERIC NIGHT WRAPPING MASK - Pure Cosmetics","isPartOf":{"@id":"https:\/\/purecosmetics-shop.com\/accueil\/#website"},"primaryImageOfPage":{"@id":"https:\/\/purecosmetics-shop.com\/accueil\/produit\/kojic-acid-turmeric-night-wrapping-mask\/#primaryimage"},"image":{"@id":"https:\/\/purecosmetics-shop.com\/accueil\/produit\/kojic-acid-turmeric-night-wrapping-mask\/#primaryimage"},"thumbnailUrl":"https:\/\/purecosmetics-shop.com\/wp-content\/uploads\/2026\/02\/MEDICUBE_KOJIC_ACID_TURMERIC_NIGHT_WRAPPING_MASK.jpg","datePublished":"2026-02-13T20:24:24+00:00","dateModified":"2026-04-16T03:16:48+00:00","breadcrumb":{"@id":"https:\/\/purecosmetics-shop.com\/accueil\/produit\/kojic-acid-turmeric-night-wrapping-mask\/#breadcrumb"},"inLanguage":"fr-FR","potentialAction":[{"@type":"ReadAction","target":["https:\/\/purecosmetics-shop.com\/accueil\/produit\/kojic-acid-turmeric-night-wrapping-mask\/"]}]},{"@type":"ImageObject","inLanguage":"fr-FR","@id":"https:\/\/purecosmetics-shop.com\/accueil\/produit\/kojic-acid-turmeric-night-wrapping-mask\/#primaryimage","url":"https:\/\/purecosmetics-shop.com\/wp-content\/uploads\/2026\/02\/MEDICUBE_KOJIC_ACID_TURMERIC_NIGHT_WRAPPING_MASK.jpg","contentUrl":"https:\/\/purecosmetics-shop.com\/wp-content\/uploads\/2026\/02\/MEDICUBE_KOJIC_ACID_TURMERIC_NIGHT_WRAPPING_MASK.jpg","width":2000,"height":2000,"caption":"medicube KOJIC ACID TURMERIC NIGHT WRAPPING MASK"},{"@type":"BreadcrumbList","@id":"https:\/\/purecosmetics-shop.com\/accueil\/produit\/kojic-acid-turmeric-night-wrapping-mask\/#breadcrumb","itemListElement":[{"@type":"ListItem","position":1,"name":"Accueil","item":"https:\/\/purecosmetics-shop.com\/accueil\/"},{"@type":"ListItem","position":2,"name":"NOUVEAUT\u00c9S","item":"https:\/\/purecosmetics-shop.com\/accueil\/nouveautes\/"},{"@type":"ListItem","position":3,"name":"KOJIC ACID TURMERIC NIGHT WRAPPING MASK"}]},{"@type":"WebSite","@id":"https:\/\/purecosmetics-shop.com\/accueil\/#website","url":"https:\/\/purecosmetics-shop.com\/accueil\/","name":"Pure Cosmetics","description":"Skincare cor\u00e9enne et japonais","publisher":{"@id":"https:\/\/purecosmetics-shop.com\/accueil\/#organization"},"potentialAction":[{"@type":"SearchAction","target":{"@type":"EntryPoint","urlTemplate":"https:\/\/purecosmetics-shop.com\/accueil\/?s={search_term_string}"},"query-input":{"@type":"PropertyValueSpecification","valueRequired":true,"valueName":"search_term_string"}}],"inLanguage":"fr-FR"},{"@type":"Organization","@id":"https:\/\/purecosmetics-shop.com\/accueil\/#organization","name":"Pure Cosmetics","url":"https:\/\/purecosmetics-shop.com\/accueil\/","logo":{"@type":"ImageObject","inLanguage":"fr-FR","@id":"https:\/\/purecosmetics-shop.com\/accueil\/#\/schema\/logo\/image\/","url":"https:\/\/purecosmetics-shop.com\/wp-content\/uploads\/2025\/04\/cropped-Pure-Cosmetics-black-2.png","contentUrl":"https:\/\/purecosmetics-shop.com\/wp-content\/uploads\/2025\/04\/cropped-Pure-Cosmetics-black-2.png","width":2362,"height":2324,"caption":"Pure Cosmetics"},"image":{"@id":"https:\/\/purecosmetics-shop.com\/accueil\/#\/schema\/logo\/image\/"}}]}},"jetpack_sharing_enabled":true,"_links":{"self":[{"href":"https:\/\/purecosmetics-shop.com\/accueil\/wp-json\/wp\/v2\/product\/5368","targetHints":{"allow":["GET"]}}],"collection":[{"href":"https:\/\/purecosmetics-shop.com\/accueil\/wp-json\/wp\/v2\/product"}],"about":[{"href":"https:\/\/purecosmetics-shop.com\/accueil\/wp-json\/wp\/v2\/types\/product"}],"replies":[{"embeddable":true,"href":"https:\/\/purecosmetics-shop.com\/accueil\/wp-json\/wp\/v2\/comments?post=5368"}],"version-history":[{"count":1,"href":"https:\/\/purecosmetics-shop.com\/accueil\/wp-json\/wp\/v2\/product\/5368\/revisions"}],"predecessor-version":[{"id":5379,"href":"https:\/\/purecosmetics-shop.com\/accueil\/wp-json\/wp\/v2\/product\/5368\/revisions\/5379"}],"wp:featuredmedia":[{"embeddable":true,"href":"https:\/\/purecosmetics-shop.com\/accueil\/wp-json\/wp\/v2\/media\/5377"}],"wp:attachment":[{"href":"https:\/\/purecosmetics-shop.com\/accueil\/wp-json\/wp\/v2\/media?parent=5368"}],"wp:term":[{"taxonomy":"product_brand","embeddable":true,"href":"https:\/\/purecosmetics-shop.com\/accueil\/wp-json\/wp\/v2\/product_brand?post=5368"},{"taxonomy":"product_cat","embeddable":true,"href":"https:\/\/purecosmetics-shop.com\/accueil\/wp-json\/wp\/v2\/product_cat?post=5368"},{"taxonomy":"product_tag","embeddable":true,"href":"https:\/\/purecosmetics-shop.com\/accueil\/wp-json\/wp\/v2\/product_tag?post=5368"}],"curies":[{"name":"wp","href":"https:\/\/api.w.org\/{rel}","templated":true}]}}