{"id":5359,"date":"2026-02-13T14:03:33","date_gmt":"2026-02-13T18:03:33","guid":{"rendered":"https:\/\/purecosmetics-shop.com\/accueil\/?post_type=product&#038;p=5359"},"modified":"2026-03-29T14:24:51","modified_gmt":"2026-03-29T18:24:51","slug":"essence-snail-mucin-97-rice","status":"publish","type":"product","link":"https:\/\/purecosmetics-shop.com\/accueil\/produit\/essence-snail-mucin-97-rice\/","title":{"rendered":"Essence : Snail Mucin 97% + Rice"},"content":{"rendered":"<p>Mode d&#8217;emploi:<\/p>\n<ol>\n<li>Apr\u00e8s avoir nettoy\u00e9 et tonifi\u00e9 votre peau, appliquez une quantit\u00e9 mod\u00e9r\u00e9e d&rsquo;essence sur l&rsquo;ensemble du visage et du cou.<\/li>\n<li>Tapotez d\u00e9licatement jusqu&rsquo;\u00e0 absorption compl\u00e8te.<\/li>\n<\/ol>\n","protected":false},"excerpt":{"rendered":"<p>Une essence hydratante et r\u00e9paratrice enrichie \u00e0 97 % en mucine d&rsquo;escargot et en riz (l&rsquo;extrait de riz, de l&rsquo;eau de riz et du filtrat de ferment de riz) pour sublimer le grain de peau et r\u00e9v\u00e9ler un teint plus lumineux et \u00e9clatant.<\/p>\n<p>Aussi b\u00e9n\u00e9fique sur l&rsquo;\u00e9clat que sur l&rsquo;\u00e9lasticit\u00e9 de la peau.<\/p>\n<p>Hydratation l\u00e9g\u00e8re \u00e0 absorption rapide. Test\u00e9 sous contr\u00f4le dermatologique.<\/p>\n","protected":false},"featured_media":5361,"comment_status":"open","ping_status":"closed","template":"","meta":[],"product_brand":[199],"product_cat":[107,189,112,116,117,118,119],"product_tag":[],"class_list":{"0":"post-5359","1":"product","2":"type-product","3":"status-publish","4":"has-post-thumbnail","6":"product_brand-ksecret","7":"product_cat-anti-age-et-elasticite","8":"product_cat-essence","9":"product_cat-hydratation","10":"product_cat-peau-mixte","11":"product_cat-peau-normale","12":"product_cat-peau-seche","13":"product_cat-peau-sensible","15":"first","16":"instock","17":"shipping-taxable","18":"purchasable","19":"product-type-simple"},"yoast_head":"<!-- This site is optimized with the Yoast SEO plugin v27.3 - https:\/\/yoast.com\/product\/yoast-seo-wordpress\/ -->\n<title>Essence : Snail Mucin 97% + Rice - Pure Cosmetics<\/title>\n<meta name=\"robots\" content=\"index, follow, max-snippet:-1, max-image-preview:large, max-video-preview:-1\" \/>\n<link rel=\"canonical\" href=\"https:\/\/purecosmetics-shop.com\/accueil\/produit\/essence-snail-mucin-97-rice\/\" \/>\n<meta property=\"og:locale\" content=\"fr_FR\" \/>\n<meta property=\"og:type\" content=\"article\" \/>\n<meta property=\"og:title\" content=\"Essence : Snail Mucin 97% + Rice - Pure Cosmetics\" \/>\n<meta property=\"og:description\" content=\"Une essence hydratante et r\u00e9paratrice enrichie \u00e0 97 % en mucine d&#039;escargot et en riz (l&#039;extrait de riz, de l&#039;eau de riz et du filtrat de ferment de riz) pour sublimer le grain de peau et r\u00e9v\u00e9ler un teint plus lumineux et \u00e9clatant.  Aussi b\u00e9n\u00e9fique sur l&#039;\u00e9clat que sur l&#039;\u00e9lasticit\u00e9 de la peau.  Hydratation l\u00e9g\u00e8re \u00e0 absorption rapide. Test\u00e9 sous contr\u00f4le dermatologique.\" \/>\n<meta property=\"og:url\" content=\"https:\/\/purecosmetics-shop.com\/accueil\/produit\/essence-snail-mucin-97-rice\/\" \/>\n<meta property=\"og:site_name\" content=\"Pure Cosmetics\" \/>\n<meta property=\"article:modified_time\" content=\"2026-03-29T18:24:51+00:00\" \/>\n<meta property=\"og:image\" content=\"https:\/\/purecosmetics-shop.com\/wp-content\/uploads\/2026\/02\/KSECRET_Essence_Snail_Mucin_97_Rice.png\" \/>\n\t<meta property=\"og:image:width\" content=\"664\" \/>\n\t<meta property=\"og:image:height\" content=\"692\" \/>\n\t<meta property=\"og:image:type\" content=\"image\/png\" \/>\n<meta name=\"twitter:card\" content=\"summary_large_image\" \/>\n<meta name=\"twitter:label1\" content=\"Dur\u00e9e de lecture estim\u00e9e\" \/>\n\t<meta name=\"twitter:data1\" content=\"1 minute\" \/>\n<script type=\"application\/ld+json\" class=\"yoast-schema-graph\">{\"@context\":\"https:\\\/\\\/schema.org\",\"@graph\":[{\"@type\":\"WebPage\",\"@id\":\"https:\\\/\\\/purecosmetics-shop.com\\\/accueil\\\/produit\\\/essence-snail-mucin-97-rice\\\/\",\"url\":\"https:\\\/\\\/purecosmetics-shop.com\\\/accueil\\\/produit\\\/essence-snail-mucin-97-rice\\\/\",\"name\":\"Essence : Snail Mucin 97% + Rice - Pure Cosmetics\",\"isPartOf\":{\"@id\":\"https:\\\/\\\/purecosmetics-shop.com\\\/accueil\\\/#website\"},\"primaryImageOfPage\":{\"@id\":\"https:\\\/\\\/purecosmetics-shop.com\\\/accueil\\\/produit\\\/essence-snail-mucin-97-rice\\\/#primaryimage\"},\"image\":{\"@id\":\"https:\\\/\\\/purecosmetics-shop.com\\\/accueil\\\/produit\\\/essence-snail-mucin-97-rice\\\/#primaryimage\"},\"thumbnailUrl\":\"https:\\\/\\\/purecosmetics-shop.com\\\/wp-content\\\/uploads\\\/2026\\\/02\\\/KSECRET_Essence_Snail_Mucin_97_Rice.png\",\"datePublished\":\"2026-02-13T18:03:33+00:00\",\"dateModified\":\"2026-03-29T18:24:51+00:00\",\"breadcrumb\":{\"@id\":\"https:\\\/\\\/purecosmetics-shop.com\\\/accueil\\\/produit\\\/essence-snail-mucin-97-rice\\\/#breadcrumb\"},\"inLanguage\":\"fr-FR\",\"potentialAction\":[{\"@type\":\"ReadAction\",\"target\":[\"https:\\\/\\\/purecosmetics-shop.com\\\/accueil\\\/produit\\\/essence-snail-mucin-97-rice\\\/\"]}]},{\"@type\":\"ImageObject\",\"inLanguage\":\"fr-FR\",\"@id\":\"https:\\\/\\\/purecosmetics-shop.com\\\/accueil\\\/produit\\\/essence-snail-mucin-97-rice\\\/#primaryimage\",\"url\":\"https:\\\/\\\/purecosmetics-shop.com\\\/wp-content\\\/uploads\\\/2026\\\/02\\\/KSECRET_Essence_Snail_Mucin_97_Rice.png\",\"contentUrl\":\"https:\\\/\\\/purecosmetics-shop.com\\\/wp-content\\\/uploads\\\/2026\\\/02\\\/KSECRET_Essence_Snail_Mucin_97_Rice.png\",\"width\":664,\"height\":692,\"caption\":\"ksecret Essence : Snail Mucin 97% + Rice\"},{\"@type\":\"BreadcrumbList\",\"@id\":\"https:\\\/\\\/purecosmetics-shop.com\\\/accueil\\\/produit\\\/essence-snail-mucin-97-rice\\\/#breadcrumb\",\"itemListElement\":[{\"@type\":\"ListItem\",\"position\":1,\"name\":\"Accueil\",\"item\":\"https:\\\/\\\/purecosmetics-shop.com\\\/accueil\\\/\"},{\"@type\":\"ListItem\",\"position\":2,\"name\":\"Boutique\",\"item\":\"https:\\\/\\\/purecosmetics-shop.com\\\/accueil\\\/boutique\\\/\"},{\"@type\":\"ListItem\",\"position\":3,\"name\":\"Essence : Snail Mucin 97% + Rice\"}]},{\"@type\":\"WebSite\",\"@id\":\"https:\\\/\\\/purecosmetics-shop.com\\\/accueil\\\/#website\",\"url\":\"https:\\\/\\\/purecosmetics-shop.com\\\/accueil\\\/\",\"name\":\"Pure Cosmetics\",\"description\":\"Skincare cor\u00e9enne et japonais\",\"publisher\":{\"@id\":\"https:\\\/\\\/purecosmetics-shop.com\\\/accueil\\\/#organization\"},\"potentialAction\":[{\"@type\":\"SearchAction\",\"target\":{\"@type\":\"EntryPoint\",\"urlTemplate\":\"https:\\\/\\\/purecosmetics-shop.com\\\/accueil\\\/?s={search_term_string}\"},\"query-input\":{\"@type\":\"PropertyValueSpecification\",\"valueRequired\":true,\"valueName\":\"search_term_string\"}}],\"inLanguage\":\"fr-FR\"},{\"@type\":\"Organization\",\"@id\":\"https:\\\/\\\/purecosmetics-shop.com\\\/accueil\\\/#organization\",\"name\":\"Pure Cosmetics\",\"url\":\"https:\\\/\\\/purecosmetics-shop.com\\\/accueil\\\/\",\"logo\":{\"@type\":\"ImageObject\",\"inLanguage\":\"fr-FR\",\"@id\":\"https:\\\/\\\/purecosmetics-shop.com\\\/accueil\\\/#\\\/schema\\\/logo\\\/image\\\/\",\"url\":\"https:\\\/\\\/purecosmetics-shop.com\\\/wp-content\\\/uploads\\\/2025\\\/04\\\/cropped-Pure-Cosmetics-black-2.png\",\"contentUrl\":\"https:\\\/\\\/purecosmetics-shop.com\\\/wp-content\\\/uploads\\\/2025\\\/04\\\/cropped-Pure-Cosmetics-black-2.png\",\"width\":2362,\"height\":2324,\"caption\":\"Pure Cosmetics\"},\"image\":{\"@id\":\"https:\\\/\\\/purecosmetics-shop.com\\\/accueil\\\/#\\\/schema\\\/logo\\\/image\\\/\"}}]}<\/script>\n<!-- \/ Yoast SEO plugin. -->","yoast_head_json":{"title":"Essence : Snail Mucin 97% + Rice - Pure Cosmetics","robots":{"index":"index","follow":"follow","max-snippet":"max-snippet:-1","max-image-preview":"max-image-preview:large","max-video-preview":"max-video-preview:-1"},"canonical":"https:\/\/purecosmetics-shop.com\/accueil\/produit\/essence-snail-mucin-97-rice\/","og_locale":"fr_FR","og_type":"article","og_title":"Essence : Snail Mucin 97% + Rice - Pure Cosmetics","og_description":"Une essence hydratante et r\u00e9paratrice enrichie \u00e0 97 % en mucine d'escargot et en riz (l'extrait de riz, de l'eau de riz et du filtrat de ferment de riz) pour sublimer le grain de peau et r\u00e9v\u00e9ler un teint plus lumineux et \u00e9clatant.  Aussi b\u00e9n\u00e9fique sur l'\u00e9clat que sur l'\u00e9lasticit\u00e9 de la peau.  Hydratation l\u00e9g\u00e8re \u00e0 absorption rapide. Test\u00e9 sous contr\u00f4le dermatologique.","og_url":"https:\/\/purecosmetics-shop.com\/accueil\/produit\/essence-snail-mucin-97-rice\/","og_site_name":"Pure Cosmetics","article_modified_time":"2026-03-29T18:24:51+00:00","og_image":[{"width":664,"height":692,"url":"https:\/\/purecosmetics-shop.com\/wp-content\/uploads\/2026\/02\/KSECRET_Essence_Snail_Mucin_97_Rice.png","type":"image\/png"}],"twitter_card":"summary_large_image","twitter_misc":{"Dur\u00e9e de lecture estim\u00e9e":"1 minute"},"schema":{"@context":"https:\/\/schema.org","@graph":[{"@type":"WebPage","@id":"https:\/\/purecosmetics-shop.com\/accueil\/produit\/essence-snail-mucin-97-rice\/","url":"https:\/\/purecosmetics-shop.com\/accueil\/produit\/essence-snail-mucin-97-rice\/","name":"Essence : Snail Mucin 97% + Rice - Pure Cosmetics","isPartOf":{"@id":"https:\/\/purecosmetics-shop.com\/accueil\/#website"},"primaryImageOfPage":{"@id":"https:\/\/purecosmetics-shop.com\/accueil\/produit\/essence-snail-mucin-97-rice\/#primaryimage"},"image":{"@id":"https:\/\/purecosmetics-shop.com\/accueil\/produit\/essence-snail-mucin-97-rice\/#primaryimage"},"thumbnailUrl":"https:\/\/purecosmetics-shop.com\/wp-content\/uploads\/2026\/02\/KSECRET_Essence_Snail_Mucin_97_Rice.png","datePublished":"2026-02-13T18:03:33+00:00","dateModified":"2026-03-29T18:24:51+00:00","breadcrumb":{"@id":"https:\/\/purecosmetics-shop.com\/accueil\/produit\/essence-snail-mucin-97-rice\/#breadcrumb"},"inLanguage":"fr-FR","potentialAction":[{"@type":"ReadAction","target":["https:\/\/purecosmetics-shop.com\/accueil\/produit\/essence-snail-mucin-97-rice\/"]}]},{"@type":"ImageObject","inLanguage":"fr-FR","@id":"https:\/\/purecosmetics-shop.com\/accueil\/produit\/essence-snail-mucin-97-rice\/#primaryimage","url":"https:\/\/purecosmetics-shop.com\/wp-content\/uploads\/2026\/02\/KSECRET_Essence_Snail_Mucin_97_Rice.png","contentUrl":"https:\/\/purecosmetics-shop.com\/wp-content\/uploads\/2026\/02\/KSECRET_Essence_Snail_Mucin_97_Rice.png","width":664,"height":692,"caption":"ksecret Essence : Snail Mucin 97% + Rice"},{"@type":"BreadcrumbList","@id":"https:\/\/purecosmetics-shop.com\/accueil\/produit\/essence-snail-mucin-97-rice\/#breadcrumb","itemListElement":[{"@type":"ListItem","position":1,"name":"Accueil","item":"https:\/\/purecosmetics-shop.com\/accueil\/"},{"@type":"ListItem","position":2,"name":"Boutique","item":"https:\/\/purecosmetics-shop.com\/accueil\/boutique\/"},{"@type":"ListItem","position":3,"name":"Essence : Snail Mucin 97% + Rice"}]},{"@type":"WebSite","@id":"https:\/\/purecosmetics-shop.com\/accueil\/#website","url":"https:\/\/purecosmetics-shop.com\/accueil\/","name":"Pure Cosmetics","description":"Skincare cor\u00e9enne et japonais","publisher":{"@id":"https:\/\/purecosmetics-shop.com\/accueil\/#organization"},"potentialAction":[{"@type":"SearchAction","target":{"@type":"EntryPoint","urlTemplate":"https:\/\/purecosmetics-shop.com\/accueil\/?s={search_term_string}"},"query-input":{"@type":"PropertyValueSpecification","valueRequired":true,"valueName":"search_term_string"}}],"inLanguage":"fr-FR"},{"@type":"Organization","@id":"https:\/\/purecosmetics-shop.com\/accueil\/#organization","name":"Pure Cosmetics","url":"https:\/\/purecosmetics-shop.com\/accueil\/","logo":{"@type":"ImageObject","inLanguage":"fr-FR","@id":"https:\/\/purecosmetics-shop.com\/accueil\/#\/schema\/logo\/image\/","url":"https:\/\/purecosmetics-shop.com\/wp-content\/uploads\/2025\/04\/cropped-Pure-Cosmetics-black-2.png","contentUrl":"https:\/\/purecosmetics-shop.com\/wp-content\/uploads\/2025\/04\/cropped-Pure-Cosmetics-black-2.png","width":2362,"height":2324,"caption":"Pure Cosmetics"},"image":{"@id":"https:\/\/purecosmetics-shop.com\/accueil\/#\/schema\/logo\/image\/"}}]}},"jetpack_sharing_enabled":true,"_links":{"self":[{"href":"https:\/\/purecosmetics-shop.com\/accueil\/wp-json\/wp\/v2\/product\/5359","targetHints":{"allow":["GET"]}}],"collection":[{"href":"https:\/\/purecosmetics-shop.com\/accueil\/wp-json\/wp\/v2\/product"}],"about":[{"href":"https:\/\/purecosmetics-shop.com\/accueil\/wp-json\/wp\/v2\/types\/product"}],"replies":[{"embeddable":true,"href":"https:\/\/purecosmetics-shop.com\/accueil\/wp-json\/wp\/v2\/comments?post=5359"}],"version-history":[{"count":1,"href":"https:\/\/purecosmetics-shop.com\/accueil\/wp-json\/wp\/v2\/product\/5359\/revisions"}],"predecessor-version":[{"id":5367,"href":"https:\/\/purecosmetics-shop.com\/accueil\/wp-json\/wp\/v2\/product\/5359\/revisions\/5367"}],"wp:featuredmedia":[{"embeddable":true,"href":"https:\/\/purecosmetics-shop.com\/accueil\/wp-json\/wp\/v2\/media\/5361"}],"wp:attachment":[{"href":"https:\/\/purecosmetics-shop.com\/accueil\/wp-json\/wp\/v2\/media?parent=5359"}],"wp:term":[{"taxonomy":"product_brand","embeddable":true,"href":"https:\/\/purecosmetics-shop.com\/accueil\/wp-json\/wp\/v2\/product_brand?post=5359"},{"taxonomy":"product_cat","embeddable":true,"href":"https:\/\/purecosmetics-shop.com\/accueil\/wp-json\/wp\/v2\/product_cat?post=5359"},{"taxonomy":"product_tag","embeddable":true,"href":"https:\/\/purecosmetics-shop.com\/accueil\/wp-json\/wp\/v2\/product_tag?post=5359"}],"curies":[{"name":"wp","href":"https:\/\/api.w.org\/{rel}","templated":true}]}}