{"id":5346,"date":"2026-02-13T12:29:39","date_gmt":"2026-02-13T16:29:39","guid":{"rendered":"https:\/\/purecosmetics-shop.com\/accueil\/?post_type=product&#038;p=5346"},"modified":"2026-04-15T17:59:16","modified_gmt":"2026-04-15T21:59:16","slug":"green-tangerine-vita-c-dark-spot-care-serum-alpha","status":"publish","type":"product","link":"https:\/\/purecosmetics-shop.com\/accueil\/produit\/green-tangerine-vita-c-dark-spot-care-serum-alpha\/","title":{"rendered":"GREEN TANGERINE VITA C DARK SPOT CARE SERUM ALPHA"},"content":{"rendered":"<p>Mode d&#8217;emploi: Appliquez une quantit\u00e9 mod\u00e9r\u00e9e de produit sur le visage, puis massez jusqu&rsquo;\u00e0 absorption compl\u00e8te.<\/p>\n<hr \/>\n<p>Contenance: 40 mL<\/p>\n","protected":false},"excerpt":{"rendered":"<p>Ce gel s\u00e9rum,\u00a0aux propri\u00e9t\u00e9s \u00e9claircissantes et perfectrices,\u00a0est enrichi \u00e0 70 %\u00a0d&rsquo;extrait de mandarine verte.<\/p>\n<p>Riche en vitamine C, il va\u00a0r\u00e9duire l&rsquo;apparence des taches de vieillesses et brunes, des cicatrices et des imperfections.<\/p>\n<p>Sa texture de type gel laisse un fini rafra\u00eechissant, sans effet collant.<\/p>\n<p>Apr\u00e8s deux semaines, vous constaterez que votre peau est plus lumineuse, plus claire et plus jeune.<\/p>\n<p>Si vous avez la peau sensible, ce s\u00e9rum est id\u00e9al. Gr\u00e2ce \u00e0 sa formule enrichie \u00e0 70 % en extrait de mandarine verte, en niacinamide, en acide hyaluronique et en th\u00e9 vert, votre peau sera hydrat\u00e9e et apais\u00e9e en profondeur.<\/p>\n","protected":false},"featured_media":5354,"comment_status":"open","ping_status":"closed","template":"","meta":[],"product_brand":[225],"product_cat":[110,116,117,118,119,21],"product_tag":[],"class_list":{"0":"post-5346","1":"product","2":"type-product","3":"status-publish","4":"has-post-thumbnail","6":"product_brand-goodal","7":"product_cat-anti-tache-et-hyperpigmentation","8":"product_cat-peau-mixte","9":"product_cat-peau-normale","10":"product_cat-peau-seche","11":"product_cat-peau-sensible","12":"product_cat-serum","14":"first","15":"instock","16":"shipping-taxable","17":"purchasable","18":"product-type-simple"},"yoast_head":"<!-- This site is optimized with the Yoast SEO plugin v27.4 - https:\/\/yoast.com\/product\/yoast-seo-wordpress\/ -->\n<title>GREEN TANGERINE VITA C DARK SPOT CARE SERUM ALPHA - Pure Cosmetics<\/title>\n<meta name=\"robots\" content=\"index, follow, max-snippet:-1, max-image-preview:large, max-video-preview:-1\" \/>\n<link rel=\"canonical\" href=\"https:\/\/purecosmetics-shop.com\/accueil\/produit\/green-tangerine-vita-c-dark-spot-care-serum-alpha\/\" \/>\n<meta property=\"og:locale\" content=\"fr_FR\" \/>\n<meta property=\"og:type\" content=\"article\" \/>\n<meta property=\"og:title\" content=\"GREEN TANGERINE VITA C DARK SPOT CARE SERUM ALPHA - Pure Cosmetics\" \/>\n<meta property=\"og:description\" content=\"Ce gel s\u00e9rum,\u00a0aux propri\u00e9t\u00e9s \u00e9claircissantes et perfectrices,\u00a0est enrichi \u00e0 70 %\u00a0d&#039;extrait de mandarine verte.  Riche en vitamine C, il va\u00a0r\u00e9duire l&#039;apparence des taches de vieillesses et brunes, des cicatrices et des imperfections.  Sa texture de type gel laisse un fini rafra\u00eechissant, sans effet collant.  Apr\u00e8s deux semaines, vous constaterez que votre peau est plus lumineuse, plus claire et plus jeune.  Si vous avez la peau sensible, ce s\u00e9rum est id\u00e9al. Gr\u00e2ce \u00e0 sa formule enrichie \u00e0 70 % en extrait de mandarine verte, en niacinamide, en acide hyaluronique et en th\u00e9 vert, votre peau sera hydrat\u00e9e et apais\u00e9e en profondeur.\" \/>\n<meta property=\"og:url\" content=\"https:\/\/purecosmetics-shop.com\/accueil\/produit\/green-tangerine-vita-c-dark-spot-care-serum-alpha\/\" \/>\n<meta property=\"og:site_name\" content=\"Pure Cosmetics\" \/>\n<meta property=\"article:modified_time\" content=\"2026-04-15T21:59:16+00:00\" \/>\n<meta property=\"og:image\" content=\"https:\/\/purecosmetics-shop.com\/wp-content\/uploads\/2026\/02\/GOODAL_GREEN_TANGERINE_VITA_C_DARK_SPOT_CARE_SERUM_ALPHA.jpg\" \/>\n\t<meta property=\"og:image:width\" content=\"720\" \/>\n\t<meta property=\"og:image:height\" content=\"720\" \/>\n\t<meta property=\"og:image:type\" content=\"image\/jpeg\" \/>\n<meta name=\"twitter:card\" content=\"summary_large_image\" \/>\n<meta name=\"twitter:label1\" content=\"Dur\u00e9e de lecture estim\u00e9e\" \/>\n\t<meta name=\"twitter:data1\" content=\"1 minute\" \/>\n<script type=\"application\/ld+json\" class=\"yoast-schema-graph\">{\"@context\":\"https:\\\/\\\/schema.org\",\"@graph\":[{\"@type\":\"WebPage\",\"@id\":\"https:\\\/\\\/purecosmetics-shop.com\\\/accueil\\\/produit\\\/green-tangerine-vita-c-dark-spot-care-serum-alpha\\\/\",\"url\":\"https:\\\/\\\/purecosmetics-shop.com\\\/accueil\\\/produit\\\/green-tangerine-vita-c-dark-spot-care-serum-alpha\\\/\",\"name\":\"GREEN TANGERINE VITA C DARK SPOT CARE SERUM ALPHA - Pure Cosmetics\",\"isPartOf\":{\"@id\":\"https:\\\/\\\/purecosmetics-shop.com\\\/accueil\\\/#website\"},\"primaryImageOfPage\":{\"@id\":\"https:\\\/\\\/purecosmetics-shop.com\\\/accueil\\\/produit\\\/green-tangerine-vita-c-dark-spot-care-serum-alpha\\\/#primaryimage\"},\"image\":{\"@id\":\"https:\\\/\\\/purecosmetics-shop.com\\\/accueil\\\/produit\\\/green-tangerine-vita-c-dark-spot-care-serum-alpha\\\/#primaryimage\"},\"thumbnailUrl\":\"https:\\\/\\\/purecosmetics-shop.com\\\/wp-content\\\/uploads\\\/2026\\\/02\\\/GOODAL_GREEN_TANGERINE_VITA_C_DARK_SPOT_CARE_SERUM_ALPHA.jpg\",\"datePublished\":\"2026-02-13T16:29:39+00:00\",\"dateModified\":\"2026-04-15T21:59:16+00:00\",\"breadcrumb\":{\"@id\":\"https:\\\/\\\/purecosmetics-shop.com\\\/accueil\\\/produit\\\/green-tangerine-vita-c-dark-spot-care-serum-alpha\\\/#breadcrumb\"},\"inLanguage\":\"fr-FR\",\"potentialAction\":[{\"@type\":\"ReadAction\",\"target\":[\"https:\\\/\\\/purecosmetics-shop.com\\\/accueil\\\/produit\\\/green-tangerine-vita-c-dark-spot-care-serum-alpha\\\/\"]}]},{\"@type\":\"ImageObject\",\"inLanguage\":\"fr-FR\",\"@id\":\"https:\\\/\\\/purecosmetics-shop.com\\\/accueil\\\/produit\\\/green-tangerine-vita-c-dark-spot-care-serum-alpha\\\/#primaryimage\",\"url\":\"https:\\\/\\\/purecosmetics-shop.com\\\/wp-content\\\/uploads\\\/2026\\\/02\\\/GOODAL_GREEN_TANGERINE_VITA_C_DARK_SPOT_CARE_SERUM_ALPHA.jpg\",\"contentUrl\":\"https:\\\/\\\/purecosmetics-shop.com\\\/wp-content\\\/uploads\\\/2026\\\/02\\\/GOODAL_GREEN_TANGERINE_VITA_C_DARK_SPOT_CARE_SERUM_ALPHA.jpg\",\"width\":720,\"height\":720,\"caption\":\"goodal GREEN TANGERINE VITA C DARK SPOT CARE SERUM ALPHA\"},{\"@type\":\"BreadcrumbList\",\"@id\":\"https:\\\/\\\/purecosmetics-shop.com\\\/accueil\\\/produit\\\/green-tangerine-vita-c-dark-spot-care-serum-alpha\\\/#breadcrumb\",\"itemListElement\":[{\"@type\":\"ListItem\",\"position\":1,\"name\":\"Accueil\",\"item\":\"https:\\\/\\\/purecosmetics-shop.com\\\/accueil\\\/\"},{\"@type\":\"ListItem\",\"position\":2,\"name\":\"NOUVEAUT\u00c9S\",\"item\":\"https:\\\/\\\/purecosmetics-shop.com\\\/accueil\\\/nouveautes\\\/\"},{\"@type\":\"ListItem\",\"position\":3,\"name\":\"GREEN TANGERINE VITA C DARK SPOT CARE SERUM ALPHA\"}]},{\"@type\":\"WebSite\",\"@id\":\"https:\\\/\\\/purecosmetics-shop.com\\\/accueil\\\/#website\",\"url\":\"https:\\\/\\\/purecosmetics-shop.com\\\/accueil\\\/\",\"name\":\"Pure Cosmetics\",\"description\":\"Skincare cor\u00e9enne et japonais\",\"publisher\":{\"@id\":\"https:\\\/\\\/purecosmetics-shop.com\\\/accueil\\\/#organization\"},\"potentialAction\":[{\"@type\":\"SearchAction\",\"target\":{\"@type\":\"EntryPoint\",\"urlTemplate\":\"https:\\\/\\\/purecosmetics-shop.com\\\/accueil\\\/?s={search_term_string}\"},\"query-input\":{\"@type\":\"PropertyValueSpecification\",\"valueRequired\":true,\"valueName\":\"search_term_string\"}}],\"inLanguage\":\"fr-FR\"},{\"@type\":\"Organization\",\"@id\":\"https:\\\/\\\/purecosmetics-shop.com\\\/accueil\\\/#organization\",\"name\":\"Pure Cosmetics\",\"url\":\"https:\\\/\\\/purecosmetics-shop.com\\\/accueil\\\/\",\"logo\":{\"@type\":\"ImageObject\",\"inLanguage\":\"fr-FR\",\"@id\":\"https:\\\/\\\/purecosmetics-shop.com\\\/accueil\\\/#\\\/schema\\\/logo\\\/image\\\/\",\"url\":\"https:\\\/\\\/purecosmetics-shop.com\\\/wp-content\\\/uploads\\\/2025\\\/04\\\/cropped-Pure-Cosmetics-black-2.png\",\"contentUrl\":\"https:\\\/\\\/purecosmetics-shop.com\\\/wp-content\\\/uploads\\\/2025\\\/04\\\/cropped-Pure-Cosmetics-black-2.png\",\"width\":2362,\"height\":2324,\"caption\":\"Pure Cosmetics\"},\"image\":{\"@id\":\"https:\\\/\\\/purecosmetics-shop.com\\\/accueil\\\/#\\\/schema\\\/logo\\\/image\\\/\"}}]}<\/script>\n<!-- \/ Yoast SEO plugin. -->","yoast_head_json":{"title":"GREEN TANGERINE VITA C DARK SPOT CARE SERUM ALPHA - Pure Cosmetics","robots":{"index":"index","follow":"follow","max-snippet":"max-snippet:-1","max-image-preview":"max-image-preview:large","max-video-preview":"max-video-preview:-1"},"canonical":"https:\/\/purecosmetics-shop.com\/accueil\/produit\/green-tangerine-vita-c-dark-spot-care-serum-alpha\/","og_locale":"fr_FR","og_type":"article","og_title":"GREEN TANGERINE VITA C DARK SPOT CARE SERUM ALPHA - Pure Cosmetics","og_description":"Ce gel s\u00e9rum,\u00a0aux propri\u00e9t\u00e9s \u00e9claircissantes et perfectrices,\u00a0est enrichi \u00e0 70 %\u00a0d'extrait de mandarine verte.  Riche en vitamine C, il va\u00a0r\u00e9duire l'apparence des taches de vieillesses et brunes, des cicatrices et des imperfections.  Sa texture de type gel laisse un fini rafra\u00eechissant, sans effet collant.  Apr\u00e8s deux semaines, vous constaterez que votre peau est plus lumineuse, plus claire et plus jeune.  Si vous avez la peau sensible, ce s\u00e9rum est id\u00e9al. Gr\u00e2ce \u00e0 sa formule enrichie \u00e0 70 % en extrait de mandarine verte, en niacinamide, en acide hyaluronique et en th\u00e9 vert, votre peau sera hydrat\u00e9e et apais\u00e9e en profondeur.","og_url":"https:\/\/purecosmetics-shop.com\/accueil\/produit\/green-tangerine-vita-c-dark-spot-care-serum-alpha\/","og_site_name":"Pure Cosmetics","article_modified_time":"2026-04-15T21:59:16+00:00","og_image":[{"width":720,"height":720,"url":"https:\/\/purecosmetics-shop.com\/wp-content\/uploads\/2026\/02\/GOODAL_GREEN_TANGERINE_VITA_C_DARK_SPOT_CARE_SERUM_ALPHA.jpg","type":"image\/jpeg"}],"twitter_card":"summary_large_image","twitter_misc":{"Dur\u00e9e de lecture estim\u00e9e":"1 minute"},"schema":{"@context":"https:\/\/schema.org","@graph":[{"@type":"WebPage","@id":"https:\/\/purecosmetics-shop.com\/accueil\/produit\/green-tangerine-vita-c-dark-spot-care-serum-alpha\/","url":"https:\/\/purecosmetics-shop.com\/accueil\/produit\/green-tangerine-vita-c-dark-spot-care-serum-alpha\/","name":"GREEN TANGERINE VITA C DARK SPOT CARE SERUM ALPHA - Pure Cosmetics","isPartOf":{"@id":"https:\/\/purecosmetics-shop.com\/accueil\/#website"},"primaryImageOfPage":{"@id":"https:\/\/purecosmetics-shop.com\/accueil\/produit\/green-tangerine-vita-c-dark-spot-care-serum-alpha\/#primaryimage"},"image":{"@id":"https:\/\/purecosmetics-shop.com\/accueil\/produit\/green-tangerine-vita-c-dark-spot-care-serum-alpha\/#primaryimage"},"thumbnailUrl":"https:\/\/purecosmetics-shop.com\/wp-content\/uploads\/2026\/02\/GOODAL_GREEN_TANGERINE_VITA_C_DARK_SPOT_CARE_SERUM_ALPHA.jpg","datePublished":"2026-02-13T16:29:39+00:00","dateModified":"2026-04-15T21:59:16+00:00","breadcrumb":{"@id":"https:\/\/purecosmetics-shop.com\/accueil\/produit\/green-tangerine-vita-c-dark-spot-care-serum-alpha\/#breadcrumb"},"inLanguage":"fr-FR","potentialAction":[{"@type":"ReadAction","target":["https:\/\/purecosmetics-shop.com\/accueil\/produit\/green-tangerine-vita-c-dark-spot-care-serum-alpha\/"]}]},{"@type":"ImageObject","inLanguage":"fr-FR","@id":"https:\/\/purecosmetics-shop.com\/accueil\/produit\/green-tangerine-vita-c-dark-spot-care-serum-alpha\/#primaryimage","url":"https:\/\/purecosmetics-shop.com\/wp-content\/uploads\/2026\/02\/GOODAL_GREEN_TANGERINE_VITA_C_DARK_SPOT_CARE_SERUM_ALPHA.jpg","contentUrl":"https:\/\/purecosmetics-shop.com\/wp-content\/uploads\/2026\/02\/GOODAL_GREEN_TANGERINE_VITA_C_DARK_SPOT_CARE_SERUM_ALPHA.jpg","width":720,"height":720,"caption":"goodal GREEN TANGERINE VITA C DARK SPOT CARE SERUM ALPHA"},{"@type":"BreadcrumbList","@id":"https:\/\/purecosmetics-shop.com\/accueil\/produit\/green-tangerine-vita-c-dark-spot-care-serum-alpha\/#breadcrumb","itemListElement":[{"@type":"ListItem","position":1,"name":"Accueil","item":"https:\/\/purecosmetics-shop.com\/accueil\/"},{"@type":"ListItem","position":2,"name":"NOUVEAUT\u00c9S","item":"https:\/\/purecosmetics-shop.com\/accueil\/nouveautes\/"},{"@type":"ListItem","position":3,"name":"GREEN TANGERINE VITA C DARK SPOT CARE SERUM ALPHA"}]},{"@type":"WebSite","@id":"https:\/\/purecosmetics-shop.com\/accueil\/#website","url":"https:\/\/purecosmetics-shop.com\/accueil\/","name":"Pure Cosmetics","description":"Skincare cor\u00e9enne et japonais","publisher":{"@id":"https:\/\/purecosmetics-shop.com\/accueil\/#organization"},"potentialAction":[{"@type":"SearchAction","target":{"@type":"EntryPoint","urlTemplate":"https:\/\/purecosmetics-shop.com\/accueil\/?s={search_term_string}"},"query-input":{"@type":"PropertyValueSpecification","valueRequired":true,"valueName":"search_term_string"}}],"inLanguage":"fr-FR"},{"@type":"Organization","@id":"https:\/\/purecosmetics-shop.com\/accueil\/#organization","name":"Pure Cosmetics","url":"https:\/\/purecosmetics-shop.com\/accueil\/","logo":{"@type":"ImageObject","inLanguage":"fr-FR","@id":"https:\/\/purecosmetics-shop.com\/accueil\/#\/schema\/logo\/image\/","url":"https:\/\/purecosmetics-shop.com\/wp-content\/uploads\/2025\/04\/cropped-Pure-Cosmetics-black-2.png","contentUrl":"https:\/\/purecosmetics-shop.com\/wp-content\/uploads\/2025\/04\/cropped-Pure-Cosmetics-black-2.png","width":2362,"height":2324,"caption":"Pure Cosmetics"},"image":{"@id":"https:\/\/purecosmetics-shop.com\/accueil\/#\/schema\/logo\/image\/"}}]}},"jetpack_sharing_enabled":true,"_links":{"self":[{"href":"https:\/\/purecosmetics-shop.com\/accueil\/wp-json\/wp\/v2\/product\/5346","targetHints":{"allow":["GET"]}}],"collection":[{"href":"https:\/\/purecosmetics-shop.com\/accueil\/wp-json\/wp\/v2\/product"}],"about":[{"href":"https:\/\/purecosmetics-shop.com\/accueil\/wp-json\/wp\/v2\/types\/product"}],"replies":[{"embeddable":true,"href":"https:\/\/purecosmetics-shop.com\/accueil\/wp-json\/wp\/v2\/comments?post=5346"}],"version-history":[{"count":1,"href":"https:\/\/purecosmetics-shop.com\/accueil\/wp-json\/wp\/v2\/product\/5346\/revisions"}],"predecessor-version":[{"id":5355,"href":"https:\/\/purecosmetics-shop.com\/accueil\/wp-json\/wp\/v2\/product\/5346\/revisions\/5355"}],"wp:featuredmedia":[{"embeddable":true,"href":"https:\/\/purecosmetics-shop.com\/accueil\/wp-json\/wp\/v2\/media\/5354"}],"wp:attachment":[{"href":"https:\/\/purecosmetics-shop.com\/accueil\/wp-json\/wp\/v2\/media?parent=5346"}],"wp:term":[{"taxonomy":"product_brand","embeddable":true,"href":"https:\/\/purecosmetics-shop.com\/accueil\/wp-json\/wp\/v2\/product_brand?post=5346"},{"taxonomy":"product_cat","embeddable":true,"href":"https:\/\/purecosmetics-shop.com\/accueil\/wp-json\/wp\/v2\/product_cat?post=5346"},{"taxonomy":"product_tag","embeddable":true,"href":"https:\/\/purecosmetics-shop.com\/accueil\/wp-json\/wp\/v2\/product_tag?post=5346"}],"curies":[{"name":"wp","href":"https:\/\/api.w.org\/{rel}","templated":true}]}}