{"id":5322,"date":"2026-02-19T09:53:13","date_gmt":"2026-02-19T13:53:13","guid":{"rendered":"https:\/\/purecosmetics-shop.com\/accueil\/?post_type=product&#038;p=5322"},"modified":"2026-04-16T00:56:58","modified_gmt":"2026-04-16T04:56:58","slug":"pdrn-reju-5000-cream","status":"publish","type":"product","link":"https:\/\/purecosmetics-shop.com\/accueil\/produit\/pdrn-reju-5000-cream\/","title":{"rendered":"PDRN Reju 5000 Cream"},"content":{"rendered":"<p>Mode d&#8217;emploi:<\/p>\n<ol>\n<li>Nettoyez votre visage avec un nettoyant doux adapt\u00e9 \u00e0 votre type de peau.<\/li>\n<li>Appliquez une quantit\u00e9 suffisante de cr\u00e8me PDRN Reju 5000 en derni\u00e8re ou avant-derni\u00e8re \u00e9tape de votre routine de soin.<\/li>\n<li>Insistez sur les zones n\u00e9cessitant un apaisement plus intense.<\/li>\n<\/ol>\n<hr \/>\n<p>Contenance : 20g<\/p>\n","protected":false},"excerpt":{"rendered":"<p>La cr\u00e8me PDRN Reju 5000 est une cr\u00e8me v\u00e9gane enrichie en microbiote, formul\u00e9e avec 5 000 ppm de PDRN pour am\u00e9liorer le grain de peau et lui redonner de la fermet\u00e9.<\/p>\n<p>Formul\u00e9e \u00e0 base d&rsquo;eau de feuille de Centella Asiatica, cette cr\u00e8me apaise les irritations cutan\u00e9es tout en am\u00e9liorant la souplesse et l&rsquo;\u00e9lasticit\u00e9 de la peau.<\/p>\n<p>Sa texture l\u00e9g\u00e8re et non grasse p\u00e9n\u00e8tre rapidement et s\u2019applique en plusieurs couches selon le type de peau, pour une hydratation et une \u00e9lasticit\u00e9 personnalis\u00e9es.<\/p>\n","protected":false},"featured_media":5333,"comment_status":"open","ping_status":"closed","template":"","meta":[],"product_brand":[163],"product_cat":[107,109,25,112,115,116,117,118,119],"product_tag":[],"class_list":{"0":"post-5322","1":"product","2":"type-product","3":"status-publish","4":"has-post-thumbnail","6":"product_brand-dr-althea","7":"product_cat-anti-age-et-elasticite","8":"product_cat-anti-rougeurs-et-irritations","9":"product_cat-creme-visage","10":"product_cat-hydratation","11":"product_cat-peau-grasse","12":"product_cat-peau-mixte","13":"product_cat-peau-normale","14":"product_cat-peau-seche","15":"product_cat-peau-sensible","17":"first","18":"instock","19":"shipping-taxable","20":"purchasable","21":"product-type-simple"},"yoast_head":"<!-- This site is optimized with the Yoast SEO plugin v27.4 - https:\/\/yoast.com\/product\/yoast-seo-wordpress\/ -->\n<title>PDRN Reju 5000 Cream - Pure Cosmetics<\/title>\n<meta name=\"robots\" content=\"index, follow, max-snippet:-1, max-image-preview:large, max-video-preview:-1\" \/>\n<link rel=\"canonical\" href=\"https:\/\/purecosmetics-shop.com\/accueil\/produit\/pdrn-reju-5000-cream\/\" \/>\n<meta property=\"og:locale\" content=\"fr_FR\" \/>\n<meta property=\"og:type\" content=\"article\" \/>\n<meta property=\"og:title\" content=\"PDRN Reju 5000 Cream - Pure Cosmetics\" \/>\n<meta property=\"og:description\" content=\"La cr\u00e8me PDRN Reju 5000 est une cr\u00e8me v\u00e9gane enrichie en microbiote, formul\u00e9e avec 5 000 ppm de PDRN pour am\u00e9liorer le grain de peau et lui redonner de la fermet\u00e9.  Formul\u00e9e \u00e0 base d&#039;eau de feuille de Centella Asiatica, cette cr\u00e8me apaise les irritations cutan\u00e9es tout en am\u00e9liorant la souplesse et l&#039;\u00e9lasticit\u00e9 de la peau.  Sa texture l\u00e9g\u00e8re et non grasse p\u00e9n\u00e8tre rapidement et s\u2019applique en plusieurs couches selon le type de peau, pour une hydratation et une \u00e9lasticit\u00e9 personnalis\u00e9es.\" \/>\n<meta property=\"og:url\" content=\"https:\/\/purecosmetics-shop.com\/accueil\/produit\/pdrn-reju-5000-cream\/\" \/>\n<meta property=\"og:site_name\" content=\"Pure Cosmetics\" \/>\n<meta property=\"article:modified_time\" content=\"2026-04-16T04:56:58+00:00\" \/>\n<meta property=\"og:image\" content=\"https:\/\/purecosmetics-shop.com\/wp-content\/uploads\/2026\/02\/DR_ALTHEA_PDRN_Reju_5000_Cream_1-e1771509428817.webp\" \/>\n\t<meta property=\"og:image:width\" content=\"1650\" \/>\n\t<meta property=\"og:image:height\" content=\"1650\" \/>\n\t<meta property=\"og:image:type\" content=\"image\/webp\" \/>\n<meta name=\"twitter:card\" content=\"summary_large_image\" \/>\n<meta name=\"twitter:label1\" content=\"Dur\u00e9e de lecture estim\u00e9e\" \/>\n\t<meta name=\"twitter:data1\" content=\"1 minute\" \/>\n<script type=\"application\/ld+json\" class=\"yoast-schema-graph\">{\"@context\":\"https:\\\/\\\/schema.org\",\"@graph\":[{\"@type\":\"WebPage\",\"@id\":\"https:\\\/\\\/purecosmetics-shop.com\\\/accueil\\\/produit\\\/pdrn-reju-5000-cream\\\/\",\"url\":\"https:\\\/\\\/purecosmetics-shop.com\\\/accueil\\\/produit\\\/pdrn-reju-5000-cream\\\/\",\"name\":\"PDRN Reju 5000 Cream - Pure Cosmetics\",\"isPartOf\":{\"@id\":\"https:\\\/\\\/purecosmetics-shop.com\\\/accueil\\\/#website\"},\"primaryImageOfPage\":{\"@id\":\"https:\\\/\\\/purecosmetics-shop.com\\\/accueil\\\/produit\\\/pdrn-reju-5000-cream\\\/#primaryimage\"},\"image\":{\"@id\":\"https:\\\/\\\/purecosmetics-shop.com\\\/accueil\\\/produit\\\/pdrn-reju-5000-cream\\\/#primaryimage\"},\"thumbnailUrl\":\"https:\\\/\\\/purecosmetics-shop.com\\\/wp-content\\\/uploads\\\/2026\\\/02\\\/DR_ALTHEA_PDRN_Reju_5000_Cream_1-e1771509428817.webp\",\"datePublished\":\"2026-02-19T13:53:13+00:00\",\"dateModified\":\"2026-04-16T04:56:58+00:00\",\"breadcrumb\":{\"@id\":\"https:\\\/\\\/purecosmetics-shop.com\\\/accueil\\\/produit\\\/pdrn-reju-5000-cream\\\/#breadcrumb\"},\"inLanguage\":\"fr-FR\",\"potentialAction\":[{\"@type\":\"ReadAction\",\"target\":[\"https:\\\/\\\/purecosmetics-shop.com\\\/accueil\\\/produit\\\/pdrn-reju-5000-cream\\\/\"]}]},{\"@type\":\"ImageObject\",\"inLanguage\":\"fr-FR\",\"@id\":\"https:\\\/\\\/purecosmetics-shop.com\\\/accueil\\\/produit\\\/pdrn-reju-5000-cream\\\/#primaryimage\",\"url\":\"https:\\\/\\\/purecosmetics-shop.com\\\/wp-content\\\/uploads\\\/2026\\\/02\\\/DR_ALTHEA_PDRN_Reju_5000_Cream_1-e1771509428817.webp\",\"contentUrl\":\"https:\\\/\\\/purecosmetics-shop.com\\\/wp-content\\\/uploads\\\/2026\\\/02\\\/DR_ALTHEA_PDRN_Reju_5000_Cream_1-e1771509428817.webp\",\"width\":1650,\"height\":1650,\"caption\":\"dr althea PDRN Reju 5000 Cream\"},{\"@type\":\"BreadcrumbList\",\"@id\":\"https:\\\/\\\/purecosmetics-shop.com\\\/accueil\\\/produit\\\/pdrn-reju-5000-cream\\\/#breadcrumb\",\"itemListElement\":[{\"@type\":\"ListItem\",\"position\":1,\"name\":\"Accueil\",\"item\":\"https:\\\/\\\/purecosmetics-shop.com\\\/accueil\\\/\"},{\"@type\":\"ListItem\",\"position\":2,\"name\":\"NOUVEAUT\u00c9S\",\"item\":\"https:\\\/\\\/purecosmetics-shop.com\\\/accueil\\\/nouveautes\\\/\"},{\"@type\":\"ListItem\",\"position\":3,\"name\":\"PDRN Reju 5000 Cream\"}]},{\"@type\":\"WebSite\",\"@id\":\"https:\\\/\\\/purecosmetics-shop.com\\\/accueil\\\/#website\",\"url\":\"https:\\\/\\\/purecosmetics-shop.com\\\/accueil\\\/\",\"name\":\"Pure Cosmetics\",\"description\":\"Skincare cor\u00e9enne et japonais\",\"publisher\":{\"@id\":\"https:\\\/\\\/purecosmetics-shop.com\\\/accueil\\\/#organization\"},\"potentialAction\":[{\"@type\":\"SearchAction\",\"target\":{\"@type\":\"EntryPoint\",\"urlTemplate\":\"https:\\\/\\\/purecosmetics-shop.com\\\/accueil\\\/?s={search_term_string}\"},\"query-input\":{\"@type\":\"PropertyValueSpecification\",\"valueRequired\":true,\"valueName\":\"search_term_string\"}}],\"inLanguage\":\"fr-FR\"},{\"@type\":\"Organization\",\"@id\":\"https:\\\/\\\/purecosmetics-shop.com\\\/accueil\\\/#organization\",\"name\":\"Pure Cosmetics\",\"url\":\"https:\\\/\\\/purecosmetics-shop.com\\\/accueil\\\/\",\"logo\":{\"@type\":\"ImageObject\",\"inLanguage\":\"fr-FR\",\"@id\":\"https:\\\/\\\/purecosmetics-shop.com\\\/accueil\\\/#\\\/schema\\\/logo\\\/image\\\/\",\"url\":\"https:\\\/\\\/purecosmetics-shop.com\\\/wp-content\\\/uploads\\\/2025\\\/04\\\/cropped-Pure-Cosmetics-black-2.png\",\"contentUrl\":\"https:\\\/\\\/purecosmetics-shop.com\\\/wp-content\\\/uploads\\\/2025\\\/04\\\/cropped-Pure-Cosmetics-black-2.png\",\"width\":2362,\"height\":2324,\"caption\":\"Pure Cosmetics\"},\"image\":{\"@id\":\"https:\\\/\\\/purecosmetics-shop.com\\\/accueil\\\/#\\\/schema\\\/logo\\\/image\\\/\"}}]}<\/script>\n<!-- \/ Yoast SEO plugin. -->","yoast_head_json":{"title":"PDRN Reju 5000 Cream - Pure Cosmetics","robots":{"index":"index","follow":"follow","max-snippet":"max-snippet:-1","max-image-preview":"max-image-preview:large","max-video-preview":"max-video-preview:-1"},"canonical":"https:\/\/purecosmetics-shop.com\/accueil\/produit\/pdrn-reju-5000-cream\/","og_locale":"fr_FR","og_type":"article","og_title":"PDRN Reju 5000 Cream - Pure Cosmetics","og_description":"La cr\u00e8me PDRN Reju 5000 est une cr\u00e8me v\u00e9gane enrichie en microbiote, formul\u00e9e avec 5 000 ppm de PDRN pour am\u00e9liorer le grain de peau et lui redonner de la fermet\u00e9.  Formul\u00e9e \u00e0 base d'eau de feuille de Centella Asiatica, cette cr\u00e8me apaise les irritations cutan\u00e9es tout en am\u00e9liorant la souplesse et l'\u00e9lasticit\u00e9 de la peau.  Sa texture l\u00e9g\u00e8re et non grasse p\u00e9n\u00e8tre rapidement et s\u2019applique en plusieurs couches selon le type de peau, pour une hydratation et une \u00e9lasticit\u00e9 personnalis\u00e9es.","og_url":"https:\/\/purecosmetics-shop.com\/accueil\/produit\/pdrn-reju-5000-cream\/","og_site_name":"Pure Cosmetics","article_modified_time":"2026-04-16T04:56:58+00:00","og_image":[{"width":1650,"height":1650,"url":"https:\/\/purecosmetics-shop.com\/wp-content\/uploads\/2026\/02\/DR_ALTHEA_PDRN_Reju_5000_Cream_1-e1771509428817.webp","type":"image\/webp"}],"twitter_card":"summary_large_image","twitter_misc":{"Dur\u00e9e de lecture estim\u00e9e":"1 minute"},"schema":{"@context":"https:\/\/schema.org","@graph":[{"@type":"WebPage","@id":"https:\/\/purecosmetics-shop.com\/accueil\/produit\/pdrn-reju-5000-cream\/","url":"https:\/\/purecosmetics-shop.com\/accueil\/produit\/pdrn-reju-5000-cream\/","name":"PDRN Reju 5000 Cream - Pure Cosmetics","isPartOf":{"@id":"https:\/\/purecosmetics-shop.com\/accueil\/#website"},"primaryImageOfPage":{"@id":"https:\/\/purecosmetics-shop.com\/accueil\/produit\/pdrn-reju-5000-cream\/#primaryimage"},"image":{"@id":"https:\/\/purecosmetics-shop.com\/accueil\/produit\/pdrn-reju-5000-cream\/#primaryimage"},"thumbnailUrl":"https:\/\/purecosmetics-shop.com\/wp-content\/uploads\/2026\/02\/DR_ALTHEA_PDRN_Reju_5000_Cream_1-e1771509428817.webp","datePublished":"2026-02-19T13:53:13+00:00","dateModified":"2026-04-16T04:56:58+00:00","breadcrumb":{"@id":"https:\/\/purecosmetics-shop.com\/accueil\/produit\/pdrn-reju-5000-cream\/#breadcrumb"},"inLanguage":"fr-FR","potentialAction":[{"@type":"ReadAction","target":["https:\/\/purecosmetics-shop.com\/accueil\/produit\/pdrn-reju-5000-cream\/"]}]},{"@type":"ImageObject","inLanguage":"fr-FR","@id":"https:\/\/purecosmetics-shop.com\/accueil\/produit\/pdrn-reju-5000-cream\/#primaryimage","url":"https:\/\/purecosmetics-shop.com\/wp-content\/uploads\/2026\/02\/DR_ALTHEA_PDRN_Reju_5000_Cream_1-e1771509428817.webp","contentUrl":"https:\/\/purecosmetics-shop.com\/wp-content\/uploads\/2026\/02\/DR_ALTHEA_PDRN_Reju_5000_Cream_1-e1771509428817.webp","width":1650,"height":1650,"caption":"dr althea PDRN Reju 5000 Cream"},{"@type":"BreadcrumbList","@id":"https:\/\/purecosmetics-shop.com\/accueil\/produit\/pdrn-reju-5000-cream\/#breadcrumb","itemListElement":[{"@type":"ListItem","position":1,"name":"Accueil","item":"https:\/\/purecosmetics-shop.com\/accueil\/"},{"@type":"ListItem","position":2,"name":"NOUVEAUT\u00c9S","item":"https:\/\/purecosmetics-shop.com\/accueil\/nouveautes\/"},{"@type":"ListItem","position":3,"name":"PDRN Reju 5000 Cream"}]},{"@type":"WebSite","@id":"https:\/\/purecosmetics-shop.com\/accueil\/#website","url":"https:\/\/purecosmetics-shop.com\/accueil\/","name":"Pure Cosmetics","description":"Skincare cor\u00e9enne et japonais","publisher":{"@id":"https:\/\/purecosmetics-shop.com\/accueil\/#organization"},"potentialAction":[{"@type":"SearchAction","target":{"@type":"EntryPoint","urlTemplate":"https:\/\/purecosmetics-shop.com\/accueil\/?s={search_term_string}"},"query-input":{"@type":"PropertyValueSpecification","valueRequired":true,"valueName":"search_term_string"}}],"inLanguage":"fr-FR"},{"@type":"Organization","@id":"https:\/\/purecosmetics-shop.com\/accueil\/#organization","name":"Pure Cosmetics","url":"https:\/\/purecosmetics-shop.com\/accueil\/","logo":{"@type":"ImageObject","inLanguage":"fr-FR","@id":"https:\/\/purecosmetics-shop.com\/accueil\/#\/schema\/logo\/image\/","url":"https:\/\/purecosmetics-shop.com\/wp-content\/uploads\/2025\/04\/cropped-Pure-Cosmetics-black-2.png","contentUrl":"https:\/\/purecosmetics-shop.com\/wp-content\/uploads\/2025\/04\/cropped-Pure-Cosmetics-black-2.png","width":2362,"height":2324,"caption":"Pure Cosmetics"},"image":{"@id":"https:\/\/purecosmetics-shop.com\/accueil\/#\/schema\/logo\/image\/"}}]}},"jetpack_sharing_enabled":true,"_links":{"self":[{"href":"https:\/\/purecosmetics-shop.com\/accueil\/wp-json\/wp\/v2\/product\/5322","targetHints":{"allow":["GET"]}}],"collection":[{"href":"https:\/\/purecosmetics-shop.com\/accueil\/wp-json\/wp\/v2\/product"}],"about":[{"href":"https:\/\/purecosmetics-shop.com\/accueil\/wp-json\/wp\/v2\/types\/product"}],"replies":[{"embeddable":true,"href":"https:\/\/purecosmetics-shop.com\/accueil\/wp-json\/wp\/v2\/comments?post=5322"}],"version-history":[{"count":1,"href":"https:\/\/purecosmetics-shop.com\/accueil\/wp-json\/wp\/v2\/product\/5322\/revisions"}],"predecessor-version":[{"id":5334,"href":"https:\/\/purecosmetics-shop.com\/accueil\/wp-json\/wp\/v2\/product\/5322\/revisions\/5334"}],"wp:featuredmedia":[{"embeddable":true,"href":"https:\/\/purecosmetics-shop.com\/accueil\/wp-json\/wp\/v2\/media\/5333"}],"wp:attachment":[{"href":"https:\/\/purecosmetics-shop.com\/accueil\/wp-json\/wp\/v2\/media?parent=5322"}],"wp:term":[{"taxonomy":"product_brand","embeddable":true,"href":"https:\/\/purecosmetics-shop.com\/accueil\/wp-json\/wp\/v2\/product_brand?post=5322"},{"taxonomy":"product_cat","embeddable":true,"href":"https:\/\/purecosmetics-shop.com\/accueil\/wp-json\/wp\/v2\/product_cat?post=5322"},{"taxonomy":"product_tag","embeddable":true,"href":"https:\/\/purecosmetics-shop.com\/accueil\/wp-json\/wp\/v2\/product_tag?post=5322"}],"curies":[{"name":"wp","href":"https:\/\/api.w.org\/{rel}","templated":true}]}}