{"id":5259,"date":"2026-02-19T09:52:43","date_gmt":"2026-02-19T13:52:43","guid":{"rendered":"https:\/\/purecosmetics-shop.com\/accueil\/?post_type=product&#038;p=5259"},"modified":"2026-04-15T21:47:06","modified_gmt":"2026-04-16T01:47:06","slug":"rejuvenating-caviar-pdrn-real-deep-mask","status":"publish","type":"product","link":"https:\/\/purecosmetics-shop.com\/accueil\/produit\/rejuvenating-caviar-pdrn-real-deep-mask\/","title":{"rendered":"REJUVENATING CAVIAR PDRN REAL DEEP MASK"},"content":{"rendered":"<p>Mode d&#8217;emploi :<\/p>\n<p>SOIN DE NUIT<\/p>\n<p>Appliquez le masque \u00e0 la fin de votre routine de soin et laissez-le poser toute la nuit.<\/p>\n<p>Retirez le masque le lendemain matin apr\u00e8s une bonne nuit de sommeil.<\/p>\n<p>SOIN DE JOUR<\/p>\n<p>Apr\u00e8s avoir pr\u00e9par\u00e9 votre peau avec une lotion tonique ou un s\u00e9rum, appliquez le masque et laissez-le poser 3 \u00e0 4 heures, ou jusqu&rsquo;\u00e0 ce qu&rsquo;il devienne transparent.<\/p>\n<p>&nbsp;<\/p>\n<p>ASTUCE<br \/>\nUtilisez les parties du masque destin\u00e9es aux yeux et \u00e0 la bouche sur les ailes du nez, le contour des yeux, le cou, ou toute autre zone n\u00e9cessitant une hydratation et une r\u00e9g\u00e9n\u00e9ration suppl\u00e9mentaires.<\/p>\n","protected":false},"excerpt":{"rendered":"<p>Ce masque associe extrait de caviar et de PDRN pour revitaliser la peau et renforcer la barri\u00e8re protectrice. Le caviar et le PDRN contribuent \u00e0 une peau d&rsquo;apparence saine en la prot\u00e9geant des agressions ext\u00e9rieures et en pr\u00e9servant sa vitalit\u00e9 naturelle.<\/p>\n<p>Compos\u00e9 de 600 000 PPM DE COMPLEXE DE CAVIAR, riche en prot\u00e9ines et nutriments essentiels, il contribue \u00e0 renforcer la barri\u00e8re cutan\u00e9e, pour une peau plus rebondie et \u00e9clatante.<\/p>\n<p>Ce masque visage hydratant intense est formul\u00e9 \u00e0 partir d&rsquo;ingr\u00e9dients non toxiques et non irritants. Con\u00e7u pour \u00eatre hypoallerg\u00e9nique, il est exempt d&rsquo;allerg\u00e8nes et de 19 autres ingr\u00e9dients agressifs ou controvers\u00e9s. Convient aux peaux sensibles.<\/p>\n","protected":false},"featured_media":5273,"comment_status":"open","ping_status":"closed","template":"","meta":[],"product_brand":[160],"product_cat":[107,112,23,116,117,118,119],"product_tag":[],"class_list":{"0":"post-5259","1":"product","2":"type-product","3":"status-publish","4":"has-post-thumbnail","6":"product_brand-biodance","7":"product_cat-anti-age-et-elasticite","8":"product_cat-hydratation","9":"product_cat-masque","10":"product_cat-peau-mixte","11":"product_cat-peau-normale","12":"product_cat-peau-seche","13":"product_cat-peau-sensible","15":"first","16":"instock","17":"shipping-taxable","18":"purchasable","19":"product-type-simple"},"yoast_head":"<!-- This site is optimized with the Yoast SEO plugin v27.4 - https:\/\/yoast.com\/product\/yoast-seo-wordpress\/ -->\n<title>REJUVENATING CAVIAR PDRN REAL DEEP MASK - Pure Cosmetics<\/title>\n<meta name=\"robots\" content=\"index, follow, max-snippet:-1, max-image-preview:large, max-video-preview:-1\" \/>\n<link rel=\"canonical\" href=\"https:\/\/purecosmetics-shop.com\/accueil\/produit\/rejuvenating-caviar-pdrn-real-deep-mask\/\" \/>\n<meta property=\"og:locale\" content=\"fr_FR\" \/>\n<meta property=\"og:type\" content=\"article\" \/>\n<meta property=\"og:title\" content=\"REJUVENATING CAVIAR PDRN REAL DEEP MASK - Pure Cosmetics\" \/>\n<meta property=\"og:description\" content=\"Ce masque associe extrait de caviar et de PDRN pour revitaliser la peau et renforcer la barri\u00e8re protectrice. Le caviar et le PDRN contribuent \u00e0 une peau d&#039;apparence saine en la prot\u00e9geant des agressions ext\u00e9rieures et en pr\u00e9servant sa vitalit\u00e9 naturelle.  Compos\u00e9 de 600 000 PPM DE COMPLEXE DE CAVIAR, riche en prot\u00e9ines et nutriments essentiels, il contribue \u00e0 renforcer la barri\u00e8re cutan\u00e9e, pour une peau plus rebondie et \u00e9clatante.  Ce masque visage hydratant intense est formul\u00e9 \u00e0 partir d&#039;ingr\u00e9dients non toxiques et non irritants. Con\u00e7u pour \u00eatre hypoallerg\u00e9nique, il est exempt d&#039;allerg\u00e8nes et de 19 autres ingr\u00e9dients agressifs ou controvers\u00e9s. Convient aux peaux sensibles.\" \/>\n<meta property=\"og:url\" content=\"https:\/\/purecosmetics-shop.com\/accueil\/produit\/rejuvenating-caviar-pdrn-real-deep-mask\/\" \/>\n<meta property=\"og:site_name\" content=\"Pure Cosmetics\" \/>\n<meta property=\"article:modified_time\" content=\"2026-04-16T01:47:06+00:00\" \/>\n<meta property=\"og:image\" content=\"https:\/\/purecosmetics-shop.com\/wp-content\/uploads\/2026\/02\/BIODANCE_REJUVENATING_CAVIAR_PDRN_REAL_DEEP_MASK-e1771509650356.webp\" \/>\n\t<meta property=\"og:image:width\" content=\"500\" \/>\n\t<meta property=\"og:image:height\" content=\"500\" \/>\n\t<meta property=\"og:image:type\" content=\"image\/webp\" \/>\n<meta name=\"twitter:card\" content=\"summary_large_image\" \/>\n<meta name=\"twitter:label1\" content=\"Dur\u00e9e de lecture estim\u00e9e\" \/>\n\t<meta name=\"twitter:data1\" content=\"1 minute\" \/>\n<script type=\"application\/ld+json\" class=\"yoast-schema-graph\">{\"@context\":\"https:\\\/\\\/schema.org\",\"@graph\":[{\"@type\":\"WebPage\",\"@id\":\"https:\\\/\\\/purecosmetics-shop.com\\\/accueil\\\/produit\\\/rejuvenating-caviar-pdrn-real-deep-mask\\\/\",\"url\":\"https:\\\/\\\/purecosmetics-shop.com\\\/accueil\\\/produit\\\/rejuvenating-caviar-pdrn-real-deep-mask\\\/\",\"name\":\"REJUVENATING CAVIAR PDRN REAL DEEP MASK - Pure Cosmetics\",\"isPartOf\":{\"@id\":\"https:\\\/\\\/purecosmetics-shop.com\\\/accueil\\\/#website\"},\"primaryImageOfPage\":{\"@id\":\"https:\\\/\\\/purecosmetics-shop.com\\\/accueil\\\/produit\\\/rejuvenating-caviar-pdrn-real-deep-mask\\\/#primaryimage\"},\"image\":{\"@id\":\"https:\\\/\\\/purecosmetics-shop.com\\\/accueil\\\/produit\\\/rejuvenating-caviar-pdrn-real-deep-mask\\\/#primaryimage\"},\"thumbnailUrl\":\"https:\\\/\\\/purecosmetics-shop.com\\\/wp-content\\\/uploads\\\/2026\\\/02\\\/BIODANCE_REJUVENATING_CAVIAR_PDRN_REAL_DEEP_MASK-e1771509650356.webp\",\"datePublished\":\"2026-02-19T13:52:43+00:00\",\"dateModified\":\"2026-04-16T01:47:06+00:00\",\"breadcrumb\":{\"@id\":\"https:\\\/\\\/purecosmetics-shop.com\\\/accueil\\\/produit\\\/rejuvenating-caviar-pdrn-real-deep-mask\\\/#breadcrumb\"},\"inLanguage\":\"fr-FR\",\"potentialAction\":[{\"@type\":\"ReadAction\",\"target\":[\"https:\\\/\\\/purecosmetics-shop.com\\\/accueil\\\/produit\\\/rejuvenating-caviar-pdrn-real-deep-mask\\\/\"]}]},{\"@type\":\"ImageObject\",\"inLanguage\":\"fr-FR\",\"@id\":\"https:\\\/\\\/purecosmetics-shop.com\\\/accueil\\\/produit\\\/rejuvenating-caviar-pdrn-real-deep-mask\\\/#primaryimage\",\"url\":\"https:\\\/\\\/purecosmetics-shop.com\\\/wp-content\\\/uploads\\\/2026\\\/02\\\/BIODANCE_REJUVENATING_CAVIAR_PDRN_REAL_DEEP_MASK-e1771509650356.webp\",\"contentUrl\":\"https:\\\/\\\/purecosmetics-shop.com\\\/wp-content\\\/uploads\\\/2026\\\/02\\\/BIODANCE_REJUVENATING_CAVIAR_PDRN_REAL_DEEP_MASK-e1771509650356.webp\",\"width\":500,\"height\":500,\"caption\":\"biodance REJUVENATING CAVIAR PDRN REAL DEEP MASK\"},{\"@type\":\"BreadcrumbList\",\"@id\":\"https:\\\/\\\/purecosmetics-shop.com\\\/accueil\\\/produit\\\/rejuvenating-caviar-pdrn-real-deep-mask\\\/#breadcrumb\",\"itemListElement\":[{\"@type\":\"ListItem\",\"position\":1,\"name\":\"Accueil\",\"item\":\"https:\\\/\\\/purecosmetics-shop.com\\\/accueil\\\/\"},{\"@type\":\"ListItem\",\"position\":2,\"name\":\"NOUVEAUT\u00c9S\",\"item\":\"https:\\\/\\\/purecosmetics-shop.com\\\/accueil\\\/nouveautes\\\/\"},{\"@type\":\"ListItem\",\"position\":3,\"name\":\"REJUVENATING CAVIAR PDRN REAL DEEP MASK\"}]},{\"@type\":\"WebSite\",\"@id\":\"https:\\\/\\\/purecosmetics-shop.com\\\/accueil\\\/#website\",\"url\":\"https:\\\/\\\/purecosmetics-shop.com\\\/accueil\\\/\",\"name\":\"Pure Cosmetics\",\"description\":\"Skincare cor\u00e9enne et japonais\",\"publisher\":{\"@id\":\"https:\\\/\\\/purecosmetics-shop.com\\\/accueil\\\/#organization\"},\"potentialAction\":[{\"@type\":\"SearchAction\",\"target\":{\"@type\":\"EntryPoint\",\"urlTemplate\":\"https:\\\/\\\/purecosmetics-shop.com\\\/accueil\\\/?s={search_term_string}\"},\"query-input\":{\"@type\":\"PropertyValueSpecification\",\"valueRequired\":true,\"valueName\":\"search_term_string\"}}],\"inLanguage\":\"fr-FR\"},{\"@type\":\"Organization\",\"@id\":\"https:\\\/\\\/purecosmetics-shop.com\\\/accueil\\\/#organization\",\"name\":\"Pure Cosmetics\",\"url\":\"https:\\\/\\\/purecosmetics-shop.com\\\/accueil\\\/\",\"logo\":{\"@type\":\"ImageObject\",\"inLanguage\":\"fr-FR\",\"@id\":\"https:\\\/\\\/purecosmetics-shop.com\\\/accueil\\\/#\\\/schema\\\/logo\\\/image\\\/\",\"url\":\"https:\\\/\\\/purecosmetics-shop.com\\\/wp-content\\\/uploads\\\/2025\\\/04\\\/cropped-Pure-Cosmetics-black-2.png\",\"contentUrl\":\"https:\\\/\\\/purecosmetics-shop.com\\\/wp-content\\\/uploads\\\/2025\\\/04\\\/cropped-Pure-Cosmetics-black-2.png\",\"width\":2362,\"height\":2324,\"caption\":\"Pure Cosmetics\"},\"image\":{\"@id\":\"https:\\\/\\\/purecosmetics-shop.com\\\/accueil\\\/#\\\/schema\\\/logo\\\/image\\\/\"}}]}<\/script>\n<!-- \/ Yoast SEO plugin. -->","yoast_head_json":{"title":"REJUVENATING CAVIAR PDRN REAL DEEP MASK - Pure Cosmetics","robots":{"index":"index","follow":"follow","max-snippet":"max-snippet:-1","max-image-preview":"max-image-preview:large","max-video-preview":"max-video-preview:-1"},"canonical":"https:\/\/purecosmetics-shop.com\/accueil\/produit\/rejuvenating-caviar-pdrn-real-deep-mask\/","og_locale":"fr_FR","og_type":"article","og_title":"REJUVENATING CAVIAR PDRN REAL DEEP MASK - Pure Cosmetics","og_description":"Ce masque associe extrait de caviar et de PDRN pour revitaliser la peau et renforcer la barri\u00e8re protectrice. Le caviar et le PDRN contribuent \u00e0 une peau d'apparence saine en la prot\u00e9geant des agressions ext\u00e9rieures et en pr\u00e9servant sa vitalit\u00e9 naturelle.  Compos\u00e9 de 600 000 PPM DE COMPLEXE DE CAVIAR, riche en prot\u00e9ines et nutriments essentiels, il contribue \u00e0 renforcer la barri\u00e8re cutan\u00e9e, pour une peau plus rebondie et \u00e9clatante.  Ce masque visage hydratant intense est formul\u00e9 \u00e0 partir d'ingr\u00e9dients non toxiques et non irritants. Con\u00e7u pour \u00eatre hypoallerg\u00e9nique, il est exempt d'allerg\u00e8nes et de 19 autres ingr\u00e9dients agressifs ou controvers\u00e9s. Convient aux peaux sensibles.","og_url":"https:\/\/purecosmetics-shop.com\/accueil\/produit\/rejuvenating-caviar-pdrn-real-deep-mask\/","og_site_name":"Pure Cosmetics","article_modified_time":"2026-04-16T01:47:06+00:00","og_image":[{"width":500,"height":500,"url":"https:\/\/purecosmetics-shop.com\/wp-content\/uploads\/2026\/02\/BIODANCE_REJUVENATING_CAVIAR_PDRN_REAL_DEEP_MASK-e1771509650356.webp","type":"image\/webp"}],"twitter_card":"summary_large_image","twitter_misc":{"Dur\u00e9e de lecture estim\u00e9e":"1 minute"},"schema":{"@context":"https:\/\/schema.org","@graph":[{"@type":"WebPage","@id":"https:\/\/purecosmetics-shop.com\/accueil\/produit\/rejuvenating-caviar-pdrn-real-deep-mask\/","url":"https:\/\/purecosmetics-shop.com\/accueil\/produit\/rejuvenating-caviar-pdrn-real-deep-mask\/","name":"REJUVENATING CAVIAR PDRN REAL DEEP MASK - Pure Cosmetics","isPartOf":{"@id":"https:\/\/purecosmetics-shop.com\/accueil\/#website"},"primaryImageOfPage":{"@id":"https:\/\/purecosmetics-shop.com\/accueil\/produit\/rejuvenating-caviar-pdrn-real-deep-mask\/#primaryimage"},"image":{"@id":"https:\/\/purecosmetics-shop.com\/accueil\/produit\/rejuvenating-caviar-pdrn-real-deep-mask\/#primaryimage"},"thumbnailUrl":"https:\/\/purecosmetics-shop.com\/wp-content\/uploads\/2026\/02\/BIODANCE_REJUVENATING_CAVIAR_PDRN_REAL_DEEP_MASK-e1771509650356.webp","datePublished":"2026-02-19T13:52:43+00:00","dateModified":"2026-04-16T01:47:06+00:00","breadcrumb":{"@id":"https:\/\/purecosmetics-shop.com\/accueil\/produit\/rejuvenating-caviar-pdrn-real-deep-mask\/#breadcrumb"},"inLanguage":"fr-FR","potentialAction":[{"@type":"ReadAction","target":["https:\/\/purecosmetics-shop.com\/accueil\/produit\/rejuvenating-caviar-pdrn-real-deep-mask\/"]}]},{"@type":"ImageObject","inLanguage":"fr-FR","@id":"https:\/\/purecosmetics-shop.com\/accueil\/produit\/rejuvenating-caviar-pdrn-real-deep-mask\/#primaryimage","url":"https:\/\/purecosmetics-shop.com\/wp-content\/uploads\/2026\/02\/BIODANCE_REJUVENATING_CAVIAR_PDRN_REAL_DEEP_MASK-e1771509650356.webp","contentUrl":"https:\/\/purecosmetics-shop.com\/wp-content\/uploads\/2026\/02\/BIODANCE_REJUVENATING_CAVIAR_PDRN_REAL_DEEP_MASK-e1771509650356.webp","width":500,"height":500,"caption":"biodance REJUVENATING CAVIAR PDRN REAL DEEP MASK"},{"@type":"BreadcrumbList","@id":"https:\/\/purecosmetics-shop.com\/accueil\/produit\/rejuvenating-caviar-pdrn-real-deep-mask\/#breadcrumb","itemListElement":[{"@type":"ListItem","position":1,"name":"Accueil","item":"https:\/\/purecosmetics-shop.com\/accueil\/"},{"@type":"ListItem","position":2,"name":"NOUVEAUT\u00c9S","item":"https:\/\/purecosmetics-shop.com\/accueil\/nouveautes\/"},{"@type":"ListItem","position":3,"name":"REJUVENATING CAVIAR PDRN REAL DEEP MASK"}]},{"@type":"WebSite","@id":"https:\/\/purecosmetics-shop.com\/accueil\/#website","url":"https:\/\/purecosmetics-shop.com\/accueil\/","name":"Pure Cosmetics","description":"Skincare cor\u00e9enne et japonais","publisher":{"@id":"https:\/\/purecosmetics-shop.com\/accueil\/#organization"},"potentialAction":[{"@type":"SearchAction","target":{"@type":"EntryPoint","urlTemplate":"https:\/\/purecosmetics-shop.com\/accueil\/?s={search_term_string}"},"query-input":{"@type":"PropertyValueSpecification","valueRequired":true,"valueName":"search_term_string"}}],"inLanguage":"fr-FR"},{"@type":"Organization","@id":"https:\/\/purecosmetics-shop.com\/accueil\/#organization","name":"Pure Cosmetics","url":"https:\/\/purecosmetics-shop.com\/accueil\/","logo":{"@type":"ImageObject","inLanguage":"fr-FR","@id":"https:\/\/purecosmetics-shop.com\/accueil\/#\/schema\/logo\/image\/","url":"https:\/\/purecosmetics-shop.com\/wp-content\/uploads\/2025\/04\/cropped-Pure-Cosmetics-black-2.png","contentUrl":"https:\/\/purecosmetics-shop.com\/wp-content\/uploads\/2025\/04\/cropped-Pure-Cosmetics-black-2.png","width":2362,"height":2324,"caption":"Pure Cosmetics"},"image":{"@id":"https:\/\/purecosmetics-shop.com\/accueil\/#\/schema\/logo\/image\/"}}]}},"jetpack_sharing_enabled":true,"_links":{"self":[{"href":"https:\/\/purecosmetics-shop.com\/accueil\/wp-json\/wp\/v2\/product\/5259","targetHints":{"allow":["GET"]}}],"collection":[{"href":"https:\/\/purecosmetics-shop.com\/accueil\/wp-json\/wp\/v2\/product"}],"about":[{"href":"https:\/\/purecosmetics-shop.com\/accueil\/wp-json\/wp\/v2\/types\/product"}],"replies":[{"embeddable":true,"href":"https:\/\/purecosmetics-shop.com\/accueil\/wp-json\/wp\/v2\/comments?post=5259"}],"version-history":[{"count":2,"href":"https:\/\/purecosmetics-shop.com\/accueil\/wp-json\/wp\/v2\/product\/5259\/revisions"}],"predecessor-version":[{"id":5521,"href":"https:\/\/purecosmetics-shop.com\/accueil\/wp-json\/wp\/v2\/product\/5259\/revisions\/5521"}],"wp:featuredmedia":[{"embeddable":true,"href":"https:\/\/purecosmetics-shop.com\/accueil\/wp-json\/wp\/v2\/media\/5273"}],"wp:attachment":[{"href":"https:\/\/purecosmetics-shop.com\/accueil\/wp-json\/wp\/v2\/media?parent=5259"}],"wp:term":[{"taxonomy":"product_brand","embeddable":true,"href":"https:\/\/purecosmetics-shop.com\/accueil\/wp-json\/wp\/v2\/product_brand?post=5259"},{"taxonomy":"product_cat","embeddable":true,"href":"https:\/\/purecosmetics-shop.com\/accueil\/wp-json\/wp\/v2\/product_cat?post=5259"},{"taxonomy":"product_tag","embeddable":true,"href":"https:\/\/purecosmetics-shop.com\/accueil\/wp-json\/wp\/v2\/product_tag?post=5259"}],"curies":[{"name":"wp","href":"https:\/\/api.w.org\/{rel}","templated":true}]}}