{"id":5256,"date":"2026-02-19T09:54:24","date_gmt":"2026-02-19T13:54:24","guid":{"rendered":"https:\/\/purecosmetics-shop.com\/accueil\/?post_type=product&#038;p=5256"},"modified":"2026-04-11T14:23:46","modified_gmt":"2026-04-11T18:23:46","slug":"retinol-reti-rn-microcone-patch-t-shaped","status":"publish","type":"product","link":"https:\/\/purecosmetics-shop.com\/accueil\/produit\/retinol-reti-rn-microcone-patch-t-shaped\/","title":{"rendered":"RETINOL RETI-RN MICROCONE PATCH (T SHAPED)"},"content":{"rendered":"<p>Contient 4 patchs.<\/p>\n<hr \/>\n<p>Mode d&#8217;emploi:<\/p>\n<ol>\n<li>Apr\u00e8s le nettoyage, s\u00e9chez votre visage.<\/li>\n<li>Retirez le film protecteur sans toucher le Microc\u00f4ne\u00ae situ\u00e9 au centre du patch.<\/li>\n<li>Appliquez le patch horizontalement sur les zones rid\u00e9es, puis retirez-le d\u00e9licatement apr\u00e8s au moins 2 heures.<\/li>\n<\/ol>\n","protected":false},"excerpt":{"rendered":"<p>Un patch anti-\u00e2ge qui att\u00e9nue les rides du lion, transformant la peau en un seul geste. Offre une puissante synergie anti-\u00e2ge qui cible simultan\u00e9ment les rides et les taches pigmentaires.<\/p>\n<p>Con\u00e7u avec des patchs de formes personnalis\u00e9es, adapt\u00e9s aux diff\u00e9rentes zones \u00e0 probl\u00e8mes.<\/p>\n<p>Contient la technologie Micro aguilles qui diffuse les actifs directement dans la peau.<\/p>\n<p>Utilise la premi\u00e8re technologie brevet\u00e9e au monde \u00e0 base de r\u00e9tinol stabilis\u00e9 pour des r\u00e9sultats exceptionnels.<\/p>\n<p>Contient du r\u00e9tinol pur pour favoriser le renouvellement cellulaire et du PDRN, un composant d&rsquo;ADN similaire \u00e0 celui pr\u00e9sent dans le tissu cutan\u00e9 du saumon.<\/p>\n<p>Enrichi de cinq peptides pour renforcer la structure de la peau.<\/p>\n","protected":false},"featured_media":5248,"comment_status":"open","ping_status":"closed","template":"","meta":[],"product_brand":[224],"product_cat":[107,192],"product_tag":[],"class_list":{"0":"post-5256","1":"product","2":"type-product","3":"status-publish","4":"has-post-thumbnail","6":"product_brand-acropass","7":"product_cat-anti-age-et-elasticite","8":"product_cat-traitement-localise","10":"first","11":"instock","12":"shipping-taxable","13":"purchasable","14":"product-type-simple"},"yoast_head":"<!-- This site is optimized with the Yoast SEO plugin v27.3 - https:\/\/yoast.com\/product\/yoast-seo-wordpress\/ -->\n<title>RETINOL RETI-RN MICROCONE PATCH (T SHAPED) - Pure Cosmetics<\/title>\n<meta name=\"robots\" content=\"index, follow, max-snippet:-1, max-image-preview:large, max-video-preview:-1\" \/>\n<link rel=\"canonical\" href=\"https:\/\/purecosmetics-shop.com\/accueil\/produit\/retinol-reti-rn-microcone-patch-t-shaped\/\" \/>\n<meta property=\"og:locale\" content=\"fr_FR\" \/>\n<meta property=\"og:type\" content=\"article\" \/>\n<meta property=\"og:title\" content=\"RETINOL RETI-RN MICROCONE PATCH (T SHAPED) - Pure Cosmetics\" \/>\n<meta property=\"og:description\" content=\"Un patch anti-\u00e2ge qui att\u00e9nue les rides du lion, transformant la peau en un seul geste. Offre une puissante synergie anti-\u00e2ge qui cible simultan\u00e9ment les rides et les taches pigmentaires.  Con\u00e7u avec des patchs de formes personnalis\u00e9es, adapt\u00e9s aux diff\u00e9rentes zones \u00e0 probl\u00e8mes.  Contient la technologie Micro aguilles qui diffuse les actifs directement dans la peau.  Utilise la premi\u00e8re technologie brevet\u00e9e au monde \u00e0 base de r\u00e9tinol stabilis\u00e9 pour des r\u00e9sultats exceptionnels.  Contient du r\u00e9tinol pur pour favoriser le renouvellement cellulaire et du PDRN, un composant d&#039;ADN similaire \u00e0 celui pr\u00e9sent dans le tissu cutan\u00e9 du saumon.  Enrichi de cinq peptides pour renforcer la structure de la peau.\" \/>\n<meta property=\"og:url\" content=\"https:\/\/purecosmetics-shop.com\/accueil\/produit\/retinol-reti-rn-microcone-patch-t-shaped\/\" \/>\n<meta property=\"og:site_name\" content=\"Pure Cosmetics\" \/>\n<meta property=\"article:modified_time\" content=\"2026-04-11T18:23:46+00:00\" \/>\n<meta property=\"og:image\" content=\"https:\/\/purecosmetics-shop.com\/wp-content\/uploads\/2026\/02\/ACROPASS_RETINOL_RETI_RN_MICROCONE_PATCH_T_SHAPED.jpg\" \/>\n\t<meta property=\"og:image:width\" content=\"1000\" \/>\n\t<meta property=\"og:image:height\" content=\"1000\" \/>\n\t<meta property=\"og:image:type\" content=\"image\/jpeg\" \/>\n<meta name=\"twitter:card\" content=\"summary_large_image\" \/>\n<meta name=\"twitter:label1\" content=\"Dur\u00e9e de lecture estim\u00e9e\" \/>\n\t<meta name=\"twitter:data1\" content=\"1 minute\" \/>\n<script type=\"application\/ld+json\" class=\"yoast-schema-graph\">{\"@context\":\"https:\\\/\\\/schema.org\",\"@graph\":[{\"@type\":\"WebPage\",\"@id\":\"https:\\\/\\\/purecosmetics-shop.com\\\/accueil\\\/produit\\\/retinol-reti-rn-microcone-patch-t-shaped\\\/\",\"url\":\"https:\\\/\\\/purecosmetics-shop.com\\\/accueil\\\/produit\\\/retinol-reti-rn-microcone-patch-t-shaped\\\/\",\"name\":\"RETINOL RETI-RN MICROCONE PATCH (T SHAPED) - Pure Cosmetics\",\"isPartOf\":{\"@id\":\"https:\\\/\\\/purecosmetics-shop.com\\\/accueil\\\/#website\"},\"primaryImageOfPage\":{\"@id\":\"https:\\\/\\\/purecosmetics-shop.com\\\/accueil\\\/produit\\\/retinol-reti-rn-microcone-patch-t-shaped\\\/#primaryimage\"},\"image\":{\"@id\":\"https:\\\/\\\/purecosmetics-shop.com\\\/accueil\\\/produit\\\/retinol-reti-rn-microcone-patch-t-shaped\\\/#primaryimage\"},\"thumbnailUrl\":\"https:\\\/\\\/purecosmetics-shop.com\\\/wp-content\\\/uploads\\\/2026\\\/02\\\/ACROPASS_RETINOL_RETI_RN_MICROCONE_PATCH_T_SHAPED.jpg\",\"datePublished\":\"2026-02-19T13:54:24+00:00\",\"dateModified\":\"2026-04-11T18:23:46+00:00\",\"breadcrumb\":{\"@id\":\"https:\\\/\\\/purecosmetics-shop.com\\\/accueil\\\/produit\\\/retinol-reti-rn-microcone-patch-t-shaped\\\/#breadcrumb\"},\"inLanguage\":\"fr-FR\",\"potentialAction\":[{\"@type\":\"ReadAction\",\"target\":[\"https:\\\/\\\/purecosmetics-shop.com\\\/accueil\\\/produit\\\/retinol-reti-rn-microcone-patch-t-shaped\\\/\"]}]},{\"@type\":\"ImageObject\",\"inLanguage\":\"fr-FR\",\"@id\":\"https:\\\/\\\/purecosmetics-shop.com\\\/accueil\\\/produit\\\/retinol-reti-rn-microcone-patch-t-shaped\\\/#primaryimage\",\"url\":\"https:\\\/\\\/purecosmetics-shop.com\\\/wp-content\\\/uploads\\\/2026\\\/02\\\/ACROPASS_RETINOL_RETI_RN_MICROCONE_PATCH_T_SHAPED.jpg\",\"contentUrl\":\"https:\\\/\\\/purecosmetics-shop.com\\\/wp-content\\\/uploads\\\/2026\\\/02\\\/ACROPASS_RETINOL_RETI_RN_MICROCONE_PATCH_T_SHAPED.jpg\",\"width\":1000,\"height\":1000,\"caption\":\"RETINOL RETI-RN MICROCONE PATCH (T SHAPED)\"},{\"@type\":\"BreadcrumbList\",\"@id\":\"https:\\\/\\\/purecosmetics-shop.com\\\/accueil\\\/produit\\\/retinol-reti-rn-microcone-patch-t-shaped\\\/#breadcrumb\",\"itemListElement\":[{\"@type\":\"ListItem\",\"position\":1,\"name\":\"Accueil\",\"item\":\"https:\\\/\\\/purecosmetics-shop.com\\\/accueil\\\/\"},{\"@type\":\"ListItem\",\"position\":2,\"name\":\"Boutique\",\"item\":\"https:\\\/\\\/purecosmetics-shop.com\\\/accueil\\\/boutique\\\/\"},{\"@type\":\"ListItem\",\"position\":3,\"name\":\"RETINOL RETI-RN MICROCONE PATCH (T SHAPED)\"}]},{\"@type\":\"WebSite\",\"@id\":\"https:\\\/\\\/purecosmetics-shop.com\\\/accueil\\\/#website\",\"url\":\"https:\\\/\\\/purecosmetics-shop.com\\\/accueil\\\/\",\"name\":\"Pure Cosmetics\",\"description\":\"Skincare cor\u00e9enne et japonais\",\"publisher\":{\"@id\":\"https:\\\/\\\/purecosmetics-shop.com\\\/accueil\\\/#organization\"},\"potentialAction\":[{\"@type\":\"SearchAction\",\"target\":{\"@type\":\"EntryPoint\",\"urlTemplate\":\"https:\\\/\\\/purecosmetics-shop.com\\\/accueil\\\/?s={search_term_string}\"},\"query-input\":{\"@type\":\"PropertyValueSpecification\",\"valueRequired\":true,\"valueName\":\"search_term_string\"}}],\"inLanguage\":\"fr-FR\"},{\"@type\":\"Organization\",\"@id\":\"https:\\\/\\\/purecosmetics-shop.com\\\/accueil\\\/#organization\",\"name\":\"Pure Cosmetics\",\"url\":\"https:\\\/\\\/purecosmetics-shop.com\\\/accueil\\\/\",\"logo\":{\"@type\":\"ImageObject\",\"inLanguage\":\"fr-FR\",\"@id\":\"https:\\\/\\\/purecosmetics-shop.com\\\/accueil\\\/#\\\/schema\\\/logo\\\/image\\\/\",\"url\":\"https:\\\/\\\/purecosmetics-shop.com\\\/wp-content\\\/uploads\\\/2025\\\/04\\\/cropped-Pure-Cosmetics-black-2.png\",\"contentUrl\":\"https:\\\/\\\/purecosmetics-shop.com\\\/wp-content\\\/uploads\\\/2025\\\/04\\\/cropped-Pure-Cosmetics-black-2.png\",\"width\":2362,\"height\":2324,\"caption\":\"Pure Cosmetics\"},\"image\":{\"@id\":\"https:\\\/\\\/purecosmetics-shop.com\\\/accueil\\\/#\\\/schema\\\/logo\\\/image\\\/\"}}]}<\/script>\n<!-- \/ Yoast SEO plugin. -->","yoast_head_json":{"title":"RETINOL RETI-RN MICROCONE PATCH (T SHAPED) - Pure Cosmetics","robots":{"index":"index","follow":"follow","max-snippet":"max-snippet:-1","max-image-preview":"max-image-preview:large","max-video-preview":"max-video-preview:-1"},"canonical":"https:\/\/purecosmetics-shop.com\/accueil\/produit\/retinol-reti-rn-microcone-patch-t-shaped\/","og_locale":"fr_FR","og_type":"article","og_title":"RETINOL RETI-RN MICROCONE PATCH (T SHAPED) - Pure Cosmetics","og_description":"Un patch anti-\u00e2ge qui att\u00e9nue les rides du lion, transformant la peau en un seul geste. Offre une puissante synergie anti-\u00e2ge qui cible simultan\u00e9ment les rides et les taches pigmentaires.  Con\u00e7u avec des patchs de formes personnalis\u00e9es, adapt\u00e9s aux diff\u00e9rentes zones \u00e0 probl\u00e8mes.  Contient la technologie Micro aguilles qui diffuse les actifs directement dans la peau.  Utilise la premi\u00e8re technologie brevet\u00e9e au monde \u00e0 base de r\u00e9tinol stabilis\u00e9 pour des r\u00e9sultats exceptionnels.  Contient du r\u00e9tinol pur pour favoriser le renouvellement cellulaire et du PDRN, un composant d'ADN similaire \u00e0 celui pr\u00e9sent dans le tissu cutan\u00e9 du saumon.  Enrichi de cinq peptides pour renforcer la structure de la peau.","og_url":"https:\/\/purecosmetics-shop.com\/accueil\/produit\/retinol-reti-rn-microcone-patch-t-shaped\/","og_site_name":"Pure Cosmetics","article_modified_time":"2026-04-11T18:23:46+00:00","og_image":[{"width":1000,"height":1000,"url":"https:\/\/purecosmetics-shop.com\/wp-content\/uploads\/2026\/02\/ACROPASS_RETINOL_RETI_RN_MICROCONE_PATCH_T_SHAPED.jpg","type":"image\/jpeg"}],"twitter_card":"summary_large_image","twitter_misc":{"Dur\u00e9e de lecture estim\u00e9e":"1 minute"},"schema":{"@context":"https:\/\/schema.org","@graph":[{"@type":"WebPage","@id":"https:\/\/purecosmetics-shop.com\/accueil\/produit\/retinol-reti-rn-microcone-patch-t-shaped\/","url":"https:\/\/purecosmetics-shop.com\/accueil\/produit\/retinol-reti-rn-microcone-patch-t-shaped\/","name":"RETINOL RETI-RN MICROCONE PATCH (T SHAPED) - Pure Cosmetics","isPartOf":{"@id":"https:\/\/purecosmetics-shop.com\/accueil\/#website"},"primaryImageOfPage":{"@id":"https:\/\/purecosmetics-shop.com\/accueil\/produit\/retinol-reti-rn-microcone-patch-t-shaped\/#primaryimage"},"image":{"@id":"https:\/\/purecosmetics-shop.com\/accueil\/produit\/retinol-reti-rn-microcone-patch-t-shaped\/#primaryimage"},"thumbnailUrl":"https:\/\/purecosmetics-shop.com\/wp-content\/uploads\/2026\/02\/ACROPASS_RETINOL_RETI_RN_MICROCONE_PATCH_T_SHAPED.jpg","datePublished":"2026-02-19T13:54:24+00:00","dateModified":"2026-04-11T18:23:46+00:00","breadcrumb":{"@id":"https:\/\/purecosmetics-shop.com\/accueil\/produit\/retinol-reti-rn-microcone-patch-t-shaped\/#breadcrumb"},"inLanguage":"fr-FR","potentialAction":[{"@type":"ReadAction","target":["https:\/\/purecosmetics-shop.com\/accueil\/produit\/retinol-reti-rn-microcone-patch-t-shaped\/"]}]},{"@type":"ImageObject","inLanguage":"fr-FR","@id":"https:\/\/purecosmetics-shop.com\/accueil\/produit\/retinol-reti-rn-microcone-patch-t-shaped\/#primaryimage","url":"https:\/\/purecosmetics-shop.com\/wp-content\/uploads\/2026\/02\/ACROPASS_RETINOL_RETI_RN_MICROCONE_PATCH_T_SHAPED.jpg","contentUrl":"https:\/\/purecosmetics-shop.com\/wp-content\/uploads\/2026\/02\/ACROPASS_RETINOL_RETI_RN_MICROCONE_PATCH_T_SHAPED.jpg","width":1000,"height":1000,"caption":"RETINOL RETI-RN MICROCONE PATCH (T SHAPED)"},{"@type":"BreadcrumbList","@id":"https:\/\/purecosmetics-shop.com\/accueil\/produit\/retinol-reti-rn-microcone-patch-t-shaped\/#breadcrumb","itemListElement":[{"@type":"ListItem","position":1,"name":"Accueil","item":"https:\/\/purecosmetics-shop.com\/accueil\/"},{"@type":"ListItem","position":2,"name":"Boutique","item":"https:\/\/purecosmetics-shop.com\/accueil\/boutique\/"},{"@type":"ListItem","position":3,"name":"RETINOL RETI-RN MICROCONE PATCH (T SHAPED)"}]},{"@type":"WebSite","@id":"https:\/\/purecosmetics-shop.com\/accueil\/#website","url":"https:\/\/purecosmetics-shop.com\/accueil\/","name":"Pure Cosmetics","description":"Skincare cor\u00e9enne et japonais","publisher":{"@id":"https:\/\/purecosmetics-shop.com\/accueil\/#organization"},"potentialAction":[{"@type":"SearchAction","target":{"@type":"EntryPoint","urlTemplate":"https:\/\/purecosmetics-shop.com\/accueil\/?s={search_term_string}"},"query-input":{"@type":"PropertyValueSpecification","valueRequired":true,"valueName":"search_term_string"}}],"inLanguage":"fr-FR"},{"@type":"Organization","@id":"https:\/\/purecosmetics-shop.com\/accueil\/#organization","name":"Pure Cosmetics","url":"https:\/\/purecosmetics-shop.com\/accueil\/","logo":{"@type":"ImageObject","inLanguage":"fr-FR","@id":"https:\/\/purecosmetics-shop.com\/accueil\/#\/schema\/logo\/image\/","url":"https:\/\/purecosmetics-shop.com\/wp-content\/uploads\/2025\/04\/cropped-Pure-Cosmetics-black-2.png","contentUrl":"https:\/\/purecosmetics-shop.com\/wp-content\/uploads\/2025\/04\/cropped-Pure-Cosmetics-black-2.png","width":2362,"height":2324,"caption":"Pure Cosmetics"},"image":{"@id":"https:\/\/purecosmetics-shop.com\/accueil\/#\/schema\/logo\/image\/"}}]}},"jetpack_sharing_enabled":true,"_links":{"self":[{"href":"https:\/\/purecosmetics-shop.com\/accueil\/wp-json\/wp\/v2\/product\/5256","targetHints":{"allow":["GET"]}}],"collection":[{"href":"https:\/\/purecosmetics-shop.com\/accueil\/wp-json\/wp\/v2\/product"}],"about":[{"href":"https:\/\/purecosmetics-shop.com\/accueil\/wp-json\/wp\/v2\/types\/product"}],"replies":[{"embeddable":true,"href":"https:\/\/purecosmetics-shop.com\/accueil\/wp-json\/wp\/v2\/comments?post=5256"}],"version-history":[{"count":1,"href":"https:\/\/purecosmetics-shop.com\/accueil\/wp-json\/wp\/v2\/product\/5256\/revisions"}],"predecessor-version":[{"id":5258,"href":"https:\/\/purecosmetics-shop.com\/accueil\/wp-json\/wp\/v2\/product\/5256\/revisions\/5258"}],"wp:featuredmedia":[{"embeddable":true,"href":"https:\/\/purecosmetics-shop.com\/accueil\/wp-json\/wp\/v2\/media\/5248"}],"wp:attachment":[{"href":"https:\/\/purecosmetics-shop.com\/accueil\/wp-json\/wp\/v2\/media?parent=5256"}],"wp:term":[{"taxonomy":"product_brand","embeddable":true,"href":"https:\/\/purecosmetics-shop.com\/accueil\/wp-json\/wp\/v2\/product_brand?post=5256"},{"taxonomy":"product_cat","embeddable":true,"href":"https:\/\/purecosmetics-shop.com\/accueil\/wp-json\/wp\/v2\/product_cat?post=5256"},{"taxonomy":"product_tag","embeddable":true,"href":"https:\/\/purecosmetics-shop.com\/accueil\/wp-json\/wp\/v2\/product_tag?post=5256"}],"curies":[{"name":"wp","href":"https:\/\/api.w.org\/{rel}","templated":true}]}}