{"id":5222,"date":"2026-02-12T16:05:55","date_gmt":"2026-02-12T20:05:55","guid":{"rendered":"https:\/\/purecosmetics-shop.com\/accueil\/?post_type=product&#038;p=5222"},"modified":"2026-04-11T15:52:03","modified_gmt":"2026-04-11T19:52:03","slug":"trouble-care-microcone-patch","status":"publish","type":"product","link":"https:\/\/purecosmetics-shop.com\/accueil\/produit\/trouble-care-microcone-patch\/","title":{"rendered":"TROUBLE CARE MICROCONE PATCH"},"content":{"rendered":"<p>Mode d&#8217;emploi\u00a0:<\/p>\n<ol>\n<li>Apr\u00e8s le nettoyage, nettoyez d\u00e9licatement la zone concern\u00e9e avec un sachet de nettoyant pour la peau.<\/li>\n<li>Retirez le film protecteur blanc du patch et appliquez-le sur la zone concern\u00e9e. Appuyez fermement pour une meilleure adh\u00e9rence.<\/li>\n<li>Laissez agir pendant au moins 2 heures ou toute la nuit pour un r\u00e9sultat optimal.<\/li>\n<\/ol>\n<hr \/>\n<p>Ce kit contient\u00a0:<\/p>\n<ul>\n<li>6 sachets de nettoyant pour la peau<\/li>\n<li>6 patchs \u00e0 micro-aguilles\u00a0Trouble Care<\/li>\n<\/ul>\n","protected":false},"excerpt":{"rendered":"<p>Ces patchs anti-acn\u00e9 innovants contiennent des micro-aiguilles quatre fois plus fines qu&rsquo;un cheveu.<\/p>\n<p>L&rsquo;acide hyaluronique et la niacinamide qu&rsquo;elles renferment p\u00e9n\u00e8trent dans les cellules cutan\u00e9es sans les ab\u00eemer lorsqu&rsquo;on applique le patch.<\/p>\n<p>Contient des sachets nettoyants infus\u00e9s d\u2019huile de feuilles d\u2019arbre \u00e0 th\u00e9 et de BHA pour apaiser les irritations, contr\u00f4ler l\u2019exc\u00e8s de s\u00e9bum et exfolier d\u00e9licatement les pores pour un teint plus net.<\/p>\n","protected":false},"featured_media":5231,"comment_status":"open","ping_status":"closed","template":"","meta":[],"product_brand":[224],"product_cat":[108,113,192],"product_tag":[],"class_list":{"0":"post-5222","1":"product","2":"type-product","3":"status-publish","4":"has-post-thumbnail","6":"product_brand-acropass","7":"product_cat-anti-imperfections-et-pores","8":"product_cat-peau-a-tendance-acneique","9":"product_cat-traitement-localise","11":"first","12":"instock","13":"shipping-taxable","14":"purchasable","15":"product-type-simple"},"yoast_head":"<!-- This site is optimized with the Yoast SEO plugin v27.3 - https:\/\/yoast.com\/product\/yoast-seo-wordpress\/ -->\n<title>TROUBLE CARE MICROCONE PATCH - Pure Cosmetics<\/title>\n<meta name=\"robots\" content=\"index, follow, max-snippet:-1, max-image-preview:large, max-video-preview:-1\" \/>\n<link rel=\"canonical\" href=\"https:\/\/purecosmetics-shop.com\/accueil\/produit\/trouble-care-microcone-patch\/\" \/>\n<meta property=\"og:locale\" content=\"fr_FR\" \/>\n<meta property=\"og:type\" content=\"article\" \/>\n<meta property=\"og:title\" content=\"TROUBLE CARE MICROCONE PATCH - Pure Cosmetics\" \/>\n<meta property=\"og:description\" content=\"Ces patchs anti-acn\u00e9 innovants contiennent des micro-aiguilles quatre fois plus fines qu&#039;un cheveu.  L&#039;acide hyaluronique et la niacinamide qu&#039;elles renferment p\u00e9n\u00e8trent dans les cellules cutan\u00e9es sans les ab\u00eemer lorsqu&#039;on applique le patch.  Contient des sachets nettoyants infus\u00e9s d\u2019huile de feuilles d\u2019arbre \u00e0 th\u00e9 et de BHA pour apaiser les irritations, contr\u00f4ler l\u2019exc\u00e8s de s\u00e9bum et exfolier d\u00e9licatement les pores pour un teint plus net.\" \/>\n<meta property=\"og:url\" content=\"https:\/\/purecosmetics-shop.com\/accueil\/produit\/trouble-care-microcone-patch\/\" \/>\n<meta property=\"og:site_name\" content=\"Pure Cosmetics\" \/>\n<meta property=\"article:modified_time\" content=\"2026-04-11T19:52:03+00:00\" \/>\n<meta property=\"og:image\" content=\"https:\/\/purecosmetics-shop.com\/wp-content\/uploads\/2026\/02\/ACROPASS_TROUBLE_CARE_MICROCONE_PATCH.webp\" \/>\n\t<meta property=\"og:image:width\" content=\"600\" \/>\n\t<meta property=\"og:image:height\" content=\"600\" \/>\n\t<meta property=\"og:image:type\" content=\"image\/webp\" \/>\n<meta name=\"twitter:card\" content=\"summary_large_image\" \/>\n<meta name=\"twitter:label1\" content=\"Dur\u00e9e de lecture estim\u00e9e\" \/>\n\t<meta name=\"twitter:data1\" content=\"1 minute\" \/>\n<script type=\"application\/ld+json\" class=\"yoast-schema-graph\">{\"@context\":\"https:\\\/\\\/schema.org\",\"@graph\":[{\"@type\":\"WebPage\",\"@id\":\"https:\\\/\\\/purecosmetics-shop.com\\\/accueil\\\/produit\\\/trouble-care-microcone-patch\\\/\",\"url\":\"https:\\\/\\\/purecosmetics-shop.com\\\/accueil\\\/produit\\\/trouble-care-microcone-patch\\\/\",\"name\":\"TROUBLE CARE MICROCONE PATCH - Pure Cosmetics\",\"isPartOf\":{\"@id\":\"https:\\\/\\\/purecosmetics-shop.com\\\/accueil\\\/#website\"},\"primaryImageOfPage\":{\"@id\":\"https:\\\/\\\/purecosmetics-shop.com\\\/accueil\\\/produit\\\/trouble-care-microcone-patch\\\/#primaryimage\"},\"image\":{\"@id\":\"https:\\\/\\\/purecosmetics-shop.com\\\/accueil\\\/produit\\\/trouble-care-microcone-patch\\\/#primaryimage\"},\"thumbnailUrl\":\"https:\\\/\\\/purecosmetics-shop.com\\\/wp-content\\\/uploads\\\/2026\\\/02\\\/ACROPASS_TROUBLE_CARE_MICROCONE_PATCH.webp\",\"datePublished\":\"2026-02-12T20:05:55+00:00\",\"dateModified\":\"2026-04-11T19:52:03+00:00\",\"breadcrumb\":{\"@id\":\"https:\\\/\\\/purecosmetics-shop.com\\\/accueil\\\/produit\\\/trouble-care-microcone-patch\\\/#breadcrumb\"},\"inLanguage\":\"fr-FR\",\"potentialAction\":[{\"@type\":\"ReadAction\",\"target\":[\"https:\\\/\\\/purecosmetics-shop.com\\\/accueil\\\/produit\\\/trouble-care-microcone-patch\\\/\"]}]},{\"@type\":\"ImageObject\",\"inLanguage\":\"fr-FR\",\"@id\":\"https:\\\/\\\/purecosmetics-shop.com\\\/accueil\\\/produit\\\/trouble-care-microcone-patch\\\/#primaryimage\",\"url\":\"https:\\\/\\\/purecosmetics-shop.com\\\/wp-content\\\/uploads\\\/2026\\\/02\\\/ACROPASS_TROUBLE_CARE_MICROCONE_PATCH.webp\",\"contentUrl\":\"https:\\\/\\\/purecosmetics-shop.com\\\/wp-content\\\/uploads\\\/2026\\\/02\\\/ACROPASS_TROUBLE_CARE_MICROCONE_PATCH.webp\",\"width\":600,\"height\":600,\"caption\":\"ACROPASS TROUBLE CARE MICROCONE PATCH\"},{\"@type\":\"BreadcrumbList\",\"@id\":\"https:\\\/\\\/purecosmetics-shop.com\\\/accueil\\\/produit\\\/trouble-care-microcone-patch\\\/#breadcrumb\",\"itemListElement\":[{\"@type\":\"ListItem\",\"position\":1,\"name\":\"Accueil\",\"item\":\"https:\\\/\\\/purecosmetics-shop.com\\\/accueil\\\/\"},{\"@type\":\"ListItem\",\"position\":2,\"name\":\"Boutique\",\"item\":\"https:\\\/\\\/purecosmetics-shop.com\\\/accueil\\\/boutique\\\/\"},{\"@type\":\"ListItem\",\"position\":3,\"name\":\"TROUBLE CARE MICROCONE PATCH\"}]},{\"@type\":\"WebSite\",\"@id\":\"https:\\\/\\\/purecosmetics-shop.com\\\/accueil\\\/#website\",\"url\":\"https:\\\/\\\/purecosmetics-shop.com\\\/accueil\\\/\",\"name\":\"Pure Cosmetics\",\"description\":\"Skincare cor\u00e9enne et japonais\",\"publisher\":{\"@id\":\"https:\\\/\\\/purecosmetics-shop.com\\\/accueil\\\/#organization\"},\"potentialAction\":[{\"@type\":\"SearchAction\",\"target\":{\"@type\":\"EntryPoint\",\"urlTemplate\":\"https:\\\/\\\/purecosmetics-shop.com\\\/accueil\\\/?s={search_term_string}\"},\"query-input\":{\"@type\":\"PropertyValueSpecification\",\"valueRequired\":true,\"valueName\":\"search_term_string\"}}],\"inLanguage\":\"fr-FR\"},{\"@type\":\"Organization\",\"@id\":\"https:\\\/\\\/purecosmetics-shop.com\\\/accueil\\\/#organization\",\"name\":\"Pure Cosmetics\",\"url\":\"https:\\\/\\\/purecosmetics-shop.com\\\/accueil\\\/\",\"logo\":{\"@type\":\"ImageObject\",\"inLanguage\":\"fr-FR\",\"@id\":\"https:\\\/\\\/purecosmetics-shop.com\\\/accueil\\\/#\\\/schema\\\/logo\\\/image\\\/\",\"url\":\"https:\\\/\\\/purecosmetics-shop.com\\\/wp-content\\\/uploads\\\/2025\\\/04\\\/cropped-Pure-Cosmetics-black-2.png\",\"contentUrl\":\"https:\\\/\\\/purecosmetics-shop.com\\\/wp-content\\\/uploads\\\/2025\\\/04\\\/cropped-Pure-Cosmetics-black-2.png\",\"width\":2362,\"height\":2324,\"caption\":\"Pure Cosmetics\"},\"image\":{\"@id\":\"https:\\\/\\\/purecosmetics-shop.com\\\/accueil\\\/#\\\/schema\\\/logo\\\/image\\\/\"}}]}<\/script>\n<!-- \/ Yoast SEO plugin. -->","yoast_head_json":{"title":"TROUBLE CARE MICROCONE PATCH - Pure Cosmetics","robots":{"index":"index","follow":"follow","max-snippet":"max-snippet:-1","max-image-preview":"max-image-preview:large","max-video-preview":"max-video-preview:-1"},"canonical":"https:\/\/purecosmetics-shop.com\/accueil\/produit\/trouble-care-microcone-patch\/","og_locale":"fr_FR","og_type":"article","og_title":"TROUBLE CARE MICROCONE PATCH - Pure Cosmetics","og_description":"Ces patchs anti-acn\u00e9 innovants contiennent des micro-aiguilles quatre fois plus fines qu'un cheveu.  L'acide hyaluronique et la niacinamide qu'elles renferment p\u00e9n\u00e8trent dans les cellules cutan\u00e9es sans les ab\u00eemer lorsqu'on applique le patch.  Contient des sachets nettoyants infus\u00e9s d\u2019huile de feuilles d\u2019arbre \u00e0 th\u00e9 et de BHA pour apaiser les irritations, contr\u00f4ler l\u2019exc\u00e8s de s\u00e9bum et exfolier d\u00e9licatement les pores pour un teint plus net.","og_url":"https:\/\/purecosmetics-shop.com\/accueil\/produit\/trouble-care-microcone-patch\/","og_site_name":"Pure Cosmetics","article_modified_time":"2026-04-11T19:52:03+00:00","og_image":[{"width":600,"height":600,"url":"https:\/\/purecosmetics-shop.com\/wp-content\/uploads\/2026\/02\/ACROPASS_TROUBLE_CARE_MICROCONE_PATCH.webp","type":"image\/webp"}],"twitter_card":"summary_large_image","twitter_misc":{"Dur\u00e9e de lecture estim\u00e9e":"1 minute"},"schema":{"@context":"https:\/\/schema.org","@graph":[{"@type":"WebPage","@id":"https:\/\/purecosmetics-shop.com\/accueil\/produit\/trouble-care-microcone-patch\/","url":"https:\/\/purecosmetics-shop.com\/accueil\/produit\/trouble-care-microcone-patch\/","name":"TROUBLE CARE MICROCONE PATCH - Pure Cosmetics","isPartOf":{"@id":"https:\/\/purecosmetics-shop.com\/accueil\/#website"},"primaryImageOfPage":{"@id":"https:\/\/purecosmetics-shop.com\/accueil\/produit\/trouble-care-microcone-patch\/#primaryimage"},"image":{"@id":"https:\/\/purecosmetics-shop.com\/accueil\/produit\/trouble-care-microcone-patch\/#primaryimage"},"thumbnailUrl":"https:\/\/purecosmetics-shop.com\/wp-content\/uploads\/2026\/02\/ACROPASS_TROUBLE_CARE_MICROCONE_PATCH.webp","datePublished":"2026-02-12T20:05:55+00:00","dateModified":"2026-04-11T19:52:03+00:00","breadcrumb":{"@id":"https:\/\/purecosmetics-shop.com\/accueil\/produit\/trouble-care-microcone-patch\/#breadcrumb"},"inLanguage":"fr-FR","potentialAction":[{"@type":"ReadAction","target":["https:\/\/purecosmetics-shop.com\/accueil\/produit\/trouble-care-microcone-patch\/"]}]},{"@type":"ImageObject","inLanguage":"fr-FR","@id":"https:\/\/purecosmetics-shop.com\/accueil\/produit\/trouble-care-microcone-patch\/#primaryimage","url":"https:\/\/purecosmetics-shop.com\/wp-content\/uploads\/2026\/02\/ACROPASS_TROUBLE_CARE_MICROCONE_PATCH.webp","contentUrl":"https:\/\/purecosmetics-shop.com\/wp-content\/uploads\/2026\/02\/ACROPASS_TROUBLE_CARE_MICROCONE_PATCH.webp","width":600,"height":600,"caption":"ACROPASS TROUBLE CARE MICROCONE PATCH"},{"@type":"BreadcrumbList","@id":"https:\/\/purecosmetics-shop.com\/accueil\/produit\/trouble-care-microcone-patch\/#breadcrumb","itemListElement":[{"@type":"ListItem","position":1,"name":"Accueil","item":"https:\/\/purecosmetics-shop.com\/accueil\/"},{"@type":"ListItem","position":2,"name":"Boutique","item":"https:\/\/purecosmetics-shop.com\/accueil\/boutique\/"},{"@type":"ListItem","position":3,"name":"TROUBLE CARE MICROCONE PATCH"}]},{"@type":"WebSite","@id":"https:\/\/purecosmetics-shop.com\/accueil\/#website","url":"https:\/\/purecosmetics-shop.com\/accueil\/","name":"Pure Cosmetics","description":"Skincare cor\u00e9enne et japonais","publisher":{"@id":"https:\/\/purecosmetics-shop.com\/accueil\/#organization"},"potentialAction":[{"@type":"SearchAction","target":{"@type":"EntryPoint","urlTemplate":"https:\/\/purecosmetics-shop.com\/accueil\/?s={search_term_string}"},"query-input":{"@type":"PropertyValueSpecification","valueRequired":true,"valueName":"search_term_string"}}],"inLanguage":"fr-FR"},{"@type":"Organization","@id":"https:\/\/purecosmetics-shop.com\/accueil\/#organization","name":"Pure Cosmetics","url":"https:\/\/purecosmetics-shop.com\/accueil\/","logo":{"@type":"ImageObject","inLanguage":"fr-FR","@id":"https:\/\/purecosmetics-shop.com\/accueil\/#\/schema\/logo\/image\/","url":"https:\/\/purecosmetics-shop.com\/wp-content\/uploads\/2025\/04\/cropped-Pure-Cosmetics-black-2.png","contentUrl":"https:\/\/purecosmetics-shop.com\/wp-content\/uploads\/2025\/04\/cropped-Pure-Cosmetics-black-2.png","width":2362,"height":2324,"caption":"Pure Cosmetics"},"image":{"@id":"https:\/\/purecosmetics-shop.com\/accueil\/#\/schema\/logo\/image\/"}}]}},"jetpack_sharing_enabled":true,"_links":{"self":[{"href":"https:\/\/purecosmetics-shop.com\/accueil\/wp-json\/wp\/v2\/product\/5222","targetHints":{"allow":["GET"]}}],"collection":[{"href":"https:\/\/purecosmetics-shop.com\/accueil\/wp-json\/wp\/v2\/product"}],"about":[{"href":"https:\/\/purecosmetics-shop.com\/accueil\/wp-json\/wp\/v2\/types\/product"}],"replies":[{"embeddable":true,"href":"https:\/\/purecosmetics-shop.com\/accueil\/wp-json\/wp\/v2\/comments?post=5222"}],"version-history":[{"count":1,"href":"https:\/\/purecosmetics-shop.com\/accueil\/wp-json\/wp\/v2\/product\/5222\/revisions"}],"predecessor-version":[{"id":5233,"href":"https:\/\/purecosmetics-shop.com\/accueil\/wp-json\/wp\/v2\/product\/5222\/revisions\/5233"}],"wp:featuredmedia":[{"embeddable":true,"href":"https:\/\/purecosmetics-shop.com\/accueil\/wp-json\/wp\/v2\/media\/5231"}],"wp:attachment":[{"href":"https:\/\/purecosmetics-shop.com\/accueil\/wp-json\/wp\/v2\/media?parent=5222"}],"wp:term":[{"taxonomy":"product_brand","embeddable":true,"href":"https:\/\/purecosmetics-shop.com\/accueil\/wp-json\/wp\/v2\/product_brand?post=5222"},{"taxonomy":"product_cat","embeddable":true,"href":"https:\/\/purecosmetics-shop.com\/accueil\/wp-json\/wp\/v2\/product_cat?post=5222"},{"taxonomy":"product_tag","embeddable":true,"href":"https:\/\/purecosmetics-shop.com\/accueil\/wp-json\/wp\/v2\/product_tag?post=5222"}],"curies":[{"name":"wp","href":"https:\/\/api.w.org\/{rel}","templated":true}]}}