{"id":5178,"date":"2026-02-07T16:13:49","date_gmt":"2026-02-07T20:13:49","guid":{"rendered":"https:\/\/purecosmetics-shop.com\/accueil\/?post_type=product&#038;p=5178"},"modified":"2026-04-15T21:39:39","modified_gmt":"2026-04-16T01:39:39","slug":"the-real-noni-acne-bubble-cleanser","status":"publish","type":"product","link":"https:\/\/purecosmetics-shop.com\/accueil\/produit\/the-real-noni-acne-bubble-cleanser\/","title":{"rendered":"The Real Noni Acne Bubble Cleanser"},"content":{"rendered":"<p>Mode d&#8217;emploi:<\/p>\n<p>1. Appuyez sur la pompe pour obtenir une dose mod\u00e9r\u00e9e de mousse, puis massez d\u00e9licatement le visage pour \u00e9liminer les cellules mortes et les impuret\u00e9s.<\/p>\n<p>2. Rincez abondamment \u00e0 l&rsquo;eau ti\u00e8de.<\/p>\n","protected":false},"excerpt":{"rendered":"<p>Ce nettoyant moussant \u00e0 pH \u00e9quilibr\u00e9 \u00e9limine impuret\u00e9s et exc\u00e8s de s\u00e9bum sans d\u00e9shydrater la peau.<\/p>\n<p>Enrichi en extrait de noni qui procure une hydratation durable \u00e0 la peau, du BHA qui \u00e9limine en douceur les cellules mortes de la peau et du complexe ACZERO qui aide \u00e0 apaiser la peau sujette \u00e0 l&rsquo;acn\u00e9.<\/p>\n<p>Formule hypoallerg\u00e9nique adapt\u00e9e \u00e0 tous les types de peaux, m\u00eame sensibles ou \u00e0 tendance acn\u00e9ique.<\/p>\n","protected":false},"featured_media":5184,"comment_status":"open","ping_status":"closed","template":"","meta":[],"product_brand":[161],"product_cat":[108,18,113,116,118],"product_tag":[],"class_list":{"0":"post-5178","1":"product","2":"type-product","3":"status-publish","4":"has-post-thumbnail","6":"product_brand-celimax","7":"product_cat-anti-imperfections-et-pores","8":"product_cat-nettoyant-visage","9":"product_cat-peau-a-tendance-acneique","10":"product_cat-peau-mixte","11":"product_cat-peau-seche","13":"first","14":"instock","15":"shipping-taxable","16":"purchasable","17":"product-type-simple"},"yoast_head":"<!-- This site is optimized with the Yoast SEO plugin v27.4 - https:\/\/yoast.com\/product\/yoast-seo-wordpress\/ -->\n<title>The Real Noni Acne Bubble Cleanser - Pure Cosmetics<\/title>\n<meta name=\"robots\" content=\"index, follow, max-snippet:-1, max-image-preview:large, max-video-preview:-1\" \/>\n<link rel=\"canonical\" href=\"https:\/\/purecosmetics-shop.com\/accueil\/produit\/the-real-noni-acne-bubble-cleanser\/\" \/>\n<meta property=\"og:locale\" content=\"fr_FR\" \/>\n<meta property=\"og:type\" content=\"article\" \/>\n<meta property=\"og:title\" content=\"The Real Noni Acne Bubble Cleanser - Pure Cosmetics\" \/>\n<meta property=\"og:description\" content=\"Ce nettoyant moussant \u00e0 pH \u00e9quilibr\u00e9 \u00e9limine impuret\u00e9s et exc\u00e8s de s\u00e9bum sans d\u00e9shydrater la peau.  Enrichi en extrait de noni qui procure une hydratation durable \u00e0 la peau, du BHA qui \u00e9limine en douceur les cellules mortes de la peau et du complexe ACZERO qui aide \u00e0 apaiser la peau sujette \u00e0 l&#039;acn\u00e9.  Formule hypoallerg\u00e9nique adapt\u00e9e \u00e0 tous les types de peaux, m\u00eame sensibles ou \u00e0 tendance acn\u00e9ique.\" \/>\n<meta property=\"og:url\" content=\"https:\/\/purecosmetics-shop.com\/accueil\/produit\/the-real-noni-acne-bubble-cleanser\/\" \/>\n<meta property=\"og:site_name\" content=\"Pure Cosmetics\" \/>\n<meta property=\"article:modified_time\" content=\"2026-04-16T01:39:39+00:00\" \/>\n<meta property=\"og:image\" content=\"https:\/\/purecosmetics-shop.com\/wp-content\/uploads\/2026\/02\/Celimax_The_Real_Noni_Acne_Bubble_Cleanser.webp\" \/>\n\t<meta property=\"og:image:width\" content=\"800\" \/>\n\t<meta property=\"og:image:height\" content=\"800\" \/>\n\t<meta property=\"og:image:type\" content=\"image\/webp\" \/>\n<meta name=\"twitter:card\" content=\"summary_large_image\" \/>\n<meta name=\"twitter:label1\" content=\"Dur\u00e9e de lecture estim\u00e9e\" \/>\n\t<meta name=\"twitter:data1\" content=\"1 minute\" \/>\n<script type=\"application\/ld+json\" class=\"yoast-schema-graph\">{\"@context\":\"https:\\\/\\\/schema.org\",\"@graph\":[{\"@type\":\"WebPage\",\"@id\":\"https:\\\/\\\/purecosmetics-shop.com\\\/accueil\\\/produit\\\/the-real-noni-acne-bubble-cleanser\\\/\",\"url\":\"https:\\\/\\\/purecosmetics-shop.com\\\/accueil\\\/produit\\\/the-real-noni-acne-bubble-cleanser\\\/\",\"name\":\"The Real Noni Acne Bubble Cleanser - Pure Cosmetics\",\"isPartOf\":{\"@id\":\"https:\\\/\\\/purecosmetics-shop.com\\\/accueil\\\/#website\"},\"primaryImageOfPage\":{\"@id\":\"https:\\\/\\\/purecosmetics-shop.com\\\/accueil\\\/produit\\\/the-real-noni-acne-bubble-cleanser\\\/#primaryimage\"},\"image\":{\"@id\":\"https:\\\/\\\/purecosmetics-shop.com\\\/accueil\\\/produit\\\/the-real-noni-acne-bubble-cleanser\\\/#primaryimage\"},\"thumbnailUrl\":\"https:\\\/\\\/purecosmetics-shop.com\\\/wp-content\\\/uploads\\\/2026\\\/02\\\/Celimax_The_Real_Noni_Acne_Bubble_Cleanser.webp\",\"datePublished\":\"2026-02-07T20:13:49+00:00\",\"dateModified\":\"2026-04-16T01:39:39+00:00\",\"breadcrumb\":{\"@id\":\"https:\\\/\\\/purecosmetics-shop.com\\\/accueil\\\/produit\\\/the-real-noni-acne-bubble-cleanser\\\/#breadcrumb\"},\"inLanguage\":\"fr-FR\",\"potentialAction\":[{\"@type\":\"ReadAction\",\"target\":[\"https:\\\/\\\/purecosmetics-shop.com\\\/accueil\\\/produit\\\/the-real-noni-acne-bubble-cleanser\\\/\"]}]},{\"@type\":\"ImageObject\",\"inLanguage\":\"fr-FR\",\"@id\":\"https:\\\/\\\/purecosmetics-shop.com\\\/accueil\\\/produit\\\/the-real-noni-acne-bubble-cleanser\\\/#primaryimage\",\"url\":\"https:\\\/\\\/purecosmetics-shop.com\\\/wp-content\\\/uploads\\\/2026\\\/02\\\/Celimax_The_Real_Noni_Acne_Bubble_Cleanser.webp\",\"contentUrl\":\"https:\\\/\\\/purecosmetics-shop.com\\\/wp-content\\\/uploads\\\/2026\\\/02\\\/Celimax_The_Real_Noni_Acne_Bubble_Cleanser.webp\",\"width\":800,\"height\":800,\"caption\":\"Celimax The Real Noni Acne Bubble Cleanser\"},{\"@type\":\"BreadcrumbList\",\"@id\":\"https:\\\/\\\/purecosmetics-shop.com\\\/accueil\\\/produit\\\/the-real-noni-acne-bubble-cleanser\\\/#breadcrumb\",\"itemListElement\":[{\"@type\":\"ListItem\",\"position\":1,\"name\":\"Accueil\",\"item\":\"https:\\\/\\\/purecosmetics-shop.com\\\/accueil\\\/\"},{\"@type\":\"ListItem\",\"position\":2,\"name\":\"NOUVEAUT\u00c9S\",\"item\":\"https:\\\/\\\/purecosmetics-shop.com\\\/accueil\\\/nouveautes\\\/\"},{\"@type\":\"ListItem\",\"position\":3,\"name\":\"The Real Noni Acne Bubble Cleanser\"}]},{\"@type\":\"WebSite\",\"@id\":\"https:\\\/\\\/purecosmetics-shop.com\\\/accueil\\\/#website\",\"url\":\"https:\\\/\\\/purecosmetics-shop.com\\\/accueil\\\/\",\"name\":\"Pure Cosmetics\",\"description\":\"Skincare cor\u00e9enne et japonais\",\"publisher\":{\"@id\":\"https:\\\/\\\/purecosmetics-shop.com\\\/accueil\\\/#organization\"},\"potentialAction\":[{\"@type\":\"SearchAction\",\"target\":{\"@type\":\"EntryPoint\",\"urlTemplate\":\"https:\\\/\\\/purecosmetics-shop.com\\\/accueil\\\/?s={search_term_string}\"},\"query-input\":{\"@type\":\"PropertyValueSpecification\",\"valueRequired\":true,\"valueName\":\"search_term_string\"}}],\"inLanguage\":\"fr-FR\"},{\"@type\":\"Organization\",\"@id\":\"https:\\\/\\\/purecosmetics-shop.com\\\/accueil\\\/#organization\",\"name\":\"Pure Cosmetics\",\"url\":\"https:\\\/\\\/purecosmetics-shop.com\\\/accueil\\\/\",\"logo\":{\"@type\":\"ImageObject\",\"inLanguage\":\"fr-FR\",\"@id\":\"https:\\\/\\\/purecosmetics-shop.com\\\/accueil\\\/#\\\/schema\\\/logo\\\/image\\\/\",\"url\":\"https:\\\/\\\/purecosmetics-shop.com\\\/wp-content\\\/uploads\\\/2025\\\/04\\\/cropped-Pure-Cosmetics-black-2.png\",\"contentUrl\":\"https:\\\/\\\/purecosmetics-shop.com\\\/wp-content\\\/uploads\\\/2025\\\/04\\\/cropped-Pure-Cosmetics-black-2.png\",\"width\":2362,\"height\":2324,\"caption\":\"Pure Cosmetics\"},\"image\":{\"@id\":\"https:\\\/\\\/purecosmetics-shop.com\\\/accueil\\\/#\\\/schema\\\/logo\\\/image\\\/\"}}]}<\/script>\n<!-- \/ Yoast SEO plugin. -->","yoast_head_json":{"title":"The Real Noni Acne Bubble Cleanser - Pure Cosmetics","robots":{"index":"index","follow":"follow","max-snippet":"max-snippet:-1","max-image-preview":"max-image-preview:large","max-video-preview":"max-video-preview:-1"},"canonical":"https:\/\/purecosmetics-shop.com\/accueil\/produit\/the-real-noni-acne-bubble-cleanser\/","og_locale":"fr_FR","og_type":"article","og_title":"The Real Noni Acne Bubble Cleanser - Pure Cosmetics","og_description":"Ce nettoyant moussant \u00e0 pH \u00e9quilibr\u00e9 \u00e9limine impuret\u00e9s et exc\u00e8s de s\u00e9bum sans d\u00e9shydrater la peau.  Enrichi en extrait de noni qui procure une hydratation durable \u00e0 la peau, du BHA qui \u00e9limine en douceur les cellules mortes de la peau et du complexe ACZERO qui aide \u00e0 apaiser la peau sujette \u00e0 l'acn\u00e9.  Formule hypoallerg\u00e9nique adapt\u00e9e \u00e0 tous les types de peaux, m\u00eame sensibles ou \u00e0 tendance acn\u00e9ique.","og_url":"https:\/\/purecosmetics-shop.com\/accueil\/produit\/the-real-noni-acne-bubble-cleanser\/","og_site_name":"Pure Cosmetics","article_modified_time":"2026-04-16T01:39:39+00:00","og_image":[{"width":800,"height":800,"url":"https:\/\/purecosmetics-shop.com\/wp-content\/uploads\/2026\/02\/Celimax_The_Real_Noni_Acne_Bubble_Cleanser.webp","type":"image\/webp"}],"twitter_card":"summary_large_image","twitter_misc":{"Dur\u00e9e de lecture estim\u00e9e":"1 minute"},"schema":{"@context":"https:\/\/schema.org","@graph":[{"@type":"WebPage","@id":"https:\/\/purecosmetics-shop.com\/accueil\/produit\/the-real-noni-acne-bubble-cleanser\/","url":"https:\/\/purecosmetics-shop.com\/accueil\/produit\/the-real-noni-acne-bubble-cleanser\/","name":"The Real Noni Acne Bubble Cleanser - Pure Cosmetics","isPartOf":{"@id":"https:\/\/purecosmetics-shop.com\/accueil\/#website"},"primaryImageOfPage":{"@id":"https:\/\/purecosmetics-shop.com\/accueil\/produit\/the-real-noni-acne-bubble-cleanser\/#primaryimage"},"image":{"@id":"https:\/\/purecosmetics-shop.com\/accueil\/produit\/the-real-noni-acne-bubble-cleanser\/#primaryimage"},"thumbnailUrl":"https:\/\/purecosmetics-shop.com\/wp-content\/uploads\/2026\/02\/Celimax_The_Real_Noni_Acne_Bubble_Cleanser.webp","datePublished":"2026-02-07T20:13:49+00:00","dateModified":"2026-04-16T01:39:39+00:00","breadcrumb":{"@id":"https:\/\/purecosmetics-shop.com\/accueil\/produit\/the-real-noni-acne-bubble-cleanser\/#breadcrumb"},"inLanguage":"fr-FR","potentialAction":[{"@type":"ReadAction","target":["https:\/\/purecosmetics-shop.com\/accueil\/produit\/the-real-noni-acne-bubble-cleanser\/"]}]},{"@type":"ImageObject","inLanguage":"fr-FR","@id":"https:\/\/purecosmetics-shop.com\/accueil\/produit\/the-real-noni-acne-bubble-cleanser\/#primaryimage","url":"https:\/\/purecosmetics-shop.com\/wp-content\/uploads\/2026\/02\/Celimax_The_Real_Noni_Acne_Bubble_Cleanser.webp","contentUrl":"https:\/\/purecosmetics-shop.com\/wp-content\/uploads\/2026\/02\/Celimax_The_Real_Noni_Acne_Bubble_Cleanser.webp","width":800,"height":800,"caption":"Celimax The Real Noni Acne Bubble Cleanser"},{"@type":"BreadcrumbList","@id":"https:\/\/purecosmetics-shop.com\/accueil\/produit\/the-real-noni-acne-bubble-cleanser\/#breadcrumb","itemListElement":[{"@type":"ListItem","position":1,"name":"Accueil","item":"https:\/\/purecosmetics-shop.com\/accueil\/"},{"@type":"ListItem","position":2,"name":"NOUVEAUT\u00c9S","item":"https:\/\/purecosmetics-shop.com\/accueil\/nouveautes\/"},{"@type":"ListItem","position":3,"name":"The Real Noni Acne Bubble Cleanser"}]},{"@type":"WebSite","@id":"https:\/\/purecosmetics-shop.com\/accueil\/#website","url":"https:\/\/purecosmetics-shop.com\/accueil\/","name":"Pure Cosmetics","description":"Skincare cor\u00e9enne et japonais","publisher":{"@id":"https:\/\/purecosmetics-shop.com\/accueil\/#organization"},"potentialAction":[{"@type":"SearchAction","target":{"@type":"EntryPoint","urlTemplate":"https:\/\/purecosmetics-shop.com\/accueil\/?s={search_term_string}"},"query-input":{"@type":"PropertyValueSpecification","valueRequired":true,"valueName":"search_term_string"}}],"inLanguage":"fr-FR"},{"@type":"Organization","@id":"https:\/\/purecosmetics-shop.com\/accueil\/#organization","name":"Pure Cosmetics","url":"https:\/\/purecosmetics-shop.com\/accueil\/","logo":{"@type":"ImageObject","inLanguage":"fr-FR","@id":"https:\/\/purecosmetics-shop.com\/accueil\/#\/schema\/logo\/image\/","url":"https:\/\/purecosmetics-shop.com\/wp-content\/uploads\/2025\/04\/cropped-Pure-Cosmetics-black-2.png","contentUrl":"https:\/\/purecosmetics-shop.com\/wp-content\/uploads\/2025\/04\/cropped-Pure-Cosmetics-black-2.png","width":2362,"height":2324,"caption":"Pure Cosmetics"},"image":{"@id":"https:\/\/purecosmetics-shop.com\/accueil\/#\/schema\/logo\/image\/"}}]}},"jetpack_sharing_enabled":true,"_links":{"self":[{"href":"https:\/\/purecosmetics-shop.com\/accueil\/wp-json\/wp\/v2\/product\/5178","targetHints":{"allow":["GET"]}}],"collection":[{"href":"https:\/\/purecosmetics-shop.com\/accueil\/wp-json\/wp\/v2\/product"}],"about":[{"href":"https:\/\/purecosmetics-shop.com\/accueil\/wp-json\/wp\/v2\/types\/product"}],"replies":[{"embeddable":true,"href":"https:\/\/purecosmetics-shop.com\/accueil\/wp-json\/wp\/v2\/comments?post=5178"}],"version-history":[{"count":1,"href":"https:\/\/purecosmetics-shop.com\/accueil\/wp-json\/wp\/v2\/product\/5178\/revisions"}],"predecessor-version":[{"id":5185,"href":"https:\/\/purecosmetics-shop.com\/accueil\/wp-json\/wp\/v2\/product\/5178\/revisions\/5185"}],"wp:featuredmedia":[{"embeddable":true,"href":"https:\/\/purecosmetics-shop.com\/accueil\/wp-json\/wp\/v2\/media\/5184"}],"wp:attachment":[{"href":"https:\/\/purecosmetics-shop.com\/accueil\/wp-json\/wp\/v2\/media?parent=5178"}],"wp:term":[{"taxonomy":"product_brand","embeddable":true,"href":"https:\/\/purecosmetics-shop.com\/accueil\/wp-json\/wp\/v2\/product_brand?post=5178"},{"taxonomy":"product_cat","embeddable":true,"href":"https:\/\/purecosmetics-shop.com\/accueil\/wp-json\/wp\/v2\/product_cat?post=5178"},{"taxonomy":"product_tag","embeddable":true,"href":"https:\/\/purecosmetics-shop.com\/accueil\/wp-json\/wp\/v2\/product_tag?post=5178"}],"curies":[{"name":"wp","href":"https:\/\/api.w.org\/{rel}","templated":true}]}}