{"id":5169,"date":"2026-02-07T16:05:25","date_gmt":"2026-02-07T20:05:25","guid":{"rendered":"https:\/\/purecosmetics-shop.com\/accueil\/?post_type=product&#038;p=5169"},"modified":"2026-04-15T21:42:01","modified_gmt":"2026-04-16T01:42:01","slug":"the-real-noni-refresh-clay-mask","status":"publish","type":"product","link":"https:\/\/purecosmetics-shop.com\/accueil\/produit\/the-real-noni-refresh-clay-mask\/","title":{"rendered":"The Real Noni Refresh Clay Mask"},"content":{"rendered":"<p>Mode d&#8217;emploi:<\/p>\n<p>1. Appliquez une couche \u00e9paisse et uniforme sur le visage.<\/p>\n<p>2. Pour les peaux mixtes \u00e0 grasses, utilisez deux fois par semaine, laissez poser 10\u00a0minutes et rincez \u00e0 l&rsquo;eau ti\u00e8de.<\/p>\n<p>3. Pour les peaux mixtes \u00e0 s\u00e8ches, utilisez une fois par semaine, laissez poser 5 \u00e0 10\u00a0minutes et rincez \u00e0 l&rsquo;eau ti\u00e8de.<\/p>\n<p>4. Pour un nettoyage en profondeur des pores, m\u00e9langez la mousse nettoyante avec le masque \u00e0 l&rsquo;argile dans un rapport de 2:1, appliquez uniform\u00e9ment sur le visage et rincez \u00e0 l&rsquo;eau ti\u00e8de.<\/p>\n","protected":false},"excerpt":{"rendered":"<p>Ce masque purifiant \u00e0 l&rsquo;argile \u00e9limine en douceur les impuret\u00e9s et l&rsquo;exc\u00e8s de s\u00e9bum pour un teint frais et revitalis\u00e9.<\/p>\n<p>Enrichi en extrait de noni, de fruit de kigelia africana, en allanto\u00efne et en glyc\u00e9rine, il apaise et hydrate intens\u00e9ment la peau et maintient son hydratation m\u00eame apr\u00e8s le s\u00e9chage du masque, tout en att\u00e9nuant les rides et ridules.<\/p>\n<p>Ce produit convient \u00e0 tous les types de peau, m\u00eame les plus sensibles.<\/p>\n","protected":false},"featured_media":5171,"comment_status":"open","ping_status":"closed","template":"","meta":[],"product_brand":[161],"product_cat":[23,116,118],"product_tag":[],"class_list":{"0":"post-5169","1":"product","2":"type-product","3":"status-publish","4":"has-post-thumbnail","6":"product_brand-celimax","7":"product_cat-masque","8":"product_cat-peau-mixte","9":"product_cat-peau-seche","11":"first","12":"instock","13":"shipping-taxable","14":"purchasable","15":"product-type-simple"},"yoast_head":"<!-- This site is optimized with the Yoast SEO plugin v27.4 - https:\/\/yoast.com\/product\/yoast-seo-wordpress\/ -->\n<title>The Real Noni Refresh Clay Mask - Pure Cosmetics<\/title>\n<meta name=\"robots\" content=\"index, follow, max-snippet:-1, max-image-preview:large, max-video-preview:-1\" \/>\n<link rel=\"canonical\" href=\"https:\/\/purecosmetics-shop.com\/accueil\/produit\/the-real-noni-refresh-clay-mask\/\" \/>\n<meta property=\"og:locale\" content=\"fr_FR\" \/>\n<meta property=\"og:type\" content=\"article\" \/>\n<meta property=\"og:title\" content=\"The Real Noni Refresh Clay Mask - Pure Cosmetics\" \/>\n<meta property=\"og:description\" content=\"Ce masque purifiant \u00e0 l&#039;argile \u00e9limine en douceur les impuret\u00e9s et l&#039;exc\u00e8s de s\u00e9bum pour un teint frais et revitalis\u00e9.  Enrichi en extrait de noni, de fruit de kigelia africana, en allanto\u00efne et en glyc\u00e9rine, il apaise et hydrate intens\u00e9ment la peau et maintient son hydratation m\u00eame apr\u00e8s le s\u00e9chage du masque, tout en att\u00e9nuant les rides et ridules.  Ce produit convient \u00e0 tous les types de peau, m\u00eame les plus sensibles.\" \/>\n<meta property=\"og:url\" content=\"https:\/\/purecosmetics-shop.com\/accueil\/produit\/the-real-noni-refresh-clay-mask\/\" \/>\n<meta property=\"og:site_name\" content=\"Pure Cosmetics\" \/>\n<meta property=\"article:modified_time\" content=\"2026-04-16T01:42:01+00:00\" \/>\n<meta property=\"og:image\" content=\"https:\/\/purecosmetics-shop.com\/wp-content\/uploads\/2026\/02\/CELIMAX_The_Real_Noni_Refresh_Clay_Mask-.webp\" \/>\n\t<meta property=\"og:image:width\" content=\"800\" \/>\n\t<meta property=\"og:image:height\" content=\"800\" \/>\n\t<meta property=\"og:image:type\" content=\"image\/webp\" \/>\n<meta name=\"twitter:card\" content=\"summary_large_image\" \/>\n<meta name=\"twitter:label1\" content=\"Dur\u00e9e de lecture estim\u00e9e\" \/>\n\t<meta name=\"twitter:data1\" content=\"1 minute\" \/>\n<script type=\"application\/ld+json\" class=\"yoast-schema-graph\">{\"@context\":\"https:\\\/\\\/schema.org\",\"@graph\":[{\"@type\":\"WebPage\",\"@id\":\"https:\\\/\\\/purecosmetics-shop.com\\\/accueil\\\/produit\\\/the-real-noni-refresh-clay-mask\\\/\",\"url\":\"https:\\\/\\\/purecosmetics-shop.com\\\/accueil\\\/produit\\\/the-real-noni-refresh-clay-mask\\\/\",\"name\":\"The Real Noni Refresh Clay Mask - Pure Cosmetics\",\"isPartOf\":{\"@id\":\"https:\\\/\\\/purecosmetics-shop.com\\\/accueil\\\/#website\"},\"primaryImageOfPage\":{\"@id\":\"https:\\\/\\\/purecosmetics-shop.com\\\/accueil\\\/produit\\\/the-real-noni-refresh-clay-mask\\\/#primaryimage\"},\"image\":{\"@id\":\"https:\\\/\\\/purecosmetics-shop.com\\\/accueil\\\/produit\\\/the-real-noni-refresh-clay-mask\\\/#primaryimage\"},\"thumbnailUrl\":\"https:\\\/\\\/purecosmetics-shop.com\\\/wp-content\\\/uploads\\\/2026\\\/02\\\/CELIMAX_The_Real_Noni_Refresh_Clay_Mask-.webp\",\"datePublished\":\"2026-02-07T20:05:25+00:00\",\"dateModified\":\"2026-04-16T01:42:01+00:00\",\"breadcrumb\":{\"@id\":\"https:\\\/\\\/purecosmetics-shop.com\\\/accueil\\\/produit\\\/the-real-noni-refresh-clay-mask\\\/#breadcrumb\"},\"inLanguage\":\"fr-FR\",\"potentialAction\":[{\"@type\":\"ReadAction\",\"target\":[\"https:\\\/\\\/purecosmetics-shop.com\\\/accueil\\\/produit\\\/the-real-noni-refresh-clay-mask\\\/\"]}]},{\"@type\":\"ImageObject\",\"inLanguage\":\"fr-FR\",\"@id\":\"https:\\\/\\\/purecosmetics-shop.com\\\/accueil\\\/produit\\\/the-real-noni-refresh-clay-mask\\\/#primaryimage\",\"url\":\"https:\\\/\\\/purecosmetics-shop.com\\\/wp-content\\\/uploads\\\/2026\\\/02\\\/CELIMAX_The_Real_Noni_Refresh_Clay_Mask-.webp\",\"contentUrl\":\"https:\\\/\\\/purecosmetics-shop.com\\\/wp-content\\\/uploads\\\/2026\\\/02\\\/CELIMAX_The_Real_Noni_Refresh_Clay_Mask-.webp\",\"width\":800,\"height\":800},{\"@type\":\"BreadcrumbList\",\"@id\":\"https:\\\/\\\/purecosmetics-shop.com\\\/accueil\\\/produit\\\/the-real-noni-refresh-clay-mask\\\/#breadcrumb\",\"itemListElement\":[{\"@type\":\"ListItem\",\"position\":1,\"name\":\"Accueil\",\"item\":\"https:\\\/\\\/purecosmetics-shop.com\\\/accueil\\\/\"},{\"@type\":\"ListItem\",\"position\":2,\"name\":\"NOUVEAUT\u00c9S\",\"item\":\"https:\\\/\\\/purecosmetics-shop.com\\\/accueil\\\/nouveautes\\\/\"},{\"@type\":\"ListItem\",\"position\":3,\"name\":\"The Real Noni Refresh Clay Mask\"}]},{\"@type\":\"WebSite\",\"@id\":\"https:\\\/\\\/purecosmetics-shop.com\\\/accueil\\\/#website\",\"url\":\"https:\\\/\\\/purecosmetics-shop.com\\\/accueil\\\/\",\"name\":\"Pure Cosmetics\",\"description\":\"Skincare cor\u00e9enne et japonais\",\"publisher\":{\"@id\":\"https:\\\/\\\/purecosmetics-shop.com\\\/accueil\\\/#organization\"},\"potentialAction\":[{\"@type\":\"SearchAction\",\"target\":{\"@type\":\"EntryPoint\",\"urlTemplate\":\"https:\\\/\\\/purecosmetics-shop.com\\\/accueil\\\/?s={search_term_string}\"},\"query-input\":{\"@type\":\"PropertyValueSpecification\",\"valueRequired\":true,\"valueName\":\"search_term_string\"}}],\"inLanguage\":\"fr-FR\"},{\"@type\":\"Organization\",\"@id\":\"https:\\\/\\\/purecosmetics-shop.com\\\/accueil\\\/#organization\",\"name\":\"Pure Cosmetics\",\"url\":\"https:\\\/\\\/purecosmetics-shop.com\\\/accueil\\\/\",\"logo\":{\"@type\":\"ImageObject\",\"inLanguage\":\"fr-FR\",\"@id\":\"https:\\\/\\\/purecosmetics-shop.com\\\/accueil\\\/#\\\/schema\\\/logo\\\/image\\\/\",\"url\":\"https:\\\/\\\/purecosmetics-shop.com\\\/wp-content\\\/uploads\\\/2025\\\/04\\\/cropped-Pure-Cosmetics-black-2.png\",\"contentUrl\":\"https:\\\/\\\/purecosmetics-shop.com\\\/wp-content\\\/uploads\\\/2025\\\/04\\\/cropped-Pure-Cosmetics-black-2.png\",\"width\":2362,\"height\":2324,\"caption\":\"Pure Cosmetics\"},\"image\":{\"@id\":\"https:\\\/\\\/purecosmetics-shop.com\\\/accueil\\\/#\\\/schema\\\/logo\\\/image\\\/\"}}]}<\/script>\n<!-- \/ Yoast SEO plugin. -->","yoast_head_json":{"title":"The Real Noni Refresh Clay Mask - Pure Cosmetics","robots":{"index":"index","follow":"follow","max-snippet":"max-snippet:-1","max-image-preview":"max-image-preview:large","max-video-preview":"max-video-preview:-1"},"canonical":"https:\/\/purecosmetics-shop.com\/accueil\/produit\/the-real-noni-refresh-clay-mask\/","og_locale":"fr_FR","og_type":"article","og_title":"The Real Noni Refresh Clay Mask - Pure Cosmetics","og_description":"Ce masque purifiant \u00e0 l'argile \u00e9limine en douceur les impuret\u00e9s et l'exc\u00e8s de s\u00e9bum pour un teint frais et revitalis\u00e9.  Enrichi en extrait de noni, de fruit de kigelia africana, en allanto\u00efne et en glyc\u00e9rine, il apaise et hydrate intens\u00e9ment la peau et maintient son hydratation m\u00eame apr\u00e8s le s\u00e9chage du masque, tout en att\u00e9nuant les rides et ridules.  Ce produit convient \u00e0 tous les types de peau, m\u00eame les plus sensibles.","og_url":"https:\/\/purecosmetics-shop.com\/accueil\/produit\/the-real-noni-refresh-clay-mask\/","og_site_name":"Pure Cosmetics","article_modified_time":"2026-04-16T01:42:01+00:00","og_image":[{"width":800,"height":800,"url":"https:\/\/purecosmetics-shop.com\/wp-content\/uploads\/2026\/02\/CELIMAX_The_Real_Noni_Refresh_Clay_Mask-.webp","type":"image\/webp"}],"twitter_card":"summary_large_image","twitter_misc":{"Dur\u00e9e de lecture estim\u00e9e":"1 minute"},"schema":{"@context":"https:\/\/schema.org","@graph":[{"@type":"WebPage","@id":"https:\/\/purecosmetics-shop.com\/accueil\/produit\/the-real-noni-refresh-clay-mask\/","url":"https:\/\/purecosmetics-shop.com\/accueil\/produit\/the-real-noni-refresh-clay-mask\/","name":"The Real Noni Refresh Clay Mask - Pure Cosmetics","isPartOf":{"@id":"https:\/\/purecosmetics-shop.com\/accueil\/#website"},"primaryImageOfPage":{"@id":"https:\/\/purecosmetics-shop.com\/accueil\/produit\/the-real-noni-refresh-clay-mask\/#primaryimage"},"image":{"@id":"https:\/\/purecosmetics-shop.com\/accueil\/produit\/the-real-noni-refresh-clay-mask\/#primaryimage"},"thumbnailUrl":"https:\/\/purecosmetics-shop.com\/wp-content\/uploads\/2026\/02\/CELIMAX_The_Real_Noni_Refresh_Clay_Mask-.webp","datePublished":"2026-02-07T20:05:25+00:00","dateModified":"2026-04-16T01:42:01+00:00","breadcrumb":{"@id":"https:\/\/purecosmetics-shop.com\/accueil\/produit\/the-real-noni-refresh-clay-mask\/#breadcrumb"},"inLanguage":"fr-FR","potentialAction":[{"@type":"ReadAction","target":["https:\/\/purecosmetics-shop.com\/accueil\/produit\/the-real-noni-refresh-clay-mask\/"]}]},{"@type":"ImageObject","inLanguage":"fr-FR","@id":"https:\/\/purecosmetics-shop.com\/accueil\/produit\/the-real-noni-refresh-clay-mask\/#primaryimage","url":"https:\/\/purecosmetics-shop.com\/wp-content\/uploads\/2026\/02\/CELIMAX_The_Real_Noni_Refresh_Clay_Mask-.webp","contentUrl":"https:\/\/purecosmetics-shop.com\/wp-content\/uploads\/2026\/02\/CELIMAX_The_Real_Noni_Refresh_Clay_Mask-.webp","width":800,"height":800},{"@type":"BreadcrumbList","@id":"https:\/\/purecosmetics-shop.com\/accueil\/produit\/the-real-noni-refresh-clay-mask\/#breadcrumb","itemListElement":[{"@type":"ListItem","position":1,"name":"Accueil","item":"https:\/\/purecosmetics-shop.com\/accueil\/"},{"@type":"ListItem","position":2,"name":"NOUVEAUT\u00c9S","item":"https:\/\/purecosmetics-shop.com\/accueil\/nouveautes\/"},{"@type":"ListItem","position":3,"name":"The Real Noni Refresh Clay Mask"}]},{"@type":"WebSite","@id":"https:\/\/purecosmetics-shop.com\/accueil\/#website","url":"https:\/\/purecosmetics-shop.com\/accueil\/","name":"Pure Cosmetics","description":"Skincare cor\u00e9enne et japonais","publisher":{"@id":"https:\/\/purecosmetics-shop.com\/accueil\/#organization"},"potentialAction":[{"@type":"SearchAction","target":{"@type":"EntryPoint","urlTemplate":"https:\/\/purecosmetics-shop.com\/accueil\/?s={search_term_string}"},"query-input":{"@type":"PropertyValueSpecification","valueRequired":true,"valueName":"search_term_string"}}],"inLanguage":"fr-FR"},{"@type":"Organization","@id":"https:\/\/purecosmetics-shop.com\/accueil\/#organization","name":"Pure Cosmetics","url":"https:\/\/purecosmetics-shop.com\/accueil\/","logo":{"@type":"ImageObject","inLanguage":"fr-FR","@id":"https:\/\/purecosmetics-shop.com\/accueil\/#\/schema\/logo\/image\/","url":"https:\/\/purecosmetics-shop.com\/wp-content\/uploads\/2025\/04\/cropped-Pure-Cosmetics-black-2.png","contentUrl":"https:\/\/purecosmetics-shop.com\/wp-content\/uploads\/2025\/04\/cropped-Pure-Cosmetics-black-2.png","width":2362,"height":2324,"caption":"Pure Cosmetics"},"image":{"@id":"https:\/\/purecosmetics-shop.com\/accueil\/#\/schema\/logo\/image\/"}}]}},"jetpack_sharing_enabled":true,"_links":{"self":[{"href":"https:\/\/purecosmetics-shop.com\/accueil\/wp-json\/wp\/v2\/product\/5169","targetHints":{"allow":["GET"]}}],"collection":[{"href":"https:\/\/purecosmetics-shop.com\/accueil\/wp-json\/wp\/v2\/product"}],"about":[{"href":"https:\/\/purecosmetics-shop.com\/accueil\/wp-json\/wp\/v2\/types\/product"}],"replies":[{"embeddable":true,"href":"https:\/\/purecosmetics-shop.com\/accueil\/wp-json\/wp\/v2\/comments?post=5169"}],"version-history":[{"count":2,"href":"https:\/\/purecosmetics-shop.com\/accueil\/wp-json\/wp\/v2\/product\/5169\/revisions"}],"predecessor-version":[{"id":5177,"href":"https:\/\/purecosmetics-shop.com\/accueil\/wp-json\/wp\/v2\/product\/5169\/revisions\/5177"}],"wp:featuredmedia":[{"embeddable":true,"href":"https:\/\/purecosmetics-shop.com\/accueil\/wp-json\/wp\/v2\/media\/5171"}],"wp:attachment":[{"href":"https:\/\/purecosmetics-shop.com\/accueil\/wp-json\/wp\/v2\/media?parent=5169"}],"wp:term":[{"taxonomy":"product_brand","embeddable":true,"href":"https:\/\/purecosmetics-shop.com\/accueil\/wp-json\/wp\/v2\/product_brand?post=5169"},{"taxonomy":"product_cat","embeddable":true,"href":"https:\/\/purecosmetics-shop.com\/accueil\/wp-json\/wp\/v2\/product_cat?post=5169"},{"taxonomy":"product_tag","embeddable":true,"href":"https:\/\/purecosmetics-shop.com\/accueil\/wp-json\/wp\/v2\/product_tag?post=5169"}],"curies":[{"name":"wp","href":"https:\/\/api.w.org\/{rel}","templated":true}]}}