{"id":4940,"date":"2026-01-12T13:10:17","date_gmt":"2026-01-12T17:10:17","guid":{"rendered":"https:\/\/purecosmetics-shop.com\/accueil\/?post_type=product&#038;p=4940"},"modified":"2026-04-16T06:05:47","modified_gmt":"2026-04-16T10:05:47","slug":"txa-6-niacinamide-10-retinal-serum","status":"publish","type":"product","link":"https:\/\/purecosmetics-shop.com\/accueil\/produit\/txa-6-niacinamide-10-retinal-serum\/","title":{"rendered":"TXA 6 Niacinamide 10 Retinal Serum"},"content":{"rendered":"<p>Mode d&#8217;emploi : Agitez le flacon 3 \u00e0 5 fois, puis appliquez 1 \u00e0 2 gouttes sur la peau le matin et le soir.<br \/>\nLe jour, appliquez une cr\u00e8me solaire avec un SPF 30 ou plus apr\u00e8s le s\u00e9rum.<\/p>\n","protected":false},"excerpt":{"rendered":"<p>Une seule goutte pour trois fois plus de bienfaits, ce s\u00e9rum ros\u00e9 enrichi \u00e0 10 % de niacinamide et 6 % d&rsquo;acide tranexamique (TXA) estompe rapidement les taches pigmentaires et combat le teint terne.<\/p>\n<p>Et ces capsules orange qui flottent \u00e0 la surface ? Il s&rsquo;agit de r\u00e9tinal encapsul\u00e9 qui apporte des bienfaits anti-\u00e2ge bien plus rapidement dans la peau que le r\u00e9tinal traditionnel ! Onze fois plus rapide que le r\u00e9tinol !<\/p>\n","protected":false},"featured_media":4944,"comment_status":"open","ping_status":"closed","template":"","meta":[],"product_brand":[177],"product_cat":[110,115,116,21],"product_tag":[],"class_list":{"0":"post-4940","1":"product","2":"type-product","3":"status-publish","4":"has-post-thumbnail","6":"product_brand-purito-seoul","7":"product_cat-anti-tache-et-hyperpigmentation","8":"product_cat-peau-grasse","9":"product_cat-peau-mixte","10":"product_cat-serum","12":"first","13":"instock","14":"shipping-taxable","15":"purchasable","16":"product-type-simple"},"yoast_head":"<!-- This site is optimized with the Yoast SEO plugin v27.4 - https:\/\/yoast.com\/product\/yoast-seo-wordpress\/ -->\n<title>TXA 6 Niacinamide 10 Retinal Serum - Pure Cosmetics<\/title>\n<meta name=\"robots\" content=\"index, follow, max-snippet:-1, max-image-preview:large, max-video-preview:-1\" \/>\n<link rel=\"canonical\" href=\"https:\/\/purecosmetics-shop.com\/accueil\/produit\/txa-6-niacinamide-10-retinal-serum\/\" \/>\n<meta property=\"og:locale\" content=\"fr_FR\" \/>\n<meta property=\"og:type\" content=\"article\" \/>\n<meta property=\"og:title\" content=\"TXA 6 Niacinamide 10 Retinal Serum - Pure Cosmetics\" \/>\n<meta property=\"og:description\" content=\"Une seule goutte pour trois fois plus de bienfaits, ce s\u00e9rum ros\u00e9 enrichi \u00e0 10 % de niacinamide et 6 % d&#039;acide tranexamique (TXA) estompe rapidement les taches pigmentaires et combat le teint terne.  Et ces capsules orange qui flottent \u00e0 la surface ? Il s&#039;agit de r\u00e9tinal encapsul\u00e9 qui apporte des bienfaits anti-\u00e2ge bien plus rapidement dans la peau que le r\u00e9tinal traditionnel ! Onze fois plus rapide que le r\u00e9tinol !\" \/>\n<meta property=\"og:url\" content=\"https:\/\/purecosmetics-shop.com\/accueil\/produit\/txa-6-niacinamide-10-retinal-serum\/\" \/>\n<meta property=\"og:site_name\" content=\"Pure Cosmetics\" \/>\n<meta property=\"article:modified_time\" content=\"2026-04-16T10:05:47+00:00\" \/>\n<meta property=\"og:image\" content=\"https:\/\/purecosmetics-shop.com\/wp-content\/uploads\/2026\/01\/PURITO_TXA_6_Niacinamide_10_Retinal_Serum.png\" \/>\n\t<meta property=\"og:image:width\" content=\"1400\" \/>\n\t<meta property=\"og:image:height\" content=\"1400\" \/>\n\t<meta property=\"og:image:type\" content=\"image\/png\" \/>\n<meta name=\"twitter:card\" content=\"summary_large_image\" \/>\n<meta name=\"twitter:label1\" content=\"Dur\u00e9e de lecture estim\u00e9e\" \/>\n\t<meta name=\"twitter:data1\" content=\"1 minute\" \/>\n<script type=\"application\/ld+json\" class=\"yoast-schema-graph\">{\"@context\":\"https:\\\/\\\/schema.org\",\"@graph\":[{\"@type\":\"WebPage\",\"@id\":\"https:\\\/\\\/purecosmetics-shop.com\\\/accueil\\\/produit\\\/txa-6-niacinamide-10-retinal-serum\\\/\",\"url\":\"https:\\\/\\\/purecosmetics-shop.com\\\/accueil\\\/produit\\\/txa-6-niacinamide-10-retinal-serum\\\/\",\"name\":\"TXA 6 Niacinamide 10 Retinal Serum - Pure Cosmetics\",\"isPartOf\":{\"@id\":\"https:\\\/\\\/purecosmetics-shop.com\\\/accueil\\\/#website\"},\"primaryImageOfPage\":{\"@id\":\"https:\\\/\\\/purecosmetics-shop.com\\\/accueil\\\/produit\\\/txa-6-niacinamide-10-retinal-serum\\\/#primaryimage\"},\"image\":{\"@id\":\"https:\\\/\\\/purecosmetics-shop.com\\\/accueil\\\/produit\\\/txa-6-niacinamide-10-retinal-serum\\\/#primaryimage\"},\"thumbnailUrl\":\"https:\\\/\\\/purecosmetics-shop.com\\\/wp-content\\\/uploads\\\/2026\\\/01\\\/PURITO_TXA_6_Niacinamide_10_Retinal_Serum.png\",\"datePublished\":\"2026-01-12T17:10:17+00:00\",\"dateModified\":\"2026-04-16T10:05:47+00:00\",\"breadcrumb\":{\"@id\":\"https:\\\/\\\/purecosmetics-shop.com\\\/accueil\\\/produit\\\/txa-6-niacinamide-10-retinal-serum\\\/#breadcrumb\"},\"inLanguage\":\"fr-FR\",\"potentialAction\":[{\"@type\":\"ReadAction\",\"target\":[\"https:\\\/\\\/purecosmetics-shop.com\\\/accueil\\\/produit\\\/txa-6-niacinamide-10-retinal-serum\\\/\"]}]},{\"@type\":\"ImageObject\",\"inLanguage\":\"fr-FR\",\"@id\":\"https:\\\/\\\/purecosmetics-shop.com\\\/accueil\\\/produit\\\/txa-6-niacinamide-10-retinal-serum\\\/#primaryimage\",\"url\":\"https:\\\/\\\/purecosmetics-shop.com\\\/wp-content\\\/uploads\\\/2026\\\/01\\\/PURITO_TXA_6_Niacinamide_10_Retinal_Serum.png\",\"contentUrl\":\"https:\\\/\\\/purecosmetics-shop.com\\\/wp-content\\\/uploads\\\/2026\\\/01\\\/PURITO_TXA_6_Niacinamide_10_Retinal_Serum.png\",\"width\":1400,\"height\":1400,\"caption\":\"TXA 6 Niacinamide 10 Retinal Serum\"},{\"@type\":\"BreadcrumbList\",\"@id\":\"https:\\\/\\\/purecosmetics-shop.com\\\/accueil\\\/produit\\\/txa-6-niacinamide-10-retinal-serum\\\/#breadcrumb\",\"itemListElement\":[{\"@type\":\"ListItem\",\"position\":1,\"name\":\"Accueil\",\"item\":\"https:\\\/\\\/purecosmetics-shop.com\\\/accueil\\\/\"},{\"@type\":\"ListItem\",\"position\":2,\"name\":\"NOUVEAUT\u00c9S\",\"item\":\"https:\\\/\\\/purecosmetics-shop.com\\\/accueil\\\/nouveautes\\\/\"},{\"@type\":\"ListItem\",\"position\":3,\"name\":\"TXA 6 Niacinamide 10 Retinal Serum\"}]},{\"@type\":\"WebSite\",\"@id\":\"https:\\\/\\\/purecosmetics-shop.com\\\/accueil\\\/#website\",\"url\":\"https:\\\/\\\/purecosmetics-shop.com\\\/accueil\\\/\",\"name\":\"Pure Cosmetics\",\"description\":\"Skincare cor\u00e9enne et japonais\",\"publisher\":{\"@id\":\"https:\\\/\\\/purecosmetics-shop.com\\\/accueil\\\/#organization\"},\"potentialAction\":[{\"@type\":\"SearchAction\",\"target\":{\"@type\":\"EntryPoint\",\"urlTemplate\":\"https:\\\/\\\/purecosmetics-shop.com\\\/accueil\\\/?s={search_term_string}\"},\"query-input\":{\"@type\":\"PropertyValueSpecification\",\"valueRequired\":true,\"valueName\":\"search_term_string\"}}],\"inLanguage\":\"fr-FR\"},{\"@type\":\"Organization\",\"@id\":\"https:\\\/\\\/purecosmetics-shop.com\\\/accueil\\\/#organization\",\"name\":\"Pure Cosmetics\",\"url\":\"https:\\\/\\\/purecosmetics-shop.com\\\/accueil\\\/\",\"logo\":{\"@type\":\"ImageObject\",\"inLanguage\":\"fr-FR\",\"@id\":\"https:\\\/\\\/purecosmetics-shop.com\\\/accueil\\\/#\\\/schema\\\/logo\\\/image\\\/\",\"url\":\"https:\\\/\\\/purecosmetics-shop.com\\\/wp-content\\\/uploads\\\/2025\\\/04\\\/cropped-Pure-Cosmetics-black-2.png\",\"contentUrl\":\"https:\\\/\\\/purecosmetics-shop.com\\\/wp-content\\\/uploads\\\/2025\\\/04\\\/cropped-Pure-Cosmetics-black-2.png\",\"width\":2362,\"height\":2324,\"caption\":\"Pure Cosmetics\"},\"image\":{\"@id\":\"https:\\\/\\\/purecosmetics-shop.com\\\/accueil\\\/#\\\/schema\\\/logo\\\/image\\\/\"}}]}<\/script>\n<!-- \/ Yoast SEO plugin. -->","yoast_head_json":{"title":"TXA 6 Niacinamide 10 Retinal Serum - Pure Cosmetics","robots":{"index":"index","follow":"follow","max-snippet":"max-snippet:-1","max-image-preview":"max-image-preview:large","max-video-preview":"max-video-preview:-1"},"canonical":"https:\/\/purecosmetics-shop.com\/accueil\/produit\/txa-6-niacinamide-10-retinal-serum\/","og_locale":"fr_FR","og_type":"article","og_title":"TXA 6 Niacinamide 10 Retinal Serum - Pure Cosmetics","og_description":"Une seule goutte pour trois fois plus de bienfaits, ce s\u00e9rum ros\u00e9 enrichi \u00e0 10 % de niacinamide et 6 % d'acide tranexamique (TXA) estompe rapidement les taches pigmentaires et combat le teint terne.  Et ces capsules orange qui flottent \u00e0 la surface ? Il s'agit de r\u00e9tinal encapsul\u00e9 qui apporte des bienfaits anti-\u00e2ge bien plus rapidement dans la peau que le r\u00e9tinal traditionnel ! Onze fois plus rapide que le r\u00e9tinol !","og_url":"https:\/\/purecosmetics-shop.com\/accueil\/produit\/txa-6-niacinamide-10-retinal-serum\/","og_site_name":"Pure Cosmetics","article_modified_time":"2026-04-16T10:05:47+00:00","og_image":[{"width":1400,"height":1400,"url":"https:\/\/purecosmetics-shop.com\/wp-content\/uploads\/2026\/01\/PURITO_TXA_6_Niacinamide_10_Retinal_Serum.png","type":"image\/png"}],"twitter_card":"summary_large_image","twitter_misc":{"Dur\u00e9e de lecture estim\u00e9e":"1 minute"},"schema":{"@context":"https:\/\/schema.org","@graph":[{"@type":"WebPage","@id":"https:\/\/purecosmetics-shop.com\/accueil\/produit\/txa-6-niacinamide-10-retinal-serum\/","url":"https:\/\/purecosmetics-shop.com\/accueil\/produit\/txa-6-niacinamide-10-retinal-serum\/","name":"TXA 6 Niacinamide 10 Retinal Serum - Pure Cosmetics","isPartOf":{"@id":"https:\/\/purecosmetics-shop.com\/accueil\/#website"},"primaryImageOfPage":{"@id":"https:\/\/purecosmetics-shop.com\/accueil\/produit\/txa-6-niacinamide-10-retinal-serum\/#primaryimage"},"image":{"@id":"https:\/\/purecosmetics-shop.com\/accueil\/produit\/txa-6-niacinamide-10-retinal-serum\/#primaryimage"},"thumbnailUrl":"https:\/\/purecosmetics-shop.com\/wp-content\/uploads\/2026\/01\/PURITO_TXA_6_Niacinamide_10_Retinal_Serum.png","datePublished":"2026-01-12T17:10:17+00:00","dateModified":"2026-04-16T10:05:47+00:00","breadcrumb":{"@id":"https:\/\/purecosmetics-shop.com\/accueil\/produit\/txa-6-niacinamide-10-retinal-serum\/#breadcrumb"},"inLanguage":"fr-FR","potentialAction":[{"@type":"ReadAction","target":["https:\/\/purecosmetics-shop.com\/accueil\/produit\/txa-6-niacinamide-10-retinal-serum\/"]}]},{"@type":"ImageObject","inLanguage":"fr-FR","@id":"https:\/\/purecosmetics-shop.com\/accueil\/produit\/txa-6-niacinamide-10-retinal-serum\/#primaryimage","url":"https:\/\/purecosmetics-shop.com\/wp-content\/uploads\/2026\/01\/PURITO_TXA_6_Niacinamide_10_Retinal_Serum.png","contentUrl":"https:\/\/purecosmetics-shop.com\/wp-content\/uploads\/2026\/01\/PURITO_TXA_6_Niacinamide_10_Retinal_Serum.png","width":1400,"height":1400,"caption":"TXA 6 Niacinamide 10 Retinal Serum"},{"@type":"BreadcrumbList","@id":"https:\/\/purecosmetics-shop.com\/accueil\/produit\/txa-6-niacinamide-10-retinal-serum\/#breadcrumb","itemListElement":[{"@type":"ListItem","position":1,"name":"Accueil","item":"https:\/\/purecosmetics-shop.com\/accueil\/"},{"@type":"ListItem","position":2,"name":"NOUVEAUT\u00c9S","item":"https:\/\/purecosmetics-shop.com\/accueil\/nouveautes\/"},{"@type":"ListItem","position":3,"name":"TXA 6 Niacinamide 10 Retinal Serum"}]},{"@type":"WebSite","@id":"https:\/\/purecosmetics-shop.com\/accueil\/#website","url":"https:\/\/purecosmetics-shop.com\/accueil\/","name":"Pure Cosmetics","description":"Skincare cor\u00e9enne et japonais","publisher":{"@id":"https:\/\/purecosmetics-shop.com\/accueil\/#organization"},"potentialAction":[{"@type":"SearchAction","target":{"@type":"EntryPoint","urlTemplate":"https:\/\/purecosmetics-shop.com\/accueil\/?s={search_term_string}"},"query-input":{"@type":"PropertyValueSpecification","valueRequired":true,"valueName":"search_term_string"}}],"inLanguage":"fr-FR"},{"@type":"Organization","@id":"https:\/\/purecosmetics-shop.com\/accueil\/#organization","name":"Pure Cosmetics","url":"https:\/\/purecosmetics-shop.com\/accueil\/","logo":{"@type":"ImageObject","inLanguage":"fr-FR","@id":"https:\/\/purecosmetics-shop.com\/accueil\/#\/schema\/logo\/image\/","url":"https:\/\/purecosmetics-shop.com\/wp-content\/uploads\/2025\/04\/cropped-Pure-Cosmetics-black-2.png","contentUrl":"https:\/\/purecosmetics-shop.com\/wp-content\/uploads\/2025\/04\/cropped-Pure-Cosmetics-black-2.png","width":2362,"height":2324,"caption":"Pure Cosmetics"},"image":{"@id":"https:\/\/purecosmetics-shop.com\/accueil\/#\/schema\/logo\/image\/"}}]}},"jetpack_sharing_enabled":true,"_links":{"self":[{"href":"https:\/\/purecosmetics-shop.com\/accueil\/wp-json\/wp\/v2\/product\/4940","targetHints":{"allow":["GET"]}}],"collection":[{"href":"https:\/\/purecosmetics-shop.com\/accueil\/wp-json\/wp\/v2\/product"}],"about":[{"href":"https:\/\/purecosmetics-shop.com\/accueil\/wp-json\/wp\/v2\/types\/product"}],"replies":[{"embeddable":true,"href":"https:\/\/purecosmetics-shop.com\/accueil\/wp-json\/wp\/v2\/comments?post=4940"}],"version-history":[{"count":1,"href":"https:\/\/purecosmetics-shop.com\/accueil\/wp-json\/wp\/v2\/product\/4940\/revisions"}],"predecessor-version":[{"id":4945,"href":"https:\/\/purecosmetics-shop.com\/accueil\/wp-json\/wp\/v2\/product\/4940\/revisions\/4945"}],"wp:featuredmedia":[{"embeddable":true,"href":"https:\/\/purecosmetics-shop.com\/accueil\/wp-json\/wp\/v2\/media\/4944"}],"wp:attachment":[{"href":"https:\/\/purecosmetics-shop.com\/accueil\/wp-json\/wp\/v2\/media?parent=4940"}],"wp:term":[{"taxonomy":"product_brand","embeddable":true,"href":"https:\/\/purecosmetics-shop.com\/accueil\/wp-json\/wp\/v2\/product_brand?post=4940"},{"taxonomy":"product_cat","embeddable":true,"href":"https:\/\/purecosmetics-shop.com\/accueil\/wp-json\/wp\/v2\/product_cat?post=4940"},{"taxonomy":"product_tag","embeddable":true,"href":"https:\/\/purecosmetics-shop.com\/accueil\/wp-json\/wp\/v2\/product_tag?post=4940"}],"curies":[{"name":"wp","href":"https:\/\/api.w.org\/{rel}","templated":true}]}}