{"id":4921,"date":"2026-01-10T13:14:48","date_gmt":"2026-01-10T17:14:48","guid":{"rendered":"https:\/\/purecosmetics-shop.com\/accueil\/?post_type=product&#038;p=4921"},"modified":"2026-04-19T10:19:07","modified_gmt":"2026-04-19T14:19:07","slug":"onion-fresh-light-sun-stick","status":"publish","type":"product","link":"https:\/\/purecosmetics-shop.com\/accueil\/produit\/onion-fresh-light-sun-stick\/","title":{"rendered":"ONION FRESH LIGHT SUN STICK"},"content":{"rendered":"<p>Mode d&#8217;emploi : Appliquez d\u00e9licatement le produit sur le visage ou le corps et renouvelez l&rsquo;application toutes les 2 \u00e0 3 heures.<\/p>\n","protected":false},"excerpt":{"rendered":"<p>Une protection solaire chimique en stick, SPF 50+, PA++++, pour prot\u00e9ger la peau des dommages caus\u00e9s par les UV.<\/p>\n<p>Enrichi en extrait d&rsquo;oignon rouge de Muan, riche en germanium et en min\u00e9raux, il prend soin des imperfections tout en nourrissant et apaisant la peau.<\/p>\n<p>Sa formule soin des pores contient du zinc PCA, un complexe de ferments verts, de la niacinamide et de l&rsquo;ac\u00e9tylglucosamine qui agissent en synergie pour r\u00e9guler le s\u00e9bum, apaiser les irritations, r\u00e9duire l&rsquo;apparence des pores dilat\u00e9s et am\u00e9liorer le grain de peau.<\/p>\n<p>Sa texture stick l\u00e9g\u00e8re glisse sur la peau en douceur et laisse un fini velout\u00e9 non gras.<\/p>\n<p>Convient aux peaux grasses, mixtes et sensibles.<\/p>\n","protected":false},"featured_media":4922,"comment_status":"open","ping_status":"closed","template":"","meta":[],"product_brand":[196],"product_cat":[113,115,116,119,20],"product_tag":[],"class_list":{"0":"post-4921","1":"product","2":"type-product","3":"status-publish","4":"has-post-thumbnail","6":"product_brand-isntree","7":"product_cat-peau-a-tendance-acneique","8":"product_cat-peau-grasse","9":"product_cat-peau-mixte","10":"product_cat-peau-sensible","11":"product_cat-solaire","13":"first","14":"instock","15":"shipping-taxable","16":"purchasable","17":"product-type-simple"},"yoast_head":"<!-- This site is optimized with the Yoast SEO plugin v27.4 - https:\/\/yoast.com\/product\/yoast-seo-wordpress\/ -->\n<title>ONION FRESH LIGHT SUN STICK - Pure Cosmetics<\/title>\n<meta name=\"robots\" content=\"index, follow, max-snippet:-1, max-image-preview:large, max-video-preview:-1\" \/>\n<link rel=\"canonical\" href=\"https:\/\/purecosmetics-shop.com\/accueil\/produit\/onion-fresh-light-sun-stick\/\" \/>\n<meta property=\"og:locale\" content=\"fr_FR\" \/>\n<meta property=\"og:type\" content=\"article\" \/>\n<meta property=\"og:title\" content=\"ONION FRESH LIGHT SUN STICK - Pure Cosmetics\" \/>\n<meta property=\"og:description\" content=\"Une protection solaire chimique en stick, SPF 50+, PA++++, pour prot\u00e9ger la peau des dommages caus\u00e9s par les UV.  Enrichi en extrait d&#039;oignon rouge de Muan, riche en germanium et en min\u00e9raux, il prend soin des imperfections tout en nourrissant et apaisant la peau.  Sa formule soin des pores contient du zinc PCA, un complexe de ferments verts, de la niacinamide et de l&#039;ac\u00e9tylglucosamine qui agissent en synergie pour r\u00e9guler le s\u00e9bum, apaiser les irritations, r\u00e9duire l&#039;apparence des pores dilat\u00e9s et am\u00e9liorer le grain de peau.  Sa texture stick l\u00e9g\u00e8re glisse sur la peau en douceur et laisse un fini velout\u00e9 non gras.  Convient aux peaux grasses, mixtes et sensibles.\" \/>\n<meta property=\"og:url\" content=\"https:\/\/purecosmetics-shop.com\/accueil\/produit\/onion-fresh-light-sun-stick\/\" \/>\n<meta property=\"og:site_name\" content=\"Pure Cosmetics\" \/>\n<meta property=\"article:modified_time\" content=\"2026-04-19T14:19:07+00:00\" \/>\n<meta property=\"og:image\" content=\"https:\/\/purecosmetics-shop.com\/wp-content\/uploads\/2026\/01\/ISNTREE_Onion_Fresh_Light_Sun_Stick_.webp\" \/>\n\t<meta property=\"og:image:width\" content=\"1600\" \/>\n\t<meta property=\"og:image:height\" content=\"1600\" \/>\n\t<meta property=\"og:image:type\" content=\"image\/webp\" \/>\n<meta name=\"twitter:card\" content=\"summary_large_image\" \/>\n<meta name=\"twitter:label1\" content=\"Dur\u00e9e de lecture estim\u00e9e\" \/>\n\t<meta name=\"twitter:data1\" content=\"1 minute\" \/>\n<script type=\"application\/ld+json\" class=\"yoast-schema-graph\">{\"@context\":\"https:\\\/\\\/schema.org\",\"@graph\":[{\"@type\":\"WebPage\",\"@id\":\"https:\\\/\\\/purecosmetics-shop.com\\\/accueil\\\/produit\\\/onion-fresh-light-sun-stick\\\/\",\"url\":\"https:\\\/\\\/purecosmetics-shop.com\\\/accueil\\\/produit\\\/onion-fresh-light-sun-stick\\\/\",\"name\":\"ONION FRESH LIGHT SUN STICK - Pure Cosmetics\",\"isPartOf\":{\"@id\":\"https:\\\/\\\/purecosmetics-shop.com\\\/accueil\\\/#website\"},\"primaryImageOfPage\":{\"@id\":\"https:\\\/\\\/purecosmetics-shop.com\\\/accueil\\\/produit\\\/onion-fresh-light-sun-stick\\\/#primaryimage\"},\"image\":{\"@id\":\"https:\\\/\\\/purecosmetics-shop.com\\\/accueil\\\/produit\\\/onion-fresh-light-sun-stick\\\/#primaryimage\"},\"thumbnailUrl\":\"https:\\\/\\\/purecosmetics-shop.com\\\/wp-content\\\/uploads\\\/2026\\\/01\\\/ISNTREE_Onion_Fresh_Light_Sun_Stick_.webp\",\"datePublished\":\"2026-01-10T17:14:48+00:00\",\"dateModified\":\"2026-04-19T14:19:07+00:00\",\"breadcrumb\":{\"@id\":\"https:\\\/\\\/purecosmetics-shop.com\\\/accueil\\\/produit\\\/onion-fresh-light-sun-stick\\\/#breadcrumb\"},\"inLanguage\":\"fr-FR\",\"potentialAction\":[{\"@type\":\"ReadAction\",\"target\":[\"https:\\\/\\\/purecosmetics-shop.com\\\/accueil\\\/produit\\\/onion-fresh-light-sun-stick\\\/\"]}]},{\"@type\":\"ImageObject\",\"inLanguage\":\"fr-FR\",\"@id\":\"https:\\\/\\\/purecosmetics-shop.com\\\/accueil\\\/produit\\\/onion-fresh-light-sun-stick\\\/#primaryimage\",\"url\":\"https:\\\/\\\/purecosmetics-shop.com\\\/wp-content\\\/uploads\\\/2026\\\/01\\\/ISNTREE_Onion_Fresh_Light_Sun_Stick_.webp\",\"contentUrl\":\"https:\\\/\\\/purecosmetics-shop.com\\\/wp-content\\\/uploads\\\/2026\\\/01\\\/ISNTREE_Onion_Fresh_Light_Sun_Stick_.webp\",\"width\":1600,\"height\":1600,\"caption\":\"ONION FRESH LIGHT SUN STICK\"},{\"@type\":\"BreadcrumbList\",\"@id\":\"https:\\\/\\\/purecosmetics-shop.com\\\/accueil\\\/produit\\\/onion-fresh-light-sun-stick\\\/#breadcrumb\",\"itemListElement\":[{\"@type\":\"ListItem\",\"position\":1,\"name\":\"Accueil\",\"item\":\"https:\\\/\\\/purecosmetics-shop.com\\\/accueil\\\/\"},{\"@type\":\"ListItem\",\"position\":2,\"name\":\"NOUVEAUT\u00c9S\",\"item\":\"https:\\\/\\\/purecosmetics-shop.com\\\/accueil\\\/nouveautes\\\/\"},{\"@type\":\"ListItem\",\"position\":3,\"name\":\"ONION FRESH LIGHT SUN STICK\"}]},{\"@type\":\"WebSite\",\"@id\":\"https:\\\/\\\/purecosmetics-shop.com\\\/accueil\\\/#website\",\"url\":\"https:\\\/\\\/purecosmetics-shop.com\\\/accueil\\\/\",\"name\":\"Pure Cosmetics\",\"description\":\"Skincare cor\u00e9enne et japonais\",\"publisher\":{\"@id\":\"https:\\\/\\\/purecosmetics-shop.com\\\/accueil\\\/#organization\"},\"potentialAction\":[{\"@type\":\"SearchAction\",\"target\":{\"@type\":\"EntryPoint\",\"urlTemplate\":\"https:\\\/\\\/purecosmetics-shop.com\\\/accueil\\\/?s={search_term_string}\"},\"query-input\":{\"@type\":\"PropertyValueSpecification\",\"valueRequired\":true,\"valueName\":\"search_term_string\"}}],\"inLanguage\":\"fr-FR\"},{\"@type\":\"Organization\",\"@id\":\"https:\\\/\\\/purecosmetics-shop.com\\\/accueil\\\/#organization\",\"name\":\"Pure Cosmetics\",\"url\":\"https:\\\/\\\/purecosmetics-shop.com\\\/accueil\\\/\",\"logo\":{\"@type\":\"ImageObject\",\"inLanguage\":\"fr-FR\",\"@id\":\"https:\\\/\\\/purecosmetics-shop.com\\\/accueil\\\/#\\\/schema\\\/logo\\\/image\\\/\",\"url\":\"https:\\\/\\\/purecosmetics-shop.com\\\/wp-content\\\/uploads\\\/2025\\\/04\\\/cropped-Pure-Cosmetics-black-2.png\",\"contentUrl\":\"https:\\\/\\\/purecosmetics-shop.com\\\/wp-content\\\/uploads\\\/2025\\\/04\\\/cropped-Pure-Cosmetics-black-2.png\",\"width\":2362,\"height\":2324,\"caption\":\"Pure Cosmetics\"},\"image\":{\"@id\":\"https:\\\/\\\/purecosmetics-shop.com\\\/accueil\\\/#\\\/schema\\\/logo\\\/image\\\/\"}}]}<\/script>\n<!-- \/ Yoast SEO plugin. -->","yoast_head_json":{"title":"ONION FRESH LIGHT SUN STICK - Pure Cosmetics","robots":{"index":"index","follow":"follow","max-snippet":"max-snippet:-1","max-image-preview":"max-image-preview:large","max-video-preview":"max-video-preview:-1"},"canonical":"https:\/\/purecosmetics-shop.com\/accueil\/produit\/onion-fresh-light-sun-stick\/","og_locale":"fr_FR","og_type":"article","og_title":"ONION FRESH LIGHT SUN STICK - Pure Cosmetics","og_description":"Une protection solaire chimique en stick, SPF 50+, PA++++, pour prot\u00e9ger la peau des dommages caus\u00e9s par les UV.  Enrichi en extrait d'oignon rouge de Muan, riche en germanium et en min\u00e9raux, il prend soin des imperfections tout en nourrissant et apaisant la peau.  Sa formule soin des pores contient du zinc PCA, un complexe de ferments verts, de la niacinamide et de l'ac\u00e9tylglucosamine qui agissent en synergie pour r\u00e9guler le s\u00e9bum, apaiser les irritations, r\u00e9duire l'apparence des pores dilat\u00e9s et am\u00e9liorer le grain de peau.  Sa texture stick l\u00e9g\u00e8re glisse sur la peau en douceur et laisse un fini velout\u00e9 non gras.  Convient aux peaux grasses, mixtes et sensibles.","og_url":"https:\/\/purecosmetics-shop.com\/accueil\/produit\/onion-fresh-light-sun-stick\/","og_site_name":"Pure Cosmetics","article_modified_time":"2026-04-19T14:19:07+00:00","og_image":[{"width":1600,"height":1600,"url":"https:\/\/purecosmetics-shop.com\/wp-content\/uploads\/2026\/01\/ISNTREE_Onion_Fresh_Light_Sun_Stick_.webp","type":"image\/webp"}],"twitter_card":"summary_large_image","twitter_misc":{"Dur\u00e9e de lecture estim\u00e9e":"1 minute"},"schema":{"@context":"https:\/\/schema.org","@graph":[{"@type":"WebPage","@id":"https:\/\/purecosmetics-shop.com\/accueil\/produit\/onion-fresh-light-sun-stick\/","url":"https:\/\/purecosmetics-shop.com\/accueil\/produit\/onion-fresh-light-sun-stick\/","name":"ONION FRESH LIGHT SUN STICK - Pure Cosmetics","isPartOf":{"@id":"https:\/\/purecosmetics-shop.com\/accueil\/#website"},"primaryImageOfPage":{"@id":"https:\/\/purecosmetics-shop.com\/accueil\/produit\/onion-fresh-light-sun-stick\/#primaryimage"},"image":{"@id":"https:\/\/purecosmetics-shop.com\/accueil\/produit\/onion-fresh-light-sun-stick\/#primaryimage"},"thumbnailUrl":"https:\/\/purecosmetics-shop.com\/wp-content\/uploads\/2026\/01\/ISNTREE_Onion_Fresh_Light_Sun_Stick_.webp","datePublished":"2026-01-10T17:14:48+00:00","dateModified":"2026-04-19T14:19:07+00:00","breadcrumb":{"@id":"https:\/\/purecosmetics-shop.com\/accueil\/produit\/onion-fresh-light-sun-stick\/#breadcrumb"},"inLanguage":"fr-FR","potentialAction":[{"@type":"ReadAction","target":["https:\/\/purecosmetics-shop.com\/accueil\/produit\/onion-fresh-light-sun-stick\/"]}]},{"@type":"ImageObject","inLanguage":"fr-FR","@id":"https:\/\/purecosmetics-shop.com\/accueil\/produit\/onion-fresh-light-sun-stick\/#primaryimage","url":"https:\/\/purecosmetics-shop.com\/wp-content\/uploads\/2026\/01\/ISNTREE_Onion_Fresh_Light_Sun_Stick_.webp","contentUrl":"https:\/\/purecosmetics-shop.com\/wp-content\/uploads\/2026\/01\/ISNTREE_Onion_Fresh_Light_Sun_Stick_.webp","width":1600,"height":1600,"caption":"ONION FRESH LIGHT SUN STICK"},{"@type":"BreadcrumbList","@id":"https:\/\/purecosmetics-shop.com\/accueil\/produit\/onion-fresh-light-sun-stick\/#breadcrumb","itemListElement":[{"@type":"ListItem","position":1,"name":"Accueil","item":"https:\/\/purecosmetics-shop.com\/accueil\/"},{"@type":"ListItem","position":2,"name":"NOUVEAUT\u00c9S","item":"https:\/\/purecosmetics-shop.com\/accueil\/nouveautes\/"},{"@type":"ListItem","position":3,"name":"ONION FRESH LIGHT SUN STICK"}]},{"@type":"WebSite","@id":"https:\/\/purecosmetics-shop.com\/accueil\/#website","url":"https:\/\/purecosmetics-shop.com\/accueil\/","name":"Pure Cosmetics","description":"Skincare cor\u00e9enne et japonais","publisher":{"@id":"https:\/\/purecosmetics-shop.com\/accueil\/#organization"},"potentialAction":[{"@type":"SearchAction","target":{"@type":"EntryPoint","urlTemplate":"https:\/\/purecosmetics-shop.com\/accueil\/?s={search_term_string}"},"query-input":{"@type":"PropertyValueSpecification","valueRequired":true,"valueName":"search_term_string"}}],"inLanguage":"fr-FR"},{"@type":"Organization","@id":"https:\/\/purecosmetics-shop.com\/accueil\/#organization","name":"Pure Cosmetics","url":"https:\/\/purecosmetics-shop.com\/accueil\/","logo":{"@type":"ImageObject","inLanguage":"fr-FR","@id":"https:\/\/purecosmetics-shop.com\/accueil\/#\/schema\/logo\/image\/","url":"https:\/\/purecosmetics-shop.com\/wp-content\/uploads\/2025\/04\/cropped-Pure-Cosmetics-black-2.png","contentUrl":"https:\/\/purecosmetics-shop.com\/wp-content\/uploads\/2025\/04\/cropped-Pure-Cosmetics-black-2.png","width":2362,"height":2324,"caption":"Pure Cosmetics"},"image":{"@id":"https:\/\/purecosmetics-shop.com\/accueil\/#\/schema\/logo\/image\/"}}]}},"jetpack_sharing_enabled":true,"_links":{"self":[{"href":"https:\/\/purecosmetics-shop.com\/accueil\/wp-json\/wp\/v2\/product\/4921","targetHints":{"allow":["GET"]}}],"collection":[{"href":"https:\/\/purecosmetics-shop.com\/accueil\/wp-json\/wp\/v2\/product"}],"about":[{"href":"https:\/\/purecosmetics-shop.com\/accueil\/wp-json\/wp\/v2\/types\/product"}],"replies":[{"embeddable":true,"href":"https:\/\/purecosmetics-shop.com\/accueil\/wp-json\/wp\/v2\/comments?post=4921"}],"version-history":[{"count":1,"href":"https:\/\/purecosmetics-shop.com\/accueil\/wp-json\/wp\/v2\/product\/4921\/revisions"}],"predecessor-version":[{"id":4926,"href":"https:\/\/purecosmetics-shop.com\/accueil\/wp-json\/wp\/v2\/product\/4921\/revisions\/4926"}],"wp:featuredmedia":[{"embeddable":true,"href":"https:\/\/purecosmetics-shop.com\/accueil\/wp-json\/wp\/v2\/media\/4922"}],"wp:attachment":[{"href":"https:\/\/purecosmetics-shop.com\/accueil\/wp-json\/wp\/v2\/media?parent=4921"}],"wp:term":[{"taxonomy":"product_brand","embeddable":true,"href":"https:\/\/purecosmetics-shop.com\/accueil\/wp-json\/wp\/v2\/product_brand?post=4921"},{"taxonomy":"product_cat","embeddable":true,"href":"https:\/\/purecosmetics-shop.com\/accueil\/wp-json\/wp\/v2\/product_cat?post=4921"},{"taxonomy":"product_tag","embeddable":true,"href":"https:\/\/purecosmetics-shop.com\/accueil\/wp-json\/wp\/v2\/product_tag?post=4921"}],"curies":[{"name":"wp","href":"https:\/\/api.w.org\/{rel}","templated":true}]}}