{"id":4913,"date":"2026-01-10T12:47:04","date_gmt":"2026-01-10T16:47:04","guid":{"rendered":"https:\/\/purecosmetics-shop.com\/accueil\/?post_type=product&#038;p=4913"},"modified":"2026-04-16T06:03:58","modified_gmt":"2026-04-16T10:03:58","slug":"expert-madeca-cream-active-renew-pdrn","status":"publish","type":"product","link":"https:\/\/purecosmetics-shop.com\/accueil\/produit\/expert-madeca-cream-active-renew-pdrn\/","title":{"rendered":"Expert Madeca Cream Active Renew PDRN"},"content":{"rendered":"<p>Contenance : 50 ml ;<\/p>\n<p>Mode d&#8217;emploi : En derni\u00e8re \u00e9tape de votre soin du visage, appliquez une quantit\u00e9 appropri\u00e9e de produit sur la peau et tapotez l\u00e9g\u00e8rement pour favoriser l&rsquo;absorption.<\/p>\n","protected":false},"excerpt":{"rendered":"<p>Cr\u00e8me enrichie en TECA-PDRN\u2122 pour am\u00e9liorer l&rsquo;\u00e9lasticit\u00e9 de la peau.<\/p>\n<p>Elle apaise efficacement la peau gr\u00e2ce \u00e0 des ingr\u00e9dients tels que le b\u00eata-sitost\u00e9rol, l&rsquo;acide hyaluronique 10D, la caf\u00e9ine et le glutathion.<\/p>\n<p>Elle hydrate la peau en profondeur, renforce sa barri\u00e8re protectrice et att\u00e9nue l&rsquo;hyperpigmentation.<\/p>\n<p>Test\u00e9e sous contr\u00f4le dermatologique, elle convient \u00e0 tous les types de peau.<\/p>\n","protected":false},"featured_media":4919,"comment_status":"open","ping_status":"closed","template":"","meta":[],"product_brand":[221],"product_cat":[107,25,112,117],"product_tag":[],"class_list":{"0":"post-4913","1":"product","2":"type-product","3":"status-publish","4":"has-post-thumbnail","6":"product_brand-centellian24","7":"product_cat-anti-age-et-elasticite","8":"product_cat-creme-visage","9":"product_cat-hydratation","10":"product_cat-peau-normale","12":"first","13":"instock","14":"shipping-taxable","15":"purchasable","16":"product-type-simple"},"yoast_head":"<!-- This site is optimized with the Yoast SEO plugin v27.4 - https:\/\/yoast.com\/product\/yoast-seo-wordpress\/ -->\n<title>Expert Madeca Cream Active Renew PDRN - Pure Cosmetics<\/title>\n<meta name=\"robots\" content=\"index, follow, max-snippet:-1, max-image-preview:large, max-video-preview:-1\" \/>\n<link rel=\"canonical\" href=\"https:\/\/purecosmetics-shop.com\/accueil\/produit\/expert-madeca-cream-active-renew-pdrn\/\" \/>\n<meta property=\"og:locale\" content=\"fr_FR\" \/>\n<meta property=\"og:type\" content=\"article\" \/>\n<meta property=\"og:title\" content=\"Expert Madeca Cream Active Renew PDRN - Pure Cosmetics\" \/>\n<meta property=\"og:description\" content=\"Cr\u00e8me enrichie en TECA-PDRN\u2122 pour am\u00e9liorer l&#039;\u00e9lasticit\u00e9 de la peau.  Elle apaise efficacement la peau gr\u00e2ce \u00e0 des ingr\u00e9dients tels que le b\u00eata-sitost\u00e9rol, l&#039;acide hyaluronique 10D, la caf\u00e9ine et le glutathion.  Elle hydrate la peau en profondeur, renforce sa barri\u00e8re protectrice et att\u00e9nue l&#039;hyperpigmentation.  Test\u00e9e sous contr\u00f4le dermatologique, elle convient \u00e0 tous les types de peau.\" \/>\n<meta property=\"og:url\" content=\"https:\/\/purecosmetics-shop.com\/accueil\/produit\/expert-madeca-cream-active-renew-pdrn\/\" \/>\n<meta property=\"og:site_name\" content=\"Pure Cosmetics\" \/>\n<meta property=\"article:modified_time\" content=\"2026-04-16T10:03:58+00:00\" \/>\n<meta property=\"og:image\" content=\"https:\/\/purecosmetics-shop.com\/wp-content\/uploads\/2026\/01\/Centellian24_Expert_Madeca_Cream_Active_Renew_PDRN.webp\" \/>\n\t<meta property=\"og:image:width\" content=\"1280\" \/>\n\t<meta property=\"og:image:height\" content=\"1280\" \/>\n\t<meta property=\"og:image:type\" content=\"image\/webp\" \/>\n<meta name=\"twitter:card\" content=\"summary_large_image\" \/>\n<meta name=\"twitter:label1\" content=\"Dur\u00e9e de lecture estim\u00e9e\" \/>\n\t<meta name=\"twitter:data1\" content=\"1 minute\" \/>\n<script type=\"application\/ld+json\" class=\"yoast-schema-graph\">{\"@context\":\"https:\\\/\\\/schema.org\",\"@graph\":[{\"@type\":\"WebPage\",\"@id\":\"https:\\\/\\\/purecosmetics-shop.com\\\/accueil\\\/produit\\\/expert-madeca-cream-active-renew-pdrn\\\/\",\"url\":\"https:\\\/\\\/purecosmetics-shop.com\\\/accueil\\\/produit\\\/expert-madeca-cream-active-renew-pdrn\\\/\",\"name\":\"Expert Madeca Cream Active Renew PDRN - Pure Cosmetics\",\"isPartOf\":{\"@id\":\"https:\\\/\\\/purecosmetics-shop.com\\\/accueil\\\/#website\"},\"primaryImageOfPage\":{\"@id\":\"https:\\\/\\\/purecosmetics-shop.com\\\/accueil\\\/produit\\\/expert-madeca-cream-active-renew-pdrn\\\/#primaryimage\"},\"image\":{\"@id\":\"https:\\\/\\\/purecosmetics-shop.com\\\/accueil\\\/produit\\\/expert-madeca-cream-active-renew-pdrn\\\/#primaryimage\"},\"thumbnailUrl\":\"https:\\\/\\\/purecosmetics-shop.com\\\/wp-content\\\/uploads\\\/2026\\\/01\\\/Centellian24_Expert_Madeca_Cream_Active_Renew_PDRN.webp\",\"datePublished\":\"2026-01-10T16:47:04+00:00\",\"dateModified\":\"2026-04-16T10:03:58+00:00\",\"breadcrumb\":{\"@id\":\"https:\\\/\\\/purecosmetics-shop.com\\\/accueil\\\/produit\\\/expert-madeca-cream-active-renew-pdrn\\\/#breadcrumb\"},\"inLanguage\":\"fr-FR\",\"potentialAction\":[{\"@type\":\"ReadAction\",\"target\":[\"https:\\\/\\\/purecosmetics-shop.com\\\/accueil\\\/produit\\\/expert-madeca-cream-active-renew-pdrn\\\/\"]}]},{\"@type\":\"ImageObject\",\"inLanguage\":\"fr-FR\",\"@id\":\"https:\\\/\\\/purecosmetics-shop.com\\\/accueil\\\/produit\\\/expert-madeca-cream-active-renew-pdrn\\\/#primaryimage\",\"url\":\"https:\\\/\\\/purecosmetics-shop.com\\\/wp-content\\\/uploads\\\/2026\\\/01\\\/Centellian24_Expert_Madeca_Cream_Active_Renew_PDRN.webp\",\"contentUrl\":\"https:\\\/\\\/purecosmetics-shop.com\\\/wp-content\\\/uploads\\\/2026\\\/01\\\/Centellian24_Expert_Madeca_Cream_Active_Renew_PDRN.webp\",\"width\":1280,\"height\":1280,\"caption\":\"Expert Madeca Cream Active Renew PDRN\"},{\"@type\":\"BreadcrumbList\",\"@id\":\"https:\\\/\\\/purecosmetics-shop.com\\\/accueil\\\/produit\\\/expert-madeca-cream-active-renew-pdrn\\\/#breadcrumb\",\"itemListElement\":[{\"@type\":\"ListItem\",\"position\":1,\"name\":\"Accueil\",\"item\":\"https:\\\/\\\/purecosmetics-shop.com\\\/accueil\\\/\"},{\"@type\":\"ListItem\",\"position\":2,\"name\":\"NOUVEAUT\u00c9S\",\"item\":\"https:\\\/\\\/purecosmetics-shop.com\\\/accueil\\\/nouveautes\\\/\"},{\"@type\":\"ListItem\",\"position\":3,\"name\":\"Expert Madeca Cream Active Renew PDRN\"}]},{\"@type\":\"WebSite\",\"@id\":\"https:\\\/\\\/purecosmetics-shop.com\\\/accueil\\\/#website\",\"url\":\"https:\\\/\\\/purecosmetics-shop.com\\\/accueil\\\/\",\"name\":\"Pure Cosmetics\",\"description\":\"Skincare cor\u00e9enne et japonais\",\"publisher\":{\"@id\":\"https:\\\/\\\/purecosmetics-shop.com\\\/accueil\\\/#organization\"},\"potentialAction\":[{\"@type\":\"SearchAction\",\"target\":{\"@type\":\"EntryPoint\",\"urlTemplate\":\"https:\\\/\\\/purecosmetics-shop.com\\\/accueil\\\/?s={search_term_string}\"},\"query-input\":{\"@type\":\"PropertyValueSpecification\",\"valueRequired\":true,\"valueName\":\"search_term_string\"}}],\"inLanguage\":\"fr-FR\"},{\"@type\":\"Organization\",\"@id\":\"https:\\\/\\\/purecosmetics-shop.com\\\/accueil\\\/#organization\",\"name\":\"Pure Cosmetics\",\"url\":\"https:\\\/\\\/purecosmetics-shop.com\\\/accueil\\\/\",\"logo\":{\"@type\":\"ImageObject\",\"inLanguage\":\"fr-FR\",\"@id\":\"https:\\\/\\\/purecosmetics-shop.com\\\/accueil\\\/#\\\/schema\\\/logo\\\/image\\\/\",\"url\":\"https:\\\/\\\/purecosmetics-shop.com\\\/wp-content\\\/uploads\\\/2025\\\/04\\\/cropped-Pure-Cosmetics-black-2.png\",\"contentUrl\":\"https:\\\/\\\/purecosmetics-shop.com\\\/wp-content\\\/uploads\\\/2025\\\/04\\\/cropped-Pure-Cosmetics-black-2.png\",\"width\":2362,\"height\":2324,\"caption\":\"Pure Cosmetics\"},\"image\":{\"@id\":\"https:\\\/\\\/purecosmetics-shop.com\\\/accueil\\\/#\\\/schema\\\/logo\\\/image\\\/\"}}]}<\/script>\n<!-- \/ Yoast SEO plugin. -->","yoast_head_json":{"title":"Expert Madeca Cream Active Renew PDRN - Pure Cosmetics","robots":{"index":"index","follow":"follow","max-snippet":"max-snippet:-1","max-image-preview":"max-image-preview:large","max-video-preview":"max-video-preview:-1"},"canonical":"https:\/\/purecosmetics-shop.com\/accueil\/produit\/expert-madeca-cream-active-renew-pdrn\/","og_locale":"fr_FR","og_type":"article","og_title":"Expert Madeca Cream Active Renew PDRN - Pure Cosmetics","og_description":"Cr\u00e8me enrichie en TECA-PDRN\u2122 pour am\u00e9liorer l'\u00e9lasticit\u00e9 de la peau.  Elle apaise efficacement la peau gr\u00e2ce \u00e0 des ingr\u00e9dients tels que le b\u00eata-sitost\u00e9rol, l'acide hyaluronique 10D, la caf\u00e9ine et le glutathion.  Elle hydrate la peau en profondeur, renforce sa barri\u00e8re protectrice et att\u00e9nue l'hyperpigmentation.  Test\u00e9e sous contr\u00f4le dermatologique, elle convient \u00e0 tous les types de peau.","og_url":"https:\/\/purecosmetics-shop.com\/accueil\/produit\/expert-madeca-cream-active-renew-pdrn\/","og_site_name":"Pure Cosmetics","article_modified_time":"2026-04-16T10:03:58+00:00","og_image":[{"width":1280,"height":1280,"url":"https:\/\/purecosmetics-shop.com\/wp-content\/uploads\/2026\/01\/Centellian24_Expert_Madeca_Cream_Active_Renew_PDRN.webp","type":"image\/webp"}],"twitter_card":"summary_large_image","twitter_misc":{"Dur\u00e9e de lecture estim\u00e9e":"1 minute"},"schema":{"@context":"https:\/\/schema.org","@graph":[{"@type":"WebPage","@id":"https:\/\/purecosmetics-shop.com\/accueil\/produit\/expert-madeca-cream-active-renew-pdrn\/","url":"https:\/\/purecosmetics-shop.com\/accueil\/produit\/expert-madeca-cream-active-renew-pdrn\/","name":"Expert Madeca Cream Active Renew PDRN - Pure Cosmetics","isPartOf":{"@id":"https:\/\/purecosmetics-shop.com\/accueil\/#website"},"primaryImageOfPage":{"@id":"https:\/\/purecosmetics-shop.com\/accueil\/produit\/expert-madeca-cream-active-renew-pdrn\/#primaryimage"},"image":{"@id":"https:\/\/purecosmetics-shop.com\/accueil\/produit\/expert-madeca-cream-active-renew-pdrn\/#primaryimage"},"thumbnailUrl":"https:\/\/purecosmetics-shop.com\/wp-content\/uploads\/2026\/01\/Centellian24_Expert_Madeca_Cream_Active_Renew_PDRN.webp","datePublished":"2026-01-10T16:47:04+00:00","dateModified":"2026-04-16T10:03:58+00:00","breadcrumb":{"@id":"https:\/\/purecosmetics-shop.com\/accueil\/produit\/expert-madeca-cream-active-renew-pdrn\/#breadcrumb"},"inLanguage":"fr-FR","potentialAction":[{"@type":"ReadAction","target":["https:\/\/purecosmetics-shop.com\/accueil\/produit\/expert-madeca-cream-active-renew-pdrn\/"]}]},{"@type":"ImageObject","inLanguage":"fr-FR","@id":"https:\/\/purecosmetics-shop.com\/accueil\/produit\/expert-madeca-cream-active-renew-pdrn\/#primaryimage","url":"https:\/\/purecosmetics-shop.com\/wp-content\/uploads\/2026\/01\/Centellian24_Expert_Madeca_Cream_Active_Renew_PDRN.webp","contentUrl":"https:\/\/purecosmetics-shop.com\/wp-content\/uploads\/2026\/01\/Centellian24_Expert_Madeca_Cream_Active_Renew_PDRN.webp","width":1280,"height":1280,"caption":"Expert Madeca Cream Active Renew PDRN"},{"@type":"BreadcrumbList","@id":"https:\/\/purecosmetics-shop.com\/accueil\/produit\/expert-madeca-cream-active-renew-pdrn\/#breadcrumb","itemListElement":[{"@type":"ListItem","position":1,"name":"Accueil","item":"https:\/\/purecosmetics-shop.com\/accueil\/"},{"@type":"ListItem","position":2,"name":"NOUVEAUT\u00c9S","item":"https:\/\/purecosmetics-shop.com\/accueil\/nouveautes\/"},{"@type":"ListItem","position":3,"name":"Expert Madeca Cream Active Renew PDRN"}]},{"@type":"WebSite","@id":"https:\/\/purecosmetics-shop.com\/accueil\/#website","url":"https:\/\/purecosmetics-shop.com\/accueil\/","name":"Pure Cosmetics","description":"Skincare cor\u00e9enne et japonais","publisher":{"@id":"https:\/\/purecosmetics-shop.com\/accueil\/#organization"},"potentialAction":[{"@type":"SearchAction","target":{"@type":"EntryPoint","urlTemplate":"https:\/\/purecosmetics-shop.com\/accueil\/?s={search_term_string}"},"query-input":{"@type":"PropertyValueSpecification","valueRequired":true,"valueName":"search_term_string"}}],"inLanguage":"fr-FR"},{"@type":"Organization","@id":"https:\/\/purecosmetics-shop.com\/accueil\/#organization","name":"Pure Cosmetics","url":"https:\/\/purecosmetics-shop.com\/accueil\/","logo":{"@type":"ImageObject","inLanguage":"fr-FR","@id":"https:\/\/purecosmetics-shop.com\/accueil\/#\/schema\/logo\/image\/","url":"https:\/\/purecosmetics-shop.com\/wp-content\/uploads\/2025\/04\/cropped-Pure-Cosmetics-black-2.png","contentUrl":"https:\/\/purecosmetics-shop.com\/wp-content\/uploads\/2025\/04\/cropped-Pure-Cosmetics-black-2.png","width":2362,"height":2324,"caption":"Pure Cosmetics"},"image":{"@id":"https:\/\/purecosmetics-shop.com\/accueil\/#\/schema\/logo\/image\/"}}]}},"jetpack_sharing_enabled":true,"_links":{"self":[{"href":"https:\/\/purecosmetics-shop.com\/accueil\/wp-json\/wp\/v2\/product\/4913","targetHints":{"allow":["GET"]}}],"collection":[{"href":"https:\/\/purecosmetics-shop.com\/accueil\/wp-json\/wp\/v2\/product"}],"about":[{"href":"https:\/\/purecosmetics-shop.com\/accueil\/wp-json\/wp\/v2\/types\/product"}],"replies":[{"embeddable":true,"href":"https:\/\/purecosmetics-shop.com\/accueil\/wp-json\/wp\/v2\/comments?post=4913"}],"version-history":[{"count":1,"href":"https:\/\/purecosmetics-shop.com\/accueil\/wp-json\/wp\/v2\/product\/4913\/revisions"}],"predecessor-version":[{"id":4920,"href":"https:\/\/purecosmetics-shop.com\/accueil\/wp-json\/wp\/v2\/product\/4913\/revisions\/4920"}],"wp:featuredmedia":[{"embeddable":true,"href":"https:\/\/purecosmetics-shop.com\/accueil\/wp-json\/wp\/v2\/media\/4919"}],"wp:attachment":[{"href":"https:\/\/purecosmetics-shop.com\/accueil\/wp-json\/wp\/v2\/media?parent=4913"}],"wp:term":[{"taxonomy":"product_brand","embeddable":true,"href":"https:\/\/purecosmetics-shop.com\/accueil\/wp-json\/wp\/v2\/product_brand?post=4913"},{"taxonomy":"product_cat","embeddable":true,"href":"https:\/\/purecosmetics-shop.com\/accueil\/wp-json\/wp\/v2\/product_cat?post=4913"},{"taxonomy":"product_tag","embeddable":true,"href":"https:\/\/purecosmetics-shop.com\/accueil\/wp-json\/wp\/v2\/product_tag?post=4913"}],"curies":[{"name":"wp","href":"https:\/\/api.w.org\/{rel}","templated":true}]}}