{"id":4908,"date":"2026-01-10T12:36:37","date_gmt":"2026-01-10T16:36:37","guid":{"rendered":"https:\/\/purecosmetics-shop.com\/accueil\/?post_type=product&#038;p=4908"},"modified":"2026-04-16T05:57:35","modified_gmt":"2026-04-16T09:57:35","slug":"madeca-cream-time-reverse-zero","status":"publish","type":"product","link":"https:\/\/purecosmetics-shop.com\/accueil\/produit\/madeca-cream-time-reverse-zero\/","title":{"rendered":"Madeca Cream Time Reverse Zero"},"content":{"rendered":"<p>Contenance : 80 ml<\/p>\n<p>Mode d&#8217;emploi : En derni\u00e8re \u00e9tape de votre routine de soins, appliquez d\u00e9licatement une quantit\u00e9 appropri\u00e9e sur le visage.<\/p>\n","protected":false},"excerpt":{"rendered":"<p>Tous les bienfaits anti-\u00e2ge de la Madeca Cream Time Reverse, d\u00e9sormais dans une formule gel l\u00e9g\u00e8re pour l&rsquo;\u00e9t\u00e9 !<\/p>\n<p>Sa texture hydratante et volumisante, enrichie en agents hydratants et anti-\u00e2ge, est id\u00e9ale pour la g\u00e9n\u00e9ration Z, confront\u00e9e au vieillissement cutan\u00e9 acc\u00e9l\u00e9r\u00e9 par l&rsquo;\u00e9volution de son mode de vie.<\/p>\n<p>Cette cr\u00e8me nouvelle g\u00e9n\u00e9ration, hydratante et apaisante, marque le d\u00e9but d&rsquo;une routine de soins anti-\u00e2ge.<\/p>\n<p>Con\u00e7ue pour les \u00e9t\u00e9s prolong\u00e9s et les fortes chaleurs, elle constitue le soin hydratant anti-\u00e2ge parfait lorsque la saison estivale est trop longue pour se passer de soins raffermissants.<\/p>\n","protected":false},"featured_media":4911,"comment_status":"open","ping_status":"closed","template":"","meta":[],"product_brand":[221],"product_cat":[107,25,112,115,116,117],"product_tag":[],"class_list":{"0":"post-4908","1":"product","2":"type-product","3":"status-publish","4":"has-post-thumbnail","6":"product_brand-centellian24","7":"product_cat-anti-age-et-elasticite","8":"product_cat-creme-visage","9":"product_cat-hydratation","10":"product_cat-peau-grasse","11":"product_cat-peau-mixte","12":"product_cat-peau-normale","14":"first","15":"instock","16":"shipping-taxable","17":"purchasable","18":"product-type-simple"},"yoast_head":"<!-- This site is optimized with the Yoast SEO plugin v27.4 - https:\/\/yoast.com\/product\/yoast-seo-wordpress\/ -->\n<title>Madeca Cream Time Reverse Zero - Pure Cosmetics<\/title>\n<meta name=\"robots\" content=\"index, follow, max-snippet:-1, max-image-preview:large, max-video-preview:-1\" \/>\n<link rel=\"canonical\" href=\"https:\/\/purecosmetics-shop.com\/accueil\/produit\/madeca-cream-time-reverse-zero\/\" \/>\n<meta property=\"og:locale\" content=\"fr_FR\" \/>\n<meta property=\"og:type\" content=\"article\" \/>\n<meta property=\"og:title\" content=\"Madeca Cream Time Reverse Zero - Pure Cosmetics\" \/>\n<meta property=\"og:description\" content=\"Tous les bienfaits anti-\u00e2ge de la Madeca Cream Time Reverse, d\u00e9sormais dans une formule gel l\u00e9g\u00e8re pour l&#039;\u00e9t\u00e9 !  Sa texture hydratante et volumisante, enrichie en agents hydratants et anti-\u00e2ge, est id\u00e9ale pour la g\u00e9n\u00e9ration Z, confront\u00e9e au vieillissement cutan\u00e9 acc\u00e9l\u00e9r\u00e9 par l&#039;\u00e9volution de son mode de vie.  Cette cr\u00e8me nouvelle g\u00e9n\u00e9ration, hydratante et apaisante, marque le d\u00e9but d&#039;une routine de soins anti-\u00e2ge.  Con\u00e7ue pour les \u00e9t\u00e9s prolong\u00e9s et les fortes chaleurs, elle constitue le soin hydratant anti-\u00e2ge parfait lorsque la saison estivale est trop longue pour se passer de soins raffermissants.\" \/>\n<meta property=\"og:url\" content=\"https:\/\/purecosmetics-shop.com\/accueil\/produit\/madeca-cream-time-reverse-zero\/\" \/>\n<meta property=\"og:site_name\" content=\"Pure Cosmetics\" \/>\n<meta property=\"article:modified_time\" content=\"2026-04-16T09:57:35+00:00\" \/>\n<meta property=\"og:image\" content=\"https:\/\/purecosmetics-shop.com\/wp-content\/uploads\/2026\/01\/centellian24_madeca_cream_time_reverse_zero_season7.webp\" \/>\n\t<meta property=\"og:image:width\" content=\"720\" \/>\n\t<meta property=\"og:image:height\" content=\"720\" \/>\n\t<meta property=\"og:image:type\" content=\"image\/webp\" \/>\n<meta name=\"twitter:card\" content=\"summary_large_image\" \/>\n<meta name=\"twitter:label1\" content=\"Dur\u00e9e de lecture estim\u00e9e\" \/>\n\t<meta name=\"twitter:data1\" content=\"1 minute\" \/>\n<script type=\"application\/ld+json\" class=\"yoast-schema-graph\">{\"@context\":\"https:\\\/\\\/schema.org\",\"@graph\":[{\"@type\":\"WebPage\",\"@id\":\"https:\\\/\\\/purecosmetics-shop.com\\\/accueil\\\/produit\\\/madeca-cream-time-reverse-zero\\\/\",\"url\":\"https:\\\/\\\/purecosmetics-shop.com\\\/accueil\\\/produit\\\/madeca-cream-time-reverse-zero\\\/\",\"name\":\"Madeca Cream Time Reverse Zero - Pure Cosmetics\",\"isPartOf\":{\"@id\":\"https:\\\/\\\/purecosmetics-shop.com\\\/accueil\\\/#website\"},\"primaryImageOfPage\":{\"@id\":\"https:\\\/\\\/purecosmetics-shop.com\\\/accueil\\\/produit\\\/madeca-cream-time-reverse-zero\\\/#primaryimage\"},\"image\":{\"@id\":\"https:\\\/\\\/purecosmetics-shop.com\\\/accueil\\\/produit\\\/madeca-cream-time-reverse-zero\\\/#primaryimage\"},\"thumbnailUrl\":\"https:\\\/\\\/purecosmetics-shop.com\\\/wp-content\\\/uploads\\\/2026\\\/01\\\/centellian24_madeca_cream_time_reverse_zero_season7.webp\",\"datePublished\":\"2026-01-10T16:36:37+00:00\",\"dateModified\":\"2026-04-16T09:57:35+00:00\",\"breadcrumb\":{\"@id\":\"https:\\\/\\\/purecosmetics-shop.com\\\/accueil\\\/produit\\\/madeca-cream-time-reverse-zero\\\/#breadcrumb\"},\"inLanguage\":\"fr-FR\",\"potentialAction\":[{\"@type\":\"ReadAction\",\"target\":[\"https:\\\/\\\/purecosmetics-shop.com\\\/accueil\\\/produit\\\/madeca-cream-time-reverse-zero\\\/\"]}]},{\"@type\":\"ImageObject\",\"inLanguage\":\"fr-FR\",\"@id\":\"https:\\\/\\\/purecosmetics-shop.com\\\/accueil\\\/produit\\\/madeca-cream-time-reverse-zero\\\/#primaryimage\",\"url\":\"https:\\\/\\\/purecosmetics-shop.com\\\/wp-content\\\/uploads\\\/2026\\\/01\\\/centellian24_madeca_cream_time_reverse_zero_season7.webp\",\"contentUrl\":\"https:\\\/\\\/purecosmetics-shop.com\\\/wp-content\\\/uploads\\\/2026\\\/01\\\/centellian24_madeca_cream_time_reverse_zero_season7.webp\",\"width\":720,\"height\":720,\"caption\":\"Madeca Cream Time Reverse Zero\"},{\"@type\":\"BreadcrumbList\",\"@id\":\"https:\\\/\\\/purecosmetics-shop.com\\\/accueil\\\/produit\\\/madeca-cream-time-reverse-zero\\\/#breadcrumb\",\"itemListElement\":[{\"@type\":\"ListItem\",\"position\":1,\"name\":\"Accueil\",\"item\":\"https:\\\/\\\/purecosmetics-shop.com\\\/accueil\\\/\"},{\"@type\":\"ListItem\",\"position\":2,\"name\":\"NOUVEAUT\u00c9S\",\"item\":\"https:\\\/\\\/purecosmetics-shop.com\\\/accueil\\\/nouveautes\\\/\"},{\"@type\":\"ListItem\",\"position\":3,\"name\":\"Madeca Cream Time Reverse Zero\"}]},{\"@type\":\"WebSite\",\"@id\":\"https:\\\/\\\/purecosmetics-shop.com\\\/accueil\\\/#website\",\"url\":\"https:\\\/\\\/purecosmetics-shop.com\\\/accueil\\\/\",\"name\":\"Pure Cosmetics\",\"description\":\"Skincare cor\u00e9enne et japonais\",\"publisher\":{\"@id\":\"https:\\\/\\\/purecosmetics-shop.com\\\/accueil\\\/#organization\"},\"potentialAction\":[{\"@type\":\"SearchAction\",\"target\":{\"@type\":\"EntryPoint\",\"urlTemplate\":\"https:\\\/\\\/purecosmetics-shop.com\\\/accueil\\\/?s={search_term_string}\"},\"query-input\":{\"@type\":\"PropertyValueSpecification\",\"valueRequired\":true,\"valueName\":\"search_term_string\"}}],\"inLanguage\":\"fr-FR\"},{\"@type\":\"Organization\",\"@id\":\"https:\\\/\\\/purecosmetics-shop.com\\\/accueil\\\/#organization\",\"name\":\"Pure Cosmetics\",\"url\":\"https:\\\/\\\/purecosmetics-shop.com\\\/accueil\\\/\",\"logo\":{\"@type\":\"ImageObject\",\"inLanguage\":\"fr-FR\",\"@id\":\"https:\\\/\\\/purecosmetics-shop.com\\\/accueil\\\/#\\\/schema\\\/logo\\\/image\\\/\",\"url\":\"https:\\\/\\\/purecosmetics-shop.com\\\/wp-content\\\/uploads\\\/2025\\\/04\\\/cropped-Pure-Cosmetics-black-2.png\",\"contentUrl\":\"https:\\\/\\\/purecosmetics-shop.com\\\/wp-content\\\/uploads\\\/2025\\\/04\\\/cropped-Pure-Cosmetics-black-2.png\",\"width\":2362,\"height\":2324,\"caption\":\"Pure Cosmetics\"},\"image\":{\"@id\":\"https:\\\/\\\/purecosmetics-shop.com\\\/accueil\\\/#\\\/schema\\\/logo\\\/image\\\/\"}}]}<\/script>\n<!-- \/ Yoast SEO plugin. -->","yoast_head_json":{"title":"Madeca Cream Time Reverse Zero - Pure Cosmetics","robots":{"index":"index","follow":"follow","max-snippet":"max-snippet:-1","max-image-preview":"max-image-preview:large","max-video-preview":"max-video-preview:-1"},"canonical":"https:\/\/purecosmetics-shop.com\/accueil\/produit\/madeca-cream-time-reverse-zero\/","og_locale":"fr_FR","og_type":"article","og_title":"Madeca Cream Time Reverse Zero - Pure Cosmetics","og_description":"Tous les bienfaits anti-\u00e2ge de la Madeca Cream Time Reverse, d\u00e9sormais dans une formule gel l\u00e9g\u00e8re pour l'\u00e9t\u00e9 !  Sa texture hydratante et volumisante, enrichie en agents hydratants et anti-\u00e2ge, est id\u00e9ale pour la g\u00e9n\u00e9ration Z, confront\u00e9e au vieillissement cutan\u00e9 acc\u00e9l\u00e9r\u00e9 par l'\u00e9volution de son mode de vie.  Cette cr\u00e8me nouvelle g\u00e9n\u00e9ration, hydratante et apaisante, marque le d\u00e9but d'une routine de soins anti-\u00e2ge.  Con\u00e7ue pour les \u00e9t\u00e9s prolong\u00e9s et les fortes chaleurs, elle constitue le soin hydratant anti-\u00e2ge parfait lorsque la saison estivale est trop longue pour se passer de soins raffermissants.","og_url":"https:\/\/purecosmetics-shop.com\/accueil\/produit\/madeca-cream-time-reverse-zero\/","og_site_name":"Pure Cosmetics","article_modified_time":"2026-04-16T09:57:35+00:00","og_image":[{"width":720,"height":720,"url":"https:\/\/purecosmetics-shop.com\/wp-content\/uploads\/2026\/01\/centellian24_madeca_cream_time_reverse_zero_season7.webp","type":"image\/webp"}],"twitter_card":"summary_large_image","twitter_misc":{"Dur\u00e9e de lecture estim\u00e9e":"1 minute"},"schema":{"@context":"https:\/\/schema.org","@graph":[{"@type":"WebPage","@id":"https:\/\/purecosmetics-shop.com\/accueil\/produit\/madeca-cream-time-reverse-zero\/","url":"https:\/\/purecosmetics-shop.com\/accueil\/produit\/madeca-cream-time-reverse-zero\/","name":"Madeca Cream Time Reverse Zero - Pure Cosmetics","isPartOf":{"@id":"https:\/\/purecosmetics-shop.com\/accueil\/#website"},"primaryImageOfPage":{"@id":"https:\/\/purecosmetics-shop.com\/accueil\/produit\/madeca-cream-time-reverse-zero\/#primaryimage"},"image":{"@id":"https:\/\/purecosmetics-shop.com\/accueil\/produit\/madeca-cream-time-reverse-zero\/#primaryimage"},"thumbnailUrl":"https:\/\/purecosmetics-shop.com\/wp-content\/uploads\/2026\/01\/centellian24_madeca_cream_time_reverse_zero_season7.webp","datePublished":"2026-01-10T16:36:37+00:00","dateModified":"2026-04-16T09:57:35+00:00","breadcrumb":{"@id":"https:\/\/purecosmetics-shop.com\/accueil\/produit\/madeca-cream-time-reverse-zero\/#breadcrumb"},"inLanguage":"fr-FR","potentialAction":[{"@type":"ReadAction","target":["https:\/\/purecosmetics-shop.com\/accueil\/produit\/madeca-cream-time-reverse-zero\/"]}]},{"@type":"ImageObject","inLanguage":"fr-FR","@id":"https:\/\/purecosmetics-shop.com\/accueil\/produit\/madeca-cream-time-reverse-zero\/#primaryimage","url":"https:\/\/purecosmetics-shop.com\/wp-content\/uploads\/2026\/01\/centellian24_madeca_cream_time_reverse_zero_season7.webp","contentUrl":"https:\/\/purecosmetics-shop.com\/wp-content\/uploads\/2026\/01\/centellian24_madeca_cream_time_reverse_zero_season7.webp","width":720,"height":720,"caption":"Madeca Cream Time Reverse Zero"},{"@type":"BreadcrumbList","@id":"https:\/\/purecosmetics-shop.com\/accueil\/produit\/madeca-cream-time-reverse-zero\/#breadcrumb","itemListElement":[{"@type":"ListItem","position":1,"name":"Accueil","item":"https:\/\/purecosmetics-shop.com\/accueil\/"},{"@type":"ListItem","position":2,"name":"NOUVEAUT\u00c9S","item":"https:\/\/purecosmetics-shop.com\/accueil\/nouveautes\/"},{"@type":"ListItem","position":3,"name":"Madeca Cream Time Reverse Zero"}]},{"@type":"WebSite","@id":"https:\/\/purecosmetics-shop.com\/accueil\/#website","url":"https:\/\/purecosmetics-shop.com\/accueil\/","name":"Pure Cosmetics","description":"Skincare cor\u00e9enne et japonais","publisher":{"@id":"https:\/\/purecosmetics-shop.com\/accueil\/#organization"},"potentialAction":[{"@type":"SearchAction","target":{"@type":"EntryPoint","urlTemplate":"https:\/\/purecosmetics-shop.com\/accueil\/?s={search_term_string}"},"query-input":{"@type":"PropertyValueSpecification","valueRequired":true,"valueName":"search_term_string"}}],"inLanguage":"fr-FR"},{"@type":"Organization","@id":"https:\/\/purecosmetics-shop.com\/accueil\/#organization","name":"Pure Cosmetics","url":"https:\/\/purecosmetics-shop.com\/accueil\/","logo":{"@type":"ImageObject","inLanguage":"fr-FR","@id":"https:\/\/purecosmetics-shop.com\/accueil\/#\/schema\/logo\/image\/","url":"https:\/\/purecosmetics-shop.com\/wp-content\/uploads\/2025\/04\/cropped-Pure-Cosmetics-black-2.png","contentUrl":"https:\/\/purecosmetics-shop.com\/wp-content\/uploads\/2025\/04\/cropped-Pure-Cosmetics-black-2.png","width":2362,"height":2324,"caption":"Pure Cosmetics"},"image":{"@id":"https:\/\/purecosmetics-shop.com\/accueil\/#\/schema\/logo\/image\/"}}]}},"jetpack_sharing_enabled":true,"_links":{"self":[{"href":"https:\/\/purecosmetics-shop.com\/accueil\/wp-json\/wp\/v2\/product\/4908","targetHints":{"allow":["GET"]}}],"collection":[{"href":"https:\/\/purecosmetics-shop.com\/accueil\/wp-json\/wp\/v2\/product"}],"about":[{"href":"https:\/\/purecosmetics-shop.com\/accueil\/wp-json\/wp\/v2\/types\/product"}],"replies":[{"embeddable":true,"href":"https:\/\/purecosmetics-shop.com\/accueil\/wp-json\/wp\/v2\/comments?post=4908"}],"version-history":[{"count":1,"href":"https:\/\/purecosmetics-shop.com\/accueil\/wp-json\/wp\/v2\/product\/4908\/revisions"}],"predecessor-version":[{"id":4912,"href":"https:\/\/purecosmetics-shop.com\/accueil\/wp-json\/wp\/v2\/product\/4908\/revisions\/4912"}],"wp:featuredmedia":[{"embeddable":true,"href":"https:\/\/purecosmetics-shop.com\/accueil\/wp-json\/wp\/v2\/media\/4911"}],"wp:attachment":[{"href":"https:\/\/purecosmetics-shop.com\/accueil\/wp-json\/wp\/v2\/media?parent=4908"}],"wp:term":[{"taxonomy":"product_brand","embeddable":true,"href":"https:\/\/purecosmetics-shop.com\/accueil\/wp-json\/wp\/v2\/product_brand?post=4908"},{"taxonomy":"product_cat","embeddable":true,"href":"https:\/\/purecosmetics-shop.com\/accueil\/wp-json\/wp\/v2\/product_cat?post=4908"},{"taxonomy":"product_tag","embeddable":true,"href":"https:\/\/purecosmetics-shop.com\/accueil\/wp-json\/wp\/v2\/product_tag?post=4908"}],"curies":[{"name":"wp","href":"https:\/\/api.w.org\/{rel}","templated":true}]}}