{"id":4897,"date":"2026-01-12T13:10:12","date_gmt":"2026-01-12T17:10:12","guid":{"rendered":"https:\/\/purecosmetics-shop.com\/accueil\/?post_type=product&#038;p=4897"},"modified":"2026-04-15T21:48:27","modified_gmt":"2026-04-16T01:48:27","slug":"madeca-cream-time-reverse","status":"publish","type":"product","link":"https:\/\/purecosmetics-shop.com\/accueil\/produit\/madeca-cream-time-reverse\/","title":{"rendered":"Madeca Cream Time Reverse"},"content":{"rendered":"<p>Mode d&#8217;emploi : Appliquez une noisette de cr\u00e8me sur le visage \u00e0 la derni\u00e8re \u00e9tape de votre routine de soin. Tapotez d\u00e9licatement pour une absorption optimale.<\/p>\n","protected":false},"excerpt":{"rendered":"<p>Cr\u00e8me anti-\u00e2ge pour lutter contre les signes de l&rsquo;\u00e2ge, et booster l&rsquo;\u00e9lasticit\u00e9 de la peau.<\/p>\n<p>Sa formule riche en antioxydants, \u00e0 l&rsquo;extrait de centella asiatica, \u00e0 son ingr\u00e9dient brevet\u00e9 &#8211; Madeca\u2122 Science apaise et prot\u00e8ge la peau des agressions ext\u00e9rieures.<\/p>\n<p>Formul\u00e9 avec des ingr\u00e9dients efficaces tels que ACTIVE-TECA\u2122, le collag\u00e8ne, l&rsquo;acide hyaluronique et le glycog\u00e8ne, il offre un triple b\u00e9n\u00e9fice d&rsquo;hydratation, de resserrement et d&rsquo;\u00e9clat de la peau.<\/p>\n<p>Cette cr\u00e8me p\u00e9n\u00e8tre imm\u00e9diatement dans la peau sans laisser de fini collant.<\/p>\n<p>Test\u00e9e sous contr\u00f4le dermatologique &amp; non com\u00e9dog\u00e8ne. Convient aux peaux sensibles et \u00e0 tendance acn\u00e9ique.<\/p>\n","protected":false},"featured_media":6506,"comment_status":"open","ping_status":"closed","template":"","meta":[],"product_brand":[221],"product_cat":[107,25,112,117,118,119],"product_tag":[],"class_list":{"0":"post-4897","1":"product","2":"type-product","3":"status-publish","4":"has-post-thumbnail","6":"product_brand-centellian24","7":"product_cat-anti-age-et-elasticite","8":"product_cat-creme-visage","9":"product_cat-hydratation","10":"product_cat-peau-normale","11":"product_cat-peau-seche","12":"product_cat-peau-sensible","14":"first","15":"instock","16":"shipping-taxable","17":"purchasable","18":"product-type-simple"},"yoast_head":"<!-- This site is optimized with the Yoast SEO plugin v27.4 - https:\/\/yoast.com\/product\/yoast-seo-wordpress\/ -->\n<title>Madeca Cream Time Reverse - Pure Cosmetics<\/title>\n<meta name=\"robots\" content=\"index, follow, max-snippet:-1, max-image-preview:large, max-video-preview:-1\" \/>\n<link rel=\"canonical\" href=\"https:\/\/purecosmetics-shop.com\/accueil\/produit\/madeca-cream-time-reverse\/\" \/>\n<meta property=\"og:locale\" content=\"fr_FR\" \/>\n<meta property=\"og:type\" content=\"article\" \/>\n<meta property=\"og:title\" content=\"Madeca Cream Time Reverse - Pure Cosmetics\" \/>\n<meta property=\"og:description\" content=\"Cr\u00e8me anti-\u00e2ge pour lutter contre les signes de l&#039;\u00e2ge, et booster l&#039;\u00e9lasticit\u00e9 de la peau.  Sa formule riche en antioxydants, \u00e0 l&#039;extrait de centella asiatica, \u00e0 son ingr\u00e9dient brevet\u00e9 - Madeca\u2122 Science apaise et prot\u00e8ge la peau des agressions ext\u00e9rieures.  Formul\u00e9 avec des ingr\u00e9dients efficaces tels que ACTIVE-TECA\u2122, le collag\u00e8ne, l&#039;acide hyaluronique et le glycog\u00e8ne, il offre un triple b\u00e9n\u00e9fice d&#039;hydratation, de resserrement et d&#039;\u00e9clat de la peau.  Cette cr\u00e8me p\u00e9n\u00e8tre imm\u00e9diatement dans la peau sans laisser de fini collant.  Test\u00e9e sous contr\u00f4le dermatologique &amp; non com\u00e9dog\u00e8ne. Convient aux peaux sensibles et \u00e0 tendance acn\u00e9ique.\" \/>\n<meta property=\"og:url\" content=\"https:\/\/purecosmetics-shop.com\/accueil\/produit\/madeca-cream-time-reverse\/\" \/>\n<meta property=\"og:site_name\" content=\"Pure Cosmetics\" \/>\n<meta property=\"article:modified_time\" content=\"2026-04-16T01:48:27+00:00\" \/>\n<meta property=\"og:image\" content=\"https:\/\/purecosmetics-shop.com\/wp-content\/uploads\/2026\/01\/CENTELLIAN24_MADECA_CREAM_TIME_REVERSE-.png\" \/>\n\t<meta property=\"og:image:width\" content=\"1800\" \/>\n\t<meta property=\"og:image:height\" content=\"1800\" \/>\n\t<meta property=\"og:image:type\" content=\"image\/png\" \/>\n<meta name=\"twitter:card\" content=\"summary_large_image\" \/>\n<meta name=\"twitter:label1\" content=\"Dur\u00e9e de lecture estim\u00e9e\" \/>\n\t<meta name=\"twitter:data1\" content=\"1 minute\" \/>\n<script type=\"application\/ld+json\" class=\"yoast-schema-graph\">{\"@context\":\"https:\\\/\\\/schema.org\",\"@graph\":[{\"@type\":\"WebPage\",\"@id\":\"https:\\\/\\\/purecosmetics-shop.com\\\/accueil\\\/produit\\\/madeca-cream-time-reverse\\\/\",\"url\":\"https:\\\/\\\/purecosmetics-shop.com\\\/accueil\\\/produit\\\/madeca-cream-time-reverse\\\/\",\"name\":\"Madeca Cream Time Reverse - Pure Cosmetics\",\"isPartOf\":{\"@id\":\"https:\\\/\\\/purecosmetics-shop.com\\\/accueil\\\/#website\"},\"primaryImageOfPage\":{\"@id\":\"https:\\\/\\\/purecosmetics-shop.com\\\/accueil\\\/produit\\\/madeca-cream-time-reverse\\\/#primaryimage\"},\"image\":{\"@id\":\"https:\\\/\\\/purecosmetics-shop.com\\\/accueil\\\/produit\\\/madeca-cream-time-reverse\\\/#primaryimage\"},\"thumbnailUrl\":\"https:\\\/\\\/purecosmetics-shop.com\\\/wp-content\\\/uploads\\\/2026\\\/01\\\/CENTELLIAN24_MADECA_CREAM_TIME_REVERSE-.png\",\"datePublished\":\"2026-01-12T17:10:12+00:00\",\"dateModified\":\"2026-04-16T01:48:27+00:00\",\"breadcrumb\":{\"@id\":\"https:\\\/\\\/purecosmetics-shop.com\\\/accueil\\\/produit\\\/madeca-cream-time-reverse\\\/#breadcrumb\"},\"inLanguage\":\"fr-FR\",\"potentialAction\":[{\"@type\":\"ReadAction\",\"target\":[\"https:\\\/\\\/purecosmetics-shop.com\\\/accueil\\\/produit\\\/madeca-cream-time-reverse\\\/\"]}]},{\"@type\":\"ImageObject\",\"inLanguage\":\"fr-FR\",\"@id\":\"https:\\\/\\\/purecosmetics-shop.com\\\/accueil\\\/produit\\\/madeca-cream-time-reverse\\\/#primaryimage\",\"url\":\"https:\\\/\\\/purecosmetics-shop.com\\\/wp-content\\\/uploads\\\/2026\\\/01\\\/CENTELLIAN24_MADECA_CREAM_TIME_REVERSE-.png\",\"contentUrl\":\"https:\\\/\\\/purecosmetics-shop.com\\\/wp-content\\\/uploads\\\/2026\\\/01\\\/CENTELLIAN24_MADECA_CREAM_TIME_REVERSE-.png\",\"width\":1800,\"height\":1800},{\"@type\":\"BreadcrumbList\",\"@id\":\"https:\\\/\\\/purecosmetics-shop.com\\\/accueil\\\/produit\\\/madeca-cream-time-reverse\\\/#breadcrumb\",\"itemListElement\":[{\"@type\":\"ListItem\",\"position\":1,\"name\":\"Accueil\",\"item\":\"https:\\\/\\\/purecosmetics-shop.com\\\/accueil\\\/\"},{\"@type\":\"ListItem\",\"position\":2,\"name\":\"NOUVEAUT\u00c9S\",\"item\":\"https:\\\/\\\/purecosmetics-shop.com\\\/accueil\\\/nouveautes\\\/\"},{\"@type\":\"ListItem\",\"position\":3,\"name\":\"Madeca Cream Time Reverse\"}]},{\"@type\":\"WebSite\",\"@id\":\"https:\\\/\\\/purecosmetics-shop.com\\\/accueil\\\/#website\",\"url\":\"https:\\\/\\\/purecosmetics-shop.com\\\/accueil\\\/\",\"name\":\"Pure Cosmetics\",\"description\":\"Skincare cor\u00e9enne et japonais\",\"publisher\":{\"@id\":\"https:\\\/\\\/purecosmetics-shop.com\\\/accueil\\\/#organization\"},\"potentialAction\":[{\"@type\":\"SearchAction\",\"target\":{\"@type\":\"EntryPoint\",\"urlTemplate\":\"https:\\\/\\\/purecosmetics-shop.com\\\/accueil\\\/?s={search_term_string}\"},\"query-input\":{\"@type\":\"PropertyValueSpecification\",\"valueRequired\":true,\"valueName\":\"search_term_string\"}}],\"inLanguage\":\"fr-FR\"},{\"@type\":\"Organization\",\"@id\":\"https:\\\/\\\/purecosmetics-shop.com\\\/accueil\\\/#organization\",\"name\":\"Pure Cosmetics\",\"url\":\"https:\\\/\\\/purecosmetics-shop.com\\\/accueil\\\/\",\"logo\":{\"@type\":\"ImageObject\",\"inLanguage\":\"fr-FR\",\"@id\":\"https:\\\/\\\/purecosmetics-shop.com\\\/accueil\\\/#\\\/schema\\\/logo\\\/image\\\/\",\"url\":\"https:\\\/\\\/purecosmetics-shop.com\\\/wp-content\\\/uploads\\\/2025\\\/04\\\/cropped-Pure-Cosmetics-black-2.png\",\"contentUrl\":\"https:\\\/\\\/purecosmetics-shop.com\\\/wp-content\\\/uploads\\\/2025\\\/04\\\/cropped-Pure-Cosmetics-black-2.png\",\"width\":2362,\"height\":2324,\"caption\":\"Pure Cosmetics\"},\"image\":{\"@id\":\"https:\\\/\\\/purecosmetics-shop.com\\\/accueil\\\/#\\\/schema\\\/logo\\\/image\\\/\"}}]}<\/script>\n<!-- \/ Yoast SEO plugin. -->","yoast_head_json":{"title":"Madeca Cream Time Reverse - Pure Cosmetics","robots":{"index":"index","follow":"follow","max-snippet":"max-snippet:-1","max-image-preview":"max-image-preview:large","max-video-preview":"max-video-preview:-1"},"canonical":"https:\/\/purecosmetics-shop.com\/accueil\/produit\/madeca-cream-time-reverse\/","og_locale":"fr_FR","og_type":"article","og_title":"Madeca Cream Time Reverse - Pure Cosmetics","og_description":"Cr\u00e8me anti-\u00e2ge pour lutter contre les signes de l'\u00e2ge, et booster l'\u00e9lasticit\u00e9 de la peau.  Sa formule riche en antioxydants, \u00e0 l'extrait de centella asiatica, \u00e0 son ingr\u00e9dient brevet\u00e9 - Madeca\u2122 Science apaise et prot\u00e8ge la peau des agressions ext\u00e9rieures.  Formul\u00e9 avec des ingr\u00e9dients efficaces tels que ACTIVE-TECA\u2122, le collag\u00e8ne, l'acide hyaluronique et le glycog\u00e8ne, il offre un triple b\u00e9n\u00e9fice d'hydratation, de resserrement et d'\u00e9clat de la peau.  Cette cr\u00e8me p\u00e9n\u00e8tre imm\u00e9diatement dans la peau sans laisser de fini collant.  Test\u00e9e sous contr\u00f4le dermatologique &amp; non com\u00e9dog\u00e8ne. Convient aux peaux sensibles et \u00e0 tendance acn\u00e9ique.","og_url":"https:\/\/purecosmetics-shop.com\/accueil\/produit\/madeca-cream-time-reverse\/","og_site_name":"Pure Cosmetics","article_modified_time":"2026-04-16T01:48:27+00:00","og_image":[{"width":1800,"height":1800,"url":"https:\/\/purecosmetics-shop.com\/wp-content\/uploads\/2026\/01\/CENTELLIAN24_MADECA_CREAM_TIME_REVERSE-.png","type":"image\/png"}],"twitter_card":"summary_large_image","twitter_misc":{"Dur\u00e9e de lecture estim\u00e9e":"1 minute"},"schema":{"@context":"https:\/\/schema.org","@graph":[{"@type":"WebPage","@id":"https:\/\/purecosmetics-shop.com\/accueil\/produit\/madeca-cream-time-reverse\/","url":"https:\/\/purecosmetics-shop.com\/accueil\/produit\/madeca-cream-time-reverse\/","name":"Madeca Cream Time Reverse - Pure Cosmetics","isPartOf":{"@id":"https:\/\/purecosmetics-shop.com\/accueil\/#website"},"primaryImageOfPage":{"@id":"https:\/\/purecosmetics-shop.com\/accueil\/produit\/madeca-cream-time-reverse\/#primaryimage"},"image":{"@id":"https:\/\/purecosmetics-shop.com\/accueil\/produit\/madeca-cream-time-reverse\/#primaryimage"},"thumbnailUrl":"https:\/\/purecosmetics-shop.com\/wp-content\/uploads\/2026\/01\/CENTELLIAN24_MADECA_CREAM_TIME_REVERSE-.png","datePublished":"2026-01-12T17:10:12+00:00","dateModified":"2026-04-16T01:48:27+00:00","breadcrumb":{"@id":"https:\/\/purecosmetics-shop.com\/accueil\/produit\/madeca-cream-time-reverse\/#breadcrumb"},"inLanguage":"fr-FR","potentialAction":[{"@type":"ReadAction","target":["https:\/\/purecosmetics-shop.com\/accueil\/produit\/madeca-cream-time-reverse\/"]}]},{"@type":"ImageObject","inLanguage":"fr-FR","@id":"https:\/\/purecosmetics-shop.com\/accueil\/produit\/madeca-cream-time-reverse\/#primaryimage","url":"https:\/\/purecosmetics-shop.com\/wp-content\/uploads\/2026\/01\/CENTELLIAN24_MADECA_CREAM_TIME_REVERSE-.png","contentUrl":"https:\/\/purecosmetics-shop.com\/wp-content\/uploads\/2026\/01\/CENTELLIAN24_MADECA_CREAM_TIME_REVERSE-.png","width":1800,"height":1800},{"@type":"BreadcrumbList","@id":"https:\/\/purecosmetics-shop.com\/accueil\/produit\/madeca-cream-time-reverse\/#breadcrumb","itemListElement":[{"@type":"ListItem","position":1,"name":"Accueil","item":"https:\/\/purecosmetics-shop.com\/accueil\/"},{"@type":"ListItem","position":2,"name":"NOUVEAUT\u00c9S","item":"https:\/\/purecosmetics-shop.com\/accueil\/nouveautes\/"},{"@type":"ListItem","position":3,"name":"Madeca Cream Time Reverse"}]},{"@type":"WebSite","@id":"https:\/\/purecosmetics-shop.com\/accueil\/#website","url":"https:\/\/purecosmetics-shop.com\/accueil\/","name":"Pure Cosmetics","description":"Skincare cor\u00e9enne et japonais","publisher":{"@id":"https:\/\/purecosmetics-shop.com\/accueil\/#organization"},"potentialAction":[{"@type":"SearchAction","target":{"@type":"EntryPoint","urlTemplate":"https:\/\/purecosmetics-shop.com\/accueil\/?s={search_term_string}"},"query-input":{"@type":"PropertyValueSpecification","valueRequired":true,"valueName":"search_term_string"}}],"inLanguage":"fr-FR"},{"@type":"Organization","@id":"https:\/\/purecosmetics-shop.com\/accueil\/#organization","name":"Pure Cosmetics","url":"https:\/\/purecosmetics-shop.com\/accueil\/","logo":{"@type":"ImageObject","inLanguage":"fr-FR","@id":"https:\/\/purecosmetics-shop.com\/accueil\/#\/schema\/logo\/image\/","url":"https:\/\/purecosmetics-shop.com\/wp-content\/uploads\/2025\/04\/cropped-Pure-Cosmetics-black-2.png","contentUrl":"https:\/\/purecosmetics-shop.com\/wp-content\/uploads\/2025\/04\/cropped-Pure-Cosmetics-black-2.png","width":2362,"height":2324,"caption":"Pure Cosmetics"},"image":{"@id":"https:\/\/purecosmetics-shop.com\/accueil\/#\/schema\/logo\/image\/"}}]}},"jetpack_sharing_enabled":true,"_links":{"self":[{"href":"https:\/\/purecosmetics-shop.com\/accueil\/wp-json\/wp\/v2\/product\/4897","targetHints":{"allow":["GET"]}}],"collection":[{"href":"https:\/\/purecosmetics-shop.com\/accueil\/wp-json\/wp\/v2\/product"}],"about":[{"href":"https:\/\/purecosmetics-shop.com\/accueil\/wp-json\/wp\/v2\/types\/product"}],"replies":[{"embeddable":true,"href":"https:\/\/purecosmetics-shop.com\/accueil\/wp-json\/wp\/v2\/comments?post=4897"}],"version-history":[{"count":2,"href":"https:\/\/purecosmetics-shop.com\/accueil\/wp-json\/wp\/v2\/product\/4897\/revisions"}],"predecessor-version":[{"id":6505,"href":"https:\/\/purecosmetics-shop.com\/accueil\/wp-json\/wp\/v2\/product\/4897\/revisions\/6505"}],"wp:featuredmedia":[{"embeddable":true,"href":"https:\/\/purecosmetics-shop.com\/accueil\/wp-json\/wp\/v2\/media\/6506"}],"wp:attachment":[{"href":"https:\/\/purecosmetics-shop.com\/accueil\/wp-json\/wp\/v2\/media?parent=4897"}],"wp:term":[{"taxonomy":"product_brand","embeddable":true,"href":"https:\/\/purecosmetics-shop.com\/accueil\/wp-json\/wp\/v2\/product_brand?post=4897"},{"taxonomy":"product_cat","embeddable":true,"href":"https:\/\/purecosmetics-shop.com\/accueil\/wp-json\/wp\/v2\/product_cat?post=4897"},{"taxonomy":"product_tag","embeddable":true,"href":"https:\/\/purecosmetics-shop.com\/accueil\/wp-json\/wp\/v2\/product_tag?post=4897"}],"curies":[{"name":"wp","href":"https:\/\/api.w.org\/{rel}","templated":true}]}}