{"id":4889,"date":"2026-01-12T13:09:52","date_gmt":"2026-01-12T17:09:52","guid":{"rendered":"https:\/\/purecosmetics-shop.com\/accueil\/?post_type=product&#038;p=4889"},"modified":"2026-04-15T21:40:29","modified_gmt":"2026-04-16T01:40:29","slug":"retinol-bakuchiol-dual-cream","status":"publish","type":"product","link":"https:\/\/purecosmetics-shop.com\/accueil\/produit\/retinol-bakuchiol-dual-cream\/","title":{"rendered":"RETINOL BAKUCHIOL DUAL CREAM"},"content":{"rendered":"<p>Mode d&#8217;emploi :<\/p>\n<p>En derni\u00e8re \u00e9tape de votre routine de soin, appuyez sur la zone \u00ab PRESS HERE \u00bb situ\u00e9e sur le devant du flacon pour pr\u00e9lever la quantit\u00e9 n\u00e9cessaire.<\/p>\n<p>Appliquez sur la peau et tapotez l\u00e9g\u00e8rement pour favoriser l&rsquo;absorption.<\/p>\n","protected":false},"excerpt":{"rendered":"<p>Cette double cr\u00e8me contribue \u00e0 am\u00e9liorer simultan\u00e9ment le grain de peau, son \u00e9lasticit\u00e9 et l&rsquo;aspect des pores.<\/p>\n<p>Enrichie en r\u00e9tinol et en bakuchiol, elle stimule la r\u00e9g\u00e9n\u00e9ration cutan\u00e9e pour un teint plus lisse et une peau plus ferme.<\/p>\n<p>Elle hydrate, apaise les irritations et renforce la barri\u00e8re cutan\u00e9e gr\u00e2ce aux c\u00e9ramides, au squalane et au panth\u00e9nol.<\/p>\n<p>Efficace pour r\u00e9duire l&rsquo;apparence des pores dilat\u00e9s et am\u00e9liorer leur aspect.<\/p>\n<p>Sa texture l\u00e9g\u00e8re p\u00e9n\u00e8tre rapidement sans laisser de film gras et illumine le teint.<\/p>\n<p>Formule vegan et hypoallerg\u00e9nique.<\/p>\n","protected":false},"featured_media":4895,"comment_status":"open","ping_status":"closed","template":"","meta":[],"product_brand":[181],"product_cat":[107,108,110,25,112],"product_tag":[],"class_list":{"0":"post-4889","1":"product","2":"type-product","3":"status-publish","4":"has-post-thumbnail","6":"product_brand-somebymi","7":"product_cat-anti-age-et-elasticite","8":"product_cat-anti-imperfections-et-pores","9":"product_cat-anti-tache-et-hyperpigmentation","10":"product_cat-creme-visage","11":"product_cat-hydratation","13":"first","14":"instock","15":"shipping-taxable","16":"purchasable","17":"product-type-simple"},"yoast_head":"<!-- This site is optimized with the Yoast SEO plugin v27.4 - https:\/\/yoast.com\/product\/yoast-seo-wordpress\/ -->\n<title>RETINOL BAKUCHIOL DUAL CREAM - Pure Cosmetics<\/title>\n<meta name=\"robots\" content=\"index, follow, max-snippet:-1, max-image-preview:large, max-video-preview:-1\" \/>\n<link rel=\"canonical\" href=\"https:\/\/purecosmetics-shop.com\/accueil\/produit\/retinol-bakuchiol-dual-cream\/\" \/>\n<meta property=\"og:locale\" content=\"fr_FR\" \/>\n<meta property=\"og:type\" content=\"article\" \/>\n<meta property=\"og:title\" content=\"RETINOL BAKUCHIOL DUAL CREAM - Pure Cosmetics\" \/>\n<meta property=\"og:description\" content=\"Cette double cr\u00e8me contribue \u00e0 am\u00e9liorer simultan\u00e9ment le grain de peau, son \u00e9lasticit\u00e9 et l&#039;aspect des pores.  Enrichie en r\u00e9tinol et en bakuchiol, elle stimule la r\u00e9g\u00e9n\u00e9ration cutan\u00e9e pour un teint plus lisse et une peau plus ferme.  Elle hydrate, apaise les irritations et renforce la barri\u00e8re cutan\u00e9e gr\u00e2ce aux c\u00e9ramides, au squalane et au panth\u00e9nol.  Efficace pour r\u00e9duire l&#039;apparence des pores dilat\u00e9s et am\u00e9liorer leur aspect.  Sa texture l\u00e9g\u00e8re p\u00e9n\u00e8tre rapidement sans laisser de film gras et illumine le teint.  Formule vegan et hypoallerg\u00e9nique.\" \/>\n<meta property=\"og:url\" content=\"https:\/\/purecosmetics-shop.com\/accueil\/produit\/retinol-bakuchiol-dual-cream\/\" \/>\n<meta property=\"og:site_name\" content=\"Pure Cosmetics\" \/>\n<meta property=\"article:modified_time\" content=\"2026-04-16T01:40:29+00:00\" \/>\n<meta property=\"og:image\" content=\"https:\/\/purecosmetics-shop.com\/wp-content\/uploads\/2026\/01\/SOMEBYMI_RETINOL_BAKUCHIOL_DUAL_CREAM.webp\" \/>\n\t<meta property=\"og:image:width\" content=\"1500\" \/>\n\t<meta property=\"og:image:height\" content=\"1500\" \/>\n\t<meta property=\"og:image:type\" content=\"image\/webp\" \/>\n<meta name=\"twitter:card\" content=\"summary_large_image\" \/>\n<meta name=\"twitter:label1\" content=\"Dur\u00e9e de lecture estim\u00e9e\" \/>\n\t<meta name=\"twitter:data1\" content=\"1 minute\" \/>\n<script type=\"application\/ld+json\" class=\"yoast-schema-graph\">{\"@context\":\"https:\\\/\\\/schema.org\",\"@graph\":[{\"@type\":\"WebPage\",\"@id\":\"https:\\\/\\\/purecosmetics-shop.com\\\/accueil\\\/produit\\\/retinol-bakuchiol-dual-cream\\\/\",\"url\":\"https:\\\/\\\/purecosmetics-shop.com\\\/accueil\\\/produit\\\/retinol-bakuchiol-dual-cream\\\/\",\"name\":\"RETINOL BAKUCHIOL DUAL CREAM - Pure Cosmetics\",\"isPartOf\":{\"@id\":\"https:\\\/\\\/purecosmetics-shop.com\\\/accueil\\\/#website\"},\"primaryImageOfPage\":{\"@id\":\"https:\\\/\\\/purecosmetics-shop.com\\\/accueil\\\/produit\\\/retinol-bakuchiol-dual-cream\\\/#primaryimage\"},\"image\":{\"@id\":\"https:\\\/\\\/purecosmetics-shop.com\\\/accueil\\\/produit\\\/retinol-bakuchiol-dual-cream\\\/#primaryimage\"},\"thumbnailUrl\":\"https:\\\/\\\/purecosmetics-shop.com\\\/wp-content\\\/uploads\\\/2026\\\/01\\\/SOMEBYMI_RETINOL_BAKUCHIOL_DUAL_CREAM.webp\",\"datePublished\":\"2026-01-12T17:09:52+00:00\",\"dateModified\":\"2026-04-16T01:40:29+00:00\",\"breadcrumb\":{\"@id\":\"https:\\\/\\\/purecosmetics-shop.com\\\/accueil\\\/produit\\\/retinol-bakuchiol-dual-cream\\\/#breadcrumb\"},\"inLanguage\":\"fr-FR\",\"potentialAction\":[{\"@type\":\"ReadAction\",\"target\":[\"https:\\\/\\\/purecosmetics-shop.com\\\/accueil\\\/produit\\\/retinol-bakuchiol-dual-cream\\\/\"]}]},{\"@type\":\"ImageObject\",\"inLanguage\":\"fr-FR\",\"@id\":\"https:\\\/\\\/purecosmetics-shop.com\\\/accueil\\\/produit\\\/retinol-bakuchiol-dual-cream\\\/#primaryimage\",\"url\":\"https:\\\/\\\/purecosmetics-shop.com\\\/wp-content\\\/uploads\\\/2026\\\/01\\\/SOMEBYMI_RETINOL_BAKUCHIOL_DUAL_CREAM.webp\",\"contentUrl\":\"https:\\\/\\\/purecosmetics-shop.com\\\/wp-content\\\/uploads\\\/2026\\\/01\\\/SOMEBYMI_RETINOL_BAKUCHIOL_DUAL_CREAM.webp\",\"width\":1500,\"height\":1500,\"caption\":\"RETINOL BAKUCHIOL DUAL CREAM\"},{\"@type\":\"BreadcrumbList\",\"@id\":\"https:\\\/\\\/purecosmetics-shop.com\\\/accueil\\\/produit\\\/retinol-bakuchiol-dual-cream\\\/#breadcrumb\",\"itemListElement\":[{\"@type\":\"ListItem\",\"position\":1,\"name\":\"Accueil\",\"item\":\"https:\\\/\\\/purecosmetics-shop.com\\\/accueil\\\/\"},{\"@type\":\"ListItem\",\"position\":2,\"name\":\"NOUVEAUT\u00c9S\",\"item\":\"https:\\\/\\\/purecosmetics-shop.com\\\/accueil\\\/nouveautes\\\/\"},{\"@type\":\"ListItem\",\"position\":3,\"name\":\"RETINOL BAKUCHIOL DUAL CREAM\"}]},{\"@type\":\"WebSite\",\"@id\":\"https:\\\/\\\/purecosmetics-shop.com\\\/accueil\\\/#website\",\"url\":\"https:\\\/\\\/purecosmetics-shop.com\\\/accueil\\\/\",\"name\":\"Pure Cosmetics\",\"description\":\"Skincare cor\u00e9enne et japonais\",\"publisher\":{\"@id\":\"https:\\\/\\\/purecosmetics-shop.com\\\/accueil\\\/#organization\"},\"potentialAction\":[{\"@type\":\"SearchAction\",\"target\":{\"@type\":\"EntryPoint\",\"urlTemplate\":\"https:\\\/\\\/purecosmetics-shop.com\\\/accueil\\\/?s={search_term_string}\"},\"query-input\":{\"@type\":\"PropertyValueSpecification\",\"valueRequired\":true,\"valueName\":\"search_term_string\"}}],\"inLanguage\":\"fr-FR\"},{\"@type\":\"Organization\",\"@id\":\"https:\\\/\\\/purecosmetics-shop.com\\\/accueil\\\/#organization\",\"name\":\"Pure Cosmetics\",\"url\":\"https:\\\/\\\/purecosmetics-shop.com\\\/accueil\\\/\",\"logo\":{\"@type\":\"ImageObject\",\"inLanguage\":\"fr-FR\",\"@id\":\"https:\\\/\\\/purecosmetics-shop.com\\\/accueil\\\/#\\\/schema\\\/logo\\\/image\\\/\",\"url\":\"https:\\\/\\\/purecosmetics-shop.com\\\/wp-content\\\/uploads\\\/2025\\\/04\\\/cropped-Pure-Cosmetics-black-2.png\",\"contentUrl\":\"https:\\\/\\\/purecosmetics-shop.com\\\/wp-content\\\/uploads\\\/2025\\\/04\\\/cropped-Pure-Cosmetics-black-2.png\",\"width\":2362,\"height\":2324,\"caption\":\"Pure Cosmetics\"},\"image\":{\"@id\":\"https:\\\/\\\/purecosmetics-shop.com\\\/accueil\\\/#\\\/schema\\\/logo\\\/image\\\/\"}}]}<\/script>\n<!-- \/ Yoast SEO plugin. -->","yoast_head_json":{"title":"RETINOL BAKUCHIOL DUAL CREAM - Pure Cosmetics","robots":{"index":"index","follow":"follow","max-snippet":"max-snippet:-1","max-image-preview":"max-image-preview:large","max-video-preview":"max-video-preview:-1"},"canonical":"https:\/\/purecosmetics-shop.com\/accueil\/produit\/retinol-bakuchiol-dual-cream\/","og_locale":"fr_FR","og_type":"article","og_title":"RETINOL BAKUCHIOL DUAL CREAM - Pure Cosmetics","og_description":"Cette double cr\u00e8me contribue \u00e0 am\u00e9liorer simultan\u00e9ment le grain de peau, son \u00e9lasticit\u00e9 et l'aspect des pores.  Enrichie en r\u00e9tinol et en bakuchiol, elle stimule la r\u00e9g\u00e9n\u00e9ration cutan\u00e9e pour un teint plus lisse et une peau plus ferme.  Elle hydrate, apaise les irritations et renforce la barri\u00e8re cutan\u00e9e gr\u00e2ce aux c\u00e9ramides, au squalane et au panth\u00e9nol.  Efficace pour r\u00e9duire l'apparence des pores dilat\u00e9s et am\u00e9liorer leur aspect.  Sa texture l\u00e9g\u00e8re p\u00e9n\u00e8tre rapidement sans laisser de film gras et illumine le teint.  Formule vegan et hypoallerg\u00e9nique.","og_url":"https:\/\/purecosmetics-shop.com\/accueil\/produit\/retinol-bakuchiol-dual-cream\/","og_site_name":"Pure Cosmetics","article_modified_time":"2026-04-16T01:40:29+00:00","og_image":[{"width":1500,"height":1500,"url":"https:\/\/purecosmetics-shop.com\/wp-content\/uploads\/2026\/01\/SOMEBYMI_RETINOL_BAKUCHIOL_DUAL_CREAM.webp","type":"image\/webp"}],"twitter_card":"summary_large_image","twitter_misc":{"Dur\u00e9e de lecture estim\u00e9e":"1 minute"},"schema":{"@context":"https:\/\/schema.org","@graph":[{"@type":"WebPage","@id":"https:\/\/purecosmetics-shop.com\/accueil\/produit\/retinol-bakuchiol-dual-cream\/","url":"https:\/\/purecosmetics-shop.com\/accueil\/produit\/retinol-bakuchiol-dual-cream\/","name":"RETINOL BAKUCHIOL DUAL CREAM - Pure Cosmetics","isPartOf":{"@id":"https:\/\/purecosmetics-shop.com\/accueil\/#website"},"primaryImageOfPage":{"@id":"https:\/\/purecosmetics-shop.com\/accueil\/produit\/retinol-bakuchiol-dual-cream\/#primaryimage"},"image":{"@id":"https:\/\/purecosmetics-shop.com\/accueil\/produit\/retinol-bakuchiol-dual-cream\/#primaryimage"},"thumbnailUrl":"https:\/\/purecosmetics-shop.com\/wp-content\/uploads\/2026\/01\/SOMEBYMI_RETINOL_BAKUCHIOL_DUAL_CREAM.webp","datePublished":"2026-01-12T17:09:52+00:00","dateModified":"2026-04-16T01:40:29+00:00","breadcrumb":{"@id":"https:\/\/purecosmetics-shop.com\/accueil\/produit\/retinol-bakuchiol-dual-cream\/#breadcrumb"},"inLanguage":"fr-FR","potentialAction":[{"@type":"ReadAction","target":["https:\/\/purecosmetics-shop.com\/accueil\/produit\/retinol-bakuchiol-dual-cream\/"]}]},{"@type":"ImageObject","inLanguage":"fr-FR","@id":"https:\/\/purecosmetics-shop.com\/accueil\/produit\/retinol-bakuchiol-dual-cream\/#primaryimage","url":"https:\/\/purecosmetics-shop.com\/wp-content\/uploads\/2026\/01\/SOMEBYMI_RETINOL_BAKUCHIOL_DUAL_CREAM.webp","contentUrl":"https:\/\/purecosmetics-shop.com\/wp-content\/uploads\/2026\/01\/SOMEBYMI_RETINOL_BAKUCHIOL_DUAL_CREAM.webp","width":1500,"height":1500,"caption":"RETINOL BAKUCHIOL DUAL CREAM"},{"@type":"BreadcrumbList","@id":"https:\/\/purecosmetics-shop.com\/accueil\/produit\/retinol-bakuchiol-dual-cream\/#breadcrumb","itemListElement":[{"@type":"ListItem","position":1,"name":"Accueil","item":"https:\/\/purecosmetics-shop.com\/accueil\/"},{"@type":"ListItem","position":2,"name":"NOUVEAUT\u00c9S","item":"https:\/\/purecosmetics-shop.com\/accueil\/nouveautes\/"},{"@type":"ListItem","position":3,"name":"RETINOL BAKUCHIOL DUAL CREAM"}]},{"@type":"WebSite","@id":"https:\/\/purecosmetics-shop.com\/accueil\/#website","url":"https:\/\/purecosmetics-shop.com\/accueil\/","name":"Pure Cosmetics","description":"Skincare cor\u00e9enne et japonais","publisher":{"@id":"https:\/\/purecosmetics-shop.com\/accueil\/#organization"},"potentialAction":[{"@type":"SearchAction","target":{"@type":"EntryPoint","urlTemplate":"https:\/\/purecosmetics-shop.com\/accueil\/?s={search_term_string}"},"query-input":{"@type":"PropertyValueSpecification","valueRequired":true,"valueName":"search_term_string"}}],"inLanguage":"fr-FR"},{"@type":"Organization","@id":"https:\/\/purecosmetics-shop.com\/accueil\/#organization","name":"Pure Cosmetics","url":"https:\/\/purecosmetics-shop.com\/accueil\/","logo":{"@type":"ImageObject","inLanguage":"fr-FR","@id":"https:\/\/purecosmetics-shop.com\/accueil\/#\/schema\/logo\/image\/","url":"https:\/\/purecosmetics-shop.com\/wp-content\/uploads\/2025\/04\/cropped-Pure-Cosmetics-black-2.png","contentUrl":"https:\/\/purecosmetics-shop.com\/wp-content\/uploads\/2025\/04\/cropped-Pure-Cosmetics-black-2.png","width":2362,"height":2324,"caption":"Pure Cosmetics"},"image":{"@id":"https:\/\/purecosmetics-shop.com\/accueil\/#\/schema\/logo\/image\/"}}]}},"jetpack_sharing_enabled":true,"_links":{"self":[{"href":"https:\/\/purecosmetics-shop.com\/accueil\/wp-json\/wp\/v2\/product\/4889","targetHints":{"allow":["GET"]}}],"collection":[{"href":"https:\/\/purecosmetics-shop.com\/accueil\/wp-json\/wp\/v2\/product"}],"about":[{"href":"https:\/\/purecosmetics-shop.com\/accueil\/wp-json\/wp\/v2\/types\/product"}],"replies":[{"embeddable":true,"href":"https:\/\/purecosmetics-shop.com\/accueil\/wp-json\/wp\/v2\/comments?post=4889"}],"version-history":[{"count":1,"href":"https:\/\/purecosmetics-shop.com\/accueil\/wp-json\/wp\/v2\/product\/4889\/revisions"}],"predecessor-version":[{"id":4896,"href":"https:\/\/purecosmetics-shop.com\/accueil\/wp-json\/wp\/v2\/product\/4889\/revisions\/4896"}],"wp:featuredmedia":[{"embeddable":true,"href":"https:\/\/purecosmetics-shop.com\/accueil\/wp-json\/wp\/v2\/media\/4895"}],"wp:attachment":[{"href":"https:\/\/purecosmetics-shop.com\/accueil\/wp-json\/wp\/v2\/media?parent=4889"}],"wp:term":[{"taxonomy":"product_brand","embeddable":true,"href":"https:\/\/purecosmetics-shop.com\/accueil\/wp-json\/wp\/v2\/product_brand?post=4889"},{"taxonomy":"product_cat","embeddable":true,"href":"https:\/\/purecosmetics-shop.com\/accueil\/wp-json\/wp\/v2\/product_cat?post=4889"},{"taxonomy":"product_tag","embeddable":true,"href":"https:\/\/purecosmetics-shop.com\/accueil\/wp-json\/wp\/v2\/product_tag?post=4889"}],"curies":[{"name":"wp","href":"https:\/\/api.w.org\/{rel}","templated":true}]}}