{"id":4875,"date":"2026-01-10T11:35:58","date_gmt":"2026-01-10T15:35:58","guid":{"rendered":"https:\/\/purecosmetics-shop.com\/accueil\/?post_type=product&#038;p=4875"},"modified":"2026-04-16T06:23:12","modified_gmt":"2026-04-16T10:23:12","slug":"pdrn-retinal-eye-patch-glow-jelly","status":"publish","type":"product","link":"https:\/\/purecosmetics-shop.com\/accueil\/produit\/pdrn-retinal-eye-patch-glow-jelly\/","title":{"rendered":"PDRN RETINAL EYE PATCH GLOW JELLY"},"content":{"rendered":"<p>Mode d&#8217;emploi : Appliquez le patch pour les yeux sous vos yeux et laissez-le agir pendant 10-15 minutes.<\/p>\n","protected":false},"excerpt":{"rendered":"<p>Patch hydrogel pour les yeux pour combattre les cernes et les yeux fatigu\u00e9s.<\/p>\n<p>Concentr\u00e9s en ingr\u00e9dients anti-\u00e2ge et revitalisants comme le r\u00e9tinal, le collag\u00e8ne pour am\u00e9liorer l&rsquo;\u00e9lasticit\u00e9, le PDRN \u00e0 faible poids mol\u00e9culaire pour acc\u00e9l\u00e9rer le renouvellement cutan\u00e9 et stimuler la production de collag\u00e8ne, et la caf\u00e9ine pour r\u00e9duire les gonflements.<\/p>\n<p>Ils sont infus\u00e9s d&rsquo;extraits de centella et feuille de gingko biloba aux bienfaits apaisants.<\/p>\n<p>Le design double face pr\u00e9sente une face emboss\u00e9e assurant une adh\u00e9rence optimale sur le contour des yeux.<\/p>\n","protected":false},"featured_media":4882,"comment_status":"open","ping_status":"closed","template":"","meta":[],"product_brand":[174],"product_cat":[107,111,22],"product_tag":[],"class_list":{"0":"post-4875","1":"product","2":"type-product","3":"status-publish","4":"has-post-thumbnail","6":"product_brand-abib","7":"product_cat-anti-age-et-elasticite","8":"product_cat-cernes-et-poches","9":"product_cat-yeux","11":"first","12":"instock","13":"shipping-taxable","14":"purchasable","15":"product-type-simple"},"yoast_head":"<!-- This site is optimized with the Yoast SEO plugin v27.4 - https:\/\/yoast.com\/product\/yoast-seo-wordpress\/ -->\n<title>PDRN RETINAL EYE PATCH GLOW JELLY - Pure Cosmetics<\/title>\n<meta name=\"robots\" content=\"index, follow, max-snippet:-1, max-image-preview:large, max-video-preview:-1\" \/>\n<link rel=\"canonical\" href=\"https:\/\/purecosmetics-shop.com\/accueil\/produit\/pdrn-retinal-eye-patch-glow-jelly\/\" \/>\n<meta property=\"og:locale\" content=\"fr_FR\" \/>\n<meta property=\"og:type\" content=\"article\" \/>\n<meta property=\"og:title\" content=\"PDRN RETINAL EYE PATCH GLOW JELLY - Pure Cosmetics\" \/>\n<meta property=\"og:description\" content=\"Patch hydrogel pour les yeux pour combattre les cernes et les yeux fatigu\u00e9s.  Concentr\u00e9s en ingr\u00e9dients anti-\u00e2ge et revitalisants comme le r\u00e9tinal, le collag\u00e8ne pour am\u00e9liorer l&#039;\u00e9lasticit\u00e9, le PDRN \u00e0 faible poids mol\u00e9culaire pour acc\u00e9l\u00e9rer le renouvellement cutan\u00e9 et stimuler la production de collag\u00e8ne, et la caf\u00e9ine pour r\u00e9duire les gonflements.  Ils sont infus\u00e9s d&#039;extraits de centella et feuille de gingko biloba aux bienfaits apaisants.  Le design double face pr\u00e9sente une face emboss\u00e9e assurant une adh\u00e9rence optimale sur le contour des yeux.\" \/>\n<meta property=\"og:url\" content=\"https:\/\/purecosmetics-shop.com\/accueil\/produit\/pdrn-retinal-eye-patch-glow-jelly\/\" \/>\n<meta property=\"og:site_name\" content=\"Pure Cosmetics\" \/>\n<meta property=\"article:modified_time\" content=\"2026-04-16T10:23:12+00:00\" \/>\n<meta property=\"og:image\" content=\"https:\/\/purecosmetics-shop.com\/wp-content\/uploads\/2026\/01\/ABIB_PDRN_RETINAL_EYE_PATCH_GLOW_JELLY.webp\" \/>\n\t<meta property=\"og:image:width\" content=\"640\" \/>\n\t<meta property=\"og:image:height\" content=\"640\" \/>\n\t<meta property=\"og:image:type\" content=\"image\/webp\" \/>\n<meta name=\"twitter:card\" content=\"summary_large_image\" \/>\n<meta name=\"twitter:label1\" content=\"Dur\u00e9e de lecture estim\u00e9e\" \/>\n\t<meta name=\"twitter:data1\" content=\"1 minute\" \/>\n<script type=\"application\/ld+json\" class=\"yoast-schema-graph\">{\"@context\":\"https:\\\/\\\/schema.org\",\"@graph\":[{\"@type\":\"WebPage\",\"@id\":\"https:\\\/\\\/purecosmetics-shop.com\\\/accueil\\\/produit\\\/pdrn-retinal-eye-patch-glow-jelly\\\/\",\"url\":\"https:\\\/\\\/purecosmetics-shop.com\\\/accueil\\\/produit\\\/pdrn-retinal-eye-patch-glow-jelly\\\/\",\"name\":\"PDRN RETINAL EYE PATCH GLOW JELLY - Pure Cosmetics\",\"isPartOf\":{\"@id\":\"https:\\\/\\\/purecosmetics-shop.com\\\/accueil\\\/#website\"},\"primaryImageOfPage\":{\"@id\":\"https:\\\/\\\/purecosmetics-shop.com\\\/accueil\\\/produit\\\/pdrn-retinal-eye-patch-glow-jelly\\\/#primaryimage\"},\"image\":{\"@id\":\"https:\\\/\\\/purecosmetics-shop.com\\\/accueil\\\/produit\\\/pdrn-retinal-eye-patch-glow-jelly\\\/#primaryimage\"},\"thumbnailUrl\":\"https:\\\/\\\/purecosmetics-shop.com\\\/wp-content\\\/uploads\\\/2026\\\/01\\\/ABIB_PDRN_RETINAL_EYE_PATCH_GLOW_JELLY.webp\",\"datePublished\":\"2026-01-10T15:35:58+00:00\",\"dateModified\":\"2026-04-16T10:23:12+00:00\",\"breadcrumb\":{\"@id\":\"https:\\\/\\\/purecosmetics-shop.com\\\/accueil\\\/produit\\\/pdrn-retinal-eye-patch-glow-jelly\\\/#breadcrumb\"},\"inLanguage\":\"fr-FR\",\"potentialAction\":[{\"@type\":\"ReadAction\",\"target\":[\"https:\\\/\\\/purecosmetics-shop.com\\\/accueil\\\/produit\\\/pdrn-retinal-eye-patch-glow-jelly\\\/\"]}]},{\"@type\":\"ImageObject\",\"inLanguage\":\"fr-FR\",\"@id\":\"https:\\\/\\\/purecosmetics-shop.com\\\/accueil\\\/produit\\\/pdrn-retinal-eye-patch-glow-jelly\\\/#primaryimage\",\"url\":\"https:\\\/\\\/purecosmetics-shop.com\\\/wp-content\\\/uploads\\\/2026\\\/01\\\/ABIB_PDRN_RETINAL_EYE_PATCH_GLOW_JELLY.webp\",\"contentUrl\":\"https:\\\/\\\/purecosmetics-shop.com\\\/wp-content\\\/uploads\\\/2026\\\/01\\\/ABIB_PDRN_RETINAL_EYE_PATCH_GLOW_JELLY.webp\",\"width\":640,\"height\":640,\"caption\":\"PDRN RETINAL EYE PATCH GLOW JELLY\"},{\"@type\":\"BreadcrumbList\",\"@id\":\"https:\\\/\\\/purecosmetics-shop.com\\\/accueil\\\/produit\\\/pdrn-retinal-eye-patch-glow-jelly\\\/#breadcrumb\",\"itemListElement\":[{\"@type\":\"ListItem\",\"position\":1,\"name\":\"Accueil\",\"item\":\"https:\\\/\\\/purecosmetics-shop.com\\\/accueil\\\/\"},{\"@type\":\"ListItem\",\"position\":2,\"name\":\"NOUVEAUT\u00c9S\",\"item\":\"https:\\\/\\\/purecosmetics-shop.com\\\/accueil\\\/nouveautes\\\/\"},{\"@type\":\"ListItem\",\"position\":3,\"name\":\"PDRN RETINAL EYE PATCH GLOW JELLY\"}]},{\"@type\":\"WebSite\",\"@id\":\"https:\\\/\\\/purecosmetics-shop.com\\\/accueil\\\/#website\",\"url\":\"https:\\\/\\\/purecosmetics-shop.com\\\/accueil\\\/\",\"name\":\"Pure Cosmetics\",\"description\":\"Skincare cor\u00e9enne et japonais\",\"publisher\":{\"@id\":\"https:\\\/\\\/purecosmetics-shop.com\\\/accueil\\\/#organization\"},\"potentialAction\":[{\"@type\":\"SearchAction\",\"target\":{\"@type\":\"EntryPoint\",\"urlTemplate\":\"https:\\\/\\\/purecosmetics-shop.com\\\/accueil\\\/?s={search_term_string}\"},\"query-input\":{\"@type\":\"PropertyValueSpecification\",\"valueRequired\":true,\"valueName\":\"search_term_string\"}}],\"inLanguage\":\"fr-FR\"},{\"@type\":\"Organization\",\"@id\":\"https:\\\/\\\/purecosmetics-shop.com\\\/accueil\\\/#organization\",\"name\":\"Pure Cosmetics\",\"url\":\"https:\\\/\\\/purecosmetics-shop.com\\\/accueil\\\/\",\"logo\":{\"@type\":\"ImageObject\",\"inLanguage\":\"fr-FR\",\"@id\":\"https:\\\/\\\/purecosmetics-shop.com\\\/accueil\\\/#\\\/schema\\\/logo\\\/image\\\/\",\"url\":\"https:\\\/\\\/purecosmetics-shop.com\\\/wp-content\\\/uploads\\\/2025\\\/04\\\/cropped-Pure-Cosmetics-black-2.png\",\"contentUrl\":\"https:\\\/\\\/purecosmetics-shop.com\\\/wp-content\\\/uploads\\\/2025\\\/04\\\/cropped-Pure-Cosmetics-black-2.png\",\"width\":2362,\"height\":2324,\"caption\":\"Pure Cosmetics\"},\"image\":{\"@id\":\"https:\\\/\\\/purecosmetics-shop.com\\\/accueil\\\/#\\\/schema\\\/logo\\\/image\\\/\"}}]}<\/script>\n<!-- \/ Yoast SEO plugin. -->","yoast_head_json":{"title":"PDRN RETINAL EYE PATCH GLOW JELLY - Pure Cosmetics","robots":{"index":"index","follow":"follow","max-snippet":"max-snippet:-1","max-image-preview":"max-image-preview:large","max-video-preview":"max-video-preview:-1"},"canonical":"https:\/\/purecosmetics-shop.com\/accueil\/produit\/pdrn-retinal-eye-patch-glow-jelly\/","og_locale":"fr_FR","og_type":"article","og_title":"PDRN RETINAL EYE PATCH GLOW JELLY - Pure Cosmetics","og_description":"Patch hydrogel pour les yeux pour combattre les cernes et les yeux fatigu\u00e9s.  Concentr\u00e9s en ingr\u00e9dients anti-\u00e2ge et revitalisants comme le r\u00e9tinal, le collag\u00e8ne pour am\u00e9liorer l'\u00e9lasticit\u00e9, le PDRN \u00e0 faible poids mol\u00e9culaire pour acc\u00e9l\u00e9rer le renouvellement cutan\u00e9 et stimuler la production de collag\u00e8ne, et la caf\u00e9ine pour r\u00e9duire les gonflements.  Ils sont infus\u00e9s d'extraits de centella et feuille de gingko biloba aux bienfaits apaisants.  Le design double face pr\u00e9sente une face emboss\u00e9e assurant une adh\u00e9rence optimale sur le contour des yeux.","og_url":"https:\/\/purecosmetics-shop.com\/accueil\/produit\/pdrn-retinal-eye-patch-glow-jelly\/","og_site_name":"Pure Cosmetics","article_modified_time":"2026-04-16T10:23:12+00:00","og_image":[{"width":640,"height":640,"url":"https:\/\/purecosmetics-shop.com\/wp-content\/uploads\/2026\/01\/ABIB_PDRN_RETINAL_EYE_PATCH_GLOW_JELLY.webp","type":"image\/webp"}],"twitter_card":"summary_large_image","twitter_misc":{"Dur\u00e9e de lecture estim\u00e9e":"1 minute"},"schema":{"@context":"https:\/\/schema.org","@graph":[{"@type":"WebPage","@id":"https:\/\/purecosmetics-shop.com\/accueil\/produit\/pdrn-retinal-eye-patch-glow-jelly\/","url":"https:\/\/purecosmetics-shop.com\/accueil\/produit\/pdrn-retinal-eye-patch-glow-jelly\/","name":"PDRN RETINAL EYE PATCH GLOW JELLY - Pure Cosmetics","isPartOf":{"@id":"https:\/\/purecosmetics-shop.com\/accueil\/#website"},"primaryImageOfPage":{"@id":"https:\/\/purecosmetics-shop.com\/accueil\/produit\/pdrn-retinal-eye-patch-glow-jelly\/#primaryimage"},"image":{"@id":"https:\/\/purecosmetics-shop.com\/accueil\/produit\/pdrn-retinal-eye-patch-glow-jelly\/#primaryimage"},"thumbnailUrl":"https:\/\/purecosmetics-shop.com\/wp-content\/uploads\/2026\/01\/ABIB_PDRN_RETINAL_EYE_PATCH_GLOW_JELLY.webp","datePublished":"2026-01-10T15:35:58+00:00","dateModified":"2026-04-16T10:23:12+00:00","breadcrumb":{"@id":"https:\/\/purecosmetics-shop.com\/accueil\/produit\/pdrn-retinal-eye-patch-glow-jelly\/#breadcrumb"},"inLanguage":"fr-FR","potentialAction":[{"@type":"ReadAction","target":["https:\/\/purecosmetics-shop.com\/accueil\/produit\/pdrn-retinal-eye-patch-glow-jelly\/"]}]},{"@type":"ImageObject","inLanguage":"fr-FR","@id":"https:\/\/purecosmetics-shop.com\/accueil\/produit\/pdrn-retinal-eye-patch-glow-jelly\/#primaryimage","url":"https:\/\/purecosmetics-shop.com\/wp-content\/uploads\/2026\/01\/ABIB_PDRN_RETINAL_EYE_PATCH_GLOW_JELLY.webp","contentUrl":"https:\/\/purecosmetics-shop.com\/wp-content\/uploads\/2026\/01\/ABIB_PDRN_RETINAL_EYE_PATCH_GLOW_JELLY.webp","width":640,"height":640,"caption":"PDRN RETINAL EYE PATCH GLOW JELLY"},{"@type":"BreadcrumbList","@id":"https:\/\/purecosmetics-shop.com\/accueil\/produit\/pdrn-retinal-eye-patch-glow-jelly\/#breadcrumb","itemListElement":[{"@type":"ListItem","position":1,"name":"Accueil","item":"https:\/\/purecosmetics-shop.com\/accueil\/"},{"@type":"ListItem","position":2,"name":"NOUVEAUT\u00c9S","item":"https:\/\/purecosmetics-shop.com\/accueil\/nouveautes\/"},{"@type":"ListItem","position":3,"name":"PDRN RETINAL EYE PATCH GLOW JELLY"}]},{"@type":"WebSite","@id":"https:\/\/purecosmetics-shop.com\/accueil\/#website","url":"https:\/\/purecosmetics-shop.com\/accueil\/","name":"Pure Cosmetics","description":"Skincare cor\u00e9enne et japonais","publisher":{"@id":"https:\/\/purecosmetics-shop.com\/accueil\/#organization"},"potentialAction":[{"@type":"SearchAction","target":{"@type":"EntryPoint","urlTemplate":"https:\/\/purecosmetics-shop.com\/accueil\/?s={search_term_string}"},"query-input":{"@type":"PropertyValueSpecification","valueRequired":true,"valueName":"search_term_string"}}],"inLanguage":"fr-FR"},{"@type":"Organization","@id":"https:\/\/purecosmetics-shop.com\/accueil\/#organization","name":"Pure Cosmetics","url":"https:\/\/purecosmetics-shop.com\/accueil\/","logo":{"@type":"ImageObject","inLanguage":"fr-FR","@id":"https:\/\/purecosmetics-shop.com\/accueil\/#\/schema\/logo\/image\/","url":"https:\/\/purecosmetics-shop.com\/wp-content\/uploads\/2025\/04\/cropped-Pure-Cosmetics-black-2.png","contentUrl":"https:\/\/purecosmetics-shop.com\/wp-content\/uploads\/2025\/04\/cropped-Pure-Cosmetics-black-2.png","width":2362,"height":2324,"caption":"Pure Cosmetics"},"image":{"@id":"https:\/\/purecosmetics-shop.com\/accueil\/#\/schema\/logo\/image\/"}}]}},"jetpack_sharing_enabled":true,"_links":{"self":[{"href":"https:\/\/purecosmetics-shop.com\/accueil\/wp-json\/wp\/v2\/product\/4875","targetHints":{"allow":["GET"]}}],"collection":[{"href":"https:\/\/purecosmetics-shop.com\/accueil\/wp-json\/wp\/v2\/product"}],"about":[{"href":"https:\/\/purecosmetics-shop.com\/accueil\/wp-json\/wp\/v2\/types\/product"}],"replies":[{"embeddable":true,"href":"https:\/\/purecosmetics-shop.com\/accueil\/wp-json\/wp\/v2\/comments?post=4875"}],"version-history":[{"count":1,"href":"https:\/\/purecosmetics-shop.com\/accueil\/wp-json\/wp\/v2\/product\/4875\/revisions"}],"predecessor-version":[{"id":4883,"href":"https:\/\/purecosmetics-shop.com\/accueil\/wp-json\/wp\/v2\/product\/4875\/revisions\/4883"}],"wp:featuredmedia":[{"embeddable":true,"href":"https:\/\/purecosmetics-shop.com\/accueil\/wp-json\/wp\/v2\/media\/4882"}],"wp:attachment":[{"href":"https:\/\/purecosmetics-shop.com\/accueil\/wp-json\/wp\/v2\/media?parent=4875"}],"wp:term":[{"taxonomy":"product_brand","embeddable":true,"href":"https:\/\/purecosmetics-shop.com\/accueil\/wp-json\/wp\/v2\/product_brand?post=4875"},{"taxonomy":"product_cat","embeddable":true,"href":"https:\/\/purecosmetics-shop.com\/accueil\/wp-json\/wp\/v2\/product_cat?post=4875"},{"taxonomy":"product_tag","embeddable":true,"href":"https:\/\/purecosmetics-shop.com\/accueil\/wp-json\/wp\/v2\/product_tag?post=4875"}],"curies":[{"name":"wp","href":"https:\/\/api.w.org\/{rel}","templated":true}]}}