{"id":4858,"date":"2026-01-09T17:04:07","date_gmt":"2026-01-09T21:04:07","guid":{"rendered":"https:\/\/purecosmetics-shop.com\/accueil\/?post_type=product&#038;p=4858"},"modified":"2026-04-15T23:29:14","modified_gmt":"2026-04-16T03:29:14","slug":"age-r-glutathione-glow-capsule-cream","status":"publish","type":"product","link":"https:\/\/purecosmetics-shop.com\/accueil\/produit\/age-r-glutathione-glow-capsule-cream\/","title":{"rendered":"AGE-R GLUTATHIONE GLOW CAPSULE CREAM"},"content":{"rendered":"<p>Mode d&#8217;emploi : Masser doucement une dose mod\u00e9r\u00e9e sur le visage en terminant votre routine de soin, puis tapoter d\u00e9licatement pour favoriser l&rsquo;absorption.<\/p>\n","protected":false},"excerpt":{"rendered":"<p>Cr\u00e8me hydratante \u00e0 capsules et \u00e9clat Age-R, une v\u00e9ritable innovation pour une peau lumineuse et rajeunie.<\/p>\n<p>Enrichie en glutathion pur \u00e0 99,4 %, elle apporte un \u00e9clat instantan\u00e9 tout en redonnant du volume \u00e0 votre peau. D\u00e8s la premi\u00e8re application, les ridules et le contour du cou sont visiblement liss\u00e9s.<\/p>\n<p>Gr\u00e2ce aux peptides et c\u00e9ramides hydratantes, cette cr\u00e8me procure une\u00a0hydratation intense et un effet tenseur durable.<\/p>\n","protected":false},"featured_media":4866,"comment_status":"open","ping_status":"closed","template":"","meta":[],"product_brand":[170],"product_cat":[110,25,116,117,118],"product_tag":[],"class_list":{"0":"post-4858","1":"product","2":"type-product","3":"status-publish","4":"has-post-thumbnail","6":"product_brand-medicube","7":"product_cat-anti-tache-et-hyperpigmentation","8":"product_cat-creme-visage","9":"product_cat-peau-mixte","10":"product_cat-peau-normale","11":"product_cat-peau-seche","13":"first","14":"instock","15":"shipping-taxable","16":"purchasable","17":"product-type-simple"},"yoast_head":"<!-- This site is optimized with the Yoast SEO plugin v27.4 - https:\/\/yoast.com\/product\/yoast-seo-wordpress\/ -->\n<title>AGE-R GLUTATHIONE GLOW CAPSULE CREAM - Pure Cosmetics<\/title>\n<meta name=\"robots\" content=\"index, follow, max-snippet:-1, max-image-preview:large, max-video-preview:-1\" \/>\n<link rel=\"canonical\" href=\"https:\/\/purecosmetics-shop.com\/accueil\/produit\/age-r-glutathione-glow-capsule-cream\/\" \/>\n<meta property=\"og:locale\" content=\"fr_FR\" \/>\n<meta property=\"og:type\" content=\"article\" \/>\n<meta property=\"og:title\" content=\"AGE-R GLUTATHIONE GLOW CAPSULE CREAM - Pure Cosmetics\" \/>\n<meta property=\"og:description\" content=\"Cr\u00e8me hydratante \u00e0 capsules et \u00e9clat Age-R, une v\u00e9ritable innovation pour une peau lumineuse et rajeunie.  Enrichie en glutathion pur \u00e0 99,4 %, elle apporte un \u00e9clat instantan\u00e9 tout en redonnant du volume \u00e0 votre peau. D\u00e8s la premi\u00e8re application, les ridules et le contour du cou sont visiblement liss\u00e9s.  Gr\u00e2ce aux peptides et c\u00e9ramides hydratantes, cette cr\u00e8me procure une\u00a0hydratation intense et un effet tenseur durable.\" \/>\n<meta property=\"og:url\" content=\"https:\/\/purecosmetics-shop.com\/accueil\/produit\/age-r-glutathione-glow-capsule-cream\/\" \/>\n<meta property=\"og:site_name\" content=\"Pure Cosmetics\" \/>\n<meta property=\"article:modified_time\" content=\"2026-04-16T03:29:14+00:00\" \/>\n<meta property=\"og:image\" content=\"https:\/\/purecosmetics-shop.com\/wp-content\/uploads\/2026\/01\/MEDICUBE_AGE-R_GLUTATHIONE_GLOW_CAPSULE_CREAM.webp\" \/>\n\t<meta property=\"og:image:width\" content=\"640\" \/>\n\t<meta property=\"og:image:height\" content=\"640\" \/>\n\t<meta property=\"og:image:type\" content=\"image\/webp\" \/>\n<meta name=\"twitter:card\" content=\"summary_large_image\" \/>\n<meta name=\"twitter:label1\" content=\"Dur\u00e9e de lecture estim\u00e9e\" \/>\n\t<meta name=\"twitter:data1\" content=\"1 minute\" \/>\n<script type=\"application\/ld+json\" class=\"yoast-schema-graph\">{\"@context\":\"https:\\\/\\\/schema.org\",\"@graph\":[{\"@type\":\"WebPage\",\"@id\":\"https:\\\/\\\/purecosmetics-shop.com\\\/accueil\\\/produit\\\/age-r-glutathione-glow-capsule-cream\\\/\",\"url\":\"https:\\\/\\\/purecosmetics-shop.com\\\/accueil\\\/produit\\\/age-r-glutathione-glow-capsule-cream\\\/\",\"name\":\"AGE-R GLUTATHIONE GLOW CAPSULE CREAM - Pure Cosmetics\",\"isPartOf\":{\"@id\":\"https:\\\/\\\/purecosmetics-shop.com\\\/accueil\\\/#website\"},\"primaryImageOfPage\":{\"@id\":\"https:\\\/\\\/purecosmetics-shop.com\\\/accueil\\\/produit\\\/age-r-glutathione-glow-capsule-cream\\\/#primaryimage\"},\"image\":{\"@id\":\"https:\\\/\\\/purecosmetics-shop.com\\\/accueil\\\/produit\\\/age-r-glutathione-glow-capsule-cream\\\/#primaryimage\"},\"thumbnailUrl\":\"https:\\\/\\\/purecosmetics-shop.com\\\/wp-content\\\/uploads\\\/2026\\\/01\\\/MEDICUBE_AGE-R_GLUTATHIONE_GLOW_CAPSULE_CREAM.webp\",\"datePublished\":\"2026-01-09T21:04:07+00:00\",\"dateModified\":\"2026-04-16T03:29:14+00:00\",\"breadcrumb\":{\"@id\":\"https:\\\/\\\/purecosmetics-shop.com\\\/accueil\\\/produit\\\/age-r-glutathione-glow-capsule-cream\\\/#breadcrumb\"},\"inLanguage\":\"fr-FR\",\"potentialAction\":[{\"@type\":\"ReadAction\",\"target\":[\"https:\\\/\\\/purecosmetics-shop.com\\\/accueil\\\/produit\\\/age-r-glutathione-glow-capsule-cream\\\/\"]}]},{\"@type\":\"ImageObject\",\"inLanguage\":\"fr-FR\",\"@id\":\"https:\\\/\\\/purecosmetics-shop.com\\\/accueil\\\/produit\\\/age-r-glutathione-glow-capsule-cream\\\/#primaryimage\",\"url\":\"https:\\\/\\\/purecosmetics-shop.com\\\/wp-content\\\/uploads\\\/2026\\\/01\\\/MEDICUBE_AGE-R_GLUTATHIONE_GLOW_CAPSULE_CREAM.webp\",\"contentUrl\":\"https:\\\/\\\/purecosmetics-shop.com\\\/wp-content\\\/uploads\\\/2026\\\/01\\\/MEDICUBE_AGE-R_GLUTATHIONE_GLOW_CAPSULE_CREAM.webp\",\"width\":640,\"height\":640,\"caption\":\"MEDICUBE AGE-R GLUTATHIONE GLOW CAPSULE CREAM\"},{\"@type\":\"BreadcrumbList\",\"@id\":\"https:\\\/\\\/purecosmetics-shop.com\\\/accueil\\\/produit\\\/age-r-glutathione-glow-capsule-cream\\\/#breadcrumb\",\"itemListElement\":[{\"@type\":\"ListItem\",\"position\":1,\"name\":\"Accueil\",\"item\":\"https:\\\/\\\/purecosmetics-shop.com\\\/accueil\\\/\"},{\"@type\":\"ListItem\",\"position\":2,\"name\":\"NOUVEAUT\u00c9S\",\"item\":\"https:\\\/\\\/purecosmetics-shop.com\\\/accueil\\\/nouveautes\\\/\"},{\"@type\":\"ListItem\",\"position\":3,\"name\":\"AGE-R GLUTATHIONE GLOW CAPSULE CREAM\"}]},{\"@type\":\"WebSite\",\"@id\":\"https:\\\/\\\/purecosmetics-shop.com\\\/accueil\\\/#website\",\"url\":\"https:\\\/\\\/purecosmetics-shop.com\\\/accueil\\\/\",\"name\":\"Pure Cosmetics\",\"description\":\"Skincare cor\u00e9enne et japonais\",\"publisher\":{\"@id\":\"https:\\\/\\\/purecosmetics-shop.com\\\/accueil\\\/#organization\"},\"potentialAction\":[{\"@type\":\"SearchAction\",\"target\":{\"@type\":\"EntryPoint\",\"urlTemplate\":\"https:\\\/\\\/purecosmetics-shop.com\\\/accueil\\\/?s={search_term_string}\"},\"query-input\":{\"@type\":\"PropertyValueSpecification\",\"valueRequired\":true,\"valueName\":\"search_term_string\"}}],\"inLanguage\":\"fr-FR\"},{\"@type\":\"Organization\",\"@id\":\"https:\\\/\\\/purecosmetics-shop.com\\\/accueil\\\/#organization\",\"name\":\"Pure Cosmetics\",\"url\":\"https:\\\/\\\/purecosmetics-shop.com\\\/accueil\\\/\",\"logo\":{\"@type\":\"ImageObject\",\"inLanguage\":\"fr-FR\",\"@id\":\"https:\\\/\\\/purecosmetics-shop.com\\\/accueil\\\/#\\\/schema\\\/logo\\\/image\\\/\",\"url\":\"https:\\\/\\\/purecosmetics-shop.com\\\/wp-content\\\/uploads\\\/2025\\\/04\\\/cropped-Pure-Cosmetics-black-2.png\",\"contentUrl\":\"https:\\\/\\\/purecosmetics-shop.com\\\/wp-content\\\/uploads\\\/2025\\\/04\\\/cropped-Pure-Cosmetics-black-2.png\",\"width\":2362,\"height\":2324,\"caption\":\"Pure Cosmetics\"},\"image\":{\"@id\":\"https:\\\/\\\/purecosmetics-shop.com\\\/accueil\\\/#\\\/schema\\\/logo\\\/image\\\/\"}}]}<\/script>\n<!-- \/ Yoast SEO plugin. -->","yoast_head_json":{"title":"AGE-R GLUTATHIONE GLOW CAPSULE CREAM - Pure Cosmetics","robots":{"index":"index","follow":"follow","max-snippet":"max-snippet:-1","max-image-preview":"max-image-preview:large","max-video-preview":"max-video-preview:-1"},"canonical":"https:\/\/purecosmetics-shop.com\/accueil\/produit\/age-r-glutathione-glow-capsule-cream\/","og_locale":"fr_FR","og_type":"article","og_title":"AGE-R GLUTATHIONE GLOW CAPSULE CREAM - Pure Cosmetics","og_description":"Cr\u00e8me hydratante \u00e0 capsules et \u00e9clat Age-R, une v\u00e9ritable innovation pour une peau lumineuse et rajeunie.  Enrichie en glutathion pur \u00e0 99,4 %, elle apporte un \u00e9clat instantan\u00e9 tout en redonnant du volume \u00e0 votre peau. D\u00e8s la premi\u00e8re application, les ridules et le contour du cou sont visiblement liss\u00e9s.  Gr\u00e2ce aux peptides et c\u00e9ramides hydratantes, cette cr\u00e8me procure une\u00a0hydratation intense et un effet tenseur durable.","og_url":"https:\/\/purecosmetics-shop.com\/accueil\/produit\/age-r-glutathione-glow-capsule-cream\/","og_site_name":"Pure Cosmetics","article_modified_time":"2026-04-16T03:29:14+00:00","og_image":[{"width":640,"height":640,"url":"https:\/\/purecosmetics-shop.com\/wp-content\/uploads\/2026\/01\/MEDICUBE_AGE-R_GLUTATHIONE_GLOW_CAPSULE_CREAM.webp","type":"image\/webp"}],"twitter_card":"summary_large_image","twitter_misc":{"Dur\u00e9e de lecture estim\u00e9e":"1 minute"},"schema":{"@context":"https:\/\/schema.org","@graph":[{"@type":"WebPage","@id":"https:\/\/purecosmetics-shop.com\/accueil\/produit\/age-r-glutathione-glow-capsule-cream\/","url":"https:\/\/purecosmetics-shop.com\/accueil\/produit\/age-r-glutathione-glow-capsule-cream\/","name":"AGE-R GLUTATHIONE GLOW CAPSULE CREAM - Pure Cosmetics","isPartOf":{"@id":"https:\/\/purecosmetics-shop.com\/accueil\/#website"},"primaryImageOfPage":{"@id":"https:\/\/purecosmetics-shop.com\/accueil\/produit\/age-r-glutathione-glow-capsule-cream\/#primaryimage"},"image":{"@id":"https:\/\/purecosmetics-shop.com\/accueil\/produit\/age-r-glutathione-glow-capsule-cream\/#primaryimage"},"thumbnailUrl":"https:\/\/purecosmetics-shop.com\/wp-content\/uploads\/2026\/01\/MEDICUBE_AGE-R_GLUTATHIONE_GLOW_CAPSULE_CREAM.webp","datePublished":"2026-01-09T21:04:07+00:00","dateModified":"2026-04-16T03:29:14+00:00","breadcrumb":{"@id":"https:\/\/purecosmetics-shop.com\/accueil\/produit\/age-r-glutathione-glow-capsule-cream\/#breadcrumb"},"inLanguage":"fr-FR","potentialAction":[{"@type":"ReadAction","target":["https:\/\/purecosmetics-shop.com\/accueil\/produit\/age-r-glutathione-glow-capsule-cream\/"]}]},{"@type":"ImageObject","inLanguage":"fr-FR","@id":"https:\/\/purecosmetics-shop.com\/accueil\/produit\/age-r-glutathione-glow-capsule-cream\/#primaryimage","url":"https:\/\/purecosmetics-shop.com\/wp-content\/uploads\/2026\/01\/MEDICUBE_AGE-R_GLUTATHIONE_GLOW_CAPSULE_CREAM.webp","contentUrl":"https:\/\/purecosmetics-shop.com\/wp-content\/uploads\/2026\/01\/MEDICUBE_AGE-R_GLUTATHIONE_GLOW_CAPSULE_CREAM.webp","width":640,"height":640,"caption":"MEDICUBE AGE-R GLUTATHIONE GLOW CAPSULE CREAM"},{"@type":"BreadcrumbList","@id":"https:\/\/purecosmetics-shop.com\/accueil\/produit\/age-r-glutathione-glow-capsule-cream\/#breadcrumb","itemListElement":[{"@type":"ListItem","position":1,"name":"Accueil","item":"https:\/\/purecosmetics-shop.com\/accueil\/"},{"@type":"ListItem","position":2,"name":"NOUVEAUT\u00c9S","item":"https:\/\/purecosmetics-shop.com\/accueil\/nouveautes\/"},{"@type":"ListItem","position":3,"name":"AGE-R GLUTATHIONE GLOW CAPSULE CREAM"}]},{"@type":"WebSite","@id":"https:\/\/purecosmetics-shop.com\/accueil\/#website","url":"https:\/\/purecosmetics-shop.com\/accueil\/","name":"Pure Cosmetics","description":"Skincare cor\u00e9enne et japonais","publisher":{"@id":"https:\/\/purecosmetics-shop.com\/accueil\/#organization"},"potentialAction":[{"@type":"SearchAction","target":{"@type":"EntryPoint","urlTemplate":"https:\/\/purecosmetics-shop.com\/accueil\/?s={search_term_string}"},"query-input":{"@type":"PropertyValueSpecification","valueRequired":true,"valueName":"search_term_string"}}],"inLanguage":"fr-FR"},{"@type":"Organization","@id":"https:\/\/purecosmetics-shop.com\/accueil\/#organization","name":"Pure Cosmetics","url":"https:\/\/purecosmetics-shop.com\/accueil\/","logo":{"@type":"ImageObject","inLanguage":"fr-FR","@id":"https:\/\/purecosmetics-shop.com\/accueil\/#\/schema\/logo\/image\/","url":"https:\/\/purecosmetics-shop.com\/wp-content\/uploads\/2025\/04\/cropped-Pure-Cosmetics-black-2.png","contentUrl":"https:\/\/purecosmetics-shop.com\/wp-content\/uploads\/2025\/04\/cropped-Pure-Cosmetics-black-2.png","width":2362,"height":2324,"caption":"Pure Cosmetics"},"image":{"@id":"https:\/\/purecosmetics-shop.com\/accueil\/#\/schema\/logo\/image\/"}}]}},"jetpack_sharing_enabled":true,"_links":{"self":[{"href":"https:\/\/purecosmetics-shop.com\/accueil\/wp-json\/wp\/v2\/product\/4858","targetHints":{"allow":["GET"]}}],"collection":[{"href":"https:\/\/purecosmetics-shop.com\/accueil\/wp-json\/wp\/v2\/product"}],"about":[{"href":"https:\/\/purecosmetics-shop.com\/accueil\/wp-json\/wp\/v2\/types\/product"}],"replies":[{"embeddable":true,"href":"https:\/\/purecosmetics-shop.com\/accueil\/wp-json\/wp\/v2\/comments?post=4858"}],"version-history":[{"count":1,"href":"https:\/\/purecosmetics-shop.com\/accueil\/wp-json\/wp\/v2\/product\/4858\/revisions"}],"predecessor-version":[{"id":4867,"href":"https:\/\/purecosmetics-shop.com\/accueil\/wp-json\/wp\/v2\/product\/4858\/revisions\/4867"}],"wp:featuredmedia":[{"embeddable":true,"href":"https:\/\/purecosmetics-shop.com\/accueil\/wp-json\/wp\/v2\/media\/4866"}],"wp:attachment":[{"href":"https:\/\/purecosmetics-shop.com\/accueil\/wp-json\/wp\/v2\/media?parent=4858"}],"wp:term":[{"taxonomy":"product_brand","embeddable":true,"href":"https:\/\/purecosmetics-shop.com\/accueil\/wp-json\/wp\/v2\/product_brand?post=4858"},{"taxonomy":"product_cat","embeddable":true,"href":"https:\/\/purecosmetics-shop.com\/accueil\/wp-json\/wp\/v2\/product_cat?post=4858"},{"taxonomy":"product_tag","embeddable":true,"href":"https:\/\/purecosmetics-shop.com\/accueil\/wp-json\/wp\/v2\/product_tag?post=4858"}],"curies":[{"name":"wp","href":"https:\/\/api.w.org\/{rel}","templated":true}]}}