{"id":4849,"date":"2026-01-12T13:03:27","date_gmt":"2026-01-12T17:03:27","guid":{"rendered":"https:\/\/purecosmetics-shop.com\/accueil\/?post_type=product&#038;p=4849"},"modified":"2026-04-16T01:03:08","modified_gmt":"2026-04-16T05:03:08","slug":"aqua-marine-jelly-mist","status":"publish","type":"product","link":"https:\/\/purecosmetics-shop.com\/accueil\/produit\/aqua-marine-jelly-mist\/","title":{"rendered":"Aqua Marine Jelly Mist"},"content":{"rendered":"<p>Plus qu&rsquo;un simple hydratant et booster d&rsquo;\u00e9clat, ce spray gel\u00e9e peut aussi devenir votre pr\u00e9paration maquillage essentielle pour sceller une base parfaitement dewy.<\/p>\n<p>Mode d&#8217;emploi : Agitez bien pour m\u00e9langer la formule avant utilisation, puis vaporisez uniform\u00e9ment sur le visage.<\/p>\n<p>&nbsp;<\/p>\n","protected":false},"excerpt":{"rendered":"<p>Une brume l\u00e9g\u00e8re multi-usage pour une peau hydrat\u00e9e et rebondi tout au long de la journ\u00e9e avec une sensation de fra\u00eecheur.<\/p>\n<p>Enrichie d&rsquo;un complexe de trois acides hyaluroniques cette brume hydrate en profondeur, repulpe et lisse la peau, assurant une application maquillage parfaite sans effet carton.<\/p>\n<p>Contient du PDRN d&rsquo;origine v\u00e9g\u00e9tale et 10 % d&rsquo;eau des profondeurs marines d&rsquo;Ulleungdo qui pr\u00e9servent l&rsquo;hydratation et renforcent l&rsquo;\u00e9lasticit\u00e9 de la peau pour un \u00e9clat naturel.<\/p>\n<p>Test\u00e9e sous contr\u00f4le dermatologique. Convient aux peaux sensibles.<\/p>\n","protected":false},"featured_media":5916,"comment_status":"open","ping_status":"closed","template":"","meta":[],"product_brand":[163],"product_cat":[25,112,117,118,119],"product_tag":[],"class_list":{"0":"post-4849","1":"product","2":"type-product","3":"status-publish","4":"has-post-thumbnail","6":"product_brand-dr-althea","7":"product_cat-creme-visage","8":"product_cat-hydratation","9":"product_cat-peau-normale","10":"product_cat-peau-seche","11":"product_cat-peau-sensible","13":"first","14":"instock","15":"shipping-taxable","16":"purchasable","17":"product-type-simple"},"yoast_head":"<!-- This site is optimized with the Yoast SEO plugin v27.4 - https:\/\/yoast.com\/product\/yoast-seo-wordpress\/ -->\n<title>Aqua Marine Jelly Mist - Pure Cosmetics<\/title>\n<meta name=\"robots\" content=\"index, follow, max-snippet:-1, max-image-preview:large, max-video-preview:-1\" \/>\n<link rel=\"canonical\" href=\"https:\/\/purecosmetics-shop.com\/accueil\/produit\/aqua-marine-jelly-mist\/\" \/>\n<meta property=\"og:locale\" content=\"fr_FR\" \/>\n<meta property=\"og:type\" content=\"article\" \/>\n<meta property=\"og:title\" content=\"Aqua Marine Jelly Mist - Pure Cosmetics\" \/>\n<meta property=\"og:description\" content=\"Une brume l\u00e9g\u00e8re multi-usage pour une peau hydrat\u00e9e et rebondi tout au long de la journ\u00e9e avec une sensation de fra\u00eecheur.  Enrichie d&#039;un complexe de trois acides hyaluroniques cette brume hydrate en profondeur, repulpe et lisse la peau, assurant une application maquillage parfaite sans effet carton.  Contient du PDRN d&#039;origine v\u00e9g\u00e9tale et 10 % d&#039;eau des profondeurs marines d&#039;Ulleungdo qui pr\u00e9servent l&#039;hydratation et renforcent l&#039;\u00e9lasticit\u00e9 de la peau pour un \u00e9clat naturel.  Test\u00e9e sous contr\u00f4le dermatologique. Convient aux peaux sensibles.\" \/>\n<meta property=\"og:url\" content=\"https:\/\/purecosmetics-shop.com\/accueil\/produit\/aqua-marine-jelly-mist\/\" \/>\n<meta property=\"og:site_name\" content=\"Pure Cosmetics\" \/>\n<meta property=\"article:modified_time\" content=\"2026-04-16T05:03:08+00:00\" \/>\n<meta property=\"og:image\" content=\"https:\/\/purecosmetics-shop.com\/wp-content\/uploads\/2026\/01\/DR_ALTHEA_Aqua_marine_jelly_mist.webp\" \/>\n\t<meta property=\"og:image:width\" content=\"750\" \/>\n\t<meta property=\"og:image:height\" content=\"750\" \/>\n\t<meta property=\"og:image:type\" content=\"image\/webp\" \/>\n<meta name=\"twitter:card\" content=\"summary_large_image\" \/>\n<meta name=\"twitter:label1\" content=\"Dur\u00e9e de lecture estim\u00e9e\" \/>\n\t<meta name=\"twitter:data1\" content=\"1 minute\" \/>\n<script type=\"application\/ld+json\" class=\"yoast-schema-graph\">{\"@context\":\"https:\\\/\\\/schema.org\",\"@graph\":[{\"@type\":\"WebPage\",\"@id\":\"https:\\\/\\\/purecosmetics-shop.com\\\/accueil\\\/produit\\\/aqua-marine-jelly-mist\\\/\",\"url\":\"https:\\\/\\\/purecosmetics-shop.com\\\/accueil\\\/produit\\\/aqua-marine-jelly-mist\\\/\",\"name\":\"Aqua Marine Jelly Mist - Pure Cosmetics\",\"isPartOf\":{\"@id\":\"https:\\\/\\\/purecosmetics-shop.com\\\/accueil\\\/#website\"},\"primaryImageOfPage\":{\"@id\":\"https:\\\/\\\/purecosmetics-shop.com\\\/accueil\\\/produit\\\/aqua-marine-jelly-mist\\\/#primaryimage\"},\"image\":{\"@id\":\"https:\\\/\\\/purecosmetics-shop.com\\\/accueil\\\/produit\\\/aqua-marine-jelly-mist\\\/#primaryimage\"},\"thumbnailUrl\":\"https:\\\/\\\/purecosmetics-shop.com\\\/wp-content\\\/uploads\\\/2026\\\/01\\\/DR_ALTHEA_Aqua_marine_jelly_mist.webp\",\"datePublished\":\"2026-01-12T17:03:27+00:00\",\"dateModified\":\"2026-04-16T05:03:08+00:00\",\"breadcrumb\":{\"@id\":\"https:\\\/\\\/purecosmetics-shop.com\\\/accueil\\\/produit\\\/aqua-marine-jelly-mist\\\/#breadcrumb\"},\"inLanguage\":\"fr-FR\",\"potentialAction\":[{\"@type\":\"ReadAction\",\"target\":[\"https:\\\/\\\/purecosmetics-shop.com\\\/accueil\\\/produit\\\/aqua-marine-jelly-mist\\\/\"]}]},{\"@type\":\"ImageObject\",\"inLanguage\":\"fr-FR\",\"@id\":\"https:\\\/\\\/purecosmetics-shop.com\\\/accueil\\\/produit\\\/aqua-marine-jelly-mist\\\/#primaryimage\",\"url\":\"https:\\\/\\\/purecosmetics-shop.com\\\/wp-content\\\/uploads\\\/2026\\\/01\\\/DR_ALTHEA_Aqua_marine_jelly_mist.webp\",\"contentUrl\":\"https:\\\/\\\/purecosmetics-shop.com\\\/wp-content\\\/uploads\\\/2026\\\/01\\\/DR_ALTHEA_Aqua_marine_jelly_mist.webp\",\"width\":750,\"height\":750},{\"@type\":\"BreadcrumbList\",\"@id\":\"https:\\\/\\\/purecosmetics-shop.com\\\/accueil\\\/produit\\\/aqua-marine-jelly-mist\\\/#breadcrumb\",\"itemListElement\":[{\"@type\":\"ListItem\",\"position\":1,\"name\":\"Accueil\",\"item\":\"https:\\\/\\\/purecosmetics-shop.com\\\/accueil\\\/\"},{\"@type\":\"ListItem\",\"position\":2,\"name\":\"NOUVEAUT\u00c9S\",\"item\":\"https:\\\/\\\/purecosmetics-shop.com\\\/accueil\\\/nouveautes\\\/\"},{\"@type\":\"ListItem\",\"position\":3,\"name\":\"Aqua Marine Jelly Mist\"}]},{\"@type\":\"WebSite\",\"@id\":\"https:\\\/\\\/purecosmetics-shop.com\\\/accueil\\\/#website\",\"url\":\"https:\\\/\\\/purecosmetics-shop.com\\\/accueil\\\/\",\"name\":\"Pure Cosmetics\",\"description\":\"Skincare cor\u00e9enne et japonais\",\"publisher\":{\"@id\":\"https:\\\/\\\/purecosmetics-shop.com\\\/accueil\\\/#organization\"},\"potentialAction\":[{\"@type\":\"SearchAction\",\"target\":{\"@type\":\"EntryPoint\",\"urlTemplate\":\"https:\\\/\\\/purecosmetics-shop.com\\\/accueil\\\/?s={search_term_string}\"},\"query-input\":{\"@type\":\"PropertyValueSpecification\",\"valueRequired\":true,\"valueName\":\"search_term_string\"}}],\"inLanguage\":\"fr-FR\"},{\"@type\":\"Organization\",\"@id\":\"https:\\\/\\\/purecosmetics-shop.com\\\/accueil\\\/#organization\",\"name\":\"Pure Cosmetics\",\"url\":\"https:\\\/\\\/purecosmetics-shop.com\\\/accueil\\\/\",\"logo\":{\"@type\":\"ImageObject\",\"inLanguage\":\"fr-FR\",\"@id\":\"https:\\\/\\\/purecosmetics-shop.com\\\/accueil\\\/#\\\/schema\\\/logo\\\/image\\\/\",\"url\":\"https:\\\/\\\/purecosmetics-shop.com\\\/wp-content\\\/uploads\\\/2025\\\/04\\\/cropped-Pure-Cosmetics-black-2.png\",\"contentUrl\":\"https:\\\/\\\/purecosmetics-shop.com\\\/wp-content\\\/uploads\\\/2025\\\/04\\\/cropped-Pure-Cosmetics-black-2.png\",\"width\":2362,\"height\":2324,\"caption\":\"Pure Cosmetics\"},\"image\":{\"@id\":\"https:\\\/\\\/purecosmetics-shop.com\\\/accueil\\\/#\\\/schema\\\/logo\\\/image\\\/\"}}]}<\/script>\n<!-- \/ Yoast SEO plugin. -->","yoast_head_json":{"title":"Aqua Marine Jelly Mist - Pure Cosmetics","robots":{"index":"index","follow":"follow","max-snippet":"max-snippet:-1","max-image-preview":"max-image-preview:large","max-video-preview":"max-video-preview:-1"},"canonical":"https:\/\/purecosmetics-shop.com\/accueil\/produit\/aqua-marine-jelly-mist\/","og_locale":"fr_FR","og_type":"article","og_title":"Aqua Marine Jelly Mist - Pure Cosmetics","og_description":"Une brume l\u00e9g\u00e8re multi-usage pour une peau hydrat\u00e9e et rebondi tout au long de la journ\u00e9e avec une sensation de fra\u00eecheur.  Enrichie d'un complexe de trois acides hyaluroniques cette brume hydrate en profondeur, repulpe et lisse la peau, assurant une application maquillage parfaite sans effet carton.  Contient du PDRN d'origine v\u00e9g\u00e9tale et 10 % d'eau des profondeurs marines d'Ulleungdo qui pr\u00e9servent l'hydratation et renforcent l'\u00e9lasticit\u00e9 de la peau pour un \u00e9clat naturel.  Test\u00e9e sous contr\u00f4le dermatologique. Convient aux peaux sensibles.","og_url":"https:\/\/purecosmetics-shop.com\/accueil\/produit\/aqua-marine-jelly-mist\/","og_site_name":"Pure Cosmetics","article_modified_time":"2026-04-16T05:03:08+00:00","og_image":[{"width":750,"height":750,"url":"https:\/\/purecosmetics-shop.com\/wp-content\/uploads\/2026\/01\/DR_ALTHEA_Aqua_marine_jelly_mist.webp","type":"image\/webp"}],"twitter_card":"summary_large_image","twitter_misc":{"Dur\u00e9e de lecture estim\u00e9e":"1 minute"},"schema":{"@context":"https:\/\/schema.org","@graph":[{"@type":"WebPage","@id":"https:\/\/purecosmetics-shop.com\/accueil\/produit\/aqua-marine-jelly-mist\/","url":"https:\/\/purecosmetics-shop.com\/accueil\/produit\/aqua-marine-jelly-mist\/","name":"Aqua Marine Jelly Mist - Pure Cosmetics","isPartOf":{"@id":"https:\/\/purecosmetics-shop.com\/accueil\/#website"},"primaryImageOfPage":{"@id":"https:\/\/purecosmetics-shop.com\/accueil\/produit\/aqua-marine-jelly-mist\/#primaryimage"},"image":{"@id":"https:\/\/purecosmetics-shop.com\/accueil\/produit\/aqua-marine-jelly-mist\/#primaryimage"},"thumbnailUrl":"https:\/\/purecosmetics-shop.com\/wp-content\/uploads\/2026\/01\/DR_ALTHEA_Aqua_marine_jelly_mist.webp","datePublished":"2026-01-12T17:03:27+00:00","dateModified":"2026-04-16T05:03:08+00:00","breadcrumb":{"@id":"https:\/\/purecosmetics-shop.com\/accueil\/produit\/aqua-marine-jelly-mist\/#breadcrumb"},"inLanguage":"fr-FR","potentialAction":[{"@type":"ReadAction","target":["https:\/\/purecosmetics-shop.com\/accueil\/produit\/aqua-marine-jelly-mist\/"]}]},{"@type":"ImageObject","inLanguage":"fr-FR","@id":"https:\/\/purecosmetics-shop.com\/accueil\/produit\/aqua-marine-jelly-mist\/#primaryimage","url":"https:\/\/purecosmetics-shop.com\/wp-content\/uploads\/2026\/01\/DR_ALTHEA_Aqua_marine_jelly_mist.webp","contentUrl":"https:\/\/purecosmetics-shop.com\/wp-content\/uploads\/2026\/01\/DR_ALTHEA_Aqua_marine_jelly_mist.webp","width":750,"height":750},{"@type":"BreadcrumbList","@id":"https:\/\/purecosmetics-shop.com\/accueil\/produit\/aqua-marine-jelly-mist\/#breadcrumb","itemListElement":[{"@type":"ListItem","position":1,"name":"Accueil","item":"https:\/\/purecosmetics-shop.com\/accueil\/"},{"@type":"ListItem","position":2,"name":"NOUVEAUT\u00c9S","item":"https:\/\/purecosmetics-shop.com\/accueil\/nouveautes\/"},{"@type":"ListItem","position":3,"name":"Aqua Marine Jelly Mist"}]},{"@type":"WebSite","@id":"https:\/\/purecosmetics-shop.com\/accueil\/#website","url":"https:\/\/purecosmetics-shop.com\/accueil\/","name":"Pure Cosmetics","description":"Skincare cor\u00e9enne et japonais","publisher":{"@id":"https:\/\/purecosmetics-shop.com\/accueil\/#organization"},"potentialAction":[{"@type":"SearchAction","target":{"@type":"EntryPoint","urlTemplate":"https:\/\/purecosmetics-shop.com\/accueil\/?s={search_term_string}"},"query-input":{"@type":"PropertyValueSpecification","valueRequired":true,"valueName":"search_term_string"}}],"inLanguage":"fr-FR"},{"@type":"Organization","@id":"https:\/\/purecosmetics-shop.com\/accueil\/#organization","name":"Pure Cosmetics","url":"https:\/\/purecosmetics-shop.com\/accueil\/","logo":{"@type":"ImageObject","inLanguage":"fr-FR","@id":"https:\/\/purecosmetics-shop.com\/accueil\/#\/schema\/logo\/image\/","url":"https:\/\/purecosmetics-shop.com\/wp-content\/uploads\/2025\/04\/cropped-Pure-Cosmetics-black-2.png","contentUrl":"https:\/\/purecosmetics-shop.com\/wp-content\/uploads\/2025\/04\/cropped-Pure-Cosmetics-black-2.png","width":2362,"height":2324,"caption":"Pure Cosmetics"},"image":{"@id":"https:\/\/purecosmetics-shop.com\/accueil\/#\/schema\/logo\/image\/"}}]}},"jetpack_sharing_enabled":true,"_links":{"self":[{"href":"https:\/\/purecosmetics-shop.com\/accueil\/wp-json\/wp\/v2\/product\/4849","targetHints":{"allow":["GET"]}}],"collection":[{"href":"https:\/\/purecosmetics-shop.com\/accueil\/wp-json\/wp\/v2\/product"}],"about":[{"href":"https:\/\/purecosmetics-shop.com\/accueil\/wp-json\/wp\/v2\/types\/product"}],"replies":[{"embeddable":true,"href":"https:\/\/purecosmetics-shop.com\/accueil\/wp-json\/wp\/v2\/comments?post=4849"}],"version-history":[{"count":1,"href":"https:\/\/purecosmetics-shop.com\/accueil\/wp-json\/wp\/v2\/product\/4849\/revisions"}],"predecessor-version":[{"id":4857,"href":"https:\/\/purecosmetics-shop.com\/accueil\/wp-json\/wp\/v2\/product\/4849\/revisions\/4857"}],"wp:featuredmedia":[{"embeddable":true,"href":"https:\/\/purecosmetics-shop.com\/accueil\/wp-json\/wp\/v2\/media\/5916"}],"wp:attachment":[{"href":"https:\/\/purecosmetics-shop.com\/accueil\/wp-json\/wp\/v2\/media?parent=4849"}],"wp:term":[{"taxonomy":"product_brand","embeddable":true,"href":"https:\/\/purecosmetics-shop.com\/accueil\/wp-json\/wp\/v2\/product_brand?post=4849"},{"taxonomy":"product_cat","embeddable":true,"href":"https:\/\/purecosmetics-shop.com\/accueil\/wp-json\/wp\/v2\/product_cat?post=4849"},{"taxonomy":"product_tag","embeddable":true,"href":"https:\/\/purecosmetics-shop.com\/accueil\/wp-json\/wp\/v2\/product_tag?post=4849"}],"curies":[{"name":"wp","href":"https:\/\/api.w.org\/{rel}","templated":true}]}}