{"id":4841,"date":"2026-01-08T16:43:07","date_gmt":"2026-01-08T20:43:07","guid":{"rendered":"https:\/\/purecosmetics-shop.com\/accueil\/?post_type=product&#038;p=4841"},"modified":"2026-04-16T01:03:10","modified_gmt":"2026-04-16T05:03:10","slug":"aqua-marine-watery-cream","status":"publish","type":"product","link":"https:\/\/purecosmetics-shop.com\/accueil\/produit\/aqua-marine-watery-cream\/","title":{"rendered":"Aqua Marine Watery Cream"},"content":{"rendered":"<p>Le saviez-vous ? :\u00a0Le guaiazul\u00e8ne est aussi l&rsquo;ingr\u00e9dient vedette de la Cr\u00e8me Barri\u00e8re 147 du Dr. Althea, un soin hydratant qui calme la peau irrit\u00e9e et r\u00e9pare la barri\u00e8re cutan\u00e9e.<\/p>\n","protected":false},"excerpt":{"rendered":"<p>Cr\u00e8me \u00e0 texture l\u00e9g\u00e8re, contenant 70 % d&rsquo;eau de Bambusa Vulgaris, qui apporte une hydratation instantan\u00e9e et profonde au peaux s\u00e8ches.<\/p>\n<p>Elle renferme les ingr\u00e9dients: phares guaiazul\u00e8ne et eau de bambou qui adoucissent et apaisent la peau. L&rsquo;acide hyaluronique et le panth\u00e9nol prennent soin de votre peau tout en renfor\u00e7ant sa barri\u00e8re protectrice.<\/p>\n<p>&nbsp;<\/p>\n","protected":false},"featured_media":4847,"comment_status":"open","ping_status":"closed","template":"","meta":[],"product_brand":[163],"product_cat":[25,112,117,118,119],"product_tag":[],"class_list":{"0":"post-4841","1":"product","2":"type-product","3":"status-publish","4":"has-post-thumbnail","6":"product_brand-dr-althea","7":"product_cat-creme-visage","8":"product_cat-hydratation","9":"product_cat-peau-normale","10":"product_cat-peau-seche","11":"product_cat-peau-sensible","13":"first","14":"instock","15":"shipping-taxable","16":"purchasable","17":"product-type-simple"},"yoast_head":"<!-- This site is optimized with the Yoast SEO plugin v27.4 - https:\/\/yoast.com\/product\/yoast-seo-wordpress\/ -->\n<title>Aqua Marine Watery Cream - Pure Cosmetics<\/title>\n<meta name=\"robots\" content=\"index, follow, max-snippet:-1, max-image-preview:large, max-video-preview:-1\" \/>\n<link rel=\"canonical\" href=\"https:\/\/purecosmetics-shop.com\/accueil\/produit\/aqua-marine-watery-cream\/\" \/>\n<meta property=\"og:locale\" content=\"fr_FR\" \/>\n<meta property=\"og:type\" content=\"article\" \/>\n<meta property=\"og:title\" content=\"Aqua Marine Watery Cream - Pure Cosmetics\" \/>\n<meta property=\"og:description\" content=\"Cr\u00e8me \u00e0 texture l\u00e9g\u00e8re, contenant 70 % d&#039;eau de Bambusa Vulgaris, qui apporte une hydratation instantan\u00e9e et profonde au peaux s\u00e8ches.  Elle renferme les ingr\u00e9dients: phares guaiazul\u00e8ne et eau de bambou qui adoucissent et apaisent la peau. L&#039;acide hyaluronique et le panth\u00e9nol prennent soin de votre peau tout en renfor\u00e7ant sa barri\u00e8re protectrice.  &nbsp;\" \/>\n<meta property=\"og:url\" content=\"https:\/\/purecosmetics-shop.com\/accueil\/produit\/aqua-marine-watery-cream\/\" \/>\n<meta property=\"og:site_name\" content=\"Pure Cosmetics\" \/>\n<meta property=\"article:modified_time\" content=\"2026-04-16T05:03:10+00:00\" \/>\n<meta property=\"og:image\" content=\"https:\/\/purecosmetics-shop.com\/wp-content\/uploads\/2026\/01\/dr_althea_aqua_marine_watery_cream.webp\" \/>\n\t<meta property=\"og:image:width\" content=\"1400\" \/>\n\t<meta property=\"og:image:height\" content=\"1400\" \/>\n\t<meta property=\"og:image:type\" content=\"image\/webp\" \/>\n<meta name=\"twitter:card\" content=\"summary_large_image\" \/>\n<meta name=\"twitter:label1\" content=\"Dur\u00e9e de lecture estim\u00e9e\" \/>\n\t<meta name=\"twitter:data1\" content=\"1 minute\" \/>\n<script type=\"application\/ld+json\" class=\"yoast-schema-graph\">{\"@context\":\"https:\\\/\\\/schema.org\",\"@graph\":[{\"@type\":\"WebPage\",\"@id\":\"https:\\\/\\\/purecosmetics-shop.com\\\/accueil\\\/produit\\\/aqua-marine-watery-cream\\\/\",\"url\":\"https:\\\/\\\/purecosmetics-shop.com\\\/accueil\\\/produit\\\/aqua-marine-watery-cream\\\/\",\"name\":\"Aqua Marine Watery Cream - Pure Cosmetics\",\"isPartOf\":{\"@id\":\"https:\\\/\\\/purecosmetics-shop.com\\\/accueil\\\/#website\"},\"primaryImageOfPage\":{\"@id\":\"https:\\\/\\\/purecosmetics-shop.com\\\/accueil\\\/produit\\\/aqua-marine-watery-cream\\\/#primaryimage\"},\"image\":{\"@id\":\"https:\\\/\\\/purecosmetics-shop.com\\\/accueil\\\/produit\\\/aqua-marine-watery-cream\\\/#primaryimage\"},\"thumbnailUrl\":\"https:\\\/\\\/purecosmetics-shop.com\\\/wp-content\\\/uploads\\\/2026\\\/01\\\/dr_althea_aqua_marine_watery_cream.webp\",\"datePublished\":\"2026-01-08T20:43:07+00:00\",\"dateModified\":\"2026-04-16T05:03:10+00:00\",\"breadcrumb\":{\"@id\":\"https:\\\/\\\/purecosmetics-shop.com\\\/accueil\\\/produit\\\/aqua-marine-watery-cream\\\/#breadcrumb\"},\"inLanguage\":\"fr-FR\",\"potentialAction\":[{\"@type\":\"ReadAction\",\"target\":[\"https:\\\/\\\/purecosmetics-shop.com\\\/accueil\\\/produit\\\/aqua-marine-watery-cream\\\/\"]}]},{\"@type\":\"ImageObject\",\"inLanguage\":\"fr-FR\",\"@id\":\"https:\\\/\\\/purecosmetics-shop.com\\\/accueil\\\/produit\\\/aqua-marine-watery-cream\\\/#primaryimage\",\"url\":\"https:\\\/\\\/purecosmetics-shop.com\\\/wp-content\\\/uploads\\\/2026\\\/01\\\/dr_althea_aqua_marine_watery_cream.webp\",\"contentUrl\":\"https:\\\/\\\/purecosmetics-shop.com\\\/wp-content\\\/uploads\\\/2026\\\/01\\\/dr_althea_aqua_marine_watery_cream.webp\",\"width\":1400,\"height\":1400,\"caption\":\"Aqua Marine Watery Cream\"},{\"@type\":\"BreadcrumbList\",\"@id\":\"https:\\\/\\\/purecosmetics-shop.com\\\/accueil\\\/produit\\\/aqua-marine-watery-cream\\\/#breadcrumb\",\"itemListElement\":[{\"@type\":\"ListItem\",\"position\":1,\"name\":\"Accueil\",\"item\":\"https:\\\/\\\/purecosmetics-shop.com\\\/accueil\\\/\"},{\"@type\":\"ListItem\",\"position\":2,\"name\":\"NOUVEAUT\u00c9S\",\"item\":\"https:\\\/\\\/purecosmetics-shop.com\\\/accueil\\\/nouveautes\\\/\"},{\"@type\":\"ListItem\",\"position\":3,\"name\":\"Aqua Marine Watery Cream\"}]},{\"@type\":\"WebSite\",\"@id\":\"https:\\\/\\\/purecosmetics-shop.com\\\/accueil\\\/#website\",\"url\":\"https:\\\/\\\/purecosmetics-shop.com\\\/accueil\\\/\",\"name\":\"Pure Cosmetics\",\"description\":\"Skincare cor\u00e9enne et japonais\",\"publisher\":{\"@id\":\"https:\\\/\\\/purecosmetics-shop.com\\\/accueil\\\/#organization\"},\"potentialAction\":[{\"@type\":\"SearchAction\",\"target\":{\"@type\":\"EntryPoint\",\"urlTemplate\":\"https:\\\/\\\/purecosmetics-shop.com\\\/accueil\\\/?s={search_term_string}\"},\"query-input\":{\"@type\":\"PropertyValueSpecification\",\"valueRequired\":true,\"valueName\":\"search_term_string\"}}],\"inLanguage\":\"fr-FR\"},{\"@type\":\"Organization\",\"@id\":\"https:\\\/\\\/purecosmetics-shop.com\\\/accueil\\\/#organization\",\"name\":\"Pure Cosmetics\",\"url\":\"https:\\\/\\\/purecosmetics-shop.com\\\/accueil\\\/\",\"logo\":{\"@type\":\"ImageObject\",\"inLanguage\":\"fr-FR\",\"@id\":\"https:\\\/\\\/purecosmetics-shop.com\\\/accueil\\\/#\\\/schema\\\/logo\\\/image\\\/\",\"url\":\"https:\\\/\\\/purecosmetics-shop.com\\\/wp-content\\\/uploads\\\/2025\\\/04\\\/cropped-Pure-Cosmetics-black-2.png\",\"contentUrl\":\"https:\\\/\\\/purecosmetics-shop.com\\\/wp-content\\\/uploads\\\/2025\\\/04\\\/cropped-Pure-Cosmetics-black-2.png\",\"width\":2362,\"height\":2324,\"caption\":\"Pure Cosmetics\"},\"image\":{\"@id\":\"https:\\\/\\\/purecosmetics-shop.com\\\/accueil\\\/#\\\/schema\\\/logo\\\/image\\\/\"}}]}<\/script>\n<!-- \/ Yoast SEO plugin. -->","yoast_head_json":{"title":"Aqua Marine Watery Cream - Pure Cosmetics","robots":{"index":"index","follow":"follow","max-snippet":"max-snippet:-1","max-image-preview":"max-image-preview:large","max-video-preview":"max-video-preview:-1"},"canonical":"https:\/\/purecosmetics-shop.com\/accueil\/produit\/aqua-marine-watery-cream\/","og_locale":"fr_FR","og_type":"article","og_title":"Aqua Marine Watery Cream - Pure Cosmetics","og_description":"Cr\u00e8me \u00e0 texture l\u00e9g\u00e8re, contenant 70 % d'eau de Bambusa Vulgaris, qui apporte une hydratation instantan\u00e9e et profonde au peaux s\u00e8ches.  Elle renferme les ingr\u00e9dients: phares guaiazul\u00e8ne et eau de bambou qui adoucissent et apaisent la peau. L'acide hyaluronique et le panth\u00e9nol prennent soin de votre peau tout en renfor\u00e7ant sa barri\u00e8re protectrice.  &nbsp;","og_url":"https:\/\/purecosmetics-shop.com\/accueil\/produit\/aqua-marine-watery-cream\/","og_site_name":"Pure Cosmetics","article_modified_time":"2026-04-16T05:03:10+00:00","og_image":[{"width":1400,"height":1400,"url":"https:\/\/purecosmetics-shop.com\/wp-content\/uploads\/2026\/01\/dr_althea_aqua_marine_watery_cream.webp","type":"image\/webp"}],"twitter_card":"summary_large_image","twitter_misc":{"Dur\u00e9e de lecture estim\u00e9e":"1 minute"},"schema":{"@context":"https:\/\/schema.org","@graph":[{"@type":"WebPage","@id":"https:\/\/purecosmetics-shop.com\/accueil\/produit\/aqua-marine-watery-cream\/","url":"https:\/\/purecosmetics-shop.com\/accueil\/produit\/aqua-marine-watery-cream\/","name":"Aqua Marine Watery Cream - Pure Cosmetics","isPartOf":{"@id":"https:\/\/purecosmetics-shop.com\/accueil\/#website"},"primaryImageOfPage":{"@id":"https:\/\/purecosmetics-shop.com\/accueil\/produit\/aqua-marine-watery-cream\/#primaryimage"},"image":{"@id":"https:\/\/purecosmetics-shop.com\/accueil\/produit\/aqua-marine-watery-cream\/#primaryimage"},"thumbnailUrl":"https:\/\/purecosmetics-shop.com\/wp-content\/uploads\/2026\/01\/dr_althea_aqua_marine_watery_cream.webp","datePublished":"2026-01-08T20:43:07+00:00","dateModified":"2026-04-16T05:03:10+00:00","breadcrumb":{"@id":"https:\/\/purecosmetics-shop.com\/accueil\/produit\/aqua-marine-watery-cream\/#breadcrumb"},"inLanguage":"fr-FR","potentialAction":[{"@type":"ReadAction","target":["https:\/\/purecosmetics-shop.com\/accueil\/produit\/aqua-marine-watery-cream\/"]}]},{"@type":"ImageObject","inLanguage":"fr-FR","@id":"https:\/\/purecosmetics-shop.com\/accueil\/produit\/aqua-marine-watery-cream\/#primaryimage","url":"https:\/\/purecosmetics-shop.com\/wp-content\/uploads\/2026\/01\/dr_althea_aqua_marine_watery_cream.webp","contentUrl":"https:\/\/purecosmetics-shop.com\/wp-content\/uploads\/2026\/01\/dr_althea_aqua_marine_watery_cream.webp","width":1400,"height":1400,"caption":"Aqua Marine Watery Cream"},{"@type":"BreadcrumbList","@id":"https:\/\/purecosmetics-shop.com\/accueil\/produit\/aqua-marine-watery-cream\/#breadcrumb","itemListElement":[{"@type":"ListItem","position":1,"name":"Accueil","item":"https:\/\/purecosmetics-shop.com\/accueil\/"},{"@type":"ListItem","position":2,"name":"NOUVEAUT\u00c9S","item":"https:\/\/purecosmetics-shop.com\/accueil\/nouveautes\/"},{"@type":"ListItem","position":3,"name":"Aqua Marine Watery Cream"}]},{"@type":"WebSite","@id":"https:\/\/purecosmetics-shop.com\/accueil\/#website","url":"https:\/\/purecosmetics-shop.com\/accueil\/","name":"Pure Cosmetics","description":"Skincare cor\u00e9enne et japonais","publisher":{"@id":"https:\/\/purecosmetics-shop.com\/accueil\/#organization"},"potentialAction":[{"@type":"SearchAction","target":{"@type":"EntryPoint","urlTemplate":"https:\/\/purecosmetics-shop.com\/accueil\/?s={search_term_string}"},"query-input":{"@type":"PropertyValueSpecification","valueRequired":true,"valueName":"search_term_string"}}],"inLanguage":"fr-FR"},{"@type":"Organization","@id":"https:\/\/purecosmetics-shop.com\/accueil\/#organization","name":"Pure Cosmetics","url":"https:\/\/purecosmetics-shop.com\/accueil\/","logo":{"@type":"ImageObject","inLanguage":"fr-FR","@id":"https:\/\/purecosmetics-shop.com\/accueil\/#\/schema\/logo\/image\/","url":"https:\/\/purecosmetics-shop.com\/wp-content\/uploads\/2025\/04\/cropped-Pure-Cosmetics-black-2.png","contentUrl":"https:\/\/purecosmetics-shop.com\/wp-content\/uploads\/2025\/04\/cropped-Pure-Cosmetics-black-2.png","width":2362,"height":2324,"caption":"Pure Cosmetics"},"image":{"@id":"https:\/\/purecosmetics-shop.com\/accueil\/#\/schema\/logo\/image\/"}}]}},"jetpack_sharing_enabled":true,"_links":{"self":[{"href":"https:\/\/purecosmetics-shop.com\/accueil\/wp-json\/wp\/v2\/product\/4841","targetHints":{"allow":["GET"]}}],"collection":[{"href":"https:\/\/purecosmetics-shop.com\/accueil\/wp-json\/wp\/v2\/product"}],"about":[{"href":"https:\/\/purecosmetics-shop.com\/accueil\/wp-json\/wp\/v2\/types\/product"}],"replies":[{"embeddable":true,"href":"https:\/\/purecosmetics-shop.com\/accueil\/wp-json\/wp\/v2\/comments?post=4841"}],"version-history":[{"count":1,"href":"https:\/\/purecosmetics-shop.com\/accueil\/wp-json\/wp\/v2\/product\/4841\/revisions"}],"predecessor-version":[{"id":4848,"href":"https:\/\/purecosmetics-shop.com\/accueil\/wp-json\/wp\/v2\/product\/4841\/revisions\/4848"}],"wp:featuredmedia":[{"embeddable":true,"href":"https:\/\/purecosmetics-shop.com\/accueil\/wp-json\/wp\/v2\/media\/4847"}],"wp:attachment":[{"href":"https:\/\/purecosmetics-shop.com\/accueil\/wp-json\/wp\/v2\/media?parent=4841"}],"wp:term":[{"taxonomy":"product_brand","embeddable":true,"href":"https:\/\/purecosmetics-shop.com\/accueil\/wp-json\/wp\/v2\/product_brand?post=4841"},{"taxonomy":"product_cat","embeddable":true,"href":"https:\/\/purecosmetics-shop.com\/accueil\/wp-json\/wp\/v2\/product_cat?post=4841"},{"taxonomy":"product_tag","embeddable":true,"href":"https:\/\/purecosmetics-shop.com\/accueil\/wp-json\/wp\/v2\/product_tag?post=4841"}],"curies":[{"name":"wp","href":"https:\/\/api.w.org\/{rel}","templated":true}]}}