{"id":4820,"date":"2026-01-08T13:27:25","date_gmt":"2026-01-08T17:27:25","guid":{"rendered":"https:\/\/purecosmetics-shop.com\/accueil\/?post_type=product&#038;p=4820"},"modified":"2026-04-16T01:01:56","modified_gmt":"2026-04-16T05:01:56","slug":"strawberry-sugar-food-mask-lip-scrub","status":"publish","type":"product","link":"https:\/\/purecosmetics-shop.com\/accueil\/produit\/strawberry-sugar-food-mask-lip-scrub\/","title":{"rendered":"STRAWBERRY SUGAR FOOD MASK LIP SCRUB"},"content":{"rendered":"<p>Mode d&#8217;emploi: Appliquez une quantit\u00e9 appropri\u00e9e sur les l\u00e8vres humides puis rincez \u00e0 l&rsquo;eau.<\/p>\n","protected":false},"excerpt":{"rendered":"<p>Ce gommage doux pour les l\u00e8vres, \u00e0 la fraise et au saccharose, \u00e9limine d\u00e9licatement les cellules mortes.<\/p>\n<p>Sa formule enrichie en Pro-Energetic\u2122 hydrate les l\u00e8vres et les laisse douces et souples.<\/p>\n<p>Son parfum frais et sucr\u00e9 \u00e0 la fraise se diffuse d\u00e9licatement, pour un soin tout en douceur.<\/p>\n<p>Test d&rsquo;irritation cutan\u00e9e r\u00e9alis\u00e9.<\/p>\n","protected":false},"featured_media":4825,"comment_status":"open","ping_status":"closed","template":"","meta":[],"product_brand":[180],"product_cat":[191,29],"product_tag":[],"class_list":{"0":"post-4820","1":"product","2":"type-product","3":"status-publish","4":"has-post-thumbnail","6":"product_brand-skinfood","7":"product_cat-exfoliant","8":"product_cat-levre","10":"first","11":"instock","12":"shipping-taxable","13":"purchasable","14":"product-type-simple"},"yoast_head":"<!-- This site is optimized with the Yoast SEO plugin v27.4 - https:\/\/yoast.com\/product\/yoast-seo-wordpress\/ -->\n<title>STRAWBERRY SUGAR FOOD MASK LIP SCRUB - Pure Cosmetics<\/title>\n<meta name=\"robots\" content=\"index, follow, max-snippet:-1, max-image-preview:large, max-video-preview:-1\" \/>\n<link rel=\"canonical\" href=\"https:\/\/purecosmetics-shop.com\/accueil\/produit\/strawberry-sugar-food-mask-lip-scrub\/\" \/>\n<meta property=\"og:locale\" content=\"fr_FR\" \/>\n<meta property=\"og:type\" content=\"article\" \/>\n<meta property=\"og:title\" content=\"STRAWBERRY SUGAR FOOD MASK LIP SCRUB - Pure Cosmetics\" \/>\n<meta property=\"og:description\" content=\"Ce gommage doux pour les l\u00e8vres, \u00e0 la fraise et au saccharose, \u00e9limine d\u00e9licatement les cellules mortes.  Sa formule enrichie en Pro-Energetic\u2122 hydrate les l\u00e8vres et les laisse douces et souples.  Son parfum frais et sucr\u00e9 \u00e0 la fraise se diffuse d\u00e9licatement, pour un soin tout en douceur.  Test d&#039;irritation cutan\u00e9e r\u00e9alis\u00e9.\" \/>\n<meta property=\"og:url\" content=\"https:\/\/purecosmetics-shop.com\/accueil\/produit\/strawberry-sugar-food-mask-lip-scrub\/\" \/>\n<meta property=\"og:site_name\" content=\"Pure Cosmetics\" \/>\n<meta property=\"article:modified_time\" content=\"2026-04-16T05:01:56+00:00\" \/>\n<meta property=\"og:image\" content=\"https:\/\/purecosmetics-shop.com\/wp-content\/uploads\/2026\/01\/SKINFOOD_strawberry_sugar_lip_scrub.webp\" \/>\n\t<meta property=\"og:image:width\" content=\"640\" \/>\n\t<meta property=\"og:image:height\" content=\"640\" \/>\n\t<meta property=\"og:image:type\" content=\"image\/webp\" \/>\n<meta name=\"twitter:card\" content=\"summary_large_image\" \/>\n<meta name=\"twitter:label1\" content=\"Dur\u00e9e de lecture estim\u00e9e\" \/>\n\t<meta name=\"twitter:data1\" content=\"1 minute\" \/>\n<script type=\"application\/ld+json\" class=\"yoast-schema-graph\">{\"@context\":\"https:\\\/\\\/schema.org\",\"@graph\":[{\"@type\":\"WebPage\",\"@id\":\"https:\\\/\\\/purecosmetics-shop.com\\\/accueil\\\/produit\\\/strawberry-sugar-food-mask-lip-scrub\\\/\",\"url\":\"https:\\\/\\\/purecosmetics-shop.com\\\/accueil\\\/produit\\\/strawberry-sugar-food-mask-lip-scrub\\\/\",\"name\":\"STRAWBERRY SUGAR FOOD MASK LIP SCRUB - Pure Cosmetics\",\"isPartOf\":{\"@id\":\"https:\\\/\\\/purecosmetics-shop.com\\\/accueil\\\/#website\"},\"primaryImageOfPage\":{\"@id\":\"https:\\\/\\\/purecosmetics-shop.com\\\/accueil\\\/produit\\\/strawberry-sugar-food-mask-lip-scrub\\\/#primaryimage\"},\"image\":{\"@id\":\"https:\\\/\\\/purecosmetics-shop.com\\\/accueil\\\/produit\\\/strawberry-sugar-food-mask-lip-scrub\\\/#primaryimage\"},\"thumbnailUrl\":\"https:\\\/\\\/purecosmetics-shop.com\\\/wp-content\\\/uploads\\\/2026\\\/01\\\/SKINFOOD_strawberry_sugar_lip_scrub.webp\",\"datePublished\":\"2026-01-08T17:27:25+00:00\",\"dateModified\":\"2026-04-16T05:01:56+00:00\",\"breadcrumb\":{\"@id\":\"https:\\\/\\\/purecosmetics-shop.com\\\/accueil\\\/produit\\\/strawberry-sugar-food-mask-lip-scrub\\\/#breadcrumb\"},\"inLanguage\":\"fr-FR\",\"potentialAction\":[{\"@type\":\"ReadAction\",\"target\":[\"https:\\\/\\\/purecosmetics-shop.com\\\/accueil\\\/produit\\\/strawberry-sugar-food-mask-lip-scrub\\\/\"]}]},{\"@type\":\"ImageObject\",\"inLanguage\":\"fr-FR\",\"@id\":\"https:\\\/\\\/purecosmetics-shop.com\\\/accueil\\\/produit\\\/strawberry-sugar-food-mask-lip-scrub\\\/#primaryimage\",\"url\":\"https:\\\/\\\/purecosmetics-shop.com\\\/wp-content\\\/uploads\\\/2026\\\/01\\\/SKINFOOD_strawberry_sugar_lip_scrub.webp\",\"contentUrl\":\"https:\\\/\\\/purecosmetics-shop.com\\\/wp-content\\\/uploads\\\/2026\\\/01\\\/SKINFOOD_strawberry_sugar_lip_scrub.webp\",\"width\":640,\"height\":640,\"caption\":\"strawberry sugar food mask lip scrub\"},{\"@type\":\"BreadcrumbList\",\"@id\":\"https:\\\/\\\/purecosmetics-shop.com\\\/accueil\\\/produit\\\/strawberry-sugar-food-mask-lip-scrub\\\/#breadcrumb\",\"itemListElement\":[{\"@type\":\"ListItem\",\"position\":1,\"name\":\"Accueil\",\"item\":\"https:\\\/\\\/purecosmetics-shop.com\\\/accueil\\\/\"},{\"@type\":\"ListItem\",\"position\":2,\"name\":\"NOUVEAUT\u00c9S\",\"item\":\"https:\\\/\\\/purecosmetics-shop.com\\\/accueil\\\/nouveautes\\\/\"},{\"@type\":\"ListItem\",\"position\":3,\"name\":\"STRAWBERRY SUGAR FOOD MASK LIP SCRUB\"}]},{\"@type\":\"WebSite\",\"@id\":\"https:\\\/\\\/purecosmetics-shop.com\\\/accueil\\\/#website\",\"url\":\"https:\\\/\\\/purecosmetics-shop.com\\\/accueil\\\/\",\"name\":\"Pure Cosmetics\",\"description\":\"Skincare cor\u00e9enne et japonais\",\"publisher\":{\"@id\":\"https:\\\/\\\/purecosmetics-shop.com\\\/accueil\\\/#organization\"},\"potentialAction\":[{\"@type\":\"SearchAction\",\"target\":{\"@type\":\"EntryPoint\",\"urlTemplate\":\"https:\\\/\\\/purecosmetics-shop.com\\\/accueil\\\/?s={search_term_string}\"},\"query-input\":{\"@type\":\"PropertyValueSpecification\",\"valueRequired\":true,\"valueName\":\"search_term_string\"}}],\"inLanguage\":\"fr-FR\"},{\"@type\":\"Organization\",\"@id\":\"https:\\\/\\\/purecosmetics-shop.com\\\/accueil\\\/#organization\",\"name\":\"Pure Cosmetics\",\"url\":\"https:\\\/\\\/purecosmetics-shop.com\\\/accueil\\\/\",\"logo\":{\"@type\":\"ImageObject\",\"inLanguage\":\"fr-FR\",\"@id\":\"https:\\\/\\\/purecosmetics-shop.com\\\/accueil\\\/#\\\/schema\\\/logo\\\/image\\\/\",\"url\":\"https:\\\/\\\/purecosmetics-shop.com\\\/wp-content\\\/uploads\\\/2025\\\/04\\\/cropped-Pure-Cosmetics-black-2.png\",\"contentUrl\":\"https:\\\/\\\/purecosmetics-shop.com\\\/wp-content\\\/uploads\\\/2025\\\/04\\\/cropped-Pure-Cosmetics-black-2.png\",\"width\":2362,\"height\":2324,\"caption\":\"Pure Cosmetics\"},\"image\":{\"@id\":\"https:\\\/\\\/purecosmetics-shop.com\\\/accueil\\\/#\\\/schema\\\/logo\\\/image\\\/\"}}]}<\/script>\n<!-- \/ Yoast SEO plugin. -->","yoast_head_json":{"title":"STRAWBERRY SUGAR FOOD MASK LIP SCRUB - Pure Cosmetics","robots":{"index":"index","follow":"follow","max-snippet":"max-snippet:-1","max-image-preview":"max-image-preview:large","max-video-preview":"max-video-preview:-1"},"canonical":"https:\/\/purecosmetics-shop.com\/accueil\/produit\/strawberry-sugar-food-mask-lip-scrub\/","og_locale":"fr_FR","og_type":"article","og_title":"STRAWBERRY SUGAR FOOD MASK LIP SCRUB - Pure Cosmetics","og_description":"Ce gommage doux pour les l\u00e8vres, \u00e0 la fraise et au saccharose, \u00e9limine d\u00e9licatement les cellules mortes.  Sa formule enrichie en Pro-Energetic\u2122 hydrate les l\u00e8vres et les laisse douces et souples.  Son parfum frais et sucr\u00e9 \u00e0 la fraise se diffuse d\u00e9licatement, pour un soin tout en douceur.  Test d'irritation cutan\u00e9e r\u00e9alis\u00e9.","og_url":"https:\/\/purecosmetics-shop.com\/accueil\/produit\/strawberry-sugar-food-mask-lip-scrub\/","og_site_name":"Pure Cosmetics","article_modified_time":"2026-04-16T05:01:56+00:00","og_image":[{"width":640,"height":640,"url":"https:\/\/purecosmetics-shop.com\/wp-content\/uploads\/2026\/01\/SKINFOOD_strawberry_sugar_lip_scrub.webp","type":"image\/webp"}],"twitter_card":"summary_large_image","twitter_misc":{"Dur\u00e9e de lecture estim\u00e9e":"1 minute"},"schema":{"@context":"https:\/\/schema.org","@graph":[{"@type":"WebPage","@id":"https:\/\/purecosmetics-shop.com\/accueil\/produit\/strawberry-sugar-food-mask-lip-scrub\/","url":"https:\/\/purecosmetics-shop.com\/accueil\/produit\/strawberry-sugar-food-mask-lip-scrub\/","name":"STRAWBERRY SUGAR FOOD MASK LIP SCRUB - Pure Cosmetics","isPartOf":{"@id":"https:\/\/purecosmetics-shop.com\/accueil\/#website"},"primaryImageOfPage":{"@id":"https:\/\/purecosmetics-shop.com\/accueil\/produit\/strawberry-sugar-food-mask-lip-scrub\/#primaryimage"},"image":{"@id":"https:\/\/purecosmetics-shop.com\/accueil\/produit\/strawberry-sugar-food-mask-lip-scrub\/#primaryimage"},"thumbnailUrl":"https:\/\/purecosmetics-shop.com\/wp-content\/uploads\/2026\/01\/SKINFOOD_strawberry_sugar_lip_scrub.webp","datePublished":"2026-01-08T17:27:25+00:00","dateModified":"2026-04-16T05:01:56+00:00","breadcrumb":{"@id":"https:\/\/purecosmetics-shop.com\/accueil\/produit\/strawberry-sugar-food-mask-lip-scrub\/#breadcrumb"},"inLanguage":"fr-FR","potentialAction":[{"@type":"ReadAction","target":["https:\/\/purecosmetics-shop.com\/accueil\/produit\/strawberry-sugar-food-mask-lip-scrub\/"]}]},{"@type":"ImageObject","inLanguage":"fr-FR","@id":"https:\/\/purecosmetics-shop.com\/accueil\/produit\/strawberry-sugar-food-mask-lip-scrub\/#primaryimage","url":"https:\/\/purecosmetics-shop.com\/wp-content\/uploads\/2026\/01\/SKINFOOD_strawberry_sugar_lip_scrub.webp","contentUrl":"https:\/\/purecosmetics-shop.com\/wp-content\/uploads\/2026\/01\/SKINFOOD_strawberry_sugar_lip_scrub.webp","width":640,"height":640,"caption":"strawberry sugar food mask lip scrub"},{"@type":"BreadcrumbList","@id":"https:\/\/purecosmetics-shop.com\/accueil\/produit\/strawberry-sugar-food-mask-lip-scrub\/#breadcrumb","itemListElement":[{"@type":"ListItem","position":1,"name":"Accueil","item":"https:\/\/purecosmetics-shop.com\/accueil\/"},{"@type":"ListItem","position":2,"name":"NOUVEAUT\u00c9S","item":"https:\/\/purecosmetics-shop.com\/accueil\/nouveautes\/"},{"@type":"ListItem","position":3,"name":"STRAWBERRY SUGAR FOOD MASK LIP SCRUB"}]},{"@type":"WebSite","@id":"https:\/\/purecosmetics-shop.com\/accueil\/#website","url":"https:\/\/purecosmetics-shop.com\/accueil\/","name":"Pure Cosmetics","description":"Skincare cor\u00e9enne et japonais","publisher":{"@id":"https:\/\/purecosmetics-shop.com\/accueil\/#organization"},"potentialAction":[{"@type":"SearchAction","target":{"@type":"EntryPoint","urlTemplate":"https:\/\/purecosmetics-shop.com\/accueil\/?s={search_term_string}"},"query-input":{"@type":"PropertyValueSpecification","valueRequired":true,"valueName":"search_term_string"}}],"inLanguage":"fr-FR"},{"@type":"Organization","@id":"https:\/\/purecosmetics-shop.com\/accueil\/#organization","name":"Pure Cosmetics","url":"https:\/\/purecosmetics-shop.com\/accueil\/","logo":{"@type":"ImageObject","inLanguage":"fr-FR","@id":"https:\/\/purecosmetics-shop.com\/accueil\/#\/schema\/logo\/image\/","url":"https:\/\/purecosmetics-shop.com\/wp-content\/uploads\/2025\/04\/cropped-Pure-Cosmetics-black-2.png","contentUrl":"https:\/\/purecosmetics-shop.com\/wp-content\/uploads\/2025\/04\/cropped-Pure-Cosmetics-black-2.png","width":2362,"height":2324,"caption":"Pure Cosmetics"},"image":{"@id":"https:\/\/purecosmetics-shop.com\/accueil\/#\/schema\/logo\/image\/"}}]}},"jetpack_sharing_enabled":true,"_links":{"self":[{"href":"https:\/\/purecosmetics-shop.com\/accueil\/wp-json\/wp\/v2\/product\/4820","targetHints":{"allow":["GET"]}}],"collection":[{"href":"https:\/\/purecosmetics-shop.com\/accueil\/wp-json\/wp\/v2\/product"}],"about":[{"href":"https:\/\/purecosmetics-shop.com\/accueil\/wp-json\/wp\/v2\/types\/product"}],"replies":[{"embeddable":true,"href":"https:\/\/purecosmetics-shop.com\/accueil\/wp-json\/wp\/v2\/comments?post=4820"}],"version-history":[{"count":2,"href":"https:\/\/purecosmetics-shop.com\/accueil\/wp-json\/wp\/v2\/product\/4820\/revisions"}],"predecessor-version":[{"id":4827,"href":"https:\/\/purecosmetics-shop.com\/accueil\/wp-json\/wp\/v2\/product\/4820\/revisions\/4827"}],"wp:featuredmedia":[{"embeddable":true,"href":"https:\/\/purecosmetics-shop.com\/accueil\/wp-json\/wp\/v2\/media\/4825"}],"wp:attachment":[{"href":"https:\/\/purecosmetics-shop.com\/accueil\/wp-json\/wp\/v2\/media?parent=4820"}],"wp:term":[{"taxonomy":"product_brand","embeddable":true,"href":"https:\/\/purecosmetics-shop.com\/accueil\/wp-json\/wp\/v2\/product_brand?post=4820"},{"taxonomy":"product_cat","embeddable":true,"href":"https:\/\/purecosmetics-shop.com\/accueil\/wp-json\/wp\/v2\/product_cat?post=4820"},{"taxonomy":"product_tag","embeddable":true,"href":"https:\/\/purecosmetics-shop.com\/accueil\/wp-json\/wp\/v2\/product_tag?post=4820"}],"curies":[{"name":"wp","href":"https:\/\/api.w.org\/{rel}","templated":true}]}}