{"id":4544,"date":"2025-11-04T16:49:54","date_gmt":"2025-11-04T20:49:54","guid":{"rendered":"https:\/\/purecosmetics-shop.com\/accueil\/?post_type=product&#038;p=4544"},"modified":"2026-04-19T20:06:23","modified_gmt":"2026-04-20T00:06:23","slug":"camellia-deep-collagen-firming-cream","status":"publish","type":"product","link":"https:\/\/purecosmetics-shop.com\/accueil\/produit\/camellia-deep-collagen-firming-cream\/","title":{"rendered":"CAMELLIA DEEP COLLAGEN FIRMING CREAM"},"content":{"rendered":"<p>Cette cr\u00e8me combat les signes de l&rsquo;\u00e2ge comme le rel\u00e2chement cutan\u00e9, les pores dilat\u00e9s et la rugosit\u00e9 de la peau.<\/p>\n<p>La niacinamide illumine le teint terne tandis que l&rsquo;allanto\u00efne apaise.<\/p>\n<p>Sa texture gel rafra\u00eechissante p\u00e9n\u00e8tre rapidement dans la peau, lui procurant souplesse et de rebond sans effet collant.<\/p>\n<p>Ce produit convient aux peaux sensibles. Sa teinte ros\u00e9e provient de la vitamine B12, au lieu de colorants synth\u00e9tiques.<\/p>\n","protected":false},"excerpt":{"rendered":"<p>Cr\u00e8me infus\u00e9e de Camellia Collagenol\u2122, contenant de l&rsquo;extrait de fleur de Camellia Japonica, de la querc\u00e9tine et de l&rsquo;inositol, qui aident \u00e0 am\u00e9liorer la synth\u00e8se du collag\u00e8ne pour une apparence ferme et jeune.<\/p>\n<p>Enrichi en multi-collag\u00e8ne, il hydrate la peau en profondeur sans la dess\u00e9cher et am\u00e9liore sa fermet\u00e9.<\/p>\n<p>Il contient \u00e9galement du HPR (r\u00e9tinol nouvelle g\u00e9n\u00e9ration), d\u00e9riv\u00e9 de l&rsquo;acide r\u00e9tino\u00efque, pour resserrer les pores dilat\u00e9s et am\u00e9liorer l&rsquo;\u00e9lasticit\u00e9 de la peau.<\/p>\n","protected":false},"featured_media":4547,"comment_status":"open","ping_status":"closed","template":"","meta":[],"product_brand":[178],"product_cat":[107,25,115,116,117,118,119],"product_tag":[],"class_list":{"0":"post-4544","1":"product","2":"type-product","3":"status-publish","4":"has-post-thumbnail","6":"product_brand-round-lab","7":"product_cat-anti-age-et-elasticite","8":"product_cat-creme-visage","9":"product_cat-peau-grasse","10":"product_cat-peau-mixte","11":"product_cat-peau-normale","12":"product_cat-peau-seche","13":"product_cat-peau-sensible","15":"first","16":"instock","17":"shipping-taxable","18":"purchasable","19":"product-type-simple"},"yoast_head":"<!-- This site is optimized with the Yoast SEO plugin v27.4 - https:\/\/yoast.com\/product\/yoast-seo-wordpress\/ -->\n<title>CAMELLIA DEEP COLLAGEN FIRMING CREAM - Pure Cosmetics<\/title>\n<meta name=\"robots\" content=\"index, follow, max-snippet:-1, max-image-preview:large, max-video-preview:-1\" \/>\n<link rel=\"canonical\" href=\"https:\/\/purecosmetics-shop.com\/accueil\/produit\/camellia-deep-collagen-firming-cream\/\" \/>\n<meta property=\"og:locale\" content=\"fr_FR\" \/>\n<meta property=\"og:type\" content=\"article\" \/>\n<meta property=\"og:title\" content=\"CAMELLIA DEEP COLLAGEN FIRMING CREAM - Pure Cosmetics\" \/>\n<meta property=\"og:description\" content=\"Cr\u00e8me infus\u00e9e de Camellia Collagenol\u2122, contenant de l&#039;extrait de fleur de Camellia Japonica, de la querc\u00e9tine et de l&#039;inositol, qui aident \u00e0 am\u00e9liorer la synth\u00e8se du collag\u00e8ne pour une apparence ferme et jeune.  Enrichi en multi-collag\u00e8ne, il hydrate la peau en profondeur sans la dess\u00e9cher et am\u00e9liore sa fermet\u00e9.  Il contient \u00e9galement du HPR (r\u00e9tinol nouvelle g\u00e9n\u00e9ration), d\u00e9riv\u00e9 de l&#039;acide r\u00e9tino\u00efque, pour resserrer les pores dilat\u00e9s et am\u00e9liorer l&#039;\u00e9lasticit\u00e9 de la peau.\" \/>\n<meta property=\"og:url\" content=\"https:\/\/purecosmetics-shop.com\/accueil\/produit\/camellia-deep-collagen-firming-cream\/\" \/>\n<meta property=\"og:site_name\" content=\"Pure Cosmetics\" \/>\n<meta property=\"article:modified_time\" content=\"2026-04-20T00:06:23+00:00\" \/>\n<meta property=\"og:image\" content=\"https:\/\/purecosmetics-shop.com\/wp-content\/uploads\/2025\/10\/ROUND_LAB_CAMELLIA_DEEP_COLLAGEN_FIRMING_CREAM.webp\" \/>\n\t<meta property=\"og:image:width\" content=\"1500\" \/>\n\t<meta property=\"og:image:height\" content=\"1500\" \/>\n\t<meta property=\"og:image:type\" content=\"image\/webp\" \/>\n<meta name=\"twitter:card\" content=\"summary_large_image\" \/>\n<meta name=\"twitter:label1\" content=\"Dur\u00e9e de lecture estim\u00e9e\" \/>\n\t<meta name=\"twitter:data1\" content=\"1 minute\" \/>\n<script type=\"application\/ld+json\" class=\"yoast-schema-graph\">{\"@context\":\"https:\\\/\\\/schema.org\",\"@graph\":[{\"@type\":\"WebPage\",\"@id\":\"https:\\\/\\\/purecosmetics-shop.com\\\/accueil\\\/produit\\\/camellia-deep-collagen-firming-cream\\\/\",\"url\":\"https:\\\/\\\/purecosmetics-shop.com\\\/accueil\\\/produit\\\/camellia-deep-collagen-firming-cream\\\/\",\"name\":\"CAMELLIA DEEP COLLAGEN FIRMING CREAM - Pure Cosmetics\",\"isPartOf\":{\"@id\":\"https:\\\/\\\/purecosmetics-shop.com\\\/accueil\\\/#website\"},\"primaryImageOfPage\":{\"@id\":\"https:\\\/\\\/purecosmetics-shop.com\\\/accueil\\\/produit\\\/camellia-deep-collagen-firming-cream\\\/#primaryimage\"},\"image\":{\"@id\":\"https:\\\/\\\/purecosmetics-shop.com\\\/accueil\\\/produit\\\/camellia-deep-collagen-firming-cream\\\/#primaryimage\"},\"thumbnailUrl\":\"https:\\\/\\\/purecosmetics-shop.com\\\/wp-content\\\/uploads\\\/2025\\\/10\\\/ROUND_LAB_CAMELLIA_DEEP_COLLAGEN_FIRMING_CREAM.webp\",\"datePublished\":\"2025-11-04T20:49:54+00:00\",\"dateModified\":\"2026-04-20T00:06:23+00:00\",\"breadcrumb\":{\"@id\":\"https:\\\/\\\/purecosmetics-shop.com\\\/accueil\\\/produit\\\/camellia-deep-collagen-firming-cream\\\/#breadcrumb\"},\"inLanguage\":\"fr-FR\",\"potentialAction\":[{\"@type\":\"ReadAction\",\"target\":[\"https:\\\/\\\/purecosmetics-shop.com\\\/accueil\\\/produit\\\/camellia-deep-collagen-firming-cream\\\/\"]}]},{\"@type\":\"ImageObject\",\"inLanguage\":\"fr-FR\",\"@id\":\"https:\\\/\\\/purecosmetics-shop.com\\\/accueil\\\/produit\\\/camellia-deep-collagen-firming-cream\\\/#primaryimage\",\"url\":\"https:\\\/\\\/purecosmetics-shop.com\\\/wp-content\\\/uploads\\\/2025\\\/10\\\/ROUND_LAB_CAMELLIA_DEEP_COLLAGEN_FIRMING_CREAM.webp\",\"contentUrl\":\"https:\\\/\\\/purecosmetics-shop.com\\\/wp-content\\\/uploads\\\/2025\\\/10\\\/ROUND_LAB_CAMELLIA_DEEP_COLLAGEN_FIRMING_CREAM.webp\",\"width\":1500,\"height\":1500,\"caption\":\"ROUND LAB CAMELLIA DEEP COLLAGEN FIRMING CREAM\"},{\"@type\":\"BreadcrumbList\",\"@id\":\"https:\\\/\\\/purecosmetics-shop.com\\\/accueil\\\/produit\\\/camellia-deep-collagen-firming-cream\\\/#breadcrumb\",\"itemListElement\":[{\"@type\":\"ListItem\",\"position\":1,\"name\":\"Accueil\",\"item\":\"https:\\\/\\\/purecosmetics-shop.com\\\/accueil\\\/\"},{\"@type\":\"ListItem\",\"position\":2,\"name\":\"NOUVEAUT\u00c9S\",\"item\":\"https:\\\/\\\/purecosmetics-shop.com\\\/accueil\\\/nouveautes\\\/\"},{\"@type\":\"ListItem\",\"position\":3,\"name\":\"CAMELLIA DEEP COLLAGEN FIRMING CREAM\"}]},{\"@type\":\"WebSite\",\"@id\":\"https:\\\/\\\/purecosmetics-shop.com\\\/accueil\\\/#website\",\"url\":\"https:\\\/\\\/purecosmetics-shop.com\\\/accueil\\\/\",\"name\":\"Pure Cosmetics\",\"description\":\"Skincare cor\u00e9enne et japonais\",\"publisher\":{\"@id\":\"https:\\\/\\\/purecosmetics-shop.com\\\/accueil\\\/#organization\"},\"potentialAction\":[{\"@type\":\"SearchAction\",\"target\":{\"@type\":\"EntryPoint\",\"urlTemplate\":\"https:\\\/\\\/purecosmetics-shop.com\\\/accueil\\\/?s={search_term_string}\"},\"query-input\":{\"@type\":\"PropertyValueSpecification\",\"valueRequired\":true,\"valueName\":\"search_term_string\"}}],\"inLanguage\":\"fr-FR\"},{\"@type\":\"Organization\",\"@id\":\"https:\\\/\\\/purecosmetics-shop.com\\\/accueil\\\/#organization\",\"name\":\"Pure Cosmetics\",\"url\":\"https:\\\/\\\/purecosmetics-shop.com\\\/accueil\\\/\",\"logo\":{\"@type\":\"ImageObject\",\"inLanguage\":\"fr-FR\",\"@id\":\"https:\\\/\\\/purecosmetics-shop.com\\\/accueil\\\/#\\\/schema\\\/logo\\\/image\\\/\",\"url\":\"https:\\\/\\\/purecosmetics-shop.com\\\/wp-content\\\/uploads\\\/2025\\\/04\\\/cropped-Pure-Cosmetics-black-2.png\",\"contentUrl\":\"https:\\\/\\\/purecosmetics-shop.com\\\/wp-content\\\/uploads\\\/2025\\\/04\\\/cropped-Pure-Cosmetics-black-2.png\",\"width\":2362,\"height\":2324,\"caption\":\"Pure Cosmetics\"},\"image\":{\"@id\":\"https:\\\/\\\/purecosmetics-shop.com\\\/accueil\\\/#\\\/schema\\\/logo\\\/image\\\/\"}}]}<\/script>\n<!-- \/ Yoast SEO plugin. -->","yoast_head_json":{"title":"CAMELLIA DEEP COLLAGEN FIRMING CREAM - Pure Cosmetics","robots":{"index":"index","follow":"follow","max-snippet":"max-snippet:-1","max-image-preview":"max-image-preview:large","max-video-preview":"max-video-preview:-1"},"canonical":"https:\/\/purecosmetics-shop.com\/accueil\/produit\/camellia-deep-collagen-firming-cream\/","og_locale":"fr_FR","og_type":"article","og_title":"CAMELLIA DEEP COLLAGEN FIRMING CREAM - Pure Cosmetics","og_description":"Cr\u00e8me infus\u00e9e de Camellia Collagenol\u2122, contenant de l'extrait de fleur de Camellia Japonica, de la querc\u00e9tine et de l'inositol, qui aident \u00e0 am\u00e9liorer la synth\u00e8se du collag\u00e8ne pour une apparence ferme et jeune.  Enrichi en multi-collag\u00e8ne, il hydrate la peau en profondeur sans la dess\u00e9cher et am\u00e9liore sa fermet\u00e9.  Il contient \u00e9galement du HPR (r\u00e9tinol nouvelle g\u00e9n\u00e9ration), d\u00e9riv\u00e9 de l'acide r\u00e9tino\u00efque, pour resserrer les pores dilat\u00e9s et am\u00e9liorer l'\u00e9lasticit\u00e9 de la peau.","og_url":"https:\/\/purecosmetics-shop.com\/accueil\/produit\/camellia-deep-collagen-firming-cream\/","og_site_name":"Pure Cosmetics","article_modified_time":"2026-04-20T00:06:23+00:00","og_image":[{"width":1500,"height":1500,"url":"https:\/\/purecosmetics-shop.com\/wp-content\/uploads\/2025\/10\/ROUND_LAB_CAMELLIA_DEEP_COLLAGEN_FIRMING_CREAM.webp","type":"image\/webp"}],"twitter_card":"summary_large_image","twitter_misc":{"Dur\u00e9e de lecture estim\u00e9e":"1 minute"},"schema":{"@context":"https:\/\/schema.org","@graph":[{"@type":"WebPage","@id":"https:\/\/purecosmetics-shop.com\/accueil\/produit\/camellia-deep-collagen-firming-cream\/","url":"https:\/\/purecosmetics-shop.com\/accueil\/produit\/camellia-deep-collagen-firming-cream\/","name":"CAMELLIA DEEP COLLAGEN FIRMING CREAM - Pure Cosmetics","isPartOf":{"@id":"https:\/\/purecosmetics-shop.com\/accueil\/#website"},"primaryImageOfPage":{"@id":"https:\/\/purecosmetics-shop.com\/accueil\/produit\/camellia-deep-collagen-firming-cream\/#primaryimage"},"image":{"@id":"https:\/\/purecosmetics-shop.com\/accueil\/produit\/camellia-deep-collagen-firming-cream\/#primaryimage"},"thumbnailUrl":"https:\/\/purecosmetics-shop.com\/wp-content\/uploads\/2025\/10\/ROUND_LAB_CAMELLIA_DEEP_COLLAGEN_FIRMING_CREAM.webp","datePublished":"2025-11-04T20:49:54+00:00","dateModified":"2026-04-20T00:06:23+00:00","breadcrumb":{"@id":"https:\/\/purecosmetics-shop.com\/accueil\/produit\/camellia-deep-collagen-firming-cream\/#breadcrumb"},"inLanguage":"fr-FR","potentialAction":[{"@type":"ReadAction","target":["https:\/\/purecosmetics-shop.com\/accueil\/produit\/camellia-deep-collagen-firming-cream\/"]}]},{"@type":"ImageObject","inLanguage":"fr-FR","@id":"https:\/\/purecosmetics-shop.com\/accueil\/produit\/camellia-deep-collagen-firming-cream\/#primaryimage","url":"https:\/\/purecosmetics-shop.com\/wp-content\/uploads\/2025\/10\/ROUND_LAB_CAMELLIA_DEEP_COLLAGEN_FIRMING_CREAM.webp","contentUrl":"https:\/\/purecosmetics-shop.com\/wp-content\/uploads\/2025\/10\/ROUND_LAB_CAMELLIA_DEEP_COLLAGEN_FIRMING_CREAM.webp","width":1500,"height":1500,"caption":"ROUND LAB CAMELLIA DEEP COLLAGEN FIRMING CREAM"},{"@type":"BreadcrumbList","@id":"https:\/\/purecosmetics-shop.com\/accueil\/produit\/camellia-deep-collagen-firming-cream\/#breadcrumb","itemListElement":[{"@type":"ListItem","position":1,"name":"Accueil","item":"https:\/\/purecosmetics-shop.com\/accueil\/"},{"@type":"ListItem","position":2,"name":"NOUVEAUT\u00c9S","item":"https:\/\/purecosmetics-shop.com\/accueil\/nouveautes\/"},{"@type":"ListItem","position":3,"name":"CAMELLIA DEEP COLLAGEN FIRMING CREAM"}]},{"@type":"WebSite","@id":"https:\/\/purecosmetics-shop.com\/accueil\/#website","url":"https:\/\/purecosmetics-shop.com\/accueil\/","name":"Pure Cosmetics","description":"Skincare cor\u00e9enne et japonais","publisher":{"@id":"https:\/\/purecosmetics-shop.com\/accueil\/#organization"},"potentialAction":[{"@type":"SearchAction","target":{"@type":"EntryPoint","urlTemplate":"https:\/\/purecosmetics-shop.com\/accueil\/?s={search_term_string}"},"query-input":{"@type":"PropertyValueSpecification","valueRequired":true,"valueName":"search_term_string"}}],"inLanguage":"fr-FR"},{"@type":"Organization","@id":"https:\/\/purecosmetics-shop.com\/accueil\/#organization","name":"Pure Cosmetics","url":"https:\/\/purecosmetics-shop.com\/accueil\/","logo":{"@type":"ImageObject","inLanguage":"fr-FR","@id":"https:\/\/purecosmetics-shop.com\/accueil\/#\/schema\/logo\/image\/","url":"https:\/\/purecosmetics-shop.com\/wp-content\/uploads\/2025\/04\/cropped-Pure-Cosmetics-black-2.png","contentUrl":"https:\/\/purecosmetics-shop.com\/wp-content\/uploads\/2025\/04\/cropped-Pure-Cosmetics-black-2.png","width":2362,"height":2324,"caption":"Pure Cosmetics"},"image":{"@id":"https:\/\/purecosmetics-shop.com\/accueil\/#\/schema\/logo\/image\/"}}]}},"jetpack_sharing_enabled":true,"_links":{"self":[{"href":"https:\/\/purecosmetics-shop.com\/accueil\/wp-json\/wp\/v2\/product\/4544","targetHints":{"allow":["GET"]}}],"collection":[{"href":"https:\/\/purecosmetics-shop.com\/accueil\/wp-json\/wp\/v2\/product"}],"about":[{"href":"https:\/\/purecosmetics-shop.com\/accueil\/wp-json\/wp\/v2\/types\/product"}],"replies":[{"embeddable":true,"href":"https:\/\/purecosmetics-shop.com\/accueil\/wp-json\/wp\/v2\/comments?post=4544"}],"version-history":[{"count":2,"href":"https:\/\/purecosmetics-shop.com\/accueil\/wp-json\/wp\/v2\/product\/4544\/revisions"}],"predecessor-version":[{"id":6016,"href":"https:\/\/purecosmetics-shop.com\/accueil\/wp-json\/wp\/v2\/product\/4544\/revisions\/6016"}],"wp:featuredmedia":[{"embeddable":true,"href":"https:\/\/purecosmetics-shop.com\/accueil\/wp-json\/wp\/v2\/media\/4547"}],"wp:attachment":[{"href":"https:\/\/purecosmetics-shop.com\/accueil\/wp-json\/wp\/v2\/media?parent=4544"}],"wp:term":[{"taxonomy":"product_brand","embeddable":true,"href":"https:\/\/purecosmetics-shop.com\/accueil\/wp-json\/wp\/v2\/product_brand?post=4544"},{"taxonomy":"product_cat","embeddable":true,"href":"https:\/\/purecosmetics-shop.com\/accueil\/wp-json\/wp\/v2\/product_cat?post=4544"},{"taxonomy":"product_tag","embeddable":true,"href":"https:\/\/purecosmetics-shop.com\/accueil\/wp-json\/wp\/v2\/product_tag?post=4544"}],"curies":[{"name":"wp","href":"https:\/\/api.w.org\/{rel}","templated":true}]}}