{"id":4537,"date":"2025-11-04T14:48:55","date_gmt":"2025-11-04T18:48:55","guid":{"rendered":"https:\/\/purecosmetics-shop.com\/accueil\/?post_type=product&#038;p=4537"},"modified":"2026-04-18T05:29:23","modified_gmt":"2026-04-18T09:29:23","slug":"mela-pro-tranexamic-acid-serum","status":"publish","type":"product","link":"https:\/\/purecosmetics-shop.com\/accueil\/produit\/mela-pro-tranexamic-acid-serum\/","title":{"rendered":"MELA-PRO Tranexamic Acid Serum"},"content":{"rendered":"<p>Ce s\u00e9rum contient 5 % d&rsquo;acide tranexaminique, 2 % de niacinamide et du glutathion qui contribuent \u00e0 \u00e9claircir le teint, \u00e0 r\u00e9duire la pigmentation et \u00e0 r\u00e9duire les pores.<\/p>\n<p>Compos\u00e9 d&rsquo;acide hyaluronique et de glyc\u00e9rine, il hydrate la peau en profondeur et att\u00e9nue les rougeurs.<\/p>\n<p>Sa texture l\u00e9g\u00e8re acc\u00e9l\u00e8re la p\u00e9n\u00e9tration des nutriments dans la peau.<\/p>\n","protected":false},"excerpt":{"rendered":"<p>Ce s\u00e9rum contient 5 % d&rsquo;acide tranexaminique, 2 % de niacinamide et du glutathion qui contribuent \u00e0 \u00e9claircir le teint, \u00e0 r\u00e9duire la pigmentation et \u00e0 r\u00e9duire les pores.<\/p>\n<p>Compos\u00e9 d&rsquo;acide hyaluronique et de glyc\u00e9rine, il hydrate la peau en profondeur et att\u00e9nue les rougeurs.<\/p>\n<p>Sa texture l\u00e9g\u00e8re acc\u00e9l\u00e8re la p\u00e9n\u00e9tration des nutriments dans la peau.<\/p>\n","protected":false},"featured_media":4542,"comment_status":"open","ping_status":"closed","template":"","meta":[],"product_brand":[197],"product_cat":[110,117,21],"product_tag":[],"class_list":{"0":"post-4537","1":"product","2":"type-product","3":"status-publish","4":"has-post-thumbnail","6":"product_brand-nine-less","7":"product_cat-anti-tache-et-hyperpigmentation","8":"product_cat-peau-normale","9":"product_cat-serum","11":"first","12":"instock","13":"shipping-taxable","14":"purchasable","15":"product-type-simple"},"yoast_head":"<!-- This site is optimized with the Yoast SEO plugin v27.4 - https:\/\/yoast.com\/product\/yoast-seo-wordpress\/ -->\n<title>MELA-PRO Tranexamic Acid Serum - Pure Cosmetics<\/title>\n<meta name=\"robots\" content=\"index, follow, max-snippet:-1, max-image-preview:large, max-video-preview:-1\" \/>\n<link rel=\"canonical\" href=\"https:\/\/purecosmetics-shop.com\/accueil\/produit\/mela-pro-tranexamic-acid-serum\/\" \/>\n<meta property=\"og:locale\" content=\"fr_FR\" \/>\n<meta property=\"og:type\" content=\"article\" \/>\n<meta property=\"og:title\" content=\"MELA-PRO Tranexamic Acid Serum - Pure Cosmetics\" \/>\n<meta property=\"og:description\" content=\"Ce s\u00e9rum contient 5 % d&#039;acide tranexaminique, 2 % de niacinamide et du glutathion qui contribuent \u00e0 \u00e9claircir le teint, \u00e0 r\u00e9duire la pigmentation et \u00e0 r\u00e9duire les pores.  Compos\u00e9 d&#039;acide hyaluronique et de glyc\u00e9rine, il hydrate la peau en profondeur et att\u00e9nue les rougeurs.  Sa texture l\u00e9g\u00e8re acc\u00e9l\u00e8re la p\u00e9n\u00e9tration des nutriments dans la peau.\" \/>\n<meta property=\"og:url\" content=\"https:\/\/purecosmetics-shop.com\/accueil\/produit\/mela-pro-tranexamic-acid-serum\/\" \/>\n<meta property=\"og:site_name\" content=\"Pure Cosmetics\" \/>\n<meta property=\"article:modified_time\" content=\"2026-04-18T09:29:23+00:00\" \/>\n<meta property=\"og:image\" content=\"https:\/\/purecosmetics-shop.com\/wp-content\/uploads\/2025\/10\/NINELESS_MELA_PRO_TRANEXAMIC_ACID_SERUM-e1761329012227.webp\" \/>\n\t<meta property=\"og:image:width\" content=\"600\" \/>\n\t<meta property=\"og:image:height\" content=\"600\" \/>\n\t<meta property=\"og:image:type\" content=\"image\/webp\" \/>\n<meta name=\"twitter:card\" content=\"summary_large_image\" \/>\n<meta name=\"twitter:label1\" content=\"Dur\u00e9e de lecture estim\u00e9e\" \/>\n\t<meta name=\"twitter:data1\" content=\"1 minute\" \/>\n<script type=\"application\/ld+json\" class=\"yoast-schema-graph\">{\"@context\":\"https:\\\/\\\/schema.org\",\"@graph\":[{\"@type\":\"WebPage\",\"@id\":\"https:\\\/\\\/purecosmetics-shop.com\\\/accueil\\\/produit\\\/mela-pro-tranexamic-acid-serum\\\/\",\"url\":\"https:\\\/\\\/purecosmetics-shop.com\\\/accueil\\\/produit\\\/mela-pro-tranexamic-acid-serum\\\/\",\"name\":\"MELA-PRO Tranexamic Acid Serum - Pure Cosmetics\",\"isPartOf\":{\"@id\":\"https:\\\/\\\/purecosmetics-shop.com\\\/accueil\\\/#website\"},\"primaryImageOfPage\":{\"@id\":\"https:\\\/\\\/purecosmetics-shop.com\\\/accueil\\\/produit\\\/mela-pro-tranexamic-acid-serum\\\/#primaryimage\"},\"image\":{\"@id\":\"https:\\\/\\\/purecosmetics-shop.com\\\/accueil\\\/produit\\\/mela-pro-tranexamic-acid-serum\\\/#primaryimage\"},\"thumbnailUrl\":\"https:\\\/\\\/purecosmetics-shop.com\\\/wp-content\\\/uploads\\\/2025\\\/10\\\/NINELESS_MELA_PRO_TRANEXAMIC_ACID_SERUM-e1761329012227.webp\",\"datePublished\":\"2025-11-04T18:48:55+00:00\",\"dateModified\":\"2026-04-18T09:29:23+00:00\",\"breadcrumb\":{\"@id\":\"https:\\\/\\\/purecosmetics-shop.com\\\/accueil\\\/produit\\\/mela-pro-tranexamic-acid-serum\\\/#breadcrumb\"},\"inLanguage\":\"fr-FR\",\"potentialAction\":[{\"@type\":\"ReadAction\",\"target\":[\"https:\\\/\\\/purecosmetics-shop.com\\\/accueil\\\/produit\\\/mela-pro-tranexamic-acid-serum\\\/\"]}]},{\"@type\":\"ImageObject\",\"inLanguage\":\"fr-FR\",\"@id\":\"https:\\\/\\\/purecosmetics-shop.com\\\/accueil\\\/produit\\\/mela-pro-tranexamic-acid-serum\\\/#primaryimage\",\"url\":\"https:\\\/\\\/purecosmetics-shop.com\\\/wp-content\\\/uploads\\\/2025\\\/10\\\/NINELESS_MELA_PRO_TRANEXAMIC_ACID_SERUM-e1761329012227.webp\",\"contentUrl\":\"https:\\\/\\\/purecosmetics-shop.com\\\/wp-content\\\/uploads\\\/2025\\\/10\\\/NINELESS_MELA_PRO_TRANEXAMIC_ACID_SERUM-e1761329012227.webp\",\"width\":600,\"height\":600,\"caption\":\"NINELESS MELA-PRO Tranexamic Acid Serum\"},{\"@type\":\"BreadcrumbList\",\"@id\":\"https:\\\/\\\/purecosmetics-shop.com\\\/accueil\\\/produit\\\/mela-pro-tranexamic-acid-serum\\\/#breadcrumb\",\"itemListElement\":[{\"@type\":\"ListItem\",\"position\":1,\"name\":\"Accueil\",\"item\":\"https:\\\/\\\/purecosmetics-shop.com\\\/accueil\\\/\"},{\"@type\":\"ListItem\",\"position\":2,\"name\":\"NOUVEAUT\u00c9S\",\"item\":\"https:\\\/\\\/purecosmetics-shop.com\\\/accueil\\\/nouveautes\\\/\"},{\"@type\":\"ListItem\",\"position\":3,\"name\":\"MELA-PRO Tranexamic Acid Serum\"}]},{\"@type\":\"WebSite\",\"@id\":\"https:\\\/\\\/purecosmetics-shop.com\\\/accueil\\\/#website\",\"url\":\"https:\\\/\\\/purecosmetics-shop.com\\\/accueil\\\/\",\"name\":\"Pure Cosmetics\",\"description\":\"Skincare cor\u00e9enne et japonais\",\"publisher\":{\"@id\":\"https:\\\/\\\/purecosmetics-shop.com\\\/accueil\\\/#organization\"},\"potentialAction\":[{\"@type\":\"SearchAction\",\"target\":{\"@type\":\"EntryPoint\",\"urlTemplate\":\"https:\\\/\\\/purecosmetics-shop.com\\\/accueil\\\/?s={search_term_string}\"},\"query-input\":{\"@type\":\"PropertyValueSpecification\",\"valueRequired\":true,\"valueName\":\"search_term_string\"}}],\"inLanguage\":\"fr-FR\"},{\"@type\":\"Organization\",\"@id\":\"https:\\\/\\\/purecosmetics-shop.com\\\/accueil\\\/#organization\",\"name\":\"Pure Cosmetics\",\"url\":\"https:\\\/\\\/purecosmetics-shop.com\\\/accueil\\\/\",\"logo\":{\"@type\":\"ImageObject\",\"inLanguage\":\"fr-FR\",\"@id\":\"https:\\\/\\\/purecosmetics-shop.com\\\/accueil\\\/#\\\/schema\\\/logo\\\/image\\\/\",\"url\":\"https:\\\/\\\/purecosmetics-shop.com\\\/wp-content\\\/uploads\\\/2025\\\/04\\\/cropped-Pure-Cosmetics-black-2.png\",\"contentUrl\":\"https:\\\/\\\/purecosmetics-shop.com\\\/wp-content\\\/uploads\\\/2025\\\/04\\\/cropped-Pure-Cosmetics-black-2.png\",\"width\":2362,\"height\":2324,\"caption\":\"Pure Cosmetics\"},\"image\":{\"@id\":\"https:\\\/\\\/purecosmetics-shop.com\\\/accueil\\\/#\\\/schema\\\/logo\\\/image\\\/\"}}]}<\/script>\n<!-- \/ Yoast SEO plugin. -->","yoast_head_json":{"title":"MELA-PRO Tranexamic Acid Serum - Pure Cosmetics","robots":{"index":"index","follow":"follow","max-snippet":"max-snippet:-1","max-image-preview":"max-image-preview:large","max-video-preview":"max-video-preview:-1"},"canonical":"https:\/\/purecosmetics-shop.com\/accueil\/produit\/mela-pro-tranexamic-acid-serum\/","og_locale":"fr_FR","og_type":"article","og_title":"MELA-PRO Tranexamic Acid Serum - Pure Cosmetics","og_description":"Ce s\u00e9rum contient 5 % d'acide tranexaminique, 2 % de niacinamide et du glutathion qui contribuent \u00e0 \u00e9claircir le teint, \u00e0 r\u00e9duire la pigmentation et \u00e0 r\u00e9duire les pores.  Compos\u00e9 d'acide hyaluronique et de glyc\u00e9rine, il hydrate la peau en profondeur et att\u00e9nue les rougeurs.  Sa texture l\u00e9g\u00e8re acc\u00e9l\u00e8re la p\u00e9n\u00e9tration des nutriments dans la peau.","og_url":"https:\/\/purecosmetics-shop.com\/accueil\/produit\/mela-pro-tranexamic-acid-serum\/","og_site_name":"Pure Cosmetics","article_modified_time":"2026-04-18T09:29:23+00:00","og_image":[{"width":600,"height":600,"url":"https:\/\/purecosmetics-shop.com\/wp-content\/uploads\/2025\/10\/NINELESS_MELA_PRO_TRANEXAMIC_ACID_SERUM-e1761329012227.webp","type":"image\/webp"}],"twitter_card":"summary_large_image","twitter_misc":{"Dur\u00e9e de lecture estim\u00e9e":"1 minute"},"schema":{"@context":"https:\/\/schema.org","@graph":[{"@type":"WebPage","@id":"https:\/\/purecosmetics-shop.com\/accueil\/produit\/mela-pro-tranexamic-acid-serum\/","url":"https:\/\/purecosmetics-shop.com\/accueil\/produit\/mela-pro-tranexamic-acid-serum\/","name":"MELA-PRO Tranexamic Acid Serum - Pure Cosmetics","isPartOf":{"@id":"https:\/\/purecosmetics-shop.com\/accueil\/#website"},"primaryImageOfPage":{"@id":"https:\/\/purecosmetics-shop.com\/accueil\/produit\/mela-pro-tranexamic-acid-serum\/#primaryimage"},"image":{"@id":"https:\/\/purecosmetics-shop.com\/accueil\/produit\/mela-pro-tranexamic-acid-serum\/#primaryimage"},"thumbnailUrl":"https:\/\/purecosmetics-shop.com\/wp-content\/uploads\/2025\/10\/NINELESS_MELA_PRO_TRANEXAMIC_ACID_SERUM-e1761329012227.webp","datePublished":"2025-11-04T18:48:55+00:00","dateModified":"2026-04-18T09:29:23+00:00","breadcrumb":{"@id":"https:\/\/purecosmetics-shop.com\/accueil\/produit\/mela-pro-tranexamic-acid-serum\/#breadcrumb"},"inLanguage":"fr-FR","potentialAction":[{"@type":"ReadAction","target":["https:\/\/purecosmetics-shop.com\/accueil\/produit\/mela-pro-tranexamic-acid-serum\/"]}]},{"@type":"ImageObject","inLanguage":"fr-FR","@id":"https:\/\/purecosmetics-shop.com\/accueil\/produit\/mela-pro-tranexamic-acid-serum\/#primaryimage","url":"https:\/\/purecosmetics-shop.com\/wp-content\/uploads\/2025\/10\/NINELESS_MELA_PRO_TRANEXAMIC_ACID_SERUM-e1761329012227.webp","contentUrl":"https:\/\/purecosmetics-shop.com\/wp-content\/uploads\/2025\/10\/NINELESS_MELA_PRO_TRANEXAMIC_ACID_SERUM-e1761329012227.webp","width":600,"height":600,"caption":"NINELESS MELA-PRO Tranexamic Acid Serum"},{"@type":"BreadcrumbList","@id":"https:\/\/purecosmetics-shop.com\/accueil\/produit\/mela-pro-tranexamic-acid-serum\/#breadcrumb","itemListElement":[{"@type":"ListItem","position":1,"name":"Accueil","item":"https:\/\/purecosmetics-shop.com\/accueil\/"},{"@type":"ListItem","position":2,"name":"NOUVEAUT\u00c9S","item":"https:\/\/purecosmetics-shop.com\/accueil\/nouveautes\/"},{"@type":"ListItem","position":3,"name":"MELA-PRO Tranexamic Acid Serum"}]},{"@type":"WebSite","@id":"https:\/\/purecosmetics-shop.com\/accueil\/#website","url":"https:\/\/purecosmetics-shop.com\/accueil\/","name":"Pure Cosmetics","description":"Skincare cor\u00e9enne et japonais","publisher":{"@id":"https:\/\/purecosmetics-shop.com\/accueil\/#organization"},"potentialAction":[{"@type":"SearchAction","target":{"@type":"EntryPoint","urlTemplate":"https:\/\/purecosmetics-shop.com\/accueil\/?s={search_term_string}"},"query-input":{"@type":"PropertyValueSpecification","valueRequired":true,"valueName":"search_term_string"}}],"inLanguage":"fr-FR"},{"@type":"Organization","@id":"https:\/\/purecosmetics-shop.com\/accueil\/#organization","name":"Pure Cosmetics","url":"https:\/\/purecosmetics-shop.com\/accueil\/","logo":{"@type":"ImageObject","inLanguage":"fr-FR","@id":"https:\/\/purecosmetics-shop.com\/accueil\/#\/schema\/logo\/image\/","url":"https:\/\/purecosmetics-shop.com\/wp-content\/uploads\/2025\/04\/cropped-Pure-Cosmetics-black-2.png","contentUrl":"https:\/\/purecosmetics-shop.com\/wp-content\/uploads\/2025\/04\/cropped-Pure-Cosmetics-black-2.png","width":2362,"height":2324,"caption":"Pure Cosmetics"},"image":{"@id":"https:\/\/purecosmetics-shop.com\/accueil\/#\/schema\/logo\/image\/"}}]}},"jetpack_sharing_enabled":true,"_links":{"self":[{"href":"https:\/\/purecosmetics-shop.com\/accueil\/wp-json\/wp\/v2\/product\/4537","targetHints":{"allow":["GET"]}}],"collection":[{"href":"https:\/\/purecosmetics-shop.com\/accueil\/wp-json\/wp\/v2\/product"}],"about":[{"href":"https:\/\/purecosmetics-shop.com\/accueil\/wp-json\/wp\/v2\/types\/product"}],"replies":[{"embeddable":true,"href":"https:\/\/purecosmetics-shop.com\/accueil\/wp-json\/wp\/v2\/comments?post=4537"}],"version-history":[{"count":1,"href":"https:\/\/purecosmetics-shop.com\/accueil\/wp-json\/wp\/v2\/product\/4537\/revisions"}],"predecessor-version":[{"id":4543,"href":"https:\/\/purecosmetics-shop.com\/accueil\/wp-json\/wp\/v2\/product\/4537\/revisions\/4543"}],"wp:featuredmedia":[{"embeddable":true,"href":"https:\/\/purecosmetics-shop.com\/accueil\/wp-json\/wp\/v2\/media\/4542"}],"wp:attachment":[{"href":"https:\/\/purecosmetics-shop.com\/accueil\/wp-json\/wp\/v2\/media?parent=4537"}],"wp:term":[{"taxonomy":"product_brand","embeddable":true,"href":"https:\/\/purecosmetics-shop.com\/accueil\/wp-json\/wp\/v2\/product_brand?post=4537"},{"taxonomy":"product_cat","embeddable":true,"href":"https:\/\/purecosmetics-shop.com\/accueil\/wp-json\/wp\/v2\/product_cat?post=4537"},{"taxonomy":"product_tag","embeddable":true,"href":"https:\/\/purecosmetics-shop.com\/accueil\/wp-json\/wp\/v2\/product_tag?post=4537"}],"curies":[{"name":"wp","href":"https:\/\/api.w.org\/{rel}","templated":true}]}}