{"id":4516,"date":"2025-11-04T14:46:54","date_gmt":"2025-11-04T18:46:54","guid":{"rendered":"https:\/\/purecosmetics-shop.com\/accueil\/?post_type=product&#038;p=4516"},"modified":"2026-04-17T02:51:12","modified_gmt":"2026-04-17T06:51:12","slug":"airy-volume-hyaluron-serum","status":"publish","type":"product","link":"https:\/\/purecosmetics-shop.com\/accueil\/produit\/airy-volume-hyaluron-serum\/","title":{"rendered":"AIRY VOLUME HYALURON SERUM"},"content":{"rendered":"<p>Mode d&#8217;emploi:<\/p>\n<ol>\n<li>S\u00e9chez vos cheveux \u00e0 la serviette apr\u00e8s le shampoing.<\/li>\n<li>Appliquez une petite quantit\u00e9 (1 \u00e0 2 pressions pour cheveux courts, 3 \u00e0 4 pressions pour cheveux longs) dans le creux de la main.<\/li>\n<li>Appliquez uniform\u00e9ment sur les mi-longueurs et les pointes, en insistant sur les zones s\u00e8ches.<\/li>\n<li>Coiffez comme d&rsquo;habitude. Peut \u00e9galement \u00eatre utilis\u00e9 sur cheveux secs comme s\u00e9rum de finition pour plus de brillance.<\/li>\n<\/ol>\n","protected":false},"excerpt":{"rendered":"<p>Le s\u00e9rum capillaire KUNDAL est l\u00e9ger et hydratant, revitalisant les cheveux secs et cr\u00e9pus.<\/p>\n<p>Enrichi en 8 types d&rsquo;acide hyaluronique et un complexe d&rsquo;huiles v\u00e9g\u00e9tales, il hydrate et nourrit en profondeur sans alourdir.<\/p>\n<p>Ce s\u00e9rum lisse les cuticules, booste la brillance et prot\u00e8ge des dommages et de la casse du quotidien.<\/p>\n<p>Sa formule a\u00e9rienne et non collante p\u00e9n\u00e8tre rapidement, laissant les cheveux soyeux, faciles \u00e0 coiffer et offrant un rebond naturel.<\/p>\n<p>Test\u00e9 cliniquement pour am\u00e9liorer la brillance des cheveux de 63 % et r\u00e9duire significativement la s\u00e9cheresse.<\/p>\n","protected":false},"featured_media":4525,"comment_status":"open","ping_status":"closed","template":"","meta":[],"product_brand":[215],"product_cat":[135,21],"product_tag":[],"class_list":{"0":"post-4516","1":"product","2":"type-product","3":"status-publish","4":"has-post-thumbnail","6":"product_brand-kundal","7":"product_cat-haircare","8":"product_cat-serum","10":"first","11":"instock","12":"shipping-taxable","13":"purchasable","14":"product-type-simple"},"yoast_head":"<!-- This site is optimized with the Yoast SEO plugin v27.4 - https:\/\/yoast.com\/product\/yoast-seo-wordpress\/ -->\n<title>AIRY VOLUME HYALURON SERUM - Pure Cosmetics<\/title>\n<meta name=\"robots\" content=\"index, follow, max-snippet:-1, max-image-preview:large, max-video-preview:-1\" \/>\n<link rel=\"canonical\" href=\"https:\/\/purecosmetics-shop.com\/accueil\/produit\/airy-volume-hyaluron-serum\/\" \/>\n<meta property=\"og:locale\" content=\"fr_FR\" \/>\n<meta property=\"og:type\" content=\"article\" \/>\n<meta property=\"og:title\" content=\"AIRY VOLUME HYALURON SERUM - Pure Cosmetics\" \/>\n<meta property=\"og:description\" content=\"Le s\u00e9rum capillaire KUNDAL est l\u00e9ger et hydratant, revitalisant les cheveux secs et cr\u00e9pus.  Enrichi en 8 types d&#039;acide hyaluronique et un complexe d&#039;huiles v\u00e9g\u00e9tales, il hydrate et nourrit en profondeur sans alourdir.  Ce s\u00e9rum lisse les cuticules, booste la brillance et prot\u00e8ge des dommages et de la casse du quotidien.  Sa formule a\u00e9rienne et non collante p\u00e9n\u00e8tre rapidement, laissant les cheveux soyeux, faciles \u00e0 coiffer et offrant un rebond naturel.  Test\u00e9 cliniquement pour am\u00e9liorer la brillance des cheveux de 63 % et r\u00e9duire significativement la s\u00e9cheresse.\" \/>\n<meta property=\"og:url\" content=\"https:\/\/purecosmetics-shop.com\/accueil\/produit\/airy-volume-hyaluron-serum\/\" \/>\n<meta property=\"og:site_name\" content=\"Pure Cosmetics\" \/>\n<meta property=\"article:modified_time\" content=\"2026-04-17T06:51:12+00:00\" \/>\n<meta property=\"og:image\" content=\"https:\/\/purecosmetics-shop.com\/wp-content\/uploads\/2025\/10\/KUNDAL_AIRY_VOLUME_HYALURON_SERUM.jpg\" \/>\n\t<meta property=\"og:image:width\" content=\"500\" \/>\n\t<meta property=\"og:image:height\" content=\"500\" \/>\n\t<meta property=\"og:image:type\" content=\"image\/jpeg\" \/>\n<meta name=\"twitter:card\" content=\"summary_large_image\" \/>\n<meta name=\"twitter:label1\" content=\"Dur\u00e9e de lecture estim\u00e9e\" \/>\n\t<meta name=\"twitter:data1\" content=\"1 minute\" \/>\n<script type=\"application\/ld+json\" class=\"yoast-schema-graph\">{\"@context\":\"https:\\\/\\\/schema.org\",\"@graph\":[{\"@type\":\"WebPage\",\"@id\":\"https:\\\/\\\/purecosmetics-shop.com\\\/accueil\\\/produit\\\/airy-volume-hyaluron-serum\\\/\",\"url\":\"https:\\\/\\\/purecosmetics-shop.com\\\/accueil\\\/produit\\\/airy-volume-hyaluron-serum\\\/\",\"name\":\"AIRY VOLUME HYALURON SERUM - Pure Cosmetics\",\"isPartOf\":{\"@id\":\"https:\\\/\\\/purecosmetics-shop.com\\\/accueil\\\/#website\"},\"primaryImageOfPage\":{\"@id\":\"https:\\\/\\\/purecosmetics-shop.com\\\/accueil\\\/produit\\\/airy-volume-hyaluron-serum\\\/#primaryimage\"},\"image\":{\"@id\":\"https:\\\/\\\/purecosmetics-shop.com\\\/accueil\\\/produit\\\/airy-volume-hyaluron-serum\\\/#primaryimage\"},\"thumbnailUrl\":\"https:\\\/\\\/purecosmetics-shop.com\\\/wp-content\\\/uploads\\\/2025\\\/10\\\/KUNDAL_AIRY_VOLUME_HYALURON_SERUM.jpg\",\"datePublished\":\"2025-11-04T18:46:54+00:00\",\"dateModified\":\"2026-04-17T06:51:12+00:00\",\"breadcrumb\":{\"@id\":\"https:\\\/\\\/purecosmetics-shop.com\\\/accueil\\\/produit\\\/airy-volume-hyaluron-serum\\\/#breadcrumb\"},\"inLanguage\":\"fr-FR\",\"potentialAction\":[{\"@type\":\"ReadAction\",\"target\":[\"https:\\\/\\\/purecosmetics-shop.com\\\/accueil\\\/produit\\\/airy-volume-hyaluron-serum\\\/\"]}]},{\"@type\":\"ImageObject\",\"inLanguage\":\"fr-FR\",\"@id\":\"https:\\\/\\\/purecosmetics-shop.com\\\/accueil\\\/produit\\\/airy-volume-hyaluron-serum\\\/#primaryimage\",\"url\":\"https:\\\/\\\/purecosmetics-shop.com\\\/wp-content\\\/uploads\\\/2025\\\/10\\\/KUNDAL_AIRY_VOLUME_HYALURON_SERUM.jpg\",\"contentUrl\":\"https:\\\/\\\/purecosmetics-shop.com\\\/wp-content\\\/uploads\\\/2025\\\/10\\\/KUNDAL_AIRY_VOLUME_HYALURON_SERUM.jpg\",\"width\":500,\"height\":500,\"caption\":\"KUNDAL AIRY VOLUME HYALURON SERUM\"},{\"@type\":\"BreadcrumbList\",\"@id\":\"https:\\\/\\\/purecosmetics-shop.com\\\/accueil\\\/produit\\\/airy-volume-hyaluron-serum\\\/#breadcrumb\",\"itemListElement\":[{\"@type\":\"ListItem\",\"position\":1,\"name\":\"Accueil\",\"item\":\"https:\\\/\\\/purecosmetics-shop.com\\\/accueil\\\/\"},{\"@type\":\"ListItem\",\"position\":2,\"name\":\"NOUVEAUT\u00c9S\",\"item\":\"https:\\\/\\\/purecosmetics-shop.com\\\/accueil\\\/nouveautes\\\/\"},{\"@type\":\"ListItem\",\"position\":3,\"name\":\"AIRY VOLUME HYALURON SERUM\"}]},{\"@type\":\"WebSite\",\"@id\":\"https:\\\/\\\/purecosmetics-shop.com\\\/accueil\\\/#website\",\"url\":\"https:\\\/\\\/purecosmetics-shop.com\\\/accueil\\\/\",\"name\":\"Pure Cosmetics\",\"description\":\"Skincare cor\u00e9enne et japonais\",\"publisher\":{\"@id\":\"https:\\\/\\\/purecosmetics-shop.com\\\/accueil\\\/#organization\"},\"potentialAction\":[{\"@type\":\"SearchAction\",\"target\":{\"@type\":\"EntryPoint\",\"urlTemplate\":\"https:\\\/\\\/purecosmetics-shop.com\\\/accueil\\\/?s={search_term_string}\"},\"query-input\":{\"@type\":\"PropertyValueSpecification\",\"valueRequired\":true,\"valueName\":\"search_term_string\"}}],\"inLanguage\":\"fr-FR\"},{\"@type\":\"Organization\",\"@id\":\"https:\\\/\\\/purecosmetics-shop.com\\\/accueil\\\/#organization\",\"name\":\"Pure Cosmetics\",\"url\":\"https:\\\/\\\/purecosmetics-shop.com\\\/accueil\\\/\",\"logo\":{\"@type\":\"ImageObject\",\"inLanguage\":\"fr-FR\",\"@id\":\"https:\\\/\\\/purecosmetics-shop.com\\\/accueil\\\/#\\\/schema\\\/logo\\\/image\\\/\",\"url\":\"https:\\\/\\\/purecosmetics-shop.com\\\/wp-content\\\/uploads\\\/2025\\\/04\\\/cropped-Pure-Cosmetics-black-2.png\",\"contentUrl\":\"https:\\\/\\\/purecosmetics-shop.com\\\/wp-content\\\/uploads\\\/2025\\\/04\\\/cropped-Pure-Cosmetics-black-2.png\",\"width\":2362,\"height\":2324,\"caption\":\"Pure Cosmetics\"},\"image\":{\"@id\":\"https:\\\/\\\/purecosmetics-shop.com\\\/accueil\\\/#\\\/schema\\\/logo\\\/image\\\/\"}}]}<\/script>\n<!-- \/ Yoast SEO plugin. -->","yoast_head_json":{"title":"AIRY VOLUME HYALURON SERUM - Pure Cosmetics","robots":{"index":"index","follow":"follow","max-snippet":"max-snippet:-1","max-image-preview":"max-image-preview:large","max-video-preview":"max-video-preview:-1"},"canonical":"https:\/\/purecosmetics-shop.com\/accueil\/produit\/airy-volume-hyaluron-serum\/","og_locale":"fr_FR","og_type":"article","og_title":"AIRY VOLUME HYALURON SERUM - Pure Cosmetics","og_description":"Le s\u00e9rum capillaire KUNDAL est l\u00e9ger et hydratant, revitalisant les cheveux secs et cr\u00e9pus.  Enrichi en 8 types d'acide hyaluronique et un complexe d'huiles v\u00e9g\u00e9tales, il hydrate et nourrit en profondeur sans alourdir.  Ce s\u00e9rum lisse les cuticules, booste la brillance et prot\u00e8ge des dommages et de la casse du quotidien.  Sa formule a\u00e9rienne et non collante p\u00e9n\u00e8tre rapidement, laissant les cheveux soyeux, faciles \u00e0 coiffer et offrant un rebond naturel.  Test\u00e9 cliniquement pour am\u00e9liorer la brillance des cheveux de 63 % et r\u00e9duire significativement la s\u00e9cheresse.","og_url":"https:\/\/purecosmetics-shop.com\/accueil\/produit\/airy-volume-hyaluron-serum\/","og_site_name":"Pure Cosmetics","article_modified_time":"2026-04-17T06:51:12+00:00","og_image":[{"width":500,"height":500,"url":"https:\/\/purecosmetics-shop.com\/wp-content\/uploads\/2025\/10\/KUNDAL_AIRY_VOLUME_HYALURON_SERUM.jpg","type":"image\/jpeg"}],"twitter_card":"summary_large_image","twitter_misc":{"Dur\u00e9e de lecture estim\u00e9e":"1 minute"},"schema":{"@context":"https:\/\/schema.org","@graph":[{"@type":"WebPage","@id":"https:\/\/purecosmetics-shop.com\/accueil\/produit\/airy-volume-hyaluron-serum\/","url":"https:\/\/purecosmetics-shop.com\/accueil\/produit\/airy-volume-hyaluron-serum\/","name":"AIRY VOLUME HYALURON SERUM - Pure Cosmetics","isPartOf":{"@id":"https:\/\/purecosmetics-shop.com\/accueil\/#website"},"primaryImageOfPage":{"@id":"https:\/\/purecosmetics-shop.com\/accueil\/produit\/airy-volume-hyaluron-serum\/#primaryimage"},"image":{"@id":"https:\/\/purecosmetics-shop.com\/accueil\/produit\/airy-volume-hyaluron-serum\/#primaryimage"},"thumbnailUrl":"https:\/\/purecosmetics-shop.com\/wp-content\/uploads\/2025\/10\/KUNDAL_AIRY_VOLUME_HYALURON_SERUM.jpg","datePublished":"2025-11-04T18:46:54+00:00","dateModified":"2026-04-17T06:51:12+00:00","breadcrumb":{"@id":"https:\/\/purecosmetics-shop.com\/accueil\/produit\/airy-volume-hyaluron-serum\/#breadcrumb"},"inLanguage":"fr-FR","potentialAction":[{"@type":"ReadAction","target":["https:\/\/purecosmetics-shop.com\/accueil\/produit\/airy-volume-hyaluron-serum\/"]}]},{"@type":"ImageObject","inLanguage":"fr-FR","@id":"https:\/\/purecosmetics-shop.com\/accueil\/produit\/airy-volume-hyaluron-serum\/#primaryimage","url":"https:\/\/purecosmetics-shop.com\/wp-content\/uploads\/2025\/10\/KUNDAL_AIRY_VOLUME_HYALURON_SERUM.jpg","contentUrl":"https:\/\/purecosmetics-shop.com\/wp-content\/uploads\/2025\/10\/KUNDAL_AIRY_VOLUME_HYALURON_SERUM.jpg","width":500,"height":500,"caption":"KUNDAL AIRY VOLUME HYALURON SERUM"},{"@type":"BreadcrumbList","@id":"https:\/\/purecosmetics-shop.com\/accueil\/produit\/airy-volume-hyaluron-serum\/#breadcrumb","itemListElement":[{"@type":"ListItem","position":1,"name":"Accueil","item":"https:\/\/purecosmetics-shop.com\/accueil\/"},{"@type":"ListItem","position":2,"name":"NOUVEAUT\u00c9S","item":"https:\/\/purecosmetics-shop.com\/accueil\/nouveautes\/"},{"@type":"ListItem","position":3,"name":"AIRY VOLUME HYALURON SERUM"}]},{"@type":"WebSite","@id":"https:\/\/purecosmetics-shop.com\/accueil\/#website","url":"https:\/\/purecosmetics-shop.com\/accueil\/","name":"Pure Cosmetics","description":"Skincare cor\u00e9enne et japonais","publisher":{"@id":"https:\/\/purecosmetics-shop.com\/accueil\/#organization"},"potentialAction":[{"@type":"SearchAction","target":{"@type":"EntryPoint","urlTemplate":"https:\/\/purecosmetics-shop.com\/accueil\/?s={search_term_string}"},"query-input":{"@type":"PropertyValueSpecification","valueRequired":true,"valueName":"search_term_string"}}],"inLanguage":"fr-FR"},{"@type":"Organization","@id":"https:\/\/purecosmetics-shop.com\/accueil\/#organization","name":"Pure Cosmetics","url":"https:\/\/purecosmetics-shop.com\/accueil\/","logo":{"@type":"ImageObject","inLanguage":"fr-FR","@id":"https:\/\/purecosmetics-shop.com\/accueil\/#\/schema\/logo\/image\/","url":"https:\/\/purecosmetics-shop.com\/wp-content\/uploads\/2025\/04\/cropped-Pure-Cosmetics-black-2.png","contentUrl":"https:\/\/purecosmetics-shop.com\/wp-content\/uploads\/2025\/04\/cropped-Pure-Cosmetics-black-2.png","width":2362,"height":2324,"caption":"Pure Cosmetics"},"image":{"@id":"https:\/\/purecosmetics-shop.com\/accueil\/#\/schema\/logo\/image\/"}}]}},"jetpack_sharing_enabled":true,"_links":{"self":[{"href":"https:\/\/purecosmetics-shop.com\/accueil\/wp-json\/wp\/v2\/product\/4516","targetHints":{"allow":["GET"]}}],"collection":[{"href":"https:\/\/purecosmetics-shop.com\/accueil\/wp-json\/wp\/v2\/product"}],"about":[{"href":"https:\/\/purecosmetics-shop.com\/accueil\/wp-json\/wp\/v2\/types\/product"}],"replies":[{"embeddable":true,"href":"https:\/\/purecosmetics-shop.com\/accueil\/wp-json\/wp\/v2\/comments?post=4516"}],"version-history":[{"count":1,"href":"https:\/\/purecosmetics-shop.com\/accueil\/wp-json\/wp\/v2\/product\/4516\/revisions"}],"predecessor-version":[{"id":4526,"href":"https:\/\/purecosmetics-shop.com\/accueil\/wp-json\/wp\/v2\/product\/4516\/revisions\/4526"}],"wp:featuredmedia":[{"embeddable":true,"href":"https:\/\/purecosmetics-shop.com\/accueil\/wp-json\/wp\/v2\/media\/4525"}],"wp:attachment":[{"href":"https:\/\/purecosmetics-shop.com\/accueil\/wp-json\/wp\/v2\/media?parent=4516"}],"wp:term":[{"taxonomy":"product_brand","embeddable":true,"href":"https:\/\/purecosmetics-shop.com\/accueil\/wp-json\/wp\/v2\/product_brand?post=4516"},{"taxonomy":"product_cat","embeddable":true,"href":"https:\/\/purecosmetics-shop.com\/accueil\/wp-json\/wp\/v2\/product_cat?post=4516"},{"taxonomy":"product_tag","embeddable":true,"href":"https:\/\/purecosmetics-shop.com\/accueil\/wp-json\/wp\/v2\/product_tag?post=4516"}],"curies":[{"name":"wp","href":"https:\/\/api.w.org\/{rel}","templated":true}]}}