{"id":4347,"date":"2025-10-01T12:42:10","date_gmt":"2025-10-01T16:42:10","guid":{"rendered":"https:\/\/purecosmetics-shop.com\/accueil\/?post_type=product&#038;p=4347"},"modified":"2026-04-15T23:30:26","modified_gmt":"2026-04-16T03:30:26","slug":"reedle-shot-lip-plumper-expert","status":"publish","type":"product","link":"https:\/\/purecosmetics-shop.com\/accueil\/produit\/reedle-shot-lip-plumper-expert\/","title":{"rendered":"REEDLE SHOT LIP PLUMPER EXPERT"},"content":{"rendered":"<p>Sublimez vos l\u00e8vres avec le Reedle Shot Lip Plumper expert de VT.<\/p>\n<p>Un repulpeur de l\u00e8vres brillant infus\u00e9 d&rsquo;extrait de racine d&rsquo;anemarrhena asphodeloides pour hydrater et repulper les l\u00e8vres.<\/p>\n<p>Riche en agents hydratants comme le CICAHYLON\u2122, l&rsquo;huile de jojoba, la vitamine E et l&rsquo;acide hyaluronique, il est id\u00e9al pour un maquillage impeccable ou en superposition avec d&rsquo;autres produits pour un fini \u00e9clatant.<\/p>\n<p>Le Lip Plumper Expert convient aux femmes exp\u00e9riment\u00e9es en mati\u00e8re de repulpeurs de l\u00e8vres et qui recherchent un effet volumateur plus intense.<\/p>\n","protected":false},"excerpt":{"rendered":"<p>Ce repulpeur de l\u00e8vres Reedle Shot offre un effet volumateur spectaculaire et une brillance intense, id\u00e9al pour les utilisateurs exp\u00e9riment\u00e9s.<br \/>\nFormul\u00e9 \u00e0 base d&rsquo;extrait de racine d&rsquo;Anemarrhena Asphodeloides pour hydrater et donner du volume \u00e0 vos l\u00e8vres.<br \/>\nEnrichi en CICAHYLON, qui renforce l&rsquo;hydratation pour des l\u00e8vres saines, l&rsquo;huile de jojoba, la vitamine E et l&rsquo;acide hyaluronique hydratent les l\u00e8vres en profondeur.<br \/>\nSa texture gloss transparente cr\u00e9e un effet glossy.<\/p>\n","protected":false},"featured_media":4353,"comment_status":"open","ping_status":"closed","template":"","meta":[],"product_brand":[145],"product_cat":[204,29],"product_tag":[],"class_list":{"0":"post-4347","1":"product","2":"type-product","3":"status-publish","4":"has-post-thumbnail","6":"product_brand-vt-cosmetics","7":"product_cat-maquillage","8":"product_cat-levre","10":"first","11":"instock","12":"shipping-taxable","13":"purchasable","14":"product-type-simple"},"yoast_head":"<!-- This site is optimized with the Yoast SEO plugin v27.4 - https:\/\/yoast.com\/product\/yoast-seo-wordpress\/ -->\n<title>REEDLE SHOT LIP PLUMPER EXPERT - Pure Cosmetics<\/title>\n<meta name=\"robots\" content=\"index, follow, max-snippet:-1, max-image-preview:large, max-video-preview:-1\" \/>\n<link rel=\"canonical\" href=\"https:\/\/purecosmetics-shop.com\/accueil\/produit\/reedle-shot-lip-plumper-expert\/\" \/>\n<meta property=\"og:locale\" content=\"fr_FR\" \/>\n<meta property=\"og:type\" content=\"article\" \/>\n<meta property=\"og:title\" content=\"REEDLE SHOT LIP PLUMPER EXPERT - Pure Cosmetics\" \/>\n<meta property=\"og:description\" content=\"Ce repulpeur de l\u00e8vres Reedle Shot offre un effet volumateur spectaculaire et une brillance intense, id\u00e9al pour les utilisateurs exp\u00e9riment\u00e9s. Formul\u00e9 \u00e0 base d&#039;extrait de racine d&#039;Anemarrhena Asphodeloides pour hydrater et donner du volume \u00e0 vos l\u00e8vres. Enrichi en CICAHYLON, qui renforce l&#039;hydratation pour des l\u00e8vres saines, l&#039;huile de jojoba, la vitamine E et l&#039;acide hyaluronique hydratent les l\u00e8vres en profondeur. Sa texture gloss transparente cr\u00e9e un effet glossy.\" \/>\n<meta property=\"og:url\" content=\"https:\/\/purecosmetics-shop.com\/accueil\/produit\/reedle-shot-lip-plumper-expert\/\" \/>\n<meta property=\"og:site_name\" content=\"Pure Cosmetics\" \/>\n<meta property=\"article:modified_time\" content=\"2026-04-16T03:30:26+00:00\" \/>\n<meta property=\"og:image\" content=\"https:\/\/purecosmetics-shop.com\/wp-content\/uploads\/2025\/10\/VT_COS_REEDLE_SHOT_LIP_PLUMPER_EXPERT.webp\" \/>\n\t<meta property=\"og:image:width\" content=\"640\" \/>\n\t<meta property=\"og:image:height\" content=\"640\" \/>\n\t<meta property=\"og:image:type\" content=\"image\/webp\" \/>\n<meta name=\"twitter:card\" content=\"summary_large_image\" \/>\n<meta name=\"twitter:label1\" content=\"Dur\u00e9e de lecture estim\u00e9e\" \/>\n\t<meta name=\"twitter:data1\" content=\"1 minute\" \/>\n<script type=\"application\/ld+json\" class=\"yoast-schema-graph\">{\"@context\":\"https:\\\/\\\/schema.org\",\"@graph\":[{\"@type\":\"WebPage\",\"@id\":\"https:\\\/\\\/purecosmetics-shop.com\\\/accueil\\\/produit\\\/reedle-shot-lip-plumper-expert\\\/\",\"url\":\"https:\\\/\\\/purecosmetics-shop.com\\\/accueil\\\/produit\\\/reedle-shot-lip-plumper-expert\\\/\",\"name\":\"REEDLE SHOT LIP PLUMPER EXPERT - Pure Cosmetics\",\"isPartOf\":{\"@id\":\"https:\\\/\\\/purecosmetics-shop.com\\\/accueil\\\/#website\"},\"primaryImageOfPage\":{\"@id\":\"https:\\\/\\\/purecosmetics-shop.com\\\/accueil\\\/produit\\\/reedle-shot-lip-plumper-expert\\\/#primaryimage\"},\"image\":{\"@id\":\"https:\\\/\\\/purecosmetics-shop.com\\\/accueil\\\/produit\\\/reedle-shot-lip-plumper-expert\\\/#primaryimage\"},\"thumbnailUrl\":\"https:\\\/\\\/purecosmetics-shop.com\\\/wp-content\\\/uploads\\\/2025\\\/10\\\/VT_COS_REEDLE_SHOT_LIP_PLUMPER_EXPERT.webp\",\"datePublished\":\"2025-10-01T16:42:10+00:00\",\"dateModified\":\"2026-04-16T03:30:26+00:00\",\"breadcrumb\":{\"@id\":\"https:\\\/\\\/purecosmetics-shop.com\\\/accueil\\\/produit\\\/reedle-shot-lip-plumper-expert\\\/#breadcrumb\"},\"inLanguage\":\"fr-FR\",\"potentialAction\":[{\"@type\":\"ReadAction\",\"target\":[\"https:\\\/\\\/purecosmetics-shop.com\\\/accueil\\\/produit\\\/reedle-shot-lip-plumper-expert\\\/\"]}]},{\"@type\":\"ImageObject\",\"inLanguage\":\"fr-FR\",\"@id\":\"https:\\\/\\\/purecosmetics-shop.com\\\/accueil\\\/produit\\\/reedle-shot-lip-plumper-expert\\\/#primaryimage\",\"url\":\"https:\\\/\\\/purecosmetics-shop.com\\\/wp-content\\\/uploads\\\/2025\\\/10\\\/VT_COS_REEDLE_SHOT_LIP_PLUMPER_EXPERT.webp\",\"contentUrl\":\"https:\\\/\\\/purecosmetics-shop.com\\\/wp-content\\\/uploads\\\/2025\\\/10\\\/VT_COS_REEDLE_SHOT_LIP_PLUMPER_EXPERT.webp\",\"width\":640,\"height\":640,\"caption\":\"VT COSMETICS REEDLE SHOT LIP PLUMPER EXPERT\"},{\"@type\":\"BreadcrumbList\",\"@id\":\"https:\\\/\\\/purecosmetics-shop.com\\\/accueil\\\/produit\\\/reedle-shot-lip-plumper-expert\\\/#breadcrumb\",\"itemListElement\":[{\"@type\":\"ListItem\",\"position\":1,\"name\":\"Accueil\",\"item\":\"https:\\\/\\\/purecosmetics-shop.com\\\/accueil\\\/\"},{\"@type\":\"ListItem\",\"position\":2,\"name\":\"NOUVEAUT\u00c9S\",\"item\":\"https:\\\/\\\/purecosmetics-shop.com\\\/accueil\\\/nouveautes\\\/\"},{\"@type\":\"ListItem\",\"position\":3,\"name\":\"REEDLE SHOT LIP PLUMPER EXPERT\"}]},{\"@type\":\"WebSite\",\"@id\":\"https:\\\/\\\/purecosmetics-shop.com\\\/accueil\\\/#website\",\"url\":\"https:\\\/\\\/purecosmetics-shop.com\\\/accueil\\\/\",\"name\":\"Pure Cosmetics\",\"description\":\"Skincare cor\u00e9enne et japonais\",\"publisher\":{\"@id\":\"https:\\\/\\\/purecosmetics-shop.com\\\/accueil\\\/#organization\"},\"potentialAction\":[{\"@type\":\"SearchAction\",\"target\":{\"@type\":\"EntryPoint\",\"urlTemplate\":\"https:\\\/\\\/purecosmetics-shop.com\\\/accueil\\\/?s={search_term_string}\"},\"query-input\":{\"@type\":\"PropertyValueSpecification\",\"valueRequired\":true,\"valueName\":\"search_term_string\"}}],\"inLanguage\":\"fr-FR\"},{\"@type\":\"Organization\",\"@id\":\"https:\\\/\\\/purecosmetics-shop.com\\\/accueil\\\/#organization\",\"name\":\"Pure Cosmetics\",\"url\":\"https:\\\/\\\/purecosmetics-shop.com\\\/accueil\\\/\",\"logo\":{\"@type\":\"ImageObject\",\"inLanguage\":\"fr-FR\",\"@id\":\"https:\\\/\\\/purecosmetics-shop.com\\\/accueil\\\/#\\\/schema\\\/logo\\\/image\\\/\",\"url\":\"https:\\\/\\\/purecosmetics-shop.com\\\/wp-content\\\/uploads\\\/2025\\\/04\\\/cropped-Pure-Cosmetics-black-2.png\",\"contentUrl\":\"https:\\\/\\\/purecosmetics-shop.com\\\/wp-content\\\/uploads\\\/2025\\\/04\\\/cropped-Pure-Cosmetics-black-2.png\",\"width\":2362,\"height\":2324,\"caption\":\"Pure Cosmetics\"},\"image\":{\"@id\":\"https:\\\/\\\/purecosmetics-shop.com\\\/accueil\\\/#\\\/schema\\\/logo\\\/image\\\/\"}}]}<\/script>\n<!-- \/ Yoast SEO plugin. -->","yoast_head_json":{"title":"REEDLE SHOT LIP PLUMPER EXPERT - Pure Cosmetics","robots":{"index":"index","follow":"follow","max-snippet":"max-snippet:-1","max-image-preview":"max-image-preview:large","max-video-preview":"max-video-preview:-1"},"canonical":"https:\/\/purecosmetics-shop.com\/accueil\/produit\/reedle-shot-lip-plumper-expert\/","og_locale":"fr_FR","og_type":"article","og_title":"REEDLE SHOT LIP PLUMPER EXPERT - Pure Cosmetics","og_description":"Ce repulpeur de l\u00e8vres Reedle Shot offre un effet volumateur spectaculaire et une brillance intense, id\u00e9al pour les utilisateurs exp\u00e9riment\u00e9s. Formul\u00e9 \u00e0 base d'extrait de racine d'Anemarrhena Asphodeloides pour hydrater et donner du volume \u00e0 vos l\u00e8vres. Enrichi en CICAHYLON, qui renforce l'hydratation pour des l\u00e8vres saines, l'huile de jojoba, la vitamine E et l'acide hyaluronique hydratent les l\u00e8vres en profondeur. Sa texture gloss transparente cr\u00e9e un effet glossy.","og_url":"https:\/\/purecosmetics-shop.com\/accueil\/produit\/reedle-shot-lip-plumper-expert\/","og_site_name":"Pure Cosmetics","article_modified_time":"2026-04-16T03:30:26+00:00","og_image":[{"width":640,"height":640,"url":"https:\/\/purecosmetics-shop.com\/wp-content\/uploads\/2025\/10\/VT_COS_REEDLE_SHOT_LIP_PLUMPER_EXPERT.webp","type":"image\/webp"}],"twitter_card":"summary_large_image","twitter_misc":{"Dur\u00e9e de lecture estim\u00e9e":"1 minute"},"schema":{"@context":"https:\/\/schema.org","@graph":[{"@type":"WebPage","@id":"https:\/\/purecosmetics-shop.com\/accueil\/produit\/reedle-shot-lip-plumper-expert\/","url":"https:\/\/purecosmetics-shop.com\/accueil\/produit\/reedle-shot-lip-plumper-expert\/","name":"REEDLE SHOT LIP PLUMPER EXPERT - Pure Cosmetics","isPartOf":{"@id":"https:\/\/purecosmetics-shop.com\/accueil\/#website"},"primaryImageOfPage":{"@id":"https:\/\/purecosmetics-shop.com\/accueil\/produit\/reedle-shot-lip-plumper-expert\/#primaryimage"},"image":{"@id":"https:\/\/purecosmetics-shop.com\/accueil\/produit\/reedle-shot-lip-plumper-expert\/#primaryimage"},"thumbnailUrl":"https:\/\/purecosmetics-shop.com\/wp-content\/uploads\/2025\/10\/VT_COS_REEDLE_SHOT_LIP_PLUMPER_EXPERT.webp","datePublished":"2025-10-01T16:42:10+00:00","dateModified":"2026-04-16T03:30:26+00:00","breadcrumb":{"@id":"https:\/\/purecosmetics-shop.com\/accueil\/produit\/reedle-shot-lip-plumper-expert\/#breadcrumb"},"inLanguage":"fr-FR","potentialAction":[{"@type":"ReadAction","target":["https:\/\/purecosmetics-shop.com\/accueil\/produit\/reedle-shot-lip-plumper-expert\/"]}]},{"@type":"ImageObject","inLanguage":"fr-FR","@id":"https:\/\/purecosmetics-shop.com\/accueil\/produit\/reedle-shot-lip-plumper-expert\/#primaryimage","url":"https:\/\/purecosmetics-shop.com\/wp-content\/uploads\/2025\/10\/VT_COS_REEDLE_SHOT_LIP_PLUMPER_EXPERT.webp","contentUrl":"https:\/\/purecosmetics-shop.com\/wp-content\/uploads\/2025\/10\/VT_COS_REEDLE_SHOT_LIP_PLUMPER_EXPERT.webp","width":640,"height":640,"caption":"VT COSMETICS REEDLE SHOT LIP PLUMPER EXPERT"},{"@type":"BreadcrumbList","@id":"https:\/\/purecosmetics-shop.com\/accueil\/produit\/reedle-shot-lip-plumper-expert\/#breadcrumb","itemListElement":[{"@type":"ListItem","position":1,"name":"Accueil","item":"https:\/\/purecosmetics-shop.com\/accueil\/"},{"@type":"ListItem","position":2,"name":"NOUVEAUT\u00c9S","item":"https:\/\/purecosmetics-shop.com\/accueil\/nouveautes\/"},{"@type":"ListItem","position":3,"name":"REEDLE SHOT LIP PLUMPER EXPERT"}]},{"@type":"WebSite","@id":"https:\/\/purecosmetics-shop.com\/accueil\/#website","url":"https:\/\/purecosmetics-shop.com\/accueil\/","name":"Pure Cosmetics","description":"Skincare cor\u00e9enne et japonais","publisher":{"@id":"https:\/\/purecosmetics-shop.com\/accueil\/#organization"},"potentialAction":[{"@type":"SearchAction","target":{"@type":"EntryPoint","urlTemplate":"https:\/\/purecosmetics-shop.com\/accueil\/?s={search_term_string}"},"query-input":{"@type":"PropertyValueSpecification","valueRequired":true,"valueName":"search_term_string"}}],"inLanguage":"fr-FR"},{"@type":"Organization","@id":"https:\/\/purecosmetics-shop.com\/accueil\/#organization","name":"Pure Cosmetics","url":"https:\/\/purecosmetics-shop.com\/accueil\/","logo":{"@type":"ImageObject","inLanguage":"fr-FR","@id":"https:\/\/purecosmetics-shop.com\/accueil\/#\/schema\/logo\/image\/","url":"https:\/\/purecosmetics-shop.com\/wp-content\/uploads\/2025\/04\/cropped-Pure-Cosmetics-black-2.png","contentUrl":"https:\/\/purecosmetics-shop.com\/wp-content\/uploads\/2025\/04\/cropped-Pure-Cosmetics-black-2.png","width":2362,"height":2324,"caption":"Pure Cosmetics"},"image":{"@id":"https:\/\/purecosmetics-shop.com\/accueil\/#\/schema\/logo\/image\/"}}]}},"jetpack_sharing_enabled":true,"_links":{"self":[{"href":"https:\/\/purecosmetics-shop.com\/accueil\/wp-json\/wp\/v2\/product\/4347","targetHints":{"allow":["GET"]}}],"collection":[{"href":"https:\/\/purecosmetics-shop.com\/accueil\/wp-json\/wp\/v2\/product"}],"about":[{"href":"https:\/\/purecosmetics-shop.com\/accueil\/wp-json\/wp\/v2\/types\/product"}],"replies":[{"embeddable":true,"href":"https:\/\/purecosmetics-shop.com\/accueil\/wp-json\/wp\/v2\/comments?post=4347"}],"version-history":[{"count":3,"href":"https:\/\/purecosmetics-shop.com\/accueil\/wp-json\/wp\/v2\/product\/4347\/revisions"}],"predecessor-version":[{"id":4416,"href":"https:\/\/purecosmetics-shop.com\/accueil\/wp-json\/wp\/v2\/product\/4347\/revisions\/4416"}],"wp:featuredmedia":[{"embeddable":true,"href":"https:\/\/purecosmetics-shop.com\/accueil\/wp-json\/wp\/v2\/media\/4353"}],"wp:attachment":[{"href":"https:\/\/purecosmetics-shop.com\/accueil\/wp-json\/wp\/v2\/media?parent=4347"}],"wp:term":[{"taxonomy":"product_brand","embeddable":true,"href":"https:\/\/purecosmetics-shop.com\/accueil\/wp-json\/wp\/v2\/product_brand?post=4347"},{"taxonomy":"product_cat","embeddable":true,"href":"https:\/\/purecosmetics-shop.com\/accueil\/wp-json\/wp\/v2\/product_cat?post=4347"},{"taxonomy":"product_tag","embeddable":true,"href":"https:\/\/purecosmetics-shop.com\/accueil\/wp-json\/wp\/v2\/product_tag?post=4347"}],"curies":[{"name":"wp","href":"https:\/\/api.w.org\/{rel}","templated":true}]}}