{"id":4321,"date":"2025-10-01T12:05:15","date_gmt":"2025-10-01T16:05:15","guid":{"rendered":"https:\/\/purecosmetics-shop.com\/accueil\/?post_type=product&#038;p=4321"},"modified":"2026-04-20T05:27:57","modified_gmt":"2026-04-20T09:27:57","slug":"black-rice-probiotics-barrier-essence-a-k-a-makgeolli-essence","status":"publish","type":"product","link":"https:\/\/purecosmetics-shop.com\/accueil\/produit\/black-rice-probiotics-barrier-essence-a-k-a-makgeolli-essence\/","title":{"rendered":"Black Rice Probiotics Barrier Essence (a.k.a. Makgeolli Essence)"},"content":{"rendered":"<p>Cette essence est enrichie du complexe 5 c\u00e9ramides et 5 acides gras de la marque pour renforcer la barri\u00e8re cutan\u00e9e, ainsi que de phytost\u00e9rols et de cholest\u00e9rol pour raffermir et hydrater la peau.<\/p>\n<p>Sa formule l\u00e9g\u00e8re contient \u00e9galement du filtrat de ferment de galactomyces pour am\u00e9liorer l&rsquo;\u00e9lasticit\u00e9 de la peau, ainsi que de l&rsquo;extrait de lie de riz noir riche en antioxydants pour apaiser et renforcer la peau.<\/p>\n<p>Formul\u00e9e sans ingr\u00e9dients potentiellement irritants tels que les OGM, le silicone et l&rsquo;alcool, cette essence est test\u00e9e dermatologiquement et convient \u00e0 tous les types de peau.<\/p>\n<p>&nbsp;<\/p>\n","protected":false},"excerpt":{"rendered":"<p>Une essence raffermissante et repulpante formul\u00e9e avec un complexe de 5 c\u00e9ramides et un complexe de 5 acides gras pour reconstituer la barri\u00e8re cutan\u00e9e et favoriser un teint hydrat\u00e9 et lisse.<\/p>\n<p>Enrichie en phytost\u00e9rols et en cholest\u00e9rol pour maintenir l&rsquo;\u00e9quilibre hydrique et rajeunir la peau.<\/p>\n<p>Contient des probiotiques nourrissants comme le filtrat de ferment de galactomyces pour am\u00e9liorer l&rsquo;\u00e9lasticit\u00e9 et le niveau d&rsquo;hydratation global de la peau.<\/p>\n<p>Enrichie en extrait de jigemi (lie) de riz noir recycl\u00e9 pour des effets antioxydants et apaisants intenses.<\/p>\n<p>Une essence lact\u00e9e onctueuse qui laisse la peau hydrat\u00e9e sans effet collant ni sensation de lourdeur.<\/p>\n<p>Sans ingr\u00e9dients potentiellement nocifs tels que les OGM, les silicones et l&rsquo;alcool ass\u00e9chant.<br \/>\nConvient \u00e0 tous les types de peau.<\/p>\n","protected":false},"featured_media":4328,"comment_status":"open","ping_status":"closed","template":"","meta":[],"product_brand":[206],"product_cat":[107,108,110,189,112,116,117,118],"product_tag":[],"class_list":{"0":"post-4321","1":"product","2":"type-product","3":"status-publish","4":"has-post-thumbnail","6":"product_brand-haruharu-wonder","7":"product_cat-anti-age-et-elasticite","8":"product_cat-anti-imperfections-et-pores","9":"product_cat-anti-tache-et-hyperpigmentation","10":"product_cat-essence","11":"product_cat-hydratation","12":"product_cat-peau-mixte","13":"product_cat-peau-normale","14":"product_cat-peau-seche","16":"first","17":"instock","18":"shipping-taxable","19":"purchasable","20":"product-type-simple"},"yoast_head":"<!-- This site is optimized with the Yoast SEO plugin v27.4 - https:\/\/yoast.com\/product\/yoast-seo-wordpress\/ -->\n<title>Black Rice Probiotics Barrier Essence (a.k.a. Makgeolli Essence) - Pure Cosmetics<\/title>\n<meta name=\"robots\" content=\"index, follow, max-snippet:-1, max-image-preview:large, max-video-preview:-1\" \/>\n<link rel=\"canonical\" href=\"https:\/\/purecosmetics-shop.com\/accueil\/produit\/black-rice-probiotics-barrier-essence-a-k-a-makgeolli-essence\/\" \/>\n<meta property=\"og:locale\" content=\"fr_FR\" \/>\n<meta property=\"og:type\" content=\"article\" \/>\n<meta property=\"og:title\" content=\"Black Rice Probiotics Barrier Essence (a.k.a. Makgeolli Essence) - Pure Cosmetics\" \/>\n<meta property=\"og:description\" content=\"Une essence raffermissante et repulpante formul\u00e9e avec un complexe de 5 c\u00e9ramides et un complexe de 5 acides gras pour reconstituer la barri\u00e8re cutan\u00e9e et favoriser un teint hydrat\u00e9 et lisse.  Enrichie en phytost\u00e9rols et en cholest\u00e9rol pour maintenir l&#039;\u00e9quilibre hydrique et rajeunir la peau.  Contient des probiotiques nourrissants comme le filtrat de ferment de galactomyces pour am\u00e9liorer l&#039;\u00e9lasticit\u00e9 et le niveau d&#039;hydratation global de la peau.  Enrichie en extrait de jigemi (lie) de riz noir recycl\u00e9 pour des effets antioxydants et apaisants intenses.  Une essence lact\u00e9e onctueuse qui laisse la peau hydrat\u00e9e sans effet collant ni sensation de lourdeur.  Sans ingr\u00e9dients potentiellement nocifs tels que les OGM, les silicones et l&#039;alcool ass\u00e9chant. Convient \u00e0 tous les types de peau.\" \/>\n<meta property=\"og:url\" content=\"https:\/\/purecosmetics-shop.com\/accueil\/produit\/black-rice-probiotics-barrier-essence-a-k-a-makgeolli-essence\/\" \/>\n<meta property=\"og:site_name\" content=\"Pure Cosmetics\" \/>\n<meta property=\"article:modified_time\" content=\"2026-04-20T09:27:57+00:00\" \/>\n<meta property=\"og:image\" content=\"https:\/\/purecosmetics-shop.com\/wp-content\/uploads\/2025\/10\/haruharu_wonder_black_rice_probiotics_barrier_essence.webp\" \/>\n\t<meta property=\"og:image:width\" content=\"600\" \/>\n\t<meta property=\"og:image:height\" content=\"600\" \/>\n\t<meta property=\"og:image:type\" content=\"image\/webp\" \/>\n<meta name=\"twitter:card\" content=\"summary_large_image\" \/>\n<meta name=\"twitter:label1\" content=\"Dur\u00e9e de lecture estim\u00e9e\" \/>\n\t<meta name=\"twitter:data1\" content=\"1 minute\" \/>\n<script type=\"application\/ld+json\" class=\"yoast-schema-graph\">{\"@context\":\"https:\\\/\\\/schema.org\",\"@graph\":[{\"@type\":\"WebPage\",\"@id\":\"https:\\\/\\\/purecosmetics-shop.com\\\/accueil\\\/produit\\\/black-rice-probiotics-barrier-essence-a-k-a-makgeolli-essence\\\/\",\"url\":\"https:\\\/\\\/purecosmetics-shop.com\\\/accueil\\\/produit\\\/black-rice-probiotics-barrier-essence-a-k-a-makgeolli-essence\\\/\",\"name\":\"Black Rice Probiotics Barrier Essence (a.k.a. Makgeolli Essence) - Pure Cosmetics\",\"isPartOf\":{\"@id\":\"https:\\\/\\\/purecosmetics-shop.com\\\/accueil\\\/#website\"},\"primaryImageOfPage\":{\"@id\":\"https:\\\/\\\/purecosmetics-shop.com\\\/accueil\\\/produit\\\/black-rice-probiotics-barrier-essence-a-k-a-makgeolli-essence\\\/#primaryimage\"},\"image\":{\"@id\":\"https:\\\/\\\/purecosmetics-shop.com\\\/accueil\\\/produit\\\/black-rice-probiotics-barrier-essence-a-k-a-makgeolli-essence\\\/#primaryimage\"},\"thumbnailUrl\":\"https:\\\/\\\/purecosmetics-shop.com\\\/wp-content\\\/uploads\\\/2025\\\/10\\\/haruharu_wonder_black_rice_probiotics_barrier_essence.webp\",\"datePublished\":\"2025-10-01T16:05:15+00:00\",\"dateModified\":\"2026-04-20T09:27:57+00:00\",\"breadcrumb\":{\"@id\":\"https:\\\/\\\/purecosmetics-shop.com\\\/accueil\\\/produit\\\/black-rice-probiotics-barrier-essence-a-k-a-makgeolli-essence\\\/#breadcrumb\"},\"inLanguage\":\"fr-FR\",\"potentialAction\":[{\"@type\":\"ReadAction\",\"target\":[\"https:\\\/\\\/purecosmetics-shop.com\\\/accueil\\\/produit\\\/black-rice-probiotics-barrier-essence-a-k-a-makgeolli-essence\\\/\"]}]},{\"@type\":\"ImageObject\",\"inLanguage\":\"fr-FR\",\"@id\":\"https:\\\/\\\/purecosmetics-shop.com\\\/accueil\\\/produit\\\/black-rice-probiotics-barrier-essence-a-k-a-makgeolli-essence\\\/#primaryimage\",\"url\":\"https:\\\/\\\/purecosmetics-shop.com\\\/wp-content\\\/uploads\\\/2025\\\/10\\\/haruharu_wonder_black_rice_probiotics_barrier_essence.webp\",\"contentUrl\":\"https:\\\/\\\/purecosmetics-shop.com\\\/wp-content\\\/uploads\\\/2025\\\/10\\\/haruharu_wonder_black_rice_probiotics_barrier_essence.webp\",\"width\":600,\"height\":600,\"caption\":\"HARUHARU WONDER Black Rice Probiotics Barrier Essence (a.k.a. Makgeolli Essence)\"},{\"@type\":\"BreadcrumbList\",\"@id\":\"https:\\\/\\\/purecosmetics-shop.com\\\/accueil\\\/produit\\\/black-rice-probiotics-barrier-essence-a-k-a-makgeolli-essence\\\/#breadcrumb\",\"itemListElement\":[{\"@type\":\"ListItem\",\"position\":1,\"name\":\"Accueil\",\"item\":\"https:\\\/\\\/purecosmetics-shop.com\\\/accueil\\\/\"},{\"@type\":\"ListItem\",\"position\":2,\"name\":\"NOUVEAUT\u00c9S\",\"item\":\"https:\\\/\\\/purecosmetics-shop.com\\\/accueil\\\/nouveautes\\\/\"},{\"@type\":\"ListItem\",\"position\":3,\"name\":\"Black Rice Probiotics Barrier Essence (a.k.a. Makgeolli Essence)\"}]},{\"@type\":\"WebSite\",\"@id\":\"https:\\\/\\\/purecosmetics-shop.com\\\/accueil\\\/#website\",\"url\":\"https:\\\/\\\/purecosmetics-shop.com\\\/accueil\\\/\",\"name\":\"Pure Cosmetics\",\"description\":\"Skincare cor\u00e9enne et japonais\",\"publisher\":{\"@id\":\"https:\\\/\\\/purecosmetics-shop.com\\\/accueil\\\/#organization\"},\"potentialAction\":[{\"@type\":\"SearchAction\",\"target\":{\"@type\":\"EntryPoint\",\"urlTemplate\":\"https:\\\/\\\/purecosmetics-shop.com\\\/accueil\\\/?s={search_term_string}\"},\"query-input\":{\"@type\":\"PropertyValueSpecification\",\"valueRequired\":true,\"valueName\":\"search_term_string\"}}],\"inLanguage\":\"fr-FR\"},{\"@type\":\"Organization\",\"@id\":\"https:\\\/\\\/purecosmetics-shop.com\\\/accueil\\\/#organization\",\"name\":\"Pure Cosmetics\",\"url\":\"https:\\\/\\\/purecosmetics-shop.com\\\/accueil\\\/\",\"logo\":{\"@type\":\"ImageObject\",\"inLanguage\":\"fr-FR\",\"@id\":\"https:\\\/\\\/purecosmetics-shop.com\\\/accueil\\\/#\\\/schema\\\/logo\\\/image\\\/\",\"url\":\"https:\\\/\\\/purecosmetics-shop.com\\\/wp-content\\\/uploads\\\/2025\\\/04\\\/cropped-Pure-Cosmetics-black-2.png\",\"contentUrl\":\"https:\\\/\\\/purecosmetics-shop.com\\\/wp-content\\\/uploads\\\/2025\\\/04\\\/cropped-Pure-Cosmetics-black-2.png\",\"width\":2362,\"height\":2324,\"caption\":\"Pure Cosmetics\"},\"image\":{\"@id\":\"https:\\\/\\\/purecosmetics-shop.com\\\/accueil\\\/#\\\/schema\\\/logo\\\/image\\\/\"}}]}<\/script>\n<!-- \/ Yoast SEO plugin. -->","yoast_head_json":{"title":"Black Rice Probiotics Barrier Essence (a.k.a. Makgeolli Essence) - Pure Cosmetics","robots":{"index":"index","follow":"follow","max-snippet":"max-snippet:-1","max-image-preview":"max-image-preview:large","max-video-preview":"max-video-preview:-1"},"canonical":"https:\/\/purecosmetics-shop.com\/accueil\/produit\/black-rice-probiotics-barrier-essence-a-k-a-makgeolli-essence\/","og_locale":"fr_FR","og_type":"article","og_title":"Black Rice Probiotics Barrier Essence (a.k.a. Makgeolli Essence) - Pure Cosmetics","og_description":"Une essence raffermissante et repulpante formul\u00e9e avec un complexe de 5 c\u00e9ramides et un complexe de 5 acides gras pour reconstituer la barri\u00e8re cutan\u00e9e et favoriser un teint hydrat\u00e9 et lisse.  Enrichie en phytost\u00e9rols et en cholest\u00e9rol pour maintenir l'\u00e9quilibre hydrique et rajeunir la peau.  Contient des probiotiques nourrissants comme le filtrat de ferment de galactomyces pour am\u00e9liorer l'\u00e9lasticit\u00e9 et le niveau d'hydratation global de la peau.  Enrichie en extrait de jigemi (lie) de riz noir recycl\u00e9 pour des effets antioxydants et apaisants intenses.  Une essence lact\u00e9e onctueuse qui laisse la peau hydrat\u00e9e sans effet collant ni sensation de lourdeur.  Sans ingr\u00e9dients potentiellement nocifs tels que les OGM, les silicones et l'alcool ass\u00e9chant. Convient \u00e0 tous les types de peau.","og_url":"https:\/\/purecosmetics-shop.com\/accueil\/produit\/black-rice-probiotics-barrier-essence-a-k-a-makgeolli-essence\/","og_site_name":"Pure Cosmetics","article_modified_time":"2026-04-20T09:27:57+00:00","og_image":[{"width":600,"height":600,"url":"https:\/\/purecosmetics-shop.com\/wp-content\/uploads\/2025\/10\/haruharu_wonder_black_rice_probiotics_barrier_essence.webp","type":"image\/webp"}],"twitter_card":"summary_large_image","twitter_misc":{"Dur\u00e9e de lecture estim\u00e9e":"1 minute"},"schema":{"@context":"https:\/\/schema.org","@graph":[{"@type":"WebPage","@id":"https:\/\/purecosmetics-shop.com\/accueil\/produit\/black-rice-probiotics-barrier-essence-a-k-a-makgeolli-essence\/","url":"https:\/\/purecosmetics-shop.com\/accueil\/produit\/black-rice-probiotics-barrier-essence-a-k-a-makgeolli-essence\/","name":"Black Rice Probiotics Barrier Essence (a.k.a. Makgeolli Essence) - Pure Cosmetics","isPartOf":{"@id":"https:\/\/purecosmetics-shop.com\/accueil\/#website"},"primaryImageOfPage":{"@id":"https:\/\/purecosmetics-shop.com\/accueil\/produit\/black-rice-probiotics-barrier-essence-a-k-a-makgeolli-essence\/#primaryimage"},"image":{"@id":"https:\/\/purecosmetics-shop.com\/accueil\/produit\/black-rice-probiotics-barrier-essence-a-k-a-makgeolli-essence\/#primaryimage"},"thumbnailUrl":"https:\/\/purecosmetics-shop.com\/wp-content\/uploads\/2025\/10\/haruharu_wonder_black_rice_probiotics_barrier_essence.webp","datePublished":"2025-10-01T16:05:15+00:00","dateModified":"2026-04-20T09:27:57+00:00","breadcrumb":{"@id":"https:\/\/purecosmetics-shop.com\/accueil\/produit\/black-rice-probiotics-barrier-essence-a-k-a-makgeolli-essence\/#breadcrumb"},"inLanguage":"fr-FR","potentialAction":[{"@type":"ReadAction","target":["https:\/\/purecosmetics-shop.com\/accueil\/produit\/black-rice-probiotics-barrier-essence-a-k-a-makgeolli-essence\/"]}]},{"@type":"ImageObject","inLanguage":"fr-FR","@id":"https:\/\/purecosmetics-shop.com\/accueil\/produit\/black-rice-probiotics-barrier-essence-a-k-a-makgeolli-essence\/#primaryimage","url":"https:\/\/purecosmetics-shop.com\/wp-content\/uploads\/2025\/10\/haruharu_wonder_black_rice_probiotics_barrier_essence.webp","contentUrl":"https:\/\/purecosmetics-shop.com\/wp-content\/uploads\/2025\/10\/haruharu_wonder_black_rice_probiotics_barrier_essence.webp","width":600,"height":600,"caption":"HARUHARU WONDER Black Rice Probiotics Barrier Essence (a.k.a. Makgeolli Essence)"},{"@type":"BreadcrumbList","@id":"https:\/\/purecosmetics-shop.com\/accueil\/produit\/black-rice-probiotics-barrier-essence-a-k-a-makgeolli-essence\/#breadcrumb","itemListElement":[{"@type":"ListItem","position":1,"name":"Accueil","item":"https:\/\/purecosmetics-shop.com\/accueil\/"},{"@type":"ListItem","position":2,"name":"NOUVEAUT\u00c9S","item":"https:\/\/purecosmetics-shop.com\/accueil\/nouveautes\/"},{"@type":"ListItem","position":3,"name":"Black Rice Probiotics Barrier Essence (a.k.a. Makgeolli Essence)"}]},{"@type":"WebSite","@id":"https:\/\/purecosmetics-shop.com\/accueil\/#website","url":"https:\/\/purecosmetics-shop.com\/accueil\/","name":"Pure Cosmetics","description":"Skincare cor\u00e9enne et japonais","publisher":{"@id":"https:\/\/purecosmetics-shop.com\/accueil\/#organization"},"potentialAction":[{"@type":"SearchAction","target":{"@type":"EntryPoint","urlTemplate":"https:\/\/purecosmetics-shop.com\/accueil\/?s={search_term_string}"},"query-input":{"@type":"PropertyValueSpecification","valueRequired":true,"valueName":"search_term_string"}}],"inLanguage":"fr-FR"},{"@type":"Organization","@id":"https:\/\/purecosmetics-shop.com\/accueil\/#organization","name":"Pure Cosmetics","url":"https:\/\/purecosmetics-shop.com\/accueil\/","logo":{"@type":"ImageObject","inLanguage":"fr-FR","@id":"https:\/\/purecosmetics-shop.com\/accueil\/#\/schema\/logo\/image\/","url":"https:\/\/purecosmetics-shop.com\/wp-content\/uploads\/2025\/04\/cropped-Pure-Cosmetics-black-2.png","contentUrl":"https:\/\/purecosmetics-shop.com\/wp-content\/uploads\/2025\/04\/cropped-Pure-Cosmetics-black-2.png","width":2362,"height":2324,"caption":"Pure Cosmetics"},"image":{"@id":"https:\/\/purecosmetics-shop.com\/accueil\/#\/schema\/logo\/image\/"}}]}},"jetpack_sharing_enabled":true,"_links":{"self":[{"href":"https:\/\/purecosmetics-shop.com\/accueil\/wp-json\/wp\/v2\/product\/4321","targetHints":{"allow":["GET"]}}],"collection":[{"href":"https:\/\/purecosmetics-shop.com\/accueil\/wp-json\/wp\/v2\/product"}],"about":[{"href":"https:\/\/purecosmetics-shop.com\/accueil\/wp-json\/wp\/v2\/types\/product"}],"replies":[{"embeddable":true,"href":"https:\/\/purecosmetics-shop.com\/accueil\/wp-json\/wp\/v2\/comments?post=4321"}],"version-history":[{"count":3,"href":"https:\/\/purecosmetics-shop.com\/accueil\/wp-json\/wp\/v2\/product\/4321\/revisions"}],"predecessor-version":[{"id":4422,"href":"https:\/\/purecosmetics-shop.com\/accueil\/wp-json\/wp\/v2\/product\/4321\/revisions\/4422"}],"wp:featuredmedia":[{"embeddable":true,"href":"https:\/\/purecosmetics-shop.com\/accueil\/wp-json\/wp\/v2\/media\/4328"}],"wp:attachment":[{"href":"https:\/\/purecosmetics-shop.com\/accueil\/wp-json\/wp\/v2\/media?parent=4321"}],"wp:term":[{"taxonomy":"product_brand","embeddable":true,"href":"https:\/\/purecosmetics-shop.com\/accueil\/wp-json\/wp\/v2\/product_brand?post=4321"},{"taxonomy":"product_cat","embeddable":true,"href":"https:\/\/purecosmetics-shop.com\/accueil\/wp-json\/wp\/v2\/product_cat?post=4321"},{"taxonomy":"product_tag","embeddable":true,"href":"https:\/\/purecosmetics-shop.com\/accueil\/wp-json\/wp\/v2\/product_tag?post=4321"}],"curies":[{"name":"wp","href":"https:\/\/api.w.org\/{rel}","templated":true}]}}