{"id":4314,"date":"2025-10-01T11:50:57","date_gmt":"2025-10-01T15:50:57","guid":{"rendered":"https:\/\/purecosmetics-shop.com\/accueil\/?post_type=product&#038;p=4314"},"modified":"2026-04-18T07:22:25","modified_gmt":"2026-04-18T11:22:25","slug":"green-tea-lha-deep-pore-rice-cake-cleanser","status":"publish","type":"product","link":"https:\/\/purecosmetics-shop.com\/accueil\/produit\/green-tea-lha-deep-pore-rice-cake-cleanser\/","title":{"rendered":"Green Tea + LHA Deep Pore Rice Cake Cleanser"},"content":{"rendered":"<p>Un nettoyant visage contient du LHA qui aide \u00e0 exfolier les points noirs et les cellules mortes et \u00e0 am\u00e9liorer le grain de peau.<\/p>\n<p>Formul\u00e9 \u00e0 l&rsquo;extrait de th\u00e9 vert, il apaise les peaux irrit\u00e9es, r\u00e9gule la production de s\u00e9bum et r\u00e9hydrate la peau.<\/p>\n<p>Enrichi en bakuchiol, aux propri\u00e9t\u00e9s antioxydantes qui resserrent les pores et revitalisent la peau.<\/p>\n<p>Sa formule \u00e0 base de galette de riz adh\u00e8re d\u00e9licatement aux pores et \u00e9limine les impuret\u00e9s pour un nettoyage en profondeur.<\/p>\n","protected":false},"excerpt":{"rendered":"<p>Le nettoyant au riz mochi, best-seller d&rsquo;Arencia, est d\u00e9sormais disponible en tube\u00a0!<\/p>\n<p>Ce nettoyant purifiant \u00e9limine efficacement les impuret\u00e9s, le s\u00e9bum et les impuret\u00e9s pour une peau fra\u00eeche et apais\u00e9e.<\/p>\n<p>Son m\u00e9lange d&rsquo;extrait de th\u00e9 vert, de LHA et de bakuchiol r\u00e9duit l&rsquo;exc\u00e8s de s\u00e9bum, affine le grain de peau et revitalise les peaux matures.<\/p>\n<p>Sa texture douce et onctueuse nettoie en profondeur et en douceur pour d\u00e9sincruster les pores sans alt\u00e9rer la barri\u00e8re d&rsquo;hydratation de la peau.<\/p>\n","protected":false},"featured_media":4320,"comment_status":"open","ping_status":"closed","template":"","meta":[],"product_brand":[188],"product_cat":[108,18,113,114,115,116],"product_tag":[],"class_list":{"0":"post-4314","1":"product","2":"type-product","3":"status-publish","4":"has-post-thumbnail","6":"product_brand-arencia","7":"product_cat-anti-imperfections-et-pores","8":"product_cat-nettoyant-visage","9":"product_cat-peau-a-tendance-acneique","10":"product_cat-peau-granuleuse","11":"product_cat-peau-grasse","12":"product_cat-peau-mixte","14":"first","15":"instock","16":"shipping-taxable","17":"purchasable","18":"product-type-simple"},"yoast_head":"<!-- This site is optimized with the Yoast SEO plugin v27.4 - https:\/\/yoast.com\/product\/yoast-seo-wordpress\/ -->\n<title>Green Tea + LHA Deep Pore Rice Cake Cleanser - Pure Cosmetics<\/title>\n<meta name=\"robots\" content=\"index, follow, max-snippet:-1, max-image-preview:large, max-video-preview:-1\" \/>\n<link rel=\"canonical\" href=\"https:\/\/purecosmetics-shop.com\/accueil\/produit\/green-tea-lha-deep-pore-rice-cake-cleanser\/\" \/>\n<meta property=\"og:locale\" content=\"fr_FR\" \/>\n<meta property=\"og:type\" content=\"article\" \/>\n<meta property=\"og:title\" content=\"Green Tea + LHA Deep Pore Rice Cake Cleanser - Pure Cosmetics\" \/>\n<meta property=\"og:description\" content=\"Le nettoyant au riz mochi, best-seller d&#039;Arencia, est d\u00e9sormais disponible en tube\u00a0!  Ce nettoyant purifiant \u00e9limine efficacement les impuret\u00e9s, le s\u00e9bum et les impuret\u00e9s pour une peau fra\u00eeche et apais\u00e9e.  Son m\u00e9lange d&#039;extrait de th\u00e9 vert, de LHA et de bakuchiol r\u00e9duit l&#039;exc\u00e8s de s\u00e9bum, affine le grain de peau et revitalise les peaux matures.  Sa texture douce et onctueuse nettoie en profondeur et en douceur pour d\u00e9sincruster les pores sans alt\u00e9rer la barri\u00e8re d&#039;hydratation de la peau.\" \/>\n<meta property=\"og:url\" content=\"https:\/\/purecosmetics-shop.com\/accueil\/produit\/green-tea-lha-deep-pore-rice-cake-cleanser\/\" \/>\n<meta property=\"og:site_name\" content=\"Pure Cosmetics\" \/>\n<meta property=\"article:modified_time\" content=\"2026-04-18T11:22:25+00:00\" \/>\n<meta property=\"og:image\" content=\"https:\/\/purecosmetics-shop.com\/wp-content\/uploads\/2025\/10\/Untitleddesign117551603037276c270c435a46.png\" \/>\n\t<meta property=\"og:image:width\" content=\"1000\" \/>\n\t<meta property=\"og:image:height\" content=\"1000\" \/>\n\t<meta property=\"og:image:type\" content=\"image\/png\" \/>\n<meta name=\"twitter:card\" content=\"summary_large_image\" \/>\n<meta name=\"twitter:label1\" content=\"Dur\u00e9e de lecture estim\u00e9e\" \/>\n\t<meta name=\"twitter:data1\" content=\"1 minute\" \/>\n<script type=\"application\/ld+json\" class=\"yoast-schema-graph\">{\"@context\":\"https:\\\/\\\/schema.org\",\"@graph\":[{\"@type\":\"WebPage\",\"@id\":\"https:\\\/\\\/purecosmetics-shop.com\\\/accueil\\\/produit\\\/green-tea-lha-deep-pore-rice-cake-cleanser\\\/\",\"url\":\"https:\\\/\\\/purecosmetics-shop.com\\\/accueil\\\/produit\\\/green-tea-lha-deep-pore-rice-cake-cleanser\\\/\",\"name\":\"Green Tea + LHA Deep Pore Rice Cake Cleanser - Pure Cosmetics\",\"isPartOf\":{\"@id\":\"https:\\\/\\\/purecosmetics-shop.com\\\/accueil\\\/#website\"},\"primaryImageOfPage\":{\"@id\":\"https:\\\/\\\/purecosmetics-shop.com\\\/accueil\\\/produit\\\/green-tea-lha-deep-pore-rice-cake-cleanser\\\/#primaryimage\"},\"image\":{\"@id\":\"https:\\\/\\\/purecosmetics-shop.com\\\/accueil\\\/produit\\\/green-tea-lha-deep-pore-rice-cake-cleanser\\\/#primaryimage\"},\"thumbnailUrl\":\"https:\\\/\\\/purecosmetics-shop.com\\\/wp-content\\\/uploads\\\/2025\\\/10\\\/Untitleddesign117551603037276c270c435a46.png\",\"datePublished\":\"2025-10-01T15:50:57+00:00\",\"dateModified\":\"2026-04-18T11:22:25+00:00\",\"breadcrumb\":{\"@id\":\"https:\\\/\\\/purecosmetics-shop.com\\\/accueil\\\/produit\\\/green-tea-lha-deep-pore-rice-cake-cleanser\\\/#breadcrumb\"},\"inLanguage\":\"fr-FR\",\"potentialAction\":[{\"@type\":\"ReadAction\",\"target\":[\"https:\\\/\\\/purecosmetics-shop.com\\\/accueil\\\/produit\\\/green-tea-lha-deep-pore-rice-cake-cleanser\\\/\"]}]},{\"@type\":\"ImageObject\",\"inLanguage\":\"fr-FR\",\"@id\":\"https:\\\/\\\/purecosmetics-shop.com\\\/accueil\\\/produit\\\/green-tea-lha-deep-pore-rice-cake-cleanser\\\/#primaryimage\",\"url\":\"https:\\\/\\\/purecosmetics-shop.com\\\/wp-content\\\/uploads\\\/2025\\\/10\\\/Untitleddesign117551603037276c270c435a46.png\",\"contentUrl\":\"https:\\\/\\\/purecosmetics-shop.com\\\/wp-content\\\/uploads\\\/2025\\\/10\\\/Untitleddesign117551603037276c270c435a46.png\",\"width\":1000,\"height\":1000,\"caption\":\"ARENCIA Green Tea + LHA Deep Pore Rice Cake Cleanser\"},{\"@type\":\"BreadcrumbList\",\"@id\":\"https:\\\/\\\/purecosmetics-shop.com\\\/accueil\\\/produit\\\/green-tea-lha-deep-pore-rice-cake-cleanser\\\/#breadcrumb\",\"itemListElement\":[{\"@type\":\"ListItem\",\"position\":1,\"name\":\"Accueil\",\"item\":\"https:\\\/\\\/purecosmetics-shop.com\\\/accueil\\\/\"},{\"@type\":\"ListItem\",\"position\":2,\"name\":\"NOUVEAUT\u00c9S\",\"item\":\"https:\\\/\\\/purecosmetics-shop.com\\\/accueil\\\/nouveautes\\\/\"},{\"@type\":\"ListItem\",\"position\":3,\"name\":\"Green Tea + LHA Deep Pore Rice Cake Cleanser\"}]},{\"@type\":\"WebSite\",\"@id\":\"https:\\\/\\\/purecosmetics-shop.com\\\/accueil\\\/#website\",\"url\":\"https:\\\/\\\/purecosmetics-shop.com\\\/accueil\\\/\",\"name\":\"Pure Cosmetics\",\"description\":\"Skincare cor\u00e9enne et japonais\",\"publisher\":{\"@id\":\"https:\\\/\\\/purecosmetics-shop.com\\\/accueil\\\/#organization\"},\"potentialAction\":[{\"@type\":\"SearchAction\",\"target\":{\"@type\":\"EntryPoint\",\"urlTemplate\":\"https:\\\/\\\/purecosmetics-shop.com\\\/accueil\\\/?s={search_term_string}\"},\"query-input\":{\"@type\":\"PropertyValueSpecification\",\"valueRequired\":true,\"valueName\":\"search_term_string\"}}],\"inLanguage\":\"fr-FR\"},{\"@type\":\"Organization\",\"@id\":\"https:\\\/\\\/purecosmetics-shop.com\\\/accueil\\\/#organization\",\"name\":\"Pure Cosmetics\",\"url\":\"https:\\\/\\\/purecosmetics-shop.com\\\/accueil\\\/\",\"logo\":{\"@type\":\"ImageObject\",\"inLanguage\":\"fr-FR\",\"@id\":\"https:\\\/\\\/purecosmetics-shop.com\\\/accueil\\\/#\\\/schema\\\/logo\\\/image\\\/\",\"url\":\"https:\\\/\\\/purecosmetics-shop.com\\\/wp-content\\\/uploads\\\/2025\\\/04\\\/cropped-Pure-Cosmetics-black-2.png\",\"contentUrl\":\"https:\\\/\\\/purecosmetics-shop.com\\\/wp-content\\\/uploads\\\/2025\\\/04\\\/cropped-Pure-Cosmetics-black-2.png\",\"width\":2362,\"height\":2324,\"caption\":\"Pure Cosmetics\"},\"image\":{\"@id\":\"https:\\\/\\\/purecosmetics-shop.com\\\/accueil\\\/#\\\/schema\\\/logo\\\/image\\\/\"}}]}<\/script>\n<!-- \/ Yoast SEO plugin. -->","yoast_head_json":{"title":"Green Tea + LHA Deep Pore Rice Cake Cleanser - Pure Cosmetics","robots":{"index":"index","follow":"follow","max-snippet":"max-snippet:-1","max-image-preview":"max-image-preview:large","max-video-preview":"max-video-preview:-1"},"canonical":"https:\/\/purecosmetics-shop.com\/accueil\/produit\/green-tea-lha-deep-pore-rice-cake-cleanser\/","og_locale":"fr_FR","og_type":"article","og_title":"Green Tea + LHA Deep Pore Rice Cake Cleanser - Pure Cosmetics","og_description":"Le nettoyant au riz mochi, best-seller d'Arencia, est d\u00e9sormais disponible en tube\u00a0!  Ce nettoyant purifiant \u00e9limine efficacement les impuret\u00e9s, le s\u00e9bum et les impuret\u00e9s pour une peau fra\u00eeche et apais\u00e9e.  Son m\u00e9lange d'extrait de th\u00e9 vert, de LHA et de bakuchiol r\u00e9duit l'exc\u00e8s de s\u00e9bum, affine le grain de peau et revitalise les peaux matures.  Sa texture douce et onctueuse nettoie en profondeur et en douceur pour d\u00e9sincruster les pores sans alt\u00e9rer la barri\u00e8re d'hydratation de la peau.","og_url":"https:\/\/purecosmetics-shop.com\/accueil\/produit\/green-tea-lha-deep-pore-rice-cake-cleanser\/","og_site_name":"Pure Cosmetics","article_modified_time":"2026-04-18T11:22:25+00:00","og_image":[{"width":1000,"height":1000,"url":"https:\/\/purecosmetics-shop.com\/wp-content\/uploads\/2025\/10\/Untitleddesign117551603037276c270c435a46.png","type":"image\/png"}],"twitter_card":"summary_large_image","twitter_misc":{"Dur\u00e9e de lecture estim\u00e9e":"1 minute"},"schema":{"@context":"https:\/\/schema.org","@graph":[{"@type":"WebPage","@id":"https:\/\/purecosmetics-shop.com\/accueil\/produit\/green-tea-lha-deep-pore-rice-cake-cleanser\/","url":"https:\/\/purecosmetics-shop.com\/accueil\/produit\/green-tea-lha-deep-pore-rice-cake-cleanser\/","name":"Green Tea + LHA Deep Pore Rice Cake Cleanser - Pure Cosmetics","isPartOf":{"@id":"https:\/\/purecosmetics-shop.com\/accueil\/#website"},"primaryImageOfPage":{"@id":"https:\/\/purecosmetics-shop.com\/accueil\/produit\/green-tea-lha-deep-pore-rice-cake-cleanser\/#primaryimage"},"image":{"@id":"https:\/\/purecosmetics-shop.com\/accueil\/produit\/green-tea-lha-deep-pore-rice-cake-cleanser\/#primaryimage"},"thumbnailUrl":"https:\/\/purecosmetics-shop.com\/wp-content\/uploads\/2025\/10\/Untitleddesign117551603037276c270c435a46.png","datePublished":"2025-10-01T15:50:57+00:00","dateModified":"2026-04-18T11:22:25+00:00","breadcrumb":{"@id":"https:\/\/purecosmetics-shop.com\/accueil\/produit\/green-tea-lha-deep-pore-rice-cake-cleanser\/#breadcrumb"},"inLanguage":"fr-FR","potentialAction":[{"@type":"ReadAction","target":["https:\/\/purecosmetics-shop.com\/accueil\/produit\/green-tea-lha-deep-pore-rice-cake-cleanser\/"]}]},{"@type":"ImageObject","inLanguage":"fr-FR","@id":"https:\/\/purecosmetics-shop.com\/accueil\/produit\/green-tea-lha-deep-pore-rice-cake-cleanser\/#primaryimage","url":"https:\/\/purecosmetics-shop.com\/wp-content\/uploads\/2025\/10\/Untitleddesign117551603037276c270c435a46.png","contentUrl":"https:\/\/purecosmetics-shop.com\/wp-content\/uploads\/2025\/10\/Untitleddesign117551603037276c270c435a46.png","width":1000,"height":1000,"caption":"ARENCIA Green Tea + LHA Deep Pore Rice Cake Cleanser"},{"@type":"BreadcrumbList","@id":"https:\/\/purecosmetics-shop.com\/accueil\/produit\/green-tea-lha-deep-pore-rice-cake-cleanser\/#breadcrumb","itemListElement":[{"@type":"ListItem","position":1,"name":"Accueil","item":"https:\/\/purecosmetics-shop.com\/accueil\/"},{"@type":"ListItem","position":2,"name":"NOUVEAUT\u00c9S","item":"https:\/\/purecosmetics-shop.com\/accueil\/nouveautes\/"},{"@type":"ListItem","position":3,"name":"Green Tea + LHA Deep Pore Rice Cake Cleanser"}]},{"@type":"WebSite","@id":"https:\/\/purecosmetics-shop.com\/accueil\/#website","url":"https:\/\/purecosmetics-shop.com\/accueil\/","name":"Pure Cosmetics","description":"Skincare cor\u00e9enne et japonais","publisher":{"@id":"https:\/\/purecosmetics-shop.com\/accueil\/#organization"},"potentialAction":[{"@type":"SearchAction","target":{"@type":"EntryPoint","urlTemplate":"https:\/\/purecosmetics-shop.com\/accueil\/?s={search_term_string}"},"query-input":{"@type":"PropertyValueSpecification","valueRequired":true,"valueName":"search_term_string"}}],"inLanguage":"fr-FR"},{"@type":"Organization","@id":"https:\/\/purecosmetics-shop.com\/accueil\/#organization","name":"Pure Cosmetics","url":"https:\/\/purecosmetics-shop.com\/accueil\/","logo":{"@type":"ImageObject","inLanguage":"fr-FR","@id":"https:\/\/purecosmetics-shop.com\/accueil\/#\/schema\/logo\/image\/","url":"https:\/\/purecosmetics-shop.com\/wp-content\/uploads\/2025\/04\/cropped-Pure-Cosmetics-black-2.png","contentUrl":"https:\/\/purecosmetics-shop.com\/wp-content\/uploads\/2025\/04\/cropped-Pure-Cosmetics-black-2.png","width":2362,"height":2324,"caption":"Pure Cosmetics"},"image":{"@id":"https:\/\/purecosmetics-shop.com\/accueil\/#\/schema\/logo\/image\/"}}]}},"jetpack_sharing_enabled":true,"_links":{"self":[{"href":"https:\/\/purecosmetics-shop.com\/accueil\/wp-json\/wp\/v2\/product\/4314","targetHints":{"allow":["GET"]}}],"collection":[{"href":"https:\/\/purecosmetics-shop.com\/accueil\/wp-json\/wp\/v2\/product"}],"about":[{"href":"https:\/\/purecosmetics-shop.com\/accueil\/wp-json\/wp\/v2\/types\/product"}],"replies":[{"embeddable":true,"href":"https:\/\/purecosmetics-shop.com\/accueil\/wp-json\/wp\/v2\/comments?post=4314"}],"version-history":[{"count":3,"href":"https:\/\/purecosmetics-shop.com\/accueil\/wp-json\/wp\/v2\/product\/4314\/revisions"}],"predecessor-version":[{"id":4425,"href":"https:\/\/purecosmetics-shop.com\/accueil\/wp-json\/wp\/v2\/product\/4314\/revisions\/4425"}],"wp:featuredmedia":[{"embeddable":true,"href":"https:\/\/purecosmetics-shop.com\/accueil\/wp-json\/wp\/v2\/media\/4320"}],"wp:attachment":[{"href":"https:\/\/purecosmetics-shop.com\/accueil\/wp-json\/wp\/v2\/media?parent=4314"}],"wp:term":[{"taxonomy":"product_brand","embeddable":true,"href":"https:\/\/purecosmetics-shop.com\/accueil\/wp-json\/wp\/v2\/product_brand?post=4314"},{"taxonomy":"product_cat","embeddable":true,"href":"https:\/\/purecosmetics-shop.com\/accueil\/wp-json\/wp\/v2\/product_cat?post=4314"},{"taxonomy":"product_tag","embeddable":true,"href":"https:\/\/purecosmetics-shop.com\/accueil\/wp-json\/wp\/v2\/product_tag?post=4314"}],"curies":[{"name":"wp","href":"https:\/\/api.w.org\/{rel}","templated":true}]}}