{"id":4293,"date":"2025-10-01T11:28:42","date_gmt":"2025-10-01T15:28:42","guid":{"rendered":"https:\/\/purecosmetics-shop.com\/accueil\/?post_type=product&#038;p=4293"},"modified":"2026-04-15T23:30:25","modified_gmt":"2026-04-16T03:30:25","slug":"zero-cast-moisturizing-finish-sunscreen","status":"publish","type":"product","link":"https:\/\/purecosmetics-shop.com\/accueil\/produit\/zero-cast-moisturizing-finish-sunscreen\/","title":{"rendered":"ZERO-CAST MOISTURIZING FINISH SUNSCREEN"},"content":{"rendered":"<p>Un \u00e9cran solaire chimique r\u00e9sistant \u00e0 l&rsquo;eau et sans effet blanc, formul\u00e9 \u00e0 base d&rsquo;acide hyaluronique et de glyc\u00e9rine pour une hydratation longue dur\u00e9e et une protection contre les rayons UV nocifs gr\u00e2ce \u00e0 son large spectre SPF 50.<\/p>\n<p>Enrichi en niacinamide et en panth\u00e9nol pour \u00e9quilibrer le s\u00e9bum et apaiser la peau.<br \/>\nUne texture l\u00e9g\u00e8re et hydratante qui laisse la peau \u00e9clatante, sans effet blanc ni gras.<\/p>\n<p>Test\u00e9 non com\u00e9dog\u00e8ne, convient aux peaux sensibles et \u00e0 tous les types de peau.<\/p>\n<p>Mode d&#8217;emploi :<\/p>\n<ol>\n<li>Appliquer une quantit\u00e9 suffisante sur la peau 15 minutes avant l&rsquo;exposition au soleil.<\/li>\n<li>Renouveler l&rsquo;application au cours de la journ\u00e9e.<\/li>\n<\/ol>\n","protected":false},"excerpt":{"rendered":"<p>Chouchoutez et prot\u00e9gez votre peau avec cette cr\u00e8me solaire r\u00e9sistante \u00e0 l&rsquo;eau offrant une protection UV SPF 50.<\/p>\n<p>Riche en ingr\u00e9dients comme l&rsquo;acide hyaluronique, la niacinamide et le panth\u00e9nol, elle hydrate et illumine la peau.<\/p>\n<p>Sa formule l\u00e9g\u00e8re se fond facilement \u00e0 la peau pour un fini \u00e9clatant sans effet blanc.<\/p>\n","protected":false},"featured_media":4303,"comment_status":"open","ping_status":"closed","template":"","meta":[],"product_brand":[155],"product_cat":[118,119,20],"product_tag":[],"class_list":{"0":"post-4293","1":"product","2":"type-product","3":"status-publish","4":"has-post-thumbnail","6":"product_brand-anua","7":"product_cat-peau-seche","8":"product_cat-peau-sensible","9":"product_cat-solaire","11":"first","12":"instock","13":"shipping-taxable","14":"purchasable","15":"product-type-simple"},"yoast_head":"<!-- This site is optimized with the Yoast SEO plugin v27.4 - https:\/\/yoast.com\/product\/yoast-seo-wordpress\/ -->\n<title>ZERO-CAST MOISTURIZING FINISH SUNSCREEN - Pure Cosmetics<\/title>\n<meta name=\"robots\" content=\"index, follow, max-snippet:-1, max-image-preview:large, max-video-preview:-1\" \/>\n<link rel=\"canonical\" href=\"https:\/\/purecosmetics-shop.com\/accueil\/produit\/zero-cast-moisturizing-finish-sunscreen\/\" \/>\n<meta property=\"og:locale\" content=\"fr_FR\" \/>\n<meta property=\"og:type\" content=\"article\" \/>\n<meta property=\"og:title\" content=\"ZERO-CAST MOISTURIZING FINISH SUNSCREEN - Pure Cosmetics\" \/>\n<meta property=\"og:description\" content=\"Chouchoutez et prot\u00e9gez votre peau avec cette cr\u00e8me solaire r\u00e9sistante \u00e0 l&#039;eau offrant une protection UV SPF 50.  Riche en ingr\u00e9dients comme l&#039;acide hyaluronique, la niacinamide et le panth\u00e9nol, elle hydrate et illumine la peau.  Sa formule l\u00e9g\u00e8re se fond facilement \u00e0 la peau pour un fini \u00e9clatant sans effet blanc.\" \/>\n<meta property=\"og:url\" content=\"https:\/\/purecosmetics-shop.com\/accueil\/produit\/zero-cast-moisturizing-finish-sunscreen\/\" \/>\n<meta property=\"og:site_name\" content=\"Pure Cosmetics\" \/>\n<meta property=\"article:modified_time\" content=\"2026-04-16T03:30:25+00:00\" \/>\n<meta property=\"og:image\" content=\"https:\/\/purecosmetics-shop.com\/wp-content\/uploads\/2025\/10\/ANUA_ZERO_CAST_MOISTURIZING_FINISH_SUNSCREEN-removebg-preview.png\" \/>\n\t<meta property=\"og:image:width\" content=\"500\" \/>\n\t<meta property=\"og:image:height\" content=\"500\" \/>\n\t<meta property=\"og:image:type\" content=\"image\/png\" \/>\n<meta name=\"twitter:card\" content=\"summary_large_image\" \/>\n<meta name=\"twitter:label1\" content=\"Dur\u00e9e de lecture estim\u00e9e\" \/>\n\t<meta name=\"twitter:data1\" content=\"1 minute\" \/>\n<script type=\"application\/ld+json\" class=\"yoast-schema-graph\">{\"@context\":\"https:\\\/\\\/schema.org\",\"@graph\":[{\"@type\":\"WebPage\",\"@id\":\"https:\\\/\\\/purecosmetics-shop.com\\\/accueil\\\/produit\\\/zero-cast-moisturizing-finish-sunscreen\\\/\",\"url\":\"https:\\\/\\\/purecosmetics-shop.com\\\/accueil\\\/produit\\\/zero-cast-moisturizing-finish-sunscreen\\\/\",\"name\":\"ZERO-CAST MOISTURIZING FINISH SUNSCREEN - Pure Cosmetics\",\"isPartOf\":{\"@id\":\"https:\\\/\\\/purecosmetics-shop.com\\\/accueil\\\/#website\"},\"primaryImageOfPage\":{\"@id\":\"https:\\\/\\\/purecosmetics-shop.com\\\/accueil\\\/produit\\\/zero-cast-moisturizing-finish-sunscreen\\\/#primaryimage\"},\"image\":{\"@id\":\"https:\\\/\\\/purecosmetics-shop.com\\\/accueil\\\/produit\\\/zero-cast-moisturizing-finish-sunscreen\\\/#primaryimage\"},\"thumbnailUrl\":\"https:\\\/\\\/purecosmetics-shop.com\\\/wp-content\\\/uploads\\\/2025\\\/10\\\/ANUA_ZERO_CAST_MOISTURIZING_FINISH_SUNSCREEN-removebg-preview.png\",\"datePublished\":\"2025-10-01T15:28:42+00:00\",\"dateModified\":\"2026-04-16T03:30:25+00:00\",\"breadcrumb\":{\"@id\":\"https:\\\/\\\/purecosmetics-shop.com\\\/accueil\\\/produit\\\/zero-cast-moisturizing-finish-sunscreen\\\/#breadcrumb\"},\"inLanguage\":\"fr-FR\",\"potentialAction\":[{\"@type\":\"ReadAction\",\"target\":[\"https:\\\/\\\/purecosmetics-shop.com\\\/accueil\\\/produit\\\/zero-cast-moisturizing-finish-sunscreen\\\/\"]}]},{\"@type\":\"ImageObject\",\"inLanguage\":\"fr-FR\",\"@id\":\"https:\\\/\\\/purecosmetics-shop.com\\\/accueil\\\/produit\\\/zero-cast-moisturizing-finish-sunscreen\\\/#primaryimage\",\"url\":\"https:\\\/\\\/purecosmetics-shop.com\\\/wp-content\\\/uploads\\\/2025\\\/10\\\/ANUA_ZERO_CAST_MOISTURIZING_FINISH_SUNSCREEN-removebg-preview.png\",\"contentUrl\":\"https:\\\/\\\/purecosmetics-shop.com\\\/wp-content\\\/uploads\\\/2025\\\/10\\\/ANUA_ZERO_CAST_MOISTURIZING_FINISH_SUNSCREEN-removebg-preview.png\",\"width\":500,\"height\":500,\"caption\":\"ANUA ZERO-CAST MOISTURIZING FINISH SUNSCREEN\"},{\"@type\":\"BreadcrumbList\",\"@id\":\"https:\\\/\\\/purecosmetics-shop.com\\\/accueil\\\/produit\\\/zero-cast-moisturizing-finish-sunscreen\\\/#breadcrumb\",\"itemListElement\":[{\"@type\":\"ListItem\",\"position\":1,\"name\":\"Accueil\",\"item\":\"https:\\\/\\\/purecosmetics-shop.com\\\/accueil\\\/\"},{\"@type\":\"ListItem\",\"position\":2,\"name\":\"NOUVEAUT\u00c9S\",\"item\":\"https:\\\/\\\/purecosmetics-shop.com\\\/accueil\\\/nouveautes\\\/\"},{\"@type\":\"ListItem\",\"position\":3,\"name\":\"ZERO-CAST MOISTURIZING FINISH SUNSCREEN\"}]},{\"@type\":\"WebSite\",\"@id\":\"https:\\\/\\\/purecosmetics-shop.com\\\/accueil\\\/#website\",\"url\":\"https:\\\/\\\/purecosmetics-shop.com\\\/accueil\\\/\",\"name\":\"Pure Cosmetics\",\"description\":\"Skincare cor\u00e9enne et japonais\",\"publisher\":{\"@id\":\"https:\\\/\\\/purecosmetics-shop.com\\\/accueil\\\/#organization\"},\"potentialAction\":[{\"@type\":\"SearchAction\",\"target\":{\"@type\":\"EntryPoint\",\"urlTemplate\":\"https:\\\/\\\/purecosmetics-shop.com\\\/accueil\\\/?s={search_term_string}\"},\"query-input\":{\"@type\":\"PropertyValueSpecification\",\"valueRequired\":true,\"valueName\":\"search_term_string\"}}],\"inLanguage\":\"fr-FR\"},{\"@type\":\"Organization\",\"@id\":\"https:\\\/\\\/purecosmetics-shop.com\\\/accueil\\\/#organization\",\"name\":\"Pure Cosmetics\",\"url\":\"https:\\\/\\\/purecosmetics-shop.com\\\/accueil\\\/\",\"logo\":{\"@type\":\"ImageObject\",\"inLanguage\":\"fr-FR\",\"@id\":\"https:\\\/\\\/purecosmetics-shop.com\\\/accueil\\\/#\\\/schema\\\/logo\\\/image\\\/\",\"url\":\"https:\\\/\\\/purecosmetics-shop.com\\\/wp-content\\\/uploads\\\/2025\\\/04\\\/cropped-Pure-Cosmetics-black-2.png\",\"contentUrl\":\"https:\\\/\\\/purecosmetics-shop.com\\\/wp-content\\\/uploads\\\/2025\\\/04\\\/cropped-Pure-Cosmetics-black-2.png\",\"width\":2362,\"height\":2324,\"caption\":\"Pure Cosmetics\"},\"image\":{\"@id\":\"https:\\\/\\\/purecosmetics-shop.com\\\/accueil\\\/#\\\/schema\\\/logo\\\/image\\\/\"}}]}<\/script>\n<!-- \/ Yoast SEO plugin. -->","yoast_head_json":{"title":"ZERO-CAST MOISTURIZING FINISH SUNSCREEN - Pure Cosmetics","robots":{"index":"index","follow":"follow","max-snippet":"max-snippet:-1","max-image-preview":"max-image-preview:large","max-video-preview":"max-video-preview:-1"},"canonical":"https:\/\/purecosmetics-shop.com\/accueil\/produit\/zero-cast-moisturizing-finish-sunscreen\/","og_locale":"fr_FR","og_type":"article","og_title":"ZERO-CAST MOISTURIZING FINISH SUNSCREEN - Pure Cosmetics","og_description":"Chouchoutez et prot\u00e9gez votre peau avec cette cr\u00e8me solaire r\u00e9sistante \u00e0 l'eau offrant une protection UV SPF 50.  Riche en ingr\u00e9dients comme l'acide hyaluronique, la niacinamide et le panth\u00e9nol, elle hydrate et illumine la peau.  Sa formule l\u00e9g\u00e8re se fond facilement \u00e0 la peau pour un fini \u00e9clatant sans effet blanc.","og_url":"https:\/\/purecosmetics-shop.com\/accueil\/produit\/zero-cast-moisturizing-finish-sunscreen\/","og_site_name":"Pure Cosmetics","article_modified_time":"2026-04-16T03:30:25+00:00","og_image":[{"width":500,"height":500,"url":"https:\/\/purecosmetics-shop.com\/wp-content\/uploads\/2025\/10\/ANUA_ZERO_CAST_MOISTURIZING_FINISH_SUNSCREEN-removebg-preview.png","type":"image\/png"}],"twitter_card":"summary_large_image","twitter_misc":{"Dur\u00e9e de lecture estim\u00e9e":"1 minute"},"schema":{"@context":"https:\/\/schema.org","@graph":[{"@type":"WebPage","@id":"https:\/\/purecosmetics-shop.com\/accueil\/produit\/zero-cast-moisturizing-finish-sunscreen\/","url":"https:\/\/purecosmetics-shop.com\/accueil\/produit\/zero-cast-moisturizing-finish-sunscreen\/","name":"ZERO-CAST MOISTURIZING FINISH SUNSCREEN - Pure Cosmetics","isPartOf":{"@id":"https:\/\/purecosmetics-shop.com\/accueil\/#website"},"primaryImageOfPage":{"@id":"https:\/\/purecosmetics-shop.com\/accueil\/produit\/zero-cast-moisturizing-finish-sunscreen\/#primaryimage"},"image":{"@id":"https:\/\/purecosmetics-shop.com\/accueil\/produit\/zero-cast-moisturizing-finish-sunscreen\/#primaryimage"},"thumbnailUrl":"https:\/\/purecosmetics-shop.com\/wp-content\/uploads\/2025\/10\/ANUA_ZERO_CAST_MOISTURIZING_FINISH_SUNSCREEN-removebg-preview.png","datePublished":"2025-10-01T15:28:42+00:00","dateModified":"2026-04-16T03:30:25+00:00","breadcrumb":{"@id":"https:\/\/purecosmetics-shop.com\/accueil\/produit\/zero-cast-moisturizing-finish-sunscreen\/#breadcrumb"},"inLanguage":"fr-FR","potentialAction":[{"@type":"ReadAction","target":["https:\/\/purecosmetics-shop.com\/accueil\/produit\/zero-cast-moisturizing-finish-sunscreen\/"]}]},{"@type":"ImageObject","inLanguage":"fr-FR","@id":"https:\/\/purecosmetics-shop.com\/accueil\/produit\/zero-cast-moisturizing-finish-sunscreen\/#primaryimage","url":"https:\/\/purecosmetics-shop.com\/wp-content\/uploads\/2025\/10\/ANUA_ZERO_CAST_MOISTURIZING_FINISH_SUNSCREEN-removebg-preview.png","contentUrl":"https:\/\/purecosmetics-shop.com\/wp-content\/uploads\/2025\/10\/ANUA_ZERO_CAST_MOISTURIZING_FINISH_SUNSCREEN-removebg-preview.png","width":500,"height":500,"caption":"ANUA ZERO-CAST MOISTURIZING FINISH SUNSCREEN"},{"@type":"BreadcrumbList","@id":"https:\/\/purecosmetics-shop.com\/accueil\/produit\/zero-cast-moisturizing-finish-sunscreen\/#breadcrumb","itemListElement":[{"@type":"ListItem","position":1,"name":"Accueil","item":"https:\/\/purecosmetics-shop.com\/accueil\/"},{"@type":"ListItem","position":2,"name":"NOUVEAUT\u00c9S","item":"https:\/\/purecosmetics-shop.com\/accueil\/nouveautes\/"},{"@type":"ListItem","position":3,"name":"ZERO-CAST MOISTURIZING FINISH SUNSCREEN"}]},{"@type":"WebSite","@id":"https:\/\/purecosmetics-shop.com\/accueil\/#website","url":"https:\/\/purecosmetics-shop.com\/accueil\/","name":"Pure Cosmetics","description":"Skincare cor\u00e9enne et japonais","publisher":{"@id":"https:\/\/purecosmetics-shop.com\/accueil\/#organization"},"potentialAction":[{"@type":"SearchAction","target":{"@type":"EntryPoint","urlTemplate":"https:\/\/purecosmetics-shop.com\/accueil\/?s={search_term_string}"},"query-input":{"@type":"PropertyValueSpecification","valueRequired":true,"valueName":"search_term_string"}}],"inLanguage":"fr-FR"},{"@type":"Organization","@id":"https:\/\/purecosmetics-shop.com\/accueil\/#organization","name":"Pure Cosmetics","url":"https:\/\/purecosmetics-shop.com\/accueil\/","logo":{"@type":"ImageObject","inLanguage":"fr-FR","@id":"https:\/\/purecosmetics-shop.com\/accueil\/#\/schema\/logo\/image\/","url":"https:\/\/purecosmetics-shop.com\/wp-content\/uploads\/2025\/04\/cropped-Pure-Cosmetics-black-2.png","contentUrl":"https:\/\/purecosmetics-shop.com\/wp-content\/uploads\/2025\/04\/cropped-Pure-Cosmetics-black-2.png","width":2362,"height":2324,"caption":"Pure Cosmetics"},"image":{"@id":"https:\/\/purecosmetics-shop.com\/accueil\/#\/schema\/logo\/image\/"}}]}},"jetpack_sharing_enabled":true,"_links":{"self":[{"href":"https:\/\/purecosmetics-shop.com\/accueil\/wp-json\/wp\/v2\/product\/4293","targetHints":{"allow":["GET"]}}],"collection":[{"href":"https:\/\/purecosmetics-shop.com\/accueil\/wp-json\/wp\/v2\/product"}],"about":[{"href":"https:\/\/purecosmetics-shop.com\/accueil\/wp-json\/wp\/v2\/types\/product"}],"replies":[{"embeddable":true,"href":"https:\/\/purecosmetics-shop.com\/accueil\/wp-json\/wp\/v2\/comments?post=4293"}],"version-history":[{"count":3,"href":"https:\/\/purecosmetics-shop.com\/accueil\/wp-json\/wp\/v2\/product\/4293\/revisions"}],"predecessor-version":[{"id":4429,"href":"https:\/\/purecosmetics-shop.com\/accueil\/wp-json\/wp\/v2\/product\/4293\/revisions\/4429"}],"wp:featuredmedia":[{"embeddable":true,"href":"https:\/\/purecosmetics-shop.com\/accueil\/wp-json\/wp\/v2\/media\/4303"}],"wp:attachment":[{"href":"https:\/\/purecosmetics-shop.com\/accueil\/wp-json\/wp\/v2\/media?parent=4293"}],"wp:term":[{"taxonomy":"product_brand","embeddable":true,"href":"https:\/\/purecosmetics-shop.com\/accueil\/wp-json\/wp\/v2\/product_brand?post=4293"},{"taxonomy":"product_cat","embeddable":true,"href":"https:\/\/purecosmetics-shop.com\/accueil\/wp-json\/wp\/v2\/product_cat?post=4293"},{"taxonomy":"product_tag","embeddable":true,"href":"https:\/\/purecosmetics-shop.com\/accueil\/wp-json\/wp\/v2\/product_tag?post=4293"}],"curies":[{"name":"wp","href":"https:\/\/api.w.org\/{rel}","templated":true}]}}