{"id":4282,"date":"2025-10-01T11:18:38","date_gmt":"2025-10-01T15:18:38","guid":{"rendered":"https:\/\/purecosmetics-shop.com\/accueil\/?post_type=product&#038;p=4282"},"modified":"2026-04-19T10:05:14","modified_gmt":"2026-04-19T14:05:14","slug":"pimprove-moisturizer","status":"publish","type":"product","link":"https:\/\/purecosmetics-shop.com\/accueil\/produit\/pimprove-moisturizer\/","title":{"rendered":"Pimprove Moisturizer"},"content":{"rendered":"<p>Gr\u00e2ce \u00e0 des ingr\u00e9dients comme la formule brevet\u00e9e MLE (similaire aux lipides naturels de la peau) et le c\u00e9ramide-9S, cette cr\u00e8me restaure la barri\u00e8re cutan\u00e9e et pr\u00e9vient la d\u00e9shydratation. L&rsquo;ADfence-P et le gluconate de zinc apaisent les rougeurs et r\u00e9gulent la production de s\u00e9bum. La niacinamide illumine le teint et combat les imperfections. Et le d\u00e9fensamide\u00a0? Il prot\u00e8ge votre peau des agressions ext\u00e9rieures et renforce ses d\u00e9fenses naturelles.<\/p>\n<p>Cette cr\u00e8me hydratante :<\/p>\n<ul>\n<li>Apaise les rougeurs et la sensibilit\u00e9 cutan\u00e9e<\/li>\n<li>Renforce et restaure la barri\u00e8re cutan\u00e9e gr\u00e2ce \u00e0 l&rsquo;EML et aux c\u00e9ramides<\/li>\n<li>\u00a0R\u00e9gulent le s\u00e9bum et purifient avec l&rsquo;ADfence-P et le gluconate de zinc<\/li>\n<li>Renforce les d\u00e9fenses naturelles de la peau avec le d\u00e9fensamide<\/li>\n<li>Contribue \u00e0 unifier et \u00e0 illuminer le teint avec la niacinamide<\/li>\n<li>Hydrate sans effet gras ni collant<\/li>\n<\/ul>\n<p>Id\u00e9al pour les peaux grasses, sensibles ou \u00e0 imperfections. Texture l\u00e9g\u00e8re et \u00e0 absorption rapide. Parfait pour un usage quotidien. Sans parfum. Non test\u00e9 sur les animaux.<\/p>\n","protected":false},"excerpt":{"rendered":"<p>La cr\u00e8me hydratante ZEROID Pimprove est la solution id\u00e9ale pour les peaux irrit\u00e9es, sensibles ou grasses qui ont besoin d&rsquo;apaisement et de soutien. Cette cr\u00e8me l\u00e9g\u00e8re et nourrissante aide \u00e0 r\u00e9duire les rougeurs, \u00e0 r\u00e9\u00e9quilibrer la peau et \u00e0 renforcer la barri\u00e8re cutan\u00e9e. Sans r\u00e9sidus collants, elle vous offre une peau douce, saine et hydrat\u00e9e\u00a0!<\/p>\n","protected":false},"featured_media":4287,"comment_status":"open","ping_status":"closed","template":"","meta":[],"product_brand":[205],"product_cat":[108,25,113,115,116,119],"product_tag":[],"class_list":{"0":"post-4282","1":"product","2":"type-product","3":"status-publish","4":"has-post-thumbnail","6":"product_brand-zeroid","7":"product_cat-anti-imperfections-et-pores","8":"product_cat-creme-visage","9":"product_cat-peau-a-tendance-acneique","10":"product_cat-peau-grasse","11":"product_cat-peau-mixte","12":"product_cat-peau-sensible","14":"first","15":"instock","16":"shipping-taxable","17":"purchasable","18":"product-type-simple"},"yoast_head":"<!-- This site is optimized with the Yoast SEO plugin v27.4 - https:\/\/yoast.com\/product\/yoast-seo-wordpress\/ -->\n<title>Pimprove Moisturizer - Pure Cosmetics<\/title>\n<meta name=\"robots\" content=\"index, follow, max-snippet:-1, max-image-preview:large, max-video-preview:-1\" \/>\n<link rel=\"canonical\" href=\"https:\/\/purecosmetics-shop.com\/accueil\/produit\/pimprove-moisturizer\/\" \/>\n<meta property=\"og:locale\" content=\"fr_FR\" \/>\n<meta property=\"og:type\" content=\"article\" \/>\n<meta property=\"og:title\" content=\"Pimprove Moisturizer - Pure Cosmetics\" \/>\n<meta property=\"og:description\" content=\"La cr\u00e8me hydratante ZEROID Pimprove est la solution id\u00e9ale pour les peaux irrit\u00e9es, sensibles ou grasses qui ont besoin d&#039;apaisement et de soutien. Cette cr\u00e8me l\u00e9g\u00e8re et nourrissante aide \u00e0 r\u00e9duire les rougeurs, \u00e0 r\u00e9\u00e9quilibrer la peau et \u00e0 renforcer la barri\u00e8re cutan\u00e9e. Sans r\u00e9sidus collants, elle vous offre une peau douce, saine et hydrat\u00e9e\u00a0!\" \/>\n<meta property=\"og:url\" content=\"https:\/\/purecosmetics-shop.com\/accueil\/produit\/pimprove-moisturizer\/\" \/>\n<meta property=\"og:site_name\" content=\"Pure Cosmetics\" \/>\n<meta property=\"article:modified_time\" content=\"2026-04-19T14:05:14+00:00\" \/>\n<meta property=\"og:image\" content=\"https:\/\/purecosmetics-shop.com\/wp-content\/uploads\/2025\/10\/ZEROID_Pimprove_Moisturizer.jpg\" \/>\n\t<meta property=\"og:image:width\" content=\"894\" \/>\n\t<meta property=\"og:image:height\" content=\"894\" \/>\n\t<meta property=\"og:image:type\" content=\"image\/jpeg\" \/>\n<meta name=\"twitter:card\" content=\"summary_large_image\" \/>\n<meta name=\"twitter:label1\" content=\"Dur\u00e9e de lecture estim\u00e9e\" \/>\n\t<meta name=\"twitter:data1\" content=\"1 minute\" \/>\n<script type=\"application\/ld+json\" class=\"yoast-schema-graph\">{\"@context\":\"https:\\\/\\\/schema.org\",\"@graph\":[{\"@type\":\"WebPage\",\"@id\":\"https:\\\/\\\/purecosmetics-shop.com\\\/accueil\\\/produit\\\/pimprove-moisturizer\\\/\",\"url\":\"https:\\\/\\\/purecosmetics-shop.com\\\/accueil\\\/produit\\\/pimprove-moisturizer\\\/\",\"name\":\"Pimprove Moisturizer - Pure Cosmetics\",\"isPartOf\":{\"@id\":\"https:\\\/\\\/purecosmetics-shop.com\\\/accueil\\\/#website\"},\"primaryImageOfPage\":{\"@id\":\"https:\\\/\\\/purecosmetics-shop.com\\\/accueil\\\/produit\\\/pimprove-moisturizer\\\/#primaryimage\"},\"image\":{\"@id\":\"https:\\\/\\\/purecosmetics-shop.com\\\/accueil\\\/produit\\\/pimprove-moisturizer\\\/#primaryimage\"},\"thumbnailUrl\":\"https:\\\/\\\/purecosmetics-shop.com\\\/wp-content\\\/uploads\\\/2025\\\/10\\\/ZEROID_Pimprove_Moisturizer.jpg\",\"datePublished\":\"2025-10-01T15:18:38+00:00\",\"dateModified\":\"2026-04-19T14:05:14+00:00\",\"breadcrumb\":{\"@id\":\"https:\\\/\\\/purecosmetics-shop.com\\\/accueil\\\/produit\\\/pimprove-moisturizer\\\/#breadcrumb\"},\"inLanguage\":\"fr-FR\",\"potentialAction\":[{\"@type\":\"ReadAction\",\"target\":[\"https:\\\/\\\/purecosmetics-shop.com\\\/accueil\\\/produit\\\/pimprove-moisturizer\\\/\"]}]},{\"@type\":\"ImageObject\",\"inLanguage\":\"fr-FR\",\"@id\":\"https:\\\/\\\/purecosmetics-shop.com\\\/accueil\\\/produit\\\/pimprove-moisturizer\\\/#primaryimage\",\"url\":\"https:\\\/\\\/purecosmetics-shop.com\\\/wp-content\\\/uploads\\\/2025\\\/10\\\/ZEROID_Pimprove_Moisturizer.jpg\",\"contentUrl\":\"https:\\\/\\\/purecosmetics-shop.com\\\/wp-content\\\/uploads\\\/2025\\\/10\\\/ZEROID_Pimprove_Moisturizer.jpg\",\"width\":894,\"height\":894,\"caption\":\"ZEROID Pimprove Moisturizer\"},{\"@type\":\"BreadcrumbList\",\"@id\":\"https:\\\/\\\/purecosmetics-shop.com\\\/accueil\\\/produit\\\/pimprove-moisturizer\\\/#breadcrumb\",\"itemListElement\":[{\"@type\":\"ListItem\",\"position\":1,\"name\":\"Accueil\",\"item\":\"https:\\\/\\\/purecosmetics-shop.com\\\/accueil\\\/\"},{\"@type\":\"ListItem\",\"position\":2,\"name\":\"NOUVEAUT\u00c9S\",\"item\":\"https:\\\/\\\/purecosmetics-shop.com\\\/accueil\\\/nouveautes\\\/\"},{\"@type\":\"ListItem\",\"position\":3,\"name\":\"Pimprove Moisturizer\"}]},{\"@type\":\"WebSite\",\"@id\":\"https:\\\/\\\/purecosmetics-shop.com\\\/accueil\\\/#website\",\"url\":\"https:\\\/\\\/purecosmetics-shop.com\\\/accueil\\\/\",\"name\":\"Pure Cosmetics\",\"description\":\"Skincare cor\u00e9enne et japonais\",\"publisher\":{\"@id\":\"https:\\\/\\\/purecosmetics-shop.com\\\/accueil\\\/#organization\"},\"potentialAction\":[{\"@type\":\"SearchAction\",\"target\":{\"@type\":\"EntryPoint\",\"urlTemplate\":\"https:\\\/\\\/purecosmetics-shop.com\\\/accueil\\\/?s={search_term_string}\"},\"query-input\":{\"@type\":\"PropertyValueSpecification\",\"valueRequired\":true,\"valueName\":\"search_term_string\"}}],\"inLanguage\":\"fr-FR\"},{\"@type\":\"Organization\",\"@id\":\"https:\\\/\\\/purecosmetics-shop.com\\\/accueil\\\/#organization\",\"name\":\"Pure Cosmetics\",\"url\":\"https:\\\/\\\/purecosmetics-shop.com\\\/accueil\\\/\",\"logo\":{\"@type\":\"ImageObject\",\"inLanguage\":\"fr-FR\",\"@id\":\"https:\\\/\\\/purecosmetics-shop.com\\\/accueil\\\/#\\\/schema\\\/logo\\\/image\\\/\",\"url\":\"https:\\\/\\\/purecosmetics-shop.com\\\/wp-content\\\/uploads\\\/2025\\\/04\\\/cropped-Pure-Cosmetics-black-2.png\",\"contentUrl\":\"https:\\\/\\\/purecosmetics-shop.com\\\/wp-content\\\/uploads\\\/2025\\\/04\\\/cropped-Pure-Cosmetics-black-2.png\",\"width\":2362,\"height\":2324,\"caption\":\"Pure Cosmetics\"},\"image\":{\"@id\":\"https:\\\/\\\/purecosmetics-shop.com\\\/accueil\\\/#\\\/schema\\\/logo\\\/image\\\/\"}}]}<\/script>\n<!-- \/ Yoast SEO plugin. -->","yoast_head_json":{"title":"Pimprove Moisturizer - Pure Cosmetics","robots":{"index":"index","follow":"follow","max-snippet":"max-snippet:-1","max-image-preview":"max-image-preview:large","max-video-preview":"max-video-preview:-1"},"canonical":"https:\/\/purecosmetics-shop.com\/accueil\/produit\/pimprove-moisturizer\/","og_locale":"fr_FR","og_type":"article","og_title":"Pimprove Moisturizer - Pure Cosmetics","og_description":"La cr\u00e8me hydratante ZEROID Pimprove est la solution id\u00e9ale pour les peaux irrit\u00e9es, sensibles ou grasses qui ont besoin d'apaisement et de soutien. Cette cr\u00e8me l\u00e9g\u00e8re et nourrissante aide \u00e0 r\u00e9duire les rougeurs, \u00e0 r\u00e9\u00e9quilibrer la peau et \u00e0 renforcer la barri\u00e8re cutan\u00e9e. Sans r\u00e9sidus collants, elle vous offre une peau douce, saine et hydrat\u00e9e\u00a0!","og_url":"https:\/\/purecosmetics-shop.com\/accueil\/produit\/pimprove-moisturizer\/","og_site_name":"Pure Cosmetics","article_modified_time":"2026-04-19T14:05:14+00:00","og_image":[{"width":894,"height":894,"url":"https:\/\/purecosmetics-shop.com\/wp-content\/uploads\/2025\/10\/ZEROID_Pimprove_Moisturizer.jpg","type":"image\/jpeg"}],"twitter_card":"summary_large_image","twitter_misc":{"Dur\u00e9e de lecture estim\u00e9e":"1 minute"},"schema":{"@context":"https:\/\/schema.org","@graph":[{"@type":"WebPage","@id":"https:\/\/purecosmetics-shop.com\/accueil\/produit\/pimprove-moisturizer\/","url":"https:\/\/purecosmetics-shop.com\/accueil\/produit\/pimprove-moisturizer\/","name":"Pimprove Moisturizer - Pure Cosmetics","isPartOf":{"@id":"https:\/\/purecosmetics-shop.com\/accueil\/#website"},"primaryImageOfPage":{"@id":"https:\/\/purecosmetics-shop.com\/accueil\/produit\/pimprove-moisturizer\/#primaryimage"},"image":{"@id":"https:\/\/purecosmetics-shop.com\/accueil\/produit\/pimprove-moisturizer\/#primaryimage"},"thumbnailUrl":"https:\/\/purecosmetics-shop.com\/wp-content\/uploads\/2025\/10\/ZEROID_Pimprove_Moisturizer.jpg","datePublished":"2025-10-01T15:18:38+00:00","dateModified":"2026-04-19T14:05:14+00:00","breadcrumb":{"@id":"https:\/\/purecosmetics-shop.com\/accueil\/produit\/pimprove-moisturizer\/#breadcrumb"},"inLanguage":"fr-FR","potentialAction":[{"@type":"ReadAction","target":["https:\/\/purecosmetics-shop.com\/accueil\/produit\/pimprove-moisturizer\/"]}]},{"@type":"ImageObject","inLanguage":"fr-FR","@id":"https:\/\/purecosmetics-shop.com\/accueil\/produit\/pimprove-moisturizer\/#primaryimage","url":"https:\/\/purecosmetics-shop.com\/wp-content\/uploads\/2025\/10\/ZEROID_Pimprove_Moisturizer.jpg","contentUrl":"https:\/\/purecosmetics-shop.com\/wp-content\/uploads\/2025\/10\/ZEROID_Pimprove_Moisturizer.jpg","width":894,"height":894,"caption":"ZEROID Pimprove Moisturizer"},{"@type":"BreadcrumbList","@id":"https:\/\/purecosmetics-shop.com\/accueil\/produit\/pimprove-moisturizer\/#breadcrumb","itemListElement":[{"@type":"ListItem","position":1,"name":"Accueil","item":"https:\/\/purecosmetics-shop.com\/accueil\/"},{"@type":"ListItem","position":2,"name":"NOUVEAUT\u00c9S","item":"https:\/\/purecosmetics-shop.com\/accueil\/nouveautes\/"},{"@type":"ListItem","position":3,"name":"Pimprove Moisturizer"}]},{"@type":"WebSite","@id":"https:\/\/purecosmetics-shop.com\/accueil\/#website","url":"https:\/\/purecosmetics-shop.com\/accueil\/","name":"Pure Cosmetics","description":"Skincare cor\u00e9enne et japonais","publisher":{"@id":"https:\/\/purecosmetics-shop.com\/accueil\/#organization"},"potentialAction":[{"@type":"SearchAction","target":{"@type":"EntryPoint","urlTemplate":"https:\/\/purecosmetics-shop.com\/accueil\/?s={search_term_string}"},"query-input":{"@type":"PropertyValueSpecification","valueRequired":true,"valueName":"search_term_string"}}],"inLanguage":"fr-FR"},{"@type":"Organization","@id":"https:\/\/purecosmetics-shop.com\/accueil\/#organization","name":"Pure Cosmetics","url":"https:\/\/purecosmetics-shop.com\/accueil\/","logo":{"@type":"ImageObject","inLanguage":"fr-FR","@id":"https:\/\/purecosmetics-shop.com\/accueil\/#\/schema\/logo\/image\/","url":"https:\/\/purecosmetics-shop.com\/wp-content\/uploads\/2025\/04\/cropped-Pure-Cosmetics-black-2.png","contentUrl":"https:\/\/purecosmetics-shop.com\/wp-content\/uploads\/2025\/04\/cropped-Pure-Cosmetics-black-2.png","width":2362,"height":2324,"caption":"Pure Cosmetics"},"image":{"@id":"https:\/\/purecosmetics-shop.com\/accueil\/#\/schema\/logo\/image\/"}}]}},"jetpack_sharing_enabled":true,"_links":{"self":[{"href":"https:\/\/purecosmetics-shop.com\/accueil\/wp-json\/wp\/v2\/product\/4282","targetHints":{"allow":["GET"]}}],"collection":[{"href":"https:\/\/purecosmetics-shop.com\/accueil\/wp-json\/wp\/v2\/product"}],"about":[{"href":"https:\/\/purecosmetics-shop.com\/accueil\/wp-json\/wp\/v2\/types\/product"}],"replies":[{"embeddable":true,"href":"https:\/\/purecosmetics-shop.com\/accueil\/wp-json\/wp\/v2\/comments?post=4282"}],"version-history":[{"count":3,"href":"https:\/\/purecosmetics-shop.com\/accueil\/wp-json\/wp\/v2\/product\/4282\/revisions"}],"predecessor-version":[{"id":4414,"href":"https:\/\/purecosmetics-shop.com\/accueil\/wp-json\/wp\/v2\/product\/4282\/revisions\/4414"}],"wp:featuredmedia":[{"embeddable":true,"href":"https:\/\/purecosmetics-shop.com\/accueil\/wp-json\/wp\/v2\/media\/4287"}],"wp:attachment":[{"href":"https:\/\/purecosmetics-shop.com\/accueil\/wp-json\/wp\/v2\/media?parent=4282"}],"wp:term":[{"taxonomy":"product_brand","embeddable":true,"href":"https:\/\/purecosmetics-shop.com\/accueil\/wp-json\/wp\/v2\/product_brand?post=4282"},{"taxonomy":"product_cat","embeddable":true,"href":"https:\/\/purecosmetics-shop.com\/accueil\/wp-json\/wp\/v2\/product_cat?post=4282"},{"taxonomy":"product_tag","embeddable":true,"href":"https:\/\/purecosmetics-shop.com\/accueil\/wp-json\/wp\/v2\/product_tag?post=4282"}],"curies":[{"name":"wp","href":"https:\/\/api.w.org\/{rel}","templated":true}]}}