{"id":4276,"date":"2025-10-01T11:08:39","date_gmt":"2025-10-01T15:08:39","guid":{"rendered":"https:\/\/purecosmetics-shop.com\/accueil\/?post_type=product&#038;p=4276"},"modified":"2026-04-15T23:29:10","modified_gmt":"2026-04-16T03:29:10","slug":"garlic-ac-reedle-shot-point-patch","status":"publish","type":"product","link":"https:\/\/purecosmetics-shop.com\/accueil\/produit\/garlic-ac-reedle-shot-point-patch\/","title":{"rendered":"GARLIC AC REEDLE SHOT POINT PATCH"},"content":{"rendered":"<p>Ce patch anti-points contient de puissants ingr\u00e9dients actifs pour contr\u00f4ler le s\u00e9bum et soulager efficacement les inflammations.<\/p>\n<p>Formul\u00e9 avec du CICA REEDLE, qui stimule l&rsquo;absorption de l&rsquo;exosome d&rsquo;ail pour un puissant soin antibact\u00e9rien, apaisant et prot\u00e9geant la peau des agressions ext\u00e9rieures.<\/p>\n<p>Fortement adh\u00e9rent et r\u00e9sistant \u00e0 l&rsquo;eau, il reste en place m\u00eame en cas de transpiration ou d&rsquo;humidit\u00e9, pour une tenue longue dur\u00e9e.<\/p>\n<p>Disponible en tailles de 14 mm et 17 mm pour s&rsquo;adapter \u00e0 diff\u00e9rentes zones, son design biseaut\u00e9 assure un ajustement naturel et sans coutures, sans effet liftant.<\/p>\n<p>Mode d&#8217;emploi\u00a0:<\/p>\n<ol>\n<li>Apr\u00e8s avoir nettoy\u00e9 et s\u00e9ch\u00e9 votre peau, retirez le film des deux c\u00f4t\u00e9s du patch en \u00e9vitant tout contact avec le centre.<\/li>\n<li>Alignez le patch avec le centre de la zone \u00e0 traiter et appuyez fermement verticalement.<\/li>\n<li>Apr\u00e8s 8 \u00e0 12 heures, d\u00e9collez d\u00e9licatement le patch des bords.<\/li>\n<\/ol>\n","protected":false},"excerpt":{"rendered":"<p>Acc\u00e9l\u00e9rez la cicatrisation localis\u00e9e gr\u00e2ce \u00e0 ces patchs anti-boutons enrichis en exosomes d&rsquo;ail apaisants et anti-acn\u00e9, en huile de feuille d&rsquo;arbre \u00e0 th\u00e9, en acide salicylique et en acide pantoth\u00e9nique.<\/p>\n<p>Le CICA REEDLE de VT forme des micro-aiguilles de taille nanom\u00e9trique pour favoriser l&rsquo;absorption des actifs par la peau.<\/p>\n<p>Ces patchs transparents sont biseaut\u00e9s pour une adh\u00e9rence optimale \u00e0 la surface de la peau et une tenue longue dur\u00e9e.<\/p>\n","protected":false},"featured_media":4280,"comment_status":"open","ping_status":"closed","template":"","meta":[],"product_brand":[145],"product_cat":[108,113,192],"product_tag":[],"class_list":{"0":"post-4276","1":"product","2":"type-product","3":"status-publish","4":"has-post-thumbnail","6":"product_brand-vt-cosmetics","7":"product_cat-anti-imperfections-et-pores","8":"product_cat-peau-a-tendance-acneique","9":"product_cat-traitement-localise","11":"first","12":"instock","13":"shipping-taxable","14":"purchasable","15":"product-type-simple"},"yoast_head":"<!-- This site is optimized with the Yoast SEO plugin v27.4 - https:\/\/yoast.com\/product\/yoast-seo-wordpress\/ -->\n<title>GARLIC AC REEDLE SHOT POINT PATCH - Pure Cosmetics<\/title>\n<meta name=\"robots\" content=\"index, follow, max-snippet:-1, max-image-preview:large, max-video-preview:-1\" \/>\n<link rel=\"canonical\" href=\"https:\/\/purecosmetics-shop.com\/accueil\/produit\/garlic-ac-reedle-shot-point-patch\/\" \/>\n<meta property=\"og:locale\" content=\"fr_FR\" \/>\n<meta property=\"og:type\" content=\"article\" \/>\n<meta property=\"og:title\" content=\"GARLIC AC REEDLE SHOT POINT PATCH - Pure Cosmetics\" \/>\n<meta property=\"og:description\" content=\"Acc\u00e9l\u00e9rez la cicatrisation localis\u00e9e gr\u00e2ce \u00e0 ces patchs anti-boutons enrichis en exosomes d&#039;ail apaisants et anti-acn\u00e9, en huile de feuille d&#039;arbre \u00e0 th\u00e9, en acide salicylique et en acide pantoth\u00e9nique.  Le CICA REEDLE de VT forme des micro-aiguilles de taille nanom\u00e9trique pour favoriser l&#039;absorption des actifs par la peau.  Ces patchs transparents sont biseaut\u00e9s pour une adh\u00e9rence optimale \u00e0 la surface de la peau et une tenue longue dur\u00e9e.\" \/>\n<meta property=\"og:url\" content=\"https:\/\/purecosmetics-shop.com\/accueil\/produit\/garlic-ac-reedle-shot-point-patch\/\" \/>\n<meta property=\"og:site_name\" content=\"Pure Cosmetics\" \/>\n<meta property=\"article:modified_time\" content=\"2026-04-16T03:29:10+00:00\" \/>\n<meta property=\"og:image\" content=\"https:\/\/purecosmetics-shop.com\/wp-content\/uploads\/2025\/10\/VT_COSMETICS_GARLIC_AC_REEDLE_SHOT_POINT_PATCH.jpg\" \/>\n\t<meta property=\"og:image:width\" content=\"2000\" \/>\n\t<meta property=\"og:image:height\" content=\"2000\" \/>\n\t<meta property=\"og:image:type\" content=\"image\/jpeg\" \/>\n<meta name=\"twitter:card\" content=\"summary_large_image\" \/>\n<meta name=\"twitter:label1\" content=\"Dur\u00e9e de lecture estim\u00e9e\" \/>\n\t<meta name=\"twitter:data1\" content=\"1 minute\" \/>\n<script type=\"application\/ld+json\" class=\"yoast-schema-graph\">{\"@context\":\"https:\\\/\\\/schema.org\",\"@graph\":[{\"@type\":\"WebPage\",\"@id\":\"https:\\\/\\\/purecosmetics-shop.com\\\/accueil\\\/produit\\\/garlic-ac-reedle-shot-point-patch\\\/\",\"url\":\"https:\\\/\\\/purecosmetics-shop.com\\\/accueil\\\/produit\\\/garlic-ac-reedle-shot-point-patch\\\/\",\"name\":\"GARLIC AC REEDLE SHOT POINT PATCH - Pure Cosmetics\",\"isPartOf\":{\"@id\":\"https:\\\/\\\/purecosmetics-shop.com\\\/accueil\\\/#website\"},\"primaryImageOfPage\":{\"@id\":\"https:\\\/\\\/purecosmetics-shop.com\\\/accueil\\\/produit\\\/garlic-ac-reedle-shot-point-patch\\\/#primaryimage\"},\"image\":{\"@id\":\"https:\\\/\\\/purecosmetics-shop.com\\\/accueil\\\/produit\\\/garlic-ac-reedle-shot-point-patch\\\/#primaryimage\"},\"thumbnailUrl\":\"https:\\\/\\\/purecosmetics-shop.com\\\/wp-content\\\/uploads\\\/2025\\\/10\\\/VT_COSMETICS_GARLIC_AC_REEDLE_SHOT_POINT_PATCH.jpg\",\"datePublished\":\"2025-10-01T15:08:39+00:00\",\"dateModified\":\"2026-04-16T03:29:10+00:00\",\"breadcrumb\":{\"@id\":\"https:\\\/\\\/purecosmetics-shop.com\\\/accueil\\\/produit\\\/garlic-ac-reedle-shot-point-patch\\\/#breadcrumb\"},\"inLanguage\":\"fr-FR\",\"potentialAction\":[{\"@type\":\"ReadAction\",\"target\":[\"https:\\\/\\\/purecosmetics-shop.com\\\/accueil\\\/produit\\\/garlic-ac-reedle-shot-point-patch\\\/\"]}]},{\"@type\":\"ImageObject\",\"inLanguage\":\"fr-FR\",\"@id\":\"https:\\\/\\\/purecosmetics-shop.com\\\/accueil\\\/produit\\\/garlic-ac-reedle-shot-point-patch\\\/#primaryimage\",\"url\":\"https:\\\/\\\/purecosmetics-shop.com\\\/wp-content\\\/uploads\\\/2025\\\/10\\\/VT_COSMETICS_GARLIC_AC_REEDLE_SHOT_POINT_PATCH.jpg\",\"contentUrl\":\"https:\\\/\\\/purecosmetics-shop.com\\\/wp-content\\\/uploads\\\/2025\\\/10\\\/VT_COSMETICS_GARLIC_AC_REEDLE_SHOT_POINT_PATCH.jpg\",\"width\":2000,\"height\":2000,\"caption\":\"VT COSMETICS GARLIC AC REEDLE SHOT POINT PATCH\"},{\"@type\":\"BreadcrumbList\",\"@id\":\"https:\\\/\\\/purecosmetics-shop.com\\\/accueil\\\/produit\\\/garlic-ac-reedle-shot-point-patch\\\/#breadcrumb\",\"itemListElement\":[{\"@type\":\"ListItem\",\"position\":1,\"name\":\"Accueil\",\"item\":\"https:\\\/\\\/purecosmetics-shop.com\\\/accueil\\\/\"},{\"@type\":\"ListItem\",\"position\":2,\"name\":\"NOUVEAUT\u00c9S\",\"item\":\"https:\\\/\\\/purecosmetics-shop.com\\\/accueil\\\/nouveautes\\\/\"},{\"@type\":\"ListItem\",\"position\":3,\"name\":\"GARLIC AC REEDLE SHOT POINT PATCH\"}]},{\"@type\":\"WebSite\",\"@id\":\"https:\\\/\\\/purecosmetics-shop.com\\\/accueil\\\/#website\",\"url\":\"https:\\\/\\\/purecosmetics-shop.com\\\/accueil\\\/\",\"name\":\"Pure Cosmetics\",\"description\":\"Skincare cor\u00e9enne et japonais\",\"publisher\":{\"@id\":\"https:\\\/\\\/purecosmetics-shop.com\\\/accueil\\\/#organization\"},\"potentialAction\":[{\"@type\":\"SearchAction\",\"target\":{\"@type\":\"EntryPoint\",\"urlTemplate\":\"https:\\\/\\\/purecosmetics-shop.com\\\/accueil\\\/?s={search_term_string}\"},\"query-input\":{\"@type\":\"PropertyValueSpecification\",\"valueRequired\":true,\"valueName\":\"search_term_string\"}}],\"inLanguage\":\"fr-FR\"},{\"@type\":\"Organization\",\"@id\":\"https:\\\/\\\/purecosmetics-shop.com\\\/accueil\\\/#organization\",\"name\":\"Pure Cosmetics\",\"url\":\"https:\\\/\\\/purecosmetics-shop.com\\\/accueil\\\/\",\"logo\":{\"@type\":\"ImageObject\",\"inLanguage\":\"fr-FR\",\"@id\":\"https:\\\/\\\/purecosmetics-shop.com\\\/accueil\\\/#\\\/schema\\\/logo\\\/image\\\/\",\"url\":\"https:\\\/\\\/purecosmetics-shop.com\\\/wp-content\\\/uploads\\\/2025\\\/04\\\/cropped-Pure-Cosmetics-black-2.png\",\"contentUrl\":\"https:\\\/\\\/purecosmetics-shop.com\\\/wp-content\\\/uploads\\\/2025\\\/04\\\/cropped-Pure-Cosmetics-black-2.png\",\"width\":2362,\"height\":2324,\"caption\":\"Pure Cosmetics\"},\"image\":{\"@id\":\"https:\\\/\\\/purecosmetics-shop.com\\\/accueil\\\/#\\\/schema\\\/logo\\\/image\\\/\"}}]}<\/script>\n<!-- \/ Yoast SEO plugin. -->","yoast_head_json":{"title":"GARLIC AC REEDLE SHOT POINT PATCH - Pure Cosmetics","robots":{"index":"index","follow":"follow","max-snippet":"max-snippet:-1","max-image-preview":"max-image-preview:large","max-video-preview":"max-video-preview:-1"},"canonical":"https:\/\/purecosmetics-shop.com\/accueil\/produit\/garlic-ac-reedle-shot-point-patch\/","og_locale":"fr_FR","og_type":"article","og_title":"GARLIC AC REEDLE SHOT POINT PATCH - Pure Cosmetics","og_description":"Acc\u00e9l\u00e9rez la cicatrisation localis\u00e9e gr\u00e2ce \u00e0 ces patchs anti-boutons enrichis en exosomes d'ail apaisants et anti-acn\u00e9, en huile de feuille d'arbre \u00e0 th\u00e9, en acide salicylique et en acide pantoth\u00e9nique.  Le CICA REEDLE de VT forme des micro-aiguilles de taille nanom\u00e9trique pour favoriser l'absorption des actifs par la peau.  Ces patchs transparents sont biseaut\u00e9s pour une adh\u00e9rence optimale \u00e0 la surface de la peau et une tenue longue dur\u00e9e.","og_url":"https:\/\/purecosmetics-shop.com\/accueil\/produit\/garlic-ac-reedle-shot-point-patch\/","og_site_name":"Pure Cosmetics","article_modified_time":"2026-04-16T03:29:10+00:00","og_image":[{"width":2000,"height":2000,"url":"https:\/\/purecosmetics-shop.com\/wp-content\/uploads\/2025\/10\/VT_COSMETICS_GARLIC_AC_REEDLE_SHOT_POINT_PATCH.jpg","type":"image\/jpeg"}],"twitter_card":"summary_large_image","twitter_misc":{"Dur\u00e9e de lecture estim\u00e9e":"1 minute"},"schema":{"@context":"https:\/\/schema.org","@graph":[{"@type":"WebPage","@id":"https:\/\/purecosmetics-shop.com\/accueil\/produit\/garlic-ac-reedle-shot-point-patch\/","url":"https:\/\/purecosmetics-shop.com\/accueil\/produit\/garlic-ac-reedle-shot-point-patch\/","name":"GARLIC AC REEDLE SHOT POINT PATCH - Pure Cosmetics","isPartOf":{"@id":"https:\/\/purecosmetics-shop.com\/accueil\/#website"},"primaryImageOfPage":{"@id":"https:\/\/purecosmetics-shop.com\/accueil\/produit\/garlic-ac-reedle-shot-point-patch\/#primaryimage"},"image":{"@id":"https:\/\/purecosmetics-shop.com\/accueil\/produit\/garlic-ac-reedle-shot-point-patch\/#primaryimage"},"thumbnailUrl":"https:\/\/purecosmetics-shop.com\/wp-content\/uploads\/2025\/10\/VT_COSMETICS_GARLIC_AC_REEDLE_SHOT_POINT_PATCH.jpg","datePublished":"2025-10-01T15:08:39+00:00","dateModified":"2026-04-16T03:29:10+00:00","breadcrumb":{"@id":"https:\/\/purecosmetics-shop.com\/accueil\/produit\/garlic-ac-reedle-shot-point-patch\/#breadcrumb"},"inLanguage":"fr-FR","potentialAction":[{"@type":"ReadAction","target":["https:\/\/purecosmetics-shop.com\/accueil\/produit\/garlic-ac-reedle-shot-point-patch\/"]}]},{"@type":"ImageObject","inLanguage":"fr-FR","@id":"https:\/\/purecosmetics-shop.com\/accueil\/produit\/garlic-ac-reedle-shot-point-patch\/#primaryimage","url":"https:\/\/purecosmetics-shop.com\/wp-content\/uploads\/2025\/10\/VT_COSMETICS_GARLIC_AC_REEDLE_SHOT_POINT_PATCH.jpg","contentUrl":"https:\/\/purecosmetics-shop.com\/wp-content\/uploads\/2025\/10\/VT_COSMETICS_GARLIC_AC_REEDLE_SHOT_POINT_PATCH.jpg","width":2000,"height":2000,"caption":"VT COSMETICS GARLIC AC REEDLE SHOT POINT PATCH"},{"@type":"BreadcrumbList","@id":"https:\/\/purecosmetics-shop.com\/accueil\/produit\/garlic-ac-reedle-shot-point-patch\/#breadcrumb","itemListElement":[{"@type":"ListItem","position":1,"name":"Accueil","item":"https:\/\/purecosmetics-shop.com\/accueil\/"},{"@type":"ListItem","position":2,"name":"NOUVEAUT\u00c9S","item":"https:\/\/purecosmetics-shop.com\/accueil\/nouveautes\/"},{"@type":"ListItem","position":3,"name":"GARLIC AC REEDLE SHOT POINT PATCH"}]},{"@type":"WebSite","@id":"https:\/\/purecosmetics-shop.com\/accueil\/#website","url":"https:\/\/purecosmetics-shop.com\/accueil\/","name":"Pure Cosmetics","description":"Skincare cor\u00e9enne et japonais","publisher":{"@id":"https:\/\/purecosmetics-shop.com\/accueil\/#organization"},"potentialAction":[{"@type":"SearchAction","target":{"@type":"EntryPoint","urlTemplate":"https:\/\/purecosmetics-shop.com\/accueil\/?s={search_term_string}"},"query-input":{"@type":"PropertyValueSpecification","valueRequired":true,"valueName":"search_term_string"}}],"inLanguage":"fr-FR"},{"@type":"Organization","@id":"https:\/\/purecosmetics-shop.com\/accueil\/#organization","name":"Pure Cosmetics","url":"https:\/\/purecosmetics-shop.com\/accueil\/","logo":{"@type":"ImageObject","inLanguage":"fr-FR","@id":"https:\/\/purecosmetics-shop.com\/accueil\/#\/schema\/logo\/image\/","url":"https:\/\/purecosmetics-shop.com\/wp-content\/uploads\/2025\/04\/cropped-Pure-Cosmetics-black-2.png","contentUrl":"https:\/\/purecosmetics-shop.com\/wp-content\/uploads\/2025\/04\/cropped-Pure-Cosmetics-black-2.png","width":2362,"height":2324,"caption":"Pure Cosmetics"},"image":{"@id":"https:\/\/purecosmetics-shop.com\/accueil\/#\/schema\/logo\/image\/"}}]}},"jetpack_sharing_enabled":true,"_links":{"self":[{"href":"https:\/\/purecosmetics-shop.com\/accueil\/wp-json\/wp\/v2\/product\/4276","targetHints":{"allow":["GET"]}}],"collection":[{"href":"https:\/\/purecosmetics-shop.com\/accueil\/wp-json\/wp\/v2\/product"}],"about":[{"href":"https:\/\/purecosmetics-shop.com\/accueil\/wp-json\/wp\/v2\/types\/product"}],"replies":[{"embeddable":true,"href":"https:\/\/purecosmetics-shop.com\/accueil\/wp-json\/wp\/v2\/comments?post=4276"}],"version-history":[{"count":3,"href":"https:\/\/purecosmetics-shop.com\/accueil\/wp-json\/wp\/v2\/product\/4276\/revisions"}],"predecessor-version":[{"id":4431,"href":"https:\/\/purecosmetics-shop.com\/accueil\/wp-json\/wp\/v2\/product\/4276\/revisions\/4431"}],"wp:featuredmedia":[{"embeddable":true,"href":"https:\/\/purecosmetics-shop.com\/accueil\/wp-json\/wp\/v2\/media\/4280"}],"wp:attachment":[{"href":"https:\/\/purecosmetics-shop.com\/accueil\/wp-json\/wp\/v2\/media?parent=4276"}],"wp:term":[{"taxonomy":"product_brand","embeddable":true,"href":"https:\/\/purecosmetics-shop.com\/accueil\/wp-json\/wp\/v2\/product_brand?post=4276"},{"taxonomy":"product_cat","embeddable":true,"href":"https:\/\/purecosmetics-shop.com\/accueil\/wp-json\/wp\/v2\/product_cat?post=4276"},{"taxonomy":"product_tag","embeddable":true,"href":"https:\/\/purecosmetics-shop.com\/accueil\/wp-json\/wp\/v2\/product_tag?post=4276"}],"curies":[{"name":"wp","href":"https:\/\/api.w.org\/{rel}","templated":true}]}}