{"id":4271,"date":"2025-10-01T11:01:33","date_gmt":"2025-10-01T15:01:33","guid":{"rendered":"https:\/\/purecosmetics-shop.com\/accueil\/?post_type=product&#038;p=4271"},"modified":"2026-04-16T02:20:51","modified_gmt":"2026-04-16T06:20:51","slug":"mild-reedle-shot-50-2-step-mask","status":"publish","type":"product","link":"https:\/\/purecosmetics-shop.com\/accueil\/produit\/mild-reedle-shot-50-2-step-mask\/","title":{"rendered":"MILD REEDLE SHOT 50 2-STEP MASK"},"content":{"rendered":"<p>Reedle Shot 50 am\u00e9liore l&rsquo;absorption des actifs et minimise les pores dilat\u00e9s. Ce masque en tissu vegan apporte \u00e0 la peau des ingr\u00e9dients hydratants et apaisants.<\/p>\n<p>Mode d&#8217;emploi\u00a0:<\/p>\n<ol>\n<li>Apr\u00e8s vous \u00eatre lav\u00e9 le visage le soir, appliquez une quantit\u00e9 appropri\u00e9e de Reddle Shot (\u00c9TAPE 1) sur votre visage et r\u00e9partissez-la sur toute la surface.<\/li>\n<li>Une fois le Reddle Shot (\u00c9TAPE 1) absorb\u00e9, \u00c9TAPE 2: ouvrez le masque Reedle Shot et appliquez-le sur la peau.<\/li>\n<li>Apr\u00e8s 10 \u00e0 20 minutes de pose, retirez le masque et tapotez l\u00e9g\u00e8rement pour faire p\u00e9n\u00e9trer l&rsquo;essence restante.<\/li>\n<\/ol>\n","protected":false},"excerpt":{"rendered":"<p>Ce masque en 2 \u00e9tapes, compos\u00e9 de Reedle Shot 50 et du Reedle Shot Comfort Mask, aide \u00e0 affiner la peau rugueuse et \u00e0 \u00e9liminer les cellules mortes pour une peau naturellement lisse.<\/p>\n<p>Convient aux peaux irrit\u00e9es.<\/p>\n","protected":false},"featured_media":4273,"comment_status":"open","ping_status":"closed","template":"","meta":[],"product_brand":[145],"product_cat":[108,23,114,119],"product_tag":[],"class_list":{"0":"post-4271","1":"product","2":"type-product","3":"status-publish","4":"has-post-thumbnail","6":"product_brand-vt-cosmetics","7":"product_cat-anti-imperfections-et-pores","8":"product_cat-masque","9":"product_cat-peau-granuleuse","10":"product_cat-peau-sensible","12":"first","13":"instock","14":"shipping-taxable","15":"purchasable","16":"product-type-simple"},"yoast_head":"<!-- This site is optimized with the Yoast SEO plugin v27.4 - https:\/\/yoast.com\/product\/yoast-seo-wordpress\/ -->\n<title>MILD REEDLE SHOT 50 2-STEP MASK - Pure Cosmetics<\/title>\n<meta name=\"robots\" content=\"index, follow, max-snippet:-1, max-image-preview:large, max-video-preview:-1\" \/>\n<link rel=\"canonical\" href=\"https:\/\/purecosmetics-shop.com\/accueil\/produit\/mild-reedle-shot-50-2-step-mask\/\" \/>\n<meta property=\"og:locale\" content=\"fr_FR\" \/>\n<meta property=\"og:type\" content=\"article\" \/>\n<meta property=\"og:title\" content=\"MILD REEDLE SHOT 50 2-STEP MASK - Pure Cosmetics\" \/>\n<meta property=\"og:description\" content=\"Ce masque en 2 \u00e9tapes, compos\u00e9 de Reedle Shot 50 et du Reedle Shot Comfort Mask, aide \u00e0 affiner la peau rugueuse et \u00e0 \u00e9liminer les cellules mortes pour une peau naturellement lisse.  Convient aux peaux irrit\u00e9es.\" \/>\n<meta property=\"og:url\" content=\"https:\/\/purecosmetics-shop.com\/accueil\/produit\/mild-reedle-shot-50-2-step-mask\/\" \/>\n<meta property=\"og:site_name\" content=\"Pure Cosmetics\" \/>\n<meta property=\"article:modified_time\" content=\"2026-04-16T06:20:51+00:00\" \/>\n<meta property=\"og:image\" content=\"https:\/\/purecosmetics-shop.com\/wp-content\/uploads\/2025\/10\/vt-cosmetics-reedle-shot-50-2-step-mask.jpg\" \/>\n\t<meta property=\"og:image:width\" content=\"1200\" \/>\n\t<meta property=\"og:image:height\" content=\"1600\" \/>\n\t<meta property=\"og:image:type\" content=\"image\/jpeg\" \/>\n<meta name=\"twitter:card\" content=\"summary_large_image\" \/>\n<meta name=\"twitter:label1\" content=\"Dur\u00e9e de lecture estim\u00e9e\" \/>\n\t<meta name=\"twitter:data1\" content=\"1 minute\" \/>\n<script type=\"application\/ld+json\" class=\"yoast-schema-graph\">{\"@context\":\"https:\\\/\\\/schema.org\",\"@graph\":[{\"@type\":\"WebPage\",\"@id\":\"https:\\\/\\\/purecosmetics-shop.com\\\/accueil\\\/produit\\\/mild-reedle-shot-50-2-step-mask\\\/\",\"url\":\"https:\\\/\\\/purecosmetics-shop.com\\\/accueil\\\/produit\\\/mild-reedle-shot-50-2-step-mask\\\/\",\"name\":\"MILD REEDLE SHOT 50 2-STEP MASK - Pure Cosmetics\",\"isPartOf\":{\"@id\":\"https:\\\/\\\/purecosmetics-shop.com\\\/accueil\\\/#website\"},\"primaryImageOfPage\":{\"@id\":\"https:\\\/\\\/purecosmetics-shop.com\\\/accueil\\\/produit\\\/mild-reedle-shot-50-2-step-mask\\\/#primaryimage\"},\"image\":{\"@id\":\"https:\\\/\\\/purecosmetics-shop.com\\\/accueil\\\/produit\\\/mild-reedle-shot-50-2-step-mask\\\/#primaryimage\"},\"thumbnailUrl\":\"https:\\\/\\\/purecosmetics-shop.com\\\/wp-content\\\/uploads\\\/2025\\\/10\\\/vt-cosmetics-reedle-shot-50-2-step-mask.jpg\",\"datePublished\":\"2025-10-01T15:01:33+00:00\",\"dateModified\":\"2026-04-16T06:20:51+00:00\",\"breadcrumb\":{\"@id\":\"https:\\\/\\\/purecosmetics-shop.com\\\/accueil\\\/produit\\\/mild-reedle-shot-50-2-step-mask\\\/#breadcrumb\"},\"inLanguage\":\"fr-FR\",\"potentialAction\":[{\"@type\":\"ReadAction\",\"target\":[\"https:\\\/\\\/purecosmetics-shop.com\\\/accueil\\\/produit\\\/mild-reedle-shot-50-2-step-mask\\\/\"]}]},{\"@type\":\"ImageObject\",\"inLanguage\":\"fr-FR\",\"@id\":\"https:\\\/\\\/purecosmetics-shop.com\\\/accueil\\\/produit\\\/mild-reedle-shot-50-2-step-mask\\\/#primaryimage\",\"url\":\"https:\\\/\\\/purecosmetics-shop.com\\\/wp-content\\\/uploads\\\/2025\\\/10\\\/vt-cosmetics-reedle-shot-50-2-step-mask.jpg\",\"contentUrl\":\"https:\\\/\\\/purecosmetics-shop.com\\\/wp-content\\\/uploads\\\/2025\\\/10\\\/vt-cosmetics-reedle-shot-50-2-step-mask.jpg\",\"width\":1200,\"height\":1600,\"caption\":\"VT COSMETICS MILD REEDLE SHOT 50 2-STEP MASK\"},{\"@type\":\"BreadcrumbList\",\"@id\":\"https:\\\/\\\/purecosmetics-shop.com\\\/accueil\\\/produit\\\/mild-reedle-shot-50-2-step-mask\\\/#breadcrumb\",\"itemListElement\":[{\"@type\":\"ListItem\",\"position\":1,\"name\":\"Accueil\",\"item\":\"https:\\\/\\\/purecosmetics-shop.com\\\/accueil\\\/\"},{\"@type\":\"ListItem\",\"position\":2,\"name\":\"NOUVEAUT\u00c9S\",\"item\":\"https:\\\/\\\/purecosmetics-shop.com\\\/accueil\\\/nouveautes\\\/\"},{\"@type\":\"ListItem\",\"position\":3,\"name\":\"MILD REEDLE SHOT 50 2-STEP MASK\"}]},{\"@type\":\"WebSite\",\"@id\":\"https:\\\/\\\/purecosmetics-shop.com\\\/accueil\\\/#website\",\"url\":\"https:\\\/\\\/purecosmetics-shop.com\\\/accueil\\\/\",\"name\":\"Pure Cosmetics\",\"description\":\"Skincare cor\u00e9enne et japonais\",\"publisher\":{\"@id\":\"https:\\\/\\\/purecosmetics-shop.com\\\/accueil\\\/#organization\"},\"potentialAction\":[{\"@type\":\"SearchAction\",\"target\":{\"@type\":\"EntryPoint\",\"urlTemplate\":\"https:\\\/\\\/purecosmetics-shop.com\\\/accueil\\\/?s={search_term_string}\"},\"query-input\":{\"@type\":\"PropertyValueSpecification\",\"valueRequired\":true,\"valueName\":\"search_term_string\"}}],\"inLanguage\":\"fr-FR\"},{\"@type\":\"Organization\",\"@id\":\"https:\\\/\\\/purecosmetics-shop.com\\\/accueil\\\/#organization\",\"name\":\"Pure Cosmetics\",\"url\":\"https:\\\/\\\/purecosmetics-shop.com\\\/accueil\\\/\",\"logo\":{\"@type\":\"ImageObject\",\"inLanguage\":\"fr-FR\",\"@id\":\"https:\\\/\\\/purecosmetics-shop.com\\\/accueil\\\/#\\\/schema\\\/logo\\\/image\\\/\",\"url\":\"https:\\\/\\\/purecosmetics-shop.com\\\/wp-content\\\/uploads\\\/2025\\\/04\\\/cropped-Pure-Cosmetics-black-2.png\",\"contentUrl\":\"https:\\\/\\\/purecosmetics-shop.com\\\/wp-content\\\/uploads\\\/2025\\\/04\\\/cropped-Pure-Cosmetics-black-2.png\",\"width\":2362,\"height\":2324,\"caption\":\"Pure Cosmetics\"},\"image\":{\"@id\":\"https:\\\/\\\/purecosmetics-shop.com\\\/accueil\\\/#\\\/schema\\\/logo\\\/image\\\/\"}}]}<\/script>\n<!-- \/ Yoast SEO plugin. -->","yoast_head_json":{"title":"MILD REEDLE SHOT 50 2-STEP MASK - Pure Cosmetics","robots":{"index":"index","follow":"follow","max-snippet":"max-snippet:-1","max-image-preview":"max-image-preview:large","max-video-preview":"max-video-preview:-1"},"canonical":"https:\/\/purecosmetics-shop.com\/accueil\/produit\/mild-reedle-shot-50-2-step-mask\/","og_locale":"fr_FR","og_type":"article","og_title":"MILD REEDLE SHOT 50 2-STEP MASK - Pure Cosmetics","og_description":"Ce masque en 2 \u00e9tapes, compos\u00e9 de Reedle Shot 50 et du Reedle Shot Comfort Mask, aide \u00e0 affiner la peau rugueuse et \u00e0 \u00e9liminer les cellules mortes pour une peau naturellement lisse.  Convient aux peaux irrit\u00e9es.","og_url":"https:\/\/purecosmetics-shop.com\/accueil\/produit\/mild-reedle-shot-50-2-step-mask\/","og_site_name":"Pure Cosmetics","article_modified_time":"2026-04-16T06:20:51+00:00","og_image":[{"width":1200,"height":1600,"url":"https:\/\/purecosmetics-shop.com\/wp-content\/uploads\/2025\/10\/vt-cosmetics-reedle-shot-50-2-step-mask.jpg","type":"image\/jpeg"}],"twitter_card":"summary_large_image","twitter_misc":{"Dur\u00e9e de lecture estim\u00e9e":"1 minute"},"schema":{"@context":"https:\/\/schema.org","@graph":[{"@type":"WebPage","@id":"https:\/\/purecosmetics-shop.com\/accueil\/produit\/mild-reedle-shot-50-2-step-mask\/","url":"https:\/\/purecosmetics-shop.com\/accueil\/produit\/mild-reedle-shot-50-2-step-mask\/","name":"MILD REEDLE SHOT 50 2-STEP MASK - Pure Cosmetics","isPartOf":{"@id":"https:\/\/purecosmetics-shop.com\/accueil\/#website"},"primaryImageOfPage":{"@id":"https:\/\/purecosmetics-shop.com\/accueil\/produit\/mild-reedle-shot-50-2-step-mask\/#primaryimage"},"image":{"@id":"https:\/\/purecosmetics-shop.com\/accueil\/produit\/mild-reedle-shot-50-2-step-mask\/#primaryimage"},"thumbnailUrl":"https:\/\/purecosmetics-shop.com\/wp-content\/uploads\/2025\/10\/vt-cosmetics-reedle-shot-50-2-step-mask.jpg","datePublished":"2025-10-01T15:01:33+00:00","dateModified":"2026-04-16T06:20:51+00:00","breadcrumb":{"@id":"https:\/\/purecosmetics-shop.com\/accueil\/produit\/mild-reedle-shot-50-2-step-mask\/#breadcrumb"},"inLanguage":"fr-FR","potentialAction":[{"@type":"ReadAction","target":["https:\/\/purecosmetics-shop.com\/accueil\/produit\/mild-reedle-shot-50-2-step-mask\/"]}]},{"@type":"ImageObject","inLanguage":"fr-FR","@id":"https:\/\/purecosmetics-shop.com\/accueil\/produit\/mild-reedle-shot-50-2-step-mask\/#primaryimage","url":"https:\/\/purecosmetics-shop.com\/wp-content\/uploads\/2025\/10\/vt-cosmetics-reedle-shot-50-2-step-mask.jpg","contentUrl":"https:\/\/purecosmetics-shop.com\/wp-content\/uploads\/2025\/10\/vt-cosmetics-reedle-shot-50-2-step-mask.jpg","width":1200,"height":1600,"caption":"VT COSMETICS MILD REEDLE SHOT 50 2-STEP MASK"},{"@type":"BreadcrumbList","@id":"https:\/\/purecosmetics-shop.com\/accueil\/produit\/mild-reedle-shot-50-2-step-mask\/#breadcrumb","itemListElement":[{"@type":"ListItem","position":1,"name":"Accueil","item":"https:\/\/purecosmetics-shop.com\/accueil\/"},{"@type":"ListItem","position":2,"name":"NOUVEAUT\u00c9S","item":"https:\/\/purecosmetics-shop.com\/accueil\/nouveautes\/"},{"@type":"ListItem","position":3,"name":"MILD REEDLE SHOT 50 2-STEP MASK"}]},{"@type":"WebSite","@id":"https:\/\/purecosmetics-shop.com\/accueil\/#website","url":"https:\/\/purecosmetics-shop.com\/accueil\/","name":"Pure Cosmetics","description":"Skincare cor\u00e9enne et japonais","publisher":{"@id":"https:\/\/purecosmetics-shop.com\/accueil\/#organization"},"potentialAction":[{"@type":"SearchAction","target":{"@type":"EntryPoint","urlTemplate":"https:\/\/purecosmetics-shop.com\/accueil\/?s={search_term_string}"},"query-input":{"@type":"PropertyValueSpecification","valueRequired":true,"valueName":"search_term_string"}}],"inLanguage":"fr-FR"},{"@type":"Organization","@id":"https:\/\/purecosmetics-shop.com\/accueil\/#organization","name":"Pure Cosmetics","url":"https:\/\/purecosmetics-shop.com\/accueil\/","logo":{"@type":"ImageObject","inLanguage":"fr-FR","@id":"https:\/\/purecosmetics-shop.com\/accueil\/#\/schema\/logo\/image\/","url":"https:\/\/purecosmetics-shop.com\/wp-content\/uploads\/2025\/04\/cropped-Pure-Cosmetics-black-2.png","contentUrl":"https:\/\/purecosmetics-shop.com\/wp-content\/uploads\/2025\/04\/cropped-Pure-Cosmetics-black-2.png","width":2362,"height":2324,"caption":"Pure Cosmetics"},"image":{"@id":"https:\/\/purecosmetics-shop.com\/accueil\/#\/schema\/logo\/image\/"}}]}},"jetpack_sharing_enabled":true,"_links":{"self":[{"href":"https:\/\/purecosmetics-shop.com\/accueil\/wp-json\/wp\/v2\/product\/4271","targetHints":{"allow":["GET"]}}],"collection":[{"href":"https:\/\/purecosmetics-shop.com\/accueil\/wp-json\/wp\/v2\/product"}],"about":[{"href":"https:\/\/purecosmetics-shop.com\/accueil\/wp-json\/wp\/v2\/types\/product"}],"replies":[{"embeddable":true,"href":"https:\/\/purecosmetics-shop.com\/accueil\/wp-json\/wp\/v2\/comments?post=4271"}],"version-history":[{"count":3,"href":"https:\/\/purecosmetics-shop.com\/accueil\/wp-json\/wp\/v2\/product\/4271\/revisions"}],"predecessor-version":[{"id":4433,"href":"https:\/\/purecosmetics-shop.com\/accueil\/wp-json\/wp\/v2\/product\/4271\/revisions\/4433"}],"wp:featuredmedia":[{"embeddable":true,"href":"https:\/\/purecosmetics-shop.com\/accueil\/wp-json\/wp\/v2\/media\/4273"}],"wp:attachment":[{"href":"https:\/\/purecosmetics-shop.com\/accueil\/wp-json\/wp\/v2\/media?parent=4271"}],"wp:term":[{"taxonomy":"product_brand","embeddable":true,"href":"https:\/\/purecosmetics-shop.com\/accueil\/wp-json\/wp\/v2\/product_brand?post=4271"},{"taxonomy":"product_cat","embeddable":true,"href":"https:\/\/purecosmetics-shop.com\/accueil\/wp-json\/wp\/v2\/product_cat?post=4271"},{"taxonomy":"product_tag","embeddable":true,"href":"https:\/\/purecosmetics-shop.com\/accueil\/wp-json\/wp\/v2\/product_tag?post=4271"}],"curies":[{"name":"wp","href":"https:\/\/api.w.org\/{rel}","templated":true}]}}