{"id":4260,"date":"2025-10-01T10:54:17","date_gmt":"2025-10-01T14:54:17","guid":{"rendered":"https:\/\/purecosmetics-shop.com\/accueil\/?post_type=product&#038;p=4260"},"modified":"2026-03-27T10:40:24","modified_gmt":"2026-03-27T14:40:24","slug":"no-1-pantothenic-skincare-100-powder","status":"publish","type":"product","link":"https:\/\/purecosmetics-shop.com\/accueil\/produit\/no-1-pantothenic-skincare-100-powder\/","title":{"rendered":"No.1 Pantothenic Skincare 100 Powder"},"content":{"rendered":"<p>Formul\u00e9e avec des ingr\u00e9dients 100 % naturels, dont la niacinamide, le cica, l&rsquo;acide pantoth\u00e9nique et la calamine, elle pr\u00e9serve une peau saine et nette.<br \/>\nAide \u00e0 contr\u00f4ler la production excessive de s\u00e9bum et \u00e0 pr\u00e9venir les imperfections.<br \/>\nEstompe efficacement les pores et le s\u00e9bum, pour une efficacit\u00e9 longue dur\u00e9e.<br \/>\nPeut \u00eatre appliqu\u00e9e apr\u00e8s le maquillage comme poudre fixatrice et apr\u00e8s un soin pour contr\u00f4ler la production de s\u00e9bum et att\u00e9nuer les imperfections.<\/p>\n","protected":false},"excerpt":{"rendered":"<p>Att\u00e9nuez les zones grasses de la zone T avec cette poudre libre qui floute les pores et pr\u00e9serve la fra\u00eecheur de votre peau tout au long de la journ\u00e9e.<\/p>\n<p>Formul\u00e9 avec de la silice et d&rsquo;autres actifs absorbants, il r\u00e9gule l&rsquo;exc\u00e8s de s\u00e9bum. Ses ingr\u00e9dients anti-inflammatoires, comme l&rsquo;acide pantoth\u00e9nique et l&rsquo;extrait de centella asiatica, apaisent les peaux irrit\u00e9es.<\/p>\n","protected":false},"featured_media":4269,"comment_status":"open","ping_status":"closed","template":"","meta":[],"product_brand":[172],"product_cat":[108,204,115,116],"product_tag":[],"class_list":{"0":"post-4260","1":"product","2":"type-product","3":"status-publish","4":"has-post-thumbnail","6":"product_brand-numbuzin","7":"product_cat-anti-imperfections-et-pores","8":"product_cat-maquillage","9":"product_cat-peau-grasse","10":"product_cat-peau-mixte","12":"first","13":"outofstock","14":"shipping-taxable","15":"purchasable","16":"product-type-simple"},"yoast_head":"<!-- This site is optimized with the Yoast SEO plugin v27.4 - https:\/\/yoast.com\/product\/yoast-seo-wordpress\/ -->\n<title>No.1 Pantothenic Skincare 100 Powder - Pure Cosmetics<\/title>\n<meta name=\"robots\" content=\"index, follow, max-snippet:-1, max-image-preview:large, max-video-preview:-1\" \/>\n<link rel=\"canonical\" href=\"https:\/\/purecosmetics-shop.com\/accueil\/produit\/no-1-pantothenic-skincare-100-powder\/\" \/>\n<meta property=\"og:locale\" content=\"fr_FR\" \/>\n<meta property=\"og:type\" content=\"article\" \/>\n<meta property=\"og:title\" content=\"No.1 Pantothenic Skincare 100 Powder - Pure Cosmetics\" \/>\n<meta property=\"og:description\" content=\"Att\u00e9nuez les zones grasses de la zone T avec cette poudre libre qui floute les pores et pr\u00e9serve la fra\u00eecheur de votre peau tout au long de la journ\u00e9e.  Formul\u00e9 avec de la silice et d&#039;autres actifs absorbants, il r\u00e9gule l&#039;exc\u00e8s de s\u00e9bum. Ses ingr\u00e9dients anti-inflammatoires, comme l&#039;acide pantoth\u00e9nique et l&#039;extrait de centella asiatica, apaisent les peaux irrit\u00e9es.\" \/>\n<meta property=\"og:url\" content=\"https:\/\/purecosmetics-shop.com\/accueil\/produit\/no-1-pantothenic-skincare-100-powder\/\" \/>\n<meta property=\"og:site_name\" content=\"Pure Cosmetics\" \/>\n<meta property=\"article:modified_time\" content=\"2026-03-27T14:40:24+00:00\" \/>\n<meta property=\"og:image\" content=\"https:\/\/purecosmetics-shop.com\/wp-content\/uploads\/2025\/10\/NUMBUZIN_No_1_Pantothenic_Skincare_100_Powder.jpg\" \/>\n\t<meta property=\"og:image:width\" content=\"1000\" \/>\n\t<meta property=\"og:image:height\" content=\"1000\" \/>\n\t<meta property=\"og:image:type\" content=\"image\/jpeg\" \/>\n<meta name=\"twitter:card\" content=\"summary_large_image\" \/>\n<meta name=\"twitter:label1\" content=\"Dur\u00e9e de lecture estim\u00e9e\" \/>\n\t<meta name=\"twitter:data1\" content=\"1 minute\" \/>\n<script type=\"application\/ld+json\" class=\"yoast-schema-graph\">{\"@context\":\"https:\\\/\\\/schema.org\",\"@graph\":[{\"@type\":\"WebPage\",\"@id\":\"https:\\\/\\\/purecosmetics-shop.com\\\/accueil\\\/produit\\\/no-1-pantothenic-skincare-100-powder\\\/\",\"url\":\"https:\\\/\\\/purecosmetics-shop.com\\\/accueil\\\/produit\\\/no-1-pantothenic-skincare-100-powder\\\/\",\"name\":\"No.1 Pantothenic Skincare 100 Powder - Pure Cosmetics\",\"isPartOf\":{\"@id\":\"https:\\\/\\\/purecosmetics-shop.com\\\/accueil\\\/#website\"},\"primaryImageOfPage\":{\"@id\":\"https:\\\/\\\/purecosmetics-shop.com\\\/accueil\\\/produit\\\/no-1-pantothenic-skincare-100-powder\\\/#primaryimage\"},\"image\":{\"@id\":\"https:\\\/\\\/purecosmetics-shop.com\\\/accueil\\\/produit\\\/no-1-pantothenic-skincare-100-powder\\\/#primaryimage\"},\"thumbnailUrl\":\"https:\\\/\\\/purecosmetics-shop.com\\\/wp-content\\\/uploads\\\/2025\\\/10\\\/NUMBUZIN_No_1_Pantothenic_Skincare_100_Powder.jpg\",\"datePublished\":\"2025-10-01T14:54:17+00:00\",\"dateModified\":\"2026-03-27T14:40:24+00:00\",\"breadcrumb\":{\"@id\":\"https:\\\/\\\/purecosmetics-shop.com\\\/accueil\\\/produit\\\/no-1-pantothenic-skincare-100-powder\\\/#breadcrumb\"},\"inLanguage\":\"fr-FR\",\"potentialAction\":[{\"@type\":\"ReadAction\",\"target\":[\"https:\\\/\\\/purecosmetics-shop.com\\\/accueil\\\/produit\\\/no-1-pantothenic-skincare-100-powder\\\/\"]}]},{\"@type\":\"ImageObject\",\"inLanguage\":\"fr-FR\",\"@id\":\"https:\\\/\\\/purecosmetics-shop.com\\\/accueil\\\/produit\\\/no-1-pantothenic-skincare-100-powder\\\/#primaryimage\",\"url\":\"https:\\\/\\\/purecosmetics-shop.com\\\/wp-content\\\/uploads\\\/2025\\\/10\\\/NUMBUZIN_No_1_Pantothenic_Skincare_100_Powder.jpg\",\"contentUrl\":\"https:\\\/\\\/purecosmetics-shop.com\\\/wp-content\\\/uploads\\\/2025\\\/10\\\/NUMBUZIN_No_1_Pantothenic_Skincare_100_Powder.jpg\",\"width\":1000,\"height\":1000,\"caption\":\"NUMBUZIN No.1 Pantothenic Skincare 100 Powder\"},{\"@type\":\"BreadcrumbList\",\"@id\":\"https:\\\/\\\/purecosmetics-shop.com\\\/accueil\\\/produit\\\/no-1-pantothenic-skincare-100-powder\\\/#breadcrumb\",\"itemListElement\":[{\"@type\":\"ListItem\",\"position\":1,\"name\":\"Accueil\",\"item\":\"https:\\\/\\\/purecosmetics-shop.com\\\/accueil\\\/\"},{\"@type\":\"ListItem\",\"position\":2,\"name\":\"NOUVEAUT\u00c9S\",\"item\":\"https:\\\/\\\/purecosmetics-shop.com\\\/accueil\\\/nouveautes\\\/\"},{\"@type\":\"ListItem\",\"position\":3,\"name\":\"No.1 Pantothenic Skincare 100 Powder\"}]},{\"@type\":\"WebSite\",\"@id\":\"https:\\\/\\\/purecosmetics-shop.com\\\/accueil\\\/#website\",\"url\":\"https:\\\/\\\/purecosmetics-shop.com\\\/accueil\\\/\",\"name\":\"Pure Cosmetics\",\"description\":\"Skincare cor\u00e9enne et japonais\",\"publisher\":{\"@id\":\"https:\\\/\\\/purecosmetics-shop.com\\\/accueil\\\/#organization\"},\"potentialAction\":[{\"@type\":\"SearchAction\",\"target\":{\"@type\":\"EntryPoint\",\"urlTemplate\":\"https:\\\/\\\/purecosmetics-shop.com\\\/accueil\\\/?s={search_term_string}\"},\"query-input\":{\"@type\":\"PropertyValueSpecification\",\"valueRequired\":true,\"valueName\":\"search_term_string\"}}],\"inLanguage\":\"fr-FR\"},{\"@type\":\"Organization\",\"@id\":\"https:\\\/\\\/purecosmetics-shop.com\\\/accueil\\\/#organization\",\"name\":\"Pure Cosmetics\",\"url\":\"https:\\\/\\\/purecosmetics-shop.com\\\/accueil\\\/\",\"logo\":{\"@type\":\"ImageObject\",\"inLanguage\":\"fr-FR\",\"@id\":\"https:\\\/\\\/purecosmetics-shop.com\\\/accueil\\\/#\\\/schema\\\/logo\\\/image\\\/\",\"url\":\"https:\\\/\\\/purecosmetics-shop.com\\\/wp-content\\\/uploads\\\/2025\\\/04\\\/cropped-Pure-Cosmetics-black-2.png\",\"contentUrl\":\"https:\\\/\\\/purecosmetics-shop.com\\\/wp-content\\\/uploads\\\/2025\\\/04\\\/cropped-Pure-Cosmetics-black-2.png\",\"width\":2362,\"height\":2324,\"caption\":\"Pure Cosmetics\"},\"image\":{\"@id\":\"https:\\\/\\\/purecosmetics-shop.com\\\/accueil\\\/#\\\/schema\\\/logo\\\/image\\\/\"}}]}<\/script>\n<!-- \/ Yoast SEO plugin. -->","yoast_head_json":{"title":"No.1 Pantothenic Skincare 100 Powder - Pure Cosmetics","robots":{"index":"index","follow":"follow","max-snippet":"max-snippet:-1","max-image-preview":"max-image-preview:large","max-video-preview":"max-video-preview:-1"},"canonical":"https:\/\/purecosmetics-shop.com\/accueil\/produit\/no-1-pantothenic-skincare-100-powder\/","og_locale":"fr_FR","og_type":"article","og_title":"No.1 Pantothenic Skincare 100 Powder - Pure Cosmetics","og_description":"Att\u00e9nuez les zones grasses de la zone T avec cette poudre libre qui floute les pores et pr\u00e9serve la fra\u00eecheur de votre peau tout au long de la journ\u00e9e.  Formul\u00e9 avec de la silice et d'autres actifs absorbants, il r\u00e9gule l'exc\u00e8s de s\u00e9bum. Ses ingr\u00e9dients anti-inflammatoires, comme l'acide pantoth\u00e9nique et l'extrait de centella asiatica, apaisent les peaux irrit\u00e9es.","og_url":"https:\/\/purecosmetics-shop.com\/accueil\/produit\/no-1-pantothenic-skincare-100-powder\/","og_site_name":"Pure Cosmetics","article_modified_time":"2026-03-27T14:40:24+00:00","og_image":[{"width":1000,"height":1000,"url":"https:\/\/purecosmetics-shop.com\/wp-content\/uploads\/2025\/10\/NUMBUZIN_No_1_Pantothenic_Skincare_100_Powder.jpg","type":"image\/jpeg"}],"twitter_card":"summary_large_image","twitter_misc":{"Dur\u00e9e de lecture estim\u00e9e":"1 minute"},"schema":{"@context":"https:\/\/schema.org","@graph":[{"@type":"WebPage","@id":"https:\/\/purecosmetics-shop.com\/accueil\/produit\/no-1-pantothenic-skincare-100-powder\/","url":"https:\/\/purecosmetics-shop.com\/accueil\/produit\/no-1-pantothenic-skincare-100-powder\/","name":"No.1 Pantothenic Skincare 100 Powder - Pure Cosmetics","isPartOf":{"@id":"https:\/\/purecosmetics-shop.com\/accueil\/#website"},"primaryImageOfPage":{"@id":"https:\/\/purecosmetics-shop.com\/accueil\/produit\/no-1-pantothenic-skincare-100-powder\/#primaryimage"},"image":{"@id":"https:\/\/purecosmetics-shop.com\/accueil\/produit\/no-1-pantothenic-skincare-100-powder\/#primaryimage"},"thumbnailUrl":"https:\/\/purecosmetics-shop.com\/wp-content\/uploads\/2025\/10\/NUMBUZIN_No_1_Pantothenic_Skincare_100_Powder.jpg","datePublished":"2025-10-01T14:54:17+00:00","dateModified":"2026-03-27T14:40:24+00:00","breadcrumb":{"@id":"https:\/\/purecosmetics-shop.com\/accueil\/produit\/no-1-pantothenic-skincare-100-powder\/#breadcrumb"},"inLanguage":"fr-FR","potentialAction":[{"@type":"ReadAction","target":["https:\/\/purecosmetics-shop.com\/accueil\/produit\/no-1-pantothenic-skincare-100-powder\/"]}]},{"@type":"ImageObject","inLanguage":"fr-FR","@id":"https:\/\/purecosmetics-shop.com\/accueil\/produit\/no-1-pantothenic-skincare-100-powder\/#primaryimage","url":"https:\/\/purecosmetics-shop.com\/wp-content\/uploads\/2025\/10\/NUMBUZIN_No_1_Pantothenic_Skincare_100_Powder.jpg","contentUrl":"https:\/\/purecosmetics-shop.com\/wp-content\/uploads\/2025\/10\/NUMBUZIN_No_1_Pantothenic_Skincare_100_Powder.jpg","width":1000,"height":1000,"caption":"NUMBUZIN No.1 Pantothenic Skincare 100 Powder"},{"@type":"BreadcrumbList","@id":"https:\/\/purecosmetics-shop.com\/accueil\/produit\/no-1-pantothenic-skincare-100-powder\/#breadcrumb","itemListElement":[{"@type":"ListItem","position":1,"name":"Accueil","item":"https:\/\/purecosmetics-shop.com\/accueil\/"},{"@type":"ListItem","position":2,"name":"NOUVEAUT\u00c9S","item":"https:\/\/purecosmetics-shop.com\/accueil\/nouveautes\/"},{"@type":"ListItem","position":3,"name":"No.1 Pantothenic Skincare 100 Powder"}]},{"@type":"WebSite","@id":"https:\/\/purecosmetics-shop.com\/accueil\/#website","url":"https:\/\/purecosmetics-shop.com\/accueil\/","name":"Pure Cosmetics","description":"Skincare cor\u00e9enne et japonais","publisher":{"@id":"https:\/\/purecosmetics-shop.com\/accueil\/#organization"},"potentialAction":[{"@type":"SearchAction","target":{"@type":"EntryPoint","urlTemplate":"https:\/\/purecosmetics-shop.com\/accueil\/?s={search_term_string}"},"query-input":{"@type":"PropertyValueSpecification","valueRequired":true,"valueName":"search_term_string"}}],"inLanguage":"fr-FR"},{"@type":"Organization","@id":"https:\/\/purecosmetics-shop.com\/accueil\/#organization","name":"Pure Cosmetics","url":"https:\/\/purecosmetics-shop.com\/accueil\/","logo":{"@type":"ImageObject","inLanguage":"fr-FR","@id":"https:\/\/purecosmetics-shop.com\/accueil\/#\/schema\/logo\/image\/","url":"https:\/\/purecosmetics-shop.com\/wp-content\/uploads\/2025\/04\/cropped-Pure-Cosmetics-black-2.png","contentUrl":"https:\/\/purecosmetics-shop.com\/wp-content\/uploads\/2025\/04\/cropped-Pure-Cosmetics-black-2.png","width":2362,"height":2324,"caption":"Pure Cosmetics"},"image":{"@id":"https:\/\/purecosmetics-shop.com\/accueil\/#\/schema\/logo\/image\/"}}]}},"jetpack_sharing_enabled":true,"_links":{"self":[{"href":"https:\/\/purecosmetics-shop.com\/accueil\/wp-json\/wp\/v2\/product\/4260","targetHints":{"allow":["GET"]}}],"collection":[{"href":"https:\/\/purecosmetics-shop.com\/accueil\/wp-json\/wp\/v2\/product"}],"about":[{"href":"https:\/\/purecosmetics-shop.com\/accueil\/wp-json\/wp\/v2\/types\/product"}],"replies":[{"embeddable":true,"href":"https:\/\/purecosmetics-shop.com\/accueil\/wp-json\/wp\/v2\/comments?post=4260"}],"version-history":[{"count":3,"href":"https:\/\/purecosmetics-shop.com\/accueil\/wp-json\/wp\/v2\/product\/4260\/revisions"}],"predecessor-version":[{"id":4435,"href":"https:\/\/purecosmetics-shop.com\/accueil\/wp-json\/wp\/v2\/product\/4260\/revisions\/4435"}],"wp:featuredmedia":[{"embeddable":true,"href":"https:\/\/purecosmetics-shop.com\/accueil\/wp-json\/wp\/v2\/media\/4269"}],"wp:attachment":[{"href":"https:\/\/purecosmetics-shop.com\/accueil\/wp-json\/wp\/v2\/media?parent=4260"}],"wp:term":[{"taxonomy":"product_brand","embeddable":true,"href":"https:\/\/purecosmetics-shop.com\/accueil\/wp-json\/wp\/v2\/product_brand?post=4260"},{"taxonomy":"product_cat","embeddable":true,"href":"https:\/\/purecosmetics-shop.com\/accueil\/wp-json\/wp\/v2\/product_cat?post=4260"},{"taxonomy":"product_tag","embeddable":true,"href":"https:\/\/purecosmetics-shop.com\/accueil\/wp-json\/wp\/v2\/product_tag?post=4260"}],"curies":[{"name":"wp","href":"https:\/\/api.w.org\/{rel}","templated":true}]}}