{"id":4212,"date":"2025-09-30T22:42:42","date_gmt":"2025-10-01T02:42:42","guid":{"rendered":"https:\/\/purecosmetics-shop.com\/accueil\/?post_type=product&#038;p=4212"},"modified":"2026-04-16T01:08:28","modified_gmt":"2026-04-16T05:08:28","slug":"collagen-ampoule","status":"publish","type":"product","link":"https:\/\/purecosmetics-shop.com\/accueil\/produit\/collagen-ampoule\/","title":{"rendered":"Collagen Ampoule"},"content":{"rendered":"<p>Cette ampoule offre des r\u00e9sultats perfecteurs de pores. Le collag\u00e8ne de faible poids mol\u00e9culaire 243Da minimise les pores et am\u00e9liore l&rsquo;\u00e9lasticit\u00e9 de la peau, le peptide complexe 10 am\u00e9liore la texture de la peau et favorise sa fermet\u00e9, tandis que l&rsquo;acide hyaluronique et l&rsquo;\u00e9lastine boostent l&rsquo;hydratation et l&rsquo;\u00e9clat de la peau.<\/p>\n","protected":false},"excerpt":{"rendered":"<p>Une ampoule hautement concentr\u00e9e sp\u00e9cialement con\u00e7ue pour am\u00e9liorer l&rsquo;\u00e9lasticit\u00e9 de la peau et r\u00e9duire la visibilit\u00e9 des pores dilat\u00e9s.<\/p>\n<p>Enrichie avec 74% de collag\u00e8ne ultra-bas mol\u00e9culaire (243 Da), elle p\u00e9n\u00e8tre profond\u00e9ment dans la peau pour combler et renforcer sa structure.<\/p>\n<p>La formule contient le peptide brevet\u00e9 SYN-COLL, qui stimule la production de collag\u00e8ne et aide \u00e0 am\u00e9liorer la fermet\u00e9 de la peau.<\/p>\n","protected":false},"featured_media":4220,"comment_status":"open","ping_status":"closed","template":"","meta":[],"product_brand":[160],"product_cat":[190,107,108,115,116,117,118],"product_tag":[],"class_list":{"0":"post-4212","1":"product","2":"type-product","3":"status-publish","4":"has-post-thumbnail","6":"product_brand-biodance","7":"product_cat-ampoule","8":"product_cat-anti-age-et-elasticite","9":"product_cat-anti-imperfections-et-pores","10":"product_cat-peau-grasse","11":"product_cat-peau-mixte","12":"product_cat-peau-normale","13":"product_cat-peau-seche","15":"first","16":"instock","17":"shipping-taxable","18":"purchasable","19":"product-type-simple"},"yoast_head":"<!-- This site is optimized with the Yoast SEO plugin v27.4 - https:\/\/yoast.com\/product\/yoast-seo-wordpress\/ -->\n<title>Collagen Ampoule - Pure Cosmetics<\/title>\n<meta name=\"robots\" content=\"index, follow, max-snippet:-1, max-image-preview:large, max-video-preview:-1\" \/>\n<link rel=\"canonical\" href=\"https:\/\/purecosmetics-shop.com\/accueil\/produit\/collagen-ampoule\/\" \/>\n<meta property=\"og:locale\" content=\"fr_FR\" \/>\n<meta property=\"og:type\" content=\"article\" \/>\n<meta property=\"og:title\" content=\"Collagen Ampoule - Pure Cosmetics\" \/>\n<meta property=\"og:description\" content=\"Une ampoule hautement concentr\u00e9e sp\u00e9cialement con\u00e7ue pour am\u00e9liorer l&#039;\u00e9lasticit\u00e9 de la peau et r\u00e9duire la visibilit\u00e9 des pores dilat\u00e9s.  Enrichie avec 74% de collag\u00e8ne ultra-bas mol\u00e9culaire (243 Da), elle p\u00e9n\u00e8tre profond\u00e9ment dans la peau pour combler et renforcer sa structure.  La formule contient le peptide brevet\u00e9 SYN-COLL, qui stimule la production de collag\u00e8ne et aide \u00e0 am\u00e9liorer la fermet\u00e9 de la peau.\" \/>\n<meta property=\"og:url\" content=\"https:\/\/purecosmetics-shop.com\/accueil\/produit\/collagen-ampoule\/\" \/>\n<meta property=\"og:site_name\" content=\"Pure Cosmetics\" \/>\n<meta property=\"article:modified_time\" content=\"2026-04-16T05:08:28+00:00\" \/>\n<meta property=\"og:image\" content=\"https:\/\/purecosmetics-shop.com\/wp-content\/uploads\/2025\/09\/Biodance_collagen_ampoule.webp\" \/>\n\t<meta property=\"og:image:width\" content=\"2048\" \/>\n\t<meta property=\"og:image:height\" content=\"2048\" \/>\n\t<meta property=\"og:image:type\" content=\"image\/webp\" \/>\n<meta name=\"twitter:card\" content=\"summary_large_image\" \/>\n<meta name=\"twitter:label1\" content=\"Dur\u00e9e de lecture estim\u00e9e\" \/>\n\t<meta name=\"twitter:data1\" content=\"1 minute\" \/>\n<script type=\"application\/ld+json\" class=\"yoast-schema-graph\">{\"@context\":\"https:\\\/\\\/schema.org\",\"@graph\":[{\"@type\":\"WebPage\",\"@id\":\"https:\\\/\\\/purecosmetics-shop.com\\\/accueil\\\/produit\\\/collagen-ampoule\\\/\",\"url\":\"https:\\\/\\\/purecosmetics-shop.com\\\/accueil\\\/produit\\\/collagen-ampoule\\\/\",\"name\":\"Collagen Ampoule - Pure Cosmetics\",\"isPartOf\":{\"@id\":\"https:\\\/\\\/purecosmetics-shop.com\\\/accueil\\\/#website\"},\"primaryImageOfPage\":{\"@id\":\"https:\\\/\\\/purecosmetics-shop.com\\\/accueil\\\/produit\\\/collagen-ampoule\\\/#primaryimage\"},\"image\":{\"@id\":\"https:\\\/\\\/purecosmetics-shop.com\\\/accueil\\\/produit\\\/collagen-ampoule\\\/#primaryimage\"},\"thumbnailUrl\":\"https:\\\/\\\/purecosmetics-shop.com\\\/wp-content\\\/uploads\\\/2025\\\/09\\\/Biodance_collagen_ampoule.webp\",\"datePublished\":\"2025-10-01T02:42:42+00:00\",\"dateModified\":\"2026-04-16T05:08:28+00:00\",\"breadcrumb\":{\"@id\":\"https:\\\/\\\/purecosmetics-shop.com\\\/accueil\\\/produit\\\/collagen-ampoule\\\/#breadcrumb\"},\"inLanguage\":\"fr-FR\",\"potentialAction\":[{\"@type\":\"ReadAction\",\"target\":[\"https:\\\/\\\/purecosmetics-shop.com\\\/accueil\\\/produit\\\/collagen-ampoule\\\/\"]}]},{\"@type\":\"ImageObject\",\"inLanguage\":\"fr-FR\",\"@id\":\"https:\\\/\\\/purecosmetics-shop.com\\\/accueil\\\/produit\\\/collagen-ampoule\\\/#primaryimage\",\"url\":\"https:\\\/\\\/purecosmetics-shop.com\\\/wp-content\\\/uploads\\\/2025\\\/09\\\/Biodance_collagen_ampoule.webp\",\"contentUrl\":\"https:\\\/\\\/purecosmetics-shop.com\\\/wp-content\\\/uploads\\\/2025\\\/09\\\/Biodance_collagen_ampoule.webp\",\"width\":2048,\"height\":2048,\"caption\":\"BIODANCE COLLAGEN AMPOULE\"},{\"@type\":\"BreadcrumbList\",\"@id\":\"https:\\\/\\\/purecosmetics-shop.com\\\/accueil\\\/produit\\\/collagen-ampoule\\\/#breadcrumb\",\"itemListElement\":[{\"@type\":\"ListItem\",\"position\":1,\"name\":\"Accueil\",\"item\":\"https:\\\/\\\/purecosmetics-shop.com\\\/accueil\\\/\"},{\"@type\":\"ListItem\",\"position\":2,\"name\":\"NOUVEAUT\u00c9S\",\"item\":\"https:\\\/\\\/purecosmetics-shop.com\\\/accueil\\\/nouveautes\\\/\"},{\"@type\":\"ListItem\",\"position\":3,\"name\":\"Collagen Ampoule\"}]},{\"@type\":\"WebSite\",\"@id\":\"https:\\\/\\\/purecosmetics-shop.com\\\/accueil\\\/#website\",\"url\":\"https:\\\/\\\/purecosmetics-shop.com\\\/accueil\\\/\",\"name\":\"Pure Cosmetics\",\"description\":\"Skincare cor\u00e9enne et japonais\",\"publisher\":{\"@id\":\"https:\\\/\\\/purecosmetics-shop.com\\\/accueil\\\/#organization\"},\"potentialAction\":[{\"@type\":\"SearchAction\",\"target\":{\"@type\":\"EntryPoint\",\"urlTemplate\":\"https:\\\/\\\/purecosmetics-shop.com\\\/accueil\\\/?s={search_term_string}\"},\"query-input\":{\"@type\":\"PropertyValueSpecification\",\"valueRequired\":true,\"valueName\":\"search_term_string\"}}],\"inLanguage\":\"fr-FR\"},{\"@type\":\"Organization\",\"@id\":\"https:\\\/\\\/purecosmetics-shop.com\\\/accueil\\\/#organization\",\"name\":\"Pure Cosmetics\",\"url\":\"https:\\\/\\\/purecosmetics-shop.com\\\/accueil\\\/\",\"logo\":{\"@type\":\"ImageObject\",\"inLanguage\":\"fr-FR\",\"@id\":\"https:\\\/\\\/purecosmetics-shop.com\\\/accueil\\\/#\\\/schema\\\/logo\\\/image\\\/\",\"url\":\"https:\\\/\\\/purecosmetics-shop.com\\\/wp-content\\\/uploads\\\/2025\\\/04\\\/cropped-Pure-Cosmetics-black-2.png\",\"contentUrl\":\"https:\\\/\\\/purecosmetics-shop.com\\\/wp-content\\\/uploads\\\/2025\\\/04\\\/cropped-Pure-Cosmetics-black-2.png\",\"width\":2362,\"height\":2324,\"caption\":\"Pure Cosmetics\"},\"image\":{\"@id\":\"https:\\\/\\\/purecosmetics-shop.com\\\/accueil\\\/#\\\/schema\\\/logo\\\/image\\\/\"}}]}<\/script>\n<!-- \/ Yoast SEO plugin. -->","yoast_head_json":{"title":"Collagen Ampoule - Pure Cosmetics","robots":{"index":"index","follow":"follow","max-snippet":"max-snippet:-1","max-image-preview":"max-image-preview:large","max-video-preview":"max-video-preview:-1"},"canonical":"https:\/\/purecosmetics-shop.com\/accueil\/produit\/collagen-ampoule\/","og_locale":"fr_FR","og_type":"article","og_title":"Collagen Ampoule - Pure Cosmetics","og_description":"Une ampoule hautement concentr\u00e9e sp\u00e9cialement con\u00e7ue pour am\u00e9liorer l'\u00e9lasticit\u00e9 de la peau et r\u00e9duire la visibilit\u00e9 des pores dilat\u00e9s.  Enrichie avec 74% de collag\u00e8ne ultra-bas mol\u00e9culaire (243 Da), elle p\u00e9n\u00e8tre profond\u00e9ment dans la peau pour combler et renforcer sa structure.  La formule contient le peptide brevet\u00e9 SYN-COLL, qui stimule la production de collag\u00e8ne et aide \u00e0 am\u00e9liorer la fermet\u00e9 de la peau.","og_url":"https:\/\/purecosmetics-shop.com\/accueil\/produit\/collagen-ampoule\/","og_site_name":"Pure Cosmetics","article_modified_time":"2026-04-16T05:08:28+00:00","og_image":[{"width":2048,"height":2048,"url":"https:\/\/purecosmetics-shop.com\/wp-content\/uploads\/2025\/09\/Biodance_collagen_ampoule.webp","type":"image\/webp"}],"twitter_card":"summary_large_image","twitter_misc":{"Dur\u00e9e de lecture estim\u00e9e":"1 minute"},"schema":{"@context":"https:\/\/schema.org","@graph":[{"@type":"WebPage","@id":"https:\/\/purecosmetics-shop.com\/accueil\/produit\/collagen-ampoule\/","url":"https:\/\/purecosmetics-shop.com\/accueil\/produit\/collagen-ampoule\/","name":"Collagen Ampoule - Pure Cosmetics","isPartOf":{"@id":"https:\/\/purecosmetics-shop.com\/accueil\/#website"},"primaryImageOfPage":{"@id":"https:\/\/purecosmetics-shop.com\/accueil\/produit\/collagen-ampoule\/#primaryimage"},"image":{"@id":"https:\/\/purecosmetics-shop.com\/accueil\/produit\/collagen-ampoule\/#primaryimage"},"thumbnailUrl":"https:\/\/purecosmetics-shop.com\/wp-content\/uploads\/2025\/09\/Biodance_collagen_ampoule.webp","datePublished":"2025-10-01T02:42:42+00:00","dateModified":"2026-04-16T05:08:28+00:00","breadcrumb":{"@id":"https:\/\/purecosmetics-shop.com\/accueil\/produit\/collagen-ampoule\/#breadcrumb"},"inLanguage":"fr-FR","potentialAction":[{"@type":"ReadAction","target":["https:\/\/purecosmetics-shop.com\/accueil\/produit\/collagen-ampoule\/"]}]},{"@type":"ImageObject","inLanguage":"fr-FR","@id":"https:\/\/purecosmetics-shop.com\/accueil\/produit\/collagen-ampoule\/#primaryimage","url":"https:\/\/purecosmetics-shop.com\/wp-content\/uploads\/2025\/09\/Biodance_collagen_ampoule.webp","contentUrl":"https:\/\/purecosmetics-shop.com\/wp-content\/uploads\/2025\/09\/Biodance_collagen_ampoule.webp","width":2048,"height":2048,"caption":"BIODANCE COLLAGEN AMPOULE"},{"@type":"BreadcrumbList","@id":"https:\/\/purecosmetics-shop.com\/accueil\/produit\/collagen-ampoule\/#breadcrumb","itemListElement":[{"@type":"ListItem","position":1,"name":"Accueil","item":"https:\/\/purecosmetics-shop.com\/accueil\/"},{"@type":"ListItem","position":2,"name":"NOUVEAUT\u00c9S","item":"https:\/\/purecosmetics-shop.com\/accueil\/nouveautes\/"},{"@type":"ListItem","position":3,"name":"Collagen Ampoule"}]},{"@type":"WebSite","@id":"https:\/\/purecosmetics-shop.com\/accueil\/#website","url":"https:\/\/purecosmetics-shop.com\/accueil\/","name":"Pure Cosmetics","description":"Skincare cor\u00e9enne et japonais","publisher":{"@id":"https:\/\/purecosmetics-shop.com\/accueil\/#organization"},"potentialAction":[{"@type":"SearchAction","target":{"@type":"EntryPoint","urlTemplate":"https:\/\/purecosmetics-shop.com\/accueil\/?s={search_term_string}"},"query-input":{"@type":"PropertyValueSpecification","valueRequired":true,"valueName":"search_term_string"}}],"inLanguage":"fr-FR"},{"@type":"Organization","@id":"https:\/\/purecosmetics-shop.com\/accueil\/#organization","name":"Pure Cosmetics","url":"https:\/\/purecosmetics-shop.com\/accueil\/","logo":{"@type":"ImageObject","inLanguage":"fr-FR","@id":"https:\/\/purecosmetics-shop.com\/accueil\/#\/schema\/logo\/image\/","url":"https:\/\/purecosmetics-shop.com\/wp-content\/uploads\/2025\/04\/cropped-Pure-Cosmetics-black-2.png","contentUrl":"https:\/\/purecosmetics-shop.com\/wp-content\/uploads\/2025\/04\/cropped-Pure-Cosmetics-black-2.png","width":2362,"height":2324,"caption":"Pure Cosmetics"},"image":{"@id":"https:\/\/purecosmetics-shop.com\/accueil\/#\/schema\/logo\/image\/"}}]}},"jetpack_sharing_enabled":true,"_links":{"self":[{"href":"https:\/\/purecosmetics-shop.com\/accueil\/wp-json\/wp\/v2\/product\/4212","targetHints":{"allow":["GET"]}}],"collection":[{"href":"https:\/\/purecosmetics-shop.com\/accueil\/wp-json\/wp\/v2\/product"}],"about":[{"href":"https:\/\/purecosmetics-shop.com\/accueil\/wp-json\/wp\/v2\/types\/product"}],"replies":[{"embeddable":true,"href":"https:\/\/purecosmetics-shop.com\/accueil\/wp-json\/wp\/v2\/comments?post=4212"}],"version-history":[{"count":2,"href":"https:\/\/purecosmetics-shop.com\/accueil\/wp-json\/wp\/v2\/product\/4212\/revisions"}],"predecessor-version":[{"id":4443,"href":"https:\/\/purecosmetics-shop.com\/accueil\/wp-json\/wp\/v2\/product\/4212\/revisions\/4443"}],"wp:featuredmedia":[{"embeddable":true,"href":"https:\/\/purecosmetics-shop.com\/accueil\/wp-json\/wp\/v2\/media\/4220"}],"wp:attachment":[{"href":"https:\/\/purecosmetics-shop.com\/accueil\/wp-json\/wp\/v2\/media?parent=4212"}],"wp:term":[{"taxonomy":"product_brand","embeddable":true,"href":"https:\/\/purecosmetics-shop.com\/accueil\/wp-json\/wp\/v2\/product_brand?post=4212"},{"taxonomy":"product_cat","embeddable":true,"href":"https:\/\/purecosmetics-shop.com\/accueil\/wp-json\/wp\/v2\/product_cat?post=4212"},{"taxonomy":"product_tag","embeddable":true,"href":"https:\/\/purecosmetics-shop.com\/accueil\/wp-json\/wp\/v2\/product_tag?post=4212"}],"curies":[{"name":"wp","href":"https:\/\/api.w.org\/{rel}","templated":true}]}}