{"id":4177,"date":"2025-09-30T18:57:41","date_gmt":"2025-09-30T22:57:41","guid":{"rendered":"https:\/\/purecosmetics-shop.com\/accueil\/?post_type=product&#038;p=4177"},"modified":"2026-04-20T05:26:48","modified_gmt":"2026-04-20T09:26:48","slug":"rosehip-mild-ph-balancing-rice-cake-cleanser","status":"publish","type":"product","link":"https:\/\/purecosmetics-shop.com\/accueil\/produit\/rosehip-mild-ph-balancing-rice-cake-cleanser\/","title":{"rendered":"Rosehip Mild PH Balancing Rice Cake Cleanser"},"content":{"rendered":"<p>Contient 5 types d&rsquo;acides hyaluroniques et des ingr\u00e9dients issus du riz pour hydrater et apaiser la peau.<\/p>\n<p>Nourrit et renforce la barri\u00e8re d&rsquo;hydratation gr\u00e2ce \u00e0 l&rsquo;extrait de cynorhodon, au c\u00e9ramide et au panth\u00e9nol.<\/p>\n<p>Formul\u00e9 selon une m\u00e9thode de p\u00e9trissage traditionnelle qui pr\u00e9serve les vitamines et min\u00e9raux des ingr\u00e9dients crus tout en offrant une texture filandreuse semblable \u00e0 celle du mochi.<\/p>\n","protected":false},"excerpt":{"rendered":"<p>Un nettoyant visage qui hydrate, apaise et r\u00e9pare la barri\u00e8re cutan\u00e9e naturelle pour une peau douce, saine et \u00e9clatante.<\/p>\n<p>Sa formule au pH \u00e9quilibr\u00e9, enrichie en c\u00e9ramide NP, en complexe d&rsquo;acide hyaluronique et en extrait de riz, offre un soin hydratant et lissant.<\/p>\n<p>Id\u00e9al pour les peaux s\u00e8ches et sensibles.<\/p>\n","protected":false},"featured_media":4182,"comment_status":"open","ping_status":"closed","template":"","meta":[],"product_brand":[188],"product_cat":[18,114,118,119],"product_tag":[],"class_list":{"0":"post-4177","1":"product","2":"type-product","3":"status-publish","4":"has-post-thumbnail","6":"product_brand-arencia","7":"product_cat-nettoyant-visage","8":"product_cat-peau-granuleuse","9":"product_cat-peau-seche","10":"product_cat-peau-sensible","12":"first","13":"instock","14":"shipping-taxable","15":"purchasable","16":"product-type-simple"},"yoast_head":"<!-- This site is optimized with the Yoast SEO plugin v27.4 - https:\/\/yoast.com\/product\/yoast-seo-wordpress\/ -->\n<title>Rosehip Mild PH Balancing Rice Cake Cleanser - Pure Cosmetics<\/title>\n<meta name=\"robots\" content=\"index, follow, max-snippet:-1, max-image-preview:large, max-video-preview:-1\" \/>\n<link rel=\"canonical\" href=\"https:\/\/purecosmetics-shop.com\/accueil\/produit\/rosehip-mild-ph-balancing-rice-cake-cleanser\/\" \/>\n<meta property=\"og:locale\" content=\"fr_FR\" \/>\n<meta property=\"og:type\" content=\"article\" \/>\n<meta property=\"og:title\" content=\"Rosehip Mild PH Balancing Rice Cake Cleanser - Pure Cosmetics\" \/>\n<meta property=\"og:description\" content=\"Un nettoyant visage qui hydrate, apaise et r\u00e9pare la barri\u00e8re cutan\u00e9e naturelle pour une peau douce, saine et \u00e9clatante.  Sa formule au pH \u00e9quilibr\u00e9, enrichie en c\u00e9ramide NP, en complexe d&#039;acide hyaluronique et en extrait de riz, offre un soin hydratant et lissant.  Id\u00e9al pour les peaux s\u00e8ches et sensibles.\" \/>\n<meta property=\"og:url\" content=\"https:\/\/purecosmetics-shop.com\/accueil\/produit\/rosehip-mild-ph-balancing-rice-cake-cleanser\/\" \/>\n<meta property=\"og:site_name\" content=\"Pure Cosmetics\" \/>\n<meta property=\"article:modified_time\" content=\"2026-04-20T09:26:48+00:00\" \/>\n<meta property=\"og:image\" content=\"https:\/\/purecosmetics-shop.com\/wp-content\/uploads\/2025\/09\/ARENCIA_Rosehip_Mild_PH_Balancing_Rice_Cake_Cleanser.png\" \/>\n\t<meta property=\"og:image:width\" content=\"1000\" \/>\n\t<meta property=\"og:image:height\" content=\"1000\" \/>\n\t<meta property=\"og:image:type\" content=\"image\/png\" \/>\n<meta name=\"twitter:card\" content=\"summary_large_image\" \/>\n<meta name=\"twitter:label1\" content=\"Dur\u00e9e de lecture estim\u00e9e\" \/>\n\t<meta name=\"twitter:data1\" content=\"1 minute\" \/>\n<script type=\"application\/ld+json\" class=\"yoast-schema-graph\">{\"@context\":\"https:\\\/\\\/schema.org\",\"@graph\":[{\"@type\":\"WebPage\",\"@id\":\"https:\\\/\\\/purecosmetics-shop.com\\\/accueil\\\/produit\\\/rosehip-mild-ph-balancing-rice-cake-cleanser\\\/\",\"url\":\"https:\\\/\\\/purecosmetics-shop.com\\\/accueil\\\/produit\\\/rosehip-mild-ph-balancing-rice-cake-cleanser\\\/\",\"name\":\"Rosehip Mild PH Balancing Rice Cake Cleanser - Pure Cosmetics\",\"isPartOf\":{\"@id\":\"https:\\\/\\\/purecosmetics-shop.com\\\/accueil\\\/#website\"},\"primaryImageOfPage\":{\"@id\":\"https:\\\/\\\/purecosmetics-shop.com\\\/accueil\\\/produit\\\/rosehip-mild-ph-balancing-rice-cake-cleanser\\\/#primaryimage\"},\"image\":{\"@id\":\"https:\\\/\\\/purecosmetics-shop.com\\\/accueil\\\/produit\\\/rosehip-mild-ph-balancing-rice-cake-cleanser\\\/#primaryimage\"},\"thumbnailUrl\":\"https:\\\/\\\/purecosmetics-shop.com\\\/wp-content\\\/uploads\\\/2025\\\/09\\\/ARENCIA_Rosehip_Mild_PH_Balancing_Rice_Cake_Cleanser.png\",\"datePublished\":\"2025-09-30T22:57:41+00:00\",\"dateModified\":\"2026-04-20T09:26:48+00:00\",\"breadcrumb\":{\"@id\":\"https:\\\/\\\/purecosmetics-shop.com\\\/accueil\\\/produit\\\/rosehip-mild-ph-balancing-rice-cake-cleanser\\\/#breadcrumb\"},\"inLanguage\":\"fr-FR\",\"potentialAction\":[{\"@type\":\"ReadAction\",\"target\":[\"https:\\\/\\\/purecosmetics-shop.com\\\/accueil\\\/produit\\\/rosehip-mild-ph-balancing-rice-cake-cleanser\\\/\"]}]},{\"@type\":\"ImageObject\",\"inLanguage\":\"fr-FR\",\"@id\":\"https:\\\/\\\/purecosmetics-shop.com\\\/accueil\\\/produit\\\/rosehip-mild-ph-balancing-rice-cake-cleanser\\\/#primaryimage\",\"url\":\"https:\\\/\\\/purecosmetics-shop.com\\\/wp-content\\\/uploads\\\/2025\\\/09\\\/ARENCIA_Rosehip_Mild_PH_Balancing_Rice_Cake_Cleanser.png\",\"contentUrl\":\"https:\\\/\\\/purecosmetics-shop.com\\\/wp-content\\\/uploads\\\/2025\\\/09\\\/ARENCIA_Rosehip_Mild_PH_Balancing_Rice_Cake_Cleanser.png\",\"width\":1000,\"height\":1000,\"caption\":\"ARENCIA Rosehip Mild PH Balancing Rice Cake Cleanser\"},{\"@type\":\"BreadcrumbList\",\"@id\":\"https:\\\/\\\/purecosmetics-shop.com\\\/accueil\\\/produit\\\/rosehip-mild-ph-balancing-rice-cake-cleanser\\\/#breadcrumb\",\"itemListElement\":[{\"@type\":\"ListItem\",\"position\":1,\"name\":\"Accueil\",\"item\":\"https:\\\/\\\/purecosmetics-shop.com\\\/accueil\\\/\"},{\"@type\":\"ListItem\",\"position\":2,\"name\":\"NOUVEAUT\u00c9S\",\"item\":\"https:\\\/\\\/purecosmetics-shop.com\\\/accueil\\\/nouveautes\\\/\"},{\"@type\":\"ListItem\",\"position\":3,\"name\":\"Rosehip Mild PH Balancing Rice Cake Cleanser\"}]},{\"@type\":\"WebSite\",\"@id\":\"https:\\\/\\\/purecosmetics-shop.com\\\/accueil\\\/#website\",\"url\":\"https:\\\/\\\/purecosmetics-shop.com\\\/accueil\\\/\",\"name\":\"Pure Cosmetics\",\"description\":\"Skincare cor\u00e9enne et japonais\",\"publisher\":{\"@id\":\"https:\\\/\\\/purecosmetics-shop.com\\\/accueil\\\/#organization\"},\"potentialAction\":[{\"@type\":\"SearchAction\",\"target\":{\"@type\":\"EntryPoint\",\"urlTemplate\":\"https:\\\/\\\/purecosmetics-shop.com\\\/accueil\\\/?s={search_term_string}\"},\"query-input\":{\"@type\":\"PropertyValueSpecification\",\"valueRequired\":true,\"valueName\":\"search_term_string\"}}],\"inLanguage\":\"fr-FR\"},{\"@type\":\"Organization\",\"@id\":\"https:\\\/\\\/purecosmetics-shop.com\\\/accueil\\\/#organization\",\"name\":\"Pure Cosmetics\",\"url\":\"https:\\\/\\\/purecosmetics-shop.com\\\/accueil\\\/\",\"logo\":{\"@type\":\"ImageObject\",\"inLanguage\":\"fr-FR\",\"@id\":\"https:\\\/\\\/purecosmetics-shop.com\\\/accueil\\\/#\\\/schema\\\/logo\\\/image\\\/\",\"url\":\"https:\\\/\\\/purecosmetics-shop.com\\\/wp-content\\\/uploads\\\/2025\\\/04\\\/cropped-Pure-Cosmetics-black-2.png\",\"contentUrl\":\"https:\\\/\\\/purecosmetics-shop.com\\\/wp-content\\\/uploads\\\/2025\\\/04\\\/cropped-Pure-Cosmetics-black-2.png\",\"width\":2362,\"height\":2324,\"caption\":\"Pure Cosmetics\"},\"image\":{\"@id\":\"https:\\\/\\\/purecosmetics-shop.com\\\/accueil\\\/#\\\/schema\\\/logo\\\/image\\\/\"}}]}<\/script>\n<!-- \/ Yoast SEO plugin. -->","yoast_head_json":{"title":"Rosehip Mild PH Balancing Rice Cake Cleanser - Pure Cosmetics","robots":{"index":"index","follow":"follow","max-snippet":"max-snippet:-1","max-image-preview":"max-image-preview:large","max-video-preview":"max-video-preview:-1"},"canonical":"https:\/\/purecosmetics-shop.com\/accueil\/produit\/rosehip-mild-ph-balancing-rice-cake-cleanser\/","og_locale":"fr_FR","og_type":"article","og_title":"Rosehip Mild PH Balancing Rice Cake Cleanser - Pure Cosmetics","og_description":"Un nettoyant visage qui hydrate, apaise et r\u00e9pare la barri\u00e8re cutan\u00e9e naturelle pour une peau douce, saine et \u00e9clatante.  Sa formule au pH \u00e9quilibr\u00e9, enrichie en c\u00e9ramide NP, en complexe d'acide hyaluronique et en extrait de riz, offre un soin hydratant et lissant.  Id\u00e9al pour les peaux s\u00e8ches et sensibles.","og_url":"https:\/\/purecosmetics-shop.com\/accueil\/produit\/rosehip-mild-ph-balancing-rice-cake-cleanser\/","og_site_name":"Pure Cosmetics","article_modified_time":"2026-04-20T09:26:48+00:00","og_image":[{"width":1000,"height":1000,"url":"https:\/\/purecosmetics-shop.com\/wp-content\/uploads\/2025\/09\/ARENCIA_Rosehip_Mild_PH_Balancing_Rice_Cake_Cleanser.png","type":"image\/png"}],"twitter_card":"summary_large_image","twitter_misc":{"Dur\u00e9e de lecture estim\u00e9e":"1 minute"},"schema":{"@context":"https:\/\/schema.org","@graph":[{"@type":"WebPage","@id":"https:\/\/purecosmetics-shop.com\/accueil\/produit\/rosehip-mild-ph-balancing-rice-cake-cleanser\/","url":"https:\/\/purecosmetics-shop.com\/accueil\/produit\/rosehip-mild-ph-balancing-rice-cake-cleanser\/","name":"Rosehip Mild PH Balancing Rice Cake Cleanser - Pure Cosmetics","isPartOf":{"@id":"https:\/\/purecosmetics-shop.com\/accueil\/#website"},"primaryImageOfPage":{"@id":"https:\/\/purecosmetics-shop.com\/accueil\/produit\/rosehip-mild-ph-balancing-rice-cake-cleanser\/#primaryimage"},"image":{"@id":"https:\/\/purecosmetics-shop.com\/accueil\/produit\/rosehip-mild-ph-balancing-rice-cake-cleanser\/#primaryimage"},"thumbnailUrl":"https:\/\/purecosmetics-shop.com\/wp-content\/uploads\/2025\/09\/ARENCIA_Rosehip_Mild_PH_Balancing_Rice_Cake_Cleanser.png","datePublished":"2025-09-30T22:57:41+00:00","dateModified":"2026-04-20T09:26:48+00:00","breadcrumb":{"@id":"https:\/\/purecosmetics-shop.com\/accueil\/produit\/rosehip-mild-ph-balancing-rice-cake-cleanser\/#breadcrumb"},"inLanguage":"fr-FR","potentialAction":[{"@type":"ReadAction","target":["https:\/\/purecosmetics-shop.com\/accueil\/produit\/rosehip-mild-ph-balancing-rice-cake-cleanser\/"]}]},{"@type":"ImageObject","inLanguage":"fr-FR","@id":"https:\/\/purecosmetics-shop.com\/accueil\/produit\/rosehip-mild-ph-balancing-rice-cake-cleanser\/#primaryimage","url":"https:\/\/purecosmetics-shop.com\/wp-content\/uploads\/2025\/09\/ARENCIA_Rosehip_Mild_PH_Balancing_Rice_Cake_Cleanser.png","contentUrl":"https:\/\/purecosmetics-shop.com\/wp-content\/uploads\/2025\/09\/ARENCIA_Rosehip_Mild_PH_Balancing_Rice_Cake_Cleanser.png","width":1000,"height":1000,"caption":"ARENCIA Rosehip Mild PH Balancing Rice Cake Cleanser"},{"@type":"BreadcrumbList","@id":"https:\/\/purecosmetics-shop.com\/accueil\/produit\/rosehip-mild-ph-balancing-rice-cake-cleanser\/#breadcrumb","itemListElement":[{"@type":"ListItem","position":1,"name":"Accueil","item":"https:\/\/purecosmetics-shop.com\/accueil\/"},{"@type":"ListItem","position":2,"name":"NOUVEAUT\u00c9S","item":"https:\/\/purecosmetics-shop.com\/accueil\/nouveautes\/"},{"@type":"ListItem","position":3,"name":"Rosehip Mild PH Balancing Rice Cake Cleanser"}]},{"@type":"WebSite","@id":"https:\/\/purecosmetics-shop.com\/accueil\/#website","url":"https:\/\/purecosmetics-shop.com\/accueil\/","name":"Pure Cosmetics","description":"Skincare cor\u00e9enne et japonais","publisher":{"@id":"https:\/\/purecosmetics-shop.com\/accueil\/#organization"},"potentialAction":[{"@type":"SearchAction","target":{"@type":"EntryPoint","urlTemplate":"https:\/\/purecosmetics-shop.com\/accueil\/?s={search_term_string}"},"query-input":{"@type":"PropertyValueSpecification","valueRequired":true,"valueName":"search_term_string"}}],"inLanguage":"fr-FR"},{"@type":"Organization","@id":"https:\/\/purecosmetics-shop.com\/accueil\/#organization","name":"Pure Cosmetics","url":"https:\/\/purecosmetics-shop.com\/accueil\/","logo":{"@type":"ImageObject","inLanguage":"fr-FR","@id":"https:\/\/purecosmetics-shop.com\/accueil\/#\/schema\/logo\/image\/","url":"https:\/\/purecosmetics-shop.com\/wp-content\/uploads\/2025\/04\/cropped-Pure-Cosmetics-black-2.png","contentUrl":"https:\/\/purecosmetics-shop.com\/wp-content\/uploads\/2025\/04\/cropped-Pure-Cosmetics-black-2.png","width":2362,"height":2324,"caption":"Pure Cosmetics"},"image":{"@id":"https:\/\/purecosmetics-shop.com\/accueil\/#\/schema\/logo\/image\/"}}]}},"jetpack_sharing_enabled":true,"_links":{"self":[{"href":"https:\/\/purecosmetics-shop.com\/accueil\/wp-json\/wp\/v2\/product\/4177","targetHints":{"allow":["GET"]}}],"collection":[{"href":"https:\/\/purecosmetics-shop.com\/accueil\/wp-json\/wp\/v2\/product"}],"about":[{"href":"https:\/\/purecosmetics-shop.com\/accueil\/wp-json\/wp\/v2\/types\/product"}],"replies":[{"embeddable":true,"href":"https:\/\/purecosmetics-shop.com\/accueil\/wp-json\/wp\/v2\/comments?post=4177"}],"version-history":[{"count":3,"href":"https:\/\/purecosmetics-shop.com\/accueil\/wp-json\/wp\/v2\/product\/4177\/revisions"}],"predecessor-version":[{"id":4449,"href":"https:\/\/purecosmetics-shop.com\/accueil\/wp-json\/wp\/v2\/product\/4177\/revisions\/4449"}],"wp:featuredmedia":[{"embeddable":true,"href":"https:\/\/purecosmetics-shop.com\/accueil\/wp-json\/wp\/v2\/media\/4182"}],"wp:attachment":[{"href":"https:\/\/purecosmetics-shop.com\/accueil\/wp-json\/wp\/v2\/media?parent=4177"}],"wp:term":[{"taxonomy":"product_brand","embeddable":true,"href":"https:\/\/purecosmetics-shop.com\/accueil\/wp-json\/wp\/v2\/product_brand?post=4177"},{"taxonomy":"product_cat","embeddable":true,"href":"https:\/\/purecosmetics-shop.com\/accueil\/wp-json\/wp\/v2\/product_cat?post=4177"},{"taxonomy":"product_tag","embeddable":true,"href":"https:\/\/purecosmetics-shop.com\/accueil\/wp-json\/wp\/v2\/product_tag?post=4177"}],"curies":[{"name":"wp","href":"https:\/\/api.w.org\/{rel}","templated":true}]}}