{"id":4161,"date":"2025-09-30T18:29:46","date_gmt":"2025-09-30T22:29:46","guid":{"rendered":"https:\/\/purecosmetics-shop.com\/accueil\/?post_type=product&#038;p=4161"},"modified":"2026-04-16T02:40:42","modified_gmt":"2026-04-16T06:40:42","slug":"rice-70-glow-milky-toner","status":"publish","type":"product","link":"https:\/\/purecosmetics-shop.com\/accueil\/produit\/rice-70-glow-milky-toner\/","title":{"rendered":"RICE 70 GLOW MILKY TONER"},"content":{"rendered":"<p>Formul\u00e9 avec des c\u00e9ramides AP et NP pour apaiser les peaux irrit\u00e9es, pr\u00e9venir la d\u00e9shydratation et renforcer la barri\u00e8re cutan\u00e9e.<br \/>\nContient de l&rsquo;hyaluronate de sodium et de la b\u00e9ta\u00efne pour amplifier les effets apaisants et hydratants des peaux sensibles, tout en r\u00e9duisant l&rsquo;inflammation.<br \/>\nSa texture lact\u00e9e hydrate intens\u00e9ment la peau et laisse un fini non collant et rafra\u00eechissant.<\/p>\n","protected":false},"excerpt":{"rendered":"<p>Une lotion tonique lact\u00e9e l\u00e9g\u00e8re enrichie en eau de son de riz et en niacinamide pour unifier le teint terne et irr\u00e9gulier, tout en \u00e9quilibrant la production de s\u00e9bum et en favorisant un teint net et \u00e9clatant.<\/p>\n<p>La b\u00e9ta\u00efne, pr\u00e9sente dans sa formule l\u00e9g\u00e8re, pr\u00e9vient les pouss\u00e9es d&rsquo;acn\u00e9.<\/p>\n<p>Sans parfum, ce tonique est test\u00e9 dermatologiquement pour convenir \u00e0 tous les types de peau.<\/p>\n","protected":false},"featured_media":4167,"comment_status":"open","ping_status":"closed","template":"","meta":[],"product_brand":[155],"product_cat":[110,112,117,118,119,19],"product_tag":[],"class_list":{"0":"post-4161","1":"product","2":"type-product","3":"status-publish","4":"has-post-thumbnail","6":"product_brand-anua","7":"product_cat-anti-tache-et-hyperpigmentation","8":"product_cat-hydratation","9":"product_cat-peau-normale","10":"product_cat-peau-seche","11":"product_cat-peau-sensible","12":"product_cat-toner","14":"first","15":"instock","16":"shipping-taxable","17":"purchasable","18":"product-type-simple"},"yoast_head":"<!-- This site is optimized with the Yoast SEO plugin v27.4 - https:\/\/yoast.com\/product\/yoast-seo-wordpress\/ -->\n<title>RICE 70 GLOW MILKY TONER - Pure Cosmetics<\/title>\n<meta name=\"robots\" content=\"index, follow, max-snippet:-1, max-image-preview:large, max-video-preview:-1\" \/>\n<link rel=\"canonical\" href=\"https:\/\/purecosmetics-shop.com\/accueil\/produit\/rice-70-glow-milky-toner\/\" \/>\n<meta property=\"og:locale\" content=\"fr_FR\" \/>\n<meta property=\"og:type\" content=\"article\" \/>\n<meta property=\"og:title\" content=\"RICE 70 GLOW MILKY TONER - Pure Cosmetics\" \/>\n<meta property=\"og:description\" content=\"Une lotion tonique lact\u00e9e l\u00e9g\u00e8re enrichie en eau de son de riz et en niacinamide pour unifier le teint terne et irr\u00e9gulier, tout en \u00e9quilibrant la production de s\u00e9bum et en favorisant un teint net et \u00e9clatant.  La b\u00e9ta\u00efne, pr\u00e9sente dans sa formule l\u00e9g\u00e8re, pr\u00e9vient les pouss\u00e9es d&#039;acn\u00e9.  Sans parfum, ce tonique est test\u00e9 dermatologiquement pour convenir \u00e0 tous les types de peau.\" \/>\n<meta property=\"og:url\" content=\"https:\/\/purecosmetics-shop.com\/accueil\/produit\/rice-70-glow-milky-toner\/\" \/>\n<meta property=\"og:site_name\" content=\"Pure Cosmetics\" \/>\n<meta property=\"article:modified_time\" content=\"2026-04-16T06:40:42+00:00\" \/>\n<meta property=\"og:image\" content=\"https:\/\/purecosmetics-shop.com\/wp-content\/uploads\/2025\/09\/RICE_70_GLOW_MILKY_TONER-e1759271509946.webp\" \/>\n\t<meta property=\"og:image:width\" content=\"800\" \/>\n\t<meta property=\"og:image:height\" content=\"800\" \/>\n\t<meta property=\"og:image:type\" content=\"image\/webp\" \/>\n<meta name=\"twitter:card\" content=\"summary_large_image\" \/>\n<meta name=\"twitter:label1\" content=\"Dur\u00e9e de lecture estim\u00e9e\" \/>\n\t<meta name=\"twitter:data1\" content=\"1 minute\" \/>\n<script type=\"application\/ld+json\" class=\"yoast-schema-graph\">{\"@context\":\"https:\\\/\\\/schema.org\",\"@graph\":[{\"@type\":\"WebPage\",\"@id\":\"https:\\\/\\\/purecosmetics-shop.com\\\/accueil\\\/produit\\\/rice-70-glow-milky-toner\\\/\",\"url\":\"https:\\\/\\\/purecosmetics-shop.com\\\/accueil\\\/produit\\\/rice-70-glow-milky-toner\\\/\",\"name\":\"RICE 70 GLOW MILKY TONER - Pure Cosmetics\",\"isPartOf\":{\"@id\":\"https:\\\/\\\/purecosmetics-shop.com\\\/accueil\\\/#website\"},\"primaryImageOfPage\":{\"@id\":\"https:\\\/\\\/purecosmetics-shop.com\\\/accueil\\\/produit\\\/rice-70-glow-milky-toner\\\/#primaryimage\"},\"image\":{\"@id\":\"https:\\\/\\\/purecosmetics-shop.com\\\/accueil\\\/produit\\\/rice-70-glow-milky-toner\\\/#primaryimage\"},\"thumbnailUrl\":\"https:\\\/\\\/purecosmetics-shop.com\\\/wp-content\\\/uploads\\\/2025\\\/09\\\/RICE_70_GLOW_MILKY_TONER-e1759271509946.webp\",\"datePublished\":\"2025-09-30T22:29:46+00:00\",\"dateModified\":\"2026-04-16T06:40:42+00:00\",\"breadcrumb\":{\"@id\":\"https:\\\/\\\/purecosmetics-shop.com\\\/accueil\\\/produit\\\/rice-70-glow-milky-toner\\\/#breadcrumb\"},\"inLanguage\":\"fr-FR\",\"potentialAction\":[{\"@type\":\"ReadAction\",\"target\":[\"https:\\\/\\\/purecosmetics-shop.com\\\/accueil\\\/produit\\\/rice-70-glow-milky-toner\\\/\"]}]},{\"@type\":\"ImageObject\",\"inLanguage\":\"fr-FR\",\"@id\":\"https:\\\/\\\/purecosmetics-shop.com\\\/accueil\\\/produit\\\/rice-70-glow-milky-toner\\\/#primaryimage\",\"url\":\"https:\\\/\\\/purecosmetics-shop.com\\\/wp-content\\\/uploads\\\/2025\\\/09\\\/RICE_70_GLOW_MILKY_TONER-e1759271509946.webp\",\"contentUrl\":\"https:\\\/\\\/purecosmetics-shop.com\\\/wp-content\\\/uploads\\\/2025\\\/09\\\/RICE_70_GLOW_MILKY_TONER-e1759271509946.webp\",\"width\":800,\"height\":800,\"caption\":\"ANUA RICE 70 GLOW MILKY TONER\"},{\"@type\":\"BreadcrumbList\",\"@id\":\"https:\\\/\\\/purecosmetics-shop.com\\\/accueil\\\/produit\\\/rice-70-glow-milky-toner\\\/#breadcrumb\",\"itemListElement\":[{\"@type\":\"ListItem\",\"position\":1,\"name\":\"Accueil\",\"item\":\"https:\\\/\\\/purecosmetics-shop.com\\\/accueil\\\/\"},{\"@type\":\"ListItem\",\"position\":2,\"name\":\"NOUVEAUT\u00c9S\",\"item\":\"https:\\\/\\\/purecosmetics-shop.com\\\/accueil\\\/nouveautes\\\/\"},{\"@type\":\"ListItem\",\"position\":3,\"name\":\"RICE 70 GLOW MILKY TONER\"}]},{\"@type\":\"WebSite\",\"@id\":\"https:\\\/\\\/purecosmetics-shop.com\\\/accueil\\\/#website\",\"url\":\"https:\\\/\\\/purecosmetics-shop.com\\\/accueil\\\/\",\"name\":\"Pure Cosmetics\",\"description\":\"Skincare cor\u00e9enne et japonais\",\"publisher\":{\"@id\":\"https:\\\/\\\/purecosmetics-shop.com\\\/accueil\\\/#organization\"},\"potentialAction\":[{\"@type\":\"SearchAction\",\"target\":{\"@type\":\"EntryPoint\",\"urlTemplate\":\"https:\\\/\\\/purecosmetics-shop.com\\\/accueil\\\/?s={search_term_string}\"},\"query-input\":{\"@type\":\"PropertyValueSpecification\",\"valueRequired\":true,\"valueName\":\"search_term_string\"}}],\"inLanguage\":\"fr-FR\"},{\"@type\":\"Organization\",\"@id\":\"https:\\\/\\\/purecosmetics-shop.com\\\/accueil\\\/#organization\",\"name\":\"Pure Cosmetics\",\"url\":\"https:\\\/\\\/purecosmetics-shop.com\\\/accueil\\\/\",\"logo\":{\"@type\":\"ImageObject\",\"inLanguage\":\"fr-FR\",\"@id\":\"https:\\\/\\\/purecosmetics-shop.com\\\/accueil\\\/#\\\/schema\\\/logo\\\/image\\\/\",\"url\":\"https:\\\/\\\/purecosmetics-shop.com\\\/wp-content\\\/uploads\\\/2025\\\/04\\\/cropped-Pure-Cosmetics-black-2.png\",\"contentUrl\":\"https:\\\/\\\/purecosmetics-shop.com\\\/wp-content\\\/uploads\\\/2025\\\/04\\\/cropped-Pure-Cosmetics-black-2.png\",\"width\":2362,\"height\":2324,\"caption\":\"Pure Cosmetics\"},\"image\":{\"@id\":\"https:\\\/\\\/purecosmetics-shop.com\\\/accueil\\\/#\\\/schema\\\/logo\\\/image\\\/\"}}]}<\/script>\n<!-- \/ Yoast SEO plugin. -->","yoast_head_json":{"title":"RICE 70 GLOW MILKY TONER - Pure Cosmetics","robots":{"index":"index","follow":"follow","max-snippet":"max-snippet:-1","max-image-preview":"max-image-preview:large","max-video-preview":"max-video-preview:-1"},"canonical":"https:\/\/purecosmetics-shop.com\/accueil\/produit\/rice-70-glow-milky-toner\/","og_locale":"fr_FR","og_type":"article","og_title":"RICE 70 GLOW MILKY TONER - Pure Cosmetics","og_description":"Une lotion tonique lact\u00e9e l\u00e9g\u00e8re enrichie en eau de son de riz et en niacinamide pour unifier le teint terne et irr\u00e9gulier, tout en \u00e9quilibrant la production de s\u00e9bum et en favorisant un teint net et \u00e9clatant.  La b\u00e9ta\u00efne, pr\u00e9sente dans sa formule l\u00e9g\u00e8re, pr\u00e9vient les pouss\u00e9es d'acn\u00e9.  Sans parfum, ce tonique est test\u00e9 dermatologiquement pour convenir \u00e0 tous les types de peau.","og_url":"https:\/\/purecosmetics-shop.com\/accueil\/produit\/rice-70-glow-milky-toner\/","og_site_name":"Pure Cosmetics","article_modified_time":"2026-04-16T06:40:42+00:00","og_image":[{"width":800,"height":800,"url":"https:\/\/purecosmetics-shop.com\/wp-content\/uploads\/2025\/09\/RICE_70_GLOW_MILKY_TONER-e1759271509946.webp","type":"image\/webp"}],"twitter_card":"summary_large_image","twitter_misc":{"Dur\u00e9e de lecture estim\u00e9e":"1 minute"},"schema":{"@context":"https:\/\/schema.org","@graph":[{"@type":"WebPage","@id":"https:\/\/purecosmetics-shop.com\/accueil\/produit\/rice-70-glow-milky-toner\/","url":"https:\/\/purecosmetics-shop.com\/accueil\/produit\/rice-70-glow-milky-toner\/","name":"RICE 70 GLOW MILKY TONER - Pure Cosmetics","isPartOf":{"@id":"https:\/\/purecosmetics-shop.com\/accueil\/#website"},"primaryImageOfPage":{"@id":"https:\/\/purecosmetics-shop.com\/accueil\/produit\/rice-70-glow-milky-toner\/#primaryimage"},"image":{"@id":"https:\/\/purecosmetics-shop.com\/accueil\/produit\/rice-70-glow-milky-toner\/#primaryimage"},"thumbnailUrl":"https:\/\/purecosmetics-shop.com\/wp-content\/uploads\/2025\/09\/RICE_70_GLOW_MILKY_TONER-e1759271509946.webp","datePublished":"2025-09-30T22:29:46+00:00","dateModified":"2026-04-16T06:40:42+00:00","breadcrumb":{"@id":"https:\/\/purecosmetics-shop.com\/accueil\/produit\/rice-70-glow-milky-toner\/#breadcrumb"},"inLanguage":"fr-FR","potentialAction":[{"@type":"ReadAction","target":["https:\/\/purecosmetics-shop.com\/accueil\/produit\/rice-70-glow-milky-toner\/"]}]},{"@type":"ImageObject","inLanguage":"fr-FR","@id":"https:\/\/purecosmetics-shop.com\/accueil\/produit\/rice-70-glow-milky-toner\/#primaryimage","url":"https:\/\/purecosmetics-shop.com\/wp-content\/uploads\/2025\/09\/RICE_70_GLOW_MILKY_TONER-e1759271509946.webp","contentUrl":"https:\/\/purecosmetics-shop.com\/wp-content\/uploads\/2025\/09\/RICE_70_GLOW_MILKY_TONER-e1759271509946.webp","width":800,"height":800,"caption":"ANUA RICE 70 GLOW MILKY TONER"},{"@type":"BreadcrumbList","@id":"https:\/\/purecosmetics-shop.com\/accueil\/produit\/rice-70-glow-milky-toner\/#breadcrumb","itemListElement":[{"@type":"ListItem","position":1,"name":"Accueil","item":"https:\/\/purecosmetics-shop.com\/accueil\/"},{"@type":"ListItem","position":2,"name":"NOUVEAUT\u00c9S","item":"https:\/\/purecosmetics-shop.com\/accueil\/nouveautes\/"},{"@type":"ListItem","position":3,"name":"RICE 70 GLOW MILKY TONER"}]},{"@type":"WebSite","@id":"https:\/\/purecosmetics-shop.com\/accueil\/#website","url":"https:\/\/purecosmetics-shop.com\/accueil\/","name":"Pure Cosmetics","description":"Skincare cor\u00e9enne et japonais","publisher":{"@id":"https:\/\/purecosmetics-shop.com\/accueil\/#organization"},"potentialAction":[{"@type":"SearchAction","target":{"@type":"EntryPoint","urlTemplate":"https:\/\/purecosmetics-shop.com\/accueil\/?s={search_term_string}"},"query-input":{"@type":"PropertyValueSpecification","valueRequired":true,"valueName":"search_term_string"}}],"inLanguage":"fr-FR"},{"@type":"Organization","@id":"https:\/\/purecosmetics-shop.com\/accueil\/#organization","name":"Pure Cosmetics","url":"https:\/\/purecosmetics-shop.com\/accueil\/","logo":{"@type":"ImageObject","inLanguage":"fr-FR","@id":"https:\/\/purecosmetics-shop.com\/accueil\/#\/schema\/logo\/image\/","url":"https:\/\/purecosmetics-shop.com\/wp-content\/uploads\/2025\/04\/cropped-Pure-Cosmetics-black-2.png","contentUrl":"https:\/\/purecosmetics-shop.com\/wp-content\/uploads\/2025\/04\/cropped-Pure-Cosmetics-black-2.png","width":2362,"height":2324,"caption":"Pure Cosmetics"},"image":{"@id":"https:\/\/purecosmetics-shop.com\/accueil\/#\/schema\/logo\/image\/"}}]}},"jetpack_sharing_enabled":true,"_links":{"self":[{"href":"https:\/\/purecosmetics-shop.com\/accueil\/wp-json\/wp\/v2\/product\/4161","targetHints":{"allow":["GET"]}}],"collection":[{"href":"https:\/\/purecosmetics-shop.com\/accueil\/wp-json\/wp\/v2\/product"}],"about":[{"href":"https:\/\/purecosmetics-shop.com\/accueil\/wp-json\/wp\/v2\/types\/product"}],"replies":[{"embeddable":true,"href":"https:\/\/purecosmetics-shop.com\/accueil\/wp-json\/wp\/v2\/comments?post=4161"}],"version-history":[{"count":3,"href":"https:\/\/purecosmetics-shop.com\/accueil\/wp-json\/wp\/v2\/product\/4161\/revisions"}],"predecessor-version":[{"id":4452,"href":"https:\/\/purecosmetics-shop.com\/accueil\/wp-json\/wp\/v2\/product\/4161\/revisions\/4452"}],"wp:featuredmedia":[{"embeddable":true,"href":"https:\/\/purecosmetics-shop.com\/accueil\/wp-json\/wp\/v2\/media\/4167"}],"wp:attachment":[{"href":"https:\/\/purecosmetics-shop.com\/accueil\/wp-json\/wp\/v2\/media?parent=4161"}],"wp:term":[{"taxonomy":"product_brand","embeddable":true,"href":"https:\/\/purecosmetics-shop.com\/accueil\/wp-json\/wp\/v2\/product_brand?post=4161"},{"taxonomy":"product_cat","embeddable":true,"href":"https:\/\/purecosmetics-shop.com\/accueil\/wp-json\/wp\/v2\/product_cat?post=4161"},{"taxonomy":"product_tag","embeddable":true,"href":"https:\/\/purecosmetics-shop.com\/accueil\/wp-json\/wp\/v2\/product_tag?post=4161"}],"curies":[{"name":"wp","href":"https:\/\/api.w.org\/{rel}","templated":true}]}}