{"id":4146,"date":"2025-09-30T18:11:12","date_gmt":"2025-09-30T22:11:12","guid":{"rendered":"https:\/\/purecosmetics-shop.com\/accueil\/?post_type=product&#038;p=4146"},"modified":"2026-04-02T12:56:45","modified_gmt":"2026-04-02T16:56:45","slug":"triple-acid-spot-care-microdart-patch","status":"publish","type":"product","link":"https:\/\/purecosmetics-shop.com\/accueil\/produit\/triple-acid-spot-care-microdart-patch\/","title":{"rendered":"TRIPLE ACID SPOT CARE MICRODART PATCH"},"content":{"rendered":"<p>Ces patchs hydrocollo\u00efdes anti-acn\u00e9 haut de gamme contiennent plus de 200 micro-pointes d\u00e9livrant un complexe triple acide d&rsquo;AHA, BHA et PHA pour une action anti-acn\u00e9 renforc\u00e9e.<\/p>\n<p>Ils apaisent les peaux \u00e0 probl\u00e8mes gr\u00e2ce au zinc et au mad\u00e9cassoside. Ultra-fins (0,3 mm), ces patchs se fondent parfaitement \u00e0 la peau et adh\u00e8rent parfaitement pour une tenue longue dur\u00e9e.<\/p>\n<p>Appliquez sur la zone cibl\u00e9e pendant dix secondes. Retirez au bout de quatre heures ou d\u00e8s que la peau blanchit.<\/p>\n","protected":false},"excerpt":{"rendered":"<p>Un patch ultra-fin formul\u00e9 \u00e0 base d&rsquo;AHA, de BHA et de PHA pour exfolier en douceur et soigner efficacement les pores.<\/p>\n<p>Enrichi en acide succinique et en mad\u00e9cassoside pour \u00e9quilibrer l&rsquo;exc\u00e8s de s\u00e9bum et apaiser les peaux irrit\u00e9es.<\/p>\n<p>Un patch de 0,3 mm qui adh\u00e8re parfaitement \u00e0 la peau gr\u00e2ce \u00e0 plus de 200 micro-pointes.<\/p>\n","protected":false},"featured_media":4147,"comment_status":"open","ping_status":"closed","template":"","meta":[],"product_brand":[155],"product_cat":[108,113,115,116,117,118,119,192],"product_tag":[],"class_list":{"0":"post-4146","1":"product","2":"type-product","3":"status-publish","4":"has-post-thumbnail","6":"product_brand-anua","7":"product_cat-anti-imperfections-et-pores","8":"product_cat-peau-a-tendance-acneique","9":"product_cat-peau-grasse","10":"product_cat-peau-mixte","11":"product_cat-peau-normale","12":"product_cat-peau-seche","13":"product_cat-peau-sensible","14":"product_cat-traitement-localise","16":"first","17":"instock","18":"shipping-taxable","19":"purchasable","20":"product-type-simple"},"yoast_head":"<!-- This site is optimized with the Yoast SEO plugin v27.4 - https:\/\/yoast.com\/product\/yoast-seo-wordpress\/ -->\n<title>TRIPLE ACID SPOT CARE MICRODART PATCH - Pure Cosmetics<\/title>\n<meta name=\"robots\" content=\"index, follow, max-snippet:-1, max-image-preview:large, max-video-preview:-1\" \/>\n<link rel=\"canonical\" href=\"https:\/\/purecosmetics-shop.com\/accueil\/produit\/triple-acid-spot-care-microdart-patch\/\" \/>\n<meta property=\"og:locale\" content=\"fr_FR\" \/>\n<meta property=\"og:type\" content=\"article\" \/>\n<meta property=\"og:title\" content=\"TRIPLE ACID SPOT CARE MICRODART PATCH - Pure Cosmetics\" \/>\n<meta property=\"og:description\" content=\"Un patch ultra-fin formul\u00e9 \u00e0 base d&#039;AHA, de BHA et de PHA pour exfolier en douceur et soigner efficacement les pores.  Enrichi en acide succinique et en mad\u00e9cassoside pour \u00e9quilibrer l&#039;exc\u00e8s de s\u00e9bum et apaiser les peaux irrit\u00e9es.  Un patch de 0,3 mm qui adh\u00e8re parfaitement \u00e0 la peau gr\u00e2ce \u00e0 plus de 200 micro-pointes.\" \/>\n<meta property=\"og:url\" content=\"https:\/\/purecosmetics-shop.com\/accueil\/produit\/triple-acid-spot-care-microdart-patch\/\" \/>\n<meta property=\"og:site_name\" content=\"Pure Cosmetics\" \/>\n<meta property=\"article:modified_time\" content=\"2026-04-02T16:56:45+00:00\" \/>\n<meta property=\"og:image\" content=\"https:\/\/purecosmetics-shop.com\/wp-content\/uploads\/2025\/09\/TRIPLE_ACID_SPOT_CARE_MICRODART_PATCH_.webp\" \/>\n\t<meta property=\"og:image:width\" content=\"2000\" \/>\n\t<meta property=\"og:image:height\" content=\"2000\" \/>\n\t<meta property=\"og:image:type\" content=\"image\/webp\" \/>\n<meta name=\"twitter:card\" content=\"summary_large_image\" \/>\n<meta name=\"twitter:label1\" content=\"Dur\u00e9e de lecture estim\u00e9e\" \/>\n\t<meta name=\"twitter:data1\" content=\"1 minute\" \/>\n<script type=\"application\/ld+json\" class=\"yoast-schema-graph\">{\"@context\":\"https:\\\/\\\/schema.org\",\"@graph\":[{\"@type\":\"WebPage\",\"@id\":\"https:\\\/\\\/purecosmetics-shop.com\\\/accueil\\\/produit\\\/triple-acid-spot-care-microdart-patch\\\/\",\"url\":\"https:\\\/\\\/purecosmetics-shop.com\\\/accueil\\\/produit\\\/triple-acid-spot-care-microdart-patch\\\/\",\"name\":\"TRIPLE ACID SPOT CARE MICRODART PATCH - Pure Cosmetics\",\"isPartOf\":{\"@id\":\"https:\\\/\\\/purecosmetics-shop.com\\\/accueil\\\/#website\"},\"primaryImageOfPage\":{\"@id\":\"https:\\\/\\\/purecosmetics-shop.com\\\/accueil\\\/produit\\\/triple-acid-spot-care-microdart-patch\\\/#primaryimage\"},\"image\":{\"@id\":\"https:\\\/\\\/purecosmetics-shop.com\\\/accueil\\\/produit\\\/triple-acid-spot-care-microdart-patch\\\/#primaryimage\"},\"thumbnailUrl\":\"https:\\\/\\\/purecosmetics-shop.com\\\/wp-content\\\/uploads\\\/2025\\\/09\\\/TRIPLE_ACID_SPOT_CARE_MICRODART_PATCH_.webp\",\"datePublished\":\"2025-09-30T22:11:12+00:00\",\"dateModified\":\"2026-04-02T16:56:45+00:00\",\"breadcrumb\":{\"@id\":\"https:\\\/\\\/purecosmetics-shop.com\\\/accueil\\\/produit\\\/triple-acid-spot-care-microdart-patch\\\/#breadcrumb\"},\"inLanguage\":\"fr-FR\",\"potentialAction\":[{\"@type\":\"ReadAction\",\"target\":[\"https:\\\/\\\/purecosmetics-shop.com\\\/accueil\\\/produit\\\/triple-acid-spot-care-microdart-patch\\\/\"]}]},{\"@type\":\"ImageObject\",\"inLanguage\":\"fr-FR\",\"@id\":\"https:\\\/\\\/purecosmetics-shop.com\\\/accueil\\\/produit\\\/triple-acid-spot-care-microdart-patch\\\/#primaryimage\",\"url\":\"https:\\\/\\\/purecosmetics-shop.com\\\/wp-content\\\/uploads\\\/2025\\\/09\\\/TRIPLE_ACID_SPOT_CARE_MICRODART_PATCH_.webp\",\"contentUrl\":\"https:\\\/\\\/purecosmetics-shop.com\\\/wp-content\\\/uploads\\\/2025\\\/09\\\/TRIPLE_ACID_SPOT_CARE_MICRODART_PATCH_.webp\",\"width\":2000,\"height\":2000,\"caption\":\"TRIPLE ACID SPOT CARE MICRODART PATCH\"},{\"@type\":\"BreadcrumbList\",\"@id\":\"https:\\\/\\\/purecosmetics-shop.com\\\/accueil\\\/produit\\\/triple-acid-spot-care-microdart-patch\\\/#breadcrumb\",\"itemListElement\":[{\"@type\":\"ListItem\",\"position\":1,\"name\":\"Accueil\",\"item\":\"https:\\\/\\\/purecosmetics-shop.com\\\/accueil\\\/\"},{\"@type\":\"ListItem\",\"position\":2,\"name\":\"NOUVEAUT\u00c9S\",\"item\":\"https:\\\/\\\/purecosmetics-shop.com\\\/accueil\\\/nouveautes\\\/\"},{\"@type\":\"ListItem\",\"position\":3,\"name\":\"TRIPLE ACID SPOT CARE MICRODART PATCH\"}]},{\"@type\":\"WebSite\",\"@id\":\"https:\\\/\\\/purecosmetics-shop.com\\\/accueil\\\/#website\",\"url\":\"https:\\\/\\\/purecosmetics-shop.com\\\/accueil\\\/\",\"name\":\"Pure Cosmetics\",\"description\":\"Skincare cor\u00e9enne et japonais\",\"publisher\":{\"@id\":\"https:\\\/\\\/purecosmetics-shop.com\\\/accueil\\\/#organization\"},\"potentialAction\":[{\"@type\":\"SearchAction\",\"target\":{\"@type\":\"EntryPoint\",\"urlTemplate\":\"https:\\\/\\\/purecosmetics-shop.com\\\/accueil\\\/?s={search_term_string}\"},\"query-input\":{\"@type\":\"PropertyValueSpecification\",\"valueRequired\":true,\"valueName\":\"search_term_string\"}}],\"inLanguage\":\"fr-FR\"},{\"@type\":\"Organization\",\"@id\":\"https:\\\/\\\/purecosmetics-shop.com\\\/accueil\\\/#organization\",\"name\":\"Pure Cosmetics\",\"url\":\"https:\\\/\\\/purecosmetics-shop.com\\\/accueil\\\/\",\"logo\":{\"@type\":\"ImageObject\",\"inLanguage\":\"fr-FR\",\"@id\":\"https:\\\/\\\/purecosmetics-shop.com\\\/accueil\\\/#\\\/schema\\\/logo\\\/image\\\/\",\"url\":\"https:\\\/\\\/purecosmetics-shop.com\\\/wp-content\\\/uploads\\\/2025\\\/04\\\/cropped-Pure-Cosmetics-black-2.png\",\"contentUrl\":\"https:\\\/\\\/purecosmetics-shop.com\\\/wp-content\\\/uploads\\\/2025\\\/04\\\/cropped-Pure-Cosmetics-black-2.png\",\"width\":2362,\"height\":2324,\"caption\":\"Pure Cosmetics\"},\"image\":{\"@id\":\"https:\\\/\\\/purecosmetics-shop.com\\\/accueil\\\/#\\\/schema\\\/logo\\\/image\\\/\"}}]}<\/script>\n<!-- \/ Yoast SEO plugin. -->","yoast_head_json":{"title":"TRIPLE ACID SPOT CARE MICRODART PATCH - Pure Cosmetics","robots":{"index":"index","follow":"follow","max-snippet":"max-snippet:-1","max-image-preview":"max-image-preview:large","max-video-preview":"max-video-preview:-1"},"canonical":"https:\/\/purecosmetics-shop.com\/accueil\/produit\/triple-acid-spot-care-microdart-patch\/","og_locale":"fr_FR","og_type":"article","og_title":"TRIPLE ACID SPOT CARE MICRODART PATCH - Pure Cosmetics","og_description":"Un patch ultra-fin formul\u00e9 \u00e0 base d'AHA, de BHA et de PHA pour exfolier en douceur et soigner efficacement les pores.  Enrichi en acide succinique et en mad\u00e9cassoside pour \u00e9quilibrer l'exc\u00e8s de s\u00e9bum et apaiser les peaux irrit\u00e9es.  Un patch de 0,3 mm qui adh\u00e8re parfaitement \u00e0 la peau gr\u00e2ce \u00e0 plus de 200 micro-pointes.","og_url":"https:\/\/purecosmetics-shop.com\/accueil\/produit\/triple-acid-spot-care-microdart-patch\/","og_site_name":"Pure Cosmetics","article_modified_time":"2026-04-02T16:56:45+00:00","og_image":[{"width":2000,"height":2000,"url":"https:\/\/purecosmetics-shop.com\/wp-content\/uploads\/2025\/09\/TRIPLE_ACID_SPOT_CARE_MICRODART_PATCH_.webp","type":"image\/webp"}],"twitter_card":"summary_large_image","twitter_misc":{"Dur\u00e9e de lecture estim\u00e9e":"1 minute"},"schema":{"@context":"https:\/\/schema.org","@graph":[{"@type":"WebPage","@id":"https:\/\/purecosmetics-shop.com\/accueil\/produit\/triple-acid-spot-care-microdart-patch\/","url":"https:\/\/purecosmetics-shop.com\/accueil\/produit\/triple-acid-spot-care-microdart-patch\/","name":"TRIPLE ACID SPOT CARE MICRODART PATCH - Pure Cosmetics","isPartOf":{"@id":"https:\/\/purecosmetics-shop.com\/accueil\/#website"},"primaryImageOfPage":{"@id":"https:\/\/purecosmetics-shop.com\/accueil\/produit\/triple-acid-spot-care-microdart-patch\/#primaryimage"},"image":{"@id":"https:\/\/purecosmetics-shop.com\/accueil\/produit\/triple-acid-spot-care-microdart-patch\/#primaryimage"},"thumbnailUrl":"https:\/\/purecosmetics-shop.com\/wp-content\/uploads\/2025\/09\/TRIPLE_ACID_SPOT_CARE_MICRODART_PATCH_.webp","datePublished":"2025-09-30T22:11:12+00:00","dateModified":"2026-04-02T16:56:45+00:00","breadcrumb":{"@id":"https:\/\/purecosmetics-shop.com\/accueil\/produit\/triple-acid-spot-care-microdart-patch\/#breadcrumb"},"inLanguage":"fr-FR","potentialAction":[{"@type":"ReadAction","target":["https:\/\/purecosmetics-shop.com\/accueil\/produit\/triple-acid-spot-care-microdart-patch\/"]}]},{"@type":"ImageObject","inLanguage":"fr-FR","@id":"https:\/\/purecosmetics-shop.com\/accueil\/produit\/triple-acid-spot-care-microdart-patch\/#primaryimage","url":"https:\/\/purecosmetics-shop.com\/wp-content\/uploads\/2025\/09\/TRIPLE_ACID_SPOT_CARE_MICRODART_PATCH_.webp","contentUrl":"https:\/\/purecosmetics-shop.com\/wp-content\/uploads\/2025\/09\/TRIPLE_ACID_SPOT_CARE_MICRODART_PATCH_.webp","width":2000,"height":2000,"caption":"TRIPLE ACID SPOT CARE MICRODART PATCH"},{"@type":"BreadcrumbList","@id":"https:\/\/purecosmetics-shop.com\/accueil\/produit\/triple-acid-spot-care-microdart-patch\/#breadcrumb","itemListElement":[{"@type":"ListItem","position":1,"name":"Accueil","item":"https:\/\/purecosmetics-shop.com\/accueil\/"},{"@type":"ListItem","position":2,"name":"NOUVEAUT\u00c9S","item":"https:\/\/purecosmetics-shop.com\/accueil\/nouveautes\/"},{"@type":"ListItem","position":3,"name":"TRIPLE ACID SPOT CARE MICRODART PATCH"}]},{"@type":"WebSite","@id":"https:\/\/purecosmetics-shop.com\/accueil\/#website","url":"https:\/\/purecosmetics-shop.com\/accueil\/","name":"Pure Cosmetics","description":"Skincare cor\u00e9enne et japonais","publisher":{"@id":"https:\/\/purecosmetics-shop.com\/accueil\/#organization"},"potentialAction":[{"@type":"SearchAction","target":{"@type":"EntryPoint","urlTemplate":"https:\/\/purecosmetics-shop.com\/accueil\/?s={search_term_string}"},"query-input":{"@type":"PropertyValueSpecification","valueRequired":true,"valueName":"search_term_string"}}],"inLanguage":"fr-FR"},{"@type":"Organization","@id":"https:\/\/purecosmetics-shop.com\/accueil\/#organization","name":"Pure Cosmetics","url":"https:\/\/purecosmetics-shop.com\/accueil\/","logo":{"@type":"ImageObject","inLanguage":"fr-FR","@id":"https:\/\/purecosmetics-shop.com\/accueil\/#\/schema\/logo\/image\/","url":"https:\/\/purecosmetics-shop.com\/wp-content\/uploads\/2025\/04\/cropped-Pure-Cosmetics-black-2.png","contentUrl":"https:\/\/purecosmetics-shop.com\/wp-content\/uploads\/2025\/04\/cropped-Pure-Cosmetics-black-2.png","width":2362,"height":2324,"caption":"Pure Cosmetics"},"image":{"@id":"https:\/\/purecosmetics-shop.com\/accueil\/#\/schema\/logo\/image\/"}}]}},"jetpack_sharing_enabled":true,"_links":{"self":[{"href":"https:\/\/purecosmetics-shop.com\/accueil\/wp-json\/wp\/v2\/product\/4146","targetHints":{"allow":["GET"]}}],"collection":[{"href":"https:\/\/purecosmetics-shop.com\/accueil\/wp-json\/wp\/v2\/product"}],"about":[{"href":"https:\/\/purecosmetics-shop.com\/accueil\/wp-json\/wp\/v2\/types\/product"}],"replies":[{"embeddable":true,"href":"https:\/\/purecosmetics-shop.com\/accueil\/wp-json\/wp\/v2\/comments?post=4146"}],"version-history":[{"count":2,"href":"https:\/\/purecosmetics-shop.com\/accueil\/wp-json\/wp\/v2\/product\/4146\/revisions"}],"predecessor-version":[{"id":4455,"href":"https:\/\/purecosmetics-shop.com\/accueil\/wp-json\/wp\/v2\/product\/4146\/revisions\/4455"}],"wp:featuredmedia":[{"embeddable":true,"href":"https:\/\/purecosmetics-shop.com\/accueil\/wp-json\/wp\/v2\/media\/4147"}],"wp:attachment":[{"href":"https:\/\/purecosmetics-shop.com\/accueil\/wp-json\/wp\/v2\/media?parent=4146"}],"wp:term":[{"taxonomy":"product_brand","embeddable":true,"href":"https:\/\/purecosmetics-shop.com\/accueil\/wp-json\/wp\/v2\/product_brand?post=4146"},{"taxonomy":"product_cat","embeddable":true,"href":"https:\/\/purecosmetics-shop.com\/accueil\/wp-json\/wp\/v2\/product_cat?post=4146"},{"taxonomy":"product_tag","embeddable":true,"href":"https:\/\/purecosmetics-shop.com\/accueil\/wp-json\/wp\/v2\/product_tag?post=4146"}],"curies":[{"name":"wp","href":"https:\/\/api.w.org\/{rel}","templated":true}]}}