{"id":4120,"date":"2025-09-30T17:39:09","date_gmt":"2025-09-30T21:39:09","guid":{"rendered":"https:\/\/purecosmetics-shop.com\/accueil\/?post_type=product&#038;p=4120"},"modified":"2026-04-16T06:08:02","modified_gmt":"2026-04-16T10:08:02","slug":"lifting-collagen-wrapping-mask-jericho-rose-film","status":"publish","type":"product","link":"https:\/\/purecosmetics-shop.com\/accueil\/produit\/lifting-collagen-wrapping-mask-jericho-rose-film\/","title":{"rendered":"Lifting collagen wrapping mask Jericho rose film"},"content":{"rendered":"<p>Ce masque film am\u00e9liore l&rsquo;\u00e9lasticit\u00e9, la fermet\u00e9 et l&rsquo;\u00e9clat de la peau.<\/p>\n<p>Formul\u00e9 avec du collag\u00e8ne et des peptides pour un effet lifting.<br \/>\nInfus\u00e9 de collag\u00e8ne 300Da de tr\u00e8s faible poids mol\u00e9culaire, il p\u00e9n\u00e8tre profond\u00e9ment dans les pores pour les r\u00e9duire.<\/p>\n<p>Apportez des nutriments riches \u00e0 la peau tout en \u00e9liminant les cellules mortes.<\/p>\n<p>Sa texture cr\u00e8me-film \u00e9lastique est fournie avec une brosse en silicone.<\/p>\n<p>Test d&rsquo;irritation cutan\u00e9e effectu\u00e9.<\/p>\n","protected":false},"excerpt":{"rendered":"<p>Riche en collag\u00e8ne et peptides de faible poids mol\u00e9culaire, ce masque enveloppant liftant au collag\u00e8ne et \u00e0 la rose de J\u00e9richo stimule l&rsquo;\u00e9lasticit\u00e9 de la peau tout en minimisant les pores dilat\u00e9s.<\/p>\n<p>Ce masque cr\u00e8me-film \u00e9limine les cellules mortes pour une peau rebondie et \u00e9clatante.<\/p>\n<p>Convient aux peaux sensibles.<\/p>\n","protected":false},"featured_media":4121,"comment_status":"open","ping_status":"closed","template":"","meta":[],"product_brand":[174],"product_cat":[107,108,23],"product_tag":[],"class_list":{"0":"post-4120","1":"product","2":"type-product","3":"status-publish","4":"has-post-thumbnail","6":"product_brand-abib","7":"product_cat-anti-age-et-elasticite","8":"product_cat-anti-imperfections-et-pores","9":"product_cat-masque","11":"first","12":"instock","13":"shipping-taxable","14":"purchasable","15":"product-type-simple"},"yoast_head":"<!-- This site is optimized with the Yoast SEO plugin v27.4 - https:\/\/yoast.com\/product\/yoast-seo-wordpress\/ -->\n<title>Lifting collagen wrapping mask Jericho rose film - Pure Cosmetics<\/title>\n<meta name=\"robots\" content=\"index, follow, max-snippet:-1, max-image-preview:large, max-video-preview:-1\" \/>\n<link rel=\"canonical\" href=\"https:\/\/purecosmetics-shop.com\/accueil\/produit\/lifting-collagen-wrapping-mask-jericho-rose-film\/\" \/>\n<meta property=\"og:locale\" content=\"fr_FR\" \/>\n<meta property=\"og:type\" content=\"article\" \/>\n<meta property=\"og:title\" content=\"Lifting collagen wrapping mask Jericho rose film - Pure Cosmetics\" \/>\n<meta property=\"og:description\" content=\"Riche en collag\u00e8ne et peptides de faible poids mol\u00e9culaire, ce masque enveloppant liftant au collag\u00e8ne et \u00e0 la rose de J\u00e9richo stimule l&#039;\u00e9lasticit\u00e9 de la peau tout en minimisant les pores dilat\u00e9s.  Ce masque cr\u00e8me-film \u00e9limine les cellules mortes pour une peau rebondie et \u00e9clatante.  Convient aux peaux sensibles.\" \/>\n<meta property=\"og:url\" content=\"https:\/\/purecosmetics-shop.com\/accueil\/produit\/lifting-collagen-wrapping-mask-jericho-rose-film\/\" \/>\n<meta property=\"og:site_name\" content=\"Pure Cosmetics\" \/>\n<meta property=\"article:modified_time\" content=\"2026-04-16T10:08:02+00:00\" \/>\n<meta property=\"og:image\" content=\"https:\/\/purecosmetics-shop.com\/wp-content\/uploads\/2025\/09\/Lifting-collagen-wrapping-mask-Jericho-rose-film.webp\" \/>\n\t<meta property=\"og:image:width\" content=\"640\" \/>\n\t<meta property=\"og:image:height\" content=\"640\" \/>\n\t<meta property=\"og:image:type\" content=\"image\/webp\" \/>\n<meta name=\"twitter:card\" content=\"summary_large_image\" \/>\n<meta name=\"twitter:label1\" content=\"Dur\u00e9e de lecture estim\u00e9e\" \/>\n\t<meta name=\"twitter:data1\" content=\"1 minute\" \/>\n<script type=\"application\/ld+json\" class=\"yoast-schema-graph\">{\"@context\":\"https:\\\/\\\/schema.org\",\"@graph\":[{\"@type\":\"WebPage\",\"@id\":\"https:\\\/\\\/purecosmetics-shop.com\\\/accueil\\\/produit\\\/lifting-collagen-wrapping-mask-jericho-rose-film\\\/\",\"url\":\"https:\\\/\\\/purecosmetics-shop.com\\\/accueil\\\/produit\\\/lifting-collagen-wrapping-mask-jericho-rose-film\\\/\",\"name\":\"Lifting collagen wrapping mask Jericho rose film - Pure Cosmetics\",\"isPartOf\":{\"@id\":\"https:\\\/\\\/purecosmetics-shop.com\\\/accueil\\\/#website\"},\"primaryImageOfPage\":{\"@id\":\"https:\\\/\\\/purecosmetics-shop.com\\\/accueil\\\/produit\\\/lifting-collagen-wrapping-mask-jericho-rose-film\\\/#primaryimage\"},\"image\":{\"@id\":\"https:\\\/\\\/purecosmetics-shop.com\\\/accueil\\\/produit\\\/lifting-collagen-wrapping-mask-jericho-rose-film\\\/#primaryimage\"},\"thumbnailUrl\":\"https:\\\/\\\/purecosmetics-shop.com\\\/wp-content\\\/uploads\\\/2025\\\/09\\\/Lifting-collagen-wrapping-mask-Jericho-rose-film.webp\",\"datePublished\":\"2025-09-30T21:39:09+00:00\",\"dateModified\":\"2026-04-16T10:08:02+00:00\",\"breadcrumb\":{\"@id\":\"https:\\\/\\\/purecosmetics-shop.com\\\/accueil\\\/produit\\\/lifting-collagen-wrapping-mask-jericho-rose-film\\\/#breadcrumb\"},\"inLanguage\":\"fr-FR\",\"potentialAction\":[{\"@type\":\"ReadAction\",\"target\":[\"https:\\\/\\\/purecosmetics-shop.com\\\/accueil\\\/produit\\\/lifting-collagen-wrapping-mask-jericho-rose-film\\\/\"]}]},{\"@type\":\"ImageObject\",\"inLanguage\":\"fr-FR\",\"@id\":\"https:\\\/\\\/purecosmetics-shop.com\\\/accueil\\\/produit\\\/lifting-collagen-wrapping-mask-jericho-rose-film\\\/#primaryimage\",\"url\":\"https:\\\/\\\/purecosmetics-shop.com\\\/wp-content\\\/uploads\\\/2025\\\/09\\\/Lifting-collagen-wrapping-mask-Jericho-rose-film.webp\",\"contentUrl\":\"https:\\\/\\\/purecosmetics-shop.com\\\/wp-content\\\/uploads\\\/2025\\\/09\\\/Lifting-collagen-wrapping-mask-Jericho-rose-film.webp\",\"width\":640,\"height\":640,\"caption\":\"Lifting collagen wrapping mask Jericho rose film\"},{\"@type\":\"BreadcrumbList\",\"@id\":\"https:\\\/\\\/purecosmetics-shop.com\\\/accueil\\\/produit\\\/lifting-collagen-wrapping-mask-jericho-rose-film\\\/#breadcrumb\",\"itemListElement\":[{\"@type\":\"ListItem\",\"position\":1,\"name\":\"Accueil\",\"item\":\"https:\\\/\\\/purecosmetics-shop.com\\\/accueil\\\/\"},{\"@type\":\"ListItem\",\"position\":2,\"name\":\"NOUVEAUT\u00c9S\",\"item\":\"https:\\\/\\\/purecosmetics-shop.com\\\/accueil\\\/nouveautes\\\/\"},{\"@type\":\"ListItem\",\"position\":3,\"name\":\"Lifting collagen wrapping mask Jericho rose film\"}]},{\"@type\":\"WebSite\",\"@id\":\"https:\\\/\\\/purecosmetics-shop.com\\\/accueil\\\/#website\",\"url\":\"https:\\\/\\\/purecosmetics-shop.com\\\/accueil\\\/\",\"name\":\"Pure Cosmetics\",\"description\":\"Skincare cor\u00e9enne et japonais\",\"publisher\":{\"@id\":\"https:\\\/\\\/purecosmetics-shop.com\\\/accueil\\\/#organization\"},\"potentialAction\":[{\"@type\":\"SearchAction\",\"target\":{\"@type\":\"EntryPoint\",\"urlTemplate\":\"https:\\\/\\\/purecosmetics-shop.com\\\/accueil\\\/?s={search_term_string}\"},\"query-input\":{\"@type\":\"PropertyValueSpecification\",\"valueRequired\":true,\"valueName\":\"search_term_string\"}}],\"inLanguage\":\"fr-FR\"},{\"@type\":\"Organization\",\"@id\":\"https:\\\/\\\/purecosmetics-shop.com\\\/accueil\\\/#organization\",\"name\":\"Pure Cosmetics\",\"url\":\"https:\\\/\\\/purecosmetics-shop.com\\\/accueil\\\/\",\"logo\":{\"@type\":\"ImageObject\",\"inLanguage\":\"fr-FR\",\"@id\":\"https:\\\/\\\/purecosmetics-shop.com\\\/accueil\\\/#\\\/schema\\\/logo\\\/image\\\/\",\"url\":\"https:\\\/\\\/purecosmetics-shop.com\\\/wp-content\\\/uploads\\\/2025\\\/04\\\/cropped-Pure-Cosmetics-black-2.png\",\"contentUrl\":\"https:\\\/\\\/purecosmetics-shop.com\\\/wp-content\\\/uploads\\\/2025\\\/04\\\/cropped-Pure-Cosmetics-black-2.png\",\"width\":2362,\"height\":2324,\"caption\":\"Pure Cosmetics\"},\"image\":{\"@id\":\"https:\\\/\\\/purecosmetics-shop.com\\\/accueil\\\/#\\\/schema\\\/logo\\\/image\\\/\"}}]}<\/script>\n<!-- \/ Yoast SEO plugin. -->","yoast_head_json":{"title":"Lifting collagen wrapping mask Jericho rose film - Pure Cosmetics","robots":{"index":"index","follow":"follow","max-snippet":"max-snippet:-1","max-image-preview":"max-image-preview:large","max-video-preview":"max-video-preview:-1"},"canonical":"https:\/\/purecosmetics-shop.com\/accueil\/produit\/lifting-collagen-wrapping-mask-jericho-rose-film\/","og_locale":"fr_FR","og_type":"article","og_title":"Lifting collagen wrapping mask Jericho rose film - Pure Cosmetics","og_description":"Riche en collag\u00e8ne et peptides de faible poids mol\u00e9culaire, ce masque enveloppant liftant au collag\u00e8ne et \u00e0 la rose de J\u00e9richo stimule l'\u00e9lasticit\u00e9 de la peau tout en minimisant les pores dilat\u00e9s.  Ce masque cr\u00e8me-film \u00e9limine les cellules mortes pour une peau rebondie et \u00e9clatante.  Convient aux peaux sensibles.","og_url":"https:\/\/purecosmetics-shop.com\/accueil\/produit\/lifting-collagen-wrapping-mask-jericho-rose-film\/","og_site_name":"Pure Cosmetics","article_modified_time":"2026-04-16T10:08:02+00:00","og_image":[{"width":640,"height":640,"url":"https:\/\/purecosmetics-shop.com\/wp-content\/uploads\/2025\/09\/Lifting-collagen-wrapping-mask-Jericho-rose-film.webp","type":"image\/webp"}],"twitter_card":"summary_large_image","twitter_misc":{"Dur\u00e9e de lecture estim\u00e9e":"1 minute"},"schema":{"@context":"https:\/\/schema.org","@graph":[{"@type":"WebPage","@id":"https:\/\/purecosmetics-shop.com\/accueil\/produit\/lifting-collagen-wrapping-mask-jericho-rose-film\/","url":"https:\/\/purecosmetics-shop.com\/accueil\/produit\/lifting-collagen-wrapping-mask-jericho-rose-film\/","name":"Lifting collagen wrapping mask Jericho rose film - Pure Cosmetics","isPartOf":{"@id":"https:\/\/purecosmetics-shop.com\/accueil\/#website"},"primaryImageOfPage":{"@id":"https:\/\/purecosmetics-shop.com\/accueil\/produit\/lifting-collagen-wrapping-mask-jericho-rose-film\/#primaryimage"},"image":{"@id":"https:\/\/purecosmetics-shop.com\/accueil\/produit\/lifting-collagen-wrapping-mask-jericho-rose-film\/#primaryimage"},"thumbnailUrl":"https:\/\/purecosmetics-shop.com\/wp-content\/uploads\/2025\/09\/Lifting-collagen-wrapping-mask-Jericho-rose-film.webp","datePublished":"2025-09-30T21:39:09+00:00","dateModified":"2026-04-16T10:08:02+00:00","breadcrumb":{"@id":"https:\/\/purecosmetics-shop.com\/accueil\/produit\/lifting-collagen-wrapping-mask-jericho-rose-film\/#breadcrumb"},"inLanguage":"fr-FR","potentialAction":[{"@type":"ReadAction","target":["https:\/\/purecosmetics-shop.com\/accueil\/produit\/lifting-collagen-wrapping-mask-jericho-rose-film\/"]}]},{"@type":"ImageObject","inLanguage":"fr-FR","@id":"https:\/\/purecosmetics-shop.com\/accueil\/produit\/lifting-collagen-wrapping-mask-jericho-rose-film\/#primaryimage","url":"https:\/\/purecosmetics-shop.com\/wp-content\/uploads\/2025\/09\/Lifting-collagen-wrapping-mask-Jericho-rose-film.webp","contentUrl":"https:\/\/purecosmetics-shop.com\/wp-content\/uploads\/2025\/09\/Lifting-collagen-wrapping-mask-Jericho-rose-film.webp","width":640,"height":640,"caption":"Lifting collagen wrapping mask Jericho rose film"},{"@type":"BreadcrumbList","@id":"https:\/\/purecosmetics-shop.com\/accueil\/produit\/lifting-collagen-wrapping-mask-jericho-rose-film\/#breadcrumb","itemListElement":[{"@type":"ListItem","position":1,"name":"Accueil","item":"https:\/\/purecosmetics-shop.com\/accueil\/"},{"@type":"ListItem","position":2,"name":"NOUVEAUT\u00c9S","item":"https:\/\/purecosmetics-shop.com\/accueil\/nouveautes\/"},{"@type":"ListItem","position":3,"name":"Lifting collagen wrapping mask Jericho rose film"}]},{"@type":"WebSite","@id":"https:\/\/purecosmetics-shop.com\/accueil\/#website","url":"https:\/\/purecosmetics-shop.com\/accueil\/","name":"Pure Cosmetics","description":"Skincare cor\u00e9enne et japonais","publisher":{"@id":"https:\/\/purecosmetics-shop.com\/accueil\/#organization"},"potentialAction":[{"@type":"SearchAction","target":{"@type":"EntryPoint","urlTemplate":"https:\/\/purecosmetics-shop.com\/accueil\/?s={search_term_string}"},"query-input":{"@type":"PropertyValueSpecification","valueRequired":true,"valueName":"search_term_string"}}],"inLanguage":"fr-FR"},{"@type":"Organization","@id":"https:\/\/purecosmetics-shop.com\/accueil\/#organization","name":"Pure Cosmetics","url":"https:\/\/purecosmetics-shop.com\/accueil\/","logo":{"@type":"ImageObject","inLanguage":"fr-FR","@id":"https:\/\/purecosmetics-shop.com\/accueil\/#\/schema\/logo\/image\/","url":"https:\/\/purecosmetics-shop.com\/wp-content\/uploads\/2025\/04\/cropped-Pure-Cosmetics-black-2.png","contentUrl":"https:\/\/purecosmetics-shop.com\/wp-content\/uploads\/2025\/04\/cropped-Pure-Cosmetics-black-2.png","width":2362,"height":2324,"caption":"Pure Cosmetics"},"image":{"@id":"https:\/\/purecosmetics-shop.com\/accueil\/#\/schema\/logo\/image\/"}}]}},"jetpack_sharing_enabled":true,"_links":{"self":[{"href":"https:\/\/purecosmetics-shop.com\/accueil\/wp-json\/wp\/v2\/product\/4120","targetHints":{"allow":["GET"]}}],"collection":[{"href":"https:\/\/purecosmetics-shop.com\/accueil\/wp-json\/wp\/v2\/product"}],"about":[{"href":"https:\/\/purecosmetics-shop.com\/accueil\/wp-json\/wp\/v2\/types\/product"}],"replies":[{"embeddable":true,"href":"https:\/\/purecosmetics-shop.com\/accueil\/wp-json\/wp\/v2\/comments?post=4120"}],"version-history":[{"count":3,"href":"https:\/\/purecosmetics-shop.com\/accueil\/wp-json\/wp\/v2\/product\/4120\/revisions"}],"predecessor-version":[{"id":4460,"href":"https:\/\/purecosmetics-shop.com\/accueil\/wp-json\/wp\/v2\/product\/4120\/revisions\/4460"}],"wp:featuredmedia":[{"embeddable":true,"href":"https:\/\/purecosmetics-shop.com\/accueil\/wp-json\/wp\/v2\/media\/4121"}],"wp:attachment":[{"href":"https:\/\/purecosmetics-shop.com\/accueil\/wp-json\/wp\/v2\/media?parent=4120"}],"wp:term":[{"taxonomy":"product_brand","embeddable":true,"href":"https:\/\/purecosmetics-shop.com\/accueil\/wp-json\/wp\/v2\/product_brand?post=4120"},{"taxonomy":"product_cat","embeddable":true,"href":"https:\/\/purecosmetics-shop.com\/accueil\/wp-json\/wp\/v2\/product_cat?post=4120"},{"taxonomy":"product_tag","embeddable":true,"href":"https:\/\/purecosmetics-shop.com\/accueil\/wp-json\/wp\/v2\/product_tag?post=4120"}],"curies":[{"name":"wp","href":"https:\/\/api.w.org\/{rel}","templated":true}]}}