{"id":3857,"date":"2025-07-29T11:14:45","date_gmt":"2025-07-29T15:14:45","guid":{"rendered":"https:\/\/purecosmetics-shop.com\/accueil\/?post_type=product&#038;p=3857"},"modified":"2026-04-19T03:45:42","modified_gmt":"2026-04-19T07:45:42","slug":"scalpy-hair-serum","status":"publish","type":"product","link":"https:\/\/purecosmetics-shop.com\/accueil\/produit\/scalpy-hair-serum\/","title":{"rendered":"Scalpy Hair Serum"},"content":{"rendered":"<p>Mode d&#8217;emploi: Apr\u00e8s avoir bien agit\u00e9 le produit, appliquez une quantit\u00e9 ad\u00e9quate sur le cuir chevelu et massez avec les doigts pour une meilleure absorption. Peut \u00eatre utilis\u00e9 quotidiennement. Massez d\u00e9licatement le long de la raie.<\/p>\n","protected":false},"excerpt":{"rendered":"<p>Test\u00e9 cliniquement pour r\u00e9activer les follicules dormants, inverser et pr\u00e9venir la chute des cheveux, pour des cheveux plus \u00e9pais et plus volumineux. La k\u00e9ratine hydrolys\u00e9e renforce les racines et pr\u00e9vient la chute des cheveux.<\/p>\n<p>L&rsquo;acide salicylique, le dex-panth\u00e9nol et le L-menthol, associ\u00e9s \u00e0 l&rsquo;eau de glacier riche en min\u00e9raux, renforcent les racines et acc\u00e9l\u00e8rent la pousse des cheveux, exfolie en douceur les cellules mortes et d\u00e9sincruste les follicules, r\u00e9duisant ainsi les pellicules.<\/p>\n<p>Soin rafra\u00eechissant et non gras pour le cuir chevelu: Apaisez votre cuir chevelu irrit\u00e9 gr\u00e2ce \u00e0 ce s\u00e9rum capillaire formul\u00e9 \u00e0 base de dexpanth\u00e9nol pour un effet apaisant et de L-menthol pour une sensation de fra\u00eecheur.<\/p>\n<p>Un applicateur massant \u00e0 bille m\u00e9tallique d\u00e9livre la formule directement aux racines, stimulant la circulation sanguine et assurant une p\u00e9n\u00e9tration en profondeur, pour de meilleurs r\u00e9sultats.<\/p>\n<p>Sa formule unisexe convient \u00e0 tous les types de cheveux.<\/p>\n<p>&nbsp;<\/p>\n","protected":false},"featured_media":3948,"comment_status":"open","ping_status":"closed","template":"","meta":[],"product_brand":[200],"product_cat":[135,21],"product_tag":[],"class_list":{"0":"post-3857","1":"product","2":"type-product","3":"status-publish","4":"has-post-thumbnail","6":"product_brand-seapuri","7":"product_cat-haircare","8":"product_cat-serum","10":"first","11":"instock","12":"shipping-taxable","13":"purchasable","14":"product-type-simple"},"yoast_head":"<!-- This site is optimized with the Yoast SEO plugin v27.4 - https:\/\/yoast.com\/product\/yoast-seo-wordpress\/ -->\n<title>Scalpy Hair Serum - Pure Cosmetics<\/title>\n<meta name=\"robots\" content=\"index, follow, max-snippet:-1, max-image-preview:large, max-video-preview:-1\" \/>\n<link rel=\"canonical\" href=\"https:\/\/purecosmetics-shop.com\/accueil\/produit\/scalpy-hair-serum\/\" \/>\n<meta property=\"og:locale\" content=\"fr_FR\" \/>\n<meta property=\"og:type\" content=\"article\" \/>\n<meta property=\"og:title\" content=\"Scalpy Hair Serum - Pure Cosmetics\" \/>\n<meta property=\"og:description\" content=\"Test\u00e9 cliniquement pour r\u00e9activer les follicules dormants, inverser et pr\u00e9venir la chute des cheveux, pour des cheveux plus \u00e9pais et plus volumineux. La k\u00e9ratine hydrolys\u00e9e renforce les racines et pr\u00e9vient la chute des cheveux.  L&#039;acide salicylique, le dex-panth\u00e9nol et le L-menthol, associ\u00e9s \u00e0 l&#039;eau de glacier riche en min\u00e9raux, renforcent les racines et acc\u00e9l\u00e8rent la pousse des cheveux, exfolie en douceur les cellules mortes et d\u00e9sincruste les follicules, r\u00e9duisant ainsi les pellicules.  Soin rafra\u00eechissant et non gras pour le cuir chevelu: Apaisez votre cuir chevelu irrit\u00e9 gr\u00e2ce \u00e0 ce s\u00e9rum capillaire formul\u00e9 \u00e0 base de dexpanth\u00e9nol pour un effet apaisant et de L-menthol pour une sensation de fra\u00eecheur.  Un applicateur massant \u00e0 bille m\u00e9tallique d\u00e9livre la formule directement aux racines, stimulant la circulation sanguine et assurant une p\u00e9n\u00e9tration en profondeur, pour de meilleurs r\u00e9sultats.  Sa formule unisexe convient \u00e0 tous les types de cheveux.  &nbsp;\" \/>\n<meta property=\"og:url\" content=\"https:\/\/purecosmetics-shop.com\/accueil\/produit\/scalpy-hair-serum\/\" \/>\n<meta property=\"og:site_name\" content=\"Pure Cosmetics\" \/>\n<meta property=\"article:modified_time\" content=\"2026-04-19T07:45:42+00:00\" \/>\n<meta property=\"og:image\" content=\"https:\/\/purecosmetics-shop.com\/wp-content\/uploads\/2025\/07\/Seapuri_scalpy_hair_serum-scaled.webp\" \/>\n\t<meta property=\"og:image:width\" content=\"2431\" \/>\n\t<meta property=\"og:image:height\" content=\"2560\" \/>\n\t<meta property=\"og:image:type\" content=\"image\/webp\" \/>\n<meta name=\"twitter:card\" content=\"summary_large_image\" \/>\n<meta name=\"twitter:label1\" content=\"Dur\u00e9e de lecture estim\u00e9e\" \/>\n\t<meta name=\"twitter:data1\" content=\"1 minute\" \/>\n<script type=\"application\/ld+json\" class=\"yoast-schema-graph\">{\"@context\":\"https:\\\/\\\/schema.org\",\"@graph\":[{\"@type\":\"WebPage\",\"@id\":\"https:\\\/\\\/purecosmetics-shop.com\\\/accueil\\\/produit\\\/scalpy-hair-serum\\\/\",\"url\":\"https:\\\/\\\/purecosmetics-shop.com\\\/accueil\\\/produit\\\/scalpy-hair-serum\\\/\",\"name\":\"Scalpy Hair Serum - Pure Cosmetics\",\"isPartOf\":{\"@id\":\"https:\\\/\\\/purecosmetics-shop.com\\\/accueil\\\/#website\"},\"primaryImageOfPage\":{\"@id\":\"https:\\\/\\\/purecosmetics-shop.com\\\/accueil\\\/produit\\\/scalpy-hair-serum\\\/#primaryimage\"},\"image\":{\"@id\":\"https:\\\/\\\/purecosmetics-shop.com\\\/accueil\\\/produit\\\/scalpy-hair-serum\\\/#primaryimage\"},\"thumbnailUrl\":\"https:\\\/\\\/purecosmetics-shop.com\\\/wp-content\\\/uploads\\\/2025\\\/07\\\/Seapuri_scalpy_hair_serum-scaled.webp\",\"datePublished\":\"2025-07-29T15:14:45+00:00\",\"dateModified\":\"2026-04-19T07:45:42+00:00\",\"breadcrumb\":{\"@id\":\"https:\\\/\\\/purecosmetics-shop.com\\\/accueil\\\/produit\\\/scalpy-hair-serum\\\/#breadcrumb\"},\"inLanguage\":\"fr-FR\",\"potentialAction\":[{\"@type\":\"ReadAction\",\"target\":[\"https:\\\/\\\/purecosmetics-shop.com\\\/accueil\\\/produit\\\/scalpy-hair-serum\\\/\"]}]},{\"@type\":\"ImageObject\",\"inLanguage\":\"fr-FR\",\"@id\":\"https:\\\/\\\/purecosmetics-shop.com\\\/accueil\\\/produit\\\/scalpy-hair-serum\\\/#primaryimage\",\"url\":\"https:\\\/\\\/purecosmetics-shop.com\\\/wp-content\\\/uploads\\\/2025\\\/07\\\/Seapuri_scalpy_hair_serum-scaled.webp\",\"contentUrl\":\"https:\\\/\\\/purecosmetics-shop.com\\\/wp-content\\\/uploads\\\/2025\\\/07\\\/Seapuri_scalpy_hair_serum-scaled.webp\",\"width\":2431,\"height\":2560},{\"@type\":\"BreadcrumbList\",\"@id\":\"https:\\\/\\\/purecosmetics-shop.com\\\/accueil\\\/produit\\\/scalpy-hair-serum\\\/#breadcrumb\",\"itemListElement\":[{\"@type\":\"ListItem\",\"position\":1,\"name\":\"Accueil\",\"item\":\"https:\\\/\\\/purecosmetics-shop.com\\\/accueil\\\/\"},{\"@type\":\"ListItem\",\"position\":2,\"name\":\"NOUVEAUT\u00c9S\",\"item\":\"https:\\\/\\\/purecosmetics-shop.com\\\/accueil\\\/nouveautes\\\/\"},{\"@type\":\"ListItem\",\"position\":3,\"name\":\"Scalpy Hair Serum\"}]},{\"@type\":\"WebSite\",\"@id\":\"https:\\\/\\\/purecosmetics-shop.com\\\/accueil\\\/#website\",\"url\":\"https:\\\/\\\/purecosmetics-shop.com\\\/accueil\\\/\",\"name\":\"Pure Cosmetics\",\"description\":\"Skincare cor\u00e9enne et japonais\",\"publisher\":{\"@id\":\"https:\\\/\\\/purecosmetics-shop.com\\\/accueil\\\/#organization\"},\"potentialAction\":[{\"@type\":\"SearchAction\",\"target\":{\"@type\":\"EntryPoint\",\"urlTemplate\":\"https:\\\/\\\/purecosmetics-shop.com\\\/accueil\\\/?s={search_term_string}\"},\"query-input\":{\"@type\":\"PropertyValueSpecification\",\"valueRequired\":true,\"valueName\":\"search_term_string\"}}],\"inLanguage\":\"fr-FR\"},{\"@type\":\"Organization\",\"@id\":\"https:\\\/\\\/purecosmetics-shop.com\\\/accueil\\\/#organization\",\"name\":\"Pure Cosmetics\",\"url\":\"https:\\\/\\\/purecosmetics-shop.com\\\/accueil\\\/\",\"logo\":{\"@type\":\"ImageObject\",\"inLanguage\":\"fr-FR\",\"@id\":\"https:\\\/\\\/purecosmetics-shop.com\\\/accueil\\\/#\\\/schema\\\/logo\\\/image\\\/\",\"url\":\"https:\\\/\\\/purecosmetics-shop.com\\\/wp-content\\\/uploads\\\/2025\\\/04\\\/cropped-Pure-Cosmetics-black-2.png\",\"contentUrl\":\"https:\\\/\\\/purecosmetics-shop.com\\\/wp-content\\\/uploads\\\/2025\\\/04\\\/cropped-Pure-Cosmetics-black-2.png\",\"width\":2362,\"height\":2324,\"caption\":\"Pure Cosmetics\"},\"image\":{\"@id\":\"https:\\\/\\\/purecosmetics-shop.com\\\/accueil\\\/#\\\/schema\\\/logo\\\/image\\\/\"}}]}<\/script>\n<!-- \/ Yoast SEO plugin. -->","yoast_head_json":{"title":"Scalpy Hair Serum - Pure Cosmetics","robots":{"index":"index","follow":"follow","max-snippet":"max-snippet:-1","max-image-preview":"max-image-preview:large","max-video-preview":"max-video-preview:-1"},"canonical":"https:\/\/purecosmetics-shop.com\/accueil\/produit\/scalpy-hair-serum\/","og_locale":"fr_FR","og_type":"article","og_title":"Scalpy Hair Serum - Pure Cosmetics","og_description":"Test\u00e9 cliniquement pour r\u00e9activer les follicules dormants, inverser et pr\u00e9venir la chute des cheveux, pour des cheveux plus \u00e9pais et plus volumineux. La k\u00e9ratine hydrolys\u00e9e renforce les racines et pr\u00e9vient la chute des cheveux.  L'acide salicylique, le dex-panth\u00e9nol et le L-menthol, associ\u00e9s \u00e0 l'eau de glacier riche en min\u00e9raux, renforcent les racines et acc\u00e9l\u00e8rent la pousse des cheveux, exfolie en douceur les cellules mortes et d\u00e9sincruste les follicules, r\u00e9duisant ainsi les pellicules.  Soin rafra\u00eechissant et non gras pour le cuir chevelu: Apaisez votre cuir chevelu irrit\u00e9 gr\u00e2ce \u00e0 ce s\u00e9rum capillaire formul\u00e9 \u00e0 base de dexpanth\u00e9nol pour un effet apaisant et de L-menthol pour une sensation de fra\u00eecheur.  Un applicateur massant \u00e0 bille m\u00e9tallique d\u00e9livre la formule directement aux racines, stimulant la circulation sanguine et assurant une p\u00e9n\u00e9tration en profondeur, pour de meilleurs r\u00e9sultats.  Sa formule unisexe convient \u00e0 tous les types de cheveux.  &nbsp;","og_url":"https:\/\/purecosmetics-shop.com\/accueil\/produit\/scalpy-hair-serum\/","og_site_name":"Pure Cosmetics","article_modified_time":"2026-04-19T07:45:42+00:00","og_image":[{"width":2431,"height":2560,"url":"https:\/\/purecosmetics-shop.com\/wp-content\/uploads\/2025\/07\/Seapuri_scalpy_hair_serum-scaled.webp","type":"image\/webp"}],"twitter_card":"summary_large_image","twitter_misc":{"Dur\u00e9e de lecture estim\u00e9e":"1 minute"},"schema":{"@context":"https:\/\/schema.org","@graph":[{"@type":"WebPage","@id":"https:\/\/purecosmetics-shop.com\/accueil\/produit\/scalpy-hair-serum\/","url":"https:\/\/purecosmetics-shop.com\/accueil\/produit\/scalpy-hair-serum\/","name":"Scalpy Hair Serum - Pure Cosmetics","isPartOf":{"@id":"https:\/\/purecosmetics-shop.com\/accueil\/#website"},"primaryImageOfPage":{"@id":"https:\/\/purecosmetics-shop.com\/accueil\/produit\/scalpy-hair-serum\/#primaryimage"},"image":{"@id":"https:\/\/purecosmetics-shop.com\/accueil\/produit\/scalpy-hair-serum\/#primaryimage"},"thumbnailUrl":"https:\/\/purecosmetics-shop.com\/wp-content\/uploads\/2025\/07\/Seapuri_scalpy_hair_serum-scaled.webp","datePublished":"2025-07-29T15:14:45+00:00","dateModified":"2026-04-19T07:45:42+00:00","breadcrumb":{"@id":"https:\/\/purecosmetics-shop.com\/accueil\/produit\/scalpy-hair-serum\/#breadcrumb"},"inLanguage":"fr-FR","potentialAction":[{"@type":"ReadAction","target":["https:\/\/purecosmetics-shop.com\/accueil\/produit\/scalpy-hair-serum\/"]}]},{"@type":"ImageObject","inLanguage":"fr-FR","@id":"https:\/\/purecosmetics-shop.com\/accueil\/produit\/scalpy-hair-serum\/#primaryimage","url":"https:\/\/purecosmetics-shop.com\/wp-content\/uploads\/2025\/07\/Seapuri_scalpy_hair_serum-scaled.webp","contentUrl":"https:\/\/purecosmetics-shop.com\/wp-content\/uploads\/2025\/07\/Seapuri_scalpy_hair_serum-scaled.webp","width":2431,"height":2560},{"@type":"BreadcrumbList","@id":"https:\/\/purecosmetics-shop.com\/accueil\/produit\/scalpy-hair-serum\/#breadcrumb","itemListElement":[{"@type":"ListItem","position":1,"name":"Accueil","item":"https:\/\/purecosmetics-shop.com\/accueil\/"},{"@type":"ListItem","position":2,"name":"NOUVEAUT\u00c9S","item":"https:\/\/purecosmetics-shop.com\/accueil\/nouveautes\/"},{"@type":"ListItem","position":3,"name":"Scalpy Hair Serum"}]},{"@type":"WebSite","@id":"https:\/\/purecosmetics-shop.com\/accueil\/#website","url":"https:\/\/purecosmetics-shop.com\/accueil\/","name":"Pure Cosmetics","description":"Skincare cor\u00e9enne et japonais","publisher":{"@id":"https:\/\/purecosmetics-shop.com\/accueil\/#organization"},"potentialAction":[{"@type":"SearchAction","target":{"@type":"EntryPoint","urlTemplate":"https:\/\/purecosmetics-shop.com\/accueil\/?s={search_term_string}"},"query-input":{"@type":"PropertyValueSpecification","valueRequired":true,"valueName":"search_term_string"}}],"inLanguage":"fr-FR"},{"@type":"Organization","@id":"https:\/\/purecosmetics-shop.com\/accueil\/#organization","name":"Pure Cosmetics","url":"https:\/\/purecosmetics-shop.com\/accueil\/","logo":{"@type":"ImageObject","inLanguage":"fr-FR","@id":"https:\/\/purecosmetics-shop.com\/accueil\/#\/schema\/logo\/image\/","url":"https:\/\/purecosmetics-shop.com\/wp-content\/uploads\/2025\/04\/cropped-Pure-Cosmetics-black-2.png","contentUrl":"https:\/\/purecosmetics-shop.com\/wp-content\/uploads\/2025\/04\/cropped-Pure-Cosmetics-black-2.png","width":2362,"height":2324,"caption":"Pure Cosmetics"},"image":{"@id":"https:\/\/purecosmetics-shop.com\/accueil\/#\/schema\/logo\/image\/"}}]}},"jetpack_sharing_enabled":true,"_links":{"self":[{"href":"https:\/\/purecosmetics-shop.com\/accueil\/wp-json\/wp\/v2\/product\/3857","targetHints":{"allow":["GET"]}}],"collection":[{"href":"https:\/\/purecosmetics-shop.com\/accueil\/wp-json\/wp\/v2\/product"}],"about":[{"href":"https:\/\/purecosmetics-shop.com\/accueil\/wp-json\/wp\/v2\/types\/product"}],"replies":[{"embeddable":true,"href":"https:\/\/purecosmetics-shop.com\/accueil\/wp-json\/wp\/v2\/comments?post=3857"}],"version-history":[{"count":3,"href":"https:\/\/purecosmetics-shop.com\/accueil\/wp-json\/wp\/v2\/product\/3857\/revisions"}],"predecessor-version":[{"id":3947,"href":"https:\/\/purecosmetics-shop.com\/accueil\/wp-json\/wp\/v2\/product\/3857\/revisions\/3947"}],"wp:featuredmedia":[{"embeddable":true,"href":"https:\/\/purecosmetics-shop.com\/accueil\/wp-json\/wp\/v2\/media\/3948"}],"wp:attachment":[{"href":"https:\/\/purecosmetics-shop.com\/accueil\/wp-json\/wp\/v2\/media?parent=3857"}],"wp:term":[{"taxonomy":"product_brand","embeddable":true,"href":"https:\/\/purecosmetics-shop.com\/accueil\/wp-json\/wp\/v2\/product_brand?post=3857"},{"taxonomy":"product_cat","embeddable":true,"href":"https:\/\/purecosmetics-shop.com\/accueil\/wp-json\/wp\/v2\/product_cat?post=3857"},{"taxonomy":"product_tag","embeddable":true,"href":"https:\/\/purecosmetics-shop.com\/accueil\/wp-json\/wp\/v2\/product_tag?post=3857"}],"curies":[{"name":"wp","href":"https:\/\/api.w.org\/{rel}","templated":true}]}}