{"id":3851,"date":"2025-07-29T11:14:24","date_gmt":"2025-07-29T15:14:24","guid":{"rendered":"https:\/\/purecosmetics-shop.com\/accueil\/?post_type=product&#038;p=3851"},"modified":"2026-04-17T01:15:32","modified_gmt":"2026-04-17T05:15:32","slug":"seoul-1988-serum-retinal-liposome-2-black-ginseng","status":"publish","type":"product","link":"https:\/\/purecosmetics-shop.com\/accueil\/produit\/seoul-1988-serum-retinal-liposome-2-black-ginseng\/","title":{"rendered":"SEOUL 1988 Serum : Retinal Liposome 2% + Black Ginseng"},"content":{"rendered":"<p>Ce s\u00e9rum anti-\u00e2ge est enrichi de 2 % de liposomes de r\u00e9tinal pour lutter contre les rides et la pigmentation, ainsi que de 58 % d&rsquo;extrait de ginseng noir aux propri\u00e9t\u00e9s antioxydantes, anti-inflammatoires et stimulantes du collag\u00e8ne.<\/p>\n<p>Id\u00e9al pour les peaux matures, ce s\u00e9rum aide \u00e0 att\u00e9nuer les signes de l&rsquo;\u00e2ge et \u00e0 am\u00e9liorer l&rsquo;\u00e9lasticit\u00e9 de la peau.<\/p>\n","protected":false},"excerpt":{"rendered":"<p>Ce s\u00e9rum anti-\u00e2ge est enrichi de 2 % de liposomes de r\u00e9tinal pour lutter contre les rides et la pigmentation, ainsi que de 58 % d&rsquo;extrait de ginseng noir aux propri\u00e9t\u00e9s antioxydantes, anti-inflammatoires et stimulantes du collag\u00e8ne.<\/p>\n<p>Id\u00e9al pour les peaux matures, ce s\u00e9rum aide \u00e0 att\u00e9nuer les signes de l&rsquo;\u00e2ge et \u00e0 am\u00e9liorer l&rsquo;\u00e9lasticit\u00e9 de la peau.<\/p>\n","protected":false},"featured_media":3855,"comment_status":"open","ping_status":"closed","template":"","meta":[],"product_brand":[199],"product_cat":[107,21],"product_tag":[],"class_list":{"0":"post-3851","1":"product","2":"type-product","3":"status-publish","4":"has-post-thumbnail","6":"product_brand-ksecret","7":"product_cat-anti-age-et-elasticite","8":"product_cat-serum","10":"first","11":"instock","12":"shipping-taxable","13":"purchasable","14":"product-type-simple"},"yoast_head":"<!-- This site is optimized with the Yoast SEO plugin v27.4 - https:\/\/yoast.com\/product\/yoast-seo-wordpress\/ -->\n<title>SEOUL 1988 Serum : Retinal Liposome 2% + Black Ginseng - Pure Cosmetics<\/title>\n<meta name=\"robots\" content=\"index, follow, max-snippet:-1, max-image-preview:large, max-video-preview:-1\" \/>\n<link rel=\"canonical\" href=\"https:\/\/purecosmetics-shop.com\/accueil\/produit\/seoul-1988-serum-retinal-liposome-2-black-ginseng\/\" \/>\n<meta property=\"og:locale\" content=\"fr_FR\" \/>\n<meta property=\"og:type\" content=\"article\" \/>\n<meta property=\"og:title\" content=\"SEOUL 1988 Serum : Retinal Liposome 2% + Black Ginseng - Pure Cosmetics\" \/>\n<meta property=\"og:description\" content=\"Ce s\u00e9rum anti-\u00e2ge est enrichi de 2 % de liposomes de r\u00e9tinal pour lutter contre les rides et la pigmentation, ainsi que de 58 % d&#039;extrait de ginseng noir aux propri\u00e9t\u00e9s antioxydantes, anti-inflammatoires et stimulantes du collag\u00e8ne.  Id\u00e9al pour les peaux matures, ce s\u00e9rum aide \u00e0 att\u00e9nuer les signes de l&#039;\u00e2ge et \u00e0 am\u00e9liorer l&#039;\u00e9lasticit\u00e9 de la peau.\" \/>\n<meta property=\"og:url\" content=\"https:\/\/purecosmetics-shop.com\/accueil\/produit\/seoul-1988-serum-retinal-liposome-2-black-ginseng\/\" \/>\n<meta property=\"og:site_name\" content=\"Pure Cosmetics\" \/>\n<meta property=\"article:modified_time\" content=\"2026-04-17T05:15:32+00:00\" \/>\n<meta property=\"og:image\" content=\"https:\/\/purecosmetics-shop.com\/wp-content\/uploads\/2025\/07\/k-secret-retinal-liposome-2-black-ginseng.webp\" \/>\n\t<meta property=\"og:image:width\" content=\"1080\" \/>\n\t<meta property=\"og:image:height\" content=\"1080\" \/>\n\t<meta property=\"og:image:type\" content=\"image\/webp\" \/>\n<meta name=\"twitter:card\" content=\"summary_large_image\" \/>\n<meta name=\"twitter:label1\" content=\"Dur\u00e9e de lecture estim\u00e9e\" \/>\n\t<meta name=\"twitter:data1\" content=\"1 minute\" \/>\n<script type=\"application\/ld+json\" class=\"yoast-schema-graph\">{\"@context\":\"https:\\\/\\\/schema.org\",\"@graph\":[{\"@type\":\"WebPage\",\"@id\":\"https:\\\/\\\/purecosmetics-shop.com\\\/accueil\\\/produit\\\/seoul-1988-serum-retinal-liposome-2-black-ginseng\\\/\",\"url\":\"https:\\\/\\\/purecosmetics-shop.com\\\/accueil\\\/produit\\\/seoul-1988-serum-retinal-liposome-2-black-ginseng\\\/\",\"name\":\"SEOUL 1988 Serum : Retinal Liposome 2% + Black Ginseng - Pure Cosmetics\",\"isPartOf\":{\"@id\":\"https:\\\/\\\/purecosmetics-shop.com\\\/accueil\\\/#website\"},\"primaryImageOfPage\":{\"@id\":\"https:\\\/\\\/purecosmetics-shop.com\\\/accueil\\\/produit\\\/seoul-1988-serum-retinal-liposome-2-black-ginseng\\\/#primaryimage\"},\"image\":{\"@id\":\"https:\\\/\\\/purecosmetics-shop.com\\\/accueil\\\/produit\\\/seoul-1988-serum-retinal-liposome-2-black-ginseng\\\/#primaryimage\"},\"thumbnailUrl\":\"https:\\\/\\\/purecosmetics-shop.com\\\/wp-content\\\/uploads\\\/2025\\\/07\\\/k-secret-retinal-liposome-2-black-ginseng.webp\",\"datePublished\":\"2025-07-29T15:14:24+00:00\",\"dateModified\":\"2026-04-17T05:15:32+00:00\",\"breadcrumb\":{\"@id\":\"https:\\\/\\\/purecosmetics-shop.com\\\/accueil\\\/produit\\\/seoul-1988-serum-retinal-liposome-2-black-ginseng\\\/#breadcrumb\"},\"inLanguage\":\"fr-FR\",\"potentialAction\":[{\"@type\":\"ReadAction\",\"target\":[\"https:\\\/\\\/purecosmetics-shop.com\\\/accueil\\\/produit\\\/seoul-1988-serum-retinal-liposome-2-black-ginseng\\\/\"]}]},{\"@type\":\"ImageObject\",\"inLanguage\":\"fr-FR\",\"@id\":\"https:\\\/\\\/purecosmetics-shop.com\\\/accueil\\\/produit\\\/seoul-1988-serum-retinal-liposome-2-black-ginseng\\\/#primaryimage\",\"url\":\"https:\\\/\\\/purecosmetics-shop.com\\\/wp-content\\\/uploads\\\/2025\\\/07\\\/k-secret-retinal-liposome-2-black-ginseng.webp\",\"contentUrl\":\"https:\\\/\\\/purecosmetics-shop.com\\\/wp-content\\\/uploads\\\/2025\\\/07\\\/k-secret-retinal-liposome-2-black-ginseng.webp\",\"width\":1080,\"height\":1080},{\"@type\":\"BreadcrumbList\",\"@id\":\"https:\\\/\\\/purecosmetics-shop.com\\\/accueil\\\/produit\\\/seoul-1988-serum-retinal-liposome-2-black-ginseng\\\/#breadcrumb\",\"itemListElement\":[{\"@type\":\"ListItem\",\"position\":1,\"name\":\"Accueil\",\"item\":\"https:\\\/\\\/purecosmetics-shop.com\\\/accueil\\\/\"},{\"@type\":\"ListItem\",\"position\":2,\"name\":\"NOUVEAUT\u00c9S\",\"item\":\"https:\\\/\\\/purecosmetics-shop.com\\\/accueil\\\/nouveautes\\\/\"},{\"@type\":\"ListItem\",\"position\":3,\"name\":\"SEOUL 1988 Serum : Retinal Liposome 2% + Black Ginseng\"}]},{\"@type\":\"WebSite\",\"@id\":\"https:\\\/\\\/purecosmetics-shop.com\\\/accueil\\\/#website\",\"url\":\"https:\\\/\\\/purecosmetics-shop.com\\\/accueil\\\/\",\"name\":\"Pure Cosmetics\",\"description\":\"Skincare cor\u00e9enne et japonais\",\"publisher\":{\"@id\":\"https:\\\/\\\/purecosmetics-shop.com\\\/accueil\\\/#organization\"},\"potentialAction\":[{\"@type\":\"SearchAction\",\"target\":{\"@type\":\"EntryPoint\",\"urlTemplate\":\"https:\\\/\\\/purecosmetics-shop.com\\\/accueil\\\/?s={search_term_string}\"},\"query-input\":{\"@type\":\"PropertyValueSpecification\",\"valueRequired\":true,\"valueName\":\"search_term_string\"}}],\"inLanguage\":\"fr-FR\"},{\"@type\":\"Organization\",\"@id\":\"https:\\\/\\\/purecosmetics-shop.com\\\/accueil\\\/#organization\",\"name\":\"Pure Cosmetics\",\"url\":\"https:\\\/\\\/purecosmetics-shop.com\\\/accueil\\\/\",\"logo\":{\"@type\":\"ImageObject\",\"inLanguage\":\"fr-FR\",\"@id\":\"https:\\\/\\\/purecosmetics-shop.com\\\/accueil\\\/#\\\/schema\\\/logo\\\/image\\\/\",\"url\":\"https:\\\/\\\/purecosmetics-shop.com\\\/wp-content\\\/uploads\\\/2025\\\/04\\\/cropped-Pure-Cosmetics-black-2.png\",\"contentUrl\":\"https:\\\/\\\/purecosmetics-shop.com\\\/wp-content\\\/uploads\\\/2025\\\/04\\\/cropped-Pure-Cosmetics-black-2.png\",\"width\":2362,\"height\":2324,\"caption\":\"Pure Cosmetics\"},\"image\":{\"@id\":\"https:\\\/\\\/purecosmetics-shop.com\\\/accueil\\\/#\\\/schema\\\/logo\\\/image\\\/\"}}]}<\/script>\n<!-- \/ Yoast SEO plugin. -->","yoast_head_json":{"title":"SEOUL 1988 Serum : Retinal Liposome 2% + Black Ginseng - Pure Cosmetics","robots":{"index":"index","follow":"follow","max-snippet":"max-snippet:-1","max-image-preview":"max-image-preview:large","max-video-preview":"max-video-preview:-1"},"canonical":"https:\/\/purecosmetics-shop.com\/accueil\/produit\/seoul-1988-serum-retinal-liposome-2-black-ginseng\/","og_locale":"fr_FR","og_type":"article","og_title":"SEOUL 1988 Serum : Retinal Liposome 2% + Black Ginseng - Pure Cosmetics","og_description":"Ce s\u00e9rum anti-\u00e2ge est enrichi de 2 % de liposomes de r\u00e9tinal pour lutter contre les rides et la pigmentation, ainsi que de 58 % d'extrait de ginseng noir aux propri\u00e9t\u00e9s antioxydantes, anti-inflammatoires et stimulantes du collag\u00e8ne.  Id\u00e9al pour les peaux matures, ce s\u00e9rum aide \u00e0 att\u00e9nuer les signes de l'\u00e2ge et \u00e0 am\u00e9liorer l'\u00e9lasticit\u00e9 de la peau.","og_url":"https:\/\/purecosmetics-shop.com\/accueil\/produit\/seoul-1988-serum-retinal-liposome-2-black-ginseng\/","og_site_name":"Pure Cosmetics","article_modified_time":"2026-04-17T05:15:32+00:00","og_image":[{"width":1080,"height":1080,"url":"https:\/\/purecosmetics-shop.com\/wp-content\/uploads\/2025\/07\/k-secret-retinal-liposome-2-black-ginseng.webp","type":"image\/webp"}],"twitter_card":"summary_large_image","twitter_misc":{"Dur\u00e9e de lecture estim\u00e9e":"1 minute"},"schema":{"@context":"https:\/\/schema.org","@graph":[{"@type":"WebPage","@id":"https:\/\/purecosmetics-shop.com\/accueil\/produit\/seoul-1988-serum-retinal-liposome-2-black-ginseng\/","url":"https:\/\/purecosmetics-shop.com\/accueil\/produit\/seoul-1988-serum-retinal-liposome-2-black-ginseng\/","name":"SEOUL 1988 Serum : Retinal Liposome 2% + Black Ginseng - Pure Cosmetics","isPartOf":{"@id":"https:\/\/purecosmetics-shop.com\/accueil\/#website"},"primaryImageOfPage":{"@id":"https:\/\/purecosmetics-shop.com\/accueil\/produit\/seoul-1988-serum-retinal-liposome-2-black-ginseng\/#primaryimage"},"image":{"@id":"https:\/\/purecosmetics-shop.com\/accueil\/produit\/seoul-1988-serum-retinal-liposome-2-black-ginseng\/#primaryimage"},"thumbnailUrl":"https:\/\/purecosmetics-shop.com\/wp-content\/uploads\/2025\/07\/k-secret-retinal-liposome-2-black-ginseng.webp","datePublished":"2025-07-29T15:14:24+00:00","dateModified":"2026-04-17T05:15:32+00:00","breadcrumb":{"@id":"https:\/\/purecosmetics-shop.com\/accueil\/produit\/seoul-1988-serum-retinal-liposome-2-black-ginseng\/#breadcrumb"},"inLanguage":"fr-FR","potentialAction":[{"@type":"ReadAction","target":["https:\/\/purecosmetics-shop.com\/accueil\/produit\/seoul-1988-serum-retinal-liposome-2-black-ginseng\/"]}]},{"@type":"ImageObject","inLanguage":"fr-FR","@id":"https:\/\/purecosmetics-shop.com\/accueil\/produit\/seoul-1988-serum-retinal-liposome-2-black-ginseng\/#primaryimage","url":"https:\/\/purecosmetics-shop.com\/wp-content\/uploads\/2025\/07\/k-secret-retinal-liposome-2-black-ginseng.webp","contentUrl":"https:\/\/purecosmetics-shop.com\/wp-content\/uploads\/2025\/07\/k-secret-retinal-liposome-2-black-ginseng.webp","width":1080,"height":1080},{"@type":"BreadcrumbList","@id":"https:\/\/purecosmetics-shop.com\/accueil\/produit\/seoul-1988-serum-retinal-liposome-2-black-ginseng\/#breadcrumb","itemListElement":[{"@type":"ListItem","position":1,"name":"Accueil","item":"https:\/\/purecosmetics-shop.com\/accueil\/"},{"@type":"ListItem","position":2,"name":"NOUVEAUT\u00c9S","item":"https:\/\/purecosmetics-shop.com\/accueil\/nouveautes\/"},{"@type":"ListItem","position":3,"name":"SEOUL 1988 Serum : Retinal Liposome 2% + Black Ginseng"}]},{"@type":"WebSite","@id":"https:\/\/purecosmetics-shop.com\/accueil\/#website","url":"https:\/\/purecosmetics-shop.com\/accueil\/","name":"Pure Cosmetics","description":"Skincare cor\u00e9enne et japonais","publisher":{"@id":"https:\/\/purecosmetics-shop.com\/accueil\/#organization"},"potentialAction":[{"@type":"SearchAction","target":{"@type":"EntryPoint","urlTemplate":"https:\/\/purecosmetics-shop.com\/accueil\/?s={search_term_string}"},"query-input":{"@type":"PropertyValueSpecification","valueRequired":true,"valueName":"search_term_string"}}],"inLanguage":"fr-FR"},{"@type":"Organization","@id":"https:\/\/purecosmetics-shop.com\/accueil\/#organization","name":"Pure Cosmetics","url":"https:\/\/purecosmetics-shop.com\/accueil\/","logo":{"@type":"ImageObject","inLanguage":"fr-FR","@id":"https:\/\/purecosmetics-shop.com\/accueil\/#\/schema\/logo\/image\/","url":"https:\/\/purecosmetics-shop.com\/wp-content\/uploads\/2025\/04\/cropped-Pure-Cosmetics-black-2.png","contentUrl":"https:\/\/purecosmetics-shop.com\/wp-content\/uploads\/2025\/04\/cropped-Pure-Cosmetics-black-2.png","width":2362,"height":2324,"caption":"Pure Cosmetics"},"image":{"@id":"https:\/\/purecosmetics-shop.com\/accueil\/#\/schema\/logo\/image\/"}}]}},"jetpack_sharing_enabled":true,"_links":{"self":[{"href":"https:\/\/purecosmetics-shop.com\/accueil\/wp-json\/wp\/v2\/product\/3851","targetHints":{"allow":["GET"]}}],"collection":[{"href":"https:\/\/purecosmetics-shop.com\/accueil\/wp-json\/wp\/v2\/product"}],"about":[{"href":"https:\/\/purecosmetics-shop.com\/accueil\/wp-json\/wp\/v2\/types\/product"}],"replies":[{"embeddable":true,"href":"https:\/\/purecosmetics-shop.com\/accueil\/wp-json\/wp\/v2\/comments?post=3851"}],"version-history":[{"count":3,"href":"https:\/\/purecosmetics-shop.com\/accueil\/wp-json\/wp\/v2\/product\/3851\/revisions"}],"predecessor-version":[{"id":6069,"href":"https:\/\/purecosmetics-shop.com\/accueil\/wp-json\/wp\/v2\/product\/3851\/revisions\/6069"}],"wp:featuredmedia":[{"embeddable":true,"href":"https:\/\/purecosmetics-shop.com\/accueil\/wp-json\/wp\/v2\/media\/3855"}],"wp:attachment":[{"href":"https:\/\/purecosmetics-shop.com\/accueil\/wp-json\/wp\/v2\/media?parent=3851"}],"wp:term":[{"taxonomy":"product_brand","embeddable":true,"href":"https:\/\/purecosmetics-shop.com\/accueil\/wp-json\/wp\/v2\/product_brand?post=3851"},{"taxonomy":"product_cat","embeddable":true,"href":"https:\/\/purecosmetics-shop.com\/accueil\/wp-json\/wp\/v2\/product_cat?post=3851"},{"taxonomy":"product_tag","embeddable":true,"href":"https:\/\/purecosmetics-shop.com\/accueil\/wp-json\/wp\/v2\/product_tag?post=3851"}],"curies":[{"name":"wp","href":"https:\/\/api.w.org\/{rel}","templated":true}]}}