{"id":3839,"date":"2025-07-29T11:14:06","date_gmt":"2025-07-29T15:14:06","guid":{"rendered":"https:\/\/purecosmetics-shop.com\/accueil\/?post_type=product&#038;p=3839"},"modified":"2026-04-16T14:24:25","modified_gmt":"2026-04-16T18:24:25","slug":"pore-purifying-salicylic-acid-foaming-cleanser","status":"publish","type":"product","link":"https:\/\/purecosmetics-shop.com\/accueil\/produit\/pore-purifying-salicylic-acid-foaming-cleanser\/","title":{"rendered":"Pore-Purifying Salicylic Acid Foaming Cleanser"},"content":{"rendered":"<p>Enrichie en extrait de pomme et en extrait de racine de Coptis Japonica, elle offre des bienfaits apaisants et hydratants, ce qui la rend id\u00e9ale pour tous les types de peaux, y compris les peaux \u00e0 tendance acn\u00e9ique.<\/p>\n<p>Ce nettoyant laisse la peau rafra\u00eechie et \u00e9quilibr\u00e9e, favorisant un \u00e9clat \u00ab glass skin \u00bb et une texture raffin\u00e9e \u00e0 chaque utilisation.<\/p>\n","protected":false},"excerpt":{"rendered":"<p>Nettoyant doux, \u00e0 faible pH, con\u00e7u pour purifier et exfolier la peau sans la dess\u00e9cher.<\/p>\n<p>Avec 0,5 % d&rsquo;acide salicylique et de l&rsquo;argile bleue, cette formule non com\u00e9dog\u00e8ne d\u00e9sobstrue les pores, contr\u00f4le la production de s\u00e9bum et \u00e9limine les cellules mortes de la peau, r\u00e9v\u00e9lant un teint plus lisse et plus lumineux.<\/p>\n","protected":false},"featured_media":3840,"comment_status":"open","ping_status":"closed","template":"","meta":[],"product_brand":[175],"product_cat":[108,18,116,117],"product_tag":[],"class_list":{"0":"post-3839","1":"product","2":"type-product","3":"status-publish","4":"has-post-thumbnail","6":"product_brand-jumiso","7":"product_cat-anti-imperfections-et-pores","8":"product_cat-nettoyant-visage","9":"product_cat-peau-mixte","10":"product_cat-peau-normale","12":"first","13":"instock","14":"shipping-taxable","15":"purchasable","16":"product-type-simple"},"yoast_head":"<!-- This site is optimized with the Yoast SEO plugin v27.4 - https:\/\/yoast.com\/product\/yoast-seo-wordpress\/ -->\n<title>Pore-Purifying Salicylic Acid Foaming Cleanser - Pure Cosmetics<\/title>\n<meta name=\"robots\" content=\"index, follow, max-snippet:-1, max-image-preview:large, max-video-preview:-1\" \/>\n<link rel=\"canonical\" href=\"https:\/\/purecosmetics-shop.com\/accueil\/produit\/pore-purifying-salicylic-acid-foaming-cleanser\/\" \/>\n<meta property=\"og:locale\" content=\"fr_FR\" \/>\n<meta property=\"og:type\" content=\"article\" \/>\n<meta property=\"og:title\" content=\"Pore-Purifying Salicylic Acid Foaming Cleanser - Pure Cosmetics\" \/>\n<meta property=\"og:description\" content=\"Nettoyant doux, \u00e0 faible pH, con\u00e7u pour purifier et exfolier la peau sans la dess\u00e9cher.  Avec 0,5 % d&#039;acide salicylique et de l&#039;argile bleue, cette formule non com\u00e9dog\u00e8ne d\u00e9sobstrue les pores, contr\u00f4le la production de s\u00e9bum et \u00e9limine les cellules mortes de la peau, r\u00e9v\u00e9lant un teint plus lisse et plus lumineux.\" \/>\n<meta property=\"og:url\" content=\"https:\/\/purecosmetics-shop.com\/accueil\/produit\/pore-purifying-salicylic-acid-foaming-cleanser\/\" \/>\n<meta property=\"og:site_name\" content=\"Pure Cosmetics\" \/>\n<meta property=\"article:modified_time\" content=\"2026-04-16T18:24:25+00:00\" \/>\n<meta property=\"og:image\" content=\"https:\/\/purecosmetics-shop.com\/wp-content\/uploads\/2025\/07\/Pore-Purifying-Salicylic-Acid-Foaming-Cleanser.webp\" \/>\n\t<meta property=\"og:image:width\" content=\"800\" \/>\n\t<meta property=\"og:image:height\" content=\"800\" \/>\n\t<meta property=\"og:image:type\" content=\"image\/webp\" \/>\n<meta name=\"twitter:card\" content=\"summary_large_image\" \/>\n<meta name=\"twitter:label1\" content=\"Dur\u00e9e de lecture estim\u00e9e\" \/>\n\t<meta name=\"twitter:data1\" content=\"1 minute\" \/>\n<script type=\"application\/ld+json\" class=\"yoast-schema-graph\">{\"@context\":\"https:\\\/\\\/schema.org\",\"@graph\":[{\"@type\":\"WebPage\",\"@id\":\"https:\\\/\\\/purecosmetics-shop.com\\\/accueil\\\/produit\\\/pore-purifying-salicylic-acid-foaming-cleanser\\\/\",\"url\":\"https:\\\/\\\/purecosmetics-shop.com\\\/accueil\\\/produit\\\/pore-purifying-salicylic-acid-foaming-cleanser\\\/\",\"name\":\"Pore-Purifying Salicylic Acid Foaming Cleanser - Pure Cosmetics\",\"isPartOf\":{\"@id\":\"https:\\\/\\\/purecosmetics-shop.com\\\/accueil\\\/#website\"},\"primaryImageOfPage\":{\"@id\":\"https:\\\/\\\/purecosmetics-shop.com\\\/accueil\\\/produit\\\/pore-purifying-salicylic-acid-foaming-cleanser\\\/#primaryimage\"},\"image\":{\"@id\":\"https:\\\/\\\/purecosmetics-shop.com\\\/accueil\\\/produit\\\/pore-purifying-salicylic-acid-foaming-cleanser\\\/#primaryimage\"},\"thumbnailUrl\":\"https:\\\/\\\/purecosmetics-shop.com\\\/wp-content\\\/uploads\\\/2025\\\/07\\\/Pore-Purifying-Salicylic-Acid-Foaming-Cleanser.webp\",\"datePublished\":\"2025-07-29T15:14:06+00:00\",\"dateModified\":\"2026-04-16T18:24:25+00:00\",\"breadcrumb\":{\"@id\":\"https:\\\/\\\/purecosmetics-shop.com\\\/accueil\\\/produit\\\/pore-purifying-salicylic-acid-foaming-cleanser\\\/#breadcrumb\"},\"inLanguage\":\"fr-FR\",\"potentialAction\":[{\"@type\":\"ReadAction\",\"target\":[\"https:\\\/\\\/purecosmetics-shop.com\\\/accueil\\\/produit\\\/pore-purifying-salicylic-acid-foaming-cleanser\\\/\"]}]},{\"@type\":\"ImageObject\",\"inLanguage\":\"fr-FR\",\"@id\":\"https:\\\/\\\/purecosmetics-shop.com\\\/accueil\\\/produit\\\/pore-purifying-salicylic-acid-foaming-cleanser\\\/#primaryimage\",\"url\":\"https:\\\/\\\/purecosmetics-shop.com\\\/wp-content\\\/uploads\\\/2025\\\/07\\\/Pore-Purifying-Salicylic-Acid-Foaming-Cleanser.webp\",\"contentUrl\":\"https:\\\/\\\/purecosmetics-shop.com\\\/wp-content\\\/uploads\\\/2025\\\/07\\\/Pore-Purifying-Salicylic-Acid-Foaming-Cleanser.webp\",\"width\":800,\"height\":800},{\"@type\":\"BreadcrumbList\",\"@id\":\"https:\\\/\\\/purecosmetics-shop.com\\\/accueil\\\/produit\\\/pore-purifying-salicylic-acid-foaming-cleanser\\\/#breadcrumb\",\"itemListElement\":[{\"@type\":\"ListItem\",\"position\":1,\"name\":\"Accueil\",\"item\":\"https:\\\/\\\/purecosmetics-shop.com\\\/accueil\\\/\"},{\"@type\":\"ListItem\",\"position\":2,\"name\":\"NOUVEAUT\u00c9S\",\"item\":\"https:\\\/\\\/purecosmetics-shop.com\\\/accueil\\\/nouveautes\\\/\"},{\"@type\":\"ListItem\",\"position\":3,\"name\":\"Pore-Purifying Salicylic Acid Foaming Cleanser\"}]},{\"@type\":\"WebSite\",\"@id\":\"https:\\\/\\\/purecosmetics-shop.com\\\/accueil\\\/#website\",\"url\":\"https:\\\/\\\/purecosmetics-shop.com\\\/accueil\\\/\",\"name\":\"Pure Cosmetics\",\"description\":\"Skincare cor\u00e9enne et japonais\",\"publisher\":{\"@id\":\"https:\\\/\\\/purecosmetics-shop.com\\\/accueil\\\/#organization\"},\"potentialAction\":[{\"@type\":\"SearchAction\",\"target\":{\"@type\":\"EntryPoint\",\"urlTemplate\":\"https:\\\/\\\/purecosmetics-shop.com\\\/accueil\\\/?s={search_term_string}\"},\"query-input\":{\"@type\":\"PropertyValueSpecification\",\"valueRequired\":true,\"valueName\":\"search_term_string\"}}],\"inLanguage\":\"fr-FR\"},{\"@type\":\"Organization\",\"@id\":\"https:\\\/\\\/purecosmetics-shop.com\\\/accueil\\\/#organization\",\"name\":\"Pure Cosmetics\",\"url\":\"https:\\\/\\\/purecosmetics-shop.com\\\/accueil\\\/\",\"logo\":{\"@type\":\"ImageObject\",\"inLanguage\":\"fr-FR\",\"@id\":\"https:\\\/\\\/purecosmetics-shop.com\\\/accueil\\\/#\\\/schema\\\/logo\\\/image\\\/\",\"url\":\"https:\\\/\\\/purecosmetics-shop.com\\\/wp-content\\\/uploads\\\/2025\\\/04\\\/cropped-Pure-Cosmetics-black-2.png\",\"contentUrl\":\"https:\\\/\\\/purecosmetics-shop.com\\\/wp-content\\\/uploads\\\/2025\\\/04\\\/cropped-Pure-Cosmetics-black-2.png\",\"width\":2362,\"height\":2324,\"caption\":\"Pure Cosmetics\"},\"image\":{\"@id\":\"https:\\\/\\\/purecosmetics-shop.com\\\/accueil\\\/#\\\/schema\\\/logo\\\/image\\\/\"}}]}<\/script>\n<!-- \/ Yoast SEO plugin. -->","yoast_head_json":{"title":"Pore-Purifying Salicylic Acid Foaming Cleanser - Pure Cosmetics","robots":{"index":"index","follow":"follow","max-snippet":"max-snippet:-1","max-image-preview":"max-image-preview:large","max-video-preview":"max-video-preview:-1"},"canonical":"https:\/\/purecosmetics-shop.com\/accueil\/produit\/pore-purifying-salicylic-acid-foaming-cleanser\/","og_locale":"fr_FR","og_type":"article","og_title":"Pore-Purifying Salicylic Acid Foaming Cleanser - Pure Cosmetics","og_description":"Nettoyant doux, \u00e0 faible pH, con\u00e7u pour purifier et exfolier la peau sans la dess\u00e9cher.  Avec 0,5 % d'acide salicylique et de l'argile bleue, cette formule non com\u00e9dog\u00e8ne d\u00e9sobstrue les pores, contr\u00f4le la production de s\u00e9bum et \u00e9limine les cellules mortes de la peau, r\u00e9v\u00e9lant un teint plus lisse et plus lumineux.","og_url":"https:\/\/purecosmetics-shop.com\/accueil\/produit\/pore-purifying-salicylic-acid-foaming-cleanser\/","og_site_name":"Pure Cosmetics","article_modified_time":"2026-04-16T18:24:25+00:00","og_image":[{"width":800,"height":800,"url":"https:\/\/purecosmetics-shop.com\/wp-content\/uploads\/2025\/07\/Pore-Purifying-Salicylic-Acid-Foaming-Cleanser.webp","type":"image\/webp"}],"twitter_card":"summary_large_image","twitter_misc":{"Dur\u00e9e de lecture estim\u00e9e":"1 minute"},"schema":{"@context":"https:\/\/schema.org","@graph":[{"@type":"WebPage","@id":"https:\/\/purecosmetics-shop.com\/accueil\/produit\/pore-purifying-salicylic-acid-foaming-cleanser\/","url":"https:\/\/purecosmetics-shop.com\/accueil\/produit\/pore-purifying-salicylic-acid-foaming-cleanser\/","name":"Pore-Purifying Salicylic Acid Foaming Cleanser - Pure Cosmetics","isPartOf":{"@id":"https:\/\/purecosmetics-shop.com\/accueil\/#website"},"primaryImageOfPage":{"@id":"https:\/\/purecosmetics-shop.com\/accueil\/produit\/pore-purifying-salicylic-acid-foaming-cleanser\/#primaryimage"},"image":{"@id":"https:\/\/purecosmetics-shop.com\/accueil\/produit\/pore-purifying-salicylic-acid-foaming-cleanser\/#primaryimage"},"thumbnailUrl":"https:\/\/purecosmetics-shop.com\/wp-content\/uploads\/2025\/07\/Pore-Purifying-Salicylic-Acid-Foaming-Cleanser.webp","datePublished":"2025-07-29T15:14:06+00:00","dateModified":"2026-04-16T18:24:25+00:00","breadcrumb":{"@id":"https:\/\/purecosmetics-shop.com\/accueil\/produit\/pore-purifying-salicylic-acid-foaming-cleanser\/#breadcrumb"},"inLanguage":"fr-FR","potentialAction":[{"@type":"ReadAction","target":["https:\/\/purecosmetics-shop.com\/accueil\/produit\/pore-purifying-salicylic-acid-foaming-cleanser\/"]}]},{"@type":"ImageObject","inLanguage":"fr-FR","@id":"https:\/\/purecosmetics-shop.com\/accueil\/produit\/pore-purifying-salicylic-acid-foaming-cleanser\/#primaryimage","url":"https:\/\/purecosmetics-shop.com\/wp-content\/uploads\/2025\/07\/Pore-Purifying-Salicylic-Acid-Foaming-Cleanser.webp","contentUrl":"https:\/\/purecosmetics-shop.com\/wp-content\/uploads\/2025\/07\/Pore-Purifying-Salicylic-Acid-Foaming-Cleanser.webp","width":800,"height":800},{"@type":"BreadcrumbList","@id":"https:\/\/purecosmetics-shop.com\/accueil\/produit\/pore-purifying-salicylic-acid-foaming-cleanser\/#breadcrumb","itemListElement":[{"@type":"ListItem","position":1,"name":"Accueil","item":"https:\/\/purecosmetics-shop.com\/accueil\/"},{"@type":"ListItem","position":2,"name":"NOUVEAUT\u00c9S","item":"https:\/\/purecosmetics-shop.com\/accueil\/nouveautes\/"},{"@type":"ListItem","position":3,"name":"Pore-Purifying Salicylic Acid Foaming Cleanser"}]},{"@type":"WebSite","@id":"https:\/\/purecosmetics-shop.com\/accueil\/#website","url":"https:\/\/purecosmetics-shop.com\/accueil\/","name":"Pure Cosmetics","description":"Skincare cor\u00e9enne et japonais","publisher":{"@id":"https:\/\/purecosmetics-shop.com\/accueil\/#organization"},"potentialAction":[{"@type":"SearchAction","target":{"@type":"EntryPoint","urlTemplate":"https:\/\/purecosmetics-shop.com\/accueil\/?s={search_term_string}"},"query-input":{"@type":"PropertyValueSpecification","valueRequired":true,"valueName":"search_term_string"}}],"inLanguage":"fr-FR"},{"@type":"Organization","@id":"https:\/\/purecosmetics-shop.com\/accueil\/#organization","name":"Pure Cosmetics","url":"https:\/\/purecosmetics-shop.com\/accueil\/","logo":{"@type":"ImageObject","inLanguage":"fr-FR","@id":"https:\/\/purecosmetics-shop.com\/accueil\/#\/schema\/logo\/image\/","url":"https:\/\/purecosmetics-shop.com\/wp-content\/uploads\/2025\/04\/cropped-Pure-Cosmetics-black-2.png","contentUrl":"https:\/\/purecosmetics-shop.com\/wp-content\/uploads\/2025\/04\/cropped-Pure-Cosmetics-black-2.png","width":2362,"height":2324,"caption":"Pure Cosmetics"},"image":{"@id":"https:\/\/purecosmetics-shop.com\/accueil\/#\/schema\/logo\/image\/"}}]}},"jetpack_sharing_enabled":true,"_links":{"self":[{"href":"https:\/\/purecosmetics-shop.com\/accueil\/wp-json\/wp\/v2\/product\/3839","targetHints":{"allow":["GET"]}}],"collection":[{"href":"https:\/\/purecosmetics-shop.com\/accueil\/wp-json\/wp\/v2\/product"}],"about":[{"href":"https:\/\/purecosmetics-shop.com\/accueil\/wp-json\/wp\/v2\/types\/product"}],"replies":[{"embeddable":true,"href":"https:\/\/purecosmetics-shop.com\/accueil\/wp-json\/wp\/v2\/comments?post=3839"}],"version-history":[{"count":1,"href":"https:\/\/purecosmetics-shop.com\/accueil\/wp-json\/wp\/v2\/product\/3839\/revisions"}],"predecessor-version":[{"id":3843,"href":"https:\/\/purecosmetics-shop.com\/accueil\/wp-json\/wp\/v2\/product\/3839\/revisions\/3843"}],"wp:featuredmedia":[{"embeddable":true,"href":"https:\/\/purecosmetics-shop.com\/accueil\/wp-json\/wp\/v2\/media\/3840"}],"wp:attachment":[{"href":"https:\/\/purecosmetics-shop.com\/accueil\/wp-json\/wp\/v2\/media?parent=3839"}],"wp:term":[{"taxonomy":"product_brand","embeddable":true,"href":"https:\/\/purecosmetics-shop.com\/accueil\/wp-json\/wp\/v2\/product_brand?post=3839"},{"taxonomy":"product_cat","embeddable":true,"href":"https:\/\/purecosmetics-shop.com\/accueil\/wp-json\/wp\/v2\/product_cat?post=3839"},{"taxonomy":"product_tag","embeddable":true,"href":"https:\/\/purecosmetics-shop.com\/accueil\/wp-json\/wp\/v2\/product_tag?post=3839"}],"curies":[{"name":"wp","href":"https:\/\/api.w.org\/{rel}","templated":true}]}}