{"id":3790,"date":"2025-07-28T14:08:58","date_gmt":"2025-07-28T18:08:58","guid":{"rendered":"https:\/\/purecosmetics-shop.com\/accueil\/?post_type=product&#038;p=3790"},"modified":"2026-04-19T10:06:13","modified_gmt":"2026-04-19T14:06:13","slug":"bha-2-gentle-exfoliating-toner","status":"publish","type":"product","link":"https:\/\/purecosmetics-shop.com\/accueil\/produit\/bha-2-gentle-exfoliating-toner\/","title":{"rendered":"BHA 2% Gentle Exfoliating Toner"},"content":{"rendered":"<p>Id\u00e9ale pour lutter contre les pores obstru\u00e9s et dilat\u00e9s, ainsi que contre le teint terne, cette lotion tonique sans parfum convient aux peaux sensibles et a \u00e9t\u00e9 test\u00e9e contre les irritations. En deux semaines, tu remarqueras une am\u00e9lioration notable de la taille des pores et de la texture de ta peau gr\u00e2ce \u00e0 ce tonique l\u00e9ger et non abrasif qui ne laisse aucun r\u00e9sidu.<\/p>\n","protected":false},"excerpt":{"rendered":"<p>Retrouve une peau plus claire et plus lumineuse gr\u00e2ce au BHA 2% Gentle Exfoliating Toner Anua, un tonique l\u00e9g\u00e8rement exfoliant enrichi de 2% de BHA et de 6 types de c\u00e9ramides pour \u00e9liminer efficacement la salet\u00e9, l&rsquo;exc\u00e8s de s\u00e9bum et les cellules mortes de la peau, tout en prot\u00e9geant la barri\u00e8re cutan\u00e9e.<\/p>\n<p>Infus\u00e9 d&rsquo;acide hyaluronique et de panth\u00e9nol, ce tonique garde ta peau nourrie et hydrat\u00e9e, tandis que l&rsquo;extrait de feuille d&rsquo;arbre \u00e0 th\u00e9 calme les rougeurs et apaise les irritations.<\/p>\n","protected":false},"featured_media":3792,"comment_status":"open","ping_status":"closed","template":"","meta":[],"product_brand":[155],"product_cat":[191,116,117,119,19],"product_tag":[],"class_list":{"0":"post-3790","1":"product","2":"type-product","3":"status-publish","4":"has-post-thumbnail","6":"product_brand-anua","7":"product_cat-exfoliant","8":"product_cat-peau-mixte","9":"product_cat-peau-normale","10":"product_cat-peau-sensible","11":"product_cat-toner","13":"first","14":"instock","15":"shipping-taxable","16":"purchasable","17":"product-type-simple"},"yoast_head":"<!-- This site is optimized with the Yoast SEO plugin v27.4 - https:\/\/yoast.com\/product\/yoast-seo-wordpress\/ -->\n<title>BHA 2% Gentle Exfoliating Toner - Pure Cosmetics<\/title>\n<meta name=\"robots\" content=\"index, follow, max-snippet:-1, max-image-preview:large, max-video-preview:-1\" \/>\n<link rel=\"canonical\" href=\"https:\/\/purecosmetics-shop.com\/accueil\/produit\/bha-2-gentle-exfoliating-toner\/\" \/>\n<meta property=\"og:locale\" content=\"fr_FR\" \/>\n<meta property=\"og:type\" content=\"article\" \/>\n<meta property=\"og:title\" content=\"BHA 2% Gentle Exfoliating Toner - Pure Cosmetics\" \/>\n<meta property=\"og:description\" content=\"Retrouve une peau plus claire et plus lumineuse gr\u00e2ce au BHA 2% Gentle Exfoliating Toner Anua, un tonique l\u00e9g\u00e8rement exfoliant enrichi de 2% de BHA et de 6 types de c\u00e9ramides pour \u00e9liminer efficacement la salet\u00e9, l&#039;exc\u00e8s de s\u00e9bum et les cellules mortes de la peau, tout en prot\u00e9geant la barri\u00e8re cutan\u00e9e.  Infus\u00e9 d&#039;acide hyaluronique et de panth\u00e9nol, ce tonique garde ta peau nourrie et hydrat\u00e9e, tandis que l&#039;extrait de feuille d&#039;arbre \u00e0 th\u00e9 calme les rougeurs et apaise les irritations.\" \/>\n<meta property=\"og:url\" content=\"https:\/\/purecosmetics-shop.com\/accueil\/produit\/bha-2-gentle-exfoliating-toner\/\" \/>\n<meta property=\"og:site_name\" content=\"Pure Cosmetics\" \/>\n<meta property=\"article:modified_time\" content=\"2026-04-19T14:06:13+00:00\" \/>\n<meta property=\"og:image\" content=\"https:\/\/purecosmetics-shop.com\/wp-content\/uploads\/2025\/07\/BHA-2-Gentle-Exfoliating-Toner.webp\" \/>\n\t<meta property=\"og:image:width\" content=\"800\" \/>\n\t<meta property=\"og:image:height\" content=\"800\" \/>\n\t<meta property=\"og:image:type\" content=\"image\/webp\" \/>\n<meta name=\"twitter:card\" content=\"summary_large_image\" \/>\n<meta name=\"twitter:label1\" content=\"Dur\u00e9e de lecture estim\u00e9e\" \/>\n\t<meta name=\"twitter:data1\" content=\"1 minute\" \/>\n<script type=\"application\/ld+json\" class=\"yoast-schema-graph\">{\"@context\":\"https:\\\/\\\/schema.org\",\"@graph\":[{\"@type\":\"WebPage\",\"@id\":\"https:\\\/\\\/purecosmetics-shop.com\\\/accueil\\\/produit\\\/bha-2-gentle-exfoliating-toner\\\/\",\"url\":\"https:\\\/\\\/purecosmetics-shop.com\\\/accueil\\\/produit\\\/bha-2-gentle-exfoliating-toner\\\/\",\"name\":\"BHA 2% Gentle Exfoliating Toner - Pure Cosmetics\",\"isPartOf\":{\"@id\":\"https:\\\/\\\/purecosmetics-shop.com\\\/accueil\\\/#website\"},\"primaryImageOfPage\":{\"@id\":\"https:\\\/\\\/purecosmetics-shop.com\\\/accueil\\\/produit\\\/bha-2-gentle-exfoliating-toner\\\/#primaryimage\"},\"image\":{\"@id\":\"https:\\\/\\\/purecosmetics-shop.com\\\/accueil\\\/produit\\\/bha-2-gentle-exfoliating-toner\\\/#primaryimage\"},\"thumbnailUrl\":\"https:\\\/\\\/purecosmetics-shop.com\\\/wp-content\\\/uploads\\\/2025\\\/07\\\/BHA-2-Gentle-Exfoliating-Toner.webp\",\"datePublished\":\"2025-07-28T18:08:58+00:00\",\"dateModified\":\"2026-04-19T14:06:13+00:00\",\"breadcrumb\":{\"@id\":\"https:\\\/\\\/purecosmetics-shop.com\\\/accueil\\\/produit\\\/bha-2-gentle-exfoliating-toner\\\/#breadcrumb\"},\"inLanguage\":\"fr-FR\",\"potentialAction\":[{\"@type\":\"ReadAction\",\"target\":[\"https:\\\/\\\/purecosmetics-shop.com\\\/accueil\\\/produit\\\/bha-2-gentle-exfoliating-toner\\\/\"]}]},{\"@type\":\"ImageObject\",\"inLanguage\":\"fr-FR\",\"@id\":\"https:\\\/\\\/purecosmetics-shop.com\\\/accueil\\\/produit\\\/bha-2-gentle-exfoliating-toner\\\/#primaryimage\",\"url\":\"https:\\\/\\\/purecosmetics-shop.com\\\/wp-content\\\/uploads\\\/2025\\\/07\\\/BHA-2-Gentle-Exfoliating-Toner.webp\",\"contentUrl\":\"https:\\\/\\\/purecosmetics-shop.com\\\/wp-content\\\/uploads\\\/2025\\\/07\\\/BHA-2-Gentle-Exfoliating-Toner.webp\",\"width\":800,\"height\":800,\"caption\":\"BHA 2% Gentle Exfoliating Toner\"},{\"@type\":\"BreadcrumbList\",\"@id\":\"https:\\\/\\\/purecosmetics-shop.com\\\/accueil\\\/produit\\\/bha-2-gentle-exfoliating-toner\\\/#breadcrumb\",\"itemListElement\":[{\"@type\":\"ListItem\",\"position\":1,\"name\":\"Accueil\",\"item\":\"https:\\\/\\\/purecosmetics-shop.com\\\/accueil\\\/\"},{\"@type\":\"ListItem\",\"position\":2,\"name\":\"NOUVEAUT\u00c9S\",\"item\":\"https:\\\/\\\/purecosmetics-shop.com\\\/accueil\\\/nouveautes\\\/\"},{\"@type\":\"ListItem\",\"position\":3,\"name\":\"BHA 2% Gentle Exfoliating Toner\"}]},{\"@type\":\"WebSite\",\"@id\":\"https:\\\/\\\/purecosmetics-shop.com\\\/accueil\\\/#website\",\"url\":\"https:\\\/\\\/purecosmetics-shop.com\\\/accueil\\\/\",\"name\":\"Pure Cosmetics\",\"description\":\"Skincare cor\u00e9enne et japonais\",\"publisher\":{\"@id\":\"https:\\\/\\\/purecosmetics-shop.com\\\/accueil\\\/#organization\"},\"potentialAction\":[{\"@type\":\"SearchAction\",\"target\":{\"@type\":\"EntryPoint\",\"urlTemplate\":\"https:\\\/\\\/purecosmetics-shop.com\\\/accueil\\\/?s={search_term_string}\"},\"query-input\":{\"@type\":\"PropertyValueSpecification\",\"valueRequired\":true,\"valueName\":\"search_term_string\"}}],\"inLanguage\":\"fr-FR\"},{\"@type\":\"Organization\",\"@id\":\"https:\\\/\\\/purecosmetics-shop.com\\\/accueil\\\/#organization\",\"name\":\"Pure Cosmetics\",\"url\":\"https:\\\/\\\/purecosmetics-shop.com\\\/accueil\\\/\",\"logo\":{\"@type\":\"ImageObject\",\"inLanguage\":\"fr-FR\",\"@id\":\"https:\\\/\\\/purecosmetics-shop.com\\\/accueil\\\/#\\\/schema\\\/logo\\\/image\\\/\",\"url\":\"https:\\\/\\\/purecosmetics-shop.com\\\/wp-content\\\/uploads\\\/2025\\\/04\\\/cropped-Pure-Cosmetics-black-2.png\",\"contentUrl\":\"https:\\\/\\\/purecosmetics-shop.com\\\/wp-content\\\/uploads\\\/2025\\\/04\\\/cropped-Pure-Cosmetics-black-2.png\",\"width\":2362,\"height\":2324,\"caption\":\"Pure Cosmetics\"},\"image\":{\"@id\":\"https:\\\/\\\/purecosmetics-shop.com\\\/accueil\\\/#\\\/schema\\\/logo\\\/image\\\/\"}}]}<\/script>\n<!-- \/ Yoast SEO plugin. -->","yoast_head_json":{"title":"BHA 2% Gentle Exfoliating Toner - Pure Cosmetics","robots":{"index":"index","follow":"follow","max-snippet":"max-snippet:-1","max-image-preview":"max-image-preview:large","max-video-preview":"max-video-preview:-1"},"canonical":"https:\/\/purecosmetics-shop.com\/accueil\/produit\/bha-2-gentle-exfoliating-toner\/","og_locale":"fr_FR","og_type":"article","og_title":"BHA 2% Gentle Exfoliating Toner - Pure Cosmetics","og_description":"Retrouve une peau plus claire et plus lumineuse gr\u00e2ce au BHA 2% Gentle Exfoliating Toner Anua, un tonique l\u00e9g\u00e8rement exfoliant enrichi de 2% de BHA et de 6 types de c\u00e9ramides pour \u00e9liminer efficacement la salet\u00e9, l'exc\u00e8s de s\u00e9bum et les cellules mortes de la peau, tout en prot\u00e9geant la barri\u00e8re cutan\u00e9e.  Infus\u00e9 d'acide hyaluronique et de panth\u00e9nol, ce tonique garde ta peau nourrie et hydrat\u00e9e, tandis que l'extrait de feuille d'arbre \u00e0 th\u00e9 calme les rougeurs et apaise les irritations.","og_url":"https:\/\/purecosmetics-shop.com\/accueil\/produit\/bha-2-gentle-exfoliating-toner\/","og_site_name":"Pure Cosmetics","article_modified_time":"2026-04-19T14:06:13+00:00","og_image":[{"width":800,"height":800,"url":"https:\/\/purecosmetics-shop.com\/wp-content\/uploads\/2025\/07\/BHA-2-Gentle-Exfoliating-Toner.webp","type":"image\/webp"}],"twitter_card":"summary_large_image","twitter_misc":{"Dur\u00e9e de lecture estim\u00e9e":"1 minute"},"schema":{"@context":"https:\/\/schema.org","@graph":[{"@type":"WebPage","@id":"https:\/\/purecosmetics-shop.com\/accueil\/produit\/bha-2-gentle-exfoliating-toner\/","url":"https:\/\/purecosmetics-shop.com\/accueil\/produit\/bha-2-gentle-exfoliating-toner\/","name":"BHA 2% Gentle Exfoliating Toner - Pure Cosmetics","isPartOf":{"@id":"https:\/\/purecosmetics-shop.com\/accueil\/#website"},"primaryImageOfPage":{"@id":"https:\/\/purecosmetics-shop.com\/accueil\/produit\/bha-2-gentle-exfoliating-toner\/#primaryimage"},"image":{"@id":"https:\/\/purecosmetics-shop.com\/accueil\/produit\/bha-2-gentle-exfoliating-toner\/#primaryimage"},"thumbnailUrl":"https:\/\/purecosmetics-shop.com\/wp-content\/uploads\/2025\/07\/BHA-2-Gentle-Exfoliating-Toner.webp","datePublished":"2025-07-28T18:08:58+00:00","dateModified":"2026-04-19T14:06:13+00:00","breadcrumb":{"@id":"https:\/\/purecosmetics-shop.com\/accueil\/produit\/bha-2-gentle-exfoliating-toner\/#breadcrumb"},"inLanguage":"fr-FR","potentialAction":[{"@type":"ReadAction","target":["https:\/\/purecosmetics-shop.com\/accueil\/produit\/bha-2-gentle-exfoliating-toner\/"]}]},{"@type":"ImageObject","inLanguage":"fr-FR","@id":"https:\/\/purecosmetics-shop.com\/accueil\/produit\/bha-2-gentle-exfoliating-toner\/#primaryimage","url":"https:\/\/purecosmetics-shop.com\/wp-content\/uploads\/2025\/07\/BHA-2-Gentle-Exfoliating-Toner.webp","contentUrl":"https:\/\/purecosmetics-shop.com\/wp-content\/uploads\/2025\/07\/BHA-2-Gentle-Exfoliating-Toner.webp","width":800,"height":800,"caption":"BHA 2% Gentle Exfoliating Toner"},{"@type":"BreadcrumbList","@id":"https:\/\/purecosmetics-shop.com\/accueil\/produit\/bha-2-gentle-exfoliating-toner\/#breadcrumb","itemListElement":[{"@type":"ListItem","position":1,"name":"Accueil","item":"https:\/\/purecosmetics-shop.com\/accueil\/"},{"@type":"ListItem","position":2,"name":"NOUVEAUT\u00c9S","item":"https:\/\/purecosmetics-shop.com\/accueil\/nouveautes\/"},{"@type":"ListItem","position":3,"name":"BHA 2% Gentle Exfoliating Toner"}]},{"@type":"WebSite","@id":"https:\/\/purecosmetics-shop.com\/accueil\/#website","url":"https:\/\/purecosmetics-shop.com\/accueil\/","name":"Pure Cosmetics","description":"Skincare cor\u00e9enne et japonais","publisher":{"@id":"https:\/\/purecosmetics-shop.com\/accueil\/#organization"},"potentialAction":[{"@type":"SearchAction","target":{"@type":"EntryPoint","urlTemplate":"https:\/\/purecosmetics-shop.com\/accueil\/?s={search_term_string}"},"query-input":{"@type":"PropertyValueSpecification","valueRequired":true,"valueName":"search_term_string"}}],"inLanguage":"fr-FR"},{"@type":"Organization","@id":"https:\/\/purecosmetics-shop.com\/accueil\/#organization","name":"Pure Cosmetics","url":"https:\/\/purecosmetics-shop.com\/accueil\/","logo":{"@type":"ImageObject","inLanguage":"fr-FR","@id":"https:\/\/purecosmetics-shop.com\/accueil\/#\/schema\/logo\/image\/","url":"https:\/\/purecosmetics-shop.com\/wp-content\/uploads\/2025\/04\/cropped-Pure-Cosmetics-black-2.png","contentUrl":"https:\/\/purecosmetics-shop.com\/wp-content\/uploads\/2025\/04\/cropped-Pure-Cosmetics-black-2.png","width":2362,"height":2324,"caption":"Pure Cosmetics"},"image":{"@id":"https:\/\/purecosmetics-shop.com\/accueil\/#\/schema\/logo\/image\/"}}]}},"jetpack_sharing_enabled":true,"_links":{"self":[{"href":"https:\/\/purecosmetics-shop.com\/accueil\/wp-json\/wp\/v2\/product\/3790","targetHints":{"allow":["GET"]}}],"collection":[{"href":"https:\/\/purecosmetics-shop.com\/accueil\/wp-json\/wp\/v2\/product"}],"about":[{"href":"https:\/\/purecosmetics-shop.com\/accueil\/wp-json\/wp\/v2\/types\/product"}],"replies":[{"embeddable":true,"href":"https:\/\/purecosmetics-shop.com\/accueil\/wp-json\/wp\/v2\/comments?post=3790"}],"version-history":[{"count":1,"href":"https:\/\/purecosmetics-shop.com\/accueil\/wp-json\/wp\/v2\/product\/3790\/revisions"}],"predecessor-version":[{"id":3797,"href":"https:\/\/purecosmetics-shop.com\/accueil\/wp-json\/wp\/v2\/product\/3790\/revisions\/3797"}],"wp:featuredmedia":[{"embeddable":true,"href":"https:\/\/purecosmetics-shop.com\/accueil\/wp-json\/wp\/v2\/media\/3792"}],"wp:attachment":[{"href":"https:\/\/purecosmetics-shop.com\/accueil\/wp-json\/wp\/v2\/media?parent=3790"}],"wp:term":[{"taxonomy":"product_brand","embeddable":true,"href":"https:\/\/purecosmetics-shop.com\/accueil\/wp-json\/wp\/v2\/product_brand?post=3790"},{"taxonomy":"product_cat","embeddable":true,"href":"https:\/\/purecosmetics-shop.com\/accueil\/wp-json\/wp\/v2\/product_cat?post=3790"},{"taxonomy":"product_tag","embeddable":true,"href":"https:\/\/purecosmetics-shop.com\/accueil\/wp-json\/wp\/v2\/product_tag?post=3790"}],"curies":[{"name":"wp","href":"https:\/\/api.w.org\/{rel}","templated":true}]}}