{"id":3705,"date":"2025-07-22T13:48:28","date_gmt":"2025-07-22T17:48:28","guid":{"rendered":"https:\/\/purecosmetics-shop.com\/accueil\/?post_type=product&#038;p=3705"},"modified":"2026-04-21T16:12:30","modified_gmt":"2026-04-21T20:12:30","slug":"glaze-craze-tinted-lip-serum-parfums-au-choix","status":"publish","type":"product","link":"https:\/\/purecosmetics-shop.com\/accueil\/produit\/glaze-craze-tinted-lip-serum-parfums-au-choix\/","title":{"rendered":"Glaze craze Tinted Lip serum &#8211; Parfums au choix"},"content":{"rendered":"<p>Gr\u00e2ce \u00e0 sa texture l\u00e9g\u00e8re et brillante, il glisse facilement sur vos l\u00e8vres pour un fini lumineux et confortable toute la journ\u00e9e. Parfait pour un look naturel ou une touche de couleur plus intense, ce baume s&rsquo;adapte \u00e0 toutes vos envies !<\/p>\n<ul>\n<li>Hydratants puissants : Ils apportent une hydratation longue dur\u00e9e pour des l\u00e8vres souples et douces, sans sensation de s\u00e9cheresse.<\/li>\n<li>Teinte modulable : Des pigments subtils qui rehaussent la couleur naturelle de vos l\u00e8vres pour un effet bonne mine instantan\u00e9.<\/li>\n<li>Effet glowy : Sa finition lumineuse offre un \u00e9clat naturel, sans effet collant.<\/li>\n<\/ul>\n","protected":false},"excerpt":{"rendered":"<p>D\u00e9couvrez les Glaze Craze Tinted Lip Serum. Votre nouveau baume \u00e0 l\u00e8vres teint\u00e9 et hydratant !<\/p>\n<p>Imaginez des l\u00e8vres douces, hydrat\u00e9es et subtilement teint\u00e9es, avec une brillance \u00e9clatante. Le Glaze Craze Tinted Lip Serum est bien plus qu&rsquo;un simple baume \u00e0 l\u00e8vres, c&rsquo;est votre nouvel essentiel pour des l\u00e8vres naturellement sublimes.<\/p>\n<p>Des l\u00e8vres hydrat\u00e9es, nourries et \u00e9clatantes, avec une touche de couleur naturelle qui dure toute la journ\u00e9e. C&rsquo;est l&rsquo;accessoire beaut\u00e9 parfait pour des l\u00e8vres toujours pr\u00eates \u00e0 briller.<\/p>\n","protected":false},"featured_media":3723,"comment_status":"open","ping_status":"closed","template":"","meta":[],"product_brand":[169],"product_cat":[112,29],"product_tag":[],"class_list":{"0":"post-3705","1":"product","2":"type-product","3":"status-publish","4":"has-post-thumbnail","6":"product_brand-laneige","7":"product_cat-hydratation","8":"product_cat-levre","10":"first","11":"instock","12":"shipping-taxable","13":"purchasable","14":"product-type-variable"},"yoast_head":"<!-- This site is optimized with the Yoast SEO plugin v27.4 - https:\/\/yoast.com\/product\/yoast-seo-wordpress\/ -->\n<title>Glaze craze Tinted Lip serum - Parfums au choix - Pure Cosmetics<\/title>\n<meta name=\"robots\" content=\"index, follow, max-snippet:-1, max-image-preview:large, max-video-preview:-1\" \/>\n<link rel=\"canonical\" href=\"https:\/\/purecosmetics-shop.com\/accueil\/produit\/glaze-craze-tinted-lip-serum-parfums-au-choix\/\" \/>\n<meta property=\"og:locale\" content=\"fr_FR\" \/>\n<meta property=\"og:type\" content=\"article\" \/>\n<meta property=\"og:title\" content=\"Glaze craze Tinted Lip serum - Parfums au choix - Pure Cosmetics\" \/>\n<meta property=\"og:description\" content=\"D\u00e9couvrez les Glaze Craze Tinted Lip Serum. Votre nouveau baume \u00e0 l\u00e8vres teint\u00e9 et hydratant !  Imaginez des l\u00e8vres douces, hydrat\u00e9es et subtilement teint\u00e9es, avec une brillance \u00e9clatante. Le Glaze Craze Tinted Lip Serum est bien plus qu&#039;un simple baume \u00e0 l\u00e8vres, c&#039;est votre nouvel essentiel pour des l\u00e8vres naturellement sublimes.  Des l\u00e8vres hydrat\u00e9es, nourries et \u00e9clatantes, avec une touche de couleur naturelle qui dure toute la journ\u00e9e. C&#039;est l&#039;accessoire beaut\u00e9 parfait pour des l\u00e8vres toujours pr\u00eates \u00e0 briller.\" \/>\n<meta property=\"og:url\" content=\"https:\/\/purecosmetics-shop.com\/accueil\/produit\/glaze-craze-tinted-lip-serum-parfums-au-choix\/\" \/>\n<meta property=\"og:site_name\" content=\"Pure Cosmetics\" \/>\n<meta property=\"article:modified_time\" content=\"2026-04-21T20:12:30+00:00\" \/>\n<meta property=\"og:image\" content=\"https:\/\/purecosmetics-shop.com\/wp-content\/uploads\/2025\/07\/LANEIGE-Glaze-Craze-Tinted-Lip-Serum1.jpg\" \/>\n\t<meta property=\"og:image:width\" content=\"2000\" \/>\n\t<meta property=\"og:image:height\" content=\"2000\" \/>\n\t<meta property=\"og:image:type\" content=\"image\/jpeg\" \/>\n<meta name=\"twitter:card\" content=\"summary_large_image\" \/>\n<meta name=\"twitter:label1\" content=\"Dur\u00e9e de lecture estim\u00e9e\" \/>\n\t<meta name=\"twitter:data1\" content=\"1 minute\" \/>\n<script type=\"application\/ld+json\" class=\"yoast-schema-graph\">{\"@context\":\"https:\\\/\\\/schema.org\",\"@graph\":[{\"@type\":\"WebPage\",\"@id\":\"https:\\\/\\\/purecosmetics-shop.com\\\/accueil\\\/produit\\\/glaze-craze-tinted-lip-serum-parfums-au-choix\\\/\",\"url\":\"https:\\\/\\\/purecosmetics-shop.com\\\/accueil\\\/produit\\\/glaze-craze-tinted-lip-serum-parfums-au-choix\\\/\",\"name\":\"Glaze craze Tinted Lip serum - Parfums au choix - Pure Cosmetics\",\"isPartOf\":{\"@id\":\"https:\\\/\\\/purecosmetics-shop.com\\\/accueil\\\/#website\"},\"primaryImageOfPage\":{\"@id\":\"https:\\\/\\\/purecosmetics-shop.com\\\/accueil\\\/produit\\\/glaze-craze-tinted-lip-serum-parfums-au-choix\\\/#primaryimage\"},\"image\":{\"@id\":\"https:\\\/\\\/purecosmetics-shop.com\\\/accueil\\\/produit\\\/glaze-craze-tinted-lip-serum-parfums-au-choix\\\/#primaryimage\"},\"thumbnailUrl\":\"https:\\\/\\\/purecosmetics-shop.com\\\/wp-content\\\/uploads\\\/2025\\\/07\\\/LANEIGE-Glaze-Craze-Tinted-Lip-Serum1.jpg\",\"datePublished\":\"2025-07-22T17:48:28+00:00\",\"dateModified\":\"2026-04-21T20:12:30+00:00\",\"breadcrumb\":{\"@id\":\"https:\\\/\\\/purecosmetics-shop.com\\\/accueil\\\/produit\\\/glaze-craze-tinted-lip-serum-parfums-au-choix\\\/#breadcrumb\"},\"inLanguage\":\"fr-FR\",\"potentialAction\":[{\"@type\":\"ReadAction\",\"target\":[\"https:\\\/\\\/purecosmetics-shop.com\\\/accueil\\\/produit\\\/glaze-craze-tinted-lip-serum-parfums-au-choix\\\/\"]}]},{\"@type\":\"ImageObject\",\"inLanguage\":\"fr-FR\",\"@id\":\"https:\\\/\\\/purecosmetics-shop.com\\\/accueil\\\/produit\\\/glaze-craze-tinted-lip-serum-parfums-au-choix\\\/#primaryimage\",\"url\":\"https:\\\/\\\/purecosmetics-shop.com\\\/wp-content\\\/uploads\\\/2025\\\/07\\\/LANEIGE-Glaze-Craze-Tinted-Lip-Serum1.jpg\",\"contentUrl\":\"https:\\\/\\\/purecosmetics-shop.com\\\/wp-content\\\/uploads\\\/2025\\\/07\\\/LANEIGE-Glaze-Craze-Tinted-Lip-Serum1.jpg\",\"width\":2000,\"height\":2000},{\"@type\":\"BreadcrumbList\",\"@id\":\"https:\\\/\\\/purecosmetics-shop.com\\\/accueil\\\/produit\\\/glaze-craze-tinted-lip-serum-parfums-au-choix\\\/#breadcrumb\",\"itemListElement\":[{\"@type\":\"ListItem\",\"position\":1,\"name\":\"Accueil\",\"item\":\"https:\\\/\\\/purecosmetics-shop.com\\\/accueil\\\/\"},{\"@type\":\"ListItem\",\"position\":2,\"name\":\"NOUVEAUT\u00c9S\",\"item\":\"https:\\\/\\\/purecosmetics-shop.com\\\/accueil\\\/nouveautes\\\/\"},{\"@type\":\"ListItem\",\"position\":3,\"name\":\"Glaze craze Tinted Lip serum &#8211; Parfums au choix\"}]},{\"@type\":\"WebSite\",\"@id\":\"https:\\\/\\\/purecosmetics-shop.com\\\/accueil\\\/#website\",\"url\":\"https:\\\/\\\/purecosmetics-shop.com\\\/accueil\\\/\",\"name\":\"Pure Cosmetics\",\"description\":\"Skincare cor\u00e9enne et japonais\",\"publisher\":{\"@id\":\"https:\\\/\\\/purecosmetics-shop.com\\\/accueil\\\/#organization\"},\"potentialAction\":[{\"@type\":\"SearchAction\",\"target\":{\"@type\":\"EntryPoint\",\"urlTemplate\":\"https:\\\/\\\/purecosmetics-shop.com\\\/accueil\\\/?s={search_term_string}\"},\"query-input\":{\"@type\":\"PropertyValueSpecification\",\"valueRequired\":true,\"valueName\":\"search_term_string\"}}],\"inLanguage\":\"fr-FR\"},{\"@type\":\"Organization\",\"@id\":\"https:\\\/\\\/purecosmetics-shop.com\\\/accueil\\\/#organization\",\"name\":\"Pure Cosmetics\",\"url\":\"https:\\\/\\\/purecosmetics-shop.com\\\/accueil\\\/\",\"logo\":{\"@type\":\"ImageObject\",\"inLanguage\":\"fr-FR\",\"@id\":\"https:\\\/\\\/purecosmetics-shop.com\\\/accueil\\\/#\\\/schema\\\/logo\\\/image\\\/\",\"url\":\"https:\\\/\\\/purecosmetics-shop.com\\\/wp-content\\\/uploads\\\/2025\\\/04\\\/cropped-Pure-Cosmetics-black-2.png\",\"contentUrl\":\"https:\\\/\\\/purecosmetics-shop.com\\\/wp-content\\\/uploads\\\/2025\\\/04\\\/cropped-Pure-Cosmetics-black-2.png\",\"width\":2362,\"height\":2324,\"caption\":\"Pure Cosmetics\"},\"image\":{\"@id\":\"https:\\\/\\\/purecosmetics-shop.com\\\/accueil\\\/#\\\/schema\\\/logo\\\/image\\\/\"}}]}<\/script>\n<!-- \/ Yoast SEO plugin. -->","yoast_head_json":{"title":"Glaze craze Tinted Lip serum - Parfums au choix - Pure Cosmetics","robots":{"index":"index","follow":"follow","max-snippet":"max-snippet:-1","max-image-preview":"max-image-preview:large","max-video-preview":"max-video-preview:-1"},"canonical":"https:\/\/purecosmetics-shop.com\/accueil\/produit\/glaze-craze-tinted-lip-serum-parfums-au-choix\/","og_locale":"fr_FR","og_type":"article","og_title":"Glaze craze Tinted Lip serum - Parfums au choix - Pure Cosmetics","og_description":"D\u00e9couvrez les Glaze Craze Tinted Lip Serum. Votre nouveau baume \u00e0 l\u00e8vres teint\u00e9 et hydratant !  Imaginez des l\u00e8vres douces, hydrat\u00e9es et subtilement teint\u00e9es, avec une brillance \u00e9clatante. Le Glaze Craze Tinted Lip Serum est bien plus qu'un simple baume \u00e0 l\u00e8vres, c'est votre nouvel essentiel pour des l\u00e8vres naturellement sublimes.  Des l\u00e8vres hydrat\u00e9es, nourries et \u00e9clatantes, avec une touche de couleur naturelle qui dure toute la journ\u00e9e. C'est l'accessoire beaut\u00e9 parfait pour des l\u00e8vres toujours pr\u00eates \u00e0 briller.","og_url":"https:\/\/purecosmetics-shop.com\/accueil\/produit\/glaze-craze-tinted-lip-serum-parfums-au-choix\/","og_site_name":"Pure Cosmetics","article_modified_time":"2026-04-21T20:12:30+00:00","og_image":[{"width":2000,"height":2000,"url":"https:\/\/purecosmetics-shop.com\/wp-content\/uploads\/2025\/07\/LANEIGE-Glaze-Craze-Tinted-Lip-Serum1.jpg","type":"image\/jpeg"}],"twitter_card":"summary_large_image","twitter_misc":{"Dur\u00e9e de lecture estim\u00e9e":"1 minute"},"schema":{"@context":"https:\/\/schema.org","@graph":[{"@type":"WebPage","@id":"https:\/\/purecosmetics-shop.com\/accueil\/produit\/glaze-craze-tinted-lip-serum-parfums-au-choix\/","url":"https:\/\/purecosmetics-shop.com\/accueil\/produit\/glaze-craze-tinted-lip-serum-parfums-au-choix\/","name":"Glaze craze Tinted Lip serum - Parfums au choix - Pure Cosmetics","isPartOf":{"@id":"https:\/\/purecosmetics-shop.com\/accueil\/#website"},"primaryImageOfPage":{"@id":"https:\/\/purecosmetics-shop.com\/accueil\/produit\/glaze-craze-tinted-lip-serum-parfums-au-choix\/#primaryimage"},"image":{"@id":"https:\/\/purecosmetics-shop.com\/accueil\/produit\/glaze-craze-tinted-lip-serum-parfums-au-choix\/#primaryimage"},"thumbnailUrl":"https:\/\/purecosmetics-shop.com\/wp-content\/uploads\/2025\/07\/LANEIGE-Glaze-Craze-Tinted-Lip-Serum1.jpg","datePublished":"2025-07-22T17:48:28+00:00","dateModified":"2026-04-21T20:12:30+00:00","breadcrumb":{"@id":"https:\/\/purecosmetics-shop.com\/accueil\/produit\/glaze-craze-tinted-lip-serum-parfums-au-choix\/#breadcrumb"},"inLanguage":"fr-FR","potentialAction":[{"@type":"ReadAction","target":["https:\/\/purecosmetics-shop.com\/accueil\/produit\/glaze-craze-tinted-lip-serum-parfums-au-choix\/"]}]},{"@type":"ImageObject","inLanguage":"fr-FR","@id":"https:\/\/purecosmetics-shop.com\/accueil\/produit\/glaze-craze-tinted-lip-serum-parfums-au-choix\/#primaryimage","url":"https:\/\/purecosmetics-shop.com\/wp-content\/uploads\/2025\/07\/LANEIGE-Glaze-Craze-Tinted-Lip-Serum1.jpg","contentUrl":"https:\/\/purecosmetics-shop.com\/wp-content\/uploads\/2025\/07\/LANEIGE-Glaze-Craze-Tinted-Lip-Serum1.jpg","width":2000,"height":2000},{"@type":"BreadcrumbList","@id":"https:\/\/purecosmetics-shop.com\/accueil\/produit\/glaze-craze-tinted-lip-serum-parfums-au-choix\/#breadcrumb","itemListElement":[{"@type":"ListItem","position":1,"name":"Accueil","item":"https:\/\/purecosmetics-shop.com\/accueil\/"},{"@type":"ListItem","position":2,"name":"NOUVEAUT\u00c9S","item":"https:\/\/purecosmetics-shop.com\/accueil\/nouveautes\/"},{"@type":"ListItem","position":3,"name":"Glaze craze Tinted Lip serum &#8211; Parfums au choix"}]},{"@type":"WebSite","@id":"https:\/\/purecosmetics-shop.com\/accueil\/#website","url":"https:\/\/purecosmetics-shop.com\/accueil\/","name":"Pure Cosmetics","description":"Skincare cor\u00e9enne et japonais","publisher":{"@id":"https:\/\/purecosmetics-shop.com\/accueil\/#organization"},"potentialAction":[{"@type":"SearchAction","target":{"@type":"EntryPoint","urlTemplate":"https:\/\/purecosmetics-shop.com\/accueil\/?s={search_term_string}"},"query-input":{"@type":"PropertyValueSpecification","valueRequired":true,"valueName":"search_term_string"}}],"inLanguage":"fr-FR"},{"@type":"Organization","@id":"https:\/\/purecosmetics-shop.com\/accueil\/#organization","name":"Pure Cosmetics","url":"https:\/\/purecosmetics-shop.com\/accueil\/","logo":{"@type":"ImageObject","inLanguage":"fr-FR","@id":"https:\/\/purecosmetics-shop.com\/accueil\/#\/schema\/logo\/image\/","url":"https:\/\/purecosmetics-shop.com\/wp-content\/uploads\/2025\/04\/cropped-Pure-Cosmetics-black-2.png","contentUrl":"https:\/\/purecosmetics-shop.com\/wp-content\/uploads\/2025\/04\/cropped-Pure-Cosmetics-black-2.png","width":2362,"height":2324,"caption":"Pure Cosmetics"},"image":{"@id":"https:\/\/purecosmetics-shop.com\/accueil\/#\/schema\/logo\/image\/"}}]}},"jetpack_sharing_enabled":true,"_links":{"self":[{"href":"https:\/\/purecosmetics-shop.com\/accueil\/wp-json\/wp\/v2\/product\/3705","targetHints":{"allow":["GET"]}}],"collection":[{"href":"https:\/\/purecosmetics-shop.com\/accueil\/wp-json\/wp\/v2\/product"}],"about":[{"href":"https:\/\/purecosmetics-shop.com\/accueil\/wp-json\/wp\/v2\/types\/product"}],"replies":[{"embeddable":true,"href":"https:\/\/purecosmetics-shop.com\/accueil\/wp-json\/wp\/v2\/comments?post=3705"}],"version-history":[{"count":4,"href":"https:\/\/purecosmetics-shop.com\/accueil\/wp-json\/wp\/v2\/product\/3705\/revisions"}],"predecessor-version":[{"id":4383,"href":"https:\/\/purecosmetics-shop.com\/accueil\/wp-json\/wp\/v2\/product\/3705\/revisions\/4383"}],"wp:featuredmedia":[{"embeddable":true,"href":"https:\/\/purecosmetics-shop.com\/accueil\/wp-json\/wp\/v2\/media\/3723"}],"wp:attachment":[{"href":"https:\/\/purecosmetics-shop.com\/accueil\/wp-json\/wp\/v2\/media?parent=3705"}],"wp:term":[{"taxonomy":"product_brand","embeddable":true,"href":"https:\/\/purecosmetics-shop.com\/accueil\/wp-json\/wp\/v2\/product_brand?post=3705"},{"taxonomy":"product_cat","embeddable":true,"href":"https:\/\/purecosmetics-shop.com\/accueil\/wp-json\/wp\/v2\/product_cat?post=3705"},{"taxonomy":"product_tag","embeddable":true,"href":"https:\/\/purecosmetics-shop.com\/accueil\/wp-json\/wp\/v2\/product_tag?post=3705"}],"curies":[{"name":"wp","href":"https:\/\/api.w.org\/{rel}","templated":true}]}}